{"id":22057,"date":"2026-02-09T13:49:22","date_gmt":"2026-02-09T11:49:22","guid":{"rendered":"https:\/\/mekulo.com\/se\/produkt\/halkskyddad-telefonhallare-for-bilmatta\/"},"modified":"2026-03-02T12:24:53","modified_gmt":"2026-03-02T10:24:53","slug":"halkskyddad-telefonhallare-for-bilmatta","status":"publish","type":"product","link":"https:\/\/mekulo.com\/se\/produkt\/halkskyddad-telefonhallare-for-bilmatta\/","title":{"rendered":"Halkskyddad telefonh\u00e5llare f\u00f6r bilmatta"},"content":{"rendered":"<h2 style=\"text-align: center\" data-start=\"565\" data-end=\"630\"><strong>H\u00e5ll Dig S\u00e4ker Och Organiserad Med Denna Halkfria Bilh\u00e5llare!<\/strong><\/h2>\n<p data-start=\"632\" data-end=\"759\"><img decoding=\"async\" class=\"size-full wp-image-24307 aligncenter\" src=\"https:\/\/keluvo.com\/template\/wp-content\/uploads\/sites\/5\/2024\/10\/0618-ezgif.com-video-to-webp-converter.webp\" alt=\"\" \/><\/p>\n<h2 style=\"text-align: center\">\ud83c\udf1f Huvudf\u00f6rdelar<\/h2>\n<p data-start=\"1005\" data-end=\"1085\">\ud83d\udcf1 360\u00b0 roterande telefonh\u00e5llare &#8211; Justera f\u00f6r perfekta betraktningsvinklar n\u00e4r som helst.<\/p>\n<p data-start=\"1005\" data-end=\"1085\">\ud83d\ude98 Ingen installation beh\u00f6vs &#8211; Bara placera och k\u00f6r &#8211; inga magneter, inga sugkoppar.<\/p>\n<p data-start=\"1171\" data-end=\"1258\">\ud83d\udd22 Dold kontaktplatta &#8211; Visa eller d\u00f6lj ditt nummer med medf\u00f6ljande klisterm\u00e4rkesupps\u00e4ttningar.<\/p>\n<p data-start=\"1261\" data-end=\"1343\">\ud83c\udf43 Inbyggd aromaterapibox &#8211; Fr\u00e4scha upp din bil med din favoritdoft.<\/p>\n<p data-start=\"1346\" data-end=\"1426\">\ud83c\udf0c Glow-in-the-dark design &#8211; Absorberar ljus p\u00e5 dagen, lyser mjukt p\u00e5 natten.<\/p>\n<p data-start=\"1429\" data-end=\"1517\">\ud83d\udcaa H\u00e5llbart och s\u00e4kert material &#8211; Tillverkad av premium PVC, motst\u00e5r v\u00e4rme, olja och \u00e5ldrande.<\/p>\n<p data-start=\"1429\" data-end=\"1517\"><img decoding=\"async\" class=\"size-full wp-image-24309 aligncenter\" src=\"https:\/\/keluvo.com\/template\/wp-content\/uploads\/sites\/5\/2024\/10\/41098197-6f7f-4b7c-a175-06fb7bfcb01b.webp\" alt=\"\" \/><\/p>\n<h2 style=\"text-align: center\" data-start=\"1524\" data-end=\"1543\">\ud83d\udd27 Hur Man Anv\u00e4nder<\/h2>\n<ol data-start=\"1544\" data-end=\"1820\">\n<li data-start=\"1544\" data-end=\"1581\">\n<p data-start=\"1547\" data-end=\"1581\">Placera h\u00e5llaren p\u00e5 instrumentbr\u00e4dan.<\/p>\n<\/li>\n<li data-start=\"1582\" data-end=\"1642\">\n<p data-start=\"1585\" data-end=\"1642\">F\u00e4st din telefon i h\u00e5llaren &#8211; justera vinkeln efter behov.<\/p>\n<\/li>\n<li data-start=\"1643\" data-end=\"1710\">\n<p data-start=\"1646\" data-end=\"1710\">s\u00e4tt in dina kontaktuppgifter med hj\u00e4lp av de medf\u00f6ljande nummerklisterm\u00e4rkena.<\/p>\n<\/li>\n<li data-start=\"1711\" data-end=\"1769\">\n<p data-start=\"1714\" data-end=\"1769\">skjut in en aromaterapipinne i h\u00f6rnh\u00e5len.<\/p>\n<\/li>\n<li data-start=\"1770\" data-end=\"1820\">\n<p data-start=\"1773\" data-end=\"1820\">l\u00e5t den ladda med dagsljus f\u00f6r att lysa p\u00e5 natten.<\/p>\n<\/li>\n<\/ol>\n<h2 style=\"text-align: center\" data-start=\"1827\" data-end=\"1851\">\ud83d\udccf Produktdetaljer<\/h2>\n<ul data-start=\"1852\" data-end=\"2066\">\n<li data-start=\"1852\" data-end=\"1886\">\n<p data-start=\"1854\" data-end=\"1886\">Material: H\u00f6gkvalitativ PVC<\/p>\n<\/li>\n<li data-start=\"1887\" data-end=\"1925\">\n<p data-start=\"1889\" data-end=\"1925\">Storlek: 25 x 19 cm<\/p>\n<\/li>\n<li data-start=\"1953\" data-end=\"2030\">\n<p data-start=\"1955\" data-end=\"2030\">Funktioner: V\u00e4rmebest\u00e4ndig, k\u00f6ldt\u00e5lig, oljebest\u00e4ndig och luktfri<\/p>\n<\/li>\n<li data-start=\"2031\" data-end=\"2066\">\n<p data-start=\"2033\" data-end=\"2066\">Installation: Inget krav<\/p>\n<\/li>\n<\/ul>\n<h2 style=\"text-align: center\" data-start=\"2073\" data-end=\"2098\">\ud83d\udce6 Paketet Inneh\u00e5ller<\/h2>\n<ul data-start=\"2099\" data-end=\"2167\">\n<li data-start=\"2099\" data-end=\"2134\">\n<p data-start=\"2101\" data-end=\"2134\">1x halkskyddad telefonh\u00e5llare<\/p>\n<\/li>\n<li data-start=\"2135\" data-end=\"2167\">\n<p data-start=\"2137\" data-end=\"2167\">6x grupper av nummerklisterm\u00e4rken.<\/p>\n<\/li>\n<\/ul>\n","protected":false},"excerpt":{"rendered":"<p>Inga fler telefoner som glider, borttappad kontaktinformation eller st\u00f6kiga billukter &#8211; den h\u00e4r enkla l\u00f6sningen h\u00e5ller allt p\u00e5 plats och inom r\u00e4ckh\u00e5ll. Denna multifunktionella halkskyddade h\u00e5llare \u00e4r utformad f\u00f6r att h\u00e5lla din telefon s\u00e4kert, visa ditt kontaktnummer, tillf\u00f6ra en fr\u00e4sch doft och skapa ett coolt sken p\u00e5 natten &#8211; allt utan att beh\u00f6va n\u00e5gra installationsverktyg eller lim.<\/p>\n","protected":false},"featured_media":22053,"comment_status":"open","ping_status":"closed","template":"","meta":{"site-sidebar-layout":"default","site-content-layout":"","ast-site-content-layout":"default","site-content-style":"default","site-sidebar-style":"default","ast-global-header-display":"","ast-banner-title-visibility":"","ast-main-header-display":"","ast-hfb-above-header-display":"","ast-hfb-below-header-display":"","ast-hfb-mobile-header-display":"","site-post-title":"","ast-breadcrumbs-content":"","ast-featured-img":"","footer-sml-layout":"","theme-transparent-header-meta":"default","adv-header-id-meta":"","stick-header-meta":"","header-above-stick-meta":"","header-main-stick-meta":"","header-below-stick-meta":"","astra-migrate-meta-layouts":"set","ast-page-background-enabled":"default","ast-page-background-meta":{"desktop":{"background-color":"var(--ast-global-color-5)","background-image":"","background-repeat":"repeat","background-position":"center center","background-size":"auto","background-attachment":"scroll","background-type":"","background-media":"","overlay-type":"","overlay-color":"","overlay-opacity":"","overlay-gradient":""},"tablet":{"background-color":"","background-image":"","background-repeat":"repeat","background-position":"center center","background-size":"auto","background-attachment":"scroll","background-type":"","background-media":"","overlay-type":"","overlay-color":"","overlay-opacity":"","overlay-gradient":""},"mobile":{"background-color":"","background-image":"","background-repeat":"repeat","background-position":"center center","background-size":"auto","background-attachment":"scroll","background-type":"","background-media":"","overlay-type":"","overlay-color":"","overlay-opacity":"","overlay-gradient":""}},"ast-content-background-meta":{"desktop":{"background-color":"var(--ast-global-color-4)","background-image":"","background-repeat":"repeat","background-position":"center center","background-size":"auto","background-attachment":"scroll","background-type":"","background-media":"","overlay-type":"","overlay-color":"","overlay-opacity":"","overlay-gradient":""},"tablet":{"background-color":"var(--ast-global-color-4)","background-image":"","background-repeat":"repeat","background-position":"center center","background-size":"auto","background-attachment":"scroll","background-type":"","background-media":"","overlay-type":"","overlay-color":"","overlay-opacity":"","overlay-gradient":""},"mobile":{"background-color":"var(--ast-global-color-4)","background-image":"","background-repeat":"repeat","background-position":"center center","background-size":"auto","background-attachment":"scroll","background-type":"","background-media":"","overlay-type":"","overlay-color":"","overlay-opacity":"","overlay-gradient":""}}},"product_brand":[],"product_cat":[165],"product_tag":[],"class_list":{"0":"post-22057","1":"product","2":"type-product","3":"status-publish","4":"has-post-thumbnail","6":"product_cat-skor-accessoarer","7":"pa_14609_o2bwareq-bla","8":"pa_14609_o2bwareq-rod","9":"pa_14609_o2bwareq-vit","10":"desktop-align-left","11":"tablet-align-left","12":"mobile-align-left","14":"first","15":"instock","16":"shipping-taxable","17":"purchasable","18":"product-type-variable"},"yoast_head":"<!-- This site is optimized with the Yoast SEO plugin v26.6 - https:\/\/yoast.com\/wordpress\/plugins\/seo\/ -->\n<title>Halkskyddad telefonh\u00e5llare f\u00f6r bilmatta - Mekulo SE<\/title>\n<meta name=\"robots\" content=\"index, follow, max-snippet:-1, max-image-preview:large, max-video-preview:-1\" \/>\n<link rel=\"canonical\" href=\"https:\/\/mekulo.com\/se\/produkt\/halkskyddad-telefonhallare-for-bilmatta\/\" \/>\n<meta property=\"og:locale\" content=\"sv_SE\" \/>\n<meta property=\"og:type\" content=\"article\" \/>\n<meta property=\"og:title\" content=\"Halkskyddad telefonh\u00e5llare f\u00f6r bilmatta - Mekulo SE\" \/>\n<meta property=\"og:description\" content=\"Inga fler telefoner som glider, borttappad kontaktinformation eller st\u00f6kiga billukter - den h\u00e4r enkla l\u00f6sningen h\u00e5ller allt p\u00e5 plats och inom r\u00e4ckh\u00e5ll. Denna multifunktionella halkskyddade h\u00e5llare \u00e4r utformad f\u00f6r att h\u00e5lla din telefon s\u00e4kert, visa ditt kontaktnummer, tillf\u00f6ra en fr\u00e4sch doft och skapa ett coolt sken p\u00e5 natten - allt utan att beh\u00f6va n\u00e5gra installationsverktyg eller lim.\" \/>\n<meta property=\"og:url\" content=\"https:\/\/mekulo.com\/se\/produkt\/halkskyddad-telefonhallare-for-bilmatta\/\" \/>\n<meta property=\"og:site_name\" content=\"Mekulo SE\" \/>\n<meta property=\"article:modified_time\" content=\"2026-03-02T10:24:53+00:00\" \/>\n<meta property=\"og:image\" content=\"https:\/\/mekulo.com\/se\/wp-content\/uploads\/sites\/11\/2026\/02\/272qos6-1.png\" \/>\n\t<meta property=\"og:image:width\" content=\"800\" \/>\n\t<meta property=\"og:image:height\" content=\"800\" \/>\n\t<meta property=\"og:image:type\" content=\"image\/png\" \/>\n<meta name=\"twitter:card\" content=\"summary_large_image\" \/>\n<meta name=\"twitter:label1\" content=\"Ber\u00e4knad l\u00e4stid\" \/>\n\t<meta name=\"twitter:data1\" content=\"2 minuter\" \/>\n<script type=\"application\/ld+json\" class=\"yoast-schema-graph\">{\"@context\":\"https:\/\/schema.org\",\"@graph\":[{\"@type\":\"WebPage\",\"@id\":\"https:\/\/mekulo.com\/se\/produkt\/halkskyddad-telefonhallare-for-bilmatta\/\",\"url\":\"https:\/\/mekulo.com\/se\/produkt\/halkskyddad-telefonhallare-for-bilmatta\/\",\"name\":\"Halkskyddad telefonh\u00e5llare f\u00f6r bilmatta - Mekulo SE\",\"isPartOf\":{\"@id\":\"https:\/\/mekulo.com\/se\/#website\"},\"primaryImageOfPage\":{\"@id\":\"https:\/\/mekulo.com\/se\/produkt\/halkskyddad-telefonhallare-for-bilmatta\/#primaryimage\"},\"image\":{\"@id\":\"https:\/\/mekulo.com\/se\/produkt\/halkskyddad-telefonhallare-for-bilmatta\/#primaryimage\"},\"thumbnailUrl\":\"https:\/\/mekulo.com\/se\/wp-content\/uploads\/sites\/11\/2026\/02\/272qos6-1.png\",\"datePublished\":\"2026-02-09T11:49:22+00:00\",\"dateModified\":\"2026-03-02T10:24:53+00:00\",\"breadcrumb\":{\"@id\":\"https:\/\/mekulo.com\/se\/produkt\/halkskyddad-telefonhallare-for-bilmatta\/#breadcrumb\"},\"inLanguage\":\"sv-SE\",\"potentialAction\":[{\"@type\":\"ReadAction\",\"target\":[\"https:\/\/mekulo.com\/se\/produkt\/halkskyddad-telefonhallare-for-bilmatta\/\"]}]},{\"@type\":\"ImageObject\",\"inLanguage\":\"sv-SE\",\"@id\":\"https:\/\/mekulo.com\/se\/produkt\/halkskyddad-telefonhallare-for-bilmatta\/#primaryimage\",\"url\":\"https:\/\/mekulo.com\/se\/wp-content\/uploads\/sites\/11\/2026\/02\/272qos6-1.png\",\"contentUrl\":\"https:\/\/mekulo.com\/se\/wp-content\/uploads\/sites\/11\/2026\/02\/272qos6-1.png\",\"width\":800,\"height\":800},{\"@type\":\"BreadcrumbList\",\"@id\":\"https:\/\/mekulo.com\/se\/produkt\/halkskyddad-telefonhallare-for-bilmatta\/#breadcrumb\",\"itemListElement\":[{\"@type\":\"ListItem\",\"position\":1,\"name\":\"Home\",\"item\":\"https:\/\/mekulo.com\/se\/\"},{\"@type\":\"ListItem\",\"position\":2,\"name\":\"Butik\",\"item\":\"https:\/\/mekulo.com\/se\/butik\/\"},{\"@type\":\"ListItem\",\"position\":3,\"name\":\"Halkskyddad telefonh\u00e5llare f\u00f6r bilmatta\"}]},{\"@type\":\"WebSite\",\"@id\":\"https:\/\/mekulo.com\/se\/#website\",\"url\":\"https:\/\/mekulo.com\/se\/\",\"name\":\"Mekulo SE\",\"description\":\"\",\"publisher\":{\"@id\":\"https:\/\/mekulo.com\/se\/#organization\"},\"potentialAction\":[{\"@type\":\"SearchAction\",\"target\":{\"@type\":\"EntryPoint\",\"urlTemplate\":\"https:\/\/mekulo.com\/se\/?s={search_term_string}\"},\"query-input\":{\"@type\":\"PropertyValueSpecification\",\"valueRequired\":true,\"valueName\":\"search_term_string\"}}],\"inLanguage\":\"sv-SE\"},{\"@type\":\"Organization\",\"@id\":\"https:\/\/mekulo.com\/se\/#organization\",\"name\":\"Mekulo\",\"url\":\"https:\/\/mekulo.com\/se\/\",\"logo\":{\"@type\":\"ImageObject\",\"inLanguage\":\"sv-SE\",\"@id\":\"https:\/\/mekulo.com\/se\/#\/schema\/logo\/image\/\",\"url\":\"https:\/\/mekulo.com\/se\/wp-content\/uploads\/sites\/11\/2025\/12\/favicon_mekulo.png\",\"contentUrl\":\"https:\/\/mekulo.com\/se\/wp-content\/uploads\/sites\/11\/2025\/12\/favicon_mekulo.png\",\"width\":50,\"height\":50,\"caption\":\"Mekulo\"},\"image\":{\"@id\":\"https:\/\/mekulo.com\/se\/#\/schema\/logo\/image\/\"}}]}<\/script>\n<!-- \/ Yoast SEO plugin. -->","yoast_head_json":{"title":"Halkskyddad telefonh\u00e5llare f\u00f6r bilmatta - Mekulo SE","robots":{"index":"index","follow":"follow","max-snippet":"max-snippet:-1","max-image-preview":"max-image-preview:large","max-video-preview":"max-video-preview:-1"},"canonical":"https:\/\/mekulo.com\/se\/produkt\/halkskyddad-telefonhallare-for-bilmatta\/","og_locale":"sv_SE","og_type":"article","og_title":"Halkskyddad telefonh\u00e5llare f\u00f6r bilmatta - Mekulo SE","og_description":"Inga fler telefoner som glider, borttappad kontaktinformation eller st\u00f6kiga billukter - den h\u00e4r enkla l\u00f6sningen h\u00e5ller allt p\u00e5 plats och inom r\u00e4ckh\u00e5ll. Denna multifunktionella halkskyddade h\u00e5llare \u00e4r utformad f\u00f6r att h\u00e5lla din telefon s\u00e4kert, visa ditt kontaktnummer, tillf\u00f6ra en fr\u00e4sch doft och skapa ett coolt sken p\u00e5 natten - allt utan att beh\u00f6va n\u00e5gra installationsverktyg eller lim.","og_url":"https:\/\/mekulo.com\/se\/produkt\/halkskyddad-telefonhallare-for-bilmatta\/","og_site_name":"Mekulo SE","article_modified_time":"2026-03-02T10:24:53+00:00","og_image":[{"width":800,"height":800,"url":"https:\/\/mekulo.com\/se\/wp-content\/uploads\/sites\/11\/2026\/02\/272qos6-1.png","type":"image\/png"}],"twitter_card":"summary_large_image","twitter_misc":{"Ber\u00e4knad l\u00e4stid":"2 minuter"},"schema":{"@context":"https:\/\/schema.org","@graph":[{"@type":"WebPage","@id":"https:\/\/mekulo.com\/se\/produkt\/halkskyddad-telefonhallare-for-bilmatta\/","url":"https:\/\/mekulo.com\/se\/produkt\/halkskyddad-telefonhallare-for-bilmatta\/","name":"Halkskyddad telefonh\u00e5llare f\u00f6r bilmatta - Mekulo SE","isPartOf":{"@id":"https:\/\/mekulo.com\/se\/#website"},"primaryImageOfPage":{"@id":"https:\/\/mekulo.com\/se\/produkt\/halkskyddad-telefonhallare-for-bilmatta\/#primaryimage"},"image":{"@id":"https:\/\/mekulo.com\/se\/produkt\/halkskyddad-telefonhallare-for-bilmatta\/#primaryimage"},"thumbnailUrl":"https:\/\/mekulo.com\/se\/wp-content\/uploads\/sites\/11\/2026\/02\/272qos6-1.png","datePublished":"2026-02-09T11:49:22+00:00","dateModified":"2026-03-02T10:24:53+00:00","breadcrumb":{"@id":"https:\/\/mekulo.com\/se\/produkt\/halkskyddad-telefonhallare-for-bilmatta\/#breadcrumb"},"inLanguage":"sv-SE","potentialAction":[{"@type":"ReadAction","target":["https:\/\/mekulo.com\/se\/produkt\/halkskyddad-telefonhallare-for-bilmatta\/"]}]},{"@type":"ImageObject","inLanguage":"sv-SE","@id":"https:\/\/mekulo.com\/se\/produkt\/halkskyddad-telefonhallare-for-bilmatta\/#primaryimage","url":"https:\/\/mekulo.com\/se\/wp-content\/uploads\/sites\/11\/2026\/02\/272qos6-1.png","contentUrl":"https:\/\/mekulo.com\/se\/wp-content\/uploads\/sites\/11\/2026\/02\/272qos6-1.png","width":800,"height":800},{"@type":"BreadcrumbList","@id":"https:\/\/mekulo.com\/se\/produkt\/halkskyddad-telefonhallare-for-bilmatta\/#breadcrumb","itemListElement":[{"@type":"ListItem","position":1,"name":"Home","item":"https:\/\/mekulo.com\/se\/"},{"@type":"ListItem","position":2,"name":"Butik","item":"https:\/\/mekulo.com\/se\/butik\/"},{"@type":"ListItem","position":3,"name":"Halkskyddad telefonh\u00e5llare f\u00f6r bilmatta"}]},{"@type":"WebSite","@id":"https:\/\/mekulo.com\/se\/#website","url":"https:\/\/mekulo.com\/se\/","name":"Mekulo SE","description":"","publisher":{"@id":"https:\/\/mekulo.com\/se\/#organization"},"potentialAction":[{"@type":"SearchAction","target":{"@type":"EntryPoint","urlTemplate":"https:\/\/mekulo.com\/se\/?s={search_term_string}"},"query-input":{"@type":"PropertyValueSpecification","valueRequired":true,"valueName":"search_term_string"}}],"inLanguage":"sv-SE"},{"@type":"Organization","@id":"https:\/\/mekulo.com\/se\/#organization","name":"Mekulo","url":"https:\/\/mekulo.com\/se\/","logo":{"@type":"ImageObject","inLanguage":"sv-SE","@id":"https:\/\/mekulo.com\/se\/#\/schema\/logo\/image\/","url":"https:\/\/mekulo.com\/se\/wp-content\/uploads\/sites\/11\/2025\/12\/favicon_mekulo.png","contentUrl":"https:\/\/mekulo.com\/se\/wp-content\/uploads\/sites\/11\/2025\/12\/favicon_mekulo.png","width":50,"height":50,"caption":"Mekulo"},"image":{"@id":"https:\/\/mekulo.com\/se\/#\/schema\/logo\/image\/"}}]}},"_links":{"self":[{"href":"https:\/\/mekulo.com\/se\/wp-json\/wp\/v2\/product\/22057","targetHints":{"allow":["GET"]}}],"collection":[{"href":"https:\/\/mekulo.com\/se\/wp-json\/wp\/v2\/product"}],"about":[{"href":"https:\/\/mekulo.com\/se\/wp-json\/wp\/v2\/types\/product"}],"replies":[{"embeddable":true,"href":"https:\/\/mekulo.com\/se\/wp-json\/wp\/v2\/comments?post=22057"}],"wp:featuredmedia":[{"embeddable":true,"href":"https:\/\/mekulo.com\/se\/wp-json\/wp\/v2\/media\/22053"}],"wp:attachment":[{"href":"https:\/\/mekulo.com\/se\/wp-json\/wp\/v2\/media?parent=22057"}],"wp:term":[{"taxonomy":"product_brand","embeddable":true,"href":"https:\/\/mekulo.com\/se\/wp-json\/wp\/v2\/product_brand?post=22057"},{"taxonomy":"product_cat","embeddable":true,"href":"https:\/\/mekulo.com\/se\/wp-json\/wp\/v2\/product_cat?post=22057"},{"taxonomy":"product_tag","embeddable":true,"href":"https:\/\/mekulo.com\/se\/wp-json\/wp\/v2\/product_tag?post=22057"}],"curies":[{"name":"wp","href":"https:\/\/api.w.org\/{rel}","templated":true}]}}