{"id":21996,"date":"2026-02-09T13:41:29","date_gmt":"2026-02-09T11:41:29","guid":{"rendered":"https:\/\/mekulo.com\/se\/produkt\/stoldskyddad-vaska\/"},"modified":"2026-02-09T13:58:41","modified_gmt":"2026-02-09T11:58:41","slug":"stoldskyddad-vaska","status":"publish","type":"product","link":"https:\/\/mekulo.com\/se\/produkt\/stoldskyddad-vaska\/","title":{"rendered":"St\u00f6ldskyddad v\u00e4ska"},"content":{"rendered":"<div class=\"text-base my-auto mx-auto pb-10 [--thread-content-margin:--spacing(4)] @w-sm\/main:[--thread-content-margin:--spacing(6)] @w-lg\/main:[--thread-content-margin:--spacing(16)] px-(--thread-content-margin)\">\n<div class=\"[--thread-content-max-width:40rem] @w-lg\/main:[--thread-content-max-width:48rem] mx-auto max-w-(--thread-content-max-width) flex-1 group\/turn-messages focus-visible:outline-hidden relative flex w-full min-w-0 flex-col agent-turn\">\n<div class=\"flex max-w-full flex-col grow\">\n<div class=\"min-h-8 text-message relative flex w-full flex-col items-end gap-2 text-start break-words whitespace-normal [.text-message+&amp;]:mt-1\" dir=\"auto\" style=\"text-align: center\" data-message-author-role=\"assistant\" data-message-id=\"0973dd76-7102-40f6-96c0-2fdf2def0cf4\" data-message-model-slug=\"gpt-5-2\">\n<div class=\"flex w-full flex-col gap-1 empty:hidden first:pt-[1px]\">\n<div class=\"markdown prose dark:prose-invert w-full wrap-break-word light markdown-new-styling\">\n<h2 data-start=\"47\" data-end=\"225\"><strong>H\u00e5ll Dina V\u00e4rdesaker S\u00e4kra Vart Du \u00c4n G\u00e5r.<\/strong><\/h2>\n<h2 data-start=\"47\" data-end=\"225\"><\/h2>\n<p data-start=\"47\" data-end=\"225\"><img decoding=\"async\" class=\"size-medium wp-image-1211 aligncenter\" style=\"font-size: 1.7em;font-style: inherit;font-weight: bold\" src=\"https:\/\/keluvo.com\/template\/wp-content\/uploads\/sites\/5\/2024\/10\/0f8fb97c-24cf-43d4-8ec9-7f6116d38a44.png\" alt=\"\" \/><\/p>\n<\/div>\n<\/div>\n<\/div>\n<\/div>\n<\/div>\n<\/div>\n<h3 style=\"text-align: center\" data-start=\"232\" data-end=\"251\">\u2b50 Huvudf\u00f6rdelar<\/h3>\n<h2><\/h2>\n<ul style=\"text-align: center\" data-start=\"252\" data-end=\"635\">\n<li data-start=\"252\" data-end=\"335\">\n<p style=\"text-align: left\" data-start=\"254\" data-end=\"335\">\ud83d\udd12 <strong data-start=\"257\" data-end=\"278\">St\u00f6ldskyddsdesign<\/strong> \u2013 Dolda fickor och s\u00e4kra blixtl\u00e5s skyddar dina f\u00f6rem\u00e5l<\/p>\n<\/li>\n<li style=\"text-align: left\" data-start=\"336\" data-end=\"414\">\n<p data-start=\"338\" data-end=\"414\">\ud83c\udf92 <strong data-start=\"341\" data-end=\"361\">H\u00e5llbart Material<\/strong> \u2013 Tillverkad av h\u00f6gkvalitativ, slitstark polyester<\/p>\n<\/li>\n<li style=\"text-align: left\" data-start=\"415\" data-end=\"496\">\n<p data-start=\"417\" data-end=\"496\">\ud83e\uddf3 <strong data-start=\"420\" data-end=\"452\">Perfekt F\u00f6r Resor &amp; Daglig Anv\u00e4ndning<\/strong> \u2013 Perfekt f\u00f6r pendling, shopping eller resor<\/p>\n<\/li>\n<li style=\"text-align: left\" data-start=\"497\" data-end=\"558\">\n<p data-start=\"499\" data-end=\"558\">\ud83c\udfa8 <strong data-start=\"502\" data-end=\"524\">M\u00e5nga F\u00e4rgalternativ<\/strong> \u2013 L\u00e4tt att matcha med alla kl\u00e4der<\/p>\n<\/li>\n<li data-start=\"559\" data-end=\"635\">\n<p style=\"text-align: left\" data-start=\"561\" data-end=\"635\">\u2705 <strong data-start=\"563\" data-end=\"580\">Sinnesro<\/strong> \u2013 B\u00e4r din telefon, pl\u00e5nbok och nycklar med tillf\u00f6rsikt<\/p>\n<\/li>\n<\/ul>\n<p style=\"text-align: center\"><img decoding=\"async\" class=\"size-medium wp-image-1212 aligncenter\" src=\"https:\/\/keluvo.com\/template\/wp-content\/uploads\/sites\/5\/2024\/10\/5679e8ae-43ad-451c-8704-e2909bcb26ab.webp\" alt=\"\" \/><\/p>\n<h2 style=\"text-align: center\"><\/h2>\n<h2 style=\"text-align: center\">Bredt Utbud Av F\u00e4rgalternativ<\/h2>\n<p style=\"text-align: center\">V\u00e4lj mellan en m\u00e4ngd olika f\u00e4rger f\u00f6r att matcha din personliga stil. Denna m\u00e5ngsidiga v\u00e4ska \u00e4r perfekt f\u00f6r att samordna med alla garderober, s\u00e5 att du ser bra ut samtidigt som dina tillh\u00f6righeter \u00e4r s\u00e4kra.<\/p>\n<p style=\"text-align: center\"><img fetchpriority=\"high\" decoding=\"async\" class=\"alignnone size-full wp-image-48339\" src=\"https:\/\/keluvo.com\/template\/wp-content\/uploads\/sites\/5\/2024\/10\/e0198de0-5ca8-4abd-a0f9-a9a3a528de0e.png\" alt=\"\" width=\"950\" height=\"525\" \/><\/p>\n<h3 style=\"text-align: center\" data-start=\"1141\" data-end=\"1164\">\ud83d\udce6 Paketet Inneh\u00e5ller<\/h3>\n<p style=\"text-align: center\" data-start=\"1167\" data-end=\"1187\">1 \u00d7 St\u00f6ldskyddsv\u00e4ska<\/p>\n<p style=\"text-align: center\" data-start=\"1189\" data-end=\"1242\" data-is-last-node=\"\" data-is-only-node=\"\">En smart, s\u00e4ker v\u00e4ska som du kommer att vilja anv\u00e4nda varje dag. \ud83d\udc5c\u2728<\/p>\n<h2 data-start=\"1189\" data-end=\"1242\"><\/h2>\n","protected":false},"excerpt":{"rendered":"<p>Denna st\u00f6ldskyddade v\u00e4ska skyddar dina viktigaste saker med dolda fack och s\u00e4kra dragkedjor. Den \u00e4r perfekt f\u00f6r daglig anv\u00e4ndning, resor och ett hektiskt stadsliv d\u00e4r ficktjuvar \u00e4r ett problem.<\/p>\n","protected":false},"featured_media":21992,"comment_status":"open","ping_status":"closed","template":"","meta":{"site-sidebar-layout":"default","site-content-layout":"","ast-site-content-layout":"default","site-content-style":"default","site-sidebar-style":"default","ast-global-header-display":"","ast-banner-title-visibility":"","ast-main-header-display":"","ast-hfb-above-header-display":"","ast-hfb-below-header-display":"","ast-hfb-mobile-header-display":"","site-post-title":"","ast-breadcrumbs-content":"","ast-featured-img":"","footer-sml-layout":"","theme-transparent-header-meta":"default","adv-header-id-meta":"","stick-header-meta":"","header-above-stick-meta":"","header-main-stick-meta":"","header-below-stick-meta":"","astra-migrate-meta-layouts":"set","ast-page-background-enabled":"default","ast-page-background-meta":{"desktop":{"background-color":"var(--ast-global-color-5)","background-image":"","background-repeat":"repeat","background-position":"center center","background-size":"auto","background-attachment":"scroll","background-type":"","background-media":"","overlay-type":"","overlay-color":"","overlay-opacity":"","overlay-gradient":""},"tablet":{"background-color":"","background-image":"","background-repeat":"repeat","background-position":"center center","background-size":"auto","background-attachment":"scroll","background-type":"","background-media":"","overlay-type":"","overlay-color":"","overlay-opacity":"","overlay-gradient":""},"mobile":{"background-color":"","background-image":"","background-repeat":"repeat","background-position":"center center","background-size":"auto","background-attachment":"scroll","background-type":"","background-media":"","overlay-type":"","overlay-color":"","overlay-opacity":"","overlay-gradient":""}},"ast-content-background-meta":{"desktop":{"background-color":"var(--ast-global-color-4)","background-image":"","background-repeat":"repeat","background-position":"center center","background-size":"auto","background-attachment":"scroll","background-type":"","background-media":"","overlay-type":"","overlay-color":"","overlay-opacity":"","overlay-gradient":""},"tablet":{"background-color":"var(--ast-global-color-4)","background-image":"","background-repeat":"repeat","background-position":"center center","background-size":"auto","background-attachment":"scroll","background-type":"","background-media":"","overlay-type":"","overlay-color":"","overlay-opacity":"","overlay-gradient":""},"mobile":{"background-color":"var(--ast-global-color-4)","background-image":"","background-repeat":"repeat","background-position":"center center","background-size":"auto","background-attachment":"scroll","background-type":"","background-media":"","overlay-type":"","overlay-color":"","overlay-opacity":"","overlay-gradient":""}}},"product_brand":[],"product_cat":[164,165],"product_tag":[],"class_list":{"0":"post-21996","1":"product","2":"type-product","3":"status-publish","4":"has-post-thumbnail","6":"product_cat-klader-for-kvinnor","7":"product_cat-skor-accessoarer","8":"pa_14411_ocmts4v7-gra","9":"pa_14411_ocmts4v7-gron","10":"pa_14411_ocmts4v7-lila","11":"pa_14411_ocmts4v7-ljusbla","12":"pa_14411_ocmts4v7-ljusrosa-med-monster","13":"pa_14411_ocmts4v7-morkbla","14":"pa_14411_ocmts4v7-morkgron","15":"pa_14411_ocmts4v7-rod","16":"pa_14411_ocmts4v7-rod-med-monster","17":"pa_14411_ocmts4v7-rosa","18":"pa_14411_ocmts4v7-svart","19":"pa_14411_ocmts4v7-svart-med-monster","20":"desktop-align-left","21":"tablet-align-left","22":"mobile-align-left","24":"first","25":"instock","26":"shipping-taxable","27":"purchasable","28":"product-type-variable"},"yoast_head":"<!-- This site is optimized with the Yoast SEO plugin v26.6 - https:\/\/yoast.com\/wordpress\/plugins\/seo\/ -->\n<title>St\u00f6ldskyddad v\u00e4ska - Mekulo SE<\/title>\n<meta name=\"robots\" content=\"index, follow, max-snippet:-1, max-image-preview:large, max-video-preview:-1\" \/>\n<link rel=\"canonical\" href=\"https:\/\/mekulo.com\/se\/produkt\/stoldskyddad-vaska\/\" \/>\n<meta property=\"og:locale\" content=\"sv_SE\" \/>\n<meta property=\"og:type\" content=\"article\" \/>\n<meta property=\"og:title\" content=\"St\u00f6ldskyddad v\u00e4ska - Mekulo SE\" \/>\n<meta property=\"og:description\" content=\"Denna st\u00f6ldskyddade v\u00e4ska skyddar dina viktigaste saker med dolda fack och s\u00e4kra dragkedjor. Den \u00e4r perfekt f\u00f6r daglig anv\u00e4ndning, resor och ett hektiskt stadsliv d\u00e4r ficktjuvar \u00e4r ett problem.\" \/>\n<meta property=\"og:url\" content=\"https:\/\/mekulo.com\/se\/produkt\/stoldskyddad-vaska\/\" \/>\n<meta property=\"og:site_name\" content=\"Mekulo SE\" \/>\n<meta property=\"article:modified_time\" content=\"2026-02-09T11:58:41+00:00\" \/>\n<meta property=\"og:image\" content=\"https:\/\/mekulo.com\/se\/wp-content\/uploads\/sites\/11\/2026\/02\/xxve5px-1.webp\" \/>\n\t<meta property=\"og:image:width\" content=\"950\" \/>\n\t<meta property=\"og:image:height\" content=\"950\" \/>\n\t<meta property=\"og:image:type\" content=\"image\/webp\" \/>\n<meta name=\"twitter:card\" content=\"summary_large_image\" \/>\n<meta name=\"twitter:label1\" content=\"Ber\u00e4knad l\u00e4stid\" \/>\n\t<meta name=\"twitter:data1\" content=\"2 minuter\" \/>\n<script type=\"application\/ld+json\" class=\"yoast-schema-graph\">{\"@context\":\"https:\/\/schema.org\",\"@graph\":[{\"@type\":\"WebPage\",\"@id\":\"https:\/\/mekulo.com\/se\/produkt\/stoldskyddad-vaska\/\",\"url\":\"https:\/\/mekulo.com\/se\/produkt\/stoldskyddad-vaska\/\",\"name\":\"St\u00f6ldskyddad v\u00e4ska - Mekulo SE\",\"isPartOf\":{\"@id\":\"https:\/\/mekulo.com\/se\/#website\"},\"primaryImageOfPage\":{\"@id\":\"https:\/\/mekulo.com\/se\/produkt\/stoldskyddad-vaska\/#primaryimage\"},\"image\":{\"@id\":\"https:\/\/mekulo.com\/se\/produkt\/stoldskyddad-vaska\/#primaryimage\"},\"thumbnailUrl\":\"https:\/\/mekulo.com\/se\/wp-content\/uploads\/sites\/11\/2026\/02\/xxve5px-1.webp\",\"datePublished\":\"2026-02-09T11:41:29+00:00\",\"dateModified\":\"2026-02-09T11:58:41+00:00\",\"breadcrumb\":{\"@id\":\"https:\/\/mekulo.com\/se\/produkt\/stoldskyddad-vaska\/#breadcrumb\"},\"inLanguage\":\"sv-SE\",\"potentialAction\":[{\"@type\":\"ReadAction\",\"target\":[\"https:\/\/mekulo.com\/se\/produkt\/stoldskyddad-vaska\/\"]}]},{\"@type\":\"ImageObject\",\"inLanguage\":\"sv-SE\",\"@id\":\"https:\/\/mekulo.com\/se\/produkt\/stoldskyddad-vaska\/#primaryimage\",\"url\":\"https:\/\/mekulo.com\/se\/wp-content\/uploads\/sites\/11\/2026\/02\/xxve5px-1.webp\",\"contentUrl\":\"https:\/\/mekulo.com\/se\/wp-content\/uploads\/sites\/11\/2026\/02\/xxve5px-1.webp\",\"width\":950,\"height\":950},{\"@type\":\"BreadcrumbList\",\"@id\":\"https:\/\/mekulo.com\/se\/produkt\/stoldskyddad-vaska\/#breadcrumb\",\"itemListElement\":[{\"@type\":\"ListItem\",\"position\":1,\"name\":\"Home\",\"item\":\"https:\/\/mekulo.com\/se\/\"},{\"@type\":\"ListItem\",\"position\":2,\"name\":\"Butik\",\"item\":\"https:\/\/mekulo.com\/se\/butik\/\"},{\"@type\":\"ListItem\",\"position\":3,\"name\":\"St\u00f6ldskyddad v\u00e4ska\"}]},{\"@type\":\"WebSite\",\"@id\":\"https:\/\/mekulo.com\/se\/#website\",\"url\":\"https:\/\/mekulo.com\/se\/\",\"name\":\"Mekulo SE\",\"description\":\"\",\"publisher\":{\"@id\":\"https:\/\/mekulo.com\/se\/#organization\"},\"potentialAction\":[{\"@type\":\"SearchAction\",\"target\":{\"@type\":\"EntryPoint\",\"urlTemplate\":\"https:\/\/mekulo.com\/se\/?s={search_term_string}\"},\"query-input\":{\"@type\":\"PropertyValueSpecification\",\"valueRequired\":true,\"valueName\":\"search_term_string\"}}],\"inLanguage\":\"sv-SE\"},{\"@type\":\"Organization\",\"@id\":\"https:\/\/mekulo.com\/se\/#organization\",\"name\":\"Mekulo\",\"url\":\"https:\/\/mekulo.com\/se\/\",\"logo\":{\"@type\":\"ImageObject\",\"inLanguage\":\"sv-SE\",\"@id\":\"https:\/\/mekulo.com\/se\/#\/schema\/logo\/image\/\",\"url\":\"https:\/\/mekulo.com\/se\/wp-content\/uploads\/sites\/11\/2025\/12\/favicon_mekulo.png\",\"contentUrl\":\"https:\/\/mekulo.com\/se\/wp-content\/uploads\/sites\/11\/2025\/12\/favicon_mekulo.png\",\"width\":50,\"height\":50,\"caption\":\"Mekulo\"},\"image\":{\"@id\":\"https:\/\/mekulo.com\/se\/#\/schema\/logo\/image\/\"}}]}<\/script>\n<!-- \/ Yoast SEO plugin. -->","yoast_head_json":{"title":"St\u00f6ldskyddad v\u00e4ska - Mekulo SE","robots":{"index":"index","follow":"follow","max-snippet":"max-snippet:-1","max-image-preview":"max-image-preview:large","max-video-preview":"max-video-preview:-1"},"canonical":"https:\/\/mekulo.com\/se\/produkt\/stoldskyddad-vaska\/","og_locale":"sv_SE","og_type":"article","og_title":"St\u00f6ldskyddad v\u00e4ska - Mekulo SE","og_description":"Denna st\u00f6ldskyddade v\u00e4ska skyddar dina viktigaste saker med dolda fack och s\u00e4kra dragkedjor. Den \u00e4r perfekt f\u00f6r daglig anv\u00e4ndning, resor och ett hektiskt stadsliv d\u00e4r ficktjuvar \u00e4r ett problem.","og_url":"https:\/\/mekulo.com\/se\/produkt\/stoldskyddad-vaska\/","og_site_name":"Mekulo SE","article_modified_time":"2026-02-09T11:58:41+00:00","og_image":[{"width":950,"height":950,"url":"https:\/\/mekulo.com\/se\/wp-content\/uploads\/sites\/11\/2026\/02\/xxve5px-1.webp","type":"image\/webp"}],"twitter_card":"summary_large_image","twitter_misc":{"Ber\u00e4knad l\u00e4stid":"2 minuter"},"schema":{"@context":"https:\/\/schema.org","@graph":[{"@type":"WebPage","@id":"https:\/\/mekulo.com\/se\/produkt\/stoldskyddad-vaska\/","url":"https:\/\/mekulo.com\/se\/produkt\/stoldskyddad-vaska\/","name":"St\u00f6ldskyddad v\u00e4ska - Mekulo SE","isPartOf":{"@id":"https:\/\/mekulo.com\/se\/#website"},"primaryImageOfPage":{"@id":"https:\/\/mekulo.com\/se\/produkt\/stoldskyddad-vaska\/#primaryimage"},"image":{"@id":"https:\/\/mekulo.com\/se\/produkt\/stoldskyddad-vaska\/#primaryimage"},"thumbnailUrl":"https:\/\/mekulo.com\/se\/wp-content\/uploads\/sites\/11\/2026\/02\/xxve5px-1.webp","datePublished":"2026-02-09T11:41:29+00:00","dateModified":"2026-02-09T11:58:41+00:00","breadcrumb":{"@id":"https:\/\/mekulo.com\/se\/produkt\/stoldskyddad-vaska\/#breadcrumb"},"inLanguage":"sv-SE","potentialAction":[{"@type":"ReadAction","target":["https:\/\/mekulo.com\/se\/produkt\/stoldskyddad-vaska\/"]}]},{"@type":"ImageObject","inLanguage":"sv-SE","@id":"https:\/\/mekulo.com\/se\/produkt\/stoldskyddad-vaska\/#primaryimage","url":"https:\/\/mekulo.com\/se\/wp-content\/uploads\/sites\/11\/2026\/02\/xxve5px-1.webp","contentUrl":"https:\/\/mekulo.com\/se\/wp-content\/uploads\/sites\/11\/2026\/02\/xxve5px-1.webp","width":950,"height":950},{"@type":"BreadcrumbList","@id":"https:\/\/mekulo.com\/se\/produkt\/stoldskyddad-vaska\/#breadcrumb","itemListElement":[{"@type":"ListItem","position":1,"name":"Home","item":"https:\/\/mekulo.com\/se\/"},{"@type":"ListItem","position":2,"name":"Butik","item":"https:\/\/mekulo.com\/se\/butik\/"},{"@type":"ListItem","position":3,"name":"St\u00f6ldskyddad v\u00e4ska"}]},{"@type":"WebSite","@id":"https:\/\/mekulo.com\/se\/#website","url":"https:\/\/mekulo.com\/se\/","name":"Mekulo SE","description":"","publisher":{"@id":"https:\/\/mekulo.com\/se\/#organization"},"potentialAction":[{"@type":"SearchAction","target":{"@type":"EntryPoint","urlTemplate":"https:\/\/mekulo.com\/se\/?s={search_term_string}"},"query-input":{"@type":"PropertyValueSpecification","valueRequired":true,"valueName":"search_term_string"}}],"inLanguage":"sv-SE"},{"@type":"Organization","@id":"https:\/\/mekulo.com\/se\/#organization","name":"Mekulo","url":"https:\/\/mekulo.com\/se\/","logo":{"@type":"ImageObject","inLanguage":"sv-SE","@id":"https:\/\/mekulo.com\/se\/#\/schema\/logo\/image\/","url":"https:\/\/mekulo.com\/se\/wp-content\/uploads\/sites\/11\/2025\/12\/favicon_mekulo.png","contentUrl":"https:\/\/mekulo.com\/se\/wp-content\/uploads\/sites\/11\/2025\/12\/favicon_mekulo.png","width":50,"height":50,"caption":"Mekulo"},"image":{"@id":"https:\/\/mekulo.com\/se\/#\/schema\/logo\/image\/"}}]}},"_links":{"self":[{"href":"https:\/\/mekulo.com\/se\/wp-json\/wp\/v2\/product\/21996","targetHints":{"allow":["GET"]}}],"collection":[{"href":"https:\/\/mekulo.com\/se\/wp-json\/wp\/v2\/product"}],"about":[{"href":"https:\/\/mekulo.com\/se\/wp-json\/wp\/v2\/types\/product"}],"replies":[{"embeddable":true,"href":"https:\/\/mekulo.com\/se\/wp-json\/wp\/v2\/comments?post=21996"}],"wp:featuredmedia":[{"embeddable":true,"href":"https:\/\/mekulo.com\/se\/wp-json\/wp\/v2\/media\/21992"}],"wp:attachment":[{"href":"https:\/\/mekulo.com\/se\/wp-json\/wp\/v2\/media?parent=21996"}],"wp:term":[{"taxonomy":"product_brand","embeddable":true,"href":"https:\/\/mekulo.com\/se\/wp-json\/wp\/v2\/product_brand?post=21996"},{"taxonomy":"product_cat","embeddable":true,"href":"https:\/\/mekulo.com\/se\/wp-json\/wp\/v2\/product_cat?post=21996"},{"taxonomy":"product_tag","embeddable":true,"href":"https:\/\/mekulo.com\/se\/wp-json\/wp\/v2\/product_tag?post=21996"}],"curies":[{"name":"wp","href":"https:\/\/api.w.org\/{rel}","templated":true}]}}