{"id":21796,"date":"2026-02-05T18:22:00","date_gmt":"2026-02-05T16:22:00","guid":{"rendered":"https:\/\/mekulo.com\/se\/produkt\/360-graders-kranforstarkare-dusch\/"},"modified":"2026-02-05T18:22:13","modified_gmt":"2026-02-05T16:22:13","slug":"360-graders-kranforstarkare-dusch","status":"publish","type":"product","link":"https:\/\/mekulo.com\/se\/produkt\/360-graders-kranforstarkare-dusch\/","title":{"rendered":"360-graders kranf\u00f6rst\u00e4rkare dusch"},"content":{"rendered":"<p style=\"text-align: center\" data-start=\"0\" data-end=\"68\"><strong data-start=\"0\" data-end=\"68\">Uppgradera ditt handfat med ett kraftfullt, flexibelt vattenfl\u00f6de p\u00e5 n\u00e5gra sekunder. \ud83d\udca6<\/strong><\/p>\n<p data-start=\"0\" data-end=\"68\"><img fetchpriority=\"high\" decoding=\"async\" class=\" wp-image-23676 aligncenter\" src=\"https:\/\/mekulo.com\/template\/wp-content\/uploads\/sites\/6\/2026\/02\/8669b9379c33842b245dc5f96d9ac236331d5373.webp\" alt=\"\" width=\"800\" height=\"800\" \/><\/p>\n<h2 style=\"text-align: center\" data-start=\"388\" data-end=\"405\"><strong>Huvudf\u00f6rdelar \ud83d\udebf<\/strong><\/h2>\n<p data-start=\"408\" data-end=\"478\">\ud83d\udebf 3 vattenl\u00e4gen &#8211; dusch, puls och blandat l\u00e4ge med en knapp.<\/p>\n<p data-start=\"481\" data-end=\"539\">\ud83d\udd04 360\u00b0 roterbart huvud &#8211; n\u00e5 alla vinklar med l\u00e4tthet.<\/p>\n<p data-start=\"542\" data-end=\"604\">\ud83d\udca7 Vattenbesparande design &#8211; starkt fl\u00f6de med mindre st\u00e4nk.<\/p>\n<p data-start=\"607\" data-end=\"669\">\ud83e\uddfc L\u00e4tt att reng\u00f6ra &#8211; sl\u00e4t yta och enkelt underh\u00e5ll.<\/p>\n<p data-start=\"672\" data-end=\"737\">\ud83d\udd29 Slitstarka material &#8211; ABS-kropp med utlopp i rostfritt st\u00e5l.<\/p>\n<p data-start=\"672\" data-end=\"737\"><img decoding=\"async\" class=\" wp-image-23679 aligncenter\" src=\"https:\/\/mekulo.com\/template\/wp-content\/uploads\/sites\/6\/2026\/02\/Sdcfc69a10dd942ff9ea6821d17b55941I.jpg_960x960q75.jpg_.avif\" alt=\"\" width=\"801\" height=\"801\" \/><\/p>\n<h2 style=\"text-align: center\" data-start=\"739\" data-end=\"753\"><strong>Hur Man Anv\u00e4nder \ud83d\udccc<\/strong><\/h2>\n<ol data-start=\"754\" data-end=\"957\">\n<li data-start=\"754\" data-end=\"795\">\n<p data-start=\"757\" data-end=\"795\">Ta bort din befintliga kranluftare.<\/p>\n<\/li>\n<li data-start=\"796\" data-end=\"850\">\n<p data-start=\"799\" data-end=\"850\">Skruva fast kranf\u00f6rst\u00e4rkaren p\u00e5 kranen f\u00f6r hand.<\/p>\n<\/li>\n<li data-start=\"851\" data-end=\"904\">\n<p data-start=\"854\" data-end=\"904\">Justera vinkeln fritt med det roterande huvudet.<\/p>\n<\/li>\n<li data-start=\"905\" data-end=\"957\">\n<p data-start=\"908\" data-end=\"957\">Tryck p\u00e5 knappen f\u00f6r att v\u00e4xla mellan vattenl\u00e4gen.<\/p>\n<\/li>\n<\/ol>\n<h2 style=\"text-align: center\" data-start=\"959\" data-end=\"978\"><strong>Produktdetaljer \ud83d\udccf<\/strong><\/h2>\n<ul data-start=\"979\" data-end=\"1167\">\n<li data-start=\"979\" data-end=\"1025\">\n<p data-start=\"981\" data-end=\"1025\">Material: ABS + silikon + rostfritt st\u00e5l<\/p>\n<\/li>\n<li data-start=\"979\" data-end=\"1025\">\n<p data-start=\"981\" data-end=\"1025\">Storlekar: Kort: 8,5 x 5,3 cm, L\u00e5ng: 17 x 5,3 cm<\/p>\n<\/li>\n<li data-start=\"1109\" data-end=\"1139\">\n<p data-start=\"1111\" data-end=\"1139\">Rotation: Full 360 grader<\/p>\n<\/li>\n<li data-start=\"1140\" data-end=\"1167\">\n<p data-start=\"1142\" data-end=\"1167\">Installation: Verktygsfritt<\/p>\n<\/li>\n<\/ul>\n<h2 style=\"text-align: center\" data-start=\"1169\" data-end=\"1189\"><strong>Paketet Inneh\u00e5ller \ud83d\udce6<\/strong><\/h2>\n<ul data-start=\"1190\" data-end=\"1210\" data-is-last-node=\"\" data-is-only-node=\"\">\n<li data-start=\"1190\" data-end=\"1210\" data-is-last-node=\"\">\n<p data-start=\"1192\" data-end=\"1210\" data-is-last-node=\"\">1, 2x 360-graders kranf\u00f6rst\u00e4rkare dusch.<\/p>\n<\/li>\n<\/ul>\n","protected":false},"excerpt":{"rendered":"<p>\ud83e\uddd1\u200d\ud83d\udd27This 360-graders kranf\u00f6rst\u00e4rkningsdusch f\u00f6rvandlar alla vanliga kranar till ett m\u00e5ngsidigt reng\u00f6ringsverktyg med justerbart vattentryck och vinklar.<br \/>\n\ud83d\udca7Det hj\u00e4lper till att minska st\u00e4nk, spara vatten och g\u00f6r det mycket enklare att tv\u00e4tta disk, handfat och h\u00e4nder.<br \/>\n\ud83d\udd04\ufe0fThe roterande huvud hj\u00e4lper dig ocks\u00e5 att n\u00e5 h\u00f6rn som normalt \u00e4r sv\u00e5ra att reng\u00f6ra.<\/p>\n","protected":false},"featured_media":21792,"comment_status":"open","ping_status":"closed","template":"","meta":{"site-sidebar-layout":"default","site-content-layout":"","ast-site-content-layout":"default","site-content-style":"default","site-sidebar-style":"default","ast-global-header-display":"","ast-banner-title-visibility":"","ast-main-header-display":"","ast-hfb-above-header-display":"","ast-hfb-below-header-display":"","ast-hfb-mobile-header-display":"","site-post-title":"","ast-breadcrumbs-content":"","ast-featured-img":"","footer-sml-layout":"","theme-transparent-header-meta":"default","adv-header-id-meta":"","stick-header-meta":"","header-above-stick-meta":"","header-main-stick-meta":"","header-below-stick-meta":"","astra-migrate-meta-layouts":"set","ast-page-background-enabled":"default","ast-page-background-meta":{"desktop":{"background-color":"var(--ast-global-color-5)","background-image":"","background-repeat":"repeat","background-position":"center center","background-size":"auto","background-attachment":"scroll","background-type":"","background-media":"","overlay-type":"","overlay-color":"","overlay-opacity":"","overlay-gradient":""},"tablet":{"background-color":"","background-image":"","background-repeat":"repeat","background-position":"center center","background-size":"auto","background-attachment":"scroll","background-type":"","background-media":"","overlay-type":"","overlay-color":"","overlay-opacity":"","overlay-gradient":""},"mobile":{"background-color":"","background-image":"","background-repeat":"repeat","background-position":"center center","background-size":"auto","background-attachment":"scroll","background-type":"","background-media":"","overlay-type":"","overlay-color":"","overlay-opacity":"","overlay-gradient":""}},"ast-content-background-meta":{"desktop":{"background-color":"var(--ast-global-color-4)","background-image":"","background-repeat":"repeat","background-position":"center center","background-size":"auto","background-attachment":"scroll","background-type":"","background-media":"","overlay-type":"","overlay-color":"","overlay-opacity":"","overlay-gradient":""},"tablet":{"background-color":"var(--ast-global-color-4)","background-image":"","background-repeat":"repeat","background-position":"center center","background-size":"auto","background-attachment":"scroll","background-type":"","background-media":"","overlay-type":"","overlay-color":"","overlay-opacity":"","overlay-gradient":""},"mobile":{"background-color":"var(--ast-global-color-4)","background-image":"","background-repeat":"repeat","background-position":"center center","background-size":"auto","background-attachment":"scroll","background-type":"","background-media":"","overlay-type":"","overlay-color":"","overlay-opacity":"","overlay-gradient":""}}},"product_brand":[],"product_cat":[168],"product_tag":[],"class_list":{"0":"post-21796","1":"product","2":"type-product","3":"status-publish","4":"has-post-thumbnail","6":"product_cat-hushallsartiklar","7":"pa_55440_9czmjx3l-1-st","8":"pa_55440_9czmjx3l-2-st","9":"pa_55440_zfsy68p2-kort","10":"pa_55440_zfsy68p2-lang","11":"desktop-align-left","12":"tablet-align-left","13":"mobile-align-left","15":"first","16":"instock","17":"shipping-taxable","18":"purchasable","19":"product-type-variable","20":"has-default-attributes"},"yoast_head":"<!-- This site is optimized with the Yoast SEO plugin v26.6 - https:\/\/yoast.com\/wordpress\/plugins\/seo\/ -->\n<title>360-graders kranf\u00f6rst\u00e4rkare dusch - Mekulo SE<\/title>\n<meta name=\"robots\" content=\"index, follow, max-snippet:-1, max-image-preview:large, max-video-preview:-1\" \/>\n<link rel=\"canonical\" href=\"https:\/\/mekulo.com\/se\/produkt\/360-graders-kranforstarkare-dusch\/\" \/>\n<meta property=\"og:locale\" content=\"sv_SE\" \/>\n<meta property=\"og:type\" content=\"article\" \/>\n<meta property=\"og:title\" content=\"360-graders kranf\u00f6rst\u00e4rkare dusch - Mekulo SE\" \/>\n<meta property=\"og:description\" content=\"\ud83e\uddd1\u200d\ud83d\udd27This 360-graders kranf\u00f6rst\u00e4rkningsdusch f\u00f6rvandlar alla vanliga kranar till ett m\u00e5ngsidigt reng\u00f6ringsverktyg med justerbart vattentryck och vinklar. \ud83d\udca7Det hj\u00e4lper till att minska st\u00e4nk, spara vatten och g\u00f6r det mycket enklare att tv\u00e4tta disk, handfat och h\u00e4nder. \ud83d\udd04\ufe0fThe roterande huvud hj\u00e4lper dig ocks\u00e5 att n\u00e5 h\u00f6rn som normalt \u00e4r sv\u00e5ra att reng\u00f6ra.\" \/>\n<meta property=\"og:url\" content=\"https:\/\/mekulo.com\/se\/produkt\/360-graders-kranforstarkare-dusch\/\" \/>\n<meta property=\"og:site_name\" content=\"Mekulo SE\" \/>\n<meta property=\"article:modified_time\" content=\"2026-02-05T16:22:13+00:00\" \/>\n<meta property=\"og:image\" content=\"https:\/\/mekulo.com\/se\/wp-content\/uploads\/sites\/11\/2026\/02\/9xxvo54-1.jpg\" \/>\n\t<meta property=\"og:image:width\" content=\"1080\" \/>\n\t<meta property=\"og:image:height\" content=\"1080\" \/>\n\t<meta property=\"og:image:type\" content=\"image\/jpeg\" \/>\n<meta name=\"twitter:card\" content=\"summary_large_image\" \/>\n<meta name=\"twitter:label1\" content=\"Ber\u00e4knad l\u00e4stid\" \/>\n\t<meta name=\"twitter:data1\" content=\"2 minuter\" \/>\n<script type=\"application\/ld+json\" class=\"yoast-schema-graph\">{\"@context\":\"https:\/\/schema.org\",\"@graph\":[{\"@type\":\"WebPage\",\"@id\":\"https:\/\/mekulo.com\/se\/produkt\/360-graders-kranforstarkare-dusch\/\",\"url\":\"https:\/\/mekulo.com\/se\/produkt\/360-graders-kranforstarkare-dusch\/\",\"name\":\"360-graders kranf\u00f6rst\u00e4rkare dusch - Mekulo SE\",\"isPartOf\":{\"@id\":\"https:\/\/mekulo.com\/se\/#website\"},\"primaryImageOfPage\":{\"@id\":\"https:\/\/mekulo.com\/se\/produkt\/360-graders-kranforstarkare-dusch\/#primaryimage\"},\"image\":{\"@id\":\"https:\/\/mekulo.com\/se\/produkt\/360-graders-kranforstarkare-dusch\/#primaryimage\"},\"thumbnailUrl\":\"https:\/\/mekulo.com\/se\/wp-content\/uploads\/sites\/11\/2026\/02\/9xxvo54-1.jpg\",\"datePublished\":\"2026-02-05T16:22:00+00:00\",\"dateModified\":\"2026-02-05T16:22:13+00:00\",\"breadcrumb\":{\"@id\":\"https:\/\/mekulo.com\/se\/produkt\/360-graders-kranforstarkare-dusch\/#breadcrumb\"},\"inLanguage\":\"sv-SE\",\"potentialAction\":[{\"@type\":\"ReadAction\",\"target\":[\"https:\/\/mekulo.com\/se\/produkt\/360-graders-kranforstarkare-dusch\/\"]}]},{\"@type\":\"ImageObject\",\"inLanguage\":\"sv-SE\",\"@id\":\"https:\/\/mekulo.com\/se\/produkt\/360-graders-kranforstarkare-dusch\/#primaryimage\",\"url\":\"https:\/\/mekulo.com\/se\/wp-content\/uploads\/sites\/11\/2026\/02\/9xxvo54-1.jpg\",\"contentUrl\":\"https:\/\/mekulo.com\/se\/wp-content\/uploads\/sites\/11\/2026\/02\/9xxvo54-1.jpg\",\"width\":1080,\"height\":1080},{\"@type\":\"BreadcrumbList\",\"@id\":\"https:\/\/mekulo.com\/se\/produkt\/360-graders-kranforstarkare-dusch\/#breadcrumb\",\"itemListElement\":[{\"@type\":\"ListItem\",\"position\":1,\"name\":\"Home\",\"item\":\"https:\/\/mekulo.com\/se\/\"},{\"@type\":\"ListItem\",\"position\":2,\"name\":\"Butik\",\"item\":\"https:\/\/mekulo.com\/se\/butik\/\"},{\"@type\":\"ListItem\",\"position\":3,\"name\":\"360-graders kranf\u00f6rst\u00e4rkare dusch\"}]},{\"@type\":\"WebSite\",\"@id\":\"https:\/\/mekulo.com\/se\/#website\",\"url\":\"https:\/\/mekulo.com\/se\/\",\"name\":\"Mekulo SE\",\"description\":\"\",\"publisher\":{\"@id\":\"https:\/\/mekulo.com\/se\/#organization\"},\"potentialAction\":[{\"@type\":\"SearchAction\",\"target\":{\"@type\":\"EntryPoint\",\"urlTemplate\":\"https:\/\/mekulo.com\/se\/?s={search_term_string}\"},\"query-input\":{\"@type\":\"PropertyValueSpecification\",\"valueRequired\":true,\"valueName\":\"search_term_string\"}}],\"inLanguage\":\"sv-SE\"},{\"@type\":\"Organization\",\"@id\":\"https:\/\/mekulo.com\/se\/#organization\",\"name\":\"Mekulo\",\"url\":\"https:\/\/mekulo.com\/se\/\",\"logo\":{\"@type\":\"ImageObject\",\"inLanguage\":\"sv-SE\",\"@id\":\"https:\/\/mekulo.com\/se\/#\/schema\/logo\/image\/\",\"url\":\"https:\/\/mekulo.com\/se\/wp-content\/uploads\/sites\/11\/2025\/12\/favicon_mekulo.png\",\"contentUrl\":\"https:\/\/mekulo.com\/se\/wp-content\/uploads\/sites\/11\/2025\/12\/favicon_mekulo.png\",\"width\":50,\"height\":50,\"caption\":\"Mekulo\"},\"image\":{\"@id\":\"https:\/\/mekulo.com\/se\/#\/schema\/logo\/image\/\"}}]}<\/script>\n<!-- \/ Yoast SEO plugin. -->","yoast_head_json":{"title":"360-graders kranf\u00f6rst\u00e4rkare dusch - Mekulo SE","robots":{"index":"index","follow":"follow","max-snippet":"max-snippet:-1","max-image-preview":"max-image-preview:large","max-video-preview":"max-video-preview:-1"},"canonical":"https:\/\/mekulo.com\/se\/produkt\/360-graders-kranforstarkare-dusch\/","og_locale":"sv_SE","og_type":"article","og_title":"360-graders kranf\u00f6rst\u00e4rkare dusch - Mekulo SE","og_description":"\ud83e\uddd1\u200d\ud83d\udd27This 360-graders kranf\u00f6rst\u00e4rkningsdusch f\u00f6rvandlar alla vanliga kranar till ett m\u00e5ngsidigt reng\u00f6ringsverktyg med justerbart vattentryck och vinklar. \ud83d\udca7Det hj\u00e4lper till att minska st\u00e4nk, spara vatten och g\u00f6r det mycket enklare att tv\u00e4tta disk, handfat och h\u00e4nder. \ud83d\udd04\ufe0fThe roterande huvud hj\u00e4lper dig ocks\u00e5 att n\u00e5 h\u00f6rn som normalt \u00e4r sv\u00e5ra att reng\u00f6ra.","og_url":"https:\/\/mekulo.com\/se\/produkt\/360-graders-kranforstarkare-dusch\/","og_site_name":"Mekulo SE","article_modified_time":"2026-02-05T16:22:13+00:00","og_image":[{"width":1080,"height":1080,"url":"https:\/\/mekulo.com\/se\/wp-content\/uploads\/sites\/11\/2026\/02\/9xxvo54-1.jpg","type":"image\/jpeg"}],"twitter_card":"summary_large_image","twitter_misc":{"Ber\u00e4knad l\u00e4stid":"2 minuter"},"schema":{"@context":"https:\/\/schema.org","@graph":[{"@type":"WebPage","@id":"https:\/\/mekulo.com\/se\/produkt\/360-graders-kranforstarkare-dusch\/","url":"https:\/\/mekulo.com\/se\/produkt\/360-graders-kranforstarkare-dusch\/","name":"360-graders kranf\u00f6rst\u00e4rkare dusch - Mekulo SE","isPartOf":{"@id":"https:\/\/mekulo.com\/se\/#website"},"primaryImageOfPage":{"@id":"https:\/\/mekulo.com\/se\/produkt\/360-graders-kranforstarkare-dusch\/#primaryimage"},"image":{"@id":"https:\/\/mekulo.com\/se\/produkt\/360-graders-kranforstarkare-dusch\/#primaryimage"},"thumbnailUrl":"https:\/\/mekulo.com\/se\/wp-content\/uploads\/sites\/11\/2026\/02\/9xxvo54-1.jpg","datePublished":"2026-02-05T16:22:00+00:00","dateModified":"2026-02-05T16:22:13+00:00","breadcrumb":{"@id":"https:\/\/mekulo.com\/se\/produkt\/360-graders-kranforstarkare-dusch\/#breadcrumb"},"inLanguage":"sv-SE","potentialAction":[{"@type":"ReadAction","target":["https:\/\/mekulo.com\/se\/produkt\/360-graders-kranforstarkare-dusch\/"]}]},{"@type":"ImageObject","inLanguage":"sv-SE","@id":"https:\/\/mekulo.com\/se\/produkt\/360-graders-kranforstarkare-dusch\/#primaryimage","url":"https:\/\/mekulo.com\/se\/wp-content\/uploads\/sites\/11\/2026\/02\/9xxvo54-1.jpg","contentUrl":"https:\/\/mekulo.com\/se\/wp-content\/uploads\/sites\/11\/2026\/02\/9xxvo54-1.jpg","width":1080,"height":1080},{"@type":"BreadcrumbList","@id":"https:\/\/mekulo.com\/se\/produkt\/360-graders-kranforstarkare-dusch\/#breadcrumb","itemListElement":[{"@type":"ListItem","position":1,"name":"Home","item":"https:\/\/mekulo.com\/se\/"},{"@type":"ListItem","position":2,"name":"Butik","item":"https:\/\/mekulo.com\/se\/butik\/"},{"@type":"ListItem","position":3,"name":"360-graders kranf\u00f6rst\u00e4rkare dusch"}]},{"@type":"WebSite","@id":"https:\/\/mekulo.com\/se\/#website","url":"https:\/\/mekulo.com\/se\/","name":"Mekulo SE","description":"","publisher":{"@id":"https:\/\/mekulo.com\/se\/#organization"},"potentialAction":[{"@type":"SearchAction","target":{"@type":"EntryPoint","urlTemplate":"https:\/\/mekulo.com\/se\/?s={search_term_string}"},"query-input":{"@type":"PropertyValueSpecification","valueRequired":true,"valueName":"search_term_string"}}],"inLanguage":"sv-SE"},{"@type":"Organization","@id":"https:\/\/mekulo.com\/se\/#organization","name":"Mekulo","url":"https:\/\/mekulo.com\/se\/","logo":{"@type":"ImageObject","inLanguage":"sv-SE","@id":"https:\/\/mekulo.com\/se\/#\/schema\/logo\/image\/","url":"https:\/\/mekulo.com\/se\/wp-content\/uploads\/sites\/11\/2025\/12\/favicon_mekulo.png","contentUrl":"https:\/\/mekulo.com\/se\/wp-content\/uploads\/sites\/11\/2025\/12\/favicon_mekulo.png","width":50,"height":50,"caption":"Mekulo"},"image":{"@id":"https:\/\/mekulo.com\/se\/#\/schema\/logo\/image\/"}}]}},"_links":{"self":[{"href":"https:\/\/mekulo.com\/se\/wp-json\/wp\/v2\/product\/21796","targetHints":{"allow":["GET"]}}],"collection":[{"href":"https:\/\/mekulo.com\/se\/wp-json\/wp\/v2\/product"}],"about":[{"href":"https:\/\/mekulo.com\/se\/wp-json\/wp\/v2\/types\/product"}],"replies":[{"embeddable":true,"href":"https:\/\/mekulo.com\/se\/wp-json\/wp\/v2\/comments?post=21796"}],"wp:featuredmedia":[{"embeddable":true,"href":"https:\/\/mekulo.com\/se\/wp-json\/wp\/v2\/media\/21792"}],"wp:attachment":[{"href":"https:\/\/mekulo.com\/se\/wp-json\/wp\/v2\/media?parent=21796"}],"wp:term":[{"taxonomy":"product_brand","embeddable":true,"href":"https:\/\/mekulo.com\/se\/wp-json\/wp\/v2\/product_brand?post=21796"},{"taxonomy":"product_cat","embeddable":true,"href":"https:\/\/mekulo.com\/se\/wp-json\/wp\/v2\/product_cat?post=21796"},{"taxonomy":"product_tag","embeddable":true,"href":"https:\/\/mekulo.com\/se\/wp-json\/wp\/v2\/product_tag?post=21796"}],"curies":[{"name":"wp","href":"https:\/\/api.w.org\/{rel}","templated":true}]}}