{"id":21781,"date":"2026-02-05T18:09:17","date_gmt":"2026-02-05T16:09:17","guid":{"rendered":"https:\/\/mekulo.com\/se\/produkt\/justerbar-hylsnyckel\/"},"modified":"2026-02-05T18:09:24","modified_gmt":"2026-02-05T16:09:24","slug":"justerbar-hylsnyckel","status":"publish","type":"product","link":"https:\/\/mekulo.com\/se\/produkt\/justerbar-hylsnyckel\/","title":{"rendered":"Justerbar hylsnyckel"},"content":{"rendered":"<div class=\"flex max-w-full flex-col grow\">\n<div class=\"min-h-8 text-message relative flex w-full flex-col items-end gap-2 text-start break-words whitespace-normal [.text-message+&amp;]:mt-1\" dir=\"auto\" data-message-author-role=\"assistant\" data-message-id=\"ca65ede8-0c00-4cb9-9c36-fe63eb7c966b\" data-message-model-slug=\"gpt-5-2\">\n<div class=\"flex w-full flex-col gap-1 empty:hidden first:pt-[1px]\">\n<div class=\"markdown prose dark:prose-invert w-full wrap-break-word light markdown-new-styling\">\n<p style=\"text-align: center\" data-start=\"0\" data-end=\"41\"><strong data-start=\"0\" data-end=\"41\">Fixa N\u00e4stan Alla Bultar Med Ett Enda Verktyg. \ud83d\udd29<\/strong><\/p>\n<p data-start=\"0\" data-end=\"41\"><img decoding=\"async\" class=\"size-full wp-image-23535 aligncenter\" src=\"https:\/\/mekulo.com\/template\/wp-content\/uploads\/sites\/6\/2026\/02\/88e918d9665fc85c543555dd7b68359090683824-700.avif\" alt=\"\" \/><\/p>\n<h2 style=\"text-align: center\" data-start=\"520\" data-end=\"537\"><strong>Huvudf\u00f6rdelar \ud83d\udd27<\/strong><\/h2>\n<p data-start=\"540\" data-end=\"616\">\ud83d\udd27 Universell passform &#8211; Anpassar sig automatiskt till olika storlekar och former.<\/p>\n<p data-start=\"619\" data-end=\"697\">\ud83d\udcaa Starkt grepp &#8211; Hanterar standard 3\/8&#8243;-3\/4&#8243; och metriska 10-19 mm f\u00e4stelement.<\/p>\n<p data-start=\"700\" data-end=\"777\">\ud83d\udee0\ufe0f Kraftigt material &#8211; Tillverkat av kromvanadiumst\u00e5l med h\u00f6g h\u00e5rdhet.<\/p>\n<p data-start=\"780\" data-end=\"843\">\u2699\ufe0f St\u00f6d f\u00f6r h\u00f6gt vridmoment &#8211; Fungerar med f\u00e4stelement upp till 430 Nm.<\/p>\n<p data-start=\"846\" data-end=\"917\">\ud83c\udfe0 Bred anv\u00e4ndning &#8211; Perfekt f\u00f6r hemreparationer, bilarbete och konstruktion.<\/p>\n<p data-start=\"846\" data-end=\"917\"><img fetchpriority=\"high\" decoding=\"async\" class=\"size-full wp-image-23532 aligncenter\" src=\"https:\/\/mekulo.com\/template\/wp-content\/uploads\/sites\/6\/2026\/02\/2b93a2f3414a3f3430a85bdcc6e0c1b9338aa996-700.jpg\" alt=\"\" width=\"1080\" height=\"1080\" \/><\/p>\n<h2 style=\"text-align: center\" data-start=\"919\" data-end=\"933\"><strong>Hur Man Anv\u00e4nder \ud83d\udccc<\/strong><\/h2>\n<ol data-start=\"934\" data-end=\"1147\">\n<li data-start=\"934\" data-end=\"993\">\n<p data-start=\"937\" data-end=\"993\">F\u00e4st den magiska hylsan p\u00e5 en skiftnyckel eller elektrisk borr.<\/p>\n<\/li>\n<li data-start=\"994\" data-end=\"1037\">\n<p data-start=\"997\" data-end=\"1037\">Placera uttaget \u00f6ver muttern eller bulten.<\/p>\n<\/li>\n<li data-start=\"1038\" data-end=\"1088\">\n<p data-start=\"1041\" data-end=\"1088\">Applicera tryck och vrid f\u00f6r att dra \u00e5t eller lossa.<\/p>\n<\/li>\n<li data-start=\"1089\" data-end=\"1147\">\n<p data-start=\"1092\" data-end=\"1147\">Uttaget justeras automatiskt till f\u00e4stelementets form.<\/p>\n<\/li>\n<\/ol>\n<h2 style=\"text-align: center\" data-start=\"1149\" data-end=\"1168\"><strong>Produktdetaljer \ud83d\udccf<\/strong><\/h2>\n<ul data-start=\"1169\" data-end=\"1388\">\n<li data-start=\"1222\" data-end=\"1257\">\n<p data-start=\"1224\" data-end=\"1257\">Material: Kromvanadinst\u00e5l<\/p>\n<\/li>\n<li data-start=\"1258\" data-end=\"1275\">\n<p data-start=\"1260\" data-end=\"1275\">F\u00e4rg: Silver<\/p>\n<\/li>\n<li data-start=\"1276\" data-end=\"1305\">\n<p data-start=\"1278\" data-end=\"1305\">Hylsans storlek: 53,8 x 37 mm<\/p>\n<\/li>\n<li data-start=\"1306\" data-end=\"1343\">\n<p data-start=\"1308\" data-end=\"1343\">Kopplingsst\u00e5ngens storlek: 65 x 9,35 mm<\/p>\n<\/li>\n<li data-start=\"1344\" data-end=\"1388\">\n<p data-start=\"1346\" data-end=\"1388\">Kompatibla storlekar: 10-19 mm<\/p>\n<\/li>\n<\/ul>\n<h2 style=\"text-align: center\" data-start=\"1390\" data-end=\"1410\"><strong>Paketet Inneh\u00e5ller \ud83d\udce6<\/strong><\/h2>\n<ul data-start=\"1411\" data-end=\"1497\" data-is-last-node=\"\" data-is-only-node=\"\">\n<li data-start=\"1411\" data-end=\"1440\">\n<p data-start=\"1413\" data-end=\"1440\">Option A: 1x hylsa eller<\/p>\n<\/li>\n<li data-start=\"1441\" data-end=\"1461\">\n<p data-start=\"1443\" data-end=\"1461\">Option B: 1x hylsa och 1x borr.<\/p>\n<\/li>\n<\/ul>\n<\/div>\n<\/div>\n<\/div>\n<\/div>\n","protected":false},"excerpt":{"rendered":"<p>\ud83d\udd29Den h\u00e4r universella hylsnyckeln anpassar sig till olika storlekar n\u00e4r du trycker p\u00e5 den, s\u00e5 att du kan hantera m\u00e5nga uppgifter med ett enda verktyg.<br \/>\n\u2699\ufe0fMade av starkt kromvanadiumst\u00e5l \u00e4r den byggd f\u00f6r h\u00e5llbarhet och tillf\u00f6rlitlig prestanda vid tung anv\u00e4ndning.<br \/>\n\ud83e\uddd1\u200d\ud83d\udd27It greppar muttrar, bultar och f\u00e4stelement s\u00e4kert, vilket g\u00f6r reparationer snabbare och enklare hemma eller p\u00e5 jobbet.<\/p>\n","protected":false},"featured_media":21777,"comment_status":"open","ping_status":"closed","template":"","meta":{"site-sidebar-layout":"default","site-content-layout":"","ast-site-content-layout":"default","site-content-style":"default","site-sidebar-style":"default","ast-global-header-display":"","ast-banner-title-visibility":"","ast-main-header-display":"","ast-hfb-above-header-display":"","ast-hfb-below-header-display":"","ast-hfb-mobile-header-display":"","site-post-title":"","ast-breadcrumbs-content":"","ast-featured-img":"","footer-sml-layout":"","theme-transparent-header-meta":"default","adv-header-id-meta":"","stick-header-meta":"","header-above-stick-meta":"","header-main-stick-meta":"","header-below-stick-meta":"","astra-migrate-meta-layouts":"set","ast-page-background-enabled":"default","ast-page-background-meta":{"desktop":{"background-color":"var(--ast-global-color-5)","background-image":"","background-repeat":"repeat","background-position":"center center","background-size":"auto","background-attachment":"scroll","background-type":"","background-media":"","overlay-type":"","overlay-color":"","overlay-opacity":"","overlay-gradient":""},"tablet":{"background-color":"","background-image":"","background-repeat":"repeat","background-position":"center center","background-size":"auto","background-attachment":"scroll","background-type":"","background-media":"","overlay-type":"","overlay-color":"","overlay-opacity":"","overlay-gradient":""},"mobile":{"background-color":"","background-image":"","background-repeat":"repeat","background-position":"center center","background-size":"auto","background-attachment":"scroll","background-type":"","background-media":"","overlay-type":"","overlay-color":"","overlay-opacity":"","overlay-gradient":""}},"ast-content-background-meta":{"desktop":{"background-color":"var(--ast-global-color-4)","background-image":"","background-repeat":"repeat","background-position":"center center","background-size":"auto","background-attachment":"scroll","background-type":"","background-media":"","overlay-type":"","overlay-color":"","overlay-opacity":"","overlay-gradient":""},"tablet":{"background-color":"var(--ast-global-color-4)","background-image":"","background-repeat":"repeat","background-position":"center center","background-size":"auto","background-attachment":"scroll","background-type":"","background-media":"","overlay-type":"","overlay-color":"","overlay-opacity":"","overlay-gradient":""},"mobile":{"background-color":"var(--ast-global-color-4)","background-image":"","background-repeat":"repeat","background-position":"center center","background-size":"auto","background-attachment":"scroll","background-type":"","background-media":"","overlay-type":"","overlay-color":"","overlay-opacity":"","overlay-gradient":""}}},"product_brand":[],"product_cat":[171],"product_tag":[],"class_list":{"0":"post-21781","1":"product","2":"type-product","3":"status-publish","4":"has-post-thumbnail","6":"product_cat-verktyg","7":"pa_54285_g7re02w5-a","8":"pa_54285_g7re02w5-b","9":"desktop-align-left","10":"tablet-align-left","11":"mobile-align-left","13":"first","14":"instock","15":"shipping-taxable","16":"purchasable","17":"product-type-variable"},"yoast_head":"<!-- This site is optimized with the Yoast SEO plugin v26.6 - https:\/\/yoast.com\/wordpress\/plugins\/seo\/ -->\n<title>Justerbar hylsnyckel - Mekulo SE<\/title>\n<meta name=\"robots\" content=\"index, follow, max-snippet:-1, max-image-preview:large, max-video-preview:-1\" \/>\n<link rel=\"canonical\" href=\"https:\/\/mekulo.com\/se\/produkt\/justerbar-hylsnyckel\/\" \/>\n<meta property=\"og:locale\" content=\"sv_SE\" \/>\n<meta property=\"og:type\" content=\"article\" \/>\n<meta property=\"og:title\" content=\"Justerbar hylsnyckel - Mekulo SE\" \/>\n<meta property=\"og:description\" content=\"\ud83d\udd29Den h\u00e4r universella hylsnyckeln anpassar sig till olika storlekar n\u00e4r du trycker p\u00e5 den, s\u00e5 att du kan hantera m\u00e5nga uppgifter med ett enda verktyg. \u2699\ufe0fMade av starkt kromvanadiumst\u00e5l \u00e4r den byggd f\u00f6r h\u00e5llbarhet och tillf\u00f6rlitlig prestanda vid tung anv\u00e4ndning. \ud83e\uddd1\u200d\ud83d\udd27It greppar muttrar, bultar och f\u00e4stelement s\u00e4kert, vilket g\u00f6r reparationer snabbare och enklare hemma eller p\u00e5 jobbet.\" \/>\n<meta property=\"og:url\" content=\"https:\/\/mekulo.com\/se\/produkt\/justerbar-hylsnyckel\/\" \/>\n<meta property=\"og:site_name\" content=\"Mekulo SE\" \/>\n<meta property=\"article:modified_time\" content=\"2026-02-05T16:09:24+00:00\" \/>\n<meta property=\"og:image\" content=\"https:\/\/mekulo.com\/se\/wp-content\/uploads\/sites\/11\/2026\/02\/1wtic5v-1.jpg\" \/>\n\t<meta property=\"og:image:width\" content=\"1080\" \/>\n\t<meta property=\"og:image:height\" content=\"1080\" \/>\n\t<meta property=\"og:image:type\" content=\"image\/jpeg\" \/>\n<meta name=\"twitter:card\" content=\"summary_large_image\" \/>\n<meta name=\"twitter:label1\" content=\"Ber\u00e4knad l\u00e4stid\" \/>\n\t<meta name=\"twitter:data1\" content=\"2 minuter\" \/>\n<script type=\"application\/ld+json\" class=\"yoast-schema-graph\">{\"@context\":\"https:\/\/schema.org\",\"@graph\":[{\"@type\":\"WebPage\",\"@id\":\"https:\/\/mekulo.com\/se\/produkt\/justerbar-hylsnyckel\/\",\"url\":\"https:\/\/mekulo.com\/se\/produkt\/justerbar-hylsnyckel\/\",\"name\":\"Justerbar hylsnyckel - Mekulo SE\",\"isPartOf\":{\"@id\":\"https:\/\/mekulo.com\/se\/#website\"},\"primaryImageOfPage\":{\"@id\":\"https:\/\/mekulo.com\/se\/produkt\/justerbar-hylsnyckel\/#primaryimage\"},\"image\":{\"@id\":\"https:\/\/mekulo.com\/se\/produkt\/justerbar-hylsnyckel\/#primaryimage\"},\"thumbnailUrl\":\"https:\/\/mekulo.com\/se\/wp-content\/uploads\/sites\/11\/2026\/02\/1wtic5v-1.jpg\",\"datePublished\":\"2026-02-05T16:09:17+00:00\",\"dateModified\":\"2026-02-05T16:09:24+00:00\",\"breadcrumb\":{\"@id\":\"https:\/\/mekulo.com\/se\/produkt\/justerbar-hylsnyckel\/#breadcrumb\"},\"inLanguage\":\"sv-SE\",\"potentialAction\":[{\"@type\":\"ReadAction\",\"target\":[\"https:\/\/mekulo.com\/se\/produkt\/justerbar-hylsnyckel\/\"]}]},{\"@type\":\"ImageObject\",\"inLanguage\":\"sv-SE\",\"@id\":\"https:\/\/mekulo.com\/se\/produkt\/justerbar-hylsnyckel\/#primaryimage\",\"url\":\"https:\/\/mekulo.com\/se\/wp-content\/uploads\/sites\/11\/2026\/02\/1wtic5v-1.jpg\",\"contentUrl\":\"https:\/\/mekulo.com\/se\/wp-content\/uploads\/sites\/11\/2026\/02\/1wtic5v-1.jpg\",\"width\":1080,\"height\":1080},{\"@type\":\"BreadcrumbList\",\"@id\":\"https:\/\/mekulo.com\/se\/produkt\/justerbar-hylsnyckel\/#breadcrumb\",\"itemListElement\":[{\"@type\":\"ListItem\",\"position\":1,\"name\":\"Home\",\"item\":\"https:\/\/mekulo.com\/se\/\"},{\"@type\":\"ListItem\",\"position\":2,\"name\":\"Butik\",\"item\":\"https:\/\/mekulo.com\/se\/butik\/\"},{\"@type\":\"ListItem\",\"position\":3,\"name\":\"Justerbar hylsnyckel\"}]},{\"@type\":\"WebSite\",\"@id\":\"https:\/\/mekulo.com\/se\/#website\",\"url\":\"https:\/\/mekulo.com\/se\/\",\"name\":\"Mekulo SE\",\"description\":\"\",\"publisher\":{\"@id\":\"https:\/\/mekulo.com\/se\/#organization\"},\"potentialAction\":[{\"@type\":\"SearchAction\",\"target\":{\"@type\":\"EntryPoint\",\"urlTemplate\":\"https:\/\/mekulo.com\/se\/?s={search_term_string}\"},\"query-input\":{\"@type\":\"PropertyValueSpecification\",\"valueRequired\":true,\"valueName\":\"search_term_string\"}}],\"inLanguage\":\"sv-SE\"},{\"@type\":\"Organization\",\"@id\":\"https:\/\/mekulo.com\/se\/#organization\",\"name\":\"Mekulo\",\"url\":\"https:\/\/mekulo.com\/se\/\",\"logo\":{\"@type\":\"ImageObject\",\"inLanguage\":\"sv-SE\",\"@id\":\"https:\/\/mekulo.com\/se\/#\/schema\/logo\/image\/\",\"url\":\"https:\/\/mekulo.com\/se\/wp-content\/uploads\/sites\/11\/2025\/12\/favicon_mekulo.png\",\"contentUrl\":\"https:\/\/mekulo.com\/se\/wp-content\/uploads\/sites\/11\/2025\/12\/favicon_mekulo.png\",\"width\":50,\"height\":50,\"caption\":\"Mekulo\"},\"image\":{\"@id\":\"https:\/\/mekulo.com\/se\/#\/schema\/logo\/image\/\"}}]}<\/script>\n<!-- \/ Yoast SEO plugin. -->","yoast_head_json":{"title":"Justerbar hylsnyckel - Mekulo SE","robots":{"index":"index","follow":"follow","max-snippet":"max-snippet:-1","max-image-preview":"max-image-preview:large","max-video-preview":"max-video-preview:-1"},"canonical":"https:\/\/mekulo.com\/se\/produkt\/justerbar-hylsnyckel\/","og_locale":"sv_SE","og_type":"article","og_title":"Justerbar hylsnyckel - Mekulo SE","og_description":"\ud83d\udd29Den h\u00e4r universella hylsnyckeln anpassar sig till olika storlekar n\u00e4r du trycker p\u00e5 den, s\u00e5 att du kan hantera m\u00e5nga uppgifter med ett enda verktyg. \u2699\ufe0fMade av starkt kromvanadiumst\u00e5l \u00e4r den byggd f\u00f6r h\u00e5llbarhet och tillf\u00f6rlitlig prestanda vid tung anv\u00e4ndning. \ud83e\uddd1\u200d\ud83d\udd27It greppar muttrar, bultar och f\u00e4stelement s\u00e4kert, vilket g\u00f6r reparationer snabbare och enklare hemma eller p\u00e5 jobbet.","og_url":"https:\/\/mekulo.com\/se\/produkt\/justerbar-hylsnyckel\/","og_site_name":"Mekulo SE","article_modified_time":"2026-02-05T16:09:24+00:00","og_image":[{"width":1080,"height":1080,"url":"https:\/\/mekulo.com\/se\/wp-content\/uploads\/sites\/11\/2026\/02\/1wtic5v-1.jpg","type":"image\/jpeg"}],"twitter_card":"summary_large_image","twitter_misc":{"Ber\u00e4knad l\u00e4stid":"2 minuter"},"schema":{"@context":"https:\/\/schema.org","@graph":[{"@type":"WebPage","@id":"https:\/\/mekulo.com\/se\/produkt\/justerbar-hylsnyckel\/","url":"https:\/\/mekulo.com\/se\/produkt\/justerbar-hylsnyckel\/","name":"Justerbar hylsnyckel - Mekulo SE","isPartOf":{"@id":"https:\/\/mekulo.com\/se\/#website"},"primaryImageOfPage":{"@id":"https:\/\/mekulo.com\/se\/produkt\/justerbar-hylsnyckel\/#primaryimage"},"image":{"@id":"https:\/\/mekulo.com\/se\/produkt\/justerbar-hylsnyckel\/#primaryimage"},"thumbnailUrl":"https:\/\/mekulo.com\/se\/wp-content\/uploads\/sites\/11\/2026\/02\/1wtic5v-1.jpg","datePublished":"2026-02-05T16:09:17+00:00","dateModified":"2026-02-05T16:09:24+00:00","breadcrumb":{"@id":"https:\/\/mekulo.com\/se\/produkt\/justerbar-hylsnyckel\/#breadcrumb"},"inLanguage":"sv-SE","potentialAction":[{"@type":"ReadAction","target":["https:\/\/mekulo.com\/se\/produkt\/justerbar-hylsnyckel\/"]}]},{"@type":"ImageObject","inLanguage":"sv-SE","@id":"https:\/\/mekulo.com\/se\/produkt\/justerbar-hylsnyckel\/#primaryimage","url":"https:\/\/mekulo.com\/se\/wp-content\/uploads\/sites\/11\/2026\/02\/1wtic5v-1.jpg","contentUrl":"https:\/\/mekulo.com\/se\/wp-content\/uploads\/sites\/11\/2026\/02\/1wtic5v-1.jpg","width":1080,"height":1080},{"@type":"BreadcrumbList","@id":"https:\/\/mekulo.com\/se\/produkt\/justerbar-hylsnyckel\/#breadcrumb","itemListElement":[{"@type":"ListItem","position":1,"name":"Home","item":"https:\/\/mekulo.com\/se\/"},{"@type":"ListItem","position":2,"name":"Butik","item":"https:\/\/mekulo.com\/se\/butik\/"},{"@type":"ListItem","position":3,"name":"Justerbar hylsnyckel"}]},{"@type":"WebSite","@id":"https:\/\/mekulo.com\/se\/#website","url":"https:\/\/mekulo.com\/se\/","name":"Mekulo SE","description":"","publisher":{"@id":"https:\/\/mekulo.com\/se\/#organization"},"potentialAction":[{"@type":"SearchAction","target":{"@type":"EntryPoint","urlTemplate":"https:\/\/mekulo.com\/se\/?s={search_term_string}"},"query-input":{"@type":"PropertyValueSpecification","valueRequired":true,"valueName":"search_term_string"}}],"inLanguage":"sv-SE"},{"@type":"Organization","@id":"https:\/\/mekulo.com\/se\/#organization","name":"Mekulo","url":"https:\/\/mekulo.com\/se\/","logo":{"@type":"ImageObject","inLanguage":"sv-SE","@id":"https:\/\/mekulo.com\/se\/#\/schema\/logo\/image\/","url":"https:\/\/mekulo.com\/se\/wp-content\/uploads\/sites\/11\/2025\/12\/favicon_mekulo.png","contentUrl":"https:\/\/mekulo.com\/se\/wp-content\/uploads\/sites\/11\/2025\/12\/favicon_mekulo.png","width":50,"height":50,"caption":"Mekulo"},"image":{"@id":"https:\/\/mekulo.com\/se\/#\/schema\/logo\/image\/"}}]}},"_links":{"self":[{"href":"https:\/\/mekulo.com\/se\/wp-json\/wp\/v2\/product\/21781","targetHints":{"allow":["GET"]}}],"collection":[{"href":"https:\/\/mekulo.com\/se\/wp-json\/wp\/v2\/product"}],"about":[{"href":"https:\/\/mekulo.com\/se\/wp-json\/wp\/v2\/types\/product"}],"replies":[{"embeddable":true,"href":"https:\/\/mekulo.com\/se\/wp-json\/wp\/v2\/comments?post=21781"}],"wp:featuredmedia":[{"embeddable":true,"href":"https:\/\/mekulo.com\/se\/wp-json\/wp\/v2\/media\/21777"}],"wp:attachment":[{"href":"https:\/\/mekulo.com\/se\/wp-json\/wp\/v2\/media?parent=21781"}],"wp:term":[{"taxonomy":"product_brand","embeddable":true,"href":"https:\/\/mekulo.com\/se\/wp-json\/wp\/v2\/product_brand?post=21781"},{"taxonomy":"product_cat","embeddable":true,"href":"https:\/\/mekulo.com\/se\/wp-json\/wp\/v2\/product_cat?post=21781"},{"taxonomy":"product_tag","embeddable":true,"href":"https:\/\/mekulo.com\/se\/wp-json\/wp\/v2\/product_tag?post=21781"}],"curies":[{"name":"wp","href":"https:\/\/api.w.org\/{rel}","templated":true}]}}