{"id":21763,"date":"2026-02-05T17:25:44","date_gmt":"2026-02-05T15:25:44","guid":{"rendered":"https:\/\/mekulo.com\/se\/produkt\/snabbkopplingar-for-slangar\/"},"modified":"2026-02-05T17:27:08","modified_gmt":"2026-02-05T15:27:08","slug":"snabbkopplingar-for-slangar","status":"publish","type":"product","link":"https:\/\/mekulo.com\/se\/produkt\/snabbkopplingar-for-slangar\/","title":{"rendered":"Snabbkopplingar f\u00f6r slangar"},"content":{"rendered":"<p style=\"text-align: center;\" data-start=\"0\" data-end=\"84\"><strong data-start=\"0\" data-end=\"84\">Anslut och koppla bort din tr\u00e4dg\u00e5rdsslang p\u00e5 n\u00e5gra sekunder med en stark, l\u00e4ckagefri passform. \ud83e\uddd1\u200d\ud83c\udf3e<\/strong><\/p>\n<p data-start=\"0\" data-end=\"84\"><img fetchpriority=\"high\" decoding=\"async\" class=\"size-full wp-image-23661 aligncenter\" src=\"https:\/\/mekulo.com\/template\/wp-content\/uploads\/sites\/6\/2026\/02\/260efc92e34f842b9cf2de4a92df480e967377ec-800.jpg\" alt=\"\" width=\"1072\" height=\"855\" \/><\/p>\n<h2 style=\"text-align: center;\" data-start=\"350\" data-end=\"367\"><strong>Huvudsakliga f\u00f6rdelar \ud83d\udd29<\/strong><\/h2>\n<p data-start=\"370\" data-end=\"437\">\ud83d\udd29 Rostfri st\u00e5lkonstruktion &#8211; Rostfri och korrosionsbest\u00e4ndig.<\/p>\n<p data-start=\"440\" data-end=\"502\">\ud83d\udca7 L\u00e4ckagefri t\u00e4tning &#8211; Precisions-O-ring f\u00f6rhindrar vattenf\u00f6rlust.<\/p>\n<p data-start=\"505\" data-end=\"569\">\u26a1 Snabbkopplingsdesign &#8211; Tryck f\u00f6r att ansluta, dra f\u00f6r att lossa.<\/p>\n<p data-start=\"572\" data-end=\"639\">\ud83d\udd0c Universell 1,9 cm GHT-passform &#8211; Fungerar med de flesta slangar och kranar.<\/p>\n<p data-start=\"642\" data-end=\"711\">\ud83d\udcaa H\u00f6gtrycksklassad &#8211; Klarar upp till 200 PSI arbetstryck.<\/p>\n<p data-start=\"642\" data-end=\"711\"><img decoding=\"async\" class=\"size-full wp-image-23656 aligncenter\" src=\"https:\/\/mekulo.com\/template\/wp-content\/uploads\/sites\/6\/2026\/02\/2-5.jpeg\" alt=\"\" width=\"1600\" height=\"1600\" \/><\/p>\n<h2 style=\"text-align: center;\" data-start=\"713\" data-end=\"727\"><strong>Hur Man Anv\u00e4nder \ud83d\udccc<\/strong><\/h2>\n<ol data-start=\"728\" data-end=\"921\">\n<li data-start=\"728\" data-end=\"769\">\n<p data-start=\"731\" data-end=\"769\">F\u00e4st en koppling p\u00e5 slang\u00e4nden.<\/p>\n<\/li>\n<li data-start=\"770\" data-end=\"827\">\n<p data-start=\"773\" data-end=\"827\">F\u00e4st den matchande kopplingen p\u00e5 kranen eller munstycket.<\/p>\n<\/li>\n<li data-start=\"828\" data-end=\"879\">\n<p data-start=\"831\" data-end=\"879\">Tryck ihop kopplingarna tills de klickar.<\/p>\n<\/li>\n<li data-start=\"880\" data-end=\"921\">\n<p data-start=\"883\" data-end=\"921\">Dra tillbaka f\u00f6r att koppla loss vid behov.<\/p>\n<\/li>\n<\/ol>\n<h2 style=\"text-align: center;\" data-start=\"923\" data-end=\"942\"><strong>Produktdetaljer \ud83d\udccf<\/strong><\/h2>\n<ul data-start=\"943\" data-end=\"1184\">\n<li data-start=\"943\" data-end=\"972\">\n<p data-start=\"945\" data-end=\"972\">Material: Rostfritt st\u00e5l<\/p>\n<\/li>\n<li data-start=\"973\" data-end=\"1006\">\n<p data-start=\"975\" data-end=\"1006\">Anslutningstyp: 1,9 cm GHT<\/p>\n<\/li>\n<li data-start=\"1007\" data-end=\"1042\">\n<p data-start=\"1009\" data-end=\"1042\">Arbetstryck: Upp till 200 PSI<\/p>\n<\/li>\n<li data-start=\"1043\" data-end=\"1076\">\n<p data-start=\"1045\" data-end=\"1076\">Bursttryck: Upp till 600 PSI<\/p>\n<\/li>\n<li data-start=\"1077\" data-end=\"1164\">\n<p data-start=\"1079\" data-end=\"1094\">Storlekar: <span style=\"font-size: 16px;\">3,8 x 2,5 cm, <\/span><span style=\"font-size: 16px;\">3,2 x 3 cm\u00a0<\/span><\/p>\n<\/li>\n<\/ul>\n<h2 style=\"text-align: center;\" data-start=\"1186\" data-end=\"1206\"><strong>Paketet Inneh\u00e5ller \ud83d\udce6<\/strong><\/h2>\n<ul data-start=\"1207\" data-end=\"1263\" data-is-last-node=\"\" data-is-only-node=\"\">\n<li data-start=\"1207\" data-end=\"1263\" data-is-last-node=\"\">\n<p data-start=\"1209\" data-end=\"1263\" data-is-last-node=\"\">1, 2, 3x par snabbkopplade slangkopplingar.<\/p>\n<\/li>\n<\/ul>\n","protected":false},"excerpt":{"rendered":"<p>\ud83d\udd29De h\u00e4r snabbkopplade slangkopplingarna i rostfritt st\u00e5l g\u00f6r bevattningen snabbare och enklare genom att l\u00e5ta dig s\u00e4tta p\u00e5 och st\u00e4nga av slangar, munstycken och sprutor direkt.<br \/>\n\ud83c\udfe1De \u00e4r byggda f\u00f6r att hantera h\u00f6gt tryck utan l\u00e4ckage, vilket sparar tid, vatten och anstr\u00e4ngning under alla utomhusuppgifter.<br \/>\n\ud83d\udc69\u200d\ud83c\udf3ePerfect f\u00f6r b\u00e5de hemtr\u00e4dg\u00e5rdar och professionella installationer, de hj\u00e4lper till att h\u00e5lla ditt arbetsfl\u00f6de smidigt och frustrationsfritt.<\/p>\n","protected":false},"featured_media":21759,"comment_status":"open","ping_status":"closed","template":"","meta":{"site-sidebar-layout":"default","site-content-layout":"","ast-site-content-layout":"default","site-content-style":"default","site-sidebar-style":"default","ast-global-header-display":"","ast-banner-title-visibility":"","ast-main-header-display":"","ast-hfb-above-header-display":"","ast-hfb-below-header-display":"","ast-hfb-mobile-header-display":"","site-post-title":"","ast-breadcrumbs-content":"","ast-featured-img":"","footer-sml-layout":"","theme-transparent-header-meta":"default","adv-header-id-meta":"","stick-header-meta":"","header-above-stick-meta":"","header-main-stick-meta":"","header-below-stick-meta":"","astra-migrate-meta-layouts":"set","ast-page-background-enabled":"default","ast-page-background-meta":{"desktop":{"background-color":"var(--ast-global-color-5)","background-image":"","background-repeat":"repeat","background-position":"center center","background-size":"auto","background-attachment":"scroll","background-type":"","background-media":"","overlay-type":"","overlay-color":"","overlay-opacity":"","overlay-gradient":""},"tablet":{"background-color":"","background-image":"","background-repeat":"repeat","background-position":"center center","background-size":"auto","background-attachment":"scroll","background-type":"","background-media":"","overlay-type":"","overlay-color":"","overlay-opacity":"","overlay-gradient":""},"mobile":{"background-color":"","background-image":"","background-repeat":"repeat","background-position":"center center","background-size":"auto","background-attachment":"scroll","background-type":"","background-media":"","overlay-type":"","overlay-color":"","overlay-opacity":"","overlay-gradient":""}},"ast-content-background-meta":{"desktop":{"background-color":"var(--ast-global-color-4)","background-image":"","background-repeat":"repeat","background-position":"center center","background-size":"auto","background-attachment":"scroll","background-type":"","background-media":"","overlay-type":"","overlay-color":"","overlay-opacity":"","overlay-gradient":""},"tablet":{"background-color":"var(--ast-global-color-4)","background-image":"","background-repeat":"repeat","background-position":"center center","background-size":"auto","background-attachment":"scroll","background-type":"","background-media":"","overlay-type":"","overlay-color":"","overlay-opacity":"","overlay-gradient":""},"mobile":{"background-color":"var(--ast-global-color-4)","background-image":"","background-repeat":"repeat","background-position":"center center","background-size":"auto","background-attachment":"scroll","background-type":"","background-media":"","overlay-type":"","overlay-color":"","overlay-opacity":"","overlay-gradient":""}}},"product_brand":[],"product_cat":[168,171],"product_tag":[],"class_list":{"0":"post-21763","1":"product","2":"type-product","3":"status-publish","4":"has-post-thumbnail","6":"product_cat-hushallsartiklar","7":"product_cat-verktyg","8":"pa_55050_qswhhr8y-1-par","9":"pa_55050_qswhhr8y-2-par","10":"pa_55050_qswhhr8y-3-par","11":"desktop-align-left","12":"tablet-align-left","13":"mobile-align-left","15":"first","16":"instock","17":"shipping-taxable","18":"purchasable","19":"product-type-variable"},"yoast_head":"<!-- This site is optimized with the Yoast SEO plugin v26.6 - https:\/\/yoast.com\/wordpress\/plugins\/seo\/ -->\n<title>Snabbkopplingar f\u00f6r slangar - Mekulo SE<\/title>\n<meta name=\"robots\" content=\"index, follow, max-snippet:-1, max-image-preview:large, max-video-preview:-1\" \/>\n<link rel=\"canonical\" href=\"https:\/\/mekulo.com\/se\/produkt\/snabbkopplingar-for-slangar\/\" \/>\n<meta property=\"og:locale\" content=\"sv_SE\" \/>\n<meta property=\"og:type\" content=\"article\" \/>\n<meta property=\"og:title\" content=\"Snabbkopplingar f\u00f6r slangar - Mekulo SE\" \/>\n<meta property=\"og:description\" content=\"\ud83d\udd29De h\u00e4r snabbkopplade slangkopplingarna i rostfritt st\u00e5l g\u00f6r bevattningen snabbare och enklare genom att l\u00e5ta dig s\u00e4tta p\u00e5 och st\u00e4nga av slangar, munstycken och sprutor direkt. \ud83c\udfe1De \u00e4r byggda f\u00f6r att hantera h\u00f6gt tryck utan l\u00e4ckage, vilket sparar tid, vatten och anstr\u00e4ngning under alla utomhusuppgifter. \ud83d\udc69\u200d\ud83c\udf3ePerfect f\u00f6r b\u00e5de hemtr\u00e4dg\u00e5rdar och professionella installationer, de hj\u00e4lper till att h\u00e5lla ditt arbetsfl\u00f6de smidigt och frustrationsfritt.\" \/>\n<meta property=\"og:url\" content=\"https:\/\/mekulo.com\/se\/produkt\/snabbkopplingar-for-slangar\/\" \/>\n<meta property=\"og:site_name\" content=\"Mekulo SE\" \/>\n<meta property=\"article:modified_time\" content=\"2026-02-05T15:27:08+00:00\" \/>\n<meta property=\"og:image\" content=\"https:\/\/mekulo.com\/se\/wp-content\/uploads\/sites\/11\/2026\/02\/7jlxyb4-1.jpeg\" \/>\n\t<meta property=\"og:image:width\" content=\"1600\" \/>\n\t<meta property=\"og:image:height\" content=\"1600\" \/>\n\t<meta property=\"og:image:type\" content=\"image\/jpeg\" \/>\n<meta name=\"twitter:card\" content=\"summary_large_image\" \/>\n<meta name=\"twitter:label1\" content=\"Ber\u00e4knad l\u00e4stid\" \/>\n\t<meta name=\"twitter:data1\" content=\"2 minuter\" \/>\n<script type=\"application\/ld+json\" class=\"yoast-schema-graph\">{\"@context\":\"https:\/\/schema.org\",\"@graph\":[{\"@type\":\"WebPage\",\"@id\":\"https:\/\/mekulo.com\/se\/produkt\/snabbkopplingar-for-slangar\/\",\"url\":\"https:\/\/mekulo.com\/se\/produkt\/snabbkopplingar-for-slangar\/\",\"name\":\"Snabbkopplingar f\u00f6r slangar - Mekulo SE\",\"isPartOf\":{\"@id\":\"https:\/\/mekulo.com\/se\/#website\"},\"primaryImageOfPage\":{\"@id\":\"https:\/\/mekulo.com\/se\/produkt\/snabbkopplingar-for-slangar\/#primaryimage\"},\"image\":{\"@id\":\"https:\/\/mekulo.com\/se\/produkt\/snabbkopplingar-for-slangar\/#primaryimage\"},\"thumbnailUrl\":\"https:\/\/mekulo.com\/se\/wp-content\/uploads\/sites\/11\/2026\/02\/7jlxyb4-1.jpeg\",\"datePublished\":\"2026-02-05T15:25:44+00:00\",\"dateModified\":\"2026-02-05T15:27:08+00:00\",\"breadcrumb\":{\"@id\":\"https:\/\/mekulo.com\/se\/produkt\/snabbkopplingar-for-slangar\/#breadcrumb\"},\"inLanguage\":\"sv-SE\",\"potentialAction\":[{\"@type\":\"ReadAction\",\"target\":[\"https:\/\/mekulo.com\/se\/produkt\/snabbkopplingar-for-slangar\/\"]}]},{\"@type\":\"ImageObject\",\"inLanguage\":\"sv-SE\",\"@id\":\"https:\/\/mekulo.com\/se\/produkt\/snabbkopplingar-for-slangar\/#primaryimage\",\"url\":\"https:\/\/mekulo.com\/se\/wp-content\/uploads\/sites\/11\/2026\/02\/7jlxyb4-1.jpeg\",\"contentUrl\":\"https:\/\/mekulo.com\/se\/wp-content\/uploads\/sites\/11\/2026\/02\/7jlxyb4-1.jpeg\",\"width\":1600,\"height\":1600},{\"@type\":\"BreadcrumbList\",\"@id\":\"https:\/\/mekulo.com\/se\/produkt\/snabbkopplingar-for-slangar\/#breadcrumb\",\"itemListElement\":[{\"@type\":\"ListItem\",\"position\":1,\"name\":\"Home\",\"item\":\"https:\/\/mekulo.com\/se\/\"},{\"@type\":\"ListItem\",\"position\":2,\"name\":\"Butik\",\"item\":\"https:\/\/mekulo.com\/se\/butik\/\"},{\"@type\":\"ListItem\",\"position\":3,\"name\":\"Snabbkopplingar f\u00f6r slangar\"}]},{\"@type\":\"WebSite\",\"@id\":\"https:\/\/mekulo.com\/se\/#website\",\"url\":\"https:\/\/mekulo.com\/se\/\",\"name\":\"Mekulo SE\",\"description\":\"\",\"publisher\":{\"@id\":\"https:\/\/mekulo.com\/se\/#organization\"},\"potentialAction\":[{\"@type\":\"SearchAction\",\"target\":{\"@type\":\"EntryPoint\",\"urlTemplate\":\"https:\/\/mekulo.com\/se\/?s={search_term_string}\"},\"query-input\":{\"@type\":\"PropertyValueSpecification\",\"valueRequired\":true,\"valueName\":\"search_term_string\"}}],\"inLanguage\":\"sv-SE\"},{\"@type\":\"Organization\",\"@id\":\"https:\/\/mekulo.com\/se\/#organization\",\"name\":\"Mekulo\",\"url\":\"https:\/\/mekulo.com\/se\/\",\"logo\":{\"@type\":\"ImageObject\",\"inLanguage\":\"sv-SE\",\"@id\":\"https:\/\/mekulo.com\/se\/#\/schema\/logo\/image\/\",\"url\":\"https:\/\/mekulo.com\/se\/wp-content\/uploads\/sites\/11\/2025\/12\/favicon_mekulo.png\",\"contentUrl\":\"https:\/\/mekulo.com\/se\/wp-content\/uploads\/sites\/11\/2025\/12\/favicon_mekulo.png\",\"width\":50,\"height\":50,\"caption\":\"Mekulo\"},\"image\":{\"@id\":\"https:\/\/mekulo.com\/se\/#\/schema\/logo\/image\/\"}}]}<\/script>\n<!-- \/ Yoast SEO plugin. -->","yoast_head_json":{"title":"Snabbkopplingar f\u00f6r slangar - Mekulo SE","robots":{"index":"index","follow":"follow","max-snippet":"max-snippet:-1","max-image-preview":"max-image-preview:large","max-video-preview":"max-video-preview:-1"},"canonical":"https:\/\/mekulo.com\/se\/produkt\/snabbkopplingar-for-slangar\/","og_locale":"sv_SE","og_type":"article","og_title":"Snabbkopplingar f\u00f6r slangar - Mekulo SE","og_description":"\ud83d\udd29De h\u00e4r snabbkopplade slangkopplingarna i rostfritt st\u00e5l g\u00f6r bevattningen snabbare och enklare genom att l\u00e5ta dig s\u00e4tta p\u00e5 och st\u00e4nga av slangar, munstycken och sprutor direkt. \ud83c\udfe1De \u00e4r byggda f\u00f6r att hantera h\u00f6gt tryck utan l\u00e4ckage, vilket sparar tid, vatten och anstr\u00e4ngning under alla utomhusuppgifter. \ud83d\udc69\u200d\ud83c\udf3ePerfect f\u00f6r b\u00e5de hemtr\u00e4dg\u00e5rdar och professionella installationer, de hj\u00e4lper till att h\u00e5lla ditt arbetsfl\u00f6de smidigt och frustrationsfritt.","og_url":"https:\/\/mekulo.com\/se\/produkt\/snabbkopplingar-for-slangar\/","og_site_name":"Mekulo SE","article_modified_time":"2026-02-05T15:27:08+00:00","og_image":[{"width":1600,"height":1600,"url":"https:\/\/mekulo.com\/se\/wp-content\/uploads\/sites\/11\/2026\/02\/7jlxyb4-1.jpeg","type":"image\/jpeg"}],"twitter_card":"summary_large_image","twitter_misc":{"Ber\u00e4knad l\u00e4stid":"2 minuter"},"schema":{"@context":"https:\/\/schema.org","@graph":[{"@type":"WebPage","@id":"https:\/\/mekulo.com\/se\/produkt\/snabbkopplingar-for-slangar\/","url":"https:\/\/mekulo.com\/se\/produkt\/snabbkopplingar-for-slangar\/","name":"Snabbkopplingar f\u00f6r slangar - Mekulo SE","isPartOf":{"@id":"https:\/\/mekulo.com\/se\/#website"},"primaryImageOfPage":{"@id":"https:\/\/mekulo.com\/se\/produkt\/snabbkopplingar-for-slangar\/#primaryimage"},"image":{"@id":"https:\/\/mekulo.com\/se\/produkt\/snabbkopplingar-for-slangar\/#primaryimage"},"thumbnailUrl":"https:\/\/mekulo.com\/se\/wp-content\/uploads\/sites\/11\/2026\/02\/7jlxyb4-1.jpeg","datePublished":"2026-02-05T15:25:44+00:00","dateModified":"2026-02-05T15:27:08+00:00","breadcrumb":{"@id":"https:\/\/mekulo.com\/se\/produkt\/snabbkopplingar-for-slangar\/#breadcrumb"},"inLanguage":"sv-SE","potentialAction":[{"@type":"ReadAction","target":["https:\/\/mekulo.com\/se\/produkt\/snabbkopplingar-for-slangar\/"]}]},{"@type":"ImageObject","inLanguage":"sv-SE","@id":"https:\/\/mekulo.com\/se\/produkt\/snabbkopplingar-for-slangar\/#primaryimage","url":"https:\/\/mekulo.com\/se\/wp-content\/uploads\/sites\/11\/2026\/02\/7jlxyb4-1.jpeg","contentUrl":"https:\/\/mekulo.com\/se\/wp-content\/uploads\/sites\/11\/2026\/02\/7jlxyb4-1.jpeg","width":1600,"height":1600},{"@type":"BreadcrumbList","@id":"https:\/\/mekulo.com\/se\/produkt\/snabbkopplingar-for-slangar\/#breadcrumb","itemListElement":[{"@type":"ListItem","position":1,"name":"Home","item":"https:\/\/mekulo.com\/se\/"},{"@type":"ListItem","position":2,"name":"Butik","item":"https:\/\/mekulo.com\/se\/butik\/"},{"@type":"ListItem","position":3,"name":"Snabbkopplingar f\u00f6r slangar"}]},{"@type":"WebSite","@id":"https:\/\/mekulo.com\/se\/#website","url":"https:\/\/mekulo.com\/se\/","name":"Mekulo SE","description":"","publisher":{"@id":"https:\/\/mekulo.com\/se\/#organization"},"potentialAction":[{"@type":"SearchAction","target":{"@type":"EntryPoint","urlTemplate":"https:\/\/mekulo.com\/se\/?s={search_term_string}"},"query-input":{"@type":"PropertyValueSpecification","valueRequired":true,"valueName":"search_term_string"}}],"inLanguage":"sv-SE"},{"@type":"Organization","@id":"https:\/\/mekulo.com\/se\/#organization","name":"Mekulo","url":"https:\/\/mekulo.com\/se\/","logo":{"@type":"ImageObject","inLanguage":"sv-SE","@id":"https:\/\/mekulo.com\/se\/#\/schema\/logo\/image\/","url":"https:\/\/mekulo.com\/se\/wp-content\/uploads\/sites\/11\/2025\/12\/favicon_mekulo.png","contentUrl":"https:\/\/mekulo.com\/se\/wp-content\/uploads\/sites\/11\/2025\/12\/favicon_mekulo.png","width":50,"height":50,"caption":"Mekulo"},"image":{"@id":"https:\/\/mekulo.com\/se\/#\/schema\/logo\/image\/"}}]}},"_links":{"self":[{"href":"https:\/\/mekulo.com\/se\/wp-json\/wp\/v2\/product\/21763","targetHints":{"allow":["GET"]}}],"collection":[{"href":"https:\/\/mekulo.com\/se\/wp-json\/wp\/v2\/product"}],"about":[{"href":"https:\/\/mekulo.com\/se\/wp-json\/wp\/v2\/types\/product"}],"replies":[{"embeddable":true,"href":"https:\/\/mekulo.com\/se\/wp-json\/wp\/v2\/comments?post=21763"}],"wp:featuredmedia":[{"embeddable":true,"href":"https:\/\/mekulo.com\/se\/wp-json\/wp\/v2\/media\/21759"}],"wp:attachment":[{"href":"https:\/\/mekulo.com\/se\/wp-json\/wp\/v2\/media?parent=21763"}],"wp:term":[{"taxonomy":"product_brand","embeddable":true,"href":"https:\/\/mekulo.com\/se\/wp-json\/wp\/v2\/product_brand?post=21763"},{"taxonomy":"product_cat","embeddable":true,"href":"https:\/\/mekulo.com\/se\/wp-json\/wp\/v2\/product_cat?post=21763"},{"taxonomy":"product_tag","embeddable":true,"href":"https:\/\/mekulo.com\/se\/wp-json\/wp\/v2\/product_tag?post=21763"}],"curies":[{"name":"wp","href":"https:\/\/api.w.org\/{rel}","templated":true}]}}