{"id":21715,"date":"2026-02-05T17:20:25","date_gmt":"2026-02-05T15:20:25","guid":{"rendered":"https:\/\/mekulo.com\/se\/produkt\/kram-for-laderrenovering-160-g\/"},"modified":"2026-02-05T17:20:35","modified_gmt":"2026-02-05T15:20:35","slug":"kram-for-laderrenovering-160-g","status":"publish","type":"product","link":"https:\/\/mekulo.com\/se\/produkt\/kram-for-laderrenovering-160-g\/","title":{"rendered":"Kr\u00e4m f\u00f6r l\u00e4derrenovering (160 g)"},"content":{"rendered":"<p style=\"text-align: center\" data-start=\"0\" data-end=\"79\"><strong data-start=\"0\" data-end=\"79\">\u00c5terst\u00e4ll blekt och slitet l\u00e4der till ett rent, gl\u00e4nsande och som nytt utseende p\u00e5 bara n\u00e5gra minuter. \u2728<\/strong><\/p>\n<p data-start=\"0\" data-end=\"79\"><img fetchpriority=\"high\" decoding=\"async\" class=\"size-full wp-image-23624 aligncenter\" src=\"https:\/\/mekulo.com\/template\/wp-content\/uploads\/sites\/6\/2026\/02\/Sc2e15db354de4040ba9bfa3a47f3b21bH.png_960x960.png_.jpg\" alt=\"\" width=\"1069\" height=\"867\" \/><\/p>\n<h2 style=\"text-align: center\" data-start=\"361\" data-end=\"378\"><strong>Huvudf\u00f6rdelar \ud83d\ude97<\/strong><\/h2>\n<p data-start=\"381\" data-end=\"448\">\u2728 \u00c5terst\u00e4ller f\u00e4rg och glans &#8211; Ger liv \u00e5t tr\u00e5kigt l\u00e4der.<\/p>\n<p data-start=\"451\" data-end=\"513\">\ud83e\uddfc Reng\u00f6r och polerar &#8211; Tar bort smuts, fett och m\u00e4rken.<\/p>\n<p data-start=\"516\" data-end=\"586\">\ud83d\udee1\ufe0f Skyddande lager &#8211; Hj\u00e4lper till att avvisa damm, svett och fingeravtryck.<\/p>\n<p data-start=\"589\" data-end=\"648\">\ud83c\udf3f S\u00e4ker och milj\u00f6v\u00e4nlig &#8211; Oljefri, luktfri formula.<\/p>\n<p data-start=\"651\" data-end=\"727\">\ud83d\ude97 Brett anv\u00e4ndningsomr\u00e5de &#8211; Fungerar p\u00e5 bils\u00e4ten, soffor, skor, v\u00e4skor m.m.<\/p>\n<p data-start=\"651\" data-end=\"727\"><img decoding=\"async\" class=\"size-full wp-image-23630 aligncenter\" src=\"https:\/\/mekulo.com\/template\/wp-content\/uploads\/sites\/6\/2026\/02\/S33fd5d1316eb402181f096284b9b40b9O.jpg\" alt=\"\" width=\"1080\" height=\"1080\" \/><\/p>\n<h2 style=\"text-align: center\" data-start=\"729\" data-end=\"743\"><strong>Hur Man Anv\u00e4nder \ud83d\udccc<\/strong><\/h2>\n<ol data-start=\"744\" data-end=\"973\">\n<li data-start=\"744\" data-end=\"797\">\n<p data-start=\"747\" data-end=\"797\">Testa p\u00e5 ett dolt omr\u00e5de med n\u00e5gra droppar vatten.<\/p>\n<\/li>\n<li data-start=\"798\" data-end=\"850\">\n<p data-start=\"801\" data-end=\"850\">Applicera en liten m\u00e4ngd kr\u00e4m p\u00e5 en ren trasa.<\/p>\n<\/li>\n<li data-start=\"851\" data-end=\"892\">\n<p data-start=\"854\" data-end=\"892\">Gnid f\u00f6rsiktigt p\u00e5 l\u00e4derytan.<\/p>\n<\/li>\n<li data-start=\"893\" data-end=\"928\">\n<p data-start=\"896\" data-end=\"928\">Torka j\u00e4mnt och l\u00e5t det absorbera.<\/p>\n<\/li>\n<li data-start=\"929\" data-end=\"973\">\n<p data-start=\"932\" data-end=\"973\">Buffra l\u00e4tt f\u00f6r extra glans om det beh\u00f6vs.<\/p>\n<\/li>\n<\/ol>\n<h2 style=\"text-align: center\" data-start=\"975\" data-end=\"994\"><strong>Produktdetaljer \ud83d\udccf<\/strong><\/h2>\n<ul data-start=\"995\" data-end=\"1286\">\n<li data-start=\"1048\" data-end=\"1096\">\n<p data-start=\"1050\" data-end=\"1096\">Funktion: Reng\u00f6r, reparerar, polerar och skyddar<\/p>\n<\/li>\n<li data-start=\"1097\" data-end=\"1154\">\n<p data-start=\"1099\" data-end=\"1154\">Formula: Oljefri, s\u00e4ker och milj\u00f6v\u00e4nlig<\/p>\n<\/li>\n<li data-start=\"1155\" data-end=\"1233\">\n<p data-start=\"1157\" data-end=\"1233\">L\u00e4mplig f\u00f6r: Bilinteri\u00f6rer, soffor, l\u00e4derskor, v\u00e4skor, pl\u00e5nb\u00f6cker, kl\u00e4der<\/p>\n<\/li>\n<li data-start=\"1234\" data-end=\"1286\">\n<p data-start=\"1236\" data-end=\"1286\">Effekt: \u00c5terst\u00e4ller f\u00e4rg, f\u00f6rhindrar damm och fl\u00e4ckar<\/p>\n<\/li>\n<li data-start=\"1234\" data-end=\"1286\">\n<p data-start=\"1236\" data-end=\"1286\">Storlek: 8,5 x 4,5 cm<\/p>\n<\/li>\n<li data-start=\"1234\" data-end=\"1286\">Kapacitet: 160 g<\/li>\n<\/ul>\n<h2 style=\"text-align: center\" data-start=\"1288\" data-end=\"1308\"><strong>Paketet Inneh\u00e5ller \ud83d\udce6<\/strong><\/h2>\n<ul data-start=\"1309\" data-end=\"1340\" data-is-last-node=\"\" data-is-only-node=\"\">\n<li data-start=\"1309\" data-end=\"1340\" data-is-last-node=\"\">\n<p data-start=\"1311\" data-end=\"1340\" data-is-last-node=\"\">1x l\u00e4der\u00e5terst\u00e4llningskr\u00e4m<\/p>\n<\/li>\n<li data-start=\"1309\" data-end=\"1340\" data-is-last-node=\"\">\n<p data-start=\"1311\" data-end=\"1340\" data-is-last-node=\"\">1x innersvamp.<\/p>\n<\/li>\n<\/ul>\n","protected":false},"excerpt":{"rendered":"<p>\ud83d\ude98Den h\u00e4r l\u00e4der\u00e5terst\u00e4llningskr\u00e4men reng\u00f6r, reparerar och \u00e5terupplivar l\u00e4derytor p\u00e5 djupet utan skador.<br \/>\n\ud83d\udfe4Den tar bort smuts, fett och l\u00e4tta repor samtidigt som den \u00e5terst\u00e4ller f\u00e4rg och glans.<br \/>\n\ud83c\udfe0Ideal f\u00f6r bilinteri\u00f6rer och l\u00e4derartiklar i hemmet, det sparar pengar genom att f\u00f6rl\u00e4nga livsl\u00e4ngden p\u00e5 ditt l\u00e4der.<\/p>\n","protected":false},"featured_media":21711,"comment_status":"open","ping_status":"closed","template":"","meta":{"site-sidebar-layout":"default","site-content-layout":"","ast-site-content-layout":"default","site-content-style":"default","site-sidebar-style":"default","ast-global-header-display":"","ast-banner-title-visibility":"","ast-main-header-display":"","ast-hfb-above-header-display":"","ast-hfb-below-header-display":"","ast-hfb-mobile-header-display":"","site-post-title":"","ast-breadcrumbs-content":"","ast-featured-img":"","footer-sml-layout":"","theme-transparent-header-meta":"default","adv-header-id-meta":"","stick-header-meta":"","header-above-stick-meta":"","header-main-stick-meta":"","header-below-stick-meta":"","astra-migrate-meta-layouts":"set","ast-page-background-enabled":"default","ast-page-background-meta":{"desktop":{"background-color":"var(--ast-global-color-5)","background-image":"","background-repeat":"repeat","background-position":"center center","background-size":"auto","background-attachment":"scroll","background-type":"","background-media":"","overlay-type":"","overlay-color":"","overlay-opacity":"","overlay-gradient":""},"tablet":{"background-color":"","background-image":"","background-repeat":"repeat","background-position":"center center","background-size":"auto","background-attachment":"scroll","background-type":"","background-media":"","overlay-type":"","overlay-color":"","overlay-opacity":"","overlay-gradient":""},"mobile":{"background-color":"","background-image":"","background-repeat":"repeat","background-position":"center center","background-size":"auto","background-attachment":"scroll","background-type":"","background-media":"","overlay-type":"","overlay-color":"","overlay-opacity":"","overlay-gradient":""}},"ast-content-background-meta":{"desktop":{"background-color":"var(--ast-global-color-4)","background-image":"","background-repeat":"repeat","background-position":"center center","background-size":"auto","background-attachment":"scroll","background-type":"","background-media":"","overlay-type":"","overlay-color":"","overlay-opacity":"","overlay-gradient":""},"tablet":{"background-color":"var(--ast-global-color-4)","background-image":"","background-repeat":"repeat","background-position":"center center","background-size":"auto","background-attachment":"scroll","background-type":"","background-media":"","overlay-type":"","overlay-color":"","overlay-opacity":"","overlay-gradient":""},"mobile":{"background-color":"var(--ast-global-color-4)","background-image":"","background-repeat":"repeat","background-position":"center center","background-size":"auto","background-attachment":"scroll","background-type":"","background-media":"","overlay-type":"","overlay-color":"","overlay-opacity":"","overlay-gradient":""}}},"product_brand":[],"product_cat":[161,168],"product_tag":[],"class_list":{"0":"post-21715","1":"product","2":"type-product","3":"status-publish","4":"has-post-thumbnail","6":"product_cat-bilprodukter","7":"product_cat-hushallsartiklar","8":"pa_54803_1p41w218-1-st","9":"pa_54803_1p41w218-2-st","10":"pa_54803_1p41w218-4-st","11":"desktop-align-left","12":"tablet-align-left","13":"mobile-align-left","15":"first","16":"instock","17":"shipping-taxable","18":"purchasable","19":"product-type-variable"},"yoast_head":"<!-- This site is optimized with the Yoast SEO plugin v26.6 - https:\/\/yoast.com\/wordpress\/plugins\/seo\/ -->\n<title>Kr\u00e4m f\u00f6r l\u00e4derrenovering (160 g) - Mekulo SE<\/title>\n<meta name=\"robots\" content=\"index, follow, max-snippet:-1, max-image-preview:large, max-video-preview:-1\" \/>\n<link rel=\"canonical\" href=\"https:\/\/mekulo.com\/se\/produkt\/kram-for-laderrenovering-160-g\/\" \/>\n<meta property=\"og:locale\" content=\"sv_SE\" \/>\n<meta property=\"og:type\" content=\"article\" \/>\n<meta property=\"og:title\" content=\"Kr\u00e4m f\u00f6r l\u00e4derrenovering (160 g) - Mekulo SE\" \/>\n<meta property=\"og:description\" content=\"\ud83d\ude98Den h\u00e4r l\u00e4der\u00e5terst\u00e4llningskr\u00e4men reng\u00f6r, reparerar och \u00e5terupplivar l\u00e4derytor p\u00e5 djupet utan skador. \ud83d\udfe4Den tar bort smuts, fett och l\u00e4tta repor samtidigt som den \u00e5terst\u00e4ller f\u00e4rg och glans. \ud83c\udfe0Ideal f\u00f6r bilinteri\u00f6rer och l\u00e4derartiklar i hemmet, det sparar pengar genom att f\u00f6rl\u00e4nga livsl\u00e4ngden p\u00e5 ditt l\u00e4der.\" \/>\n<meta property=\"og:url\" content=\"https:\/\/mekulo.com\/se\/produkt\/kram-for-laderrenovering-160-g\/\" \/>\n<meta property=\"og:site_name\" content=\"Mekulo SE\" \/>\n<meta property=\"article:modified_time\" content=\"2026-02-05T15:20:35+00:00\" \/>\n<meta property=\"og:image\" content=\"https:\/\/mekulo.com\/se\/wp-content\/uploads\/sites\/11\/2026\/02\/wbqbp8g-1.jpg\" \/>\n\t<meta property=\"og:image:width\" content=\"1000\" \/>\n\t<meta property=\"og:image:height\" content=\"1000\" \/>\n\t<meta property=\"og:image:type\" content=\"image\/jpeg\" \/>\n<meta name=\"twitter:card\" content=\"summary_large_image\" \/>\n<meta name=\"twitter:label1\" content=\"Ber\u00e4knad l\u00e4stid\" \/>\n\t<meta name=\"twitter:data1\" content=\"2 minuter\" \/>\n<script type=\"application\/ld+json\" class=\"yoast-schema-graph\">{\"@context\":\"https:\/\/schema.org\",\"@graph\":[{\"@type\":\"WebPage\",\"@id\":\"https:\/\/mekulo.com\/se\/produkt\/kram-for-laderrenovering-160-g\/\",\"url\":\"https:\/\/mekulo.com\/se\/produkt\/kram-for-laderrenovering-160-g\/\",\"name\":\"Kr\u00e4m f\u00f6r l\u00e4derrenovering (160 g) - Mekulo SE\",\"isPartOf\":{\"@id\":\"https:\/\/mekulo.com\/se\/#website\"},\"primaryImageOfPage\":{\"@id\":\"https:\/\/mekulo.com\/se\/produkt\/kram-for-laderrenovering-160-g\/#primaryimage\"},\"image\":{\"@id\":\"https:\/\/mekulo.com\/se\/produkt\/kram-for-laderrenovering-160-g\/#primaryimage\"},\"thumbnailUrl\":\"https:\/\/mekulo.com\/se\/wp-content\/uploads\/sites\/11\/2026\/02\/wbqbp8g-1.jpg\",\"datePublished\":\"2026-02-05T15:20:25+00:00\",\"dateModified\":\"2026-02-05T15:20:35+00:00\",\"breadcrumb\":{\"@id\":\"https:\/\/mekulo.com\/se\/produkt\/kram-for-laderrenovering-160-g\/#breadcrumb\"},\"inLanguage\":\"sv-SE\",\"potentialAction\":[{\"@type\":\"ReadAction\",\"target\":[\"https:\/\/mekulo.com\/se\/produkt\/kram-for-laderrenovering-160-g\/\"]}]},{\"@type\":\"ImageObject\",\"inLanguage\":\"sv-SE\",\"@id\":\"https:\/\/mekulo.com\/se\/produkt\/kram-for-laderrenovering-160-g\/#primaryimage\",\"url\":\"https:\/\/mekulo.com\/se\/wp-content\/uploads\/sites\/11\/2026\/02\/wbqbp8g-1.jpg\",\"contentUrl\":\"https:\/\/mekulo.com\/se\/wp-content\/uploads\/sites\/11\/2026\/02\/wbqbp8g-1.jpg\",\"width\":1000,\"height\":1000},{\"@type\":\"BreadcrumbList\",\"@id\":\"https:\/\/mekulo.com\/se\/produkt\/kram-for-laderrenovering-160-g\/#breadcrumb\",\"itemListElement\":[{\"@type\":\"ListItem\",\"position\":1,\"name\":\"Home\",\"item\":\"https:\/\/mekulo.com\/se\/\"},{\"@type\":\"ListItem\",\"position\":2,\"name\":\"Butik\",\"item\":\"https:\/\/mekulo.com\/se\/butik\/\"},{\"@type\":\"ListItem\",\"position\":3,\"name\":\"Kr\u00e4m f\u00f6r l\u00e4derrenovering (160 g)\"}]},{\"@type\":\"WebSite\",\"@id\":\"https:\/\/mekulo.com\/se\/#website\",\"url\":\"https:\/\/mekulo.com\/se\/\",\"name\":\"Mekulo SE\",\"description\":\"\",\"publisher\":{\"@id\":\"https:\/\/mekulo.com\/se\/#organization\"},\"potentialAction\":[{\"@type\":\"SearchAction\",\"target\":{\"@type\":\"EntryPoint\",\"urlTemplate\":\"https:\/\/mekulo.com\/se\/?s={search_term_string}\"},\"query-input\":{\"@type\":\"PropertyValueSpecification\",\"valueRequired\":true,\"valueName\":\"search_term_string\"}}],\"inLanguage\":\"sv-SE\"},{\"@type\":\"Organization\",\"@id\":\"https:\/\/mekulo.com\/se\/#organization\",\"name\":\"Mekulo\",\"url\":\"https:\/\/mekulo.com\/se\/\",\"logo\":{\"@type\":\"ImageObject\",\"inLanguage\":\"sv-SE\",\"@id\":\"https:\/\/mekulo.com\/se\/#\/schema\/logo\/image\/\",\"url\":\"https:\/\/mekulo.com\/se\/wp-content\/uploads\/sites\/11\/2025\/12\/favicon_mekulo.png\",\"contentUrl\":\"https:\/\/mekulo.com\/se\/wp-content\/uploads\/sites\/11\/2025\/12\/favicon_mekulo.png\",\"width\":50,\"height\":50,\"caption\":\"Mekulo\"},\"image\":{\"@id\":\"https:\/\/mekulo.com\/se\/#\/schema\/logo\/image\/\"}}]}<\/script>\n<!-- \/ Yoast SEO plugin. -->","yoast_head_json":{"title":"Kr\u00e4m f\u00f6r l\u00e4derrenovering (160 g) - Mekulo SE","robots":{"index":"index","follow":"follow","max-snippet":"max-snippet:-1","max-image-preview":"max-image-preview:large","max-video-preview":"max-video-preview:-1"},"canonical":"https:\/\/mekulo.com\/se\/produkt\/kram-for-laderrenovering-160-g\/","og_locale":"sv_SE","og_type":"article","og_title":"Kr\u00e4m f\u00f6r l\u00e4derrenovering (160 g) - Mekulo SE","og_description":"\ud83d\ude98Den h\u00e4r l\u00e4der\u00e5terst\u00e4llningskr\u00e4men reng\u00f6r, reparerar och \u00e5terupplivar l\u00e4derytor p\u00e5 djupet utan skador. \ud83d\udfe4Den tar bort smuts, fett och l\u00e4tta repor samtidigt som den \u00e5terst\u00e4ller f\u00e4rg och glans. \ud83c\udfe0Ideal f\u00f6r bilinteri\u00f6rer och l\u00e4derartiklar i hemmet, det sparar pengar genom att f\u00f6rl\u00e4nga livsl\u00e4ngden p\u00e5 ditt l\u00e4der.","og_url":"https:\/\/mekulo.com\/se\/produkt\/kram-for-laderrenovering-160-g\/","og_site_name":"Mekulo SE","article_modified_time":"2026-02-05T15:20:35+00:00","og_image":[{"width":1000,"height":1000,"url":"https:\/\/mekulo.com\/se\/wp-content\/uploads\/sites\/11\/2026\/02\/wbqbp8g-1.jpg","type":"image\/jpeg"}],"twitter_card":"summary_large_image","twitter_misc":{"Ber\u00e4knad l\u00e4stid":"2 minuter"},"schema":{"@context":"https:\/\/schema.org","@graph":[{"@type":"WebPage","@id":"https:\/\/mekulo.com\/se\/produkt\/kram-for-laderrenovering-160-g\/","url":"https:\/\/mekulo.com\/se\/produkt\/kram-for-laderrenovering-160-g\/","name":"Kr\u00e4m f\u00f6r l\u00e4derrenovering (160 g) - Mekulo SE","isPartOf":{"@id":"https:\/\/mekulo.com\/se\/#website"},"primaryImageOfPage":{"@id":"https:\/\/mekulo.com\/se\/produkt\/kram-for-laderrenovering-160-g\/#primaryimage"},"image":{"@id":"https:\/\/mekulo.com\/se\/produkt\/kram-for-laderrenovering-160-g\/#primaryimage"},"thumbnailUrl":"https:\/\/mekulo.com\/se\/wp-content\/uploads\/sites\/11\/2026\/02\/wbqbp8g-1.jpg","datePublished":"2026-02-05T15:20:25+00:00","dateModified":"2026-02-05T15:20:35+00:00","breadcrumb":{"@id":"https:\/\/mekulo.com\/se\/produkt\/kram-for-laderrenovering-160-g\/#breadcrumb"},"inLanguage":"sv-SE","potentialAction":[{"@type":"ReadAction","target":["https:\/\/mekulo.com\/se\/produkt\/kram-for-laderrenovering-160-g\/"]}]},{"@type":"ImageObject","inLanguage":"sv-SE","@id":"https:\/\/mekulo.com\/se\/produkt\/kram-for-laderrenovering-160-g\/#primaryimage","url":"https:\/\/mekulo.com\/se\/wp-content\/uploads\/sites\/11\/2026\/02\/wbqbp8g-1.jpg","contentUrl":"https:\/\/mekulo.com\/se\/wp-content\/uploads\/sites\/11\/2026\/02\/wbqbp8g-1.jpg","width":1000,"height":1000},{"@type":"BreadcrumbList","@id":"https:\/\/mekulo.com\/se\/produkt\/kram-for-laderrenovering-160-g\/#breadcrumb","itemListElement":[{"@type":"ListItem","position":1,"name":"Home","item":"https:\/\/mekulo.com\/se\/"},{"@type":"ListItem","position":2,"name":"Butik","item":"https:\/\/mekulo.com\/se\/butik\/"},{"@type":"ListItem","position":3,"name":"Kr\u00e4m f\u00f6r l\u00e4derrenovering (160 g)"}]},{"@type":"WebSite","@id":"https:\/\/mekulo.com\/se\/#website","url":"https:\/\/mekulo.com\/se\/","name":"Mekulo SE","description":"","publisher":{"@id":"https:\/\/mekulo.com\/se\/#organization"},"potentialAction":[{"@type":"SearchAction","target":{"@type":"EntryPoint","urlTemplate":"https:\/\/mekulo.com\/se\/?s={search_term_string}"},"query-input":{"@type":"PropertyValueSpecification","valueRequired":true,"valueName":"search_term_string"}}],"inLanguage":"sv-SE"},{"@type":"Organization","@id":"https:\/\/mekulo.com\/se\/#organization","name":"Mekulo","url":"https:\/\/mekulo.com\/se\/","logo":{"@type":"ImageObject","inLanguage":"sv-SE","@id":"https:\/\/mekulo.com\/se\/#\/schema\/logo\/image\/","url":"https:\/\/mekulo.com\/se\/wp-content\/uploads\/sites\/11\/2025\/12\/favicon_mekulo.png","contentUrl":"https:\/\/mekulo.com\/se\/wp-content\/uploads\/sites\/11\/2025\/12\/favicon_mekulo.png","width":50,"height":50,"caption":"Mekulo"},"image":{"@id":"https:\/\/mekulo.com\/se\/#\/schema\/logo\/image\/"}}]}},"_links":{"self":[{"href":"https:\/\/mekulo.com\/se\/wp-json\/wp\/v2\/product\/21715","targetHints":{"allow":["GET"]}}],"collection":[{"href":"https:\/\/mekulo.com\/se\/wp-json\/wp\/v2\/product"}],"about":[{"href":"https:\/\/mekulo.com\/se\/wp-json\/wp\/v2\/types\/product"}],"replies":[{"embeddable":true,"href":"https:\/\/mekulo.com\/se\/wp-json\/wp\/v2\/comments?post=21715"}],"wp:featuredmedia":[{"embeddable":true,"href":"https:\/\/mekulo.com\/se\/wp-json\/wp\/v2\/media\/21711"}],"wp:attachment":[{"href":"https:\/\/mekulo.com\/se\/wp-json\/wp\/v2\/media?parent=21715"}],"wp:term":[{"taxonomy":"product_brand","embeddable":true,"href":"https:\/\/mekulo.com\/se\/wp-json\/wp\/v2\/product_brand?post=21715"},{"taxonomy":"product_cat","embeddable":true,"href":"https:\/\/mekulo.com\/se\/wp-json\/wp\/v2\/product_cat?post=21715"},{"taxonomy":"product_tag","embeddable":true,"href":"https:\/\/mekulo.com\/se\/wp-json\/wp\/v2\/product_tag?post=21715"}],"curies":[{"name":"wp","href":"https:\/\/api.w.org\/{rel}","templated":true}]}}