{"id":21642,"date":"2026-02-05T07:33:06","date_gmt":"2026-02-05T05:33:06","guid":{"rendered":"https:\/\/mekulo.com\/se\/produkt\/4-i-1-verktyg-for-fonsterputsning\/"},"modified":"2026-02-05T07:33:06","modified_gmt":"2026-02-05T05:33:06","slug":"4-i-1-verktyg-for-fonsterputsning","status":"publish","type":"product","link":"https:\/\/mekulo.com\/se\/produkt\/4-i-1-verktyg-for-fonsterputsning\/","title":{"rendered":"4-i-1 verktyg f\u00f6r f\u00f6nsterputsning"},"content":{"rendered":"<p style=\"text-align: center\" data-start=\"0\" data-end=\"77\"><strong data-start=\"0\" data-end=\"77\">Reng\u00f6r f\u00f6nster, speglar och glas snabbare med ett enkelt allt-i-ett-verktyg. \ud83e\ude9f<\/strong><\/p>\n<p data-start=\"0\" data-end=\"77\"><img fetchpriority=\"high\" decoding=\"async\" class=\"size-full wp-image-23603 aligncenter\" src=\"https:\/\/mekulo.com\/template\/wp-content\/uploads\/sites\/6\/2026\/02\/S32613704dfb64759bea11ce889f3b384Q.webp\" alt=\"\" width=\"1001\" height=\"1001\" \/><\/p>\n<h2 style=\"text-align: center\" data-start=\"369\" data-end=\"386\"><strong>Huvudf\u00f6rdelar \ud83e\uddfc<\/strong><\/h2>\n<p data-start=\"389\" data-end=\"450\">\ud83e\uddfc 4-i-1-design &#8211; Reng\u00f6r, skrubba, torka och torka med ett verktyg.<\/p>\n<p data-start=\"389\" data-end=\"450\">\ud83d\udca6 Uppgraderat spraysystem &#8211; J\u00e4mn och fin dimt\u00e4ckning.<\/p>\n<p data-start=\"516\" data-end=\"580\">\u2728 Streckfria resultat &#8211; F\u00f6rb\u00e4ttrad torkare f\u00f6r b\u00e4ttre reng\u00f6ring.<\/p>\n<p data-start=\"583\" data-end=\"647\">\ud83d\udd01 \u00c5teranv\u00e4ndbart mikrofiberhuvud &#8211; Tv\u00e4tta och \u00e5teranv\u00e4nd f\u00f6r att spara pengar.<\/p>\n<p data-start=\"650\" data-end=\"713\">\ud83d\ude97 Anv\u00e4ndning p\u00e5 flera ytor &#8211; F\u00f6nster, speglar, bilglas, kakel.<\/p>\n<p data-start=\"716\" data-end=\"771\">\ud83c\udf92 Kompakt och b\u00e4rbar &#8211; L\u00e4tt att b\u00e4ra och f\u00f6rvara.<\/p>\n<p data-start=\"716\" data-end=\"771\"><img decoding=\"async\" class=\"size-full wp-image-23602 aligncenter\" src=\"https:\/\/mekulo.com\/template\/wp-content\/uploads\/sites\/6\/2026\/02\/1b1093f2abf3d27c6a4c709e1bda35cf81393c0b-800.avif\" alt=\"\" \/><\/p>\n<h2 style=\"text-align: center\" data-start=\"773\" data-end=\"787\"><strong>Hur Man Anv\u00e4nder \ud83d\udccc<\/strong><\/h2>\n<ol data-start=\"788\" data-end=\"991\">\n<li data-start=\"788\" data-end=\"847\">\n<p data-start=\"791\" data-end=\"847\">Fyll sprayflaskan med vatten eller reng\u00f6ringsl\u00f6sning.<\/p>\n<\/li>\n<li data-start=\"848\" data-end=\"884\">\n<p data-start=\"851\" data-end=\"884\">Spraya glasytan j\u00e4mnt.<\/p>\n<\/li>\n<li data-start=\"885\" data-end=\"930\">\n<p data-start=\"888\" data-end=\"930\">Skrubba med mikrofiberreng\u00f6ringshuvudet.<\/p>\n<\/li>\n<li data-start=\"931\" data-end=\"991\">\n<p data-start=\"934\" data-end=\"991\">Torka av med skrapan f\u00f6r en ren, streckfri finish.<\/p>\n<\/li>\n<\/ol>\n<h2 style=\"text-align: center\" data-start=\"993\" data-end=\"1012\"><strong>Produktdetaljer \ud83d\udccf<\/strong><\/h2>\n<ul data-start=\"1013\" data-end=\"1187\">\n<li data-start=\"1051\" data-end=\"1108\">\n<p data-start=\"1053\" data-end=\"1108\">Funktioner: Sprayflaska, mikrofiberreng\u00f6rare, gummiskrapa<\/p>\n<\/li>\n<li data-start=\"1109\" data-end=\"1144\">\n<p data-start=\"1111\" data-end=\"1144\">Design: Avtagbar och \u00e5teranv\u00e4ndbar<\/p>\n<\/li>\n<li data-start=\"1145\" data-end=\"1187\">\n<p data-start=\"1147\" data-end=\"1187\">Anv\u00e4ndning: Glasytor inomhus och utomhus<\/p>\n<\/li>\n<li data-start=\"1145\" data-end=\"1187\">Storlek: 28,5 x 26,5 x 5,5 cm<\/li>\n<\/ul>\n<h2 style=\"text-align: center\" data-start=\"1189\" data-end=\"1209\"><strong>Paketet Inneh\u00e5ller \ud83d\udce6<\/strong><\/h2>\n<ul data-start=\"1210\" data-end=\"1243\" data-is-last-node=\"\" data-is-only-node=\"\">\n<li data-start=\"1210\" data-end=\"1243\" data-is-last-node=\"\">\n<p data-start=\"1212\" data-end=\"1243\" data-is-last-node=\"\">1x 4-i-1 f\u00f6nsterreng\u00f6ringsverktyg.<\/p>\n<\/li>\n<\/ul>\n","protected":false},"excerpt":{"rendered":"<p>\ud83e\uddfcDetta 4-i-1-f\u00f6nsterreng\u00f6ringsverktyg kombinerar reng\u00f6ring, skrubbning, avtorkning och torkning i ett enkelt system f\u00f6r ett resultat utan r\u00e4nder.<br \/>\n\ud83e\ude9fDen uppgraderade sprayen och den f\u00f6rb\u00e4ttrade torkaren hj\u00e4lper dig att reng\u00f6ra snabbare med mindre anstr\u00e4ngning.<br \/>\n\ud83c\udfe0Fr\u00e5n f\u00f6nster i hemmet till bilglas och badrumskakel, den hanterar vardaglig reng\u00f6ring med l\u00e4tthet.<\/p>\n","protected":false},"featured_media":21638,"comment_status":"open","ping_status":"closed","template":"","meta":{"site-sidebar-layout":"default","site-content-layout":"","ast-site-content-layout":"default","site-content-style":"default","site-sidebar-style":"default","ast-global-header-display":"","ast-banner-title-visibility":"","ast-main-header-display":"","ast-hfb-above-header-display":"","ast-hfb-below-header-display":"","ast-hfb-mobile-header-display":"","site-post-title":"","ast-breadcrumbs-content":"","ast-featured-img":"","footer-sml-layout":"","theme-transparent-header-meta":"default","adv-header-id-meta":"","stick-header-meta":"","header-above-stick-meta":"","header-main-stick-meta":"","header-below-stick-meta":"","astra-migrate-meta-layouts":"set","ast-page-background-enabled":"default","ast-page-background-meta":{"desktop":{"background-color":"var(--ast-global-color-5)","background-image":"","background-repeat":"repeat","background-position":"center center","background-size":"auto","background-attachment":"scroll","background-type":"","background-media":"","overlay-type":"","overlay-color":"","overlay-opacity":"","overlay-gradient":""},"tablet":{"background-color":"","background-image":"","background-repeat":"repeat","background-position":"center center","background-size":"auto","background-attachment":"scroll","background-type":"","background-media":"","overlay-type":"","overlay-color":"","overlay-opacity":"","overlay-gradient":""},"mobile":{"background-color":"","background-image":"","background-repeat":"repeat","background-position":"center center","background-size":"auto","background-attachment":"scroll","background-type":"","background-media":"","overlay-type":"","overlay-color":"","overlay-opacity":"","overlay-gradient":""}},"ast-content-background-meta":{"desktop":{"background-color":"var(--ast-global-color-4)","background-image":"","background-repeat":"repeat","background-position":"center center","background-size":"auto","background-attachment":"scroll","background-type":"","background-media":"","overlay-type":"","overlay-color":"","overlay-opacity":"","overlay-gradient":""},"tablet":{"background-color":"var(--ast-global-color-4)","background-image":"","background-repeat":"repeat","background-position":"center center","background-size":"auto","background-attachment":"scroll","background-type":"","background-media":"","overlay-type":"","overlay-color":"","overlay-opacity":"","overlay-gradient":""},"mobile":{"background-color":"var(--ast-global-color-4)","background-image":"","background-repeat":"repeat","background-position":"center center","background-size":"auto","background-attachment":"scroll","background-type":"","background-media":"","overlay-type":"","overlay-color":"","overlay-opacity":"","overlay-gradient":""}}},"product_brand":[],"product_cat":[15],"product_tag":[],"class_list":{"0":"post-21642","1":"product","2":"type-product","3":"status-publish","4":"has-post-thumbnail","6":"product_cat-uncategorized","7":"desktop-align-left","8":"tablet-align-left","9":"mobile-align-left","11":"first","12":"instock","13":"shipping-taxable","14":"purchasable","15":"product-type-simple"},"yoast_head":"<!-- This site is optimized with the Yoast SEO plugin v26.6 - https:\/\/yoast.com\/wordpress\/plugins\/seo\/ -->\n<title>4-i-1 verktyg f\u00f6r f\u00f6nsterputsning - Mekulo SE<\/title>\n<meta name=\"robots\" content=\"index, follow, max-snippet:-1, max-image-preview:large, max-video-preview:-1\" \/>\n<link rel=\"canonical\" href=\"https:\/\/mekulo.com\/se\/produkt\/4-i-1-verktyg-for-fonsterputsning\/\" \/>\n<meta property=\"og:locale\" content=\"sv_SE\" \/>\n<meta property=\"og:type\" content=\"article\" \/>\n<meta property=\"og:title\" content=\"4-i-1 verktyg f\u00f6r f\u00f6nsterputsning - Mekulo SE\" \/>\n<meta property=\"og:description\" content=\"\ud83e\uddfcDetta 4-i-1-f\u00f6nsterreng\u00f6ringsverktyg kombinerar reng\u00f6ring, skrubbning, avtorkning och torkning i ett enkelt system f\u00f6r ett resultat utan r\u00e4nder. \ud83e\ude9fDen uppgraderade sprayen och den f\u00f6rb\u00e4ttrade torkaren hj\u00e4lper dig att reng\u00f6ra snabbare med mindre anstr\u00e4ngning. \ud83c\udfe0Fr\u00e5n f\u00f6nster i hemmet till bilglas och badrumskakel, den hanterar vardaglig reng\u00f6ring med l\u00e4tthet.\" \/>\n<meta property=\"og:url\" content=\"https:\/\/mekulo.com\/se\/produkt\/4-i-1-verktyg-for-fonsterputsning\/\" \/>\n<meta property=\"og:site_name\" content=\"Mekulo SE\" \/>\n<meta property=\"og:image\" content=\"https:\/\/mekulo.com\/se\/wp-content\/uploads\/sites\/11\/2026\/02\/4lhetjb-1.jpg\" \/>\n\t<meta property=\"og:image:width\" content=\"800\" \/>\n\t<meta property=\"og:image:height\" content=\"800\" \/>\n\t<meta property=\"og:image:type\" content=\"image\/jpeg\" \/>\n<meta name=\"twitter:card\" content=\"summary_large_image\" \/>\n<meta name=\"twitter:label1\" content=\"Ber\u00e4knad l\u00e4stid\" \/>\n\t<meta name=\"twitter:data1\" content=\"2 minuter\" \/>\n<script type=\"application\/ld+json\" class=\"yoast-schema-graph\">{\"@context\":\"https:\/\/schema.org\",\"@graph\":[{\"@type\":\"WebPage\",\"@id\":\"https:\/\/mekulo.com\/se\/produkt\/4-i-1-verktyg-for-fonsterputsning\/\",\"url\":\"https:\/\/mekulo.com\/se\/produkt\/4-i-1-verktyg-for-fonsterputsning\/\",\"name\":\"4-i-1 verktyg f\u00f6r f\u00f6nsterputsning - Mekulo SE\",\"isPartOf\":{\"@id\":\"https:\/\/mekulo.com\/se\/#website\"},\"primaryImageOfPage\":{\"@id\":\"https:\/\/mekulo.com\/se\/produkt\/4-i-1-verktyg-for-fonsterputsning\/#primaryimage\"},\"image\":{\"@id\":\"https:\/\/mekulo.com\/se\/produkt\/4-i-1-verktyg-for-fonsterputsning\/#primaryimage\"},\"thumbnailUrl\":\"https:\/\/mekulo.com\/se\/wp-content\/uploads\/sites\/11\/2026\/02\/4lhetjb-1.jpg\",\"datePublished\":\"2026-02-05T05:33:06+00:00\",\"breadcrumb\":{\"@id\":\"https:\/\/mekulo.com\/se\/produkt\/4-i-1-verktyg-for-fonsterputsning\/#breadcrumb\"},\"inLanguage\":\"sv-SE\",\"potentialAction\":[{\"@type\":\"ReadAction\",\"target\":[\"https:\/\/mekulo.com\/se\/produkt\/4-i-1-verktyg-for-fonsterputsning\/\"]}]},{\"@type\":\"ImageObject\",\"inLanguage\":\"sv-SE\",\"@id\":\"https:\/\/mekulo.com\/se\/produkt\/4-i-1-verktyg-for-fonsterputsning\/#primaryimage\",\"url\":\"https:\/\/mekulo.com\/se\/wp-content\/uploads\/sites\/11\/2026\/02\/4lhetjb-1.jpg\",\"contentUrl\":\"https:\/\/mekulo.com\/se\/wp-content\/uploads\/sites\/11\/2026\/02\/4lhetjb-1.jpg\",\"width\":800,\"height\":800},{\"@type\":\"BreadcrumbList\",\"@id\":\"https:\/\/mekulo.com\/se\/produkt\/4-i-1-verktyg-for-fonsterputsning\/#breadcrumb\",\"itemListElement\":[{\"@type\":\"ListItem\",\"position\":1,\"name\":\"Home\",\"item\":\"https:\/\/mekulo.com\/se\/\"},{\"@type\":\"ListItem\",\"position\":2,\"name\":\"Butik\",\"item\":\"https:\/\/mekulo.com\/se\/butik\/\"},{\"@type\":\"ListItem\",\"position\":3,\"name\":\"4-i-1 verktyg f\u00f6r f\u00f6nsterputsning\"}]},{\"@type\":\"WebSite\",\"@id\":\"https:\/\/mekulo.com\/se\/#website\",\"url\":\"https:\/\/mekulo.com\/se\/\",\"name\":\"Mekulo SE\",\"description\":\"\",\"publisher\":{\"@id\":\"https:\/\/mekulo.com\/se\/#organization\"},\"potentialAction\":[{\"@type\":\"SearchAction\",\"target\":{\"@type\":\"EntryPoint\",\"urlTemplate\":\"https:\/\/mekulo.com\/se\/?s={search_term_string}\"},\"query-input\":{\"@type\":\"PropertyValueSpecification\",\"valueRequired\":true,\"valueName\":\"search_term_string\"}}],\"inLanguage\":\"sv-SE\"},{\"@type\":\"Organization\",\"@id\":\"https:\/\/mekulo.com\/se\/#organization\",\"name\":\"Mekulo\",\"url\":\"https:\/\/mekulo.com\/se\/\",\"logo\":{\"@type\":\"ImageObject\",\"inLanguage\":\"sv-SE\",\"@id\":\"https:\/\/mekulo.com\/se\/#\/schema\/logo\/image\/\",\"url\":\"https:\/\/mekulo.com\/se\/wp-content\/uploads\/sites\/11\/2025\/12\/favicon_mekulo.png\",\"contentUrl\":\"https:\/\/mekulo.com\/se\/wp-content\/uploads\/sites\/11\/2025\/12\/favicon_mekulo.png\",\"width\":50,\"height\":50,\"caption\":\"Mekulo\"},\"image\":{\"@id\":\"https:\/\/mekulo.com\/se\/#\/schema\/logo\/image\/\"}}]}<\/script>\n<!-- \/ Yoast SEO plugin. -->","yoast_head_json":{"title":"4-i-1 verktyg f\u00f6r f\u00f6nsterputsning - Mekulo SE","robots":{"index":"index","follow":"follow","max-snippet":"max-snippet:-1","max-image-preview":"max-image-preview:large","max-video-preview":"max-video-preview:-1"},"canonical":"https:\/\/mekulo.com\/se\/produkt\/4-i-1-verktyg-for-fonsterputsning\/","og_locale":"sv_SE","og_type":"article","og_title":"4-i-1 verktyg f\u00f6r f\u00f6nsterputsning - Mekulo SE","og_description":"\ud83e\uddfcDetta 4-i-1-f\u00f6nsterreng\u00f6ringsverktyg kombinerar reng\u00f6ring, skrubbning, avtorkning och torkning i ett enkelt system f\u00f6r ett resultat utan r\u00e4nder. \ud83e\ude9fDen uppgraderade sprayen och den f\u00f6rb\u00e4ttrade torkaren hj\u00e4lper dig att reng\u00f6ra snabbare med mindre anstr\u00e4ngning. \ud83c\udfe0Fr\u00e5n f\u00f6nster i hemmet till bilglas och badrumskakel, den hanterar vardaglig reng\u00f6ring med l\u00e4tthet.","og_url":"https:\/\/mekulo.com\/se\/produkt\/4-i-1-verktyg-for-fonsterputsning\/","og_site_name":"Mekulo SE","og_image":[{"width":800,"height":800,"url":"https:\/\/mekulo.com\/se\/wp-content\/uploads\/sites\/11\/2026\/02\/4lhetjb-1.jpg","type":"image\/jpeg"}],"twitter_card":"summary_large_image","twitter_misc":{"Ber\u00e4knad l\u00e4stid":"2 minuter"},"schema":{"@context":"https:\/\/schema.org","@graph":[{"@type":"WebPage","@id":"https:\/\/mekulo.com\/se\/produkt\/4-i-1-verktyg-for-fonsterputsning\/","url":"https:\/\/mekulo.com\/se\/produkt\/4-i-1-verktyg-for-fonsterputsning\/","name":"4-i-1 verktyg f\u00f6r f\u00f6nsterputsning - Mekulo SE","isPartOf":{"@id":"https:\/\/mekulo.com\/se\/#website"},"primaryImageOfPage":{"@id":"https:\/\/mekulo.com\/se\/produkt\/4-i-1-verktyg-for-fonsterputsning\/#primaryimage"},"image":{"@id":"https:\/\/mekulo.com\/se\/produkt\/4-i-1-verktyg-for-fonsterputsning\/#primaryimage"},"thumbnailUrl":"https:\/\/mekulo.com\/se\/wp-content\/uploads\/sites\/11\/2026\/02\/4lhetjb-1.jpg","datePublished":"2026-02-05T05:33:06+00:00","breadcrumb":{"@id":"https:\/\/mekulo.com\/se\/produkt\/4-i-1-verktyg-for-fonsterputsning\/#breadcrumb"},"inLanguage":"sv-SE","potentialAction":[{"@type":"ReadAction","target":["https:\/\/mekulo.com\/se\/produkt\/4-i-1-verktyg-for-fonsterputsning\/"]}]},{"@type":"ImageObject","inLanguage":"sv-SE","@id":"https:\/\/mekulo.com\/se\/produkt\/4-i-1-verktyg-for-fonsterputsning\/#primaryimage","url":"https:\/\/mekulo.com\/se\/wp-content\/uploads\/sites\/11\/2026\/02\/4lhetjb-1.jpg","contentUrl":"https:\/\/mekulo.com\/se\/wp-content\/uploads\/sites\/11\/2026\/02\/4lhetjb-1.jpg","width":800,"height":800},{"@type":"BreadcrumbList","@id":"https:\/\/mekulo.com\/se\/produkt\/4-i-1-verktyg-for-fonsterputsning\/#breadcrumb","itemListElement":[{"@type":"ListItem","position":1,"name":"Home","item":"https:\/\/mekulo.com\/se\/"},{"@type":"ListItem","position":2,"name":"Butik","item":"https:\/\/mekulo.com\/se\/butik\/"},{"@type":"ListItem","position":3,"name":"4-i-1 verktyg f\u00f6r f\u00f6nsterputsning"}]},{"@type":"WebSite","@id":"https:\/\/mekulo.com\/se\/#website","url":"https:\/\/mekulo.com\/se\/","name":"Mekulo SE","description":"","publisher":{"@id":"https:\/\/mekulo.com\/se\/#organization"},"potentialAction":[{"@type":"SearchAction","target":{"@type":"EntryPoint","urlTemplate":"https:\/\/mekulo.com\/se\/?s={search_term_string}"},"query-input":{"@type":"PropertyValueSpecification","valueRequired":true,"valueName":"search_term_string"}}],"inLanguage":"sv-SE"},{"@type":"Organization","@id":"https:\/\/mekulo.com\/se\/#organization","name":"Mekulo","url":"https:\/\/mekulo.com\/se\/","logo":{"@type":"ImageObject","inLanguage":"sv-SE","@id":"https:\/\/mekulo.com\/se\/#\/schema\/logo\/image\/","url":"https:\/\/mekulo.com\/se\/wp-content\/uploads\/sites\/11\/2025\/12\/favicon_mekulo.png","contentUrl":"https:\/\/mekulo.com\/se\/wp-content\/uploads\/sites\/11\/2025\/12\/favicon_mekulo.png","width":50,"height":50,"caption":"Mekulo"},"image":{"@id":"https:\/\/mekulo.com\/se\/#\/schema\/logo\/image\/"}}]}},"_links":{"self":[{"href":"https:\/\/mekulo.com\/se\/wp-json\/wp\/v2\/product\/21642","targetHints":{"allow":["GET"]}}],"collection":[{"href":"https:\/\/mekulo.com\/se\/wp-json\/wp\/v2\/product"}],"about":[{"href":"https:\/\/mekulo.com\/se\/wp-json\/wp\/v2\/types\/product"}],"replies":[{"embeddable":true,"href":"https:\/\/mekulo.com\/se\/wp-json\/wp\/v2\/comments?post=21642"}],"wp:featuredmedia":[{"embeddable":true,"href":"https:\/\/mekulo.com\/se\/wp-json\/wp\/v2\/media\/21638"}],"wp:attachment":[{"href":"https:\/\/mekulo.com\/se\/wp-json\/wp\/v2\/media?parent=21642"}],"wp:term":[{"taxonomy":"product_brand","embeddable":true,"href":"https:\/\/mekulo.com\/se\/wp-json\/wp\/v2\/product_brand?post=21642"},{"taxonomy":"product_cat","embeddable":true,"href":"https:\/\/mekulo.com\/se\/wp-json\/wp\/v2\/product_cat?post=21642"},{"taxonomy":"product_tag","embeddable":true,"href":"https:\/\/mekulo.com\/se\/wp-json\/wp\/v2\/product_tag?post=21642"}],"curies":[{"name":"wp","href":"https:\/\/api.w.org\/{rel}","templated":true}]}}