{"id":21592,"date":"2026-02-05T07:30:13","date_gmt":"2026-02-05T05:30:13","guid":{"rendered":"https:\/\/mekulo.com\/se\/produkt\/3d-multimarkningsfyrkant\/"},"modified":"2026-02-10T11:11:44","modified_gmt":"2026-02-10T09:11:44","slug":"3d-multimarkningsfyrkant","status":"publish","type":"product","link":"https:\/\/mekulo.com\/se\/produkt\/3d-multimarkningsfyrkant\/","title":{"rendered":"3D-multim\u00e4rkningsfyrkant"},"content":{"rendered":"<p style=\"text-align: center\" data-start=\"0\" data-end=\"64\"><strong data-start=\"0\" data-end=\"64\">Markera ansikten och kanter samtidigt med perfekt noggrannhet. \ud83d\udcd0<\/strong><\/p>\n<p data-start=\"0\" data-end=\"64\"><img fetchpriority=\"high\" decoding=\"async\" class=\"size-full wp-image-23557 aligncenter\" src=\"https:\/\/mekulo.com\/template\/wp-content\/uploads\/sites\/6\/2026\/02\/3-4.jpeg\" alt=\"\" width=\"1200\" height=\"1200\" \/><\/p>\n<h2 style=\"text-align: center\" data-start=\"387\" data-end=\"404\"><strong>Huvudf\u00f6rdelar \ud83d\udcd0<\/strong><\/h2>\n<p data-start=\"407\" data-end=\"462\">\ud83d\udcd0 \u00c4kta 3D-m\u00e4rkning &#8211; M\u00e4rk ytor och kanter samtidigt.<\/p>\n<p data-start=\"465\" data-end=\"527\">\ud83c\udfaf H\u00f6g noggrannhet &#8211; Minskar inriktnings- och \u00f6verf\u00f6ringsfel.<\/p>\n<p data-start=\"530\" data-end=\"590\">\ud83e\uddf1 Stabil p\u00e5 tunna skivor &#8211; Bred bas f\u00f6rhindrar vobbling.<\/p>\n<p data-start=\"593\" data-end=\"661\">\ud83d\udccf Inbyggda stegstorlekar &#8211; Enkel m\u00e4rkning f\u00f6r 0,6 cm, 0,9 cm och 1 cm.<\/p>\n<p data-start=\"664\" data-end=\"734\">\ud83d\udee0\ufe0f Perfekt f\u00f6r maskininst\u00e4llning &#8211; St\u00e4ller in blad- och bordsvinklar snabbt.<\/p>\n<p data-start=\"737\" data-end=\"797\">\u2728 Tydliga graverade skalor &#8211; l\u00e4tta att l\u00e4sa i alla ljusf\u00f6rh\u00e5llanden.<\/p>\n<p data-start=\"737\" data-end=\"797\"><img decoding=\"async\" class=\"size-full wp-image-23562 aligncenter\" src=\"https:\/\/mekulo.com\/template\/wp-content\/uploads\/sites\/6\/2026\/02\/9e2fe57a37d89d4c19292c216408b7dabfe18183.avif\" alt=\"\" \/><\/p>\n<h2 style=\"text-align: center\" data-start=\"799\" data-end=\"813\"><strong>Hur Man Anv\u00e4nder \ud83d\udccc<\/strong><\/h2>\n<ol data-start=\"814\" data-end=\"1068\">\n<li data-start=\"814\" data-end=\"879\">\n<p data-start=\"817\" data-end=\"879\">Placera fyrkanten mot arbetsstyckets yta och kant.<\/p>\n<\/li>\n<li data-start=\"880\" data-end=\"946\">\n<p data-start=\"883\" data-end=\"946\">Glid l\u00e4ngs br\u00e4dan f\u00f6r att markera b\u00e5da ytorna samtidigt.<\/p>\n<\/li>\n<li data-start=\"947\" data-end=\"997\">\n<p data-start=\"950\" data-end=\"997\">Anv\u00e4nd de trappstegsformade urtagen f\u00f6r snabba storleksmarkeringar.<\/p>\n<\/li>\n<li data-start=\"998\" data-end=\"1068\">\n<p data-start=\"1001\" data-end=\"1068\">St\u00e4ll den p\u00e5 maskinbord f\u00f6r att kontrollera bladets eller bitsens h\u00f6jd och vinklar.<\/p>\n<\/li>\n<\/ol>\n<h2 style=\"text-align: center\" data-start=\"1070\" data-end=\"1089\"><strong>Produktdetaljer \ud83d\udccf<\/strong><\/h2>\n<ul data-start=\"1090\" data-end=\"1401\">\n<li data-start=\"1090\" data-end=\"1127\">\n<p data-start=\"1092\" data-end=\"1127\">Material: Flygplanstillverkad aluminium<\/p>\n<\/li>\n<li data-start=\"1128\" data-end=\"1173\">\n<p data-start=\"1130\" data-end=\"1173\">Konstruktion: Precisionsfr\u00e4st solid kropp<\/p>\n<\/li>\n<li data-start=\"1174\" data-end=\"1225\">\n<p data-start=\"1176\" data-end=\"1225\">F\u00e4stelement: Skruvar i rostfritt st\u00e5l med h\u00f6g h\u00e5llfasthet<\/p>\n<\/li>\n<li data-start=\"1226\" data-end=\"1277\">\n<p data-start=\"1228\" data-end=\"1277\">Design: Dubbla kontinuerliga ben med mittsp\u00e5r<\/p>\n<\/li>\n<li data-start=\"1278\" data-end=\"1339\">\n<p data-start=\"1280\" data-end=\"1339\">Funktioner: Graverade vita skalor, trappstegsformade markeringsfickor<\/p>\n<\/li>\n<li data-start=\"1340\" data-end=\"1401\">\n<p data-start=\"1342\" data-end=\"1401\">Anv\u00e4ndningsomr\u00e5den: Snickeri, tapparbeten, maskininst\u00e4llningar<\/p>\n<\/li>\n<li data-start=\"1340\" data-end=\"1401\">Storlekar: Alternativ A: 112 x 79 x 83 mm, Alternativ B: 112 x 79 x 84 mm<\/li>\n<\/ul>\n<h2 style=\"text-align: center\" data-start=\"1403\" data-end=\"1423\"><strong>Paketet Inneh\u00e5ller \ud83d\udce6<\/strong><\/h2>\n<ul data-start=\"1424\" data-end=\"1453\" data-is-last-node=\"\" data-is-only-node=\"\">\n<li data-start=\"1424\" data-end=\"1453\" data-is-last-node=\"\">\n<p data-start=\"1426\" data-end=\"1453\" data-is-last-node=\"\">Alternativ A: 1x 3D-multimarkeringsfyra, 1x insexnyckel<\/p>\n<\/li>\n<li data-start=\"1424\" data-end=\"1453\" data-is-last-node=\"\">\n<p data-start=\"1426\" data-end=\"1453\" data-is-last-node=\"\">Alternativ B: 1x 3D-multimarkeringsfyra, 1x insexnyckel, 1x cylindriskt metallstopp \/ positioneringsstift.<\/p>\n<\/li>\n<\/ul>\n","protected":false},"excerpt":{"rendered":"<p>\ud83d\udcd0Med den h\u00e4r 3D-multimarkeringsfyrkanten kan du markera framsidan, kanten och baksidan av arbetsstycket i ett steg, vilket minskar antalet fel och sparar tid.<br \/>\n\ud83d\udc68\u200d\ud83d\udd27Its unika tv\u00e5bensdesign h\u00e5ller linjerna i linje \u00f6ver ytor f\u00f6r rena, exakta snickerier.<br \/>\n\ud83e\udeb5Det g\u00f6r den idealisk f\u00f6r tr\u00e4arbetare som vill ha konsekventa resultat utan st\u00e4ndiga omkontroller.<\/p>\n","protected":false},"featured_media":21588,"comment_status":"open","ping_status":"closed","template":"","meta":{"site-sidebar-layout":"default","site-content-layout":"","ast-site-content-layout":"default","site-content-style":"default","site-sidebar-style":"default","ast-global-header-display":"","ast-banner-title-visibility":"","ast-main-header-display":"","ast-hfb-above-header-display":"","ast-hfb-below-header-display":"","ast-hfb-mobile-header-display":"","site-post-title":"","ast-breadcrumbs-content":"","ast-featured-img":"","footer-sml-layout":"","theme-transparent-header-meta":"default","adv-header-id-meta":"","stick-header-meta":"","header-above-stick-meta":"","header-main-stick-meta":"","header-below-stick-meta":"","astra-migrate-meta-layouts":"set","ast-page-background-enabled":"default","ast-page-background-meta":{"desktop":{"background-color":"var(--ast-global-color-5)","background-image":"","background-repeat":"repeat","background-position":"center center","background-size":"auto","background-attachment":"scroll","background-type":"","background-media":"","overlay-type":"","overlay-color":"","overlay-opacity":"","overlay-gradient":""},"tablet":{"background-color":"","background-image":"","background-repeat":"repeat","background-position":"center center","background-size":"auto","background-attachment":"scroll","background-type":"","background-media":"","overlay-type":"","overlay-color":"","overlay-opacity":"","overlay-gradient":""},"mobile":{"background-color":"","background-image":"","background-repeat":"repeat","background-position":"center center","background-size":"auto","background-attachment":"scroll","background-type":"","background-media":"","overlay-type":"","overlay-color":"","overlay-opacity":"","overlay-gradient":""}},"ast-content-background-meta":{"desktop":{"background-color":"var(--ast-global-color-4)","background-image":"","background-repeat":"repeat","background-position":"center center","background-size":"auto","background-attachment":"scroll","background-type":"","background-media":"","overlay-type":"","overlay-color":"","overlay-opacity":"","overlay-gradient":""},"tablet":{"background-color":"var(--ast-global-color-4)","background-image":"","background-repeat":"repeat","background-position":"center center","background-size":"auto","background-attachment":"scroll","background-type":"","background-media":"","overlay-type":"","overlay-color":"","overlay-opacity":"","overlay-gradient":""},"mobile":{"background-color":"var(--ast-global-color-4)","background-image":"","background-repeat":"repeat","background-position":"center center","background-size":"auto","background-attachment":"scroll","background-type":"","background-media":"","overlay-type":"","overlay-color":"","overlay-opacity":"","overlay-gradient":""}}},"product_brand":[],"product_cat":[171],"product_tag":[],"class_list":{"0":"post-21592","1":"product","2":"type-product","3":"status-publish","4":"has-post-thumbnail","6":"product_cat-verktyg","7":"pa_54610_9qrpo7v9-a","8":"pa_54610_9qrpo7v9-b","9":"pa_54610_cv2160tn-bla","10":"pa_54610_cv2160tn-rod","11":"pa_54610_cv2160tn-svart","12":"desktop-align-left","13":"tablet-align-left","14":"mobile-align-left","16":"first","17":"instock","18":"shipping-taxable","19":"purchasable","20":"product-type-variable","21":"has-default-attributes"},"yoast_head":"<!-- This site is optimized with the Yoast SEO plugin v26.6 - https:\/\/yoast.com\/wordpress\/plugins\/seo\/ -->\n<title>3D-multim\u00e4rkningsfyrkant - Mekulo SE<\/title>\n<meta name=\"robots\" content=\"index, follow, max-snippet:-1, max-image-preview:large, max-video-preview:-1\" \/>\n<link rel=\"canonical\" href=\"https:\/\/mekulo.com\/se\/produkt\/3d-multimarkningsfyrkant\/\" \/>\n<meta property=\"og:locale\" content=\"sv_SE\" \/>\n<meta property=\"og:type\" content=\"article\" \/>\n<meta property=\"og:title\" content=\"3D-multim\u00e4rkningsfyrkant - Mekulo SE\" \/>\n<meta property=\"og:description\" content=\"\ud83d\udcd0Med den h\u00e4r 3D-multimarkeringsfyrkanten kan du markera framsidan, kanten och baksidan av arbetsstycket i ett steg, vilket minskar antalet fel och sparar tid. \ud83d\udc68\u200d\ud83d\udd27Its unika tv\u00e5bensdesign h\u00e5ller linjerna i linje \u00f6ver ytor f\u00f6r rena, exakta snickerier. \ud83e\udeb5Det g\u00f6r den idealisk f\u00f6r tr\u00e4arbetare som vill ha konsekventa resultat utan st\u00e4ndiga omkontroller.\" \/>\n<meta property=\"og:url\" content=\"https:\/\/mekulo.com\/se\/produkt\/3d-multimarkningsfyrkant\/\" \/>\n<meta property=\"og:site_name\" content=\"Mekulo SE\" \/>\n<meta property=\"article:modified_time\" content=\"2026-02-10T09:11:44+00:00\" \/>\n<meta property=\"og:image\" content=\"https:\/\/mekulo.com\/se\/wp-content\/uploads\/sites\/11\/2026\/02\/vy77bba-1.webp\" \/>\n\t<meta property=\"og:image:width\" content=\"1600\" \/>\n\t<meta property=\"og:image:height\" content=\"1600\" \/>\n\t<meta property=\"og:image:type\" content=\"image\/webp\" \/>\n<meta name=\"twitter:card\" content=\"summary_large_image\" \/>\n<meta name=\"twitter:label1\" content=\"Ber\u00e4knad l\u00e4stid\" \/>\n\t<meta name=\"twitter:data1\" content=\"2 minuter\" \/>\n<script type=\"application\/ld+json\" class=\"yoast-schema-graph\">{\"@context\":\"https:\/\/schema.org\",\"@graph\":[{\"@type\":\"WebPage\",\"@id\":\"https:\/\/mekulo.com\/se\/produkt\/3d-multimarkningsfyrkant\/\",\"url\":\"https:\/\/mekulo.com\/se\/produkt\/3d-multimarkningsfyrkant\/\",\"name\":\"3D-multim\u00e4rkningsfyrkant - Mekulo SE\",\"isPartOf\":{\"@id\":\"https:\/\/mekulo.com\/se\/#website\"},\"primaryImageOfPage\":{\"@id\":\"https:\/\/mekulo.com\/se\/produkt\/3d-multimarkningsfyrkant\/#primaryimage\"},\"image\":{\"@id\":\"https:\/\/mekulo.com\/se\/produkt\/3d-multimarkningsfyrkant\/#primaryimage\"},\"thumbnailUrl\":\"https:\/\/mekulo.com\/se\/wp-content\/uploads\/sites\/11\/2026\/02\/vy77bba-1.webp\",\"datePublished\":\"2026-02-05T05:30:13+00:00\",\"dateModified\":\"2026-02-10T09:11:44+00:00\",\"breadcrumb\":{\"@id\":\"https:\/\/mekulo.com\/se\/produkt\/3d-multimarkningsfyrkant\/#breadcrumb\"},\"inLanguage\":\"sv-SE\",\"potentialAction\":[{\"@type\":\"ReadAction\",\"target\":[\"https:\/\/mekulo.com\/se\/produkt\/3d-multimarkningsfyrkant\/\"]}]},{\"@type\":\"ImageObject\",\"inLanguage\":\"sv-SE\",\"@id\":\"https:\/\/mekulo.com\/se\/produkt\/3d-multimarkningsfyrkant\/#primaryimage\",\"url\":\"https:\/\/mekulo.com\/se\/wp-content\/uploads\/sites\/11\/2026\/02\/vy77bba-1.webp\",\"contentUrl\":\"https:\/\/mekulo.com\/se\/wp-content\/uploads\/sites\/11\/2026\/02\/vy77bba-1.webp\",\"width\":1600,\"height\":1600},{\"@type\":\"BreadcrumbList\",\"@id\":\"https:\/\/mekulo.com\/se\/produkt\/3d-multimarkningsfyrkant\/#breadcrumb\",\"itemListElement\":[{\"@type\":\"ListItem\",\"position\":1,\"name\":\"Home\",\"item\":\"https:\/\/mekulo.com\/se\/\"},{\"@type\":\"ListItem\",\"position\":2,\"name\":\"Butik\",\"item\":\"https:\/\/mekulo.com\/se\/butik\/\"},{\"@type\":\"ListItem\",\"position\":3,\"name\":\"3D-multim\u00e4rkningsfyrkant\"}]},{\"@type\":\"WebSite\",\"@id\":\"https:\/\/mekulo.com\/se\/#website\",\"url\":\"https:\/\/mekulo.com\/se\/\",\"name\":\"Mekulo SE\",\"description\":\"\",\"publisher\":{\"@id\":\"https:\/\/mekulo.com\/se\/#organization\"},\"potentialAction\":[{\"@type\":\"SearchAction\",\"target\":{\"@type\":\"EntryPoint\",\"urlTemplate\":\"https:\/\/mekulo.com\/se\/?s={search_term_string}\"},\"query-input\":{\"@type\":\"PropertyValueSpecification\",\"valueRequired\":true,\"valueName\":\"search_term_string\"}}],\"inLanguage\":\"sv-SE\"},{\"@type\":\"Organization\",\"@id\":\"https:\/\/mekulo.com\/se\/#organization\",\"name\":\"Mekulo\",\"url\":\"https:\/\/mekulo.com\/se\/\",\"logo\":{\"@type\":\"ImageObject\",\"inLanguage\":\"sv-SE\",\"@id\":\"https:\/\/mekulo.com\/se\/#\/schema\/logo\/image\/\",\"url\":\"https:\/\/mekulo.com\/se\/wp-content\/uploads\/sites\/11\/2025\/12\/favicon_mekulo.png\",\"contentUrl\":\"https:\/\/mekulo.com\/se\/wp-content\/uploads\/sites\/11\/2025\/12\/favicon_mekulo.png\",\"width\":50,\"height\":50,\"caption\":\"Mekulo\"},\"image\":{\"@id\":\"https:\/\/mekulo.com\/se\/#\/schema\/logo\/image\/\"}}]}<\/script>\n<!-- \/ Yoast SEO plugin. -->","yoast_head_json":{"title":"3D-multim\u00e4rkningsfyrkant - Mekulo SE","robots":{"index":"index","follow":"follow","max-snippet":"max-snippet:-1","max-image-preview":"max-image-preview:large","max-video-preview":"max-video-preview:-1"},"canonical":"https:\/\/mekulo.com\/se\/produkt\/3d-multimarkningsfyrkant\/","og_locale":"sv_SE","og_type":"article","og_title":"3D-multim\u00e4rkningsfyrkant - Mekulo SE","og_description":"\ud83d\udcd0Med den h\u00e4r 3D-multimarkeringsfyrkanten kan du markera framsidan, kanten och baksidan av arbetsstycket i ett steg, vilket minskar antalet fel och sparar tid. \ud83d\udc68\u200d\ud83d\udd27Its unika tv\u00e5bensdesign h\u00e5ller linjerna i linje \u00f6ver ytor f\u00f6r rena, exakta snickerier. \ud83e\udeb5Det g\u00f6r den idealisk f\u00f6r tr\u00e4arbetare som vill ha konsekventa resultat utan st\u00e4ndiga omkontroller.","og_url":"https:\/\/mekulo.com\/se\/produkt\/3d-multimarkningsfyrkant\/","og_site_name":"Mekulo SE","article_modified_time":"2026-02-10T09:11:44+00:00","og_image":[{"width":1600,"height":1600,"url":"https:\/\/mekulo.com\/se\/wp-content\/uploads\/sites\/11\/2026\/02\/vy77bba-1.webp","type":"image\/webp"}],"twitter_card":"summary_large_image","twitter_misc":{"Ber\u00e4knad l\u00e4stid":"2 minuter"},"schema":{"@context":"https:\/\/schema.org","@graph":[{"@type":"WebPage","@id":"https:\/\/mekulo.com\/se\/produkt\/3d-multimarkningsfyrkant\/","url":"https:\/\/mekulo.com\/se\/produkt\/3d-multimarkningsfyrkant\/","name":"3D-multim\u00e4rkningsfyrkant - Mekulo SE","isPartOf":{"@id":"https:\/\/mekulo.com\/se\/#website"},"primaryImageOfPage":{"@id":"https:\/\/mekulo.com\/se\/produkt\/3d-multimarkningsfyrkant\/#primaryimage"},"image":{"@id":"https:\/\/mekulo.com\/se\/produkt\/3d-multimarkningsfyrkant\/#primaryimage"},"thumbnailUrl":"https:\/\/mekulo.com\/se\/wp-content\/uploads\/sites\/11\/2026\/02\/vy77bba-1.webp","datePublished":"2026-02-05T05:30:13+00:00","dateModified":"2026-02-10T09:11:44+00:00","breadcrumb":{"@id":"https:\/\/mekulo.com\/se\/produkt\/3d-multimarkningsfyrkant\/#breadcrumb"},"inLanguage":"sv-SE","potentialAction":[{"@type":"ReadAction","target":["https:\/\/mekulo.com\/se\/produkt\/3d-multimarkningsfyrkant\/"]}]},{"@type":"ImageObject","inLanguage":"sv-SE","@id":"https:\/\/mekulo.com\/se\/produkt\/3d-multimarkningsfyrkant\/#primaryimage","url":"https:\/\/mekulo.com\/se\/wp-content\/uploads\/sites\/11\/2026\/02\/vy77bba-1.webp","contentUrl":"https:\/\/mekulo.com\/se\/wp-content\/uploads\/sites\/11\/2026\/02\/vy77bba-1.webp","width":1600,"height":1600},{"@type":"BreadcrumbList","@id":"https:\/\/mekulo.com\/se\/produkt\/3d-multimarkningsfyrkant\/#breadcrumb","itemListElement":[{"@type":"ListItem","position":1,"name":"Home","item":"https:\/\/mekulo.com\/se\/"},{"@type":"ListItem","position":2,"name":"Butik","item":"https:\/\/mekulo.com\/se\/butik\/"},{"@type":"ListItem","position":3,"name":"3D-multim\u00e4rkningsfyrkant"}]},{"@type":"WebSite","@id":"https:\/\/mekulo.com\/se\/#website","url":"https:\/\/mekulo.com\/se\/","name":"Mekulo SE","description":"","publisher":{"@id":"https:\/\/mekulo.com\/se\/#organization"},"potentialAction":[{"@type":"SearchAction","target":{"@type":"EntryPoint","urlTemplate":"https:\/\/mekulo.com\/se\/?s={search_term_string}"},"query-input":{"@type":"PropertyValueSpecification","valueRequired":true,"valueName":"search_term_string"}}],"inLanguage":"sv-SE"},{"@type":"Organization","@id":"https:\/\/mekulo.com\/se\/#organization","name":"Mekulo","url":"https:\/\/mekulo.com\/se\/","logo":{"@type":"ImageObject","inLanguage":"sv-SE","@id":"https:\/\/mekulo.com\/se\/#\/schema\/logo\/image\/","url":"https:\/\/mekulo.com\/se\/wp-content\/uploads\/sites\/11\/2025\/12\/favicon_mekulo.png","contentUrl":"https:\/\/mekulo.com\/se\/wp-content\/uploads\/sites\/11\/2025\/12\/favicon_mekulo.png","width":50,"height":50,"caption":"Mekulo"},"image":{"@id":"https:\/\/mekulo.com\/se\/#\/schema\/logo\/image\/"}}]}},"_links":{"self":[{"href":"https:\/\/mekulo.com\/se\/wp-json\/wp\/v2\/product\/21592","targetHints":{"allow":["GET"]}}],"collection":[{"href":"https:\/\/mekulo.com\/se\/wp-json\/wp\/v2\/product"}],"about":[{"href":"https:\/\/mekulo.com\/se\/wp-json\/wp\/v2\/types\/product"}],"replies":[{"embeddable":true,"href":"https:\/\/mekulo.com\/se\/wp-json\/wp\/v2\/comments?post=21592"}],"wp:featuredmedia":[{"embeddable":true,"href":"https:\/\/mekulo.com\/se\/wp-json\/wp\/v2\/media\/21588"}],"wp:attachment":[{"href":"https:\/\/mekulo.com\/se\/wp-json\/wp\/v2\/media?parent=21592"}],"wp:term":[{"taxonomy":"product_brand","embeddable":true,"href":"https:\/\/mekulo.com\/se\/wp-json\/wp\/v2\/product_brand?post=21592"},{"taxonomy":"product_cat","embeddable":true,"href":"https:\/\/mekulo.com\/se\/wp-json\/wp\/v2\/product_cat?post=21592"},{"taxonomy":"product_tag","embeddable":true,"href":"https:\/\/mekulo.com\/se\/wp-json\/wp\/v2\/product_tag?post=21592"}],"curies":[{"name":"wp","href":"https:\/\/api.w.org\/{rel}","templated":true}]}}