{"id":21577,"date":"2026-02-05T07:28:56","date_gmt":"2026-02-05T05:28:56","guid":{"rendered":"https:\/\/mekulo.com\/se\/produkt\/propanfackla-ograsbrannarsats\/"},"modified":"2026-02-05T07:40:49","modified_gmt":"2026-02-05T05:40:49","slug":"propanfackla-ograsbrannarsats","status":"publish","type":"product","link":"https:\/\/mekulo.com\/se\/produkt\/propanfackla-ograsbrannarsats\/","title":{"rendered":"Propanfackla ogr\u00e4sbr\u00e4nnarsats"},"content":{"rendered":"<div class=\"flex max-w-full flex-col grow\">\n<div class=\"min-h-8 text-message relative flex w-full flex-col items-end gap-2 text-start break-words whitespace-normal [.text-message+&amp;]:mt-1\" dir=\"auto\" data-message-author-role=\"assistant\" data-message-id=\"6400d3be-7f26-4d1d-9ba5-c9df32c4aa56\" data-message-model-slug=\"gpt-5-2\">\n<div class=\"flex w-full flex-col gap-1 empty:hidden first:pt-[1px]\">\n<div class=\"markdown prose dark:prose-invert w-full wrap-break-word light markdown-new-styling\">\n<p style=\"text-align: center\" data-start=\"0\" data-end=\"48\"><strong data-start=\"0\" data-end=\"48\">Br\u00e4nn Ogr\u00e4s Snabbt Och Rent Utan Kemikalier. \ud83d\udd25<\/strong><\/p>\n<p data-start=\"0\" data-end=\"48\"><img fetchpriority=\"high\" decoding=\"async\" class=\"size-full wp-image-23547 aligncenter\" src=\"https:\/\/mekulo.com\/template\/wp-content\/uploads\/sites\/6\/2026\/02\/3-1.jpg\" alt=\"\" width=\"1080\" height=\"1080\" \/><\/p>\n<h2 style=\"text-align: center\" data-start=\"516\" data-end=\"533\"><strong>Huvudf\u00f6rdelar \ud83d\udd25<\/strong><\/h2>\n<p data-start=\"536\" data-end=\"610\">\ud83d\udd25 Kraftfull flammkontroll &#8211; Justerbar eldkraft f\u00f6r olika uppgifter.<\/p>\n<p data-start=\"613\" data-end=\"692\">\ud83c\udf31 Kemikaliefri ogr\u00e4sborttagning &#8211; Milj\u00f6v\u00e4nlig och s\u00e4ker f\u00f6r milj\u00f6n.<\/p>\n<p data-start=\"695\" data-end=\"766\">\ud83d\udee0\ufe0f Kraftig konstruktion &#8211; M\u00e4ssing och r\u00f6d koppar f\u00f6r l\u00e5ng livsl\u00e4ngd.<\/p>\n<p data-start=\"769\" data-end=\"842\">\u2744\ufe0f Multifunktionell anv\u00e4ndning &#8211; Ogr\u00e4sbr\u00e4nning, upptining av is, svetsning och mer.<\/p>\n<p data-start=\"845\" data-end=\"908\">\ud83d\udd12 S\u00e4ker drift &#8211; Stark t\u00e4tning och h\u00f6gtrycksslang.<\/p>\n<p data-start=\"911\" data-end=\"965\">\ud83d\udcdc CSA-certifierad &#8211; Testad f\u00f6r s\u00e4kerhet och kvalitet.<\/p>\n<p data-start=\"911\" data-end=\"965\"><img decoding=\"async\" class=\"size-full wp-image-23544 aligncenter\" src=\"https:\/\/mekulo.com\/template\/wp-content\/uploads\/sites\/6\/2026\/02\/He36442523a384bd5bf780715122d2e46S.webp\" alt=\"\" width=\"1000\" height=\"1684\" \/><\/p>\n<h2 style=\"text-align: center\" data-start=\"967\" data-end=\"981\"><strong>Hur Man Anv\u00e4nder \ud83d\udccc<\/strong><\/h2>\n<ol data-start=\"982\" data-end=\"1226\">\n<li data-start=\"982\" data-end=\"1034\">\n<p data-start=\"985\" data-end=\"1034\">Anslut facklan till en propan- eller LPG-gasbeh\u00e5llare.<\/p>\n<\/li>\n<li data-start=\"1035\" data-end=\"1073\">\n<p data-start=\"1038\" data-end=\"1073\">Sl\u00e5 p\u00e5 gasen med str\u00f6mbrytaren.<\/p>\n<\/li>\n<li data-start=\"1074\" data-end=\"1123\">\n<p data-start=\"1077\" data-end=\"1123\">T\u00e4nd facklan och justera flamniv\u00e5n.<\/p>\n<\/li>\n<li data-start=\"1124\" data-end=\"1177\">\n<p data-start=\"1127\" data-end=\"1177\">Sikta p\u00e5 ogr\u00e4s eller m\u00e5lomr\u00e5det och r\u00f6r dig l\u00e5ngsamt.<\/p>\n<\/li>\n<li data-start=\"1178\" data-end=\"1226\">\n<p data-start=\"1181\" data-end=\"1226\">St\u00e4ng av gasen efter anv\u00e4ndning och l\u00e5t svalna.<\/p>\n<\/li>\n<\/ol>\n<h2 style=\"text-align: center\" data-start=\"1228\" data-end=\"1247\"><strong>Produktdetaljer \ud83d\udccf<\/strong><\/h2>\n<ul data-start=\"1248\" data-end=\"1510\">\n<li data-start=\"1248\" data-end=\"1283\">\n<p data-start=\"1250\" data-end=\"1283\">Material: M\u00e4ssing och r\u00f6d koppar<\/p>\n<\/li>\n<li data-start=\"1284\" data-end=\"1311\">\n<p data-start=\"1286\" data-end=\"1311\">Gastyp: Propan \/ LPG<\/p>\n<\/li>\n<li data-start=\"1312\" data-end=\"1355\">\n<p data-start=\"1314\" data-end=\"1355\">Switchalternativ: dubbel switch<\/p>\n<\/li>\n<li data-start=\"1356\" data-end=\"1402\">\n<p data-start=\"1358\" data-end=\"1402\">Slang: Slitstark, h\u00f6gtrycksdesign<\/p>\n<\/li>\n<li data-start=\"1403\" data-end=\"1478\">\n<p data-start=\"1405\" data-end=\"1478\">Anv\u00e4ndningsomr\u00e5den: Ogr\u00e4sbr\u00e4nning, upptining, svetsning, desinfektion, underh\u00e5ll<\/p>\n<\/li>\n<li data-start=\"1403\" data-end=\"1478\">Typer: 30# typ (405 mm), 35# typ (480 mm), 50# typ (680 mm)<\/li>\n<\/ul>\n<h2 style=\"text-align: center\">Paketet Ing\u00e5r \ud83d\udce6<\/h2>\n<ul>\n<li data-start=\"51\" data-end=\"131\">1x gasbl\u00e5sarhuvud<\/li>\n<li data-start=\"51\" data-end=\"131\">1x r\u00f6d gasslang<\/li>\n<li data-start=\"51\" data-end=\"131\">1x upps\u00e4ttning anslutningar\/beslag.<\/li>\n<\/ul>\n<\/div>\n<\/div>\n<\/div>\n<\/div>\n","protected":false},"excerpt":{"rendered":"<p>\ud83d\udc68\u200d\ud83d\udd27This propane torch weed burner kit levererar kraftfull, justerbar flamv\u00e4rme f\u00f6r att ta bort ogr\u00e4s, sm\u00e4lta is och hantera m\u00e5nga utomhusuppgifter med l\u00e4tthet.<br \/>\n\ud83d\udd25Det fungerar med propan eller LPG och ger dig stark, kontrollerad eldkraft exakt d\u00e4r du beh\u00f6ver det.<br \/>\n\ud83c\udfe1Det \u00e4r byggt av h\u00e5llbar m\u00e4ssing och r\u00f6d koppar, vilket g\u00f6r det p\u00e5litligt f\u00f6r l\u00e5ngvarig utomhus- och professionell anv\u00e4ndning.<\/p>\n","protected":false},"featured_media":21573,"comment_status":"open","ping_status":"closed","template":"","meta":{"site-sidebar-layout":"default","site-content-layout":"","ast-site-content-layout":"default","site-content-style":"default","site-sidebar-style":"default","ast-global-header-display":"","ast-banner-title-visibility":"","ast-main-header-display":"","ast-hfb-above-header-display":"","ast-hfb-below-header-display":"","ast-hfb-mobile-header-display":"","site-post-title":"","ast-breadcrumbs-content":"","ast-featured-img":"","footer-sml-layout":"","theme-transparent-header-meta":"default","adv-header-id-meta":"","stick-header-meta":"","header-above-stick-meta":"","header-main-stick-meta":"","header-below-stick-meta":"","astra-migrate-meta-layouts":"set","ast-page-background-enabled":"default","ast-page-background-meta":{"desktop":{"background-color":"var(--ast-global-color-5)","background-image":"","background-repeat":"repeat","background-position":"center center","background-size":"auto","background-attachment":"scroll","background-type":"","background-media":"","overlay-type":"","overlay-color":"","overlay-opacity":"","overlay-gradient":""},"tablet":{"background-color":"","background-image":"","background-repeat":"repeat","background-position":"center center","background-size":"auto","background-attachment":"scroll","background-type":"","background-media":"","overlay-type":"","overlay-color":"","overlay-opacity":"","overlay-gradient":""},"mobile":{"background-color":"","background-image":"","background-repeat":"repeat","background-position":"center center","background-size":"auto","background-attachment":"scroll","background-type":"","background-media":"","overlay-type":"","overlay-color":"","overlay-opacity":"","overlay-gradient":""}},"ast-content-background-meta":{"desktop":{"background-color":"var(--ast-global-color-4)","background-image":"","background-repeat":"repeat","background-position":"center center","background-size":"auto","background-attachment":"scroll","background-type":"","background-media":"","overlay-type":"","overlay-color":"","overlay-opacity":"","overlay-gradient":""},"tablet":{"background-color":"var(--ast-global-color-4)","background-image":"","background-repeat":"repeat","background-position":"center center","background-size":"auto","background-attachment":"scroll","background-type":"","background-media":"","overlay-type":"","overlay-color":"","overlay-opacity":"","overlay-gradient":""},"mobile":{"background-color":"var(--ast-global-color-4)","background-image":"","background-repeat":"repeat","background-position":"center center","background-size":"auto","background-attachment":"scroll","background-type":"","background-media":"","overlay-type":"","overlay-color":"","overlay-opacity":"","overlay-gradient":""}}},"product_brand":[],"product_cat":[171],"product_tag":[],"class_list":{"0":"post-21577","1":"product","2":"type-product","3":"status-publish","4":"has-post-thumbnail","6":"product_cat-verktyg","7":"pa_54590_2xylhsc8-1525","8":"pa_54590_2xylhsc8-1526","9":"pa_54590_2xylhsc8-1527","10":"desktop-align-left","11":"tablet-align-left","12":"mobile-align-left","14":"first","15":"instock","16":"shipping-taxable","17":"purchasable","18":"product-type-variable"},"yoast_head":"<!-- This site is optimized with the Yoast SEO plugin v26.6 - https:\/\/yoast.com\/wordpress\/plugins\/seo\/ -->\n<title>Propanfackla ogr\u00e4sbr\u00e4nnarsats - Mekulo SE<\/title>\n<meta name=\"robots\" content=\"index, follow, max-snippet:-1, max-image-preview:large, max-video-preview:-1\" \/>\n<link rel=\"canonical\" href=\"https:\/\/mekulo.com\/se\/produkt\/propanfackla-ograsbrannarsats\/\" \/>\n<meta property=\"og:locale\" content=\"sv_SE\" \/>\n<meta property=\"og:type\" content=\"article\" \/>\n<meta property=\"og:title\" content=\"Propanfackla ogr\u00e4sbr\u00e4nnarsats - Mekulo SE\" \/>\n<meta property=\"og:description\" content=\"\ud83d\udc68\u200d\ud83d\udd27This propane torch weed burner kit levererar kraftfull, justerbar flamv\u00e4rme f\u00f6r att ta bort ogr\u00e4s, sm\u00e4lta is och hantera m\u00e5nga utomhusuppgifter med l\u00e4tthet. \ud83d\udd25Det fungerar med propan eller LPG och ger dig stark, kontrollerad eldkraft exakt d\u00e4r du beh\u00f6ver det. \ud83c\udfe1Det \u00e4r byggt av h\u00e5llbar m\u00e4ssing och r\u00f6d koppar, vilket g\u00f6r det p\u00e5litligt f\u00f6r l\u00e5ngvarig utomhus- och professionell anv\u00e4ndning.\" \/>\n<meta property=\"og:url\" content=\"https:\/\/mekulo.com\/se\/produkt\/propanfackla-ograsbrannarsats\/\" \/>\n<meta property=\"og:site_name\" content=\"Mekulo SE\" \/>\n<meta property=\"article:modified_time\" content=\"2026-02-05T05:40:49+00:00\" \/>\n<meta property=\"og:image\" content=\"https:\/\/mekulo.com\/se\/wp-content\/uploads\/sites\/11\/2026\/02\/3vhxcof-1.jpg\" \/>\n\t<meta property=\"og:image:width\" content=\"1080\" \/>\n\t<meta property=\"og:image:height\" content=\"1080\" \/>\n\t<meta property=\"og:image:type\" content=\"image\/jpeg\" \/>\n<meta name=\"twitter:card\" content=\"summary_large_image\" \/>\n<meta name=\"twitter:label1\" content=\"Ber\u00e4knad l\u00e4stid\" \/>\n\t<meta name=\"twitter:data1\" content=\"2 minuter\" \/>\n<script type=\"application\/ld+json\" class=\"yoast-schema-graph\">{\"@context\":\"https:\/\/schema.org\",\"@graph\":[{\"@type\":\"WebPage\",\"@id\":\"https:\/\/mekulo.com\/se\/produkt\/propanfackla-ograsbrannarsats\/\",\"url\":\"https:\/\/mekulo.com\/se\/produkt\/propanfackla-ograsbrannarsats\/\",\"name\":\"Propanfackla ogr\u00e4sbr\u00e4nnarsats - Mekulo SE\",\"isPartOf\":{\"@id\":\"https:\/\/mekulo.com\/se\/#website\"},\"primaryImageOfPage\":{\"@id\":\"https:\/\/mekulo.com\/se\/produkt\/propanfackla-ograsbrannarsats\/#primaryimage\"},\"image\":{\"@id\":\"https:\/\/mekulo.com\/se\/produkt\/propanfackla-ograsbrannarsats\/#primaryimage\"},\"thumbnailUrl\":\"https:\/\/mekulo.com\/se\/wp-content\/uploads\/sites\/11\/2026\/02\/3vhxcof-1.jpg\",\"datePublished\":\"2026-02-05T05:28:56+00:00\",\"dateModified\":\"2026-02-05T05:40:49+00:00\",\"breadcrumb\":{\"@id\":\"https:\/\/mekulo.com\/se\/produkt\/propanfackla-ograsbrannarsats\/#breadcrumb\"},\"inLanguage\":\"sv-SE\",\"potentialAction\":[{\"@type\":\"ReadAction\",\"target\":[\"https:\/\/mekulo.com\/se\/produkt\/propanfackla-ograsbrannarsats\/\"]}]},{\"@type\":\"ImageObject\",\"inLanguage\":\"sv-SE\",\"@id\":\"https:\/\/mekulo.com\/se\/produkt\/propanfackla-ograsbrannarsats\/#primaryimage\",\"url\":\"https:\/\/mekulo.com\/se\/wp-content\/uploads\/sites\/11\/2026\/02\/3vhxcof-1.jpg\",\"contentUrl\":\"https:\/\/mekulo.com\/se\/wp-content\/uploads\/sites\/11\/2026\/02\/3vhxcof-1.jpg\",\"width\":1080,\"height\":1080},{\"@type\":\"BreadcrumbList\",\"@id\":\"https:\/\/mekulo.com\/se\/produkt\/propanfackla-ograsbrannarsats\/#breadcrumb\",\"itemListElement\":[{\"@type\":\"ListItem\",\"position\":1,\"name\":\"Home\",\"item\":\"https:\/\/mekulo.com\/se\/\"},{\"@type\":\"ListItem\",\"position\":2,\"name\":\"Butik\",\"item\":\"https:\/\/mekulo.com\/se\/butik\/\"},{\"@type\":\"ListItem\",\"position\":3,\"name\":\"Propanfackla ogr\u00e4sbr\u00e4nnarsats\"}]},{\"@type\":\"WebSite\",\"@id\":\"https:\/\/mekulo.com\/se\/#website\",\"url\":\"https:\/\/mekulo.com\/se\/\",\"name\":\"Mekulo SE\",\"description\":\"\",\"publisher\":{\"@id\":\"https:\/\/mekulo.com\/se\/#organization\"},\"potentialAction\":[{\"@type\":\"SearchAction\",\"target\":{\"@type\":\"EntryPoint\",\"urlTemplate\":\"https:\/\/mekulo.com\/se\/?s={search_term_string}\"},\"query-input\":{\"@type\":\"PropertyValueSpecification\",\"valueRequired\":true,\"valueName\":\"search_term_string\"}}],\"inLanguage\":\"sv-SE\"},{\"@type\":\"Organization\",\"@id\":\"https:\/\/mekulo.com\/se\/#organization\",\"name\":\"Mekulo\",\"url\":\"https:\/\/mekulo.com\/se\/\",\"logo\":{\"@type\":\"ImageObject\",\"inLanguage\":\"sv-SE\",\"@id\":\"https:\/\/mekulo.com\/se\/#\/schema\/logo\/image\/\",\"url\":\"https:\/\/mekulo.com\/se\/wp-content\/uploads\/sites\/11\/2025\/12\/favicon_mekulo.png\",\"contentUrl\":\"https:\/\/mekulo.com\/se\/wp-content\/uploads\/sites\/11\/2025\/12\/favicon_mekulo.png\",\"width\":50,\"height\":50,\"caption\":\"Mekulo\"},\"image\":{\"@id\":\"https:\/\/mekulo.com\/se\/#\/schema\/logo\/image\/\"}}]}<\/script>\n<!-- \/ Yoast SEO plugin. -->","yoast_head_json":{"title":"Propanfackla ogr\u00e4sbr\u00e4nnarsats - Mekulo SE","robots":{"index":"index","follow":"follow","max-snippet":"max-snippet:-1","max-image-preview":"max-image-preview:large","max-video-preview":"max-video-preview:-1"},"canonical":"https:\/\/mekulo.com\/se\/produkt\/propanfackla-ograsbrannarsats\/","og_locale":"sv_SE","og_type":"article","og_title":"Propanfackla ogr\u00e4sbr\u00e4nnarsats - Mekulo SE","og_description":"\ud83d\udc68\u200d\ud83d\udd27This propane torch weed burner kit levererar kraftfull, justerbar flamv\u00e4rme f\u00f6r att ta bort ogr\u00e4s, sm\u00e4lta is och hantera m\u00e5nga utomhusuppgifter med l\u00e4tthet. \ud83d\udd25Det fungerar med propan eller LPG och ger dig stark, kontrollerad eldkraft exakt d\u00e4r du beh\u00f6ver det. \ud83c\udfe1Det \u00e4r byggt av h\u00e5llbar m\u00e4ssing och r\u00f6d koppar, vilket g\u00f6r det p\u00e5litligt f\u00f6r l\u00e5ngvarig utomhus- och professionell anv\u00e4ndning.","og_url":"https:\/\/mekulo.com\/se\/produkt\/propanfackla-ograsbrannarsats\/","og_site_name":"Mekulo SE","article_modified_time":"2026-02-05T05:40:49+00:00","og_image":[{"width":1080,"height":1080,"url":"https:\/\/mekulo.com\/se\/wp-content\/uploads\/sites\/11\/2026\/02\/3vhxcof-1.jpg","type":"image\/jpeg"}],"twitter_card":"summary_large_image","twitter_misc":{"Ber\u00e4knad l\u00e4stid":"2 minuter"},"schema":{"@context":"https:\/\/schema.org","@graph":[{"@type":"WebPage","@id":"https:\/\/mekulo.com\/se\/produkt\/propanfackla-ograsbrannarsats\/","url":"https:\/\/mekulo.com\/se\/produkt\/propanfackla-ograsbrannarsats\/","name":"Propanfackla ogr\u00e4sbr\u00e4nnarsats - Mekulo SE","isPartOf":{"@id":"https:\/\/mekulo.com\/se\/#website"},"primaryImageOfPage":{"@id":"https:\/\/mekulo.com\/se\/produkt\/propanfackla-ograsbrannarsats\/#primaryimage"},"image":{"@id":"https:\/\/mekulo.com\/se\/produkt\/propanfackla-ograsbrannarsats\/#primaryimage"},"thumbnailUrl":"https:\/\/mekulo.com\/se\/wp-content\/uploads\/sites\/11\/2026\/02\/3vhxcof-1.jpg","datePublished":"2026-02-05T05:28:56+00:00","dateModified":"2026-02-05T05:40:49+00:00","breadcrumb":{"@id":"https:\/\/mekulo.com\/se\/produkt\/propanfackla-ograsbrannarsats\/#breadcrumb"},"inLanguage":"sv-SE","potentialAction":[{"@type":"ReadAction","target":["https:\/\/mekulo.com\/se\/produkt\/propanfackla-ograsbrannarsats\/"]}]},{"@type":"ImageObject","inLanguage":"sv-SE","@id":"https:\/\/mekulo.com\/se\/produkt\/propanfackla-ograsbrannarsats\/#primaryimage","url":"https:\/\/mekulo.com\/se\/wp-content\/uploads\/sites\/11\/2026\/02\/3vhxcof-1.jpg","contentUrl":"https:\/\/mekulo.com\/se\/wp-content\/uploads\/sites\/11\/2026\/02\/3vhxcof-1.jpg","width":1080,"height":1080},{"@type":"BreadcrumbList","@id":"https:\/\/mekulo.com\/se\/produkt\/propanfackla-ograsbrannarsats\/#breadcrumb","itemListElement":[{"@type":"ListItem","position":1,"name":"Home","item":"https:\/\/mekulo.com\/se\/"},{"@type":"ListItem","position":2,"name":"Butik","item":"https:\/\/mekulo.com\/se\/butik\/"},{"@type":"ListItem","position":3,"name":"Propanfackla ogr\u00e4sbr\u00e4nnarsats"}]},{"@type":"WebSite","@id":"https:\/\/mekulo.com\/se\/#website","url":"https:\/\/mekulo.com\/se\/","name":"Mekulo SE","description":"","publisher":{"@id":"https:\/\/mekulo.com\/se\/#organization"},"potentialAction":[{"@type":"SearchAction","target":{"@type":"EntryPoint","urlTemplate":"https:\/\/mekulo.com\/se\/?s={search_term_string}"},"query-input":{"@type":"PropertyValueSpecification","valueRequired":true,"valueName":"search_term_string"}}],"inLanguage":"sv-SE"},{"@type":"Organization","@id":"https:\/\/mekulo.com\/se\/#organization","name":"Mekulo","url":"https:\/\/mekulo.com\/se\/","logo":{"@type":"ImageObject","inLanguage":"sv-SE","@id":"https:\/\/mekulo.com\/se\/#\/schema\/logo\/image\/","url":"https:\/\/mekulo.com\/se\/wp-content\/uploads\/sites\/11\/2025\/12\/favicon_mekulo.png","contentUrl":"https:\/\/mekulo.com\/se\/wp-content\/uploads\/sites\/11\/2025\/12\/favicon_mekulo.png","width":50,"height":50,"caption":"Mekulo"},"image":{"@id":"https:\/\/mekulo.com\/se\/#\/schema\/logo\/image\/"}}]}},"_links":{"self":[{"href":"https:\/\/mekulo.com\/se\/wp-json\/wp\/v2\/product\/21577","targetHints":{"allow":["GET"]}}],"collection":[{"href":"https:\/\/mekulo.com\/se\/wp-json\/wp\/v2\/product"}],"about":[{"href":"https:\/\/mekulo.com\/se\/wp-json\/wp\/v2\/types\/product"}],"replies":[{"embeddable":true,"href":"https:\/\/mekulo.com\/se\/wp-json\/wp\/v2\/comments?post=21577"}],"wp:featuredmedia":[{"embeddable":true,"href":"https:\/\/mekulo.com\/se\/wp-json\/wp\/v2\/media\/21573"}],"wp:attachment":[{"href":"https:\/\/mekulo.com\/se\/wp-json\/wp\/v2\/media?parent=21577"}],"wp:term":[{"taxonomy":"product_brand","embeddable":true,"href":"https:\/\/mekulo.com\/se\/wp-json\/wp\/v2\/product_brand?post=21577"},{"taxonomy":"product_cat","embeddable":true,"href":"https:\/\/mekulo.com\/se\/wp-json\/wp\/v2\/product_cat?post=21577"},{"taxonomy":"product_tag","embeddable":true,"href":"https:\/\/mekulo.com\/se\/wp-json\/wp\/v2\/product_tag?post=21577"}],"curies":[{"name":"wp","href":"https:\/\/api.w.org\/{rel}","templated":true}]}}