{"id":21523,"date":"2026-02-04T21:00:09","date_gmt":"2026-02-04T19:00:09","guid":{"rendered":"https:\/\/mekulo.com\/se\/produkt\/testare-av-elektriska-kretsar-for-fordon\/"},"modified":"2026-02-10T11:11:45","modified_gmt":"2026-02-10T09:11:45","slug":"testare-av-elektriska-kretsar-for-fordon","status":"publish","type":"product","link":"https:\/\/mekulo.com\/se\/produkt\/testare-av-elektriska-kretsar-for-fordon\/","title":{"rendered":"Testare av elektriska kretsar f\u00f6r fordon"},"content":{"rendered":"<div class=\"flex flex-col text-sm pb-25\">\n<article class=\"text-token-text-primary w-full focus:outline-none [--shadow-height:45px] has-data-writing-block:pointer-events-none has-data-writing-block:-mt-(--shadow-height) has-data-writing-block:pt-(--shadow-height) [&amp;:has([data-writing-block])&gt;*]:pointer-events-auto scroll-mt-[calc(var(--header-height)+min(200px,max(70px,20svh)))]\" dir=\"auto\" data-turn-id=\"request-69788f7d-d97c-832a-a512-ce7bdd364928-0\" data-testid=\"conversation-turn-114\" data-scroll-anchor=\"true\" data-turn=\"assistant\">\n<div class=\"text-base my-auto mx-auto pb-10 [--thread-content-margin:--spacing(4)] @w-sm\/main:[--thread-content-margin:--spacing(6)] @w-lg\/main:[--thread-content-margin:--spacing(16)] px-(--thread-content-margin)\">\n<div class=\"[--thread-content-max-width:40rem] @w-lg\/main:[--thread-content-max-width:48rem] mx-auto max-w-(--thread-content-max-width) flex-1 group\/turn-messages focus-visible:outline-hidden relative flex w-full min-w-0 flex-col agent-turn\">\n<div class=\"flex max-w-full flex-col grow\">\n<div class=\"min-h-8 text-message relative flex w-full flex-col items-end gap-2 text-start break-words whitespace-normal [.text-message+&amp;]:mt-1\" dir=\"auto\" data-message-author-role=\"assistant\" data-message-id=\"25a5b520-4a21-44c2-85e4-0a1c74bda00b\" data-message-model-slug=\"gpt-5-2\">\n<div class=\"flex w-full flex-col gap-1 empty:hidden first:pt-[1px]\">\n<div class=\"markdown prose dark:prose-invert w-full wrap-break-word light markdown-new-styling\">\n<p style=\"text-align: center\" data-start=\"0\" data-end=\"66\"><strong data-start=\"0\" data-end=\"66\">Hitta Elektriska Fel Snabbt Utan Att Klippa Eller Skada Ledningar. \ud83e\uddd1\u200d\ud83d\udd27<\/strong><\/p>\n<p data-start=\"0\" data-end=\"66\"><img fetchpriority=\"high\" decoding=\"async\" class=\"size-full wp-image-23408 aligncenter\" src=\"https:\/\/mekulo.com\/template\/wp-content\/uploads\/sites\/6\/2026\/02\/H981abc6c54964a58bb317e1464d4f1b3u.jpg_960x960q75.jpg_.jpg\" alt=\"\" width=\"1080\" height=\"1080\" \/><\/p>\n<h2 style=\"text-align: center\" data-start=\"376\" data-end=\"393\">Huvudsakliga f\u00f6rdelar \u26a1<\/h2>\n<p data-start=\"396\" data-end=\"467\">\u26a1 Hitta kortslutningar och avbrott &#8211; Detektera \u00f6ppna kretsar och str\u00f6ml\u00e4ckor.<\/p>\n<p data-start=\"470\" data-end=\"538\">\ud83d\udd0d Ber\u00f6ringsfri sp\u00e5rning &#8211; Ingen genomborrning av ledningar eller isoleringsskador.<\/p>\n<p data-start=\"541\" data-end=\"604\">\ud83e\udded Riktningsindikator &#8211; Leder dig direkt till felet.<\/p>\n<p data-start=\"607\" data-end=\"663\">\ud83d\ude97 Brett sp\u00e4nningsintervall &#8211; Fungerar p\u00e5 6V\u201342V DC-system.<\/p>\n<p data-start=\"666\" data-end=\"728\">\ud83d\udee0\ufe0f Flexibel sond &#8211; N\u00e5 tr\u00e5nga och dolda ledningsomr\u00e5den.<\/p>\n<p data-start=\"731\" data-end=\"791\">\u23f1\ufe0f Sparar tid &#8211; Snabbare diagnos inneb\u00e4r snabbare reparationer.<\/p>\n<p data-start=\"731\" data-end=\"791\"><img decoding=\"async\" class=\"size-full wp-image-23404 aligncenter\" src=\"https:\/\/mekulo.com\/template\/wp-content\/uploads\/sites\/6\/2026\/02\/1a173f1a81dc5fd5d21e0965d5db92e311ff1762.jpg\" alt=\"\" width=\"1080\" height=\"666\" \/><\/p>\n<h2 style=\"text-align: center\" data-start=\"793\" data-end=\"807\">Anv\u00e4ndning \ud83d\udccc<\/h2>\n<ol data-start=\"808\" data-end=\"1079\">\n<li data-start=\"808\" data-end=\"873\">\n<p data-start=\"811\" data-end=\"873\">Anslut s\u00e4ndaren till kretsen eller ledningen som ska testas.<\/p>\n<\/li>\n<li data-start=\"874\" data-end=\"933\">\n<p data-start=\"877\" data-end=\"933\">Sl\u00e5 p\u00e5 mottagaren och justera k\u00e4nsligheten vid behov.<\/p>\n<\/li>\n<li data-start=\"934\" data-end=\"980\">\n<p data-start=\"937\" data-end=\"980\">Skanna ledningarna med den flexibla sonden.<\/p>\n<\/li>\n<li data-start=\"981\" data-end=\"1036\">\n<p data-start=\"984\" data-end=\"1036\">F\u00f6lj tonen och indikatorn f\u00f6r att lokalisera felet.<\/p>\n<\/li>\n<li data-start=\"1037\" data-end=\"1079\">\n<p data-start=\"1040\" data-end=\"1079\">Reparera problemet och testa igen f\u00f6r att bekr\u00e4fta.<\/p>\n<\/li>\n<\/ol>\n<h2 style=\"text-align: center\" data-start=\"1081\" data-end=\"1100\">Produktdetaljer \ud83d\udccf<\/h2>\n<ul data-start=\"1101\" data-end=\"1422\">\n<li data-start=\"1156\" data-end=\"1184\">\n<p data-start=\"1158\" data-end=\"1184\">Sp\u00e4nningsintervall: 6V\u201342V DC<\/p>\n<\/li>\n<li data-start=\"1185\" data-end=\"1234\">\n<p data-start=\"1187\" data-end=\"1234\">Str\u00f6mf\u00f6rs\u00f6rjning: 2 x 9V batterier (ing\u00e5r ej)<\/p>\n<\/li>\n<li data-start=\"1235\" data-end=\"1274\">\n<p data-start=\"1237\" data-end=\"1274\">Sondl\u00e4ngd: 17.7 cm flexibel sond<\/p>\n<\/li>\n<li data-start=\"1275\" data-end=\"1301\">\n<p data-start=\"1277\" data-end=\"1301\">Material: Rullat st\u00e5l<\/p>\n<\/li>\n<li data-start=\"1302\" data-end=\"1369\">\n<p data-start=\"1304\" data-end=\"1369\">Funktioner: Tr\u00e5dsp\u00e5rning, kortslutningsdetektering, lokalisering av \u00f6ppna kretsar<\/p>\n<\/li>\n<li data-start=\"1370\" data-end=\"1422\">\n<p data-start=\"1372\" data-end=\"1422\">Anv\u00e4ndningsomr\u00e5den: Bilar, lastbilar, traktorer, b\u00e5tar, husvagnar<\/p>\n<\/li>\n<li data-start=\"1370\" data-end=\"1422\">Storlekar: Sond: 204 x 179 x 44 mm, S\u00e4ndarenhet: 58 x 68 x 675 mm<\/li>\n<\/ul>\n<h2 style=\"text-align: center\" data-start=\"1424\" data-end=\"1444\">Paketet Inneh\u00e5ller \ud83d\udce6<\/h2>\n<ul>\n<li data-start=\"131\" data-end=\"188\">\n<p data-start=\"133\" data-end=\"188\">1x handh\u00e5llen kabelmottagare\/sond<\/p>\n<\/li>\n<li data-start=\"189\" data-end=\"252\">\n<p data-start=\"191\" data-end=\"252\">1x s\u00e4ndarenhet<\/p>\n<\/li>\n<li data-start=\"253\" data-end=\"279\">\n<p data-start=\"255\" data-end=\"279\">1x bruksanvisning<\/p>\n<\/li>\n<li data-start=\"280\" data-end=\"317\">\n<p data-start=\"282\" data-end=\"317\">1x b\u00e4rv\u00e4ska\/f\u00f6rvaringsv\u00e4ska.<\/p>\n<\/li>\n<\/ul>\n<\/div>\n<\/div>\n<\/div>\n<\/div>\n<\/div>\n<\/div>\n<\/article>\n<\/div>\n","protected":false},"excerpt":{"rendered":"<p>\ud83e\uddd1\u200d\ud83d\udd27This bilens elektriska kretsprovare hj\u00e4lper dig att snabbt hitta kortslutningar, avbrott och \u00f6ppna kretsar i fordonets ledningar.<br \/>\n\ud83d\ude98Den anv\u00e4nder kontaktfri sp\u00e5rning f\u00f6r att leda dig direkt till problemomr\u00e5det, vilket sparar tid och gissningar.<br \/>\n\u26a1Detta professionella verktyg g\u00f6r elektrisk diagnostik snabbare, s\u00e4krare och mer exakt.<\/p>\n","protected":false},"featured_media":21519,"comment_status":"open","ping_status":"closed","template":"","meta":{"site-sidebar-layout":"default","site-content-layout":"","ast-site-content-layout":"default","site-content-style":"default","site-sidebar-style":"default","ast-global-header-display":"","ast-banner-title-visibility":"","ast-main-header-display":"","ast-hfb-above-header-display":"","ast-hfb-below-header-display":"","ast-hfb-mobile-header-display":"","site-post-title":"","ast-breadcrumbs-content":"","ast-featured-img":"","footer-sml-layout":"","theme-transparent-header-meta":"default","adv-header-id-meta":"","stick-header-meta":"","header-above-stick-meta":"","header-main-stick-meta":"","header-below-stick-meta":"","astra-migrate-meta-layouts":"set","ast-page-background-enabled":"default","ast-page-background-meta":{"desktop":{"background-color":"var(--ast-global-color-5)","background-image":"","background-repeat":"repeat","background-position":"center center","background-size":"auto","background-attachment":"scroll","background-type":"","background-media":"","overlay-type":"","overlay-color":"","overlay-opacity":"","overlay-gradient":""},"tablet":{"background-color":"","background-image":"","background-repeat":"repeat","background-position":"center center","background-size":"auto","background-attachment":"scroll","background-type":"","background-media":"","overlay-type":"","overlay-color":"","overlay-opacity":"","overlay-gradient":""},"mobile":{"background-color":"","background-image":"","background-repeat":"repeat","background-position":"center center","background-size":"auto","background-attachment":"scroll","background-type":"","background-media":"","overlay-type":"","overlay-color":"","overlay-opacity":"","overlay-gradient":""}},"ast-content-background-meta":{"desktop":{"background-color":"var(--ast-global-color-4)","background-image":"","background-repeat":"repeat","background-position":"center center","background-size":"auto","background-attachment":"scroll","background-type":"","background-media":"","overlay-type":"","overlay-color":"","overlay-opacity":"","overlay-gradient":""},"tablet":{"background-color":"var(--ast-global-color-4)","background-image":"","background-repeat":"repeat","background-position":"center center","background-size":"auto","background-attachment":"scroll","background-type":"","background-media":"","overlay-type":"","overlay-color":"","overlay-opacity":"","overlay-gradient":""},"mobile":{"background-color":"var(--ast-global-color-4)","background-image":"","background-repeat":"repeat","background-position":"center center","background-size":"auto","background-attachment":"scroll","background-type":"","background-media":"","overlay-type":"","overlay-color":"","overlay-opacity":"","overlay-gradient":""}}},"product_brand":[],"product_cat":[161,171],"product_tag":[],"class_list":{"0":"post-21523","1":"product","2":"type-product","3":"status-publish","4":"has-post-thumbnail","6":"product_cat-bilprodukter","7":"product_cat-verktyg","8":"desktop-align-left","9":"tablet-align-left","10":"mobile-align-left","12":"first","13":"instock","14":"shipping-taxable","15":"purchasable","16":"product-type-simple"},"yoast_head":"<!-- This site is optimized with the Yoast SEO plugin v26.6 - https:\/\/yoast.com\/wordpress\/plugins\/seo\/ -->\n<title>Testare av elektriska kretsar f\u00f6r fordon - Mekulo SE<\/title>\n<meta name=\"robots\" content=\"index, follow, max-snippet:-1, max-image-preview:large, max-video-preview:-1\" \/>\n<link rel=\"canonical\" href=\"https:\/\/mekulo.com\/se\/produkt\/testare-av-elektriska-kretsar-for-fordon\/\" \/>\n<meta property=\"og:locale\" content=\"sv_SE\" \/>\n<meta property=\"og:type\" content=\"article\" \/>\n<meta property=\"og:title\" content=\"Testare av elektriska kretsar f\u00f6r fordon - Mekulo SE\" \/>\n<meta property=\"og:description\" content=\"\ud83e\uddd1\u200d\ud83d\udd27This bilens elektriska kretsprovare hj\u00e4lper dig att snabbt hitta kortslutningar, avbrott och \u00f6ppna kretsar i fordonets ledningar. \ud83d\ude98Den anv\u00e4nder kontaktfri sp\u00e5rning f\u00f6r att leda dig direkt till problemomr\u00e5det, vilket sparar tid och gissningar. \u26a1Detta professionella verktyg g\u00f6r elektrisk diagnostik snabbare, s\u00e4krare och mer exakt.\" \/>\n<meta property=\"og:url\" content=\"https:\/\/mekulo.com\/se\/produkt\/testare-av-elektriska-kretsar-for-fordon\/\" \/>\n<meta property=\"og:site_name\" content=\"Mekulo SE\" \/>\n<meta property=\"article:modified_time\" content=\"2026-02-10T09:11:45+00:00\" \/>\n<meta property=\"og:image\" content=\"https:\/\/mekulo.com\/se\/wp-content\/uploads\/sites\/11\/2026\/02\/wyz6xrf-1.jpg\" \/>\n\t<meta property=\"og:image:width\" content=\"960\" \/>\n\t<meta property=\"og:image:height\" content=\"960\" \/>\n\t<meta property=\"og:image:type\" content=\"image\/jpeg\" \/>\n<meta name=\"twitter:card\" content=\"summary_large_image\" \/>\n<meta name=\"twitter:label1\" content=\"Ber\u00e4knad l\u00e4stid\" \/>\n\t<meta name=\"twitter:data1\" content=\"2 minuter\" \/>\n<script type=\"application\/ld+json\" class=\"yoast-schema-graph\">{\"@context\":\"https:\/\/schema.org\",\"@graph\":[{\"@type\":\"WebPage\",\"@id\":\"https:\/\/mekulo.com\/se\/produkt\/testare-av-elektriska-kretsar-for-fordon\/\",\"url\":\"https:\/\/mekulo.com\/se\/produkt\/testare-av-elektriska-kretsar-for-fordon\/\",\"name\":\"Testare av elektriska kretsar f\u00f6r fordon - Mekulo SE\",\"isPartOf\":{\"@id\":\"https:\/\/mekulo.com\/se\/#website\"},\"primaryImageOfPage\":{\"@id\":\"https:\/\/mekulo.com\/se\/produkt\/testare-av-elektriska-kretsar-for-fordon\/#primaryimage\"},\"image\":{\"@id\":\"https:\/\/mekulo.com\/se\/produkt\/testare-av-elektriska-kretsar-for-fordon\/#primaryimage\"},\"thumbnailUrl\":\"https:\/\/mekulo.com\/se\/wp-content\/uploads\/sites\/11\/2026\/02\/wyz6xrf-1.jpg\",\"datePublished\":\"2026-02-04T19:00:09+00:00\",\"dateModified\":\"2026-02-10T09:11:45+00:00\",\"breadcrumb\":{\"@id\":\"https:\/\/mekulo.com\/se\/produkt\/testare-av-elektriska-kretsar-for-fordon\/#breadcrumb\"},\"inLanguage\":\"sv-SE\",\"potentialAction\":[{\"@type\":\"ReadAction\",\"target\":[\"https:\/\/mekulo.com\/se\/produkt\/testare-av-elektriska-kretsar-for-fordon\/\"]}]},{\"@type\":\"ImageObject\",\"inLanguage\":\"sv-SE\",\"@id\":\"https:\/\/mekulo.com\/se\/produkt\/testare-av-elektriska-kretsar-for-fordon\/#primaryimage\",\"url\":\"https:\/\/mekulo.com\/se\/wp-content\/uploads\/sites\/11\/2026\/02\/wyz6xrf-1.jpg\",\"contentUrl\":\"https:\/\/mekulo.com\/se\/wp-content\/uploads\/sites\/11\/2026\/02\/wyz6xrf-1.jpg\",\"width\":960,\"height\":960},{\"@type\":\"BreadcrumbList\",\"@id\":\"https:\/\/mekulo.com\/se\/produkt\/testare-av-elektriska-kretsar-for-fordon\/#breadcrumb\",\"itemListElement\":[{\"@type\":\"ListItem\",\"position\":1,\"name\":\"Home\",\"item\":\"https:\/\/mekulo.com\/se\/\"},{\"@type\":\"ListItem\",\"position\":2,\"name\":\"Butik\",\"item\":\"https:\/\/mekulo.com\/se\/butik\/\"},{\"@type\":\"ListItem\",\"position\":3,\"name\":\"Testare av elektriska kretsar f\u00f6r fordon\"}]},{\"@type\":\"WebSite\",\"@id\":\"https:\/\/mekulo.com\/se\/#website\",\"url\":\"https:\/\/mekulo.com\/se\/\",\"name\":\"Mekulo SE\",\"description\":\"\",\"publisher\":{\"@id\":\"https:\/\/mekulo.com\/se\/#organization\"},\"potentialAction\":[{\"@type\":\"SearchAction\",\"target\":{\"@type\":\"EntryPoint\",\"urlTemplate\":\"https:\/\/mekulo.com\/se\/?s={search_term_string}\"},\"query-input\":{\"@type\":\"PropertyValueSpecification\",\"valueRequired\":true,\"valueName\":\"search_term_string\"}}],\"inLanguage\":\"sv-SE\"},{\"@type\":\"Organization\",\"@id\":\"https:\/\/mekulo.com\/se\/#organization\",\"name\":\"Mekulo\",\"url\":\"https:\/\/mekulo.com\/se\/\",\"logo\":{\"@type\":\"ImageObject\",\"inLanguage\":\"sv-SE\",\"@id\":\"https:\/\/mekulo.com\/se\/#\/schema\/logo\/image\/\",\"url\":\"https:\/\/mekulo.com\/se\/wp-content\/uploads\/sites\/11\/2025\/12\/favicon_mekulo.png\",\"contentUrl\":\"https:\/\/mekulo.com\/se\/wp-content\/uploads\/sites\/11\/2025\/12\/favicon_mekulo.png\",\"width\":50,\"height\":50,\"caption\":\"Mekulo\"},\"image\":{\"@id\":\"https:\/\/mekulo.com\/se\/#\/schema\/logo\/image\/\"}}]}<\/script>\n<!-- \/ Yoast SEO plugin. -->","yoast_head_json":{"title":"Testare av elektriska kretsar f\u00f6r fordon - Mekulo SE","robots":{"index":"index","follow":"follow","max-snippet":"max-snippet:-1","max-image-preview":"max-image-preview:large","max-video-preview":"max-video-preview:-1"},"canonical":"https:\/\/mekulo.com\/se\/produkt\/testare-av-elektriska-kretsar-for-fordon\/","og_locale":"sv_SE","og_type":"article","og_title":"Testare av elektriska kretsar f\u00f6r fordon - Mekulo SE","og_description":"\ud83e\uddd1\u200d\ud83d\udd27This bilens elektriska kretsprovare hj\u00e4lper dig att snabbt hitta kortslutningar, avbrott och \u00f6ppna kretsar i fordonets ledningar. \ud83d\ude98Den anv\u00e4nder kontaktfri sp\u00e5rning f\u00f6r att leda dig direkt till problemomr\u00e5det, vilket sparar tid och gissningar. \u26a1Detta professionella verktyg g\u00f6r elektrisk diagnostik snabbare, s\u00e4krare och mer exakt.","og_url":"https:\/\/mekulo.com\/se\/produkt\/testare-av-elektriska-kretsar-for-fordon\/","og_site_name":"Mekulo SE","article_modified_time":"2026-02-10T09:11:45+00:00","og_image":[{"width":960,"height":960,"url":"https:\/\/mekulo.com\/se\/wp-content\/uploads\/sites\/11\/2026\/02\/wyz6xrf-1.jpg","type":"image\/jpeg"}],"twitter_card":"summary_large_image","twitter_misc":{"Ber\u00e4knad l\u00e4stid":"2 minuter"},"schema":{"@context":"https:\/\/schema.org","@graph":[{"@type":"WebPage","@id":"https:\/\/mekulo.com\/se\/produkt\/testare-av-elektriska-kretsar-for-fordon\/","url":"https:\/\/mekulo.com\/se\/produkt\/testare-av-elektriska-kretsar-for-fordon\/","name":"Testare av elektriska kretsar f\u00f6r fordon - Mekulo SE","isPartOf":{"@id":"https:\/\/mekulo.com\/se\/#website"},"primaryImageOfPage":{"@id":"https:\/\/mekulo.com\/se\/produkt\/testare-av-elektriska-kretsar-for-fordon\/#primaryimage"},"image":{"@id":"https:\/\/mekulo.com\/se\/produkt\/testare-av-elektriska-kretsar-for-fordon\/#primaryimage"},"thumbnailUrl":"https:\/\/mekulo.com\/se\/wp-content\/uploads\/sites\/11\/2026\/02\/wyz6xrf-1.jpg","datePublished":"2026-02-04T19:00:09+00:00","dateModified":"2026-02-10T09:11:45+00:00","breadcrumb":{"@id":"https:\/\/mekulo.com\/se\/produkt\/testare-av-elektriska-kretsar-for-fordon\/#breadcrumb"},"inLanguage":"sv-SE","potentialAction":[{"@type":"ReadAction","target":["https:\/\/mekulo.com\/se\/produkt\/testare-av-elektriska-kretsar-for-fordon\/"]}]},{"@type":"ImageObject","inLanguage":"sv-SE","@id":"https:\/\/mekulo.com\/se\/produkt\/testare-av-elektriska-kretsar-for-fordon\/#primaryimage","url":"https:\/\/mekulo.com\/se\/wp-content\/uploads\/sites\/11\/2026\/02\/wyz6xrf-1.jpg","contentUrl":"https:\/\/mekulo.com\/se\/wp-content\/uploads\/sites\/11\/2026\/02\/wyz6xrf-1.jpg","width":960,"height":960},{"@type":"BreadcrumbList","@id":"https:\/\/mekulo.com\/se\/produkt\/testare-av-elektriska-kretsar-for-fordon\/#breadcrumb","itemListElement":[{"@type":"ListItem","position":1,"name":"Home","item":"https:\/\/mekulo.com\/se\/"},{"@type":"ListItem","position":2,"name":"Butik","item":"https:\/\/mekulo.com\/se\/butik\/"},{"@type":"ListItem","position":3,"name":"Testare av elektriska kretsar f\u00f6r fordon"}]},{"@type":"WebSite","@id":"https:\/\/mekulo.com\/se\/#website","url":"https:\/\/mekulo.com\/se\/","name":"Mekulo SE","description":"","publisher":{"@id":"https:\/\/mekulo.com\/se\/#organization"},"potentialAction":[{"@type":"SearchAction","target":{"@type":"EntryPoint","urlTemplate":"https:\/\/mekulo.com\/se\/?s={search_term_string}"},"query-input":{"@type":"PropertyValueSpecification","valueRequired":true,"valueName":"search_term_string"}}],"inLanguage":"sv-SE"},{"@type":"Organization","@id":"https:\/\/mekulo.com\/se\/#organization","name":"Mekulo","url":"https:\/\/mekulo.com\/se\/","logo":{"@type":"ImageObject","inLanguage":"sv-SE","@id":"https:\/\/mekulo.com\/se\/#\/schema\/logo\/image\/","url":"https:\/\/mekulo.com\/se\/wp-content\/uploads\/sites\/11\/2025\/12\/favicon_mekulo.png","contentUrl":"https:\/\/mekulo.com\/se\/wp-content\/uploads\/sites\/11\/2025\/12\/favicon_mekulo.png","width":50,"height":50,"caption":"Mekulo"},"image":{"@id":"https:\/\/mekulo.com\/se\/#\/schema\/logo\/image\/"}}]}},"_links":{"self":[{"href":"https:\/\/mekulo.com\/se\/wp-json\/wp\/v2\/product\/21523","targetHints":{"allow":["GET"]}}],"collection":[{"href":"https:\/\/mekulo.com\/se\/wp-json\/wp\/v2\/product"}],"about":[{"href":"https:\/\/mekulo.com\/se\/wp-json\/wp\/v2\/types\/product"}],"replies":[{"embeddable":true,"href":"https:\/\/mekulo.com\/se\/wp-json\/wp\/v2\/comments?post=21523"}],"wp:featuredmedia":[{"embeddable":true,"href":"https:\/\/mekulo.com\/se\/wp-json\/wp\/v2\/media\/21519"}],"wp:attachment":[{"href":"https:\/\/mekulo.com\/se\/wp-json\/wp\/v2\/media?parent=21523"}],"wp:term":[{"taxonomy":"product_brand","embeddable":true,"href":"https:\/\/mekulo.com\/se\/wp-json\/wp\/v2\/product_brand?post=21523"},{"taxonomy":"product_cat","embeddable":true,"href":"https:\/\/mekulo.com\/se\/wp-json\/wp\/v2\/product_cat?post=21523"},{"taxonomy":"product_tag","embeddable":true,"href":"https:\/\/mekulo.com\/se\/wp-json\/wp\/v2\/product_tag?post=21523"}],"curies":[{"name":"wp","href":"https:\/\/api.w.org\/{rel}","templated":true}]}}