{"id":21439,"date":"2026-02-04T20:43:22","date_gmt":"2026-02-04T18:43:22","guid":{"rendered":"https:\/\/mekulo.com\/se\/produkt\/interaktiv-giraffleksak\/"},"modified":"2026-02-11T12:47:58","modified_gmt":"2026-02-11T10:47:58","slug":"interaktiv-giraffleksak","status":"publish","type":"product","link":"https:\/\/mekulo.com\/se\/produkt\/interaktiv-giraffleksak\/","title":{"rendered":"Interaktiv giraffleksak"},"content":{"rendered":"<div class=\"flex max-w-full flex-col grow\">\n<div class=\"min-h-8 text-message relative flex w-full flex-col items-end gap-2 text-start break-words whitespace-normal [.text-message+&amp;]:mt-1\" dir=\"auto\" data-message-author-role=\"assistant\" data-message-id=\"dfc2fa5e-d5c9-44a1-b4ba-f9930e738b9c\" data-message-model-slug=\"gpt-5-2\">\n<div class=\"flex w-full flex-col gap-1 empty:hidden first:pt-[1px]\">\n<div class=\"markdown prose dark:prose-invert w-full wrap-break-word light markdown-new-styling\">\n<p style=\"text-align: center\" data-start=\"0\" data-end=\"52\"><strong data-start=\"0\" data-end=\"52\">Ta Med Musik, R\u00f6relse Och Skratt Till Lekstunden. \ud83c\udfb6<\/strong><\/p>\n<\/div>\n<p data-start=\"0\" data-end=\"52\"><img fetchpriority=\"high\" decoding=\"async\" class=\"size-full wp-image-23516 aligncenter\" src=\"https:\/\/mekulo.com\/template\/wp-content\/uploads\/sites\/6\/2026\/02\/6.jpg\" alt=\"\" width=\"1080\" height=\"1080\" \/><\/p>\n<div class=\"markdown prose dark:prose-invert w-full wrap-break-word light markdown-new-styling\">\n<h2 style=\"text-align: center\" data-start=\"283\" data-end=\"300\">Huvudf\u00f6rdelar \ud83e\udd92<\/h2>\n<p data-start=\"303\" data-end=\"372\">\ud83e\udd92 Dans- och s\u00e5ngkul &#8211; Vrider, dansar och spelar 10 l\u00e5tar.<\/p>\n<p data-start=\"375\" data-end=\"443\">\ud83c\udfa4 R\u00f6stimitation &#8211; Upprepar det du s\u00e4ger f\u00f6r interaktiv lek.<\/p>\n<p data-start=\"446\" data-end=\"503\">\ud83d\udca1 LED-ljuseffekter &#8211; Ljusa och engagerande f\u00f6r barn.<\/p>\n<p data-start=\"506\" data-end=\"575\">\ud83e\uddf8 Mjukt plyschmaterial &#8211; Mjukt, s\u00e4kert och bekv\u00e4mt att r\u00f6ra vid.<\/p>\n<p data-start=\"578\" data-end=\"649\">\ud83c\udf81 Inspelningsbara meddelanden &#8211; Perfekt f\u00f6r personliga h\u00e4lsningar och presenter.<\/p>\n<p data-start=\"652\" data-end=\"715\">\ud83d\ude97 B\u00e4rbar design &#8211; L\u00e4tt att b\u00e4ra med sig p\u00e5 resor och utflykter.<\/p>\n<p data-start=\"652\" data-end=\"715\"><img decoding=\"async\" class=\"size-full wp-image-23520 aligncenter\" src=\"https:\/\/mekulo.com\/template\/wp-content\/uploads\/sites\/6\/2026\/02\/Sf23033191bcd4f4d8c9ba4b5ae1750e00.jpg\" alt=\"\" width=\"1080\" height=\"1080\" \/><\/p>\n<h2 style=\"text-align: center\" data-start=\"717\" data-end=\"731\">Anv\u00e4ndning \ud83d\udccc<\/h2>\n<ol data-start=\"732\" data-end=\"1003\">\n<li data-start=\"732\" data-end=\"774\">\n<p data-start=\"735\" data-end=\"774\">S\u00e4tt i 3x AA-batterier (ing\u00e5r ej).<\/p>\n<\/li>\n<li data-start=\"775\" data-end=\"830\">\n<p data-start=\"778\" data-end=\"830\">Tryck p\u00e5 knappen f\u00f6r att spela musik och se den dansa.<\/p>\n<\/li>\n<li data-start=\"831\" data-end=\"880\">\n<p data-start=\"834\" data-end=\"880\">Tala f\u00f6r att aktivera r\u00f6stupprepningsfunktionen.<\/p>\n<\/li>\n<li data-start=\"881\" data-end=\"939\">\n<p data-start=\"884\" data-end=\"939\">Tryck och h\u00e5ll in inspelningsknappen f\u00f6r att spela in ett meddelande.<\/p>\n<\/li>\n<li data-start=\"940\" data-end=\"1003\">\n<p data-start=\"943\" data-end=\"1003\">Tryck en g\u00e5ng f\u00f6r att spela upp inspelningen eller h\u00e5ll in igen f\u00f6r att radera den.<\/p>\n<\/li>\n<\/ol>\n<h2 style=\"text-align: center\" data-start=\"1005\" data-end=\"1024\">Produktdetaljer \ud83d\udccf<\/h2>\n<ul data-start=\"1025\" data-end=\"1201\">\n<li data-start=\"1025\" data-end=\"1044\">\n<p data-start=\"1027\" data-end=\"1044\">Material: Plysch<\/p>\n<\/li>\n<li data-start=\"1045\" data-end=\"1074\">\n<p data-start=\"1047\" data-end=\"1074\">Storlek: 31 x 8,6 cm<\/p>\n<\/li>\n<li data-start=\"1095\" data-end=\"1137\">\n<p data-start=\"1097\" data-end=\"1137\">Str\u00f6m: 3x AA-batterier (ing\u00e5r ej)<\/p>\n<\/li>\n<li data-start=\"1138\" data-end=\"1201\">\n<p data-start=\"1140\" data-end=\"1201\">Funktioner: Dans, s\u00e5ng, tal, inspelning, LED-lampor<\/p>\n<\/li>\n<\/ul>\n<h2 style=\"text-align: center\" data-start=\"1203\" data-end=\"1223\">Paketet Inneh\u00e5ller \ud83d\udce6<\/h2>\n<ul data-start=\"1224\" data-end=\"1269\" data-is-last-node=\"\" data-is-only-node=\"\">\n<li data-start=\"1224\" data-end=\"1269\" data-is-last-node=\"\">\n<p data-start=\"1226\" data-end=\"1269\" data-is-last-node=\"\">1x interaktiv dansande talande giraffleksak.<\/p>\n<\/li>\n<\/ul>\n<\/div>\n<\/div>\n<\/div>\n<\/div>\n","protected":false},"excerpt":{"rendered":"<p>\ud83e\udd92Den h\u00e4r interaktiva giraffleksaken dansar, sjunger, pratar och lyser upp f\u00f6r att h\u00e5lla barnen underh\u00e5llna i timmar.<br \/>\n\ud83c\udfb5Den upprepar r\u00f6ster, spelar s\u00e5nger och spelar in meddelanden, vilket hj\u00e4lper barn att ha kul samtidigt som de utvecklar tal- och lyssningsf\u00f6rm\u00e5gan.<br \/>\n\ud83d\udc67De lekfulla r\u00f6relserna och ljuden h\u00e5ller barnen engagerade samtidigt som de uppmuntrar till aktiv och fantasifull lek.<\/p>\n","protected":false},"featured_media":21435,"comment_status":"open","ping_status":"closed","template":"","meta":{"site-sidebar-layout":"default","site-content-layout":"","ast-site-content-layout":"default","site-content-style":"default","site-sidebar-style":"default","ast-global-header-display":"","ast-banner-title-visibility":"","ast-main-header-display":"","ast-hfb-above-header-display":"","ast-hfb-below-header-display":"","ast-hfb-mobile-header-display":"","site-post-title":"","ast-breadcrumbs-content":"","ast-featured-img":"","footer-sml-layout":"","theme-transparent-header-meta":"default","adv-header-id-meta":"","stick-header-meta":"","header-above-stick-meta":"","header-main-stick-meta":"","header-below-stick-meta":"","astra-migrate-meta-layouts":"set","ast-page-background-enabled":"default","ast-page-background-meta":{"desktop":{"background-color":"var(--ast-global-color-5)","background-image":"","background-repeat":"repeat","background-position":"center center","background-size":"auto","background-attachment":"scroll","background-type":"","background-media":"","overlay-type":"","overlay-color":"","overlay-opacity":"","overlay-gradient":""},"tablet":{"background-color":"","background-image":"","background-repeat":"repeat","background-position":"center center","background-size":"auto","background-attachment":"scroll","background-type":"","background-media":"","overlay-type":"","overlay-color":"","overlay-opacity":"","overlay-gradient":""},"mobile":{"background-color":"","background-image":"","background-repeat":"repeat","background-position":"center center","background-size":"auto","background-attachment":"scroll","background-type":"","background-media":"","overlay-type":"","overlay-color":"","overlay-opacity":"","overlay-gradient":""}},"ast-content-background-meta":{"desktop":{"background-color":"var(--ast-global-color-4)","background-image":"","background-repeat":"repeat","background-position":"center center","background-size":"auto","background-attachment":"scroll","background-type":"","background-media":"","overlay-type":"","overlay-color":"","overlay-opacity":"","overlay-gradient":""},"tablet":{"background-color":"var(--ast-global-color-4)","background-image":"","background-repeat":"repeat","background-position":"center center","background-size":"auto","background-attachment":"scroll","background-type":"","background-media":"","overlay-type":"","overlay-color":"","overlay-opacity":"","overlay-gradient":""},"mobile":{"background-color":"var(--ast-global-color-4)","background-image":"","background-repeat":"repeat","background-position":"center center","background-size":"auto","background-attachment":"scroll","background-type":"","background-media":"","overlay-type":"","overlay-color":"","overlay-opacity":"","overlay-gradient":""}}},"product_brand":[],"product_cat":[172],"product_tag":[],"class_list":{"0":"post-21439","1":"product","2":"type-product","3":"status-publish","4":"has-post-thumbnail","6":"product_cat-leksaker-barn-och-babyprodukter","7":"pa_54576_a4jnihiq-brun","8":"pa_54576_a4jnihiq-gron","9":"pa_54576_a4jnihiq-gul","10":"pa_54576_a4jnihiq-rosa","11":"desktop-align-left","12":"tablet-align-left","13":"mobile-align-left","15":"first","16":"instock","17":"shipping-taxable","18":"purchasable","19":"product-type-variable"},"yoast_head":"<!-- This site is optimized with the Yoast SEO plugin v26.6 - https:\/\/yoast.com\/wordpress\/plugins\/seo\/ -->\n<title>Interaktiv giraffleksak - Mekulo SE<\/title>\n<meta name=\"robots\" content=\"index, follow, max-snippet:-1, max-image-preview:large, max-video-preview:-1\" \/>\n<link rel=\"canonical\" href=\"https:\/\/mekulo.com\/se\/produkt\/interaktiv-giraffleksak\/\" \/>\n<meta property=\"og:locale\" content=\"en_US\" \/>\n<meta property=\"og:type\" content=\"article\" \/>\n<meta property=\"og:title\" content=\"Interaktiv giraffleksak - Mekulo SE\" \/>\n<meta property=\"og:description\" content=\"\ud83e\udd92Den h\u00e4r interaktiva giraffleksaken dansar, sjunger, pratar och lyser upp f\u00f6r att h\u00e5lla barnen underh\u00e5llna i timmar. \ud83c\udfb5Den upprepar r\u00f6ster, spelar s\u00e5nger och spelar in meddelanden, vilket hj\u00e4lper barn att ha kul samtidigt som de utvecklar tal- och lyssningsf\u00f6rm\u00e5gan. \ud83d\udc67De lekfulla r\u00f6relserna och ljuden h\u00e5ller barnen engagerade samtidigt som de uppmuntrar till aktiv och fantasifull lek.\" \/>\n<meta property=\"og:url\" content=\"https:\/\/mekulo.com\/se\/produkt\/interaktiv-giraffleksak\/\" \/>\n<meta property=\"og:site_name\" content=\"Mekulo SE\" \/>\n<meta property=\"article:modified_time\" content=\"2026-02-11T10:47:58+00:00\" \/>\n<meta property=\"og:image\" content=\"https:\/\/mekulo.com\/se\/wp-content\/uploads\/sites\/11\/2026\/02\/lzk21oc-1.jpeg\" \/>\n\t<meta property=\"og:image:width\" content=\"1000\" \/>\n\t<meta property=\"og:image:height\" content=\"1000\" \/>\n\t<meta property=\"og:image:type\" content=\"image\/jpeg\" \/>\n<meta name=\"twitter:card\" content=\"summary_large_image\" \/>\n<meta name=\"twitter:label1\" content=\"Est. reading time\" \/>\n\t<meta name=\"twitter:data1\" content=\"2 minutes\" \/>\n<script type=\"application\/ld+json\" class=\"yoast-schema-graph\">{\"@context\":\"https:\/\/schema.org\",\"@graph\":[{\"@type\":\"WebPage\",\"@id\":\"https:\/\/mekulo.com\/se\/produkt\/interaktiv-giraffleksak\/\",\"url\":\"https:\/\/mekulo.com\/se\/produkt\/interaktiv-giraffleksak\/\",\"name\":\"Interaktiv giraffleksak - Mekulo SE\",\"isPartOf\":{\"@id\":\"https:\/\/mekulo.com\/se\/#website\"},\"primaryImageOfPage\":{\"@id\":\"https:\/\/mekulo.com\/se\/produkt\/interaktiv-giraffleksak\/#primaryimage\"},\"image\":{\"@id\":\"https:\/\/mekulo.com\/se\/produkt\/interaktiv-giraffleksak\/#primaryimage\"},\"thumbnailUrl\":\"https:\/\/mekulo.com\/se\/wp-content\/uploads\/sites\/11\/2026\/02\/lzk21oc-1.jpeg\",\"datePublished\":\"2026-02-04T18:43:22+00:00\",\"dateModified\":\"2026-02-11T10:47:58+00:00\",\"breadcrumb\":{\"@id\":\"https:\/\/mekulo.com\/se\/produkt\/interaktiv-giraffleksak\/#breadcrumb\"},\"inLanguage\":\"en-US\",\"potentialAction\":[{\"@type\":\"ReadAction\",\"target\":[\"https:\/\/mekulo.com\/se\/produkt\/interaktiv-giraffleksak\/\"]}]},{\"@type\":\"ImageObject\",\"inLanguage\":\"en-US\",\"@id\":\"https:\/\/mekulo.com\/se\/produkt\/interaktiv-giraffleksak\/#primaryimage\",\"url\":\"https:\/\/mekulo.com\/se\/wp-content\/uploads\/sites\/11\/2026\/02\/lzk21oc-1.jpeg\",\"contentUrl\":\"https:\/\/mekulo.com\/se\/wp-content\/uploads\/sites\/11\/2026\/02\/lzk21oc-1.jpeg\",\"width\":1000,\"height\":1000},{\"@type\":\"BreadcrumbList\",\"@id\":\"https:\/\/mekulo.com\/se\/produkt\/interaktiv-giraffleksak\/#breadcrumb\",\"itemListElement\":[{\"@type\":\"ListItem\",\"position\":1,\"name\":\"Home\",\"item\":\"https:\/\/mekulo.com\/se\/\"},{\"@type\":\"ListItem\",\"position\":2,\"name\":\"Butik\",\"item\":\"https:\/\/mekulo.com\/se\/butik\/\"},{\"@type\":\"ListItem\",\"position\":3,\"name\":\"Interaktiv giraffleksak\"}]},{\"@type\":\"WebSite\",\"@id\":\"https:\/\/mekulo.com\/se\/#website\",\"url\":\"https:\/\/mekulo.com\/se\/\",\"name\":\"Mekulo SE\",\"description\":\"\",\"publisher\":{\"@id\":\"https:\/\/mekulo.com\/se\/#organization\"},\"potentialAction\":[{\"@type\":\"SearchAction\",\"target\":{\"@type\":\"EntryPoint\",\"urlTemplate\":\"https:\/\/mekulo.com\/se\/?s={search_term_string}\"},\"query-input\":{\"@type\":\"PropertyValueSpecification\",\"valueRequired\":true,\"valueName\":\"search_term_string\"}}],\"inLanguage\":\"en-US\"},{\"@type\":\"Organization\",\"@id\":\"https:\/\/mekulo.com\/se\/#organization\",\"name\":\"Mekulo\",\"url\":\"https:\/\/mekulo.com\/se\/\",\"logo\":{\"@type\":\"ImageObject\",\"inLanguage\":\"en-US\",\"@id\":\"https:\/\/mekulo.com\/se\/#\/schema\/logo\/image\/\",\"url\":\"https:\/\/mekulo.com\/se\/wp-content\/uploads\/sites\/11\/2025\/12\/favicon_mekulo.png\",\"contentUrl\":\"https:\/\/mekulo.com\/se\/wp-content\/uploads\/sites\/11\/2025\/12\/favicon_mekulo.png\",\"width\":50,\"height\":50,\"caption\":\"Mekulo\"},\"image\":{\"@id\":\"https:\/\/mekulo.com\/se\/#\/schema\/logo\/image\/\"}}]}<\/script>\n<!-- \/ Yoast SEO plugin. -->","yoast_head_json":{"title":"Interaktiv giraffleksak - Mekulo SE","robots":{"index":"index","follow":"follow","max-snippet":"max-snippet:-1","max-image-preview":"max-image-preview:large","max-video-preview":"max-video-preview:-1"},"canonical":"https:\/\/mekulo.com\/se\/produkt\/interaktiv-giraffleksak\/","og_locale":"en_US","og_type":"article","og_title":"Interaktiv giraffleksak - Mekulo SE","og_description":"\ud83e\udd92Den h\u00e4r interaktiva giraffleksaken dansar, sjunger, pratar och lyser upp f\u00f6r att h\u00e5lla barnen underh\u00e5llna i timmar. \ud83c\udfb5Den upprepar r\u00f6ster, spelar s\u00e5nger och spelar in meddelanden, vilket hj\u00e4lper barn att ha kul samtidigt som de utvecklar tal- och lyssningsf\u00f6rm\u00e5gan. \ud83d\udc67De lekfulla r\u00f6relserna och ljuden h\u00e5ller barnen engagerade samtidigt som de uppmuntrar till aktiv och fantasifull lek.","og_url":"https:\/\/mekulo.com\/se\/produkt\/interaktiv-giraffleksak\/","og_site_name":"Mekulo SE","article_modified_time":"2026-02-11T10:47:58+00:00","og_image":[{"width":1000,"height":1000,"url":"https:\/\/mekulo.com\/se\/wp-content\/uploads\/sites\/11\/2026\/02\/lzk21oc-1.jpeg","type":"image\/jpeg"}],"twitter_card":"summary_large_image","twitter_misc":{"Est. reading time":"2 minutes"},"schema":{"@context":"https:\/\/schema.org","@graph":[{"@type":"WebPage","@id":"https:\/\/mekulo.com\/se\/produkt\/interaktiv-giraffleksak\/","url":"https:\/\/mekulo.com\/se\/produkt\/interaktiv-giraffleksak\/","name":"Interaktiv giraffleksak - Mekulo SE","isPartOf":{"@id":"https:\/\/mekulo.com\/se\/#website"},"primaryImageOfPage":{"@id":"https:\/\/mekulo.com\/se\/produkt\/interaktiv-giraffleksak\/#primaryimage"},"image":{"@id":"https:\/\/mekulo.com\/se\/produkt\/interaktiv-giraffleksak\/#primaryimage"},"thumbnailUrl":"https:\/\/mekulo.com\/se\/wp-content\/uploads\/sites\/11\/2026\/02\/lzk21oc-1.jpeg","datePublished":"2026-02-04T18:43:22+00:00","dateModified":"2026-02-11T10:47:58+00:00","breadcrumb":{"@id":"https:\/\/mekulo.com\/se\/produkt\/interaktiv-giraffleksak\/#breadcrumb"},"inLanguage":"en-US","potentialAction":[{"@type":"ReadAction","target":["https:\/\/mekulo.com\/se\/produkt\/interaktiv-giraffleksak\/"]}]},{"@type":"ImageObject","inLanguage":"en-US","@id":"https:\/\/mekulo.com\/se\/produkt\/interaktiv-giraffleksak\/#primaryimage","url":"https:\/\/mekulo.com\/se\/wp-content\/uploads\/sites\/11\/2026\/02\/lzk21oc-1.jpeg","contentUrl":"https:\/\/mekulo.com\/se\/wp-content\/uploads\/sites\/11\/2026\/02\/lzk21oc-1.jpeg","width":1000,"height":1000},{"@type":"BreadcrumbList","@id":"https:\/\/mekulo.com\/se\/produkt\/interaktiv-giraffleksak\/#breadcrumb","itemListElement":[{"@type":"ListItem","position":1,"name":"Home","item":"https:\/\/mekulo.com\/se\/"},{"@type":"ListItem","position":2,"name":"Butik","item":"https:\/\/mekulo.com\/se\/butik\/"},{"@type":"ListItem","position":3,"name":"Interaktiv giraffleksak"}]},{"@type":"WebSite","@id":"https:\/\/mekulo.com\/se\/#website","url":"https:\/\/mekulo.com\/se\/","name":"Mekulo SE","description":"","publisher":{"@id":"https:\/\/mekulo.com\/se\/#organization"},"potentialAction":[{"@type":"SearchAction","target":{"@type":"EntryPoint","urlTemplate":"https:\/\/mekulo.com\/se\/?s={search_term_string}"},"query-input":{"@type":"PropertyValueSpecification","valueRequired":true,"valueName":"search_term_string"}}],"inLanguage":"en-US"},{"@type":"Organization","@id":"https:\/\/mekulo.com\/se\/#organization","name":"Mekulo","url":"https:\/\/mekulo.com\/se\/","logo":{"@type":"ImageObject","inLanguage":"en-US","@id":"https:\/\/mekulo.com\/se\/#\/schema\/logo\/image\/","url":"https:\/\/mekulo.com\/se\/wp-content\/uploads\/sites\/11\/2025\/12\/favicon_mekulo.png","contentUrl":"https:\/\/mekulo.com\/se\/wp-content\/uploads\/sites\/11\/2025\/12\/favicon_mekulo.png","width":50,"height":50,"caption":"Mekulo"},"image":{"@id":"https:\/\/mekulo.com\/se\/#\/schema\/logo\/image\/"}}]}},"_links":{"self":[{"href":"https:\/\/mekulo.com\/se\/wp-json\/wp\/v2\/product\/21439","targetHints":{"allow":["GET"]}}],"collection":[{"href":"https:\/\/mekulo.com\/se\/wp-json\/wp\/v2\/product"}],"about":[{"href":"https:\/\/mekulo.com\/se\/wp-json\/wp\/v2\/types\/product"}],"replies":[{"embeddable":true,"href":"https:\/\/mekulo.com\/se\/wp-json\/wp\/v2\/comments?post=21439"}],"wp:featuredmedia":[{"embeddable":true,"href":"https:\/\/mekulo.com\/se\/wp-json\/wp\/v2\/media\/21435"}],"wp:attachment":[{"href":"https:\/\/mekulo.com\/se\/wp-json\/wp\/v2\/media?parent=21439"}],"wp:term":[{"taxonomy":"product_brand","embeddable":true,"href":"https:\/\/mekulo.com\/se\/wp-json\/wp\/v2\/product_brand?post=21439"},{"taxonomy":"product_cat","embeddable":true,"href":"https:\/\/mekulo.com\/se\/wp-json\/wp\/v2\/product_cat?post=21439"},{"taxonomy":"product_tag","embeddable":true,"href":"https:\/\/mekulo.com\/se\/wp-json\/wp\/v2\/product_tag?post=21439"}],"curies":[{"name":"wp","href":"https:\/\/api.w.org\/{rel}","templated":true}]}}