{"id":21332,"date":"2026-02-04T20:36:16","date_gmt":"2026-02-04T18:36:16","guid":{"rendered":"https:\/\/mekulo.com\/se\/produkt\/automatisk-barbar-elektrisk-mixerflaska\/"},"modified":"2026-03-02T14:44:22","modified_gmt":"2026-03-02T12:44:22","slug":"automatisk-barbar-elektrisk-mixerflaska","status":"publish","type":"product","link":"https:\/\/mekulo.com\/se\/produkt\/automatisk-barbar-elektrisk-mixerflaska\/","title":{"rendered":"Automatisk b\u00e4rbar elektrisk mixerflaska"},"content":{"rendered":"<p style=\"text-align: center;\" data-start=\"0\" data-end=\"60\"><strong data-start=\"0\" data-end=\"60\">Mixa j\u00e4mna, klumpfria drinkar p\u00e5 n\u00e5gra sekunder med en knapp. \ud83e\udd64<\/strong><\/p>\n<p data-start=\"0\" data-end=\"60\"><img fetchpriority=\"high\" decoding=\"async\" class=\"size-full wp-image-23422 aligncenter\" src=\"https:\/\/mekulo.com\/template\/wp-content\/uploads\/sites\/6\/2026\/02\/399c84e1caf2de2f0db305f3d11758d0311bcd70-700.jpg\" alt=\"\" width=\"1080\" height=\"1080\" \/><\/p>\n<h2 style=\"text-align: center;\" data-start=\"296\" data-end=\"313\"><strong>Huvudsakliga f\u00f6rdelar \ud83e\udd64<\/strong><\/h2>\n<p data-start=\"316\" data-end=\"376\">\u26a1 Kraftfull motor p\u00e5 7500 rpm &#8211; j\u00e4mn blandning utan klumpar.<\/p>\n<p data-start=\"379\" data-end=\"451\">\ud83d\udd0b Starkt uppladdningsbart batteri &#8211; blanda flera drinkar p\u00e5 en laddning.<\/p>\n<p data-start=\"454\" data-end=\"509\">\ud83e\udd64 Enknappsdrift &#8211; enkel start med l\u00e5ng tryckning.<\/p>\n<p data-start=\"512\" data-end=\"576\">\ud83e\uddfc Enkel sj\u00e4lvreng\u00f6ring &#8211; sk\u00f6lj med vatten eller milt reng\u00f6ringsmedel.<\/p>\n<p data-start=\"579\" data-end=\"639\">\ud83c\udf92 Inbyggd pulverbeh\u00e5llare &#8211; ingen extra f\u00f6rvaring beh\u00f6vs.<\/p>\n<p data-start=\"642\" data-end=\"701\">\ud83c\udf81 Perfekt fitnessg\u00e5va &#8211; Perfekt f\u00f6r gym och daglig anv\u00e4ndning.<\/p>\n<p data-start=\"642\" data-end=\"701\"><img decoding=\"async\" class=\"size-full wp-image-23423 aligncenter\" src=\"https:\/\/mekulo.com\/template\/wp-content\/uploads\/sites\/6\/2026\/02\/5ef64ec1c323652f65cbfe38779b1dc23715076e-700.jpg\" alt=\"\" width=\"1080\" height=\"1080\" \/><\/p>\n<h2 style=\"text-align: center;\" data-start=\"703\" data-end=\"717\"><strong>Hur Man Anv\u00e4nder \ud83d\udccc<\/strong><\/h2>\n<ol data-start=\"718\" data-end=\"974\">\n<li data-start=\"718\" data-end=\"758\">\n<p data-start=\"721\" data-end=\"758\">L\u00e4gg till v\u00e4tska och pulver i koppen.<\/p>\n<\/li>\n<li data-start=\"759\" data-end=\"787\">\n<p data-start=\"762\" data-end=\"787\">St\u00e4ng locket ordentligt.<\/p>\n<\/li>\n<li data-start=\"788\" data-end=\"838\">\n<p data-start=\"791\" data-end=\"838\">Tryck l\u00e4nge p\u00e5 knappen i 2 sekunder f\u00f6r att starta.<\/p>\n<\/li>\n<li data-start=\"839\" data-end=\"868\">\n<p data-start=\"842\" data-end=\"868\">L\u00e5t den blandas tills den \u00e4r j\u00e4mn.<\/p>\n<\/li>\n<li data-start=\"869\" data-end=\"920\">\n<p data-start=\"872\" data-end=\"920\">Drick direkt eller h\u00e4ll i en annan beh\u00e5llare.<\/p>\n<\/li>\n<li data-start=\"921\" data-end=\"974\">\n<p data-start=\"924\" data-end=\"974\">Tills\u00e4tt vatten och tryck p\u00e5 knappen f\u00f6r att reng\u00f6ra efter anv\u00e4ndning.<\/p>\n<\/li>\n<\/ol>\n<h2 style=\"text-align: center;\" data-start=\"976\" data-end=\"995\"><strong>Produktdetaljer \ud83d\udccf<\/strong><\/h2>\n<ul data-start=\"996\" data-end=\"1275\">\n<li data-start=\"996\" data-end=\"1025\">\n<p data-start=\"998\" data-end=\"1025\">Material: Tritan, ABS, PP<\/p>\n<\/li>\n<li data-start=\"1026\" data-end=\"1054\">\n<p data-start=\"1028\" data-end=\"1054\">Batterikapacitet: 800mAh<\/p>\n<\/li>\n<li data-start=\"1055\" data-end=\"1080\">\n<p data-start=\"1057\" data-end=\"1080\">Motorhastighet: 7500 rpm<\/p>\n<\/li>\n<li data-start=\"1081\" data-end=\"1094\">\n<p data-start=\"1083\" data-end=\"1094\">Effekt: 3W<\/p>\n<\/li>\n<li data-start=\"1095\" data-end=\"1118\">\n<p data-start=\"1097\" data-end=\"1118\">Matningssp\u00e4nning: 3.7V<\/p>\n<\/li>\n<li data-start=\"1119\" data-end=\"1150\">\n<p data-start=\"1121\" data-end=\"1150\">Laddningsmetod: USB Typ-C<\/p>\n<\/li>\n<li data-start=\"1151\" data-end=\"1183\">\n<p data-start=\"1153\" data-end=\"1183\">Laddningstid: Cirka 2 timmar<\/p>\n<\/li>\n<li data-start=\"1184\" data-end=\"1216\">\n<p data-start=\"1186\" data-end=\"1216\">Anv\u00e4ndningstid: Cirka 30 minuter<\/p>\n<\/li>\n<li data-start=\"1217\" data-end=\"1245\">\n<p data-start=\"1219\" data-end=\"1245\">Startmetod: L\u00e5ng tryckning<\/p>\n<\/li>\n<li data-start=\"1246\" data-end=\"1275\">\n<p data-start=\"1248\" data-end=\"1275\">Anm\u00e4rkning: T\u00e5l inte diskmaskin<\/p>\n<\/li>\n<li data-start=\"1246\" data-end=\"1275\">\n<p data-start=\"1248\" data-end=\"1275\">Storlek: 101 x 90 x 240 mm<\/p>\n<\/li>\n<li data-start=\"1246\" data-end=\"1275\">Kapacitet: 650-700 ml<\/li>\n<\/ul>\n<h2 style=\"text-align: center;\" data-start=\"1277\" data-end=\"1297\"><strong>Paketet Inneh\u00e5ller \ud83d\udce6<\/strong><\/h2>\n<ul data-start=\"1298\" data-end=\"1363\" data-is-last-node=\"\" data-is-only-node=\"\">\n<li data-start=\"1298\" data-end=\"1342\">\n<p data-start=\"1300\" data-end=\"1342\">1x automatisk b\u00e4rbar elektrisk blenderflaska<\/p>\n<\/li>\n<li data-start=\"1343\" data-end=\"1363\" data-is-last-node=\"\">\n<p data-start=\"1345\" data-end=\"1363\" data-is-last-node=\"\">1x extra avtagbar kopp\/beh\u00e5llare.<\/p>\n<\/li>\n<\/ul>\n","protected":false},"excerpt":{"rendered":"<p>\ud83e\udd64Den h\u00e4r automatiska b\u00e4rbara elektriska mixerflaskan anv\u00e4nder en kraftfull motor f\u00f6r att blanda proteinpulver, kosttillskott eller drinkblandningar j\u00e4mnt varje g\u00e5ng.<br \/>\n\ud83c\udfcb\ufe0fIt sparar anstr\u00e4ngning, blandar snabbare \u00e4n att skaka f\u00f6r hand och ger dig j\u00e4mna resultat vart du \u00e4n g\u00e5r.<br \/>\n\u26a1Den kompakta, sladdl\u00f6sa designen g\u00f6r den perfekt f\u00f6r gymmet, kontoret eller resan.<\/p>\n","protected":false},"featured_media":21328,"comment_status":"open","ping_status":"closed","template":"","meta":{"site-sidebar-layout":"default","site-content-layout":"","ast-site-content-layout":"default","site-content-style":"default","site-sidebar-style":"default","ast-global-header-display":"","ast-banner-title-visibility":"","ast-main-header-display":"","ast-hfb-above-header-display":"","ast-hfb-below-header-display":"","ast-hfb-mobile-header-display":"","site-post-title":"","ast-breadcrumbs-content":"","ast-featured-img":"","footer-sml-layout":"","theme-transparent-header-meta":"default","adv-header-id-meta":"","stick-header-meta":"","header-above-stick-meta":"","header-main-stick-meta":"","header-below-stick-meta":"","astra-migrate-meta-layouts":"set","ast-page-background-enabled":"default","ast-page-background-meta":{"desktop":{"background-color":"var(--ast-global-color-5)","background-image":"","background-repeat":"repeat","background-position":"center center","background-size":"auto","background-attachment":"scroll","background-type":"","background-media":"","overlay-type":"","overlay-color":"","overlay-opacity":"","overlay-gradient":""},"tablet":{"background-color":"","background-image":"","background-repeat":"repeat","background-position":"center center","background-size":"auto","background-attachment":"scroll","background-type":"","background-media":"","overlay-type":"","overlay-color":"","overlay-opacity":"","overlay-gradient":""},"mobile":{"background-color":"","background-image":"","background-repeat":"repeat","background-position":"center center","background-size":"auto","background-attachment":"scroll","background-type":"","background-media":"","overlay-type":"","overlay-color":"","overlay-opacity":"","overlay-gradient":""}},"ast-content-background-meta":{"desktop":{"background-color":"var(--ast-global-color-4)","background-image":"","background-repeat":"repeat","background-position":"center center","background-size":"auto","background-attachment":"scroll","background-type":"","background-media":"","overlay-type":"","overlay-color":"","overlay-opacity":"","overlay-gradient":""},"tablet":{"background-color":"var(--ast-global-color-4)","background-image":"","background-repeat":"repeat","background-position":"center center","background-size":"auto","background-attachment":"scroll","background-type":"","background-media":"","overlay-type":"","overlay-color":"","overlay-opacity":"","overlay-gradient":""},"mobile":{"background-color":"var(--ast-global-color-4)","background-image":"","background-repeat":"repeat","background-position":"center center","background-size":"auto","background-attachment":"scroll","background-type":"","background-media":"","overlay-type":"","overlay-color":"","overlay-opacity":"","overlay-gradient":""}}},"product_brand":[],"product_cat":[168,170,167],"product_tag":[],"class_list":{"0":"post-21332","1":"product","2":"type-product","3":"status-publish","4":"has-post-thumbnail","6":"product_cat-hushallsartiklar","7":"product_cat-sportartiklar","8":"product_cat-vandring-camping-och-fritidsartiklar","9":"pa_54293_etmxsy44-bla","10":"pa_54293_etmxsy44-gron","11":"pa_54293_etmxsy44-rosa","12":"pa_54293_etmxsy44-svart","13":"pa_54293_etmxsy44-vit","14":"pa_54293_oqt3wge6-med-kopp","15":"pa_54293_oqt3wge6-utan-kopp","16":"desktop-align-left","17":"tablet-align-left","18":"mobile-align-left","20":"first","21":"instock","22":"shipping-taxable","23":"purchasable","24":"product-type-variable","25":"has-default-attributes"},"yoast_head":"<!-- This site is optimized with the Yoast SEO plugin v26.6 - https:\/\/yoast.com\/wordpress\/plugins\/seo\/ -->\n<title>Automatisk b\u00e4rbar elektrisk mixerflaska - Mekulo SE<\/title>\n<meta name=\"robots\" content=\"index, follow, max-snippet:-1, max-image-preview:large, max-video-preview:-1\" \/>\n<link rel=\"canonical\" href=\"https:\/\/mekulo.com\/se\/produkt\/automatisk-barbar-elektrisk-mixerflaska\/\" \/>\n<meta property=\"og:locale\" content=\"sv_SE\" \/>\n<meta property=\"og:type\" content=\"article\" \/>\n<meta property=\"og:title\" content=\"Automatisk b\u00e4rbar elektrisk mixerflaska - Mekulo SE\" \/>\n<meta property=\"og:description\" content=\"\ud83e\udd64Den h\u00e4r automatiska b\u00e4rbara elektriska mixerflaskan anv\u00e4nder en kraftfull motor f\u00f6r att blanda proteinpulver, kosttillskott eller drinkblandningar j\u00e4mnt varje g\u00e5ng. \ud83c\udfcb\ufe0fIt sparar anstr\u00e4ngning, blandar snabbare \u00e4n att skaka f\u00f6r hand och ger dig j\u00e4mna resultat vart du \u00e4n g\u00e5r. \u26a1Den kompakta, sladdl\u00f6sa designen g\u00f6r den perfekt f\u00f6r gymmet, kontoret eller resan.\" \/>\n<meta property=\"og:url\" content=\"https:\/\/mekulo.com\/se\/produkt\/automatisk-barbar-elektrisk-mixerflaska\/\" \/>\n<meta property=\"og:site_name\" content=\"Mekulo SE\" \/>\n<meta property=\"article:modified_time\" content=\"2026-03-02T12:44:22+00:00\" \/>\n<meta property=\"og:image\" content=\"https:\/\/mekulo.com\/se\/wp-content\/uploads\/sites\/11\/2026\/02\/fmr2ng3-1.jpg\" \/>\n\t<meta property=\"og:image:width\" content=\"700\" \/>\n\t<meta property=\"og:image:height\" content=\"700\" \/>\n\t<meta property=\"og:image:type\" content=\"image\/jpeg\" \/>\n<meta name=\"twitter:card\" content=\"summary_large_image\" \/>\n<meta name=\"twitter:label1\" content=\"Ber\u00e4knad l\u00e4stid\" \/>\n\t<meta name=\"twitter:data1\" content=\"2 minuter\" \/>\n<script type=\"application\/ld+json\" class=\"yoast-schema-graph\">{\"@context\":\"https:\/\/schema.org\",\"@graph\":[{\"@type\":\"WebPage\",\"@id\":\"https:\/\/mekulo.com\/se\/produkt\/automatisk-barbar-elektrisk-mixerflaska\/\",\"url\":\"https:\/\/mekulo.com\/se\/produkt\/automatisk-barbar-elektrisk-mixerflaska\/\",\"name\":\"Automatisk b\u00e4rbar elektrisk mixerflaska - Mekulo SE\",\"isPartOf\":{\"@id\":\"https:\/\/mekulo.com\/se\/#website\"},\"primaryImageOfPage\":{\"@id\":\"https:\/\/mekulo.com\/se\/produkt\/automatisk-barbar-elektrisk-mixerflaska\/#primaryimage\"},\"image\":{\"@id\":\"https:\/\/mekulo.com\/se\/produkt\/automatisk-barbar-elektrisk-mixerflaska\/#primaryimage\"},\"thumbnailUrl\":\"https:\/\/mekulo.com\/se\/wp-content\/uploads\/sites\/11\/2026\/02\/fmr2ng3-1.jpg\",\"datePublished\":\"2026-02-04T18:36:16+00:00\",\"dateModified\":\"2026-03-02T12:44:22+00:00\",\"breadcrumb\":{\"@id\":\"https:\/\/mekulo.com\/se\/produkt\/automatisk-barbar-elektrisk-mixerflaska\/#breadcrumb\"},\"inLanguage\":\"sv-SE\",\"potentialAction\":[{\"@type\":\"ReadAction\",\"target\":[\"https:\/\/mekulo.com\/se\/produkt\/automatisk-barbar-elektrisk-mixerflaska\/\"]}]},{\"@type\":\"ImageObject\",\"inLanguage\":\"sv-SE\",\"@id\":\"https:\/\/mekulo.com\/se\/produkt\/automatisk-barbar-elektrisk-mixerflaska\/#primaryimage\",\"url\":\"https:\/\/mekulo.com\/se\/wp-content\/uploads\/sites\/11\/2026\/02\/fmr2ng3-1.jpg\",\"contentUrl\":\"https:\/\/mekulo.com\/se\/wp-content\/uploads\/sites\/11\/2026\/02\/fmr2ng3-1.jpg\",\"width\":700,\"height\":700},{\"@type\":\"BreadcrumbList\",\"@id\":\"https:\/\/mekulo.com\/se\/produkt\/automatisk-barbar-elektrisk-mixerflaska\/#breadcrumb\",\"itemListElement\":[{\"@type\":\"ListItem\",\"position\":1,\"name\":\"Home\",\"item\":\"https:\/\/mekulo.com\/se\/\"},{\"@type\":\"ListItem\",\"position\":2,\"name\":\"Butik\",\"item\":\"https:\/\/mekulo.com\/se\/butik\/\"},{\"@type\":\"ListItem\",\"position\":3,\"name\":\"Automatisk b\u00e4rbar elektrisk mixerflaska\"}]},{\"@type\":\"WebSite\",\"@id\":\"https:\/\/mekulo.com\/se\/#website\",\"url\":\"https:\/\/mekulo.com\/se\/\",\"name\":\"Mekulo SE\",\"description\":\"\",\"publisher\":{\"@id\":\"https:\/\/mekulo.com\/se\/#organization\"},\"potentialAction\":[{\"@type\":\"SearchAction\",\"target\":{\"@type\":\"EntryPoint\",\"urlTemplate\":\"https:\/\/mekulo.com\/se\/?s={search_term_string}\"},\"query-input\":{\"@type\":\"PropertyValueSpecification\",\"valueRequired\":true,\"valueName\":\"search_term_string\"}}],\"inLanguage\":\"sv-SE\"},{\"@type\":\"Organization\",\"@id\":\"https:\/\/mekulo.com\/se\/#organization\",\"name\":\"Mekulo\",\"url\":\"https:\/\/mekulo.com\/se\/\",\"logo\":{\"@type\":\"ImageObject\",\"inLanguage\":\"sv-SE\",\"@id\":\"https:\/\/mekulo.com\/se\/#\/schema\/logo\/image\/\",\"url\":\"https:\/\/mekulo.com\/se\/wp-content\/uploads\/sites\/11\/2025\/12\/favicon_mekulo.png\",\"contentUrl\":\"https:\/\/mekulo.com\/se\/wp-content\/uploads\/sites\/11\/2025\/12\/favicon_mekulo.png\",\"width\":50,\"height\":50,\"caption\":\"Mekulo\"},\"image\":{\"@id\":\"https:\/\/mekulo.com\/se\/#\/schema\/logo\/image\/\"}}]}<\/script>\n<!-- \/ Yoast SEO plugin. -->","yoast_head_json":{"title":"Automatisk b\u00e4rbar elektrisk mixerflaska - Mekulo SE","robots":{"index":"index","follow":"follow","max-snippet":"max-snippet:-1","max-image-preview":"max-image-preview:large","max-video-preview":"max-video-preview:-1"},"canonical":"https:\/\/mekulo.com\/se\/produkt\/automatisk-barbar-elektrisk-mixerflaska\/","og_locale":"sv_SE","og_type":"article","og_title":"Automatisk b\u00e4rbar elektrisk mixerflaska - Mekulo SE","og_description":"\ud83e\udd64Den h\u00e4r automatiska b\u00e4rbara elektriska mixerflaskan anv\u00e4nder en kraftfull motor f\u00f6r att blanda proteinpulver, kosttillskott eller drinkblandningar j\u00e4mnt varje g\u00e5ng. \ud83c\udfcb\ufe0fIt sparar anstr\u00e4ngning, blandar snabbare \u00e4n att skaka f\u00f6r hand och ger dig j\u00e4mna resultat vart du \u00e4n g\u00e5r. \u26a1Den kompakta, sladdl\u00f6sa designen g\u00f6r den perfekt f\u00f6r gymmet, kontoret eller resan.","og_url":"https:\/\/mekulo.com\/se\/produkt\/automatisk-barbar-elektrisk-mixerflaska\/","og_site_name":"Mekulo SE","article_modified_time":"2026-03-02T12:44:22+00:00","og_image":[{"width":700,"height":700,"url":"https:\/\/mekulo.com\/se\/wp-content\/uploads\/sites\/11\/2026\/02\/fmr2ng3-1.jpg","type":"image\/jpeg"}],"twitter_card":"summary_large_image","twitter_misc":{"Ber\u00e4knad l\u00e4stid":"2 minuter"},"schema":{"@context":"https:\/\/schema.org","@graph":[{"@type":"WebPage","@id":"https:\/\/mekulo.com\/se\/produkt\/automatisk-barbar-elektrisk-mixerflaska\/","url":"https:\/\/mekulo.com\/se\/produkt\/automatisk-barbar-elektrisk-mixerflaska\/","name":"Automatisk b\u00e4rbar elektrisk mixerflaska - Mekulo SE","isPartOf":{"@id":"https:\/\/mekulo.com\/se\/#website"},"primaryImageOfPage":{"@id":"https:\/\/mekulo.com\/se\/produkt\/automatisk-barbar-elektrisk-mixerflaska\/#primaryimage"},"image":{"@id":"https:\/\/mekulo.com\/se\/produkt\/automatisk-barbar-elektrisk-mixerflaska\/#primaryimage"},"thumbnailUrl":"https:\/\/mekulo.com\/se\/wp-content\/uploads\/sites\/11\/2026\/02\/fmr2ng3-1.jpg","datePublished":"2026-02-04T18:36:16+00:00","dateModified":"2026-03-02T12:44:22+00:00","breadcrumb":{"@id":"https:\/\/mekulo.com\/se\/produkt\/automatisk-barbar-elektrisk-mixerflaska\/#breadcrumb"},"inLanguage":"sv-SE","potentialAction":[{"@type":"ReadAction","target":["https:\/\/mekulo.com\/se\/produkt\/automatisk-barbar-elektrisk-mixerflaska\/"]}]},{"@type":"ImageObject","inLanguage":"sv-SE","@id":"https:\/\/mekulo.com\/se\/produkt\/automatisk-barbar-elektrisk-mixerflaska\/#primaryimage","url":"https:\/\/mekulo.com\/se\/wp-content\/uploads\/sites\/11\/2026\/02\/fmr2ng3-1.jpg","contentUrl":"https:\/\/mekulo.com\/se\/wp-content\/uploads\/sites\/11\/2026\/02\/fmr2ng3-1.jpg","width":700,"height":700},{"@type":"BreadcrumbList","@id":"https:\/\/mekulo.com\/se\/produkt\/automatisk-barbar-elektrisk-mixerflaska\/#breadcrumb","itemListElement":[{"@type":"ListItem","position":1,"name":"Home","item":"https:\/\/mekulo.com\/se\/"},{"@type":"ListItem","position":2,"name":"Butik","item":"https:\/\/mekulo.com\/se\/butik\/"},{"@type":"ListItem","position":3,"name":"Automatisk b\u00e4rbar elektrisk mixerflaska"}]},{"@type":"WebSite","@id":"https:\/\/mekulo.com\/se\/#website","url":"https:\/\/mekulo.com\/se\/","name":"Mekulo SE","description":"","publisher":{"@id":"https:\/\/mekulo.com\/se\/#organization"},"potentialAction":[{"@type":"SearchAction","target":{"@type":"EntryPoint","urlTemplate":"https:\/\/mekulo.com\/se\/?s={search_term_string}"},"query-input":{"@type":"PropertyValueSpecification","valueRequired":true,"valueName":"search_term_string"}}],"inLanguage":"sv-SE"},{"@type":"Organization","@id":"https:\/\/mekulo.com\/se\/#organization","name":"Mekulo","url":"https:\/\/mekulo.com\/se\/","logo":{"@type":"ImageObject","inLanguage":"sv-SE","@id":"https:\/\/mekulo.com\/se\/#\/schema\/logo\/image\/","url":"https:\/\/mekulo.com\/se\/wp-content\/uploads\/sites\/11\/2025\/12\/favicon_mekulo.png","contentUrl":"https:\/\/mekulo.com\/se\/wp-content\/uploads\/sites\/11\/2025\/12\/favicon_mekulo.png","width":50,"height":50,"caption":"Mekulo"},"image":{"@id":"https:\/\/mekulo.com\/se\/#\/schema\/logo\/image\/"}}]}},"_links":{"self":[{"href":"https:\/\/mekulo.com\/se\/wp-json\/wp\/v2\/product\/21332","targetHints":{"allow":["GET"]}}],"collection":[{"href":"https:\/\/mekulo.com\/se\/wp-json\/wp\/v2\/product"}],"about":[{"href":"https:\/\/mekulo.com\/se\/wp-json\/wp\/v2\/types\/product"}],"replies":[{"embeddable":true,"href":"https:\/\/mekulo.com\/se\/wp-json\/wp\/v2\/comments?post=21332"}],"wp:featuredmedia":[{"embeddable":true,"href":"https:\/\/mekulo.com\/se\/wp-json\/wp\/v2\/media\/21328"}],"wp:attachment":[{"href":"https:\/\/mekulo.com\/se\/wp-json\/wp\/v2\/media?parent=21332"}],"wp:term":[{"taxonomy":"product_brand","embeddable":true,"href":"https:\/\/mekulo.com\/se\/wp-json\/wp\/v2\/product_brand?post=21332"},{"taxonomy":"product_cat","embeddable":true,"href":"https:\/\/mekulo.com\/se\/wp-json\/wp\/v2\/product_cat?post=21332"},{"taxonomy":"product_tag","embeddable":true,"href":"https:\/\/mekulo.com\/se\/wp-json\/wp\/v2\/product_tag?post=21332"}],"curies":[{"name":"wp","href":"https:\/\/api.w.org\/{rel}","templated":true}]}}