{"id":21279,"date":"2026-02-04T20:28:59","date_gmt":"2026-02-04T18:28:59","guid":{"rendered":"https:\/\/mekulo.com\/se\/produkt\/joystick-for-startknapp-for-bilmotor-4-st\/"},"modified":"2026-02-10T11:11:18","modified_gmt":"2026-02-10T09:11:18","slug":"joystick-for-startknapp-for-bilmotor-4-st","status":"publish","type":"product","link":"https:\/\/mekulo.com\/se\/produkt\/joystick-for-startknapp-for-bilmotor-4-st\/","title":{"rendered":"Joystick f\u00f6r startknapp f\u00f6r bilmotor (4 st)"},"content":{"rendered":"<p style=\"text-align: center\" data-start=\"0\" data-end=\"66\"><strong data-start=\"0\" data-end=\"66\">F\u00f6rvandla bilens startknapp till en rolig och i\u00f6gonfallande kontroll. \ud83d\ude98<\/strong><\/p>\n<p data-start=\"0\" data-end=\"66\"><img decoding=\"async\" class=\"size-full wp-image-23377 aligncenter\" src=\"https:\/\/mekulo.com\/template\/wp-content\/uploads\/sites\/6\/2026\/02\/8dcb584ea59882e99170f1ce6277dc4ba7f8d199.avif\" alt=\"\" \/><\/p>\n<h2 style=\"text-align: center\" data-start=\"361\" data-end=\"378\"><strong>Huvudf\u00f6rdelar \ud83d\udd79\ufe0f<\/strong><\/h2>\n<p data-start=\"381\" data-end=\"441\">\ud83d\udd79\ufe0f Joystick-stil design &#8211; Ger en sportig och rolig look.<\/p>\n<p data-start=\"444\" data-end=\"500\">\ud83d\ude97 Ingen p\u00e5verkan p\u00e5 funktionen &#8211; Starta din bil som vanligt.<\/p>\n<p data-start=\"503\" data-end=\"568\">\ud83d\udd27 Enkel installation &#8211; F\u00e4st p\u00e5 n\u00e5gra minuter, inga verktyg beh\u00f6vs.<\/p>\n<p data-start=\"571\" data-end=\"630\">\ud83e\uddf2 Starkt lim &#8211; Fast grepp med bilspecifikt lim.<\/p>\n<p data-start=\"633\" data-end=\"689\">\ud83c\udf0d Universell passform &#8211; Fungerar med \u00f6ver 95% av fordonen.<\/p>\n<p data-start=\"692\" data-end=\"755\">\ud83c\udfa8 F\u00e4rgalternativ &#8211; V\u00e4lj r\u00f6tt eller bl\u00e5tt f\u00f6r att matcha din stil.<\/p>\n<p data-start=\"692\" data-end=\"755\"><img decoding=\"async\" class=\"size-full wp-image-23375 aligncenter\" src=\"https:\/\/mekulo.com\/template\/wp-content\/uploads\/sites\/6\/2026\/02\/6d555d00ac4ad85f73a29c1042f74f9d7749d5ec-700.avif\" alt=\"\" \/><\/p>\n<h2 style=\"text-align: center\" data-start=\"757\" data-end=\"771\"><strong>Hur Man Anv\u00e4nder \ud83d\udccc<\/strong><\/h2>\n<ol data-start=\"772\" data-end=\"982\">\n<li data-start=\"772\" data-end=\"819\">\n<p data-start=\"775\" data-end=\"819\">Reng\u00f6r ytan runt startknappen.<\/p>\n<\/li>\n<li data-start=\"820\" data-end=\"871\">\n<p data-start=\"823\" data-end=\"871\">F\u00e4st tejpen p\u00e5 joystickbasen.<\/p>\n<\/li>\n<li data-start=\"872\" data-end=\"918\">\n<p data-start=\"875\" data-end=\"918\">Ta bort skyddsfilmen fr\u00e5n tejpen.<\/p>\n<\/li>\n<li data-start=\"919\" data-end=\"955\">\n<p data-start=\"922\" data-end=\"955\">Rikta den \u00f6ver startknappen.<\/p>\n<\/li>\n<li data-start=\"956\" data-end=\"982\">\n<p data-start=\"959\" data-end=\"982\">Tryck ordentligt f\u00f6r att f\u00e4sta.<\/p>\n<\/li>\n<\/ol>\n<h2 style=\"text-align: center\" data-start=\"984\" data-end=\"1003\"><strong>Produktinformation \ud83d\udccf<\/strong><\/h2>\n<ul data-start=\"1004\" data-end=\"1252\">\n<li data-start=\"1058\" data-end=\"1099\">\n<p data-start=\"1060\" data-end=\"1099\">Material: Plast \/ zinklegeringsfinish<\/p>\n<\/li>\n<li data-start=\"1100\" data-end=\"1117\">\n<p data-start=\"1102\" data-end=\"1117\">L\u00e4ngd: 73 mm<\/p>\n<\/li>\n<li data-start=\"1118\" data-end=\"1138\">\n<p data-start=\"1120\" data-end=\"1138\">Tjocklek: 55 mm<\/p>\n<\/li>\n<li data-start=\"1139\" data-end=\"1165\">\n<p data-start=\"1141\" data-end=\"1165\">Bottendiameter: 41 mm<\/p>\n<\/li>\n<li data-start=\"1166\" data-end=\"1190\">\n<p data-start=\"1168\" data-end=\"1190\">Vikt: Cirka 77 g<\/p>\n<\/li>\n<li data-start=\"1213\" data-end=\"1252\">\n<p data-start=\"1215\" data-end=\"1252\">Kompatibilitet: Passar de flesta bilmodeller<\/p>\n<\/li>\n<\/ul>\n<h2 style=\"text-align: center\" data-start=\"1254\" data-end=\"1274\"><strong>Paketet Inneh\u00e5ller \ud83d\udce6<\/strong><\/h2>\n<ul data-start=\"1275\" data-end=\"1318\" data-is-last-node=\"\" data-is-only-node=\"\">\n<li data-start=\"1275\" data-end=\"1318\" data-is-last-node=\"\">\n<p data-start=\"1277\" data-end=\"1318\" data-is-last-node=\"\">4x joysticks f\u00f6r startknapp f\u00f6r bilmotor.<\/p>\n<\/li>\n<\/ul>\n","protected":false},"excerpt":{"rendered":"<p>\ud83d\udd79\ufe0fThis joystick f\u00f6r startknapp f\u00f6r bilmotor ger stil och personlighet till din bilinredning utan att \u00e4ndra hur motorn startar.<br \/>\n\ud83d\udd34Den sitter s\u00e4kert \u00f6ver din ursprungliga startknapp och fungerar smidigt varje g\u00e5ng.<br \/>\n\ud83d\ude99Den h\u00e4r enkla uppgraderingen g\u00f6r att det k\u00e4nns mer sp\u00e4nnande och unikt att starta bilen.<\/p>\n","protected":false},"featured_media":21275,"comment_status":"open","ping_status":"closed","template":"","meta":{"site-sidebar-layout":"default","site-content-layout":"","ast-site-content-layout":"default","site-content-style":"default","site-sidebar-style":"default","ast-global-header-display":"","ast-banner-title-visibility":"","ast-main-header-display":"","ast-hfb-above-header-display":"","ast-hfb-below-header-display":"","ast-hfb-mobile-header-display":"","site-post-title":"","ast-breadcrumbs-content":"","ast-featured-img":"","footer-sml-layout":"","theme-transparent-header-meta":"default","adv-header-id-meta":"","stick-header-meta":"","header-above-stick-meta":"","header-main-stick-meta":"","header-below-stick-meta":"","astra-migrate-meta-layouts":"set","ast-page-background-enabled":"default","ast-page-background-meta":{"desktop":{"background-color":"var(--ast-global-color-5)","background-image":"","background-repeat":"repeat","background-position":"center center","background-size":"auto","background-attachment":"scroll","background-type":"","background-media":"","overlay-type":"","overlay-color":"","overlay-opacity":"","overlay-gradient":""},"tablet":{"background-color":"","background-image":"","background-repeat":"repeat","background-position":"center center","background-size":"auto","background-attachment":"scroll","background-type":"","background-media":"","overlay-type":"","overlay-color":"","overlay-opacity":"","overlay-gradient":""},"mobile":{"background-color":"","background-image":"","background-repeat":"repeat","background-position":"center center","background-size":"auto","background-attachment":"scroll","background-type":"","background-media":"","overlay-type":"","overlay-color":"","overlay-opacity":"","overlay-gradient":""}},"ast-content-background-meta":{"desktop":{"background-color":"var(--ast-global-color-4)","background-image":"","background-repeat":"repeat","background-position":"center center","background-size":"auto","background-attachment":"scroll","background-type":"","background-media":"","overlay-type":"","overlay-color":"","overlay-opacity":"","overlay-gradient":""},"tablet":{"background-color":"var(--ast-global-color-4)","background-image":"","background-repeat":"repeat","background-position":"center center","background-size":"auto","background-attachment":"scroll","background-type":"","background-media":"","overlay-type":"","overlay-color":"","overlay-opacity":"","overlay-gradient":""},"mobile":{"background-color":"var(--ast-global-color-4)","background-image":"","background-repeat":"repeat","background-position":"center center","background-size":"auto","background-attachment":"scroll","background-type":"","background-media":"","overlay-type":"","overlay-color":"","overlay-opacity":"","overlay-gradient":""}}},"product_brand":[],"product_cat":[161],"product_tag":[],"class_list":{"0":"post-21279","1":"product","2":"type-product","3":"status-publish","4":"has-post-thumbnail","6":"product_cat-bilprodukter","7":"pa_54275_frheyhto-bla","8":"pa_54275_frheyhto-blanda","9":"pa_54275_frheyhto-rod","10":"desktop-align-left","11":"tablet-align-left","12":"mobile-align-left","14":"first","15":"instock","16":"shipping-taxable","17":"purchasable","18":"product-type-variable"},"yoast_head":"<!-- This site is optimized with the Yoast SEO plugin v26.6 - https:\/\/yoast.com\/wordpress\/plugins\/seo\/ -->\n<title>Joystick f\u00f6r startknapp f\u00f6r bilmotor (4 st) - Mekulo SE<\/title>\n<meta name=\"robots\" content=\"index, follow, max-snippet:-1, max-image-preview:large, max-video-preview:-1\" \/>\n<link rel=\"canonical\" href=\"https:\/\/mekulo.com\/se\/produkt\/joystick-for-startknapp-for-bilmotor-4-st\/\" \/>\n<meta property=\"og:locale\" content=\"sv_SE\" \/>\n<meta property=\"og:type\" content=\"article\" \/>\n<meta property=\"og:title\" content=\"Joystick f\u00f6r startknapp f\u00f6r bilmotor (4 st) - Mekulo SE\" \/>\n<meta property=\"og:description\" content=\"\ud83d\udd79\ufe0fThis joystick f\u00f6r startknapp f\u00f6r bilmotor ger stil och personlighet till din bilinredning utan att \u00e4ndra hur motorn startar. \ud83d\udd34Den sitter s\u00e4kert \u00f6ver din ursprungliga startknapp och fungerar smidigt varje g\u00e5ng. \ud83d\ude99Den h\u00e4r enkla uppgraderingen g\u00f6r att det k\u00e4nns mer sp\u00e4nnande och unikt att starta bilen.\" \/>\n<meta property=\"og:url\" content=\"https:\/\/mekulo.com\/se\/produkt\/joystick-for-startknapp-for-bilmotor-4-st\/\" \/>\n<meta property=\"og:site_name\" content=\"Mekulo SE\" \/>\n<meta property=\"article:modified_time\" content=\"2026-02-10T09:11:18+00:00\" \/>\n<meta property=\"og:image\" content=\"https:\/\/mekulo.com\/se\/wp-content\/uploads\/sites\/11\/2026\/02\/vrqsiwb-1.jpg\" \/>\n\t<meta property=\"og:image:width\" content=\"1080\" \/>\n\t<meta property=\"og:image:height\" content=\"1080\" \/>\n\t<meta property=\"og:image:type\" content=\"image\/jpeg\" \/>\n<meta name=\"twitter:card\" content=\"summary_large_image\" \/>\n<meta name=\"twitter:label1\" content=\"Ber\u00e4knad l\u00e4stid\" \/>\n\t<meta name=\"twitter:data1\" content=\"2 minuter\" \/>\n<script type=\"application\/ld+json\" class=\"yoast-schema-graph\">{\"@context\":\"https:\/\/schema.org\",\"@graph\":[{\"@type\":\"WebPage\",\"@id\":\"https:\/\/mekulo.com\/se\/produkt\/joystick-for-startknapp-for-bilmotor-4-st\/\",\"url\":\"https:\/\/mekulo.com\/se\/produkt\/joystick-for-startknapp-for-bilmotor-4-st\/\",\"name\":\"Joystick f\u00f6r startknapp f\u00f6r bilmotor (4 st) - Mekulo SE\",\"isPartOf\":{\"@id\":\"https:\/\/mekulo.com\/se\/#website\"},\"primaryImageOfPage\":{\"@id\":\"https:\/\/mekulo.com\/se\/produkt\/joystick-for-startknapp-for-bilmotor-4-st\/#primaryimage\"},\"image\":{\"@id\":\"https:\/\/mekulo.com\/se\/produkt\/joystick-for-startknapp-for-bilmotor-4-st\/#primaryimage\"},\"thumbnailUrl\":\"https:\/\/mekulo.com\/se\/wp-content\/uploads\/sites\/11\/2026\/02\/vrqsiwb-1.jpg\",\"datePublished\":\"2026-02-04T18:28:59+00:00\",\"dateModified\":\"2026-02-10T09:11:18+00:00\",\"breadcrumb\":{\"@id\":\"https:\/\/mekulo.com\/se\/produkt\/joystick-for-startknapp-for-bilmotor-4-st\/#breadcrumb\"},\"inLanguage\":\"sv-SE\",\"potentialAction\":[{\"@type\":\"ReadAction\",\"target\":[\"https:\/\/mekulo.com\/se\/produkt\/joystick-for-startknapp-for-bilmotor-4-st\/\"]}]},{\"@type\":\"ImageObject\",\"inLanguage\":\"sv-SE\",\"@id\":\"https:\/\/mekulo.com\/se\/produkt\/joystick-for-startknapp-for-bilmotor-4-st\/#primaryimage\",\"url\":\"https:\/\/mekulo.com\/se\/wp-content\/uploads\/sites\/11\/2026\/02\/vrqsiwb-1.jpg\",\"contentUrl\":\"https:\/\/mekulo.com\/se\/wp-content\/uploads\/sites\/11\/2026\/02\/vrqsiwb-1.jpg\",\"width\":1080,\"height\":1080},{\"@type\":\"BreadcrumbList\",\"@id\":\"https:\/\/mekulo.com\/se\/produkt\/joystick-for-startknapp-for-bilmotor-4-st\/#breadcrumb\",\"itemListElement\":[{\"@type\":\"ListItem\",\"position\":1,\"name\":\"Home\",\"item\":\"https:\/\/mekulo.com\/se\/\"},{\"@type\":\"ListItem\",\"position\":2,\"name\":\"Butik\",\"item\":\"https:\/\/mekulo.com\/se\/butik\/\"},{\"@type\":\"ListItem\",\"position\":3,\"name\":\"Joystick f\u00f6r startknapp f\u00f6r bilmotor (4 st)\"}]},{\"@type\":\"WebSite\",\"@id\":\"https:\/\/mekulo.com\/se\/#website\",\"url\":\"https:\/\/mekulo.com\/se\/\",\"name\":\"Mekulo SE\",\"description\":\"\",\"publisher\":{\"@id\":\"https:\/\/mekulo.com\/se\/#organization\"},\"potentialAction\":[{\"@type\":\"SearchAction\",\"target\":{\"@type\":\"EntryPoint\",\"urlTemplate\":\"https:\/\/mekulo.com\/se\/?s={search_term_string}\"},\"query-input\":{\"@type\":\"PropertyValueSpecification\",\"valueRequired\":true,\"valueName\":\"search_term_string\"}}],\"inLanguage\":\"sv-SE\"},{\"@type\":\"Organization\",\"@id\":\"https:\/\/mekulo.com\/se\/#organization\",\"name\":\"Mekulo\",\"url\":\"https:\/\/mekulo.com\/se\/\",\"logo\":{\"@type\":\"ImageObject\",\"inLanguage\":\"sv-SE\",\"@id\":\"https:\/\/mekulo.com\/se\/#\/schema\/logo\/image\/\",\"url\":\"https:\/\/mekulo.com\/se\/wp-content\/uploads\/sites\/11\/2025\/12\/favicon_mekulo.png\",\"contentUrl\":\"https:\/\/mekulo.com\/se\/wp-content\/uploads\/sites\/11\/2025\/12\/favicon_mekulo.png\",\"width\":50,\"height\":50,\"caption\":\"Mekulo\"},\"image\":{\"@id\":\"https:\/\/mekulo.com\/se\/#\/schema\/logo\/image\/\"}}]}<\/script>\n<!-- \/ Yoast SEO plugin. -->","yoast_head_json":{"title":"Joystick f\u00f6r startknapp f\u00f6r bilmotor (4 st) - Mekulo SE","robots":{"index":"index","follow":"follow","max-snippet":"max-snippet:-1","max-image-preview":"max-image-preview:large","max-video-preview":"max-video-preview:-1"},"canonical":"https:\/\/mekulo.com\/se\/produkt\/joystick-for-startknapp-for-bilmotor-4-st\/","og_locale":"sv_SE","og_type":"article","og_title":"Joystick f\u00f6r startknapp f\u00f6r bilmotor (4 st) - Mekulo SE","og_description":"\ud83d\udd79\ufe0fThis joystick f\u00f6r startknapp f\u00f6r bilmotor ger stil och personlighet till din bilinredning utan att \u00e4ndra hur motorn startar. \ud83d\udd34Den sitter s\u00e4kert \u00f6ver din ursprungliga startknapp och fungerar smidigt varje g\u00e5ng. \ud83d\ude99Den h\u00e4r enkla uppgraderingen g\u00f6r att det k\u00e4nns mer sp\u00e4nnande och unikt att starta bilen.","og_url":"https:\/\/mekulo.com\/se\/produkt\/joystick-for-startknapp-for-bilmotor-4-st\/","og_site_name":"Mekulo SE","article_modified_time":"2026-02-10T09:11:18+00:00","og_image":[{"width":1080,"height":1080,"url":"https:\/\/mekulo.com\/se\/wp-content\/uploads\/sites\/11\/2026\/02\/vrqsiwb-1.jpg","type":"image\/jpeg"}],"twitter_card":"summary_large_image","twitter_misc":{"Ber\u00e4knad l\u00e4stid":"2 minuter"},"schema":{"@context":"https:\/\/schema.org","@graph":[{"@type":"WebPage","@id":"https:\/\/mekulo.com\/se\/produkt\/joystick-for-startknapp-for-bilmotor-4-st\/","url":"https:\/\/mekulo.com\/se\/produkt\/joystick-for-startknapp-for-bilmotor-4-st\/","name":"Joystick f\u00f6r startknapp f\u00f6r bilmotor (4 st) - Mekulo SE","isPartOf":{"@id":"https:\/\/mekulo.com\/se\/#website"},"primaryImageOfPage":{"@id":"https:\/\/mekulo.com\/se\/produkt\/joystick-for-startknapp-for-bilmotor-4-st\/#primaryimage"},"image":{"@id":"https:\/\/mekulo.com\/se\/produkt\/joystick-for-startknapp-for-bilmotor-4-st\/#primaryimage"},"thumbnailUrl":"https:\/\/mekulo.com\/se\/wp-content\/uploads\/sites\/11\/2026\/02\/vrqsiwb-1.jpg","datePublished":"2026-02-04T18:28:59+00:00","dateModified":"2026-02-10T09:11:18+00:00","breadcrumb":{"@id":"https:\/\/mekulo.com\/se\/produkt\/joystick-for-startknapp-for-bilmotor-4-st\/#breadcrumb"},"inLanguage":"sv-SE","potentialAction":[{"@type":"ReadAction","target":["https:\/\/mekulo.com\/se\/produkt\/joystick-for-startknapp-for-bilmotor-4-st\/"]}]},{"@type":"ImageObject","inLanguage":"sv-SE","@id":"https:\/\/mekulo.com\/se\/produkt\/joystick-for-startknapp-for-bilmotor-4-st\/#primaryimage","url":"https:\/\/mekulo.com\/se\/wp-content\/uploads\/sites\/11\/2026\/02\/vrqsiwb-1.jpg","contentUrl":"https:\/\/mekulo.com\/se\/wp-content\/uploads\/sites\/11\/2026\/02\/vrqsiwb-1.jpg","width":1080,"height":1080},{"@type":"BreadcrumbList","@id":"https:\/\/mekulo.com\/se\/produkt\/joystick-for-startknapp-for-bilmotor-4-st\/#breadcrumb","itemListElement":[{"@type":"ListItem","position":1,"name":"Home","item":"https:\/\/mekulo.com\/se\/"},{"@type":"ListItem","position":2,"name":"Butik","item":"https:\/\/mekulo.com\/se\/butik\/"},{"@type":"ListItem","position":3,"name":"Joystick f\u00f6r startknapp f\u00f6r bilmotor (4 st)"}]},{"@type":"WebSite","@id":"https:\/\/mekulo.com\/se\/#website","url":"https:\/\/mekulo.com\/se\/","name":"Mekulo SE","description":"","publisher":{"@id":"https:\/\/mekulo.com\/se\/#organization"},"potentialAction":[{"@type":"SearchAction","target":{"@type":"EntryPoint","urlTemplate":"https:\/\/mekulo.com\/se\/?s={search_term_string}"},"query-input":{"@type":"PropertyValueSpecification","valueRequired":true,"valueName":"search_term_string"}}],"inLanguage":"sv-SE"},{"@type":"Organization","@id":"https:\/\/mekulo.com\/se\/#organization","name":"Mekulo","url":"https:\/\/mekulo.com\/se\/","logo":{"@type":"ImageObject","inLanguage":"sv-SE","@id":"https:\/\/mekulo.com\/se\/#\/schema\/logo\/image\/","url":"https:\/\/mekulo.com\/se\/wp-content\/uploads\/sites\/11\/2025\/12\/favicon_mekulo.png","contentUrl":"https:\/\/mekulo.com\/se\/wp-content\/uploads\/sites\/11\/2025\/12\/favicon_mekulo.png","width":50,"height":50,"caption":"Mekulo"},"image":{"@id":"https:\/\/mekulo.com\/se\/#\/schema\/logo\/image\/"}}]}},"_links":{"self":[{"href":"https:\/\/mekulo.com\/se\/wp-json\/wp\/v2\/product\/21279","targetHints":{"allow":["GET"]}}],"collection":[{"href":"https:\/\/mekulo.com\/se\/wp-json\/wp\/v2\/product"}],"about":[{"href":"https:\/\/mekulo.com\/se\/wp-json\/wp\/v2\/types\/product"}],"replies":[{"embeddable":true,"href":"https:\/\/mekulo.com\/se\/wp-json\/wp\/v2\/comments?post=21279"}],"wp:featuredmedia":[{"embeddable":true,"href":"https:\/\/mekulo.com\/se\/wp-json\/wp\/v2\/media\/21275"}],"wp:attachment":[{"href":"https:\/\/mekulo.com\/se\/wp-json\/wp\/v2\/media?parent=21279"}],"wp:term":[{"taxonomy":"product_brand","embeddable":true,"href":"https:\/\/mekulo.com\/se\/wp-json\/wp\/v2\/product_brand?post=21279"},{"taxonomy":"product_cat","embeddable":true,"href":"https:\/\/mekulo.com\/se\/wp-json\/wp\/v2\/product_cat?post=21279"},{"taxonomy":"product_tag","embeddable":true,"href":"https:\/\/mekulo.com\/se\/wp-json\/wp\/v2\/product_tag?post=21279"}],"curies":[{"name":"wp","href":"https:\/\/api.w.org\/{rel}","templated":true}]}}