{"id":21250,"date":"2026-02-04T20:27:10","date_gmt":"2026-02-04T18:27:10","guid":{"rendered":"https:\/\/mekulo.com\/se\/produkt\/bordtennisnat-for-omedelbar-anvandning\/"},"modified":"2026-02-04T20:27:35","modified_gmt":"2026-02-04T18:27:35","slug":"bordtennisnat-for-omedelbar-anvandning","status":"publish","type":"product","link":"https:\/\/mekulo.com\/se\/produkt\/bordtennisnat-for-omedelbar-anvandning\/","title":{"rendered":"Bordtennisn\u00e4t f\u00f6r omedelbar anv\u00e4ndning"},"content":{"rendered":"<p style=\"text-align: center\" data-start=\"0\" data-end=\"53\"><strong data-start=\"0\" data-end=\"53\">F\u00f6rvandla vilket bord som helst till ett pingisbord p\u00e5 n\u00e5gra sekunder. \ud83c\udfbe<\/strong><\/p>\n<p data-start=\"0\" data-end=\"53\"><img fetchpriority=\"high\" decoding=\"async\" class=\"size-full wp-image-23349 aligncenter\" src=\"https:\/\/mekulo.com\/template\/wp-content\/uploads\/sites\/6\/2026\/02\/83704579ac58ad4ff57c2ca0cc3a9a1abba33c11.jpg\" alt=\"\" width=\"1080\" height=\"1013\" \/><\/p>\n<h2 style=\"text-align: center\" data-start=\"346\" data-end=\"363\"><strong>Huvudf\u00f6rdelar \ud83c\udfd3<\/strong><\/h2>\n<p data-start=\"366\" data-end=\"429\">\ud83c\udfd3 Omedelbar installation &#8211; F\u00f6rvandlar alla bord till ett pingisbord.<\/p>\n<p data-start=\"432\" data-end=\"493\">\ud83d\udd04 Inf\u00e4llbart n\u00e4t &#8211; L\u00e4tt att f\u00e4sta, justera och ta bort.<\/p>\n<p data-start=\"496\" data-end=\"552\">\ud83d\udcaa H\u00e5llbara material &#8211; Byggda f\u00f6r l\u00e5ngvarig lek.<\/p>\n<p data-start=\"555\" data-end=\"608\">\ud83c\udf92 Kompakt &amp; b\u00e4rbar &#8211; L\u00e4tt att b\u00e4ra och f\u00f6rvara.<\/p>\n<p data-start=\"611\" data-end=\"680\">\ud83d\udc68\u200d\ud83d\udc69\u200d\ud83d\udc67\u200d\ud83d\udc66 Familjev\u00e4nlig &#8211; Kul f\u00f6r alla \u00e5ldrar och skicklighetsniv\u00e5er.<\/p>\n<p data-start=\"683\" data-end=\"744\">\ud83c\udf81 Bra presentid\u00e9 &#8211; Perfekt f\u00f6r sport- och spel\u00e4lskare.<\/p>\n<p data-start=\"683\" data-end=\"744\"><img decoding=\"async\" class=\"size-full wp-image-23351 aligncenter\" src=\"https:\/\/mekulo.com\/template\/wp-content\/uploads\/sites\/6\/2026\/02\/d48dda820de79d755f51e4caa47242c74e417289-700.jpg\" alt=\"\" width=\"1080\" height=\"1080\" \/><\/p>\n<h2 style=\"text-align: center\" data-start=\"746\" data-end=\"760\"><strong>Hur Man Anv\u00e4nder \ud83d\udccc<\/strong><\/h2>\n<ol data-start=\"761\" data-end=\"942\">\n<li data-start=\"761\" data-end=\"795\">\n<p data-start=\"764\" data-end=\"795\">Dra ut det inf\u00e4llbara n\u00e4tet.<\/p>\n<\/li>\n<li data-start=\"796\" data-end=\"834\">\n<p data-start=\"799\" data-end=\"834\">F\u00e4st varje sida p\u00e5 en bordskant.<\/p>\n<\/li>\n<li data-start=\"835\" data-end=\"878\">\n<p data-start=\"838\" data-end=\"878\">Justera n\u00e4tbredden s\u00e5 att den passar bordet.<\/p>\n<\/li>\n<li data-start=\"879\" data-end=\"910\">\n<p data-start=\"882\" data-end=\"910\">B\u00f6rja spela omedelbart.<\/p>\n<\/li>\n<li data-start=\"911\" data-end=\"942\">\n<p data-start=\"914\" data-end=\"942\">Dra tillbaka och f\u00f6rvara efter anv\u00e4ndning.<\/p>\n<\/li>\n<\/ol>\n<h2 style=\"text-align: center\" data-start=\"944\" data-end=\"963\"><strong>Produktdetaljer \ud83d\udccf<\/strong><\/h2>\n<ul data-start=\"964\" data-end=\"1162\">\n<li data-start=\"1015\" data-end=\"1059\">\n<p data-start=\"1017\" data-end=\"1059\">Installation: Clip-on, inga verktyg kr\u00e4vs<\/p>\n<\/li>\n<li data-start=\"1060\" data-end=\"1094\">\n<p data-start=\"1062\" data-end=\"1094\">Anv\u00e4ndning: Bord inomhus och utomhus<\/p>\n<\/li>\n<li data-start=\"1095\" data-end=\"1127\">\n<p data-start=\"1097\" data-end=\"1127\">Design: Kompakt och b\u00e4rbar<\/p>\n<\/li>\n<li data-start=\"1128\" data-end=\"1162\">\n<p data-start=\"1130\" data-end=\"1162\">Spelare: L\u00e4mplig f\u00f6r alla \u00e5ldrar<\/p>\n<\/li>\n<li data-start=\"1128\" data-end=\"1162\">Storlekar: St\u00e4ngd: 19 x 12 x 14 cm, str\u00e4ck upp till 174 cm<\/li>\n<\/ul>\n<h2 style=\"text-align: center\" data-start=\"1164\" data-end=\"1184\"><strong>Paketet Inneh\u00e5ller \ud83d\udce6<\/strong><\/h2>\n<ul data-start=\"1185\" data-end=\"1237\" data-is-last-node=\"\" data-is-only-node=\"\">\n<li data-start=\"1185\" data-end=\"1221\">\n<p data-start=\"1187\" data-end=\"1221\">1, 2x inf\u00e4llbart bordtennisn\u00e4t.<\/p>\n<\/li>\n<\/ul>\n","protected":false},"excerpt":{"rendered":"<p>\ud83c\udfd3Med det h\u00e4r bordtennisn\u00e4tet kan du spela bordtennis n\u00e4r som helst, var som helst utan en permanent installation.<br \/>\n\ud83c\udfe0Den inf\u00e4llbara designen f\u00e4sts snabbt p\u00e5 de flesta bord, vilket g\u00f6r det perfekt f\u00f6r hemmet, resor, fester eller utomhusaktiviteter.<br \/>\n\ud83e\uddd2Det h\u00e4r n\u00e4tet ger dig snabbt, aktivt spel var du \u00e4n \u00e4r utan kr\u00e5ngel.<\/p>\n","protected":false},"featured_media":21246,"comment_status":"open","ping_status":"closed","template":"","meta":{"site-sidebar-layout":"default","site-content-layout":"","ast-site-content-layout":"default","site-content-style":"default","site-sidebar-style":"default","ast-global-header-display":"","ast-banner-title-visibility":"","ast-main-header-display":"","ast-hfb-above-header-display":"","ast-hfb-below-header-display":"","ast-hfb-mobile-header-display":"","site-post-title":"","ast-breadcrumbs-content":"","ast-featured-img":"","footer-sml-layout":"","theme-transparent-header-meta":"default","adv-header-id-meta":"","stick-header-meta":"","header-above-stick-meta":"","header-main-stick-meta":"","header-below-stick-meta":"","astra-migrate-meta-layouts":"set","ast-page-background-enabled":"default","ast-page-background-meta":{"desktop":{"background-color":"var(--ast-global-color-5)","background-image":"","background-repeat":"repeat","background-position":"center center","background-size":"auto","background-attachment":"scroll","background-type":"","background-media":"","overlay-type":"","overlay-color":"","overlay-opacity":"","overlay-gradient":""},"tablet":{"background-color":"","background-image":"","background-repeat":"repeat","background-position":"center center","background-size":"auto","background-attachment":"scroll","background-type":"","background-media":"","overlay-type":"","overlay-color":"","overlay-opacity":"","overlay-gradient":""},"mobile":{"background-color":"","background-image":"","background-repeat":"repeat","background-position":"center center","background-size":"auto","background-attachment":"scroll","background-type":"","background-media":"","overlay-type":"","overlay-color":"","overlay-opacity":"","overlay-gradient":""}},"ast-content-background-meta":{"desktop":{"background-color":"var(--ast-global-color-4)","background-image":"","background-repeat":"repeat","background-position":"center center","background-size":"auto","background-attachment":"scroll","background-type":"","background-media":"","overlay-type":"","overlay-color":"","overlay-opacity":"","overlay-gradient":""},"tablet":{"background-color":"var(--ast-global-color-4)","background-image":"","background-repeat":"repeat","background-position":"center center","background-size":"auto","background-attachment":"scroll","background-type":"","background-media":"","overlay-type":"","overlay-color":"","overlay-opacity":"","overlay-gradient":""},"mobile":{"background-color":"var(--ast-global-color-4)","background-image":"","background-repeat":"repeat","background-position":"center center","background-size":"auto","background-attachment":"scroll","background-type":"","background-media":"","overlay-type":"","overlay-color":"","overlay-opacity":"","overlay-gradient":""}}},"product_brand":[],"product_cat":[172,167],"product_tag":[],"class_list":{"0":"post-21250","1":"product","2":"type-product","3":"status-publish","4":"has-post-thumbnail","6":"product_cat-leksaker-barn-och-babyprodukter","7":"product_cat-vandring-camping-och-fritidsartiklar","8":"pa_54274_a6wuordg-1-st","9":"pa_54274_a6wuordg-2-st","10":"pa_54274_mngo437q-bla","11":"pa_54274_mngo437q-gra","12":"pa_54274_mngo437q-orange","13":"pa_54274_mngo437q-svart","14":"desktop-align-left","15":"tablet-align-left","16":"mobile-align-left","18":"first","19":"instock","20":"shipping-taxable","21":"purchasable","22":"product-type-variable","23":"has-default-attributes"},"yoast_head":"<!-- This site is optimized with the Yoast SEO plugin v26.6 - https:\/\/yoast.com\/wordpress\/plugins\/seo\/ -->\n<title>Bordtennisn\u00e4t f\u00f6r omedelbar anv\u00e4ndning - Mekulo SE<\/title>\n<meta name=\"robots\" content=\"index, follow, max-snippet:-1, max-image-preview:large, max-video-preview:-1\" \/>\n<link rel=\"canonical\" href=\"https:\/\/mekulo.com\/se\/produkt\/bordtennisnat-for-omedelbar-anvandning\/\" \/>\n<meta property=\"og:locale\" content=\"sv_SE\" \/>\n<meta property=\"og:type\" content=\"article\" \/>\n<meta property=\"og:title\" content=\"Bordtennisn\u00e4t f\u00f6r omedelbar anv\u00e4ndning - Mekulo SE\" \/>\n<meta property=\"og:description\" content=\"\ud83c\udfd3Med det h\u00e4r bordtennisn\u00e4tet kan du spela bordtennis n\u00e4r som helst, var som helst utan en permanent installation. \ud83c\udfe0Den inf\u00e4llbara designen f\u00e4sts snabbt p\u00e5 de flesta bord, vilket g\u00f6r det perfekt f\u00f6r hemmet, resor, fester eller utomhusaktiviteter. \ud83e\uddd2Det h\u00e4r n\u00e4tet ger dig snabbt, aktivt spel var du \u00e4n \u00e4r utan kr\u00e5ngel.\" \/>\n<meta property=\"og:url\" content=\"https:\/\/mekulo.com\/se\/produkt\/bordtennisnat-for-omedelbar-anvandning\/\" \/>\n<meta property=\"og:site_name\" content=\"Mekulo SE\" \/>\n<meta property=\"article:modified_time\" content=\"2026-02-04T18:27:35+00:00\" \/>\n<meta property=\"og:image\" content=\"https:\/\/mekulo.com\/se\/wp-content\/uploads\/sites\/11\/2026\/02\/jljjzu9-1.jpg\" \/>\n\t<meta property=\"og:image:width\" content=\"800\" \/>\n\t<meta property=\"og:image:height\" content=\"800\" \/>\n\t<meta property=\"og:image:type\" content=\"image\/jpeg\" \/>\n<meta name=\"twitter:card\" content=\"summary_large_image\" \/>\n<meta name=\"twitter:label1\" content=\"Ber\u00e4knad l\u00e4stid\" \/>\n\t<meta name=\"twitter:data1\" content=\"2 minuter\" \/>\n<script type=\"application\/ld+json\" class=\"yoast-schema-graph\">{\"@context\":\"https:\/\/schema.org\",\"@graph\":[{\"@type\":\"WebPage\",\"@id\":\"https:\/\/mekulo.com\/se\/produkt\/bordtennisnat-for-omedelbar-anvandning\/\",\"url\":\"https:\/\/mekulo.com\/se\/produkt\/bordtennisnat-for-omedelbar-anvandning\/\",\"name\":\"Bordtennisn\u00e4t f\u00f6r omedelbar anv\u00e4ndning - Mekulo SE\",\"isPartOf\":{\"@id\":\"https:\/\/mekulo.com\/se\/#website\"},\"primaryImageOfPage\":{\"@id\":\"https:\/\/mekulo.com\/se\/produkt\/bordtennisnat-for-omedelbar-anvandning\/#primaryimage\"},\"image\":{\"@id\":\"https:\/\/mekulo.com\/se\/produkt\/bordtennisnat-for-omedelbar-anvandning\/#primaryimage\"},\"thumbnailUrl\":\"https:\/\/mekulo.com\/se\/wp-content\/uploads\/sites\/11\/2026\/02\/jljjzu9-1.jpg\",\"datePublished\":\"2026-02-04T18:27:10+00:00\",\"dateModified\":\"2026-02-04T18:27:35+00:00\",\"breadcrumb\":{\"@id\":\"https:\/\/mekulo.com\/se\/produkt\/bordtennisnat-for-omedelbar-anvandning\/#breadcrumb\"},\"inLanguage\":\"sv-SE\",\"potentialAction\":[{\"@type\":\"ReadAction\",\"target\":[\"https:\/\/mekulo.com\/se\/produkt\/bordtennisnat-for-omedelbar-anvandning\/\"]}]},{\"@type\":\"ImageObject\",\"inLanguage\":\"sv-SE\",\"@id\":\"https:\/\/mekulo.com\/se\/produkt\/bordtennisnat-for-omedelbar-anvandning\/#primaryimage\",\"url\":\"https:\/\/mekulo.com\/se\/wp-content\/uploads\/sites\/11\/2026\/02\/jljjzu9-1.jpg\",\"contentUrl\":\"https:\/\/mekulo.com\/se\/wp-content\/uploads\/sites\/11\/2026\/02\/jljjzu9-1.jpg\",\"width\":800,\"height\":800},{\"@type\":\"BreadcrumbList\",\"@id\":\"https:\/\/mekulo.com\/se\/produkt\/bordtennisnat-for-omedelbar-anvandning\/#breadcrumb\",\"itemListElement\":[{\"@type\":\"ListItem\",\"position\":1,\"name\":\"Home\",\"item\":\"https:\/\/mekulo.com\/se\/\"},{\"@type\":\"ListItem\",\"position\":2,\"name\":\"Butik\",\"item\":\"https:\/\/mekulo.com\/se\/butik\/\"},{\"@type\":\"ListItem\",\"position\":3,\"name\":\"Bordtennisn\u00e4t f\u00f6r omedelbar anv\u00e4ndning\"}]},{\"@type\":\"WebSite\",\"@id\":\"https:\/\/mekulo.com\/se\/#website\",\"url\":\"https:\/\/mekulo.com\/se\/\",\"name\":\"Mekulo SE\",\"description\":\"\",\"publisher\":{\"@id\":\"https:\/\/mekulo.com\/se\/#organization\"},\"potentialAction\":[{\"@type\":\"SearchAction\",\"target\":{\"@type\":\"EntryPoint\",\"urlTemplate\":\"https:\/\/mekulo.com\/se\/?s={search_term_string}\"},\"query-input\":{\"@type\":\"PropertyValueSpecification\",\"valueRequired\":true,\"valueName\":\"search_term_string\"}}],\"inLanguage\":\"sv-SE\"},{\"@type\":\"Organization\",\"@id\":\"https:\/\/mekulo.com\/se\/#organization\",\"name\":\"Mekulo\",\"url\":\"https:\/\/mekulo.com\/se\/\",\"logo\":{\"@type\":\"ImageObject\",\"inLanguage\":\"sv-SE\",\"@id\":\"https:\/\/mekulo.com\/se\/#\/schema\/logo\/image\/\",\"url\":\"https:\/\/mekulo.com\/se\/wp-content\/uploads\/sites\/11\/2025\/12\/favicon_mekulo.png\",\"contentUrl\":\"https:\/\/mekulo.com\/se\/wp-content\/uploads\/sites\/11\/2025\/12\/favicon_mekulo.png\",\"width\":50,\"height\":50,\"caption\":\"Mekulo\"},\"image\":{\"@id\":\"https:\/\/mekulo.com\/se\/#\/schema\/logo\/image\/\"}}]}<\/script>\n<!-- \/ Yoast SEO plugin. -->","yoast_head_json":{"title":"Bordtennisn\u00e4t f\u00f6r omedelbar anv\u00e4ndning - Mekulo SE","robots":{"index":"index","follow":"follow","max-snippet":"max-snippet:-1","max-image-preview":"max-image-preview:large","max-video-preview":"max-video-preview:-1"},"canonical":"https:\/\/mekulo.com\/se\/produkt\/bordtennisnat-for-omedelbar-anvandning\/","og_locale":"sv_SE","og_type":"article","og_title":"Bordtennisn\u00e4t f\u00f6r omedelbar anv\u00e4ndning - Mekulo SE","og_description":"\ud83c\udfd3Med det h\u00e4r bordtennisn\u00e4tet kan du spela bordtennis n\u00e4r som helst, var som helst utan en permanent installation. \ud83c\udfe0Den inf\u00e4llbara designen f\u00e4sts snabbt p\u00e5 de flesta bord, vilket g\u00f6r det perfekt f\u00f6r hemmet, resor, fester eller utomhusaktiviteter. \ud83e\uddd2Det h\u00e4r n\u00e4tet ger dig snabbt, aktivt spel var du \u00e4n \u00e4r utan kr\u00e5ngel.","og_url":"https:\/\/mekulo.com\/se\/produkt\/bordtennisnat-for-omedelbar-anvandning\/","og_site_name":"Mekulo SE","article_modified_time":"2026-02-04T18:27:35+00:00","og_image":[{"width":800,"height":800,"url":"https:\/\/mekulo.com\/se\/wp-content\/uploads\/sites\/11\/2026\/02\/jljjzu9-1.jpg","type":"image\/jpeg"}],"twitter_card":"summary_large_image","twitter_misc":{"Ber\u00e4knad l\u00e4stid":"2 minuter"},"schema":{"@context":"https:\/\/schema.org","@graph":[{"@type":"WebPage","@id":"https:\/\/mekulo.com\/se\/produkt\/bordtennisnat-for-omedelbar-anvandning\/","url":"https:\/\/mekulo.com\/se\/produkt\/bordtennisnat-for-omedelbar-anvandning\/","name":"Bordtennisn\u00e4t f\u00f6r omedelbar anv\u00e4ndning - Mekulo SE","isPartOf":{"@id":"https:\/\/mekulo.com\/se\/#website"},"primaryImageOfPage":{"@id":"https:\/\/mekulo.com\/se\/produkt\/bordtennisnat-for-omedelbar-anvandning\/#primaryimage"},"image":{"@id":"https:\/\/mekulo.com\/se\/produkt\/bordtennisnat-for-omedelbar-anvandning\/#primaryimage"},"thumbnailUrl":"https:\/\/mekulo.com\/se\/wp-content\/uploads\/sites\/11\/2026\/02\/jljjzu9-1.jpg","datePublished":"2026-02-04T18:27:10+00:00","dateModified":"2026-02-04T18:27:35+00:00","breadcrumb":{"@id":"https:\/\/mekulo.com\/se\/produkt\/bordtennisnat-for-omedelbar-anvandning\/#breadcrumb"},"inLanguage":"sv-SE","potentialAction":[{"@type":"ReadAction","target":["https:\/\/mekulo.com\/se\/produkt\/bordtennisnat-for-omedelbar-anvandning\/"]}]},{"@type":"ImageObject","inLanguage":"sv-SE","@id":"https:\/\/mekulo.com\/se\/produkt\/bordtennisnat-for-omedelbar-anvandning\/#primaryimage","url":"https:\/\/mekulo.com\/se\/wp-content\/uploads\/sites\/11\/2026\/02\/jljjzu9-1.jpg","contentUrl":"https:\/\/mekulo.com\/se\/wp-content\/uploads\/sites\/11\/2026\/02\/jljjzu9-1.jpg","width":800,"height":800},{"@type":"BreadcrumbList","@id":"https:\/\/mekulo.com\/se\/produkt\/bordtennisnat-for-omedelbar-anvandning\/#breadcrumb","itemListElement":[{"@type":"ListItem","position":1,"name":"Home","item":"https:\/\/mekulo.com\/se\/"},{"@type":"ListItem","position":2,"name":"Butik","item":"https:\/\/mekulo.com\/se\/butik\/"},{"@type":"ListItem","position":3,"name":"Bordtennisn\u00e4t f\u00f6r omedelbar anv\u00e4ndning"}]},{"@type":"WebSite","@id":"https:\/\/mekulo.com\/se\/#website","url":"https:\/\/mekulo.com\/se\/","name":"Mekulo SE","description":"","publisher":{"@id":"https:\/\/mekulo.com\/se\/#organization"},"potentialAction":[{"@type":"SearchAction","target":{"@type":"EntryPoint","urlTemplate":"https:\/\/mekulo.com\/se\/?s={search_term_string}"},"query-input":{"@type":"PropertyValueSpecification","valueRequired":true,"valueName":"search_term_string"}}],"inLanguage":"sv-SE"},{"@type":"Organization","@id":"https:\/\/mekulo.com\/se\/#organization","name":"Mekulo","url":"https:\/\/mekulo.com\/se\/","logo":{"@type":"ImageObject","inLanguage":"sv-SE","@id":"https:\/\/mekulo.com\/se\/#\/schema\/logo\/image\/","url":"https:\/\/mekulo.com\/se\/wp-content\/uploads\/sites\/11\/2025\/12\/favicon_mekulo.png","contentUrl":"https:\/\/mekulo.com\/se\/wp-content\/uploads\/sites\/11\/2025\/12\/favicon_mekulo.png","width":50,"height":50,"caption":"Mekulo"},"image":{"@id":"https:\/\/mekulo.com\/se\/#\/schema\/logo\/image\/"}}]}},"_links":{"self":[{"href":"https:\/\/mekulo.com\/se\/wp-json\/wp\/v2\/product\/21250","targetHints":{"allow":["GET"]}}],"collection":[{"href":"https:\/\/mekulo.com\/se\/wp-json\/wp\/v2\/product"}],"about":[{"href":"https:\/\/mekulo.com\/se\/wp-json\/wp\/v2\/types\/product"}],"replies":[{"embeddable":true,"href":"https:\/\/mekulo.com\/se\/wp-json\/wp\/v2\/comments?post=21250"}],"wp:featuredmedia":[{"embeddable":true,"href":"https:\/\/mekulo.com\/se\/wp-json\/wp\/v2\/media\/21246"}],"wp:attachment":[{"href":"https:\/\/mekulo.com\/se\/wp-json\/wp\/v2\/media?parent=21250"}],"wp:term":[{"taxonomy":"product_brand","embeddable":true,"href":"https:\/\/mekulo.com\/se\/wp-json\/wp\/v2\/product_brand?post=21250"},{"taxonomy":"product_cat","embeddable":true,"href":"https:\/\/mekulo.com\/se\/wp-json\/wp\/v2\/product_cat?post=21250"},{"taxonomy":"product_tag","embeddable":true,"href":"https:\/\/mekulo.com\/se\/wp-json\/wp\/v2\/product_tag?post=21250"}],"curies":[{"name":"wp","href":"https:\/\/api.w.org\/{rel}","templated":true}]}}