{"id":21230,"date":"2026-02-04T20:25:20","date_gmt":"2026-02-04T18:25:20","guid":{"rendered":"https:\/\/mekulo.com\/se\/produkt\/reparator-av-dolda-lador\/"},"modified":"2026-02-10T11:11:20","modified_gmt":"2026-02-10T09:11:20","slug":"reparator-av-dolda-lador","status":"publish","type":"product","link":"https:\/\/mekulo.com\/se\/produkt\/reparator-av-dolda-lador\/","title":{"rendered":"Reparat\u00f6r av dolda l\u00e5dor"},"content":{"rendered":"<p style=\"text-align: center\" data-start=\"0\" data-end=\"59\"><strong data-start=\"0\" data-end=\"59\">F\u00e4st l\u00f6sa v\u00e4ggl\u00e5dor och h\u00e5ll str\u00f6mbrytare ordentligt p\u00e5 plats. \ud83e\uddf1<\/strong><\/p>\n<p data-start=\"0\" data-end=\"59\"><img fetchpriority=\"high\" decoding=\"async\" class=\"size-full wp-image-23329 aligncenter\" src=\"https:\/\/mekulo.com\/template\/wp-content\/uploads\/sites\/6\/2026\/02\/2-3.jpeg\" alt=\"\" width=\"800\" height=\"800\" \/><\/p>\n<h2 style=\"text-align: center\" data-start=\"332\" data-end=\"349\"><strong>Huvudf\u00f6rdelar \ud83d\udd29<\/strong><\/h2>\n<p data-start=\"352\" data-end=\"406\">\ud83d\udd29 Starkt j\u00e4rnst\u00f6d &#8211; H\u00e5ller v\u00e4ggl\u00e5dorna stabila.<\/p>\n<p data-start=\"409\" data-end=\"473\">\ud83e\uddf1 F\u00f6rhindrar lossning &#8211; Stoppar l\u00e5dans r\u00f6relse inuti v\u00e4ggen.<\/p>\n<p data-start=\"476\" data-end=\"554\">\u26a1 Perfekt f\u00f6r typ 86-l\u00e5dor &#8211; Designad f\u00f6r standardbrytare och uttag.<\/p>\n<p data-start=\"557\" data-end=\"608\">\ud83d\udee0\ufe0f L\u00e4tt att installera &#8211; Inga specialverktyg beh\u00f6vs.<\/p>\n<p data-start=\"611\" data-end=\"688\">\ud83d\udd04 Perfekt f\u00f6r reparationer &amp; nya installationer &#8211; Fungerar f\u00f6r underh\u00e5ll eller uppgraderingar.<\/p>\n<p data-start=\"611\" data-end=\"688\"><img decoding=\"async\" class=\"size-full wp-image-23331 aligncenter\" src=\"https:\/\/mekulo.com\/template\/wp-content\/uploads\/sites\/6\/2026\/02\/4-2.jpeg\" alt=\"\" width=\"800\" height=\"800\" \/><\/p>\n<h2 style=\"text-align: center\">Hur man anv\u00e4nder \ud83d\udccc<\/h2>\n<ol data-start=\"764\" data-end=\"1013\">\n<li data-start=\"764\" data-end=\"819\">\n<p data-start=\"767\" data-end=\"819\">Identifiera den l\u00f6sa eller felinriktade v\u00e4ggboxen av typ 86.<\/p>\n<\/li>\n<li data-start=\"820\" data-end=\"872\">\n<p data-start=\"823\" data-end=\"872\">F\u00f6r in j\u00e4rnst\u00e5ngen i botten av l\u00e5dan.<\/p>\n<\/li>\n<li data-start=\"873\" data-end=\"919\">\n<p data-start=\"876\" data-end=\"919\">Justera tills l\u00e5dan st\u00f6ds ordentligt.<\/p>\n<\/li>\n<li data-start=\"920\" data-end=\"975\">\n<p data-start=\"923\" data-end=\"975\">Installera eller dra \u00e5t str\u00f6mbrytaren eller uttaget som normalt.<\/p>\n<\/li>\n<li data-start=\"976\" data-end=\"1013\">\n<p data-start=\"979\" data-end=\"1013\">Slutf\u00f6r v\u00e4ggfinish om det beh\u00f6vs.<\/p>\n<\/li>\n<\/ol>\n<h2 style=\"text-align: center\" data-start=\"1015\" data-end=\"1034\"><strong>Produktdetaljer \ud83d\udccf<\/strong><\/h2>\n<ul data-start=\"1035\" data-end=\"1286\">\n<li data-start=\"1089\" data-end=\"1107\">\n<p data-start=\"1091\" data-end=\"1107\">Material: J\u00e4rn<\/p>\n<\/li>\n<li data-start=\"1108\" data-end=\"1163\">\n<p data-start=\"1110\" data-end=\"1163\">Applikation: Str\u00f6mbrytare, uttag, inb\u00e4ddade v\u00e4ggl\u00e5dor<\/p>\n<\/li>\n<li data-start=\"1164\" data-end=\"1198\">\n<p data-start=\"1166\" data-end=\"1198\">Installation: Inb\u00e4ddat st\u00f6d<\/p>\n<\/li>\n<li data-start=\"1238\" data-end=\"1286\">\n<p data-start=\"1240\" data-end=\"1286\">Anv\u00e4ndning: Elektrisk installation och underh\u00e5ll<\/p>\n<\/li>\n<li data-start=\"1238\" data-end=\"1286\">Storlekar: Reparationsplatta: 7,8 x 1 x 0,1 cm, skruvar: 4,3 x 0,5 x 0,5 cm<\/li>\n<\/ul>\n<h2 style=\"text-align: center\" data-start=\"1288\" data-end=\"1308\"><strong>F\u00f6rpackningen inneh\u00e5ller \ud83d\udce6<\/strong><\/h2>\n<ul data-start=\"1309\" data-end=\"1364\" data-is-last-node=\"\" data-is-only-node=\"\">\n<li data-start=\"1309\" data-end=\"1364\" data-is-last-node=\"\">\n<p data-start=\"1311\" data-end=\"1364\" data-is-last-node=\"\">10, 20, 30, 50x upps\u00e4ttningar av reparat\u00f6rer f\u00f6r dolda l\u00e5dor (20,40, 60, 100 st).<\/p>\n<\/li>\n<\/ul>\n","protected":false},"excerpt":{"rendered":"<p>\ud83e\uddf1Den h\u00e4r dolda boxreparat\u00f6ren stabiliserar v\u00e4ggboxar av typ 86 under installation eller reparation.<br \/>\n\ud83d\udd0cDen f\u00f6rhindrar r\u00f6relse, rotation och snedst\u00e4llning av brytar- och uttagsl\u00e5dor.<br \/>\n\ud83e\uddd1\u200d\ud83d\udd27This enkelt verktyg f\u00f6rb\u00e4ttrar s\u00e4kerheten, utseendet och den l\u00e5ngsiktiga tillf\u00f6rlitligheten hos elinstallationer.<\/p>\n","protected":false},"featured_media":21226,"comment_status":"open","ping_status":"closed","template":"","meta":{"site-sidebar-layout":"default","site-content-layout":"","ast-site-content-layout":"default","site-content-style":"default","site-sidebar-style":"default","ast-global-header-display":"","ast-banner-title-visibility":"","ast-main-header-display":"","ast-hfb-above-header-display":"","ast-hfb-below-header-display":"","ast-hfb-mobile-header-display":"","site-post-title":"","ast-breadcrumbs-content":"","ast-featured-img":"","footer-sml-layout":"","theme-transparent-header-meta":"default","adv-header-id-meta":"","stick-header-meta":"","header-above-stick-meta":"","header-main-stick-meta":"","header-below-stick-meta":"","astra-migrate-meta-layouts":"set","ast-page-background-enabled":"default","ast-page-background-meta":{"desktop":{"background-color":"var(--ast-global-color-5)","background-image":"","background-repeat":"repeat","background-position":"center center","background-size":"auto","background-attachment":"scroll","background-type":"","background-media":"","overlay-type":"","overlay-color":"","overlay-opacity":"","overlay-gradient":""},"tablet":{"background-color":"","background-image":"","background-repeat":"repeat","background-position":"center center","background-size":"auto","background-attachment":"scroll","background-type":"","background-media":"","overlay-type":"","overlay-color":"","overlay-opacity":"","overlay-gradient":""},"mobile":{"background-color":"","background-image":"","background-repeat":"repeat","background-position":"center center","background-size":"auto","background-attachment":"scroll","background-type":"","background-media":"","overlay-type":"","overlay-color":"","overlay-opacity":"","overlay-gradient":""}},"ast-content-background-meta":{"desktop":{"background-color":"var(--ast-global-color-4)","background-image":"","background-repeat":"repeat","background-position":"center center","background-size":"auto","background-attachment":"scroll","background-type":"","background-media":"","overlay-type":"","overlay-color":"","overlay-opacity":"","overlay-gradient":""},"tablet":{"background-color":"var(--ast-global-color-4)","background-image":"","background-repeat":"repeat","background-position":"center center","background-size":"auto","background-attachment":"scroll","background-type":"","background-media":"","overlay-type":"","overlay-color":"","overlay-opacity":"","overlay-gradient":""},"mobile":{"background-color":"var(--ast-global-color-4)","background-image":"","background-repeat":"repeat","background-position":"center center","background-size":"auto","background-attachment":"scroll","background-type":"","background-media":"","overlay-type":"","overlay-color":"","overlay-opacity":"","overlay-gradient":""}}},"product_brand":[],"product_cat":[168,171],"product_tag":[],"class_list":{"0":"post-21230","1":"product","2":"type-product","3":"status-publish","4":"has-post-thumbnail","6":"product_cat-hushallsartiklar","7":"product_cat-verktyg","8":"pa_54273_71kcxay1-10-uppsattningar","9":"pa_54273_71kcxay1-20-uppsattningar","10":"pa_54273_71kcxay1-30-uppsattningar","11":"pa_54273_71kcxay1-50-uppsattningar","12":"desktop-align-left","13":"tablet-align-left","14":"mobile-align-left","16":"first","17":"instock","18":"shipping-taxable","19":"purchasable","20":"product-type-variable"},"yoast_head":"<!-- This site is optimized with the Yoast SEO plugin v26.6 - https:\/\/yoast.com\/wordpress\/plugins\/seo\/ -->\n<title>Reparat\u00f6r av dolda l\u00e5dor - Mekulo SE<\/title>\n<meta name=\"robots\" content=\"index, follow, max-snippet:-1, max-image-preview:large, max-video-preview:-1\" \/>\n<link rel=\"canonical\" href=\"https:\/\/mekulo.com\/se\/produkt\/reparator-av-dolda-lador\/\" \/>\n<meta property=\"og:locale\" content=\"sv_SE\" \/>\n<meta property=\"og:type\" content=\"article\" \/>\n<meta property=\"og:title\" content=\"Reparat\u00f6r av dolda l\u00e5dor - Mekulo SE\" \/>\n<meta property=\"og:description\" content=\"\ud83e\uddf1Den h\u00e4r dolda boxreparat\u00f6ren stabiliserar v\u00e4ggboxar av typ 86 under installation eller reparation. \ud83d\udd0cDen f\u00f6rhindrar r\u00f6relse, rotation och snedst\u00e4llning av brytar- och uttagsl\u00e5dor. \ud83e\uddd1\u200d\ud83d\udd27This enkelt verktyg f\u00f6rb\u00e4ttrar s\u00e4kerheten, utseendet och den l\u00e5ngsiktiga tillf\u00f6rlitligheten hos elinstallationer.\" \/>\n<meta property=\"og:url\" content=\"https:\/\/mekulo.com\/se\/produkt\/reparator-av-dolda-lador\/\" \/>\n<meta property=\"og:site_name\" content=\"Mekulo SE\" \/>\n<meta property=\"article:modified_time\" content=\"2026-02-10T09:11:20+00:00\" \/>\n<meta property=\"og:image\" content=\"https:\/\/mekulo.com\/se\/wp-content\/uploads\/sites\/11\/2026\/02\/kuw2jec-1.jpg\" \/>\n\t<meta property=\"og:image:width\" content=\"1080\" \/>\n\t<meta property=\"og:image:height\" content=\"1080\" \/>\n\t<meta property=\"og:image:type\" content=\"image\/jpeg\" \/>\n<meta name=\"twitter:card\" content=\"summary_large_image\" \/>\n<meta name=\"twitter:label1\" content=\"Ber\u00e4knad l\u00e4stid\" \/>\n\t<meta name=\"twitter:data1\" content=\"2 minuter\" \/>\n<script type=\"application\/ld+json\" class=\"yoast-schema-graph\">{\"@context\":\"https:\/\/schema.org\",\"@graph\":[{\"@type\":\"WebPage\",\"@id\":\"https:\/\/mekulo.com\/se\/produkt\/reparator-av-dolda-lador\/\",\"url\":\"https:\/\/mekulo.com\/se\/produkt\/reparator-av-dolda-lador\/\",\"name\":\"Reparat\u00f6r av dolda l\u00e5dor - Mekulo SE\",\"isPartOf\":{\"@id\":\"https:\/\/mekulo.com\/se\/#website\"},\"primaryImageOfPage\":{\"@id\":\"https:\/\/mekulo.com\/se\/produkt\/reparator-av-dolda-lador\/#primaryimage\"},\"image\":{\"@id\":\"https:\/\/mekulo.com\/se\/produkt\/reparator-av-dolda-lador\/#primaryimage\"},\"thumbnailUrl\":\"https:\/\/mekulo.com\/se\/wp-content\/uploads\/sites\/11\/2026\/02\/kuw2jec-1.jpg\",\"datePublished\":\"2026-02-04T18:25:20+00:00\",\"dateModified\":\"2026-02-10T09:11:20+00:00\",\"breadcrumb\":{\"@id\":\"https:\/\/mekulo.com\/se\/produkt\/reparator-av-dolda-lador\/#breadcrumb\"},\"inLanguage\":\"sv-SE\",\"potentialAction\":[{\"@type\":\"ReadAction\",\"target\":[\"https:\/\/mekulo.com\/se\/produkt\/reparator-av-dolda-lador\/\"]}]},{\"@type\":\"ImageObject\",\"inLanguage\":\"sv-SE\",\"@id\":\"https:\/\/mekulo.com\/se\/produkt\/reparator-av-dolda-lador\/#primaryimage\",\"url\":\"https:\/\/mekulo.com\/se\/wp-content\/uploads\/sites\/11\/2026\/02\/kuw2jec-1.jpg\",\"contentUrl\":\"https:\/\/mekulo.com\/se\/wp-content\/uploads\/sites\/11\/2026\/02\/kuw2jec-1.jpg\",\"width\":1080,\"height\":1080},{\"@type\":\"BreadcrumbList\",\"@id\":\"https:\/\/mekulo.com\/se\/produkt\/reparator-av-dolda-lador\/#breadcrumb\",\"itemListElement\":[{\"@type\":\"ListItem\",\"position\":1,\"name\":\"Home\",\"item\":\"https:\/\/mekulo.com\/se\/\"},{\"@type\":\"ListItem\",\"position\":2,\"name\":\"Butik\",\"item\":\"https:\/\/mekulo.com\/se\/butik\/\"},{\"@type\":\"ListItem\",\"position\":3,\"name\":\"Reparat\u00f6r av dolda l\u00e5dor\"}]},{\"@type\":\"WebSite\",\"@id\":\"https:\/\/mekulo.com\/se\/#website\",\"url\":\"https:\/\/mekulo.com\/se\/\",\"name\":\"Mekulo SE\",\"description\":\"\",\"publisher\":{\"@id\":\"https:\/\/mekulo.com\/se\/#organization\"},\"potentialAction\":[{\"@type\":\"SearchAction\",\"target\":{\"@type\":\"EntryPoint\",\"urlTemplate\":\"https:\/\/mekulo.com\/se\/?s={search_term_string}\"},\"query-input\":{\"@type\":\"PropertyValueSpecification\",\"valueRequired\":true,\"valueName\":\"search_term_string\"}}],\"inLanguage\":\"sv-SE\"},{\"@type\":\"Organization\",\"@id\":\"https:\/\/mekulo.com\/se\/#organization\",\"name\":\"Mekulo\",\"url\":\"https:\/\/mekulo.com\/se\/\",\"logo\":{\"@type\":\"ImageObject\",\"inLanguage\":\"sv-SE\",\"@id\":\"https:\/\/mekulo.com\/se\/#\/schema\/logo\/image\/\",\"url\":\"https:\/\/mekulo.com\/se\/wp-content\/uploads\/sites\/11\/2025\/12\/favicon_mekulo.png\",\"contentUrl\":\"https:\/\/mekulo.com\/se\/wp-content\/uploads\/sites\/11\/2025\/12\/favicon_mekulo.png\",\"width\":50,\"height\":50,\"caption\":\"Mekulo\"},\"image\":{\"@id\":\"https:\/\/mekulo.com\/se\/#\/schema\/logo\/image\/\"}}]}<\/script>\n<!-- \/ Yoast SEO plugin. -->","yoast_head_json":{"title":"Reparat\u00f6r av dolda l\u00e5dor - Mekulo SE","robots":{"index":"index","follow":"follow","max-snippet":"max-snippet:-1","max-image-preview":"max-image-preview:large","max-video-preview":"max-video-preview:-1"},"canonical":"https:\/\/mekulo.com\/se\/produkt\/reparator-av-dolda-lador\/","og_locale":"sv_SE","og_type":"article","og_title":"Reparat\u00f6r av dolda l\u00e5dor - Mekulo SE","og_description":"\ud83e\uddf1Den h\u00e4r dolda boxreparat\u00f6ren stabiliserar v\u00e4ggboxar av typ 86 under installation eller reparation. \ud83d\udd0cDen f\u00f6rhindrar r\u00f6relse, rotation och snedst\u00e4llning av brytar- och uttagsl\u00e5dor. \ud83e\uddd1\u200d\ud83d\udd27This enkelt verktyg f\u00f6rb\u00e4ttrar s\u00e4kerheten, utseendet och den l\u00e5ngsiktiga tillf\u00f6rlitligheten hos elinstallationer.","og_url":"https:\/\/mekulo.com\/se\/produkt\/reparator-av-dolda-lador\/","og_site_name":"Mekulo SE","article_modified_time":"2026-02-10T09:11:20+00:00","og_image":[{"width":1080,"height":1080,"url":"https:\/\/mekulo.com\/se\/wp-content\/uploads\/sites\/11\/2026\/02\/kuw2jec-1.jpg","type":"image\/jpeg"}],"twitter_card":"summary_large_image","twitter_misc":{"Ber\u00e4knad l\u00e4stid":"2 minuter"},"schema":{"@context":"https:\/\/schema.org","@graph":[{"@type":"WebPage","@id":"https:\/\/mekulo.com\/se\/produkt\/reparator-av-dolda-lador\/","url":"https:\/\/mekulo.com\/se\/produkt\/reparator-av-dolda-lador\/","name":"Reparat\u00f6r av dolda l\u00e5dor - Mekulo SE","isPartOf":{"@id":"https:\/\/mekulo.com\/se\/#website"},"primaryImageOfPage":{"@id":"https:\/\/mekulo.com\/se\/produkt\/reparator-av-dolda-lador\/#primaryimage"},"image":{"@id":"https:\/\/mekulo.com\/se\/produkt\/reparator-av-dolda-lador\/#primaryimage"},"thumbnailUrl":"https:\/\/mekulo.com\/se\/wp-content\/uploads\/sites\/11\/2026\/02\/kuw2jec-1.jpg","datePublished":"2026-02-04T18:25:20+00:00","dateModified":"2026-02-10T09:11:20+00:00","breadcrumb":{"@id":"https:\/\/mekulo.com\/se\/produkt\/reparator-av-dolda-lador\/#breadcrumb"},"inLanguage":"sv-SE","potentialAction":[{"@type":"ReadAction","target":["https:\/\/mekulo.com\/se\/produkt\/reparator-av-dolda-lador\/"]}]},{"@type":"ImageObject","inLanguage":"sv-SE","@id":"https:\/\/mekulo.com\/se\/produkt\/reparator-av-dolda-lador\/#primaryimage","url":"https:\/\/mekulo.com\/se\/wp-content\/uploads\/sites\/11\/2026\/02\/kuw2jec-1.jpg","contentUrl":"https:\/\/mekulo.com\/se\/wp-content\/uploads\/sites\/11\/2026\/02\/kuw2jec-1.jpg","width":1080,"height":1080},{"@type":"BreadcrumbList","@id":"https:\/\/mekulo.com\/se\/produkt\/reparator-av-dolda-lador\/#breadcrumb","itemListElement":[{"@type":"ListItem","position":1,"name":"Home","item":"https:\/\/mekulo.com\/se\/"},{"@type":"ListItem","position":2,"name":"Butik","item":"https:\/\/mekulo.com\/se\/butik\/"},{"@type":"ListItem","position":3,"name":"Reparat\u00f6r av dolda l\u00e5dor"}]},{"@type":"WebSite","@id":"https:\/\/mekulo.com\/se\/#website","url":"https:\/\/mekulo.com\/se\/","name":"Mekulo SE","description":"","publisher":{"@id":"https:\/\/mekulo.com\/se\/#organization"},"potentialAction":[{"@type":"SearchAction","target":{"@type":"EntryPoint","urlTemplate":"https:\/\/mekulo.com\/se\/?s={search_term_string}"},"query-input":{"@type":"PropertyValueSpecification","valueRequired":true,"valueName":"search_term_string"}}],"inLanguage":"sv-SE"},{"@type":"Organization","@id":"https:\/\/mekulo.com\/se\/#organization","name":"Mekulo","url":"https:\/\/mekulo.com\/se\/","logo":{"@type":"ImageObject","inLanguage":"sv-SE","@id":"https:\/\/mekulo.com\/se\/#\/schema\/logo\/image\/","url":"https:\/\/mekulo.com\/se\/wp-content\/uploads\/sites\/11\/2025\/12\/favicon_mekulo.png","contentUrl":"https:\/\/mekulo.com\/se\/wp-content\/uploads\/sites\/11\/2025\/12\/favicon_mekulo.png","width":50,"height":50,"caption":"Mekulo"},"image":{"@id":"https:\/\/mekulo.com\/se\/#\/schema\/logo\/image\/"}}]}},"_links":{"self":[{"href":"https:\/\/mekulo.com\/se\/wp-json\/wp\/v2\/product\/21230","targetHints":{"allow":["GET"]}}],"collection":[{"href":"https:\/\/mekulo.com\/se\/wp-json\/wp\/v2\/product"}],"about":[{"href":"https:\/\/mekulo.com\/se\/wp-json\/wp\/v2\/types\/product"}],"replies":[{"embeddable":true,"href":"https:\/\/mekulo.com\/se\/wp-json\/wp\/v2\/comments?post=21230"}],"wp:featuredmedia":[{"embeddable":true,"href":"https:\/\/mekulo.com\/se\/wp-json\/wp\/v2\/media\/21226"}],"wp:attachment":[{"href":"https:\/\/mekulo.com\/se\/wp-json\/wp\/v2\/media?parent=21230"}],"wp:term":[{"taxonomy":"product_brand","embeddable":true,"href":"https:\/\/mekulo.com\/se\/wp-json\/wp\/v2\/product_brand?post=21230"},{"taxonomy":"product_cat","embeddable":true,"href":"https:\/\/mekulo.com\/se\/wp-json\/wp\/v2\/product_cat?post=21230"},{"taxonomy":"product_tag","embeddable":true,"href":"https:\/\/mekulo.com\/se\/wp-json\/wp\/v2\/product_tag?post=21230"}],"curies":[{"name":"wp","href":"https:\/\/api.w.org\/{rel}","templated":true}]}}