{"id":21188,"date":"2026-02-04T20:21:44","date_gmt":"2026-02-04T18:21:44","guid":{"rendered":"https:\/\/mekulo.com\/se\/produkt\/skydd-for-ramskena\/"},"modified":"2026-02-04T20:22:04","modified_gmt":"2026-02-04T18:22:04","slug":"skydd-for-ramskena","status":"publish","type":"product","link":"https:\/\/mekulo.com\/se\/produkt\/skydd-for-ramskena\/","title":{"rendered":"Skydd f\u00f6r ramskena"},"content":{"rendered":"<p style=\"text-align: center\" data-start=\"0\" data-end=\"62\"><strong data-start=\"0\" data-end=\"62\">Lyft ditt fordon p\u00e5 ett s\u00e4kert s\u00e4tt utan att skada ramskenorna. \ud83d\ude99<\/strong><\/p>\n<p data-start=\"0\" data-end=\"62\"><img fetchpriority=\"high\" decoding=\"async\" class=\"size-full wp-image-23294 aligncenter\" src=\"https:\/\/mekulo.com\/template\/wp-content\/uploads\/sites\/6\/2026\/02\/fd2b81ad50ca338414591a68d2d1915df6a5ebac-700.jpg\" alt=\"\" width=\"1080\" height=\"1040\" \/><\/p>\n<h2 style=\"text-align: center\" data-start=\"353\" data-end=\"370\"><strong>Huvudf\u00f6rdelar \ud83d\ude97<\/strong><\/h2>\n<p data-start=\"373\" data-end=\"447\">\ud83e\uddf2 Magnetiskt grepp &#8211; H\u00e5ller dynan p\u00e5 plats medan du placerar domkraften.<\/p>\n<p data-start=\"450\" data-end=\"513\">\ud83d\ude97 Skyddar nypsvetsar &#8211; F\u00f6rhindrar b\u00f6jning eller deformation.<\/p>\n<p data-start=\"516\" data-end=\"572\">\ud83d\udcaa Stark aluminiumkropp &#8211; H\u00e5llbar och l\u00e5ngvarig.<\/p>\n<p data-start=\"575\" data-end=\"638\">\ud83e\uddf5 Nylonsp\u00e5rinsats &#8211; Extra skydd f\u00f6r ramskenor.<\/p>\n<p data-start=\"641\" data-end=\"695\">\u2699\ufe0f Enkel installation &#8211; Ingen skada p\u00e5 ditt fordon.<\/p>\n<p data-start=\"698\" data-end=\"771\">\ud83d\udd27 Universell passform &#8211; Fungerar med de flesta unibody-fordon och golvdomkrafter.<\/p>\n<p data-start=\"698\" data-end=\"771\"><img decoding=\"async\" class=\"size-full wp-image-23299 aligncenter\" src=\"https:\/\/mekulo.com\/template\/wp-content\/uploads\/sites\/6\/2026\/02\/S2cfb1299924440cb8d0a0c166c39a729K.jpg_960x960q75.jpg_.avif\" alt=\"\" width=\"960\" height=\"960\" \/><\/p>\n<h2 style=\"text-align: center\" data-start=\"773\" data-end=\"787\"><strong>Hur Man Anv\u00e4nder \ud83d\udccc<\/strong><\/h2>\n<ol data-start=\"788\" data-end=\"1020\">\n<li data-start=\"788\" data-end=\"842\">\n<p data-start=\"791\" data-end=\"842\">Placera domkraftsdynan p\u00e5 fordonets nypsvets.<\/p>\n<\/li>\n<li data-start=\"843\" data-end=\"889\">\n<p data-start=\"846\" data-end=\"889\">L\u00e5t magneterna h\u00e5lla dynan p\u00e5 plats.<\/p>\n<\/li>\n<li data-start=\"890\" data-end=\"931\">\n<p data-start=\"893\" data-end=\"931\">Rikta in din golvdomkraft under dynan.<\/p>\n<\/li>\n<li data-start=\"932\" data-end=\"974\">\n<p data-start=\"935\" data-end=\"974\">Lyft fordonet l\u00e5ngsamt och s\u00e4kert.<\/p>\n<\/li>\n<li data-start=\"975\" data-end=\"1020\">\n<p data-start=\"978\" data-end=\"1020\">Ta bort dynan efter att ha s\u00e4nkt fordonet.<\/p>\n<\/li>\n<\/ol>\n<h2 style=\"text-align: center\" data-start=\"1022\" data-end=\"1041\"><strong>Produktdetaljer \ud83d\udccf<\/strong><\/h2>\n<ul data-start=\"1042\" data-end=\"1324\">\n<li data-start=\"1103\" data-end=\"1143\">\n<p data-start=\"1105\" data-end=\"1143\">Material: Aluminium med nyloninsats<\/p>\n<\/li>\n<li data-start=\"1144\" data-end=\"1181\">\n<p data-start=\"1146\" data-end=\"1181\">Design: Magnetisk jackdyna med sp\u00e5r<\/p>\n<\/li>\n<li data-start=\"1182\" data-end=\"1223\">\n<p data-start=\"1184\" data-end=\"1223\">Slotstorlek: 0,9 cm bredd x 1,5 cm djup<\/p>\n<\/li>\n<li data-start=\"1224\" data-end=\"1248\">\n<p data-start=\"1226\" data-end=\"1248\">Basdiameter: 7,4 cm<\/p>\n<\/li>\n<li data-start=\"1249\" data-end=\"1299\">\n<p data-start=\"1251\" data-end=\"1299\">Passform: De flesta unibody-fordon och golvknektar<\/p>\n<\/li>\n<\/ul>\n<h2 style=\"text-align: center\" data-start=\"1326\" data-end=\"1346\"><strong>Package Includes<\/strong><\/h2>\n<ul>\n<li>2, 4x ramskenskydd.<\/li>\n<\/ul>\n","protected":false},"excerpt":{"rendered":"<p>\ud83d\ude98Det h\u00e4r ramskenskyddet skyddar bilens kl\u00e4mfogar n\u00e4r du lyfter med en golvdomkraft.<br \/>\n\ud83e\uddf2Den magnetiska aluminiumdesignen h\u00e5ller dynan stadigt p\u00e5 plats och minskar risken f\u00f6r att den glider under lyft.<br \/>\n\u2699\ufe0fThis verktyget ger dig en s\u00e4krare och stabilare domkraftspunkt och hj\u00e4lper till att f\u00f6rhindra kostsamma ramskador.<\/p>\n","protected":false},"featured_media":21184,"comment_status":"open","ping_status":"closed","template":"","meta":{"site-sidebar-layout":"default","site-content-layout":"","ast-site-content-layout":"default","site-content-style":"default","site-sidebar-style":"default","ast-global-header-display":"","ast-banner-title-visibility":"","ast-main-header-display":"","ast-hfb-above-header-display":"","ast-hfb-below-header-display":"","ast-hfb-mobile-header-display":"","site-post-title":"","ast-breadcrumbs-content":"","ast-featured-img":"","footer-sml-layout":"","theme-transparent-header-meta":"default","adv-header-id-meta":"","stick-header-meta":"","header-above-stick-meta":"","header-main-stick-meta":"","header-below-stick-meta":"","astra-migrate-meta-layouts":"set","ast-page-background-enabled":"default","ast-page-background-meta":{"desktop":{"background-color":"var(--ast-global-color-5)","background-image":"","background-repeat":"repeat","background-position":"center center","background-size":"auto","background-attachment":"scroll","background-type":"","background-media":"","overlay-type":"","overlay-color":"","overlay-opacity":"","overlay-gradient":""},"tablet":{"background-color":"","background-image":"","background-repeat":"repeat","background-position":"center center","background-size":"auto","background-attachment":"scroll","background-type":"","background-media":"","overlay-type":"","overlay-color":"","overlay-opacity":"","overlay-gradient":""},"mobile":{"background-color":"","background-image":"","background-repeat":"repeat","background-position":"center center","background-size":"auto","background-attachment":"scroll","background-type":"","background-media":"","overlay-type":"","overlay-color":"","overlay-opacity":"","overlay-gradient":""}},"ast-content-background-meta":{"desktop":{"background-color":"var(--ast-global-color-4)","background-image":"","background-repeat":"repeat","background-position":"center center","background-size":"auto","background-attachment":"scroll","background-type":"","background-media":"","overlay-type":"","overlay-color":"","overlay-opacity":"","overlay-gradient":""},"tablet":{"background-color":"var(--ast-global-color-4)","background-image":"","background-repeat":"repeat","background-position":"center center","background-size":"auto","background-attachment":"scroll","background-type":"","background-media":"","overlay-type":"","overlay-color":"","overlay-opacity":"","overlay-gradient":""},"mobile":{"background-color":"var(--ast-global-color-4)","background-image":"","background-repeat":"repeat","background-position":"center center","background-size":"auto","background-attachment":"scroll","background-type":"","background-media":"","overlay-type":"","overlay-color":"","overlay-opacity":"","overlay-gradient":""}}},"product_brand":[],"product_cat":[161],"product_tag":[],"class_list":{"0":"post-21188","1":"product","2":"type-product","3":"status-publish","4":"has-post-thumbnail","6":"product_cat-bilprodukter","7":"pa_54262_gi4mzqt5-bla","8":"pa_54262_gi4mzqt5-orange","9":"pa_54262_gi4mzqt5-rod","10":"pa_54262_jtcu9v57-2-st","11":"pa_54262_jtcu9v57-4-st","12":"desktop-align-left","13":"tablet-align-left","14":"mobile-align-left","16":"first","17":"instock","18":"shipping-taxable","19":"purchasable","20":"product-type-variable","21":"has-default-attributes"},"yoast_head":"<!-- This site is optimized with the Yoast SEO plugin v26.6 - https:\/\/yoast.com\/wordpress\/plugins\/seo\/ -->\n<title>Skydd f\u00f6r ramskena - Mekulo SE<\/title>\n<meta name=\"robots\" content=\"index, follow, max-snippet:-1, max-image-preview:large, max-video-preview:-1\" \/>\n<link rel=\"canonical\" href=\"https:\/\/mekulo.com\/se\/produkt\/skydd-for-ramskena\/\" \/>\n<meta property=\"og:locale\" content=\"sv_SE\" \/>\n<meta property=\"og:type\" content=\"article\" \/>\n<meta property=\"og:title\" content=\"Skydd f\u00f6r ramskena - Mekulo SE\" \/>\n<meta property=\"og:description\" content=\"\ud83d\ude98Det h\u00e4r ramskenskyddet skyddar bilens kl\u00e4mfogar n\u00e4r du lyfter med en golvdomkraft. \ud83e\uddf2Den magnetiska aluminiumdesignen h\u00e5ller dynan stadigt p\u00e5 plats och minskar risken f\u00f6r att den glider under lyft. \u2699\ufe0fThis verktyget ger dig en s\u00e4krare och stabilare domkraftspunkt och hj\u00e4lper till att f\u00f6rhindra kostsamma ramskador.\" \/>\n<meta property=\"og:url\" content=\"https:\/\/mekulo.com\/se\/produkt\/skydd-for-ramskena\/\" \/>\n<meta property=\"og:site_name\" content=\"Mekulo SE\" \/>\n<meta property=\"article:modified_time\" content=\"2026-02-04T18:22:04+00:00\" \/>\n<meta property=\"og:image\" content=\"https:\/\/mekulo.com\/se\/wp-content\/uploads\/sites\/11\/2026\/02\/fl5di9u-1.jpg\" \/>\n\t<meta property=\"og:image:width\" content=\"960\" \/>\n\t<meta property=\"og:image:height\" content=\"960\" \/>\n\t<meta property=\"og:image:type\" content=\"image\/jpeg\" \/>\n<meta name=\"twitter:card\" content=\"summary_large_image\" \/>\n<meta name=\"twitter:label1\" content=\"Ber\u00e4knad l\u00e4stid\" \/>\n\t<meta name=\"twitter:data1\" content=\"2 minuter\" \/>\n<script type=\"application\/ld+json\" class=\"yoast-schema-graph\">{\"@context\":\"https:\/\/schema.org\",\"@graph\":[{\"@type\":\"WebPage\",\"@id\":\"https:\/\/mekulo.com\/se\/produkt\/skydd-for-ramskena\/\",\"url\":\"https:\/\/mekulo.com\/se\/produkt\/skydd-for-ramskena\/\",\"name\":\"Skydd f\u00f6r ramskena - Mekulo SE\",\"isPartOf\":{\"@id\":\"https:\/\/mekulo.com\/se\/#website\"},\"primaryImageOfPage\":{\"@id\":\"https:\/\/mekulo.com\/se\/produkt\/skydd-for-ramskena\/#primaryimage\"},\"image\":{\"@id\":\"https:\/\/mekulo.com\/se\/produkt\/skydd-for-ramskena\/#primaryimage\"},\"thumbnailUrl\":\"https:\/\/mekulo.com\/se\/wp-content\/uploads\/sites\/11\/2026\/02\/fl5di9u-1.jpg\",\"datePublished\":\"2026-02-04T18:21:44+00:00\",\"dateModified\":\"2026-02-04T18:22:04+00:00\",\"breadcrumb\":{\"@id\":\"https:\/\/mekulo.com\/se\/produkt\/skydd-for-ramskena\/#breadcrumb\"},\"inLanguage\":\"sv-SE\",\"potentialAction\":[{\"@type\":\"ReadAction\",\"target\":[\"https:\/\/mekulo.com\/se\/produkt\/skydd-for-ramskena\/\"]}]},{\"@type\":\"ImageObject\",\"inLanguage\":\"sv-SE\",\"@id\":\"https:\/\/mekulo.com\/se\/produkt\/skydd-for-ramskena\/#primaryimage\",\"url\":\"https:\/\/mekulo.com\/se\/wp-content\/uploads\/sites\/11\/2026\/02\/fl5di9u-1.jpg\",\"contentUrl\":\"https:\/\/mekulo.com\/se\/wp-content\/uploads\/sites\/11\/2026\/02\/fl5di9u-1.jpg\",\"width\":960,\"height\":960},{\"@type\":\"BreadcrumbList\",\"@id\":\"https:\/\/mekulo.com\/se\/produkt\/skydd-for-ramskena\/#breadcrumb\",\"itemListElement\":[{\"@type\":\"ListItem\",\"position\":1,\"name\":\"Home\",\"item\":\"https:\/\/mekulo.com\/se\/\"},{\"@type\":\"ListItem\",\"position\":2,\"name\":\"Butik\",\"item\":\"https:\/\/mekulo.com\/se\/butik\/\"},{\"@type\":\"ListItem\",\"position\":3,\"name\":\"Skydd f\u00f6r ramskena\"}]},{\"@type\":\"WebSite\",\"@id\":\"https:\/\/mekulo.com\/se\/#website\",\"url\":\"https:\/\/mekulo.com\/se\/\",\"name\":\"Mekulo SE\",\"description\":\"\",\"publisher\":{\"@id\":\"https:\/\/mekulo.com\/se\/#organization\"},\"potentialAction\":[{\"@type\":\"SearchAction\",\"target\":{\"@type\":\"EntryPoint\",\"urlTemplate\":\"https:\/\/mekulo.com\/se\/?s={search_term_string}\"},\"query-input\":{\"@type\":\"PropertyValueSpecification\",\"valueRequired\":true,\"valueName\":\"search_term_string\"}}],\"inLanguage\":\"sv-SE\"},{\"@type\":\"Organization\",\"@id\":\"https:\/\/mekulo.com\/se\/#organization\",\"name\":\"Mekulo\",\"url\":\"https:\/\/mekulo.com\/se\/\",\"logo\":{\"@type\":\"ImageObject\",\"inLanguage\":\"sv-SE\",\"@id\":\"https:\/\/mekulo.com\/se\/#\/schema\/logo\/image\/\",\"url\":\"https:\/\/mekulo.com\/se\/wp-content\/uploads\/sites\/11\/2025\/12\/favicon_mekulo.png\",\"contentUrl\":\"https:\/\/mekulo.com\/se\/wp-content\/uploads\/sites\/11\/2025\/12\/favicon_mekulo.png\",\"width\":50,\"height\":50,\"caption\":\"Mekulo\"},\"image\":{\"@id\":\"https:\/\/mekulo.com\/se\/#\/schema\/logo\/image\/\"}}]}<\/script>\n<!-- \/ Yoast SEO plugin. -->","yoast_head_json":{"title":"Skydd f\u00f6r ramskena - Mekulo SE","robots":{"index":"index","follow":"follow","max-snippet":"max-snippet:-1","max-image-preview":"max-image-preview:large","max-video-preview":"max-video-preview:-1"},"canonical":"https:\/\/mekulo.com\/se\/produkt\/skydd-for-ramskena\/","og_locale":"sv_SE","og_type":"article","og_title":"Skydd f\u00f6r ramskena - Mekulo SE","og_description":"\ud83d\ude98Det h\u00e4r ramskenskyddet skyddar bilens kl\u00e4mfogar n\u00e4r du lyfter med en golvdomkraft. \ud83e\uddf2Den magnetiska aluminiumdesignen h\u00e5ller dynan stadigt p\u00e5 plats och minskar risken f\u00f6r att den glider under lyft. \u2699\ufe0fThis verktyget ger dig en s\u00e4krare och stabilare domkraftspunkt och hj\u00e4lper till att f\u00f6rhindra kostsamma ramskador.","og_url":"https:\/\/mekulo.com\/se\/produkt\/skydd-for-ramskena\/","og_site_name":"Mekulo SE","article_modified_time":"2026-02-04T18:22:04+00:00","og_image":[{"width":960,"height":960,"url":"https:\/\/mekulo.com\/se\/wp-content\/uploads\/sites\/11\/2026\/02\/fl5di9u-1.jpg","type":"image\/jpeg"}],"twitter_card":"summary_large_image","twitter_misc":{"Ber\u00e4knad l\u00e4stid":"2 minuter"},"schema":{"@context":"https:\/\/schema.org","@graph":[{"@type":"WebPage","@id":"https:\/\/mekulo.com\/se\/produkt\/skydd-for-ramskena\/","url":"https:\/\/mekulo.com\/se\/produkt\/skydd-for-ramskena\/","name":"Skydd f\u00f6r ramskena - Mekulo SE","isPartOf":{"@id":"https:\/\/mekulo.com\/se\/#website"},"primaryImageOfPage":{"@id":"https:\/\/mekulo.com\/se\/produkt\/skydd-for-ramskena\/#primaryimage"},"image":{"@id":"https:\/\/mekulo.com\/se\/produkt\/skydd-for-ramskena\/#primaryimage"},"thumbnailUrl":"https:\/\/mekulo.com\/se\/wp-content\/uploads\/sites\/11\/2026\/02\/fl5di9u-1.jpg","datePublished":"2026-02-04T18:21:44+00:00","dateModified":"2026-02-04T18:22:04+00:00","breadcrumb":{"@id":"https:\/\/mekulo.com\/se\/produkt\/skydd-for-ramskena\/#breadcrumb"},"inLanguage":"sv-SE","potentialAction":[{"@type":"ReadAction","target":["https:\/\/mekulo.com\/se\/produkt\/skydd-for-ramskena\/"]}]},{"@type":"ImageObject","inLanguage":"sv-SE","@id":"https:\/\/mekulo.com\/se\/produkt\/skydd-for-ramskena\/#primaryimage","url":"https:\/\/mekulo.com\/se\/wp-content\/uploads\/sites\/11\/2026\/02\/fl5di9u-1.jpg","contentUrl":"https:\/\/mekulo.com\/se\/wp-content\/uploads\/sites\/11\/2026\/02\/fl5di9u-1.jpg","width":960,"height":960},{"@type":"BreadcrumbList","@id":"https:\/\/mekulo.com\/se\/produkt\/skydd-for-ramskena\/#breadcrumb","itemListElement":[{"@type":"ListItem","position":1,"name":"Home","item":"https:\/\/mekulo.com\/se\/"},{"@type":"ListItem","position":2,"name":"Butik","item":"https:\/\/mekulo.com\/se\/butik\/"},{"@type":"ListItem","position":3,"name":"Skydd f\u00f6r ramskena"}]},{"@type":"WebSite","@id":"https:\/\/mekulo.com\/se\/#website","url":"https:\/\/mekulo.com\/se\/","name":"Mekulo SE","description":"","publisher":{"@id":"https:\/\/mekulo.com\/se\/#organization"},"potentialAction":[{"@type":"SearchAction","target":{"@type":"EntryPoint","urlTemplate":"https:\/\/mekulo.com\/se\/?s={search_term_string}"},"query-input":{"@type":"PropertyValueSpecification","valueRequired":true,"valueName":"search_term_string"}}],"inLanguage":"sv-SE"},{"@type":"Organization","@id":"https:\/\/mekulo.com\/se\/#organization","name":"Mekulo","url":"https:\/\/mekulo.com\/se\/","logo":{"@type":"ImageObject","inLanguage":"sv-SE","@id":"https:\/\/mekulo.com\/se\/#\/schema\/logo\/image\/","url":"https:\/\/mekulo.com\/se\/wp-content\/uploads\/sites\/11\/2025\/12\/favicon_mekulo.png","contentUrl":"https:\/\/mekulo.com\/se\/wp-content\/uploads\/sites\/11\/2025\/12\/favicon_mekulo.png","width":50,"height":50,"caption":"Mekulo"},"image":{"@id":"https:\/\/mekulo.com\/se\/#\/schema\/logo\/image\/"}}]}},"_links":{"self":[{"href":"https:\/\/mekulo.com\/se\/wp-json\/wp\/v2\/product\/21188","targetHints":{"allow":["GET"]}}],"collection":[{"href":"https:\/\/mekulo.com\/se\/wp-json\/wp\/v2\/product"}],"about":[{"href":"https:\/\/mekulo.com\/se\/wp-json\/wp\/v2\/types\/product"}],"replies":[{"embeddable":true,"href":"https:\/\/mekulo.com\/se\/wp-json\/wp\/v2\/comments?post=21188"}],"wp:featuredmedia":[{"embeddable":true,"href":"https:\/\/mekulo.com\/se\/wp-json\/wp\/v2\/media\/21184"}],"wp:attachment":[{"href":"https:\/\/mekulo.com\/se\/wp-json\/wp\/v2\/media?parent=21188"}],"wp:term":[{"taxonomy":"product_brand","embeddable":true,"href":"https:\/\/mekulo.com\/se\/wp-json\/wp\/v2\/product_brand?post=21188"},{"taxonomy":"product_cat","embeddable":true,"href":"https:\/\/mekulo.com\/se\/wp-json\/wp\/v2\/product_cat?post=21188"},{"taxonomy":"product_tag","embeddable":true,"href":"https:\/\/mekulo.com\/se\/wp-json\/wp\/v2\/product_tag?post=21188"}],"curies":[{"name":"wp","href":"https:\/\/api.w.org\/{rel}","templated":true}]}}