{"id":21171,"date":"2026-02-04T20:19:44","date_gmt":"2026-02-04T18:19:44","guid":{"rendered":"https:\/\/mekulo.com\/se\/produkt\/3-i-1-barbar-kaffebryggare\/"},"modified":"2026-02-04T20:19:53","modified_gmt":"2026-02-04T18:19:53","slug":"3-i-1-barbar-kaffebryggare","status":"publish","type":"product","link":"https:\/\/mekulo.com\/se\/produkt\/3-i-1-barbar-kaffebryggare\/","title":{"rendered":"3-i-1 b\u00e4rbar kaffebryggare"},"content":{"rendered":"<p style=\"text-align: center\" data-start=\"0\" data-end=\"56\"><strong data-start=\"0\" data-end=\"56\">Brygg f\u00e4rsk espresso var som helst med en enkel knapp. \u2615<\/strong><\/p>\n<p data-start=\"0\" data-end=\"56\"><img fetchpriority=\"high\" decoding=\"async\" class=\"size-full wp-image-23281 aligncenter\" src=\"https:\/\/mekulo.com\/template\/wp-content\/uploads\/sites\/6\/2026\/02\/S82feca840e1b4dc0959cdaca8ab6e28cg.webp\" alt=\"\" width=\"1001\" height=\"1001\" \/><\/p>\n<h2 style=\"text-align: center\" data-start=\"381\" data-end=\"398\"><strong>Huvudf\u00f6rdelar \u2615<\/strong><\/h2>\n<p data-start=\"401\" data-end=\"492\">\u2615 3-i-1-kompatibilitet &#8211; fungerar med sm\u00e5 kapslar, stora kapslar och malet kaffe.<\/p>\n<p data-start=\"495\" data-end=\"556\">\ud83d\udd18 Enknappsdrift &#8211; brygg kaffe enkelt p\u00e5 n\u00e5gra sekunder.<\/p>\n<p data-start=\"559\" data-end=\"638\">\ud83d\udd0b Tr\u00e5dl\u00f6s uppv\u00e4rmning &#8211; inbyggt batteri v\u00e4rmer vatten utan extern str\u00f6m.<\/p>\n<p data-start=\"641\" data-end=\"710\">\ud83d\ude97 Bilv\u00e4nlig design &#8211; inkluderar ett f\u00e4ste f\u00f6r s\u00e4ker anv\u00e4ndning i bilen.<\/p>\n<p data-start=\"713\" data-end=\"776\">\ud83e\uddfc Enkel reng\u00f6ring &#8211; enkel sk\u00f6ljcykel och avtagbara delar.<\/p>\n<p data-start=\"779\" data-end=\"849\">\ud83c\udf92 B\u00e4rbar &amp; kompakt &#8211; Perfekt f\u00f6r resor, arbete eller utomhusbruk.<\/p>\n<p data-start=\"779\" data-end=\"849\"><img decoding=\"async\" class=\"size-full wp-image-23279 aligncenter\" src=\"https:\/\/mekulo.com\/template\/wp-content\/uploads\/sites\/6\/2026\/02\/Sdb42e59aa1714c1a95b5fb749d3336f2c.jpg\" alt=\"\" width=\"1080\" height=\"1080\" \/><\/p>\n<h2 style=\"text-align: center\" data-start=\"851\" data-end=\"865\"><strong>Hur Man Anv\u00e4nder \ud83d\udccc<\/strong><\/h2>\n<ol data-start=\"866\" data-end=\"1094\">\n<li data-start=\"866\" data-end=\"902\">\n<p data-start=\"869\" data-end=\"902\">L\u00e4gg till rent vatten i maskinen.<\/p>\n<\/li>\n<li data-start=\"903\" data-end=\"949\">\n<p data-start=\"906\" data-end=\"949\">S\u00e4tt i en kaffekapsel eller malet kaffe.<\/p>\n<\/li>\n<li data-start=\"950\" data-end=\"1007\">\n<p data-start=\"953\" data-end=\"1007\">Tryck p\u00e5 str\u00f6mbrytaren f\u00f6r att b\u00f6rja v\u00e4rma och brygga.<\/p>\n<\/li>\n<li data-start=\"1008\" data-end=\"1051\">\n<p data-start=\"1011\" data-end=\"1051\">V\u00e4nta n\u00e5gra minuter f\u00f6r f\u00e4rsk espresso.<\/p>\n<\/li>\n<li data-start=\"1052\" data-end=\"1094\">\n<p data-start=\"1055\" data-end=\"1094\">K\u00f6r endast med vatten f\u00f6r att reng\u00f6ra efter anv\u00e4ndning.<\/p>\n<\/li>\n<\/ol>\n<h2 style=\"text-align: center\" data-start=\"1096\" data-end=\"1115\"><strong>Produktdetaljer \ud83d\udccf<\/strong><\/h2>\n<ul data-start=\"1116\" data-end=\"1376\">\n<li data-start=\"1152\" data-end=\"1216\">\n<p data-start=\"1154\" data-end=\"1216\">Bryggningsalternativ: Liten kapsel, stor kapsel, kaffepulver<\/p>\n<\/li>\n<li data-start=\"1217\" data-end=\"1256\">\n<p data-start=\"1219\" data-end=\"1256\">V\u00e4rme: Tr\u00e5dl\u00f6s, inbyggt batteri<\/p>\n<\/li>\n<li data-start=\"1257\" data-end=\"1288\">\n<p data-start=\"1259\" data-end=\"1288\">Operation: Start med en knapp<\/p>\n<\/li>\n<li data-start=\"1289\" data-end=\"1324\">\n<p data-start=\"1291\" data-end=\"1324\">Anv\u00e4ndning: Hem, bil, resor, utomhus<\/p>\n<\/li>\n<li data-start=\"1325\" data-end=\"1376\">\n<p data-start=\"1327\" data-end=\"1376\">Reng\u00f6ring: L\u00f6stagbara delar, sj\u00e4lvsk\u00f6ljande funktion<\/p>\n<\/li>\n<li data-start=\"1325\" data-end=\"1376\">\n<p data-start=\"1327\" data-end=\"1376\">Laddningstyp: USB Type-C<\/p>\n<\/li>\n<li data-start=\"1325\" data-end=\"1376\">Storlek: 245,5 x 83,5 mm<\/li>\n<\/ul>\n<h2 style=\"text-align: center\" data-start=\"1378\" data-end=\"1398\"><strong>Paketet Inneh\u00e5ller \ud83d\udce6<\/strong><\/h2>\n<ul data-start=\"1399\" data-end=\"1433\" data-is-last-node=\"\" data-is-only-node=\"\">\n<li data-start=\"1399\" data-end=\"1433\" data-is-last-node=\"\">\n<p data-start=\"1401\" data-end=\"1433\" data-is-last-node=\"\">1x 3-i-1 b\u00e4rbar kaffebryggare<\/p>\n<\/li>\n<li data-start=\"1399\" data-end=\"1433\" data-is-last-node=\"\">1x laddningskabel.<\/li>\n<\/ul>\n","protected":false},"excerpt":{"rendered":"<p>\u2615Med den h\u00e4r b\u00e4rbara 3-i-1-kaffebryggaren kan du njuta av rikt, aromatiskt kaffe var du \u00e4n \u00e4r &#8211; hemma, i bilen eller p\u00e5 spr\u00e5ng.<br \/>\n\ud83d\udca7Den fungerar med kaffekapslar eller malet kaffe och v\u00e4rmer vatten tr\u00e5dl\u00f6st med hj\u00e4lp av det inbyggda batteriet.<br \/>\n\ud83d\udd18Den h\u00e4r kompakta maskinen levererar kaffe av kaf\u00e9kvalitet utan sladdar, uttag eller l\u00e5nga v\u00e4ntetider.<\/p>\n","protected":false},"featured_media":21167,"comment_status":"open","ping_status":"closed","template":"","meta":{"site-sidebar-layout":"default","site-content-layout":"","ast-site-content-layout":"default","site-content-style":"default","site-sidebar-style":"default","ast-global-header-display":"","ast-banner-title-visibility":"","ast-main-header-display":"","ast-hfb-above-header-display":"","ast-hfb-below-header-display":"","ast-hfb-mobile-header-display":"","site-post-title":"","ast-breadcrumbs-content":"","ast-featured-img":"","footer-sml-layout":"","theme-transparent-header-meta":"default","adv-header-id-meta":"","stick-header-meta":"","header-above-stick-meta":"","header-main-stick-meta":"","header-below-stick-meta":"","astra-migrate-meta-layouts":"set","ast-page-background-enabled":"default","ast-page-background-meta":{"desktop":{"background-color":"var(--ast-global-color-5)","background-image":"","background-repeat":"repeat","background-position":"center center","background-size":"auto","background-attachment":"scroll","background-type":"","background-media":"","overlay-type":"","overlay-color":"","overlay-opacity":"","overlay-gradient":""},"tablet":{"background-color":"","background-image":"","background-repeat":"repeat","background-position":"center center","background-size":"auto","background-attachment":"scroll","background-type":"","background-media":"","overlay-type":"","overlay-color":"","overlay-opacity":"","overlay-gradient":""},"mobile":{"background-color":"","background-image":"","background-repeat":"repeat","background-position":"center center","background-size":"auto","background-attachment":"scroll","background-type":"","background-media":"","overlay-type":"","overlay-color":"","overlay-opacity":"","overlay-gradient":""}},"ast-content-background-meta":{"desktop":{"background-color":"var(--ast-global-color-4)","background-image":"","background-repeat":"repeat","background-position":"center center","background-size":"auto","background-attachment":"scroll","background-type":"","background-media":"","overlay-type":"","overlay-color":"","overlay-opacity":"","overlay-gradient":""},"tablet":{"background-color":"var(--ast-global-color-4)","background-image":"","background-repeat":"repeat","background-position":"center center","background-size":"auto","background-attachment":"scroll","background-type":"","background-media":"","overlay-type":"","overlay-color":"","overlay-opacity":"","overlay-gradient":""},"mobile":{"background-color":"var(--ast-global-color-4)","background-image":"","background-repeat":"repeat","background-position":"center center","background-size":"auto","background-attachment":"scroll","background-type":"","background-media":"","overlay-type":"","overlay-color":"","overlay-opacity":"","overlay-gradient":""}}},"product_brand":[],"product_cat":[167],"product_tag":[],"class_list":{"0":"post-21171","1":"product","2":"type-product","3":"status-publish","4":"has-post-thumbnail","6":"product_cat-vandring-camping-och-fritidsartiklar","7":"pa_54252_wa557t2c-gra","8":"pa_54252_wa557t2c-silver","9":"pa_54252_wa557t2c-svart","10":"desktop-align-left","11":"tablet-align-left","12":"mobile-align-left","14":"first","15":"instock","16":"shipping-taxable","17":"purchasable","18":"product-type-variable"},"yoast_head":"<!-- This site is optimized with the Yoast SEO plugin v26.6 - https:\/\/yoast.com\/wordpress\/plugins\/seo\/ -->\n<title>3-i-1 b\u00e4rbar kaffebryggare - Mekulo SE<\/title>\n<meta name=\"robots\" content=\"index, follow, max-snippet:-1, max-image-preview:large, max-video-preview:-1\" \/>\n<link rel=\"canonical\" href=\"https:\/\/mekulo.com\/se\/produkt\/3-i-1-barbar-kaffebryggare\/\" \/>\n<meta property=\"og:locale\" content=\"sv_SE\" \/>\n<meta property=\"og:type\" content=\"article\" \/>\n<meta property=\"og:title\" content=\"3-i-1 b\u00e4rbar kaffebryggare - Mekulo SE\" \/>\n<meta property=\"og:description\" content=\"\u2615Med den h\u00e4r b\u00e4rbara 3-i-1-kaffebryggaren kan du njuta av rikt, aromatiskt kaffe var du \u00e4n \u00e4r - hemma, i bilen eller p\u00e5 spr\u00e5ng. \ud83d\udca7Den fungerar med kaffekapslar eller malet kaffe och v\u00e4rmer vatten tr\u00e5dl\u00f6st med hj\u00e4lp av det inbyggda batteriet. \ud83d\udd18Den h\u00e4r kompakta maskinen levererar kaffe av kaf\u00e9kvalitet utan sladdar, uttag eller l\u00e5nga v\u00e4ntetider.\" \/>\n<meta property=\"og:url\" content=\"https:\/\/mekulo.com\/se\/produkt\/3-i-1-barbar-kaffebryggare\/\" \/>\n<meta property=\"og:site_name\" content=\"Mekulo SE\" \/>\n<meta property=\"article:modified_time\" content=\"2026-02-04T18:19:53+00:00\" \/>\n<meta property=\"og:image\" content=\"https:\/\/mekulo.com\/se\/wp-content\/uploads\/sites\/11\/2026\/02\/dcdjyay-1.webp\" \/>\n\t<meta property=\"og:image:width\" content=\"1001\" \/>\n\t<meta property=\"og:image:height\" content=\"1001\" \/>\n\t<meta property=\"og:image:type\" content=\"image\/webp\" \/>\n<meta name=\"twitter:card\" content=\"summary_large_image\" \/>\n<meta name=\"twitter:label1\" content=\"Ber\u00e4knad l\u00e4stid\" \/>\n\t<meta name=\"twitter:data1\" content=\"2 minuter\" \/>\n<script type=\"application\/ld+json\" class=\"yoast-schema-graph\">{\"@context\":\"https:\/\/schema.org\",\"@graph\":[{\"@type\":\"WebPage\",\"@id\":\"https:\/\/mekulo.com\/se\/produkt\/3-i-1-barbar-kaffebryggare\/\",\"url\":\"https:\/\/mekulo.com\/se\/produkt\/3-i-1-barbar-kaffebryggare\/\",\"name\":\"3-i-1 b\u00e4rbar kaffebryggare - Mekulo SE\",\"isPartOf\":{\"@id\":\"https:\/\/mekulo.com\/se\/#website\"},\"primaryImageOfPage\":{\"@id\":\"https:\/\/mekulo.com\/se\/produkt\/3-i-1-barbar-kaffebryggare\/#primaryimage\"},\"image\":{\"@id\":\"https:\/\/mekulo.com\/se\/produkt\/3-i-1-barbar-kaffebryggare\/#primaryimage\"},\"thumbnailUrl\":\"https:\/\/mekulo.com\/se\/wp-content\/uploads\/sites\/11\/2026\/02\/dcdjyay-1.webp\",\"datePublished\":\"2026-02-04T18:19:44+00:00\",\"dateModified\":\"2026-02-04T18:19:53+00:00\",\"breadcrumb\":{\"@id\":\"https:\/\/mekulo.com\/se\/produkt\/3-i-1-barbar-kaffebryggare\/#breadcrumb\"},\"inLanguage\":\"sv-SE\",\"potentialAction\":[{\"@type\":\"ReadAction\",\"target\":[\"https:\/\/mekulo.com\/se\/produkt\/3-i-1-barbar-kaffebryggare\/\"]}]},{\"@type\":\"ImageObject\",\"inLanguage\":\"sv-SE\",\"@id\":\"https:\/\/mekulo.com\/se\/produkt\/3-i-1-barbar-kaffebryggare\/#primaryimage\",\"url\":\"https:\/\/mekulo.com\/se\/wp-content\/uploads\/sites\/11\/2026\/02\/dcdjyay-1.webp\",\"contentUrl\":\"https:\/\/mekulo.com\/se\/wp-content\/uploads\/sites\/11\/2026\/02\/dcdjyay-1.webp\",\"width\":1001,\"height\":1001},{\"@type\":\"BreadcrumbList\",\"@id\":\"https:\/\/mekulo.com\/se\/produkt\/3-i-1-barbar-kaffebryggare\/#breadcrumb\",\"itemListElement\":[{\"@type\":\"ListItem\",\"position\":1,\"name\":\"Home\",\"item\":\"https:\/\/mekulo.com\/se\/\"},{\"@type\":\"ListItem\",\"position\":2,\"name\":\"Butik\",\"item\":\"https:\/\/mekulo.com\/se\/butik\/\"},{\"@type\":\"ListItem\",\"position\":3,\"name\":\"3-i-1 b\u00e4rbar kaffebryggare\"}]},{\"@type\":\"WebSite\",\"@id\":\"https:\/\/mekulo.com\/se\/#website\",\"url\":\"https:\/\/mekulo.com\/se\/\",\"name\":\"Mekulo SE\",\"description\":\"\",\"publisher\":{\"@id\":\"https:\/\/mekulo.com\/se\/#organization\"},\"potentialAction\":[{\"@type\":\"SearchAction\",\"target\":{\"@type\":\"EntryPoint\",\"urlTemplate\":\"https:\/\/mekulo.com\/se\/?s={search_term_string}\"},\"query-input\":{\"@type\":\"PropertyValueSpecification\",\"valueRequired\":true,\"valueName\":\"search_term_string\"}}],\"inLanguage\":\"sv-SE\"},{\"@type\":\"Organization\",\"@id\":\"https:\/\/mekulo.com\/se\/#organization\",\"name\":\"Mekulo\",\"url\":\"https:\/\/mekulo.com\/se\/\",\"logo\":{\"@type\":\"ImageObject\",\"inLanguage\":\"sv-SE\",\"@id\":\"https:\/\/mekulo.com\/se\/#\/schema\/logo\/image\/\",\"url\":\"https:\/\/mekulo.com\/se\/wp-content\/uploads\/sites\/11\/2025\/12\/favicon_mekulo.png\",\"contentUrl\":\"https:\/\/mekulo.com\/se\/wp-content\/uploads\/sites\/11\/2025\/12\/favicon_mekulo.png\",\"width\":50,\"height\":50,\"caption\":\"Mekulo\"},\"image\":{\"@id\":\"https:\/\/mekulo.com\/se\/#\/schema\/logo\/image\/\"}}]}<\/script>\n<!-- \/ Yoast SEO plugin. -->","yoast_head_json":{"title":"3-i-1 b\u00e4rbar kaffebryggare - Mekulo SE","robots":{"index":"index","follow":"follow","max-snippet":"max-snippet:-1","max-image-preview":"max-image-preview:large","max-video-preview":"max-video-preview:-1"},"canonical":"https:\/\/mekulo.com\/se\/produkt\/3-i-1-barbar-kaffebryggare\/","og_locale":"sv_SE","og_type":"article","og_title":"3-i-1 b\u00e4rbar kaffebryggare - Mekulo SE","og_description":"\u2615Med den h\u00e4r b\u00e4rbara 3-i-1-kaffebryggaren kan du njuta av rikt, aromatiskt kaffe var du \u00e4n \u00e4r - hemma, i bilen eller p\u00e5 spr\u00e5ng. \ud83d\udca7Den fungerar med kaffekapslar eller malet kaffe och v\u00e4rmer vatten tr\u00e5dl\u00f6st med hj\u00e4lp av det inbyggda batteriet. \ud83d\udd18Den h\u00e4r kompakta maskinen levererar kaffe av kaf\u00e9kvalitet utan sladdar, uttag eller l\u00e5nga v\u00e4ntetider.","og_url":"https:\/\/mekulo.com\/se\/produkt\/3-i-1-barbar-kaffebryggare\/","og_site_name":"Mekulo SE","article_modified_time":"2026-02-04T18:19:53+00:00","og_image":[{"width":1001,"height":1001,"url":"https:\/\/mekulo.com\/se\/wp-content\/uploads\/sites\/11\/2026\/02\/dcdjyay-1.webp","type":"image\/webp"}],"twitter_card":"summary_large_image","twitter_misc":{"Ber\u00e4knad l\u00e4stid":"2 minuter"},"schema":{"@context":"https:\/\/schema.org","@graph":[{"@type":"WebPage","@id":"https:\/\/mekulo.com\/se\/produkt\/3-i-1-barbar-kaffebryggare\/","url":"https:\/\/mekulo.com\/se\/produkt\/3-i-1-barbar-kaffebryggare\/","name":"3-i-1 b\u00e4rbar kaffebryggare - Mekulo SE","isPartOf":{"@id":"https:\/\/mekulo.com\/se\/#website"},"primaryImageOfPage":{"@id":"https:\/\/mekulo.com\/se\/produkt\/3-i-1-barbar-kaffebryggare\/#primaryimage"},"image":{"@id":"https:\/\/mekulo.com\/se\/produkt\/3-i-1-barbar-kaffebryggare\/#primaryimage"},"thumbnailUrl":"https:\/\/mekulo.com\/se\/wp-content\/uploads\/sites\/11\/2026\/02\/dcdjyay-1.webp","datePublished":"2026-02-04T18:19:44+00:00","dateModified":"2026-02-04T18:19:53+00:00","breadcrumb":{"@id":"https:\/\/mekulo.com\/se\/produkt\/3-i-1-barbar-kaffebryggare\/#breadcrumb"},"inLanguage":"sv-SE","potentialAction":[{"@type":"ReadAction","target":["https:\/\/mekulo.com\/se\/produkt\/3-i-1-barbar-kaffebryggare\/"]}]},{"@type":"ImageObject","inLanguage":"sv-SE","@id":"https:\/\/mekulo.com\/se\/produkt\/3-i-1-barbar-kaffebryggare\/#primaryimage","url":"https:\/\/mekulo.com\/se\/wp-content\/uploads\/sites\/11\/2026\/02\/dcdjyay-1.webp","contentUrl":"https:\/\/mekulo.com\/se\/wp-content\/uploads\/sites\/11\/2026\/02\/dcdjyay-1.webp","width":1001,"height":1001},{"@type":"BreadcrumbList","@id":"https:\/\/mekulo.com\/se\/produkt\/3-i-1-barbar-kaffebryggare\/#breadcrumb","itemListElement":[{"@type":"ListItem","position":1,"name":"Home","item":"https:\/\/mekulo.com\/se\/"},{"@type":"ListItem","position":2,"name":"Butik","item":"https:\/\/mekulo.com\/se\/butik\/"},{"@type":"ListItem","position":3,"name":"3-i-1 b\u00e4rbar kaffebryggare"}]},{"@type":"WebSite","@id":"https:\/\/mekulo.com\/se\/#website","url":"https:\/\/mekulo.com\/se\/","name":"Mekulo SE","description":"","publisher":{"@id":"https:\/\/mekulo.com\/se\/#organization"},"potentialAction":[{"@type":"SearchAction","target":{"@type":"EntryPoint","urlTemplate":"https:\/\/mekulo.com\/se\/?s={search_term_string}"},"query-input":{"@type":"PropertyValueSpecification","valueRequired":true,"valueName":"search_term_string"}}],"inLanguage":"sv-SE"},{"@type":"Organization","@id":"https:\/\/mekulo.com\/se\/#organization","name":"Mekulo","url":"https:\/\/mekulo.com\/se\/","logo":{"@type":"ImageObject","inLanguage":"sv-SE","@id":"https:\/\/mekulo.com\/se\/#\/schema\/logo\/image\/","url":"https:\/\/mekulo.com\/se\/wp-content\/uploads\/sites\/11\/2025\/12\/favicon_mekulo.png","contentUrl":"https:\/\/mekulo.com\/se\/wp-content\/uploads\/sites\/11\/2025\/12\/favicon_mekulo.png","width":50,"height":50,"caption":"Mekulo"},"image":{"@id":"https:\/\/mekulo.com\/se\/#\/schema\/logo\/image\/"}}]}},"_links":{"self":[{"href":"https:\/\/mekulo.com\/se\/wp-json\/wp\/v2\/product\/21171","targetHints":{"allow":["GET"]}}],"collection":[{"href":"https:\/\/mekulo.com\/se\/wp-json\/wp\/v2\/product"}],"about":[{"href":"https:\/\/mekulo.com\/se\/wp-json\/wp\/v2\/types\/product"}],"replies":[{"embeddable":true,"href":"https:\/\/mekulo.com\/se\/wp-json\/wp\/v2\/comments?post=21171"}],"wp:featuredmedia":[{"embeddable":true,"href":"https:\/\/mekulo.com\/se\/wp-json\/wp\/v2\/media\/21167"}],"wp:attachment":[{"href":"https:\/\/mekulo.com\/se\/wp-json\/wp\/v2\/media?parent=21171"}],"wp:term":[{"taxonomy":"product_brand","embeddable":true,"href":"https:\/\/mekulo.com\/se\/wp-json\/wp\/v2\/product_brand?post=21171"},{"taxonomy":"product_cat","embeddable":true,"href":"https:\/\/mekulo.com\/se\/wp-json\/wp\/v2\/product_cat?post=21171"},{"taxonomy":"product_tag","embeddable":true,"href":"https:\/\/mekulo.com\/se\/wp-json\/wp\/v2\/product_tag?post=21171"}],"curies":[{"name":"wp","href":"https:\/\/api.w.org\/{rel}","templated":true}]}}