{"id":21130,"date":"2026-02-04T20:15:18","date_gmt":"2026-02-04T18:15:18","guid":{"rendered":"https:\/\/mekulo.com\/se\/produkt\/barbar-minitvattmaskin\/"},"modified":"2026-02-04T20:15:29","modified_gmt":"2026-02-04T18:15:29","slug":"barbar-minitvattmaskin","status":"publish","type":"product","link":"https:\/\/mekulo.com\/se\/produkt\/barbar-minitvattmaskin\/","title":{"rendered":"B\u00e4rbar minitv\u00e4ttmaskin"},"content":{"rendered":"<p style=\"text-align: center\" data-start=\"0\" data-end=\"68\"><strong data-start=\"0\" data-end=\"68\">Tv\u00e4tta sm\u00e5 kl\u00e4der var som helst utan en fullstor tv\u00e4ttmaskin. \ud83d\udc5a<\/strong><\/p>\n<p data-start=\"0\" data-end=\"68\"><img fetchpriority=\"high\" decoding=\"async\" class=\"size-full wp-image-23250 aligncenter\" src=\"https:\/\/mekulo.com\/template\/wp-content\/uploads\/sites\/6\/2026\/02\/S17133d1517804fcab41d83f2a7a4055bz.avif\" alt=\"\" width=\"800\" height=\"800\" \/><\/p>\n<h2 style=\"text-align: center\" data-start=\"399\" data-end=\"416\"><strong>Huvudf\u00f6rdelar \ud83e\udde6<\/strong><\/h2>\n<p data-start=\"419\" data-end=\"472\">\ud83e\uddfa B\u00e4rbar &amp; kompakt &#8211; L\u00e4tt att b\u00e4ra och f\u00f6rvara.<\/p>\n<p data-start=\"475\" data-end=\"542\">\ud83d\udc76 Skonsam tv\u00e4tt &#8211; Perfekt f\u00f6r babykl\u00e4der och k\u00e4nsliga f\u00f6rem\u00e5l.<\/p>\n<p data-start=\"545\" data-end=\"611\">\u26a1 Energisparande design &#8211; Ingen vattenp\u00e5fyllning eller dr\u00e4nering beh\u00f6vs.<\/p>\n<p data-start=\"614\" data-end=\"673\">\ud83d\udd0b Uppladdningsbar kraft &#8211; Fungerar 15-20 tv\u00e4ttar per laddning.<\/p>\n<p data-start=\"676\" data-end=\"738\">\u23f1\ufe0f Enkel timerkontroll &#8211; Tv\u00e5 tv\u00e4ttl\u00e4gen med automatisk \u00e5terst\u00e4llning.<\/p>\n<p data-start=\"741\" data-end=\"802\">\ud83e\uddfc Djupreng\u00f6ring &#8211; Kraftfull motor f\u00f6r effektiv tv\u00e4tt.<\/p>\n<p data-start=\"741\" data-end=\"802\"><img decoding=\"async\" class=\"size-full wp-image-23251 aligncenter\" src=\"https:\/\/mekulo.com\/template\/wp-content\/uploads\/sites\/6\/2026\/02\/333898e50845dd56405a197b3ce8cda0b80cb76e-700.avif\" alt=\"\" \/><\/p>\n<h2 style=\"text-align: center\" data-start=\"804\" data-end=\"818\"><strong>Hur Man Anv\u00e4nder \ud83d\udccc<\/strong><\/h2>\n<ol data-start=\"819\" data-end=\"1069\">\n<li data-start=\"819\" data-end=\"879\">\n<p data-start=\"822\" data-end=\"879\">Placera minitv\u00e4ttmaskinen i en beh\u00e5llare eller bass\u00e4ng.<\/p>\n<\/li>\n<li data-start=\"880\" data-end=\"921\">\n<p data-start=\"883\" data-end=\"921\">L\u00e4gg i kl\u00e4der och tv\u00e4ttmedel efter behov.<\/p>\n<\/li>\n<li data-start=\"922\" data-end=\"969\">\n<p data-start=\"925\" data-end=\"969\">Vrid timervredet f\u00f6r att v\u00e4lja ett tv\u00e4ttl\u00e4ge.<\/p>\n<\/li>\n<li data-start=\"970\" data-end=\"1024\">\n<p data-start=\"973\" data-end=\"1024\">L\u00e5t maskinen g\u00e5 tills den stannar automatiskt.<\/p>\n<\/li>\n<li data-start=\"1025\" data-end=\"1069\">\n<p data-start=\"1028\" data-end=\"1069\">Sk\u00f6lj och torka dina kl\u00e4der efter tv\u00e4tt.<\/p>\n<\/li>\n<\/ol>\n<h2 style=\"text-align: center\" data-start=\"1071\" data-end=\"1090\"><strong>Produktdetaljer \ud83d\udccf<\/strong><\/h2>\n<ul data-start=\"1091\" data-end=\"1360\">\n<li data-start=\"1131\" data-end=\"1157\">\n<p data-start=\"1133\" data-end=\"1157\">Material: TPE-silikon<\/p>\n<\/li>\n<li data-start=\"1158\" data-end=\"1181\">\n<p data-start=\"1160\" data-end=\"1181\">Effekt: Uppladdningsbar<\/p>\n<\/li>\n<li data-start=\"1182\" data-end=\"1214\">\n<p data-start=\"1184\" data-end=\"1214\">Laddningstid: Cirka 2 timmar (du kan ladda med vilken USB-laddningskabel som helst)<\/p>\n<\/li>\n<li data-start=\"1215\" data-end=\"1249\">\n<p data-start=\"1217\" data-end=\"1249\">Anv\u00e4ndning per laddning: 15-20 cykler<\/p>\n<\/li>\n<li data-start=\"1250\" data-end=\"1292\">\n<p data-start=\"1252\" data-end=\"1292\">Tv\u00e4ttl\u00e4gen: 2 l\u00e4gen med timerkontroll<\/p>\n<\/li>\n<li data-start=\"1293\" data-end=\"1360\">\n<p data-start=\"1295\" data-end=\"1360\">Anv\u00e4nds f\u00f6r: Babykl\u00e4der, underkl\u00e4der, strumpor, handdukar, l\u00e4tta plagg<\/p>\n<\/li>\n<li data-start=\"1293\" data-end=\"1360\">\n<p data-start=\"1295\" data-end=\"1360\">Storlek: 200 x 110 x 130 mm<\/p>\n<\/li>\n<li data-start=\"1293\" data-end=\"1360\">Normaleffekt: 12W<\/li>\n<\/ul>\n<h2 style=\"text-align: center\" data-start=\"1362\" data-end=\"1382\"><strong>Paketet Inneh\u00e5ller \ud83d\udce6<\/strong><\/h2>\n<ul data-start=\"1383\" data-end=\"1418\" data-is-last-node=\"\" data-is-only-node=\"\">\n<li data-start=\"1383\" data-end=\"1418\" data-is-last-node=\"\">\n<p data-start=\"1385\" data-end=\"1418\" data-is-last-node=\"\">1x portabel minitv\u00e4ttmaskin.<\/p>\n<\/li>\n<\/ul>\n","protected":false},"excerpt":{"rendered":"<p>\ud83d\udca6Den h\u00e4r b\u00e4rbara minitv\u00e4ttmaskinen \u00e4r utformad f\u00f6r snabb och skonsam reng\u00f6ring av l\u00e4tta f\u00f6rem\u00e5l som underkl\u00e4der, babykl\u00e4der och strumpor.<br \/>\n\ud83e\udee7Den kompakta storleken g\u00f6r den perfekt f\u00f6r resor, sovsalar, camping eller sm\u00e5 bostadsutrymmen.<br \/>\n\ud83d\udc76Den h\u00e4r minitv\u00e4ttmaskinen sparar vatten, energi och tid samtidigt som den h\u00e5ller dina viktigaste saker fr\u00e4scha vart du \u00e4n g\u00e5r.<\/p>\n","protected":false},"featured_media":21126,"comment_status":"open","ping_status":"closed","template":"","meta":{"site-sidebar-layout":"default","site-content-layout":"","ast-site-content-layout":"default","site-content-style":"default","site-sidebar-style":"default","ast-global-header-display":"","ast-banner-title-visibility":"","ast-main-header-display":"","ast-hfb-above-header-display":"","ast-hfb-below-header-display":"","ast-hfb-mobile-header-display":"","site-post-title":"","ast-breadcrumbs-content":"","ast-featured-img":"","footer-sml-layout":"","theme-transparent-header-meta":"default","adv-header-id-meta":"","stick-header-meta":"","header-above-stick-meta":"","header-main-stick-meta":"","header-below-stick-meta":"","astra-migrate-meta-layouts":"set","ast-page-background-enabled":"default","ast-page-background-meta":{"desktop":{"background-color":"var(--ast-global-color-5)","background-image":"","background-repeat":"repeat","background-position":"center center","background-size":"auto","background-attachment":"scroll","background-type":"","background-media":"","overlay-type":"","overlay-color":"","overlay-opacity":"","overlay-gradient":""},"tablet":{"background-color":"","background-image":"","background-repeat":"repeat","background-position":"center center","background-size":"auto","background-attachment":"scroll","background-type":"","background-media":"","overlay-type":"","overlay-color":"","overlay-opacity":"","overlay-gradient":""},"mobile":{"background-color":"","background-image":"","background-repeat":"repeat","background-position":"center center","background-size":"auto","background-attachment":"scroll","background-type":"","background-media":"","overlay-type":"","overlay-color":"","overlay-opacity":"","overlay-gradient":""}},"ast-content-background-meta":{"desktop":{"background-color":"var(--ast-global-color-4)","background-image":"","background-repeat":"repeat","background-position":"center center","background-size":"auto","background-attachment":"scroll","background-type":"","background-media":"","overlay-type":"","overlay-color":"","overlay-opacity":"","overlay-gradient":""},"tablet":{"background-color":"var(--ast-global-color-4)","background-image":"","background-repeat":"repeat","background-position":"center center","background-size":"auto","background-attachment":"scroll","background-type":"","background-media":"","overlay-type":"","overlay-color":"","overlay-opacity":"","overlay-gradient":""},"mobile":{"background-color":"var(--ast-global-color-4)","background-image":"","background-repeat":"repeat","background-position":"center center","background-size":"auto","background-attachment":"scroll","background-type":"","background-media":"","overlay-type":"","overlay-color":"","overlay-opacity":"","overlay-gradient":""}}},"product_brand":[],"product_cat":[168],"product_tag":[],"class_list":{"0":"post-21130","1":"product","2":"type-product","3":"status-publish","4":"has-post-thumbnail","6":"product_cat-hushallsartiklar","7":"pa_54233_t4klq96v-gron","8":"pa_54233_t4klq96v-lila","9":"pa_54233_t4klq96v-rosa","10":"desktop-align-left","11":"tablet-align-left","12":"mobile-align-left","14":"first","15":"instock","16":"shipping-taxable","17":"purchasable","18":"product-type-variable"},"yoast_head":"<!-- This site is optimized with the Yoast SEO plugin v26.6 - https:\/\/yoast.com\/wordpress\/plugins\/seo\/ -->\n<title>B\u00e4rbar minitv\u00e4ttmaskin - Mekulo SE<\/title>\n<meta name=\"robots\" content=\"index, follow, max-snippet:-1, max-image-preview:large, max-video-preview:-1\" \/>\n<link rel=\"canonical\" href=\"https:\/\/mekulo.com\/se\/produkt\/barbar-minitvattmaskin\/\" \/>\n<meta property=\"og:locale\" content=\"sv_SE\" \/>\n<meta property=\"og:type\" content=\"article\" \/>\n<meta property=\"og:title\" content=\"B\u00e4rbar minitv\u00e4ttmaskin - Mekulo SE\" \/>\n<meta property=\"og:description\" content=\"\ud83d\udca6Den h\u00e4r b\u00e4rbara minitv\u00e4ttmaskinen \u00e4r utformad f\u00f6r snabb och skonsam reng\u00f6ring av l\u00e4tta f\u00f6rem\u00e5l som underkl\u00e4der, babykl\u00e4der och strumpor. \ud83e\udee7Den kompakta storleken g\u00f6r den perfekt f\u00f6r resor, sovsalar, camping eller sm\u00e5 bostadsutrymmen. \ud83d\udc76Den h\u00e4r minitv\u00e4ttmaskinen sparar vatten, energi och tid samtidigt som den h\u00e5ller dina viktigaste saker fr\u00e4scha vart du \u00e4n g\u00e5r.\" \/>\n<meta property=\"og:url\" content=\"https:\/\/mekulo.com\/se\/produkt\/barbar-minitvattmaskin\/\" \/>\n<meta property=\"og:site_name\" content=\"Mekulo SE\" \/>\n<meta property=\"article:modified_time\" content=\"2026-02-04T18:15:29+00:00\" \/>\n<meta property=\"og:image\" content=\"https:\/\/mekulo.com\/se\/wp-content\/uploads\/sites\/11\/2026\/02\/x4ayyf4-1.jpg\" \/>\n\t<meta property=\"og:image:width\" content=\"800\" \/>\n\t<meta property=\"og:image:height\" content=\"800\" \/>\n\t<meta property=\"og:image:type\" content=\"image\/jpeg\" \/>\n<meta name=\"twitter:card\" content=\"summary_large_image\" \/>\n<meta name=\"twitter:label1\" content=\"Ber\u00e4knad l\u00e4stid\" \/>\n\t<meta name=\"twitter:data1\" content=\"2 minuter\" \/>\n<script type=\"application\/ld+json\" class=\"yoast-schema-graph\">{\"@context\":\"https:\/\/schema.org\",\"@graph\":[{\"@type\":\"WebPage\",\"@id\":\"https:\/\/mekulo.com\/se\/produkt\/barbar-minitvattmaskin\/\",\"url\":\"https:\/\/mekulo.com\/se\/produkt\/barbar-minitvattmaskin\/\",\"name\":\"B\u00e4rbar minitv\u00e4ttmaskin - Mekulo SE\",\"isPartOf\":{\"@id\":\"https:\/\/mekulo.com\/se\/#website\"},\"primaryImageOfPage\":{\"@id\":\"https:\/\/mekulo.com\/se\/produkt\/barbar-minitvattmaskin\/#primaryimage\"},\"image\":{\"@id\":\"https:\/\/mekulo.com\/se\/produkt\/barbar-minitvattmaskin\/#primaryimage\"},\"thumbnailUrl\":\"https:\/\/mekulo.com\/se\/wp-content\/uploads\/sites\/11\/2026\/02\/x4ayyf4-1.jpg\",\"datePublished\":\"2026-02-04T18:15:18+00:00\",\"dateModified\":\"2026-02-04T18:15:29+00:00\",\"breadcrumb\":{\"@id\":\"https:\/\/mekulo.com\/se\/produkt\/barbar-minitvattmaskin\/#breadcrumb\"},\"inLanguage\":\"sv-SE\",\"potentialAction\":[{\"@type\":\"ReadAction\",\"target\":[\"https:\/\/mekulo.com\/se\/produkt\/barbar-minitvattmaskin\/\"]}]},{\"@type\":\"ImageObject\",\"inLanguage\":\"sv-SE\",\"@id\":\"https:\/\/mekulo.com\/se\/produkt\/barbar-minitvattmaskin\/#primaryimage\",\"url\":\"https:\/\/mekulo.com\/se\/wp-content\/uploads\/sites\/11\/2026\/02\/x4ayyf4-1.jpg\",\"contentUrl\":\"https:\/\/mekulo.com\/se\/wp-content\/uploads\/sites\/11\/2026\/02\/x4ayyf4-1.jpg\",\"width\":800,\"height\":800},{\"@type\":\"BreadcrumbList\",\"@id\":\"https:\/\/mekulo.com\/se\/produkt\/barbar-minitvattmaskin\/#breadcrumb\",\"itemListElement\":[{\"@type\":\"ListItem\",\"position\":1,\"name\":\"Home\",\"item\":\"https:\/\/mekulo.com\/se\/\"},{\"@type\":\"ListItem\",\"position\":2,\"name\":\"Butik\",\"item\":\"https:\/\/mekulo.com\/se\/butik\/\"},{\"@type\":\"ListItem\",\"position\":3,\"name\":\"B\u00e4rbar minitv\u00e4ttmaskin\"}]},{\"@type\":\"WebSite\",\"@id\":\"https:\/\/mekulo.com\/se\/#website\",\"url\":\"https:\/\/mekulo.com\/se\/\",\"name\":\"Mekulo SE\",\"description\":\"\",\"publisher\":{\"@id\":\"https:\/\/mekulo.com\/se\/#organization\"},\"potentialAction\":[{\"@type\":\"SearchAction\",\"target\":{\"@type\":\"EntryPoint\",\"urlTemplate\":\"https:\/\/mekulo.com\/se\/?s={search_term_string}\"},\"query-input\":{\"@type\":\"PropertyValueSpecification\",\"valueRequired\":true,\"valueName\":\"search_term_string\"}}],\"inLanguage\":\"sv-SE\"},{\"@type\":\"Organization\",\"@id\":\"https:\/\/mekulo.com\/se\/#organization\",\"name\":\"Mekulo\",\"url\":\"https:\/\/mekulo.com\/se\/\",\"logo\":{\"@type\":\"ImageObject\",\"inLanguage\":\"sv-SE\",\"@id\":\"https:\/\/mekulo.com\/se\/#\/schema\/logo\/image\/\",\"url\":\"https:\/\/mekulo.com\/se\/wp-content\/uploads\/sites\/11\/2025\/12\/favicon_mekulo.png\",\"contentUrl\":\"https:\/\/mekulo.com\/se\/wp-content\/uploads\/sites\/11\/2025\/12\/favicon_mekulo.png\",\"width\":50,\"height\":50,\"caption\":\"Mekulo\"},\"image\":{\"@id\":\"https:\/\/mekulo.com\/se\/#\/schema\/logo\/image\/\"}}]}<\/script>\n<!-- \/ Yoast SEO plugin. -->","yoast_head_json":{"title":"B\u00e4rbar minitv\u00e4ttmaskin - Mekulo SE","robots":{"index":"index","follow":"follow","max-snippet":"max-snippet:-1","max-image-preview":"max-image-preview:large","max-video-preview":"max-video-preview:-1"},"canonical":"https:\/\/mekulo.com\/se\/produkt\/barbar-minitvattmaskin\/","og_locale":"sv_SE","og_type":"article","og_title":"B\u00e4rbar minitv\u00e4ttmaskin - Mekulo SE","og_description":"\ud83d\udca6Den h\u00e4r b\u00e4rbara minitv\u00e4ttmaskinen \u00e4r utformad f\u00f6r snabb och skonsam reng\u00f6ring av l\u00e4tta f\u00f6rem\u00e5l som underkl\u00e4der, babykl\u00e4der och strumpor. \ud83e\udee7Den kompakta storleken g\u00f6r den perfekt f\u00f6r resor, sovsalar, camping eller sm\u00e5 bostadsutrymmen. \ud83d\udc76Den h\u00e4r minitv\u00e4ttmaskinen sparar vatten, energi och tid samtidigt som den h\u00e5ller dina viktigaste saker fr\u00e4scha vart du \u00e4n g\u00e5r.","og_url":"https:\/\/mekulo.com\/se\/produkt\/barbar-minitvattmaskin\/","og_site_name":"Mekulo SE","article_modified_time":"2026-02-04T18:15:29+00:00","og_image":[{"width":800,"height":800,"url":"https:\/\/mekulo.com\/se\/wp-content\/uploads\/sites\/11\/2026\/02\/x4ayyf4-1.jpg","type":"image\/jpeg"}],"twitter_card":"summary_large_image","twitter_misc":{"Ber\u00e4knad l\u00e4stid":"2 minuter"},"schema":{"@context":"https:\/\/schema.org","@graph":[{"@type":"WebPage","@id":"https:\/\/mekulo.com\/se\/produkt\/barbar-minitvattmaskin\/","url":"https:\/\/mekulo.com\/se\/produkt\/barbar-minitvattmaskin\/","name":"B\u00e4rbar minitv\u00e4ttmaskin - Mekulo SE","isPartOf":{"@id":"https:\/\/mekulo.com\/se\/#website"},"primaryImageOfPage":{"@id":"https:\/\/mekulo.com\/se\/produkt\/barbar-minitvattmaskin\/#primaryimage"},"image":{"@id":"https:\/\/mekulo.com\/se\/produkt\/barbar-minitvattmaskin\/#primaryimage"},"thumbnailUrl":"https:\/\/mekulo.com\/se\/wp-content\/uploads\/sites\/11\/2026\/02\/x4ayyf4-1.jpg","datePublished":"2026-02-04T18:15:18+00:00","dateModified":"2026-02-04T18:15:29+00:00","breadcrumb":{"@id":"https:\/\/mekulo.com\/se\/produkt\/barbar-minitvattmaskin\/#breadcrumb"},"inLanguage":"sv-SE","potentialAction":[{"@type":"ReadAction","target":["https:\/\/mekulo.com\/se\/produkt\/barbar-minitvattmaskin\/"]}]},{"@type":"ImageObject","inLanguage":"sv-SE","@id":"https:\/\/mekulo.com\/se\/produkt\/barbar-minitvattmaskin\/#primaryimage","url":"https:\/\/mekulo.com\/se\/wp-content\/uploads\/sites\/11\/2026\/02\/x4ayyf4-1.jpg","contentUrl":"https:\/\/mekulo.com\/se\/wp-content\/uploads\/sites\/11\/2026\/02\/x4ayyf4-1.jpg","width":800,"height":800},{"@type":"BreadcrumbList","@id":"https:\/\/mekulo.com\/se\/produkt\/barbar-minitvattmaskin\/#breadcrumb","itemListElement":[{"@type":"ListItem","position":1,"name":"Home","item":"https:\/\/mekulo.com\/se\/"},{"@type":"ListItem","position":2,"name":"Butik","item":"https:\/\/mekulo.com\/se\/butik\/"},{"@type":"ListItem","position":3,"name":"B\u00e4rbar minitv\u00e4ttmaskin"}]},{"@type":"WebSite","@id":"https:\/\/mekulo.com\/se\/#website","url":"https:\/\/mekulo.com\/se\/","name":"Mekulo SE","description":"","publisher":{"@id":"https:\/\/mekulo.com\/se\/#organization"},"potentialAction":[{"@type":"SearchAction","target":{"@type":"EntryPoint","urlTemplate":"https:\/\/mekulo.com\/se\/?s={search_term_string}"},"query-input":{"@type":"PropertyValueSpecification","valueRequired":true,"valueName":"search_term_string"}}],"inLanguage":"sv-SE"},{"@type":"Organization","@id":"https:\/\/mekulo.com\/se\/#organization","name":"Mekulo","url":"https:\/\/mekulo.com\/se\/","logo":{"@type":"ImageObject","inLanguage":"sv-SE","@id":"https:\/\/mekulo.com\/se\/#\/schema\/logo\/image\/","url":"https:\/\/mekulo.com\/se\/wp-content\/uploads\/sites\/11\/2025\/12\/favicon_mekulo.png","contentUrl":"https:\/\/mekulo.com\/se\/wp-content\/uploads\/sites\/11\/2025\/12\/favicon_mekulo.png","width":50,"height":50,"caption":"Mekulo"},"image":{"@id":"https:\/\/mekulo.com\/se\/#\/schema\/logo\/image\/"}}]}},"_links":{"self":[{"href":"https:\/\/mekulo.com\/se\/wp-json\/wp\/v2\/product\/21130","targetHints":{"allow":["GET"]}}],"collection":[{"href":"https:\/\/mekulo.com\/se\/wp-json\/wp\/v2\/product"}],"about":[{"href":"https:\/\/mekulo.com\/se\/wp-json\/wp\/v2\/types\/product"}],"replies":[{"embeddable":true,"href":"https:\/\/mekulo.com\/se\/wp-json\/wp\/v2\/comments?post=21130"}],"wp:featuredmedia":[{"embeddable":true,"href":"https:\/\/mekulo.com\/se\/wp-json\/wp\/v2\/media\/21126"}],"wp:attachment":[{"href":"https:\/\/mekulo.com\/se\/wp-json\/wp\/v2\/media?parent=21130"}],"wp:term":[{"taxonomy":"product_brand","embeddable":true,"href":"https:\/\/mekulo.com\/se\/wp-json\/wp\/v2\/product_brand?post=21130"},{"taxonomy":"product_cat","embeddable":true,"href":"https:\/\/mekulo.com\/se\/wp-json\/wp\/v2\/product_cat?post=21130"},{"taxonomy":"product_tag","embeddable":true,"href":"https:\/\/mekulo.com\/se\/wp-json\/wp\/v2\/product_tag?post=21130"}],"curies":[{"name":"wp","href":"https:\/\/api.w.org\/{rel}","templated":true}]}}