{"id":21015,"date":"2026-02-03T16:01:06","date_gmt":"2026-02-03T14:01:06","guid":{"rendered":"https:\/\/mekulo.com\/se\/produkt\/magiska-blandningar-kittel\/"},"modified":"2026-02-03T16:01:18","modified_gmt":"2026-02-03T14:01:18","slug":"magiska-blandningar-kittel","status":"publish","type":"product","link":"https:\/\/mekulo.com\/se\/produkt\/magiska-blandningar-kittel\/","title":{"rendered":"Magiska blandningar kittel"},"content":{"rendered":"<div class=\"flex flex-col text-sm pb-25\">\n<article class=\"text-token-text-primary w-full focus:outline-none [--shadow-height:45px] has-data-writing-block:pointer-events-none has-data-writing-block:-mt-(--shadow-height) has-data-writing-block:pt-(--shadow-height) [&amp;:has([data-writing-block])&gt;*]:pointer-events-auto scroll-mt-[calc(var(--header-height)+min(200px,max(70px,20svh)))]\" dir=\"auto\" data-turn-id=\"26952490-7288-49c6-8ab8-b0baa0bbfc2d\" data-testid=\"conversation-turn-88\" data-scroll-anchor=\"true\" data-turn=\"assistant\">\n<div class=\"text-base my-auto mx-auto pb-10 [--thread-content-margin:--spacing(4)] @w-sm\/main:[--thread-content-margin:--spacing(6)] @w-lg\/main:[--thread-content-margin:--spacing(16)] px-(--thread-content-margin)\">\n<div class=\"[--thread-content-max-width:40rem] @w-lg\/main:[--thread-content-max-width:48rem] mx-auto max-w-(--thread-content-max-width) flex-1 group\/turn-messages focus-visible:outline-hidden relative flex w-full min-w-0 flex-col agent-turn\">\n<div class=\"flex max-w-full flex-col grow\">\n<div class=\"min-h-8 text-message relative flex w-full flex-col items-end gap-2 text-start break-words whitespace-normal [.text-message+&amp;]:mt-1\" dir=\"auto\" data-message-author-role=\"assistant\" data-message-id=\"d25bea94-ee52-4374-8df2-b6f060c41879\" data-message-model-slug=\"gpt-5-2\">\n<div class=\"flex w-full flex-col gap-1 empty:hidden first:pt-[1px]\">\n<div class=\"markdown prose dark:prose-invert w-full wrap-break-word light markdown-new-styling\">\n<p style=\"text-align: center\" data-start=\"0\" data-end=\"76\"><strong data-start=\"0\" data-end=\"76\">Skapa Verklig Magi Med En Bubblande Kittel Och \u00d6verraskande Blandningar Inuti. \ud83e\uddd9\u200d\u2640\ufe0f<\/strong><\/p>\n<p data-start=\"0\" data-end=\"76\"><img decoding=\"async\" class=\"size-full wp-image-23209 aligncenter\" src=\"https:\/\/mekulo.com\/template\/wp-content\/uploads\/sites\/6\/2026\/02\/32ccf81ec161b6323d10c3e129b254a60910ee8f-700.avif\" alt=\"\" \/><\/p>\n<h2 style=\"text-align: center\" data-start=\"404\" data-end=\"421\">Main F\u00f6rdelar \ud83e\uddd9<\/h2>\n<p data-start=\"424\" data-end=\"491\">\ud83e\uddd9 Magisk Uppackning &#8211; Blanda, Fr\u00e4sa Och Avsl\u00f6ja \u00d6verraskningsmixlingar.<\/p>\n<p data-start=\"494\" data-end=\"559\">\u2728 Trollformler &#8211; Anv\u00e4nd Trollsp\u00f6et F\u00f6r Att L\u00e5sa Upp Specialkrafter.<\/p>\n<p data-start=\"562\" data-end=\"632\">\ud83c\udf08 Sensorisk Upplevelse &#8211; Bubblande Och Fr\u00e4sande Action G\u00f6r Barn Glada.<\/p>\n<p data-start=\"635\" data-end=\"696\">\ud83e\uddda Samlarfigurer &#8211; \u00d6ver 40 Mixlingar Att Samla.<\/p>\n<p data-start=\"699\" data-end=\"762\">\ud83e\udee7 Dubbel \u00d6verraskning &#8211; Inneh\u00e5ller 1 Eller 2 Mixlingar, En Kan Vara S\u00e4llsynt.<\/p>\n<p data-start=\"765\" data-end=\"827\">\ud83c\udffa \u00c5teranv\u00e4ndbar Kittel &#8211; F\u00f6rvara Mixlingar Eller Sm\u00e5 Skatter.<\/p>\n<p data-start=\"765\" data-end=\"827\"><img decoding=\"async\" class=\"size-full wp-image-23207 aligncenter\" src=\"https:\/\/mekulo.com\/template\/wp-content\/uploads\/sites\/6\/2026\/02\/565e95e7826a849b436655374df6ebd9db911ac9-700.avif\" alt=\"\" \/><\/p>\n<h2 style=\"text-align: center\" data-start=\"829\" data-end=\"843\">Hur Man Anv\u00e4nder \ud83d\udccc<\/h2>\n<ol data-start=\"844\" data-end=\"1126\">\n<li data-start=\"844\" data-end=\"879\">\n<p data-start=\"847\" data-end=\"879\">\u00d6ppna Magic Mixes-Kitteln.<\/p>\n<\/li>\n<li data-start=\"880\" data-end=\"920\">\n<p data-start=\"883\" data-end=\"920\">Tills\u00e4tt De Medf\u00f6ljande Magiska Ingredienserna.<\/p>\n<\/li>\n<li data-start=\"921\" data-end=\"960\">\n<p data-start=\"924\" data-end=\"960\">Se Blandningen Bubbla Och Fr\u00e4sa.<\/p>\n<\/li>\n<li data-start=\"961\" data-end=\"1006\">\n<p data-start=\"964\" data-end=\"1006\">S\u00e4g De Magiska Orden &#8221;Magicus Mixus&#8221;.<\/p>\n<\/li>\n<li data-start=\"1007\" data-end=\"1071\">\n<p data-start=\"1010\" data-end=\"1071\">Visa Dina Magiska Mixlingar Och Anv\u00e4nd Trollsp\u00f6et F\u00f6r Att L\u00e4gga Trollformler.<\/p>\n<\/li>\n<li data-start=\"1072\" data-end=\"1126\">\n<p data-start=\"1075\" data-end=\"1126\">F\u00f6rvara Dina Mixlingar I Kitteln Efter Spel.<\/p>\n<\/li>\n<\/ol>\n<h2 style=\"text-align: center\" data-start=\"1128\" data-end=\"1147\">Produktdetaljer \ud83d\udccf<\/h2>\n<ul data-start=\"1148\" data-end=\"1381\">\n<li data-start=\"1188\" data-end=\"1237\">\n<p data-start=\"1190\" data-end=\"1237\">Serie: Magic Mixies Mixlings \u2013 Crystal Woods<\/p>\n<\/li>\n<li data-start=\"1291\" data-end=\"1345\">\n<p data-start=\"1293\" data-end=\"1345\">Funktioner: Fizzing Mix, Trollstav, \u00d6verraskande Avsl\u00f6jande<\/p>\n<\/li>\n<li data-start=\"1346\" data-end=\"1381\">\n<p data-start=\"1348\" data-end=\"1381\">Anv\u00e4ndning: Leka, Samla Och Visa<\/p>\n<\/li>\n<\/ul>\n<h2 style=\"text-align: center\" data-start=\"1383\" data-end=\"1403\">Paketet Inneh\u00e5ller \ud83d\udce6<\/h2>\n<ul>\n<li data-start=\"65\" data-end=\"129\">1, 2x Mystisk Magisk Mixie Mixlingsfigur<\/li>\n<li data-start=\"65\" data-end=\"129\">1x Magisk Mixes Kittel<\/li>\n<li data-start=\"65\" data-end=\"129\">1, 2x Trollstavstillbeh\u00f6r<\/li>\n<li data-start=\"65\" data-end=\"129\">1x Samlarguide<\/li>\n<li data-start=\"65\" data-end=\"129\">1x Instruktionsblad.<\/li>\n<\/ul>\n<\/div>\n<\/div>\n<\/div>\n<\/div>\n<\/div>\n<\/div>\n<\/article>\n<\/div>\n","protected":false},"excerpt":{"rendered":"<p>\ud83e\uddd9\u200d\u2640\ufe0fThis magic mixes kittel l\u00e5ter barn blanda ingredienser, s\u00e4ga magiska ord och avsl\u00f6ja bed\u00e5rande magiska mixies mixlings p\u00e5 ett roligt, interaktivt s\u00e4tt.<br \/>\n\ud83d\udd2eMed sprakande effekter, trollformler och \u00f6verraskningsfigurer k\u00e4nns varje uppackning verkligen magisk.<br \/>\n\ud83e\ude84Den f\u00f6rvandlar lekstunder till ett sp\u00e4nnande sensoriskt \u00e4ventyr fullt av fantasi och f\u00f6rundran.<\/p>\n","protected":false},"featured_media":21011,"comment_status":"open","ping_status":"closed","template":"","meta":{"site-sidebar-layout":"default","site-content-layout":"","ast-site-content-layout":"default","site-content-style":"default","site-sidebar-style":"default","ast-global-header-display":"","ast-banner-title-visibility":"","ast-main-header-display":"","ast-hfb-above-header-display":"","ast-hfb-below-header-display":"","ast-hfb-mobile-header-display":"","site-post-title":"","ast-breadcrumbs-content":"","ast-featured-img":"","footer-sml-layout":"","theme-transparent-header-meta":"default","adv-header-id-meta":"","stick-header-meta":"","header-above-stick-meta":"","header-main-stick-meta":"","header-below-stick-meta":"","astra-migrate-meta-layouts":"set","ast-page-background-enabled":"default","ast-page-background-meta":{"desktop":{"background-color":"var(--ast-global-color-5)","background-image":"","background-repeat":"repeat","background-position":"center center","background-size":"auto","background-attachment":"scroll","background-type":"","background-media":"","overlay-type":"","overlay-color":"","overlay-opacity":"","overlay-gradient":""},"tablet":{"background-color":"","background-image":"","background-repeat":"repeat","background-position":"center center","background-size":"auto","background-attachment":"scroll","background-type":"","background-media":"","overlay-type":"","overlay-color":"","overlay-opacity":"","overlay-gradient":""},"mobile":{"background-color":"","background-image":"","background-repeat":"repeat","background-position":"center center","background-size":"auto","background-attachment":"scroll","background-type":"","background-media":"","overlay-type":"","overlay-color":"","overlay-opacity":"","overlay-gradient":""}},"ast-content-background-meta":{"desktop":{"background-color":"var(--ast-global-color-4)","background-image":"","background-repeat":"repeat","background-position":"center center","background-size":"auto","background-attachment":"scroll","background-type":"","background-media":"","overlay-type":"","overlay-color":"","overlay-opacity":"","overlay-gradient":""},"tablet":{"background-color":"var(--ast-global-color-4)","background-image":"","background-repeat":"repeat","background-position":"center center","background-size":"auto","background-attachment":"scroll","background-type":"","background-media":"","overlay-type":"","overlay-color":"","overlay-opacity":"","overlay-gradient":""},"mobile":{"background-color":"var(--ast-global-color-4)","background-image":"","background-repeat":"repeat","background-position":"center center","background-size":"auto","background-attachment":"scroll","background-type":"","background-media":"","overlay-type":"","overlay-color":"","overlay-opacity":"","overlay-gradient":""}}},"product_brand":[],"product_cat":[172],"product_tag":[],"class_list":{"0":"post-21015","1":"product","2":"type-product","3":"status-publish","4":"has-post-thumbnail","6":"product_cat-leksaker-barn-och-babyprodukter","7":"pa_54193_c4lh5ud9-1-st","8":"pa_54193_c4lh5ud9-2-st","9":"desktop-align-left","10":"tablet-align-left","11":"mobile-align-left","13":"first","14":"instock","15":"shipping-taxable","16":"purchasable","17":"product-type-variable"},"yoast_head":"<!-- This site is optimized with the Yoast SEO plugin v26.6 - https:\/\/yoast.com\/wordpress\/plugins\/seo\/ -->\n<title>Magiska blandningar kittel - Mekulo SE<\/title>\n<meta name=\"robots\" content=\"index, follow, max-snippet:-1, max-image-preview:large, max-video-preview:-1\" \/>\n<link rel=\"canonical\" href=\"https:\/\/mekulo.com\/se\/produkt\/magiska-blandningar-kittel\/\" \/>\n<meta property=\"og:locale\" content=\"sv_SE\" \/>\n<meta property=\"og:type\" content=\"article\" \/>\n<meta property=\"og:title\" content=\"Magiska blandningar kittel - Mekulo SE\" \/>\n<meta property=\"og:description\" content=\"\ud83e\uddd9\u200d\u2640\ufe0fThis magic mixes kittel l\u00e5ter barn blanda ingredienser, s\u00e4ga magiska ord och avsl\u00f6ja bed\u00e5rande magiska mixies mixlings p\u00e5 ett roligt, interaktivt s\u00e4tt. \ud83d\udd2eMed sprakande effekter, trollformler och \u00f6verraskningsfigurer k\u00e4nns varje uppackning verkligen magisk. \ud83e\ude84Den f\u00f6rvandlar lekstunder till ett sp\u00e4nnande sensoriskt \u00e4ventyr fullt av fantasi och f\u00f6rundran.\" \/>\n<meta property=\"og:url\" content=\"https:\/\/mekulo.com\/se\/produkt\/magiska-blandningar-kittel\/\" \/>\n<meta property=\"og:site_name\" content=\"Mekulo SE\" \/>\n<meta property=\"article:modified_time\" content=\"2026-02-03T14:01:18+00:00\" \/>\n<meta property=\"og:image\" content=\"https:\/\/mekulo.com\/se\/wp-content\/uploads\/sites\/11\/2026\/02\/i2gff5v-1.png\" \/>\n\t<meta property=\"og:image:width\" content=\"700\" \/>\n\t<meta property=\"og:image:height\" content=\"718\" \/>\n\t<meta property=\"og:image:type\" content=\"image\/png\" \/>\n<meta name=\"twitter:card\" content=\"summary_large_image\" \/>\n<meta name=\"twitter:label1\" content=\"Ber\u00e4knad l\u00e4stid\" \/>\n\t<meta name=\"twitter:data1\" content=\"2 minuter\" \/>\n<script type=\"application\/ld+json\" class=\"yoast-schema-graph\">{\"@context\":\"https:\/\/schema.org\",\"@graph\":[{\"@type\":\"WebPage\",\"@id\":\"https:\/\/mekulo.com\/se\/produkt\/magiska-blandningar-kittel\/\",\"url\":\"https:\/\/mekulo.com\/se\/produkt\/magiska-blandningar-kittel\/\",\"name\":\"Magiska blandningar kittel - Mekulo SE\",\"isPartOf\":{\"@id\":\"https:\/\/mekulo.com\/se\/#website\"},\"primaryImageOfPage\":{\"@id\":\"https:\/\/mekulo.com\/se\/produkt\/magiska-blandningar-kittel\/#primaryimage\"},\"image\":{\"@id\":\"https:\/\/mekulo.com\/se\/produkt\/magiska-blandningar-kittel\/#primaryimage\"},\"thumbnailUrl\":\"https:\/\/mekulo.com\/se\/wp-content\/uploads\/sites\/11\/2026\/02\/i2gff5v-1.png\",\"datePublished\":\"2026-02-03T14:01:06+00:00\",\"dateModified\":\"2026-02-03T14:01:18+00:00\",\"breadcrumb\":{\"@id\":\"https:\/\/mekulo.com\/se\/produkt\/magiska-blandningar-kittel\/#breadcrumb\"},\"inLanguage\":\"sv-SE\",\"potentialAction\":[{\"@type\":\"ReadAction\",\"target\":[\"https:\/\/mekulo.com\/se\/produkt\/magiska-blandningar-kittel\/\"]}]},{\"@type\":\"ImageObject\",\"inLanguage\":\"sv-SE\",\"@id\":\"https:\/\/mekulo.com\/se\/produkt\/magiska-blandningar-kittel\/#primaryimage\",\"url\":\"https:\/\/mekulo.com\/se\/wp-content\/uploads\/sites\/11\/2026\/02\/i2gff5v-1.png\",\"contentUrl\":\"https:\/\/mekulo.com\/se\/wp-content\/uploads\/sites\/11\/2026\/02\/i2gff5v-1.png\",\"width\":700,\"height\":718},{\"@type\":\"BreadcrumbList\",\"@id\":\"https:\/\/mekulo.com\/se\/produkt\/magiska-blandningar-kittel\/#breadcrumb\",\"itemListElement\":[{\"@type\":\"ListItem\",\"position\":1,\"name\":\"Home\",\"item\":\"https:\/\/mekulo.com\/se\/\"},{\"@type\":\"ListItem\",\"position\":2,\"name\":\"Butik\",\"item\":\"https:\/\/mekulo.com\/se\/butik\/\"},{\"@type\":\"ListItem\",\"position\":3,\"name\":\"Magiska blandningar kittel\"}]},{\"@type\":\"WebSite\",\"@id\":\"https:\/\/mekulo.com\/se\/#website\",\"url\":\"https:\/\/mekulo.com\/se\/\",\"name\":\"Mekulo SE\",\"description\":\"\",\"publisher\":{\"@id\":\"https:\/\/mekulo.com\/se\/#organization\"},\"potentialAction\":[{\"@type\":\"SearchAction\",\"target\":{\"@type\":\"EntryPoint\",\"urlTemplate\":\"https:\/\/mekulo.com\/se\/?s={search_term_string}\"},\"query-input\":{\"@type\":\"PropertyValueSpecification\",\"valueRequired\":true,\"valueName\":\"search_term_string\"}}],\"inLanguage\":\"sv-SE\"},{\"@type\":\"Organization\",\"@id\":\"https:\/\/mekulo.com\/se\/#organization\",\"name\":\"Mekulo\",\"url\":\"https:\/\/mekulo.com\/se\/\",\"logo\":{\"@type\":\"ImageObject\",\"inLanguage\":\"sv-SE\",\"@id\":\"https:\/\/mekulo.com\/se\/#\/schema\/logo\/image\/\",\"url\":\"https:\/\/mekulo.com\/se\/wp-content\/uploads\/sites\/11\/2025\/12\/favicon_mekulo.png\",\"contentUrl\":\"https:\/\/mekulo.com\/se\/wp-content\/uploads\/sites\/11\/2025\/12\/favicon_mekulo.png\",\"width\":50,\"height\":50,\"caption\":\"Mekulo\"},\"image\":{\"@id\":\"https:\/\/mekulo.com\/se\/#\/schema\/logo\/image\/\"}}]}<\/script>\n<!-- \/ Yoast SEO plugin. -->","yoast_head_json":{"title":"Magiska blandningar kittel - Mekulo SE","robots":{"index":"index","follow":"follow","max-snippet":"max-snippet:-1","max-image-preview":"max-image-preview:large","max-video-preview":"max-video-preview:-1"},"canonical":"https:\/\/mekulo.com\/se\/produkt\/magiska-blandningar-kittel\/","og_locale":"sv_SE","og_type":"article","og_title":"Magiska blandningar kittel - Mekulo SE","og_description":"\ud83e\uddd9\u200d\u2640\ufe0fThis magic mixes kittel l\u00e5ter barn blanda ingredienser, s\u00e4ga magiska ord och avsl\u00f6ja bed\u00e5rande magiska mixies mixlings p\u00e5 ett roligt, interaktivt s\u00e4tt. \ud83d\udd2eMed sprakande effekter, trollformler och \u00f6verraskningsfigurer k\u00e4nns varje uppackning verkligen magisk. \ud83e\ude84Den f\u00f6rvandlar lekstunder till ett sp\u00e4nnande sensoriskt \u00e4ventyr fullt av fantasi och f\u00f6rundran.","og_url":"https:\/\/mekulo.com\/se\/produkt\/magiska-blandningar-kittel\/","og_site_name":"Mekulo SE","article_modified_time":"2026-02-03T14:01:18+00:00","og_image":[{"width":700,"height":718,"url":"https:\/\/mekulo.com\/se\/wp-content\/uploads\/sites\/11\/2026\/02\/i2gff5v-1.png","type":"image\/png"}],"twitter_card":"summary_large_image","twitter_misc":{"Ber\u00e4knad l\u00e4stid":"2 minuter"},"schema":{"@context":"https:\/\/schema.org","@graph":[{"@type":"WebPage","@id":"https:\/\/mekulo.com\/se\/produkt\/magiska-blandningar-kittel\/","url":"https:\/\/mekulo.com\/se\/produkt\/magiska-blandningar-kittel\/","name":"Magiska blandningar kittel - Mekulo SE","isPartOf":{"@id":"https:\/\/mekulo.com\/se\/#website"},"primaryImageOfPage":{"@id":"https:\/\/mekulo.com\/se\/produkt\/magiska-blandningar-kittel\/#primaryimage"},"image":{"@id":"https:\/\/mekulo.com\/se\/produkt\/magiska-blandningar-kittel\/#primaryimage"},"thumbnailUrl":"https:\/\/mekulo.com\/se\/wp-content\/uploads\/sites\/11\/2026\/02\/i2gff5v-1.png","datePublished":"2026-02-03T14:01:06+00:00","dateModified":"2026-02-03T14:01:18+00:00","breadcrumb":{"@id":"https:\/\/mekulo.com\/se\/produkt\/magiska-blandningar-kittel\/#breadcrumb"},"inLanguage":"sv-SE","potentialAction":[{"@type":"ReadAction","target":["https:\/\/mekulo.com\/se\/produkt\/magiska-blandningar-kittel\/"]}]},{"@type":"ImageObject","inLanguage":"sv-SE","@id":"https:\/\/mekulo.com\/se\/produkt\/magiska-blandningar-kittel\/#primaryimage","url":"https:\/\/mekulo.com\/se\/wp-content\/uploads\/sites\/11\/2026\/02\/i2gff5v-1.png","contentUrl":"https:\/\/mekulo.com\/se\/wp-content\/uploads\/sites\/11\/2026\/02\/i2gff5v-1.png","width":700,"height":718},{"@type":"BreadcrumbList","@id":"https:\/\/mekulo.com\/se\/produkt\/magiska-blandningar-kittel\/#breadcrumb","itemListElement":[{"@type":"ListItem","position":1,"name":"Home","item":"https:\/\/mekulo.com\/se\/"},{"@type":"ListItem","position":2,"name":"Butik","item":"https:\/\/mekulo.com\/se\/butik\/"},{"@type":"ListItem","position":3,"name":"Magiska blandningar kittel"}]},{"@type":"WebSite","@id":"https:\/\/mekulo.com\/se\/#website","url":"https:\/\/mekulo.com\/se\/","name":"Mekulo SE","description":"","publisher":{"@id":"https:\/\/mekulo.com\/se\/#organization"},"potentialAction":[{"@type":"SearchAction","target":{"@type":"EntryPoint","urlTemplate":"https:\/\/mekulo.com\/se\/?s={search_term_string}"},"query-input":{"@type":"PropertyValueSpecification","valueRequired":true,"valueName":"search_term_string"}}],"inLanguage":"sv-SE"},{"@type":"Organization","@id":"https:\/\/mekulo.com\/se\/#organization","name":"Mekulo","url":"https:\/\/mekulo.com\/se\/","logo":{"@type":"ImageObject","inLanguage":"sv-SE","@id":"https:\/\/mekulo.com\/se\/#\/schema\/logo\/image\/","url":"https:\/\/mekulo.com\/se\/wp-content\/uploads\/sites\/11\/2025\/12\/favicon_mekulo.png","contentUrl":"https:\/\/mekulo.com\/se\/wp-content\/uploads\/sites\/11\/2025\/12\/favicon_mekulo.png","width":50,"height":50,"caption":"Mekulo"},"image":{"@id":"https:\/\/mekulo.com\/se\/#\/schema\/logo\/image\/"}}]}},"_links":{"self":[{"href":"https:\/\/mekulo.com\/se\/wp-json\/wp\/v2\/product\/21015","targetHints":{"allow":["GET"]}}],"collection":[{"href":"https:\/\/mekulo.com\/se\/wp-json\/wp\/v2\/product"}],"about":[{"href":"https:\/\/mekulo.com\/se\/wp-json\/wp\/v2\/types\/product"}],"replies":[{"embeddable":true,"href":"https:\/\/mekulo.com\/se\/wp-json\/wp\/v2\/comments?post=21015"}],"wp:featuredmedia":[{"embeddable":true,"href":"https:\/\/mekulo.com\/se\/wp-json\/wp\/v2\/media\/21011"}],"wp:attachment":[{"href":"https:\/\/mekulo.com\/se\/wp-json\/wp\/v2\/media?parent=21015"}],"wp:term":[{"taxonomy":"product_brand","embeddable":true,"href":"https:\/\/mekulo.com\/se\/wp-json\/wp\/v2\/product_brand?post=21015"},{"taxonomy":"product_cat","embeddable":true,"href":"https:\/\/mekulo.com\/se\/wp-json\/wp\/v2\/product_cat?post=21015"},{"taxonomy":"product_tag","embeddable":true,"href":"https:\/\/mekulo.com\/se\/wp-json\/wp\/v2\/product_tag?post=21015"}],"curies":[{"name":"wp","href":"https:\/\/api.w.org\/{rel}","templated":true}]}}