{"id":20993,"date":"2026-02-03T15:59:24","date_gmt":"2026-02-03T13:59:24","guid":{"rendered":"https:\/\/mekulo.com\/se\/produkt\/lyxig-resvaska\/"},"modified":"2026-02-03T15:59:42","modified_gmt":"2026-02-03T13:59:42","slug":"lyxig-resvaska","status":"publish","type":"product","link":"https:\/\/mekulo.com\/se\/produkt\/lyxig-resvaska\/","title":{"rendered":"Lyxig resv\u00e4ska"},"content":{"rendered":"<div class=\"flex flex-col text-sm pb-25\">\n<article class=\"text-token-text-primary w-full focus:outline-none [--shadow-height:45px] has-data-writing-block:pointer-events-none has-data-writing-block:-mt-(--shadow-height) has-data-writing-block:pt-(--shadow-height) [&amp;:has([data-writing-block])&gt;*]:pointer-events-auto scroll-mt-[calc(var(--header-height)+min(200px,max(70px,20svh)))]\" dir=\"auto\" data-turn-id=\"request-69788f7d-d97c-832a-a512-ce7bdd364928-1\" data-testid=\"conversation-turn-86\" data-scroll-anchor=\"true\" data-turn=\"assistant\">\n<div class=\"text-base my-auto mx-auto pb-10 [--thread-content-margin:--spacing(4)] @w-sm\/main:[--thread-content-margin:--spacing(6)] @w-lg\/main:[--thread-content-margin:--spacing(16)] px-(--thread-content-margin)\">\n<div class=\"[--thread-content-max-width:40rem] @w-lg\/main:[--thread-content-max-width:48rem] mx-auto max-w-(--thread-content-max-width) flex-1 group\/turn-messages focus-visible:outline-hidden relative flex w-full min-w-0 flex-col agent-turn\">\n<div class=\"flex max-w-full flex-col grow\">\n<div class=\"min-h-8 text-message relative flex w-full flex-col items-end gap-2 text-start break-words whitespace-normal [.text-message+&amp;]:mt-1\" dir=\"auto\" data-message-author-role=\"assistant\" data-message-id=\"907f295c-a344-4d34-8e5d-1ec1c98ac7e2\" data-message-model-slug=\"gpt-5-2\">\n<div class=\"flex w-full flex-col gap-1 empty:hidden first:pt-[1px]\">\n<div class=\"markdown prose dark:prose-invert w-full wrap-break-word light markdown-new-styling\">\n<p style=\"text-align: center\" data-start=\"0\" data-end=\"62\"><strong data-start=\"0\" data-end=\"62\">Packa Mer, Res Smartare Och Beh\u00e5ll Din Stil Utan Anstr\u00e4ngning. \ud83d\udc5c<\/strong><\/p>\n<p data-start=\"0\" data-end=\"62\"><img fetchpriority=\"high\" decoding=\"async\" class=\"size-full wp-image-23191 aligncenter\" src=\"https:\/\/mekulo.com\/template\/wp-content\/uploads\/sites\/6\/2026\/02\/4.jpg\" alt=\"\" width=\"1080\" height=\"1080\" \/><\/p>\n<h2 style=\"text-align: center\" data-start=\"386\" data-end=\"403\">Huvudf\u00f6rdelar \ud83e\uddf3<\/h2>\n<p data-start=\"406\" data-end=\"474\">\ud83e\uddf3 Stor f\u00f6rvaringskapacitet &#8211; Rymmer kl\u00e4der och reseprylar.<\/p>\n<p data-start=\"477\" data-end=\"538\">\ud83e\udde5 Skrynkelfri packning &#8211; H\u00e5ller kl\u00e4derna rena och snygga.<\/p>\n<p data-start=\"541\" data-end=\"604\">\ud83d\udcbc Professionellt utseende &#8211; Perfekt f\u00f6r aff\u00e4rs- och arbetsresor.<\/p>\n<p data-start=\"607\" data-end=\"663\">\ud83e\udeb6 Vikbar design &#8211; L\u00e4tt att f\u00f6rvara n\u00e4r den inte anv\u00e4nds.<\/p>\n<p data-start=\"666\" data-end=\"721\">\u2728 Premium PU-l\u00e4der &#8211; Slitstark och snygg finish.<\/p>\n<p data-start=\"724\" data-end=\"775\">\u2708\ufe0f Carry-on friendly &#8211; Praktiskt f\u00f6r flygresor.<\/p>\n<p data-start=\"724\" data-end=\"775\"><img decoding=\"async\" class=\"size-full wp-image-23192 aligncenter\" src=\"https:\/\/mekulo.com\/template\/wp-content\/uploads\/sites\/6\/2026\/02\/85ffdc934345ded68a76d49111db777e1dcb77cb-700.avif\" alt=\"\" \/><\/p>\n<h2 style=\"text-align: center\" data-start=\"777\" data-end=\"791\">Hur Man Anv\u00e4nder \ud83d\udccc<\/h2>\n<ol data-start=\"792\" data-end=\"978\">\n<li data-start=\"792\" data-end=\"818\">\n<p data-start=\"795\" data-end=\"818\">V\u00e4skan viks upp helt.<\/p>\n<\/li>\n<li data-start=\"819\" data-end=\"867\">\n<p data-start=\"822\" data-end=\"867\">Packa kl\u00e4der och accessoarer prydligt inuti.<\/p>\n<\/li>\n<li data-start=\"868\" data-end=\"898\">\n<p data-start=\"871\" data-end=\"898\">St\u00e4ng och s\u00e4kra v\u00e4skan.<\/p>\n<\/li>\n<li data-start=\"899\" data-end=\"939\">\n<p data-start=\"902\" data-end=\"939\">B\u00e4r i handen eller \u00f6ver axeln.<\/p>\n<\/li>\n<li data-start=\"940\" data-end=\"978\">\n<p data-start=\"943\" data-end=\"978\">Vik ihop och f\u00f6rvara efter anv\u00e4ndning om det beh\u00f6vs.<\/p>\n<\/li>\n<\/ol>\n<h2 style=\"text-align: center\" data-start=\"980\" data-end=\"999\">Produktdetaljer \ud83d\udccf<\/h2>\n<ul data-start=\"1000\" data-end=\"1198\">\n<li data-start=\"1000\" data-end=\"1037\">\n<p data-start=\"1002\" data-end=\"1037\">Material: H\u00f6gkvalitativt PU-l\u00e4der<\/p>\n<\/li>\n<li data-start=\"1075\" data-end=\"1108\">\n<p data-start=\"1077\" data-end=\"1108\">Kapacitet: Stort f\u00f6rvaringsutrymme<\/p>\n<\/li>\n<li data-start=\"1109\" data-end=\"1139\">\n<p data-start=\"1111\" data-end=\"1139\">Stil: Aff\u00e4rer och resor<\/p>\n<\/li>\n<li data-start=\"1140\" data-end=\"1198\">\n<p data-start=\"1142\" data-end=\"1198\">Anv\u00e4ndning: Aff\u00e4rsresor, semestrar, sport, utomhusresor<\/p>\n<\/li>\n<li data-start=\"1140\" data-end=\"1198\">Storlek: Med dragkedja: 52 x 31 x 25 cm, utan dragkedja: 94 x 52 x 25 cm<\/li>\n<\/ul>\n<h2 style=\"text-align: center\" data-start=\"1200\" data-end=\"1220\">Paketet Inneh\u00e5ller \ud83d\udce6<\/h2>\n<ul data-start=\"1221\" data-end=\"1244\" data-is-last-node=\"\" data-is-only-node=\"\">\n<li data-start=\"1221\" data-end=\"1244\" data-is-last-node=\"\">\n<p data-start=\"1223\" data-end=\"1244\" data-is-last-node=\"\">1x lyxig resv\u00e4ska<\/p>\n<\/li>\n<li data-start=\"1221\" data-end=\"1244\" data-is-last-node=\"\">1x tillbeh\u00f6rsp\u00e5se.<\/li>\n<\/ul>\n<\/div>\n<\/div>\n<\/div>\n<\/div>\n<\/div>\n<\/div>\n<\/article>\n<\/div>\n","protected":false},"excerpt":{"rendered":"<p>\ud83d\udc5cDen h\u00e4r lyxiga resv\u00e4skan erbjuder en rymlig, organiserad l\u00f6sning f\u00f6r aff\u00e4rsresor, semestrar och vardagsresor.<br \/>\n\ud83d\udc5aTillverkad av slitstarkt PU-l\u00e4der med en vikbar design som h\u00e5ller dina kl\u00e4der snygga och skrynkelfria samtidigt som den \u00e4r l\u00e4tt att b\u00e4ra.<br \/>\n\u2708\ufe0fA perfekt blandning av elegans, komfort och praktiska egenskaper f\u00f6r moderna resen\u00e4rer.<\/p>\n","protected":false},"featured_media":20989,"comment_status":"open","ping_status":"closed","template":"","meta":{"site-sidebar-layout":"default","site-content-layout":"","ast-site-content-layout":"default","site-content-style":"default","site-sidebar-style":"default","ast-global-header-display":"","ast-banner-title-visibility":"","ast-main-header-display":"","ast-hfb-above-header-display":"","ast-hfb-below-header-display":"","ast-hfb-mobile-header-display":"","site-post-title":"","ast-breadcrumbs-content":"","ast-featured-img":"","footer-sml-layout":"","theme-transparent-header-meta":"default","adv-header-id-meta":"","stick-header-meta":"","header-above-stick-meta":"","header-main-stick-meta":"","header-below-stick-meta":"","astra-migrate-meta-layouts":"set","ast-page-background-enabled":"default","ast-page-background-meta":{"desktop":{"background-color":"var(--ast-global-color-5)","background-image":"","background-repeat":"repeat","background-position":"center center","background-size":"auto","background-attachment":"scroll","background-type":"","background-media":"","overlay-type":"","overlay-color":"","overlay-opacity":"","overlay-gradient":""},"tablet":{"background-color":"","background-image":"","background-repeat":"repeat","background-position":"center center","background-size":"auto","background-attachment":"scroll","background-type":"","background-media":"","overlay-type":"","overlay-color":"","overlay-opacity":"","overlay-gradient":""},"mobile":{"background-color":"","background-image":"","background-repeat":"repeat","background-position":"center center","background-size":"auto","background-attachment":"scroll","background-type":"","background-media":"","overlay-type":"","overlay-color":"","overlay-opacity":"","overlay-gradient":""}},"ast-content-background-meta":{"desktop":{"background-color":"var(--ast-global-color-4)","background-image":"","background-repeat":"repeat","background-position":"center center","background-size":"auto","background-attachment":"scroll","background-type":"","background-media":"","overlay-type":"","overlay-color":"","overlay-opacity":"","overlay-gradient":""},"tablet":{"background-color":"var(--ast-global-color-4)","background-image":"","background-repeat":"repeat","background-position":"center center","background-size":"auto","background-attachment":"scroll","background-type":"","background-media":"","overlay-type":"","overlay-color":"","overlay-opacity":"","overlay-gradient":""},"mobile":{"background-color":"var(--ast-global-color-4)","background-image":"","background-repeat":"repeat","background-position":"center center","background-size":"auto","background-attachment":"scroll","background-type":"","background-media":"","overlay-type":"","overlay-color":"","overlay-opacity":"","overlay-gradient":""}}},"product_brand":[],"product_cat":[165],"product_tag":[],"class_list":{"0":"post-20993","1":"product","2":"type-product","3":"status-publish","4":"has-post-thumbnail","6":"product_cat-skor-accessoarer","7":"pa_54186_p9j8r1ez-bla","8":"pa_54186_p9j8r1ez-rosa","9":"pa_54186_p9j8r1ez-svart","10":"pa_54186_p9j8r1ez-svart-brun","11":"pa_54186_p9j8r1ez-vit-brun","12":"desktop-align-left","13":"tablet-align-left","14":"mobile-align-left","16":"first","17":"instock","18":"shipping-taxable","19":"purchasable","20":"product-type-variable"},"yoast_head":"<!-- This site is optimized with the Yoast SEO plugin v26.6 - https:\/\/yoast.com\/wordpress\/plugins\/seo\/ -->\n<title>Lyxig resv\u00e4ska - Mekulo SE<\/title>\n<meta name=\"robots\" content=\"index, follow, max-snippet:-1, max-image-preview:large, max-video-preview:-1\" \/>\n<link rel=\"canonical\" href=\"https:\/\/mekulo.com\/se\/produkt\/lyxig-resvaska\/\" \/>\n<meta property=\"og:locale\" content=\"sv_SE\" \/>\n<meta property=\"og:type\" content=\"article\" \/>\n<meta property=\"og:title\" content=\"Lyxig resv\u00e4ska - Mekulo SE\" \/>\n<meta property=\"og:description\" content=\"\ud83d\udc5cDen h\u00e4r lyxiga resv\u00e4skan erbjuder en rymlig, organiserad l\u00f6sning f\u00f6r aff\u00e4rsresor, semestrar och vardagsresor. \ud83d\udc5aTillverkad av slitstarkt PU-l\u00e4der med en vikbar design som h\u00e5ller dina kl\u00e4der snygga och skrynkelfria samtidigt som den \u00e4r l\u00e4tt att b\u00e4ra. \u2708\ufe0fA perfekt blandning av elegans, komfort och praktiska egenskaper f\u00f6r moderna resen\u00e4rer.\" \/>\n<meta property=\"og:url\" content=\"https:\/\/mekulo.com\/se\/produkt\/lyxig-resvaska\/\" \/>\n<meta property=\"og:site_name\" content=\"Mekulo SE\" \/>\n<meta property=\"article:modified_time\" content=\"2026-02-03T13:59:42+00:00\" \/>\n<meta property=\"og:image\" content=\"https:\/\/mekulo.com\/se\/wp-content\/uploads\/sites\/11\/2026\/02\/s1229yr-1.jpeg\" \/>\n\t<meta property=\"og:image:width\" content=\"1000\" \/>\n\t<meta property=\"og:image:height\" content=\"1000\" \/>\n\t<meta property=\"og:image:type\" content=\"image\/jpeg\" \/>\n<meta name=\"twitter:card\" content=\"summary_large_image\" \/>\n<meta name=\"twitter:label1\" content=\"Ber\u00e4knad l\u00e4stid\" \/>\n\t<meta name=\"twitter:data1\" content=\"2 minuter\" \/>\n<script type=\"application\/ld+json\" class=\"yoast-schema-graph\">{\"@context\":\"https:\/\/schema.org\",\"@graph\":[{\"@type\":\"WebPage\",\"@id\":\"https:\/\/mekulo.com\/se\/produkt\/lyxig-resvaska\/\",\"url\":\"https:\/\/mekulo.com\/se\/produkt\/lyxig-resvaska\/\",\"name\":\"Lyxig resv\u00e4ska - Mekulo SE\",\"isPartOf\":{\"@id\":\"https:\/\/mekulo.com\/se\/#website\"},\"primaryImageOfPage\":{\"@id\":\"https:\/\/mekulo.com\/se\/produkt\/lyxig-resvaska\/#primaryimage\"},\"image\":{\"@id\":\"https:\/\/mekulo.com\/se\/produkt\/lyxig-resvaska\/#primaryimage\"},\"thumbnailUrl\":\"https:\/\/mekulo.com\/se\/wp-content\/uploads\/sites\/11\/2026\/02\/s1229yr-1.jpeg\",\"datePublished\":\"2026-02-03T13:59:24+00:00\",\"dateModified\":\"2026-02-03T13:59:42+00:00\",\"breadcrumb\":{\"@id\":\"https:\/\/mekulo.com\/se\/produkt\/lyxig-resvaska\/#breadcrumb\"},\"inLanguage\":\"sv-SE\",\"potentialAction\":[{\"@type\":\"ReadAction\",\"target\":[\"https:\/\/mekulo.com\/se\/produkt\/lyxig-resvaska\/\"]}]},{\"@type\":\"ImageObject\",\"inLanguage\":\"sv-SE\",\"@id\":\"https:\/\/mekulo.com\/se\/produkt\/lyxig-resvaska\/#primaryimage\",\"url\":\"https:\/\/mekulo.com\/se\/wp-content\/uploads\/sites\/11\/2026\/02\/s1229yr-1.jpeg\",\"contentUrl\":\"https:\/\/mekulo.com\/se\/wp-content\/uploads\/sites\/11\/2026\/02\/s1229yr-1.jpeg\",\"width\":1000,\"height\":1000},{\"@type\":\"BreadcrumbList\",\"@id\":\"https:\/\/mekulo.com\/se\/produkt\/lyxig-resvaska\/#breadcrumb\",\"itemListElement\":[{\"@type\":\"ListItem\",\"position\":1,\"name\":\"Home\",\"item\":\"https:\/\/mekulo.com\/se\/\"},{\"@type\":\"ListItem\",\"position\":2,\"name\":\"Butik\",\"item\":\"https:\/\/mekulo.com\/se\/butik\/\"},{\"@type\":\"ListItem\",\"position\":3,\"name\":\"Lyxig resv\u00e4ska\"}]},{\"@type\":\"WebSite\",\"@id\":\"https:\/\/mekulo.com\/se\/#website\",\"url\":\"https:\/\/mekulo.com\/se\/\",\"name\":\"Mekulo SE\",\"description\":\"\",\"publisher\":{\"@id\":\"https:\/\/mekulo.com\/se\/#organization\"},\"potentialAction\":[{\"@type\":\"SearchAction\",\"target\":{\"@type\":\"EntryPoint\",\"urlTemplate\":\"https:\/\/mekulo.com\/se\/?s={search_term_string}\"},\"query-input\":{\"@type\":\"PropertyValueSpecification\",\"valueRequired\":true,\"valueName\":\"search_term_string\"}}],\"inLanguage\":\"sv-SE\"},{\"@type\":\"Organization\",\"@id\":\"https:\/\/mekulo.com\/se\/#organization\",\"name\":\"Mekulo\",\"url\":\"https:\/\/mekulo.com\/se\/\",\"logo\":{\"@type\":\"ImageObject\",\"inLanguage\":\"sv-SE\",\"@id\":\"https:\/\/mekulo.com\/se\/#\/schema\/logo\/image\/\",\"url\":\"https:\/\/mekulo.com\/se\/wp-content\/uploads\/sites\/11\/2025\/12\/favicon_mekulo.png\",\"contentUrl\":\"https:\/\/mekulo.com\/se\/wp-content\/uploads\/sites\/11\/2025\/12\/favicon_mekulo.png\",\"width\":50,\"height\":50,\"caption\":\"Mekulo\"},\"image\":{\"@id\":\"https:\/\/mekulo.com\/se\/#\/schema\/logo\/image\/\"}}]}<\/script>\n<!-- \/ Yoast SEO plugin. -->","yoast_head_json":{"title":"Lyxig resv\u00e4ska - Mekulo SE","robots":{"index":"index","follow":"follow","max-snippet":"max-snippet:-1","max-image-preview":"max-image-preview:large","max-video-preview":"max-video-preview:-1"},"canonical":"https:\/\/mekulo.com\/se\/produkt\/lyxig-resvaska\/","og_locale":"sv_SE","og_type":"article","og_title":"Lyxig resv\u00e4ska - Mekulo SE","og_description":"\ud83d\udc5cDen h\u00e4r lyxiga resv\u00e4skan erbjuder en rymlig, organiserad l\u00f6sning f\u00f6r aff\u00e4rsresor, semestrar och vardagsresor. \ud83d\udc5aTillverkad av slitstarkt PU-l\u00e4der med en vikbar design som h\u00e5ller dina kl\u00e4der snygga och skrynkelfria samtidigt som den \u00e4r l\u00e4tt att b\u00e4ra. \u2708\ufe0fA perfekt blandning av elegans, komfort och praktiska egenskaper f\u00f6r moderna resen\u00e4rer.","og_url":"https:\/\/mekulo.com\/se\/produkt\/lyxig-resvaska\/","og_site_name":"Mekulo SE","article_modified_time":"2026-02-03T13:59:42+00:00","og_image":[{"width":1000,"height":1000,"url":"https:\/\/mekulo.com\/se\/wp-content\/uploads\/sites\/11\/2026\/02\/s1229yr-1.jpeg","type":"image\/jpeg"}],"twitter_card":"summary_large_image","twitter_misc":{"Ber\u00e4knad l\u00e4stid":"2 minuter"},"schema":{"@context":"https:\/\/schema.org","@graph":[{"@type":"WebPage","@id":"https:\/\/mekulo.com\/se\/produkt\/lyxig-resvaska\/","url":"https:\/\/mekulo.com\/se\/produkt\/lyxig-resvaska\/","name":"Lyxig resv\u00e4ska - Mekulo SE","isPartOf":{"@id":"https:\/\/mekulo.com\/se\/#website"},"primaryImageOfPage":{"@id":"https:\/\/mekulo.com\/se\/produkt\/lyxig-resvaska\/#primaryimage"},"image":{"@id":"https:\/\/mekulo.com\/se\/produkt\/lyxig-resvaska\/#primaryimage"},"thumbnailUrl":"https:\/\/mekulo.com\/se\/wp-content\/uploads\/sites\/11\/2026\/02\/s1229yr-1.jpeg","datePublished":"2026-02-03T13:59:24+00:00","dateModified":"2026-02-03T13:59:42+00:00","breadcrumb":{"@id":"https:\/\/mekulo.com\/se\/produkt\/lyxig-resvaska\/#breadcrumb"},"inLanguage":"sv-SE","potentialAction":[{"@type":"ReadAction","target":["https:\/\/mekulo.com\/se\/produkt\/lyxig-resvaska\/"]}]},{"@type":"ImageObject","inLanguage":"sv-SE","@id":"https:\/\/mekulo.com\/se\/produkt\/lyxig-resvaska\/#primaryimage","url":"https:\/\/mekulo.com\/se\/wp-content\/uploads\/sites\/11\/2026\/02\/s1229yr-1.jpeg","contentUrl":"https:\/\/mekulo.com\/se\/wp-content\/uploads\/sites\/11\/2026\/02\/s1229yr-1.jpeg","width":1000,"height":1000},{"@type":"BreadcrumbList","@id":"https:\/\/mekulo.com\/se\/produkt\/lyxig-resvaska\/#breadcrumb","itemListElement":[{"@type":"ListItem","position":1,"name":"Home","item":"https:\/\/mekulo.com\/se\/"},{"@type":"ListItem","position":2,"name":"Butik","item":"https:\/\/mekulo.com\/se\/butik\/"},{"@type":"ListItem","position":3,"name":"Lyxig resv\u00e4ska"}]},{"@type":"WebSite","@id":"https:\/\/mekulo.com\/se\/#website","url":"https:\/\/mekulo.com\/se\/","name":"Mekulo SE","description":"","publisher":{"@id":"https:\/\/mekulo.com\/se\/#organization"},"potentialAction":[{"@type":"SearchAction","target":{"@type":"EntryPoint","urlTemplate":"https:\/\/mekulo.com\/se\/?s={search_term_string}"},"query-input":{"@type":"PropertyValueSpecification","valueRequired":true,"valueName":"search_term_string"}}],"inLanguage":"sv-SE"},{"@type":"Organization","@id":"https:\/\/mekulo.com\/se\/#organization","name":"Mekulo","url":"https:\/\/mekulo.com\/se\/","logo":{"@type":"ImageObject","inLanguage":"sv-SE","@id":"https:\/\/mekulo.com\/se\/#\/schema\/logo\/image\/","url":"https:\/\/mekulo.com\/se\/wp-content\/uploads\/sites\/11\/2025\/12\/favicon_mekulo.png","contentUrl":"https:\/\/mekulo.com\/se\/wp-content\/uploads\/sites\/11\/2025\/12\/favicon_mekulo.png","width":50,"height":50,"caption":"Mekulo"},"image":{"@id":"https:\/\/mekulo.com\/se\/#\/schema\/logo\/image\/"}}]}},"_links":{"self":[{"href":"https:\/\/mekulo.com\/se\/wp-json\/wp\/v2\/product\/20993","targetHints":{"allow":["GET"]}}],"collection":[{"href":"https:\/\/mekulo.com\/se\/wp-json\/wp\/v2\/product"}],"about":[{"href":"https:\/\/mekulo.com\/se\/wp-json\/wp\/v2\/types\/product"}],"replies":[{"embeddable":true,"href":"https:\/\/mekulo.com\/se\/wp-json\/wp\/v2\/comments?post=20993"}],"wp:featuredmedia":[{"embeddable":true,"href":"https:\/\/mekulo.com\/se\/wp-json\/wp\/v2\/media\/20989"}],"wp:attachment":[{"href":"https:\/\/mekulo.com\/se\/wp-json\/wp\/v2\/media?parent=20993"}],"wp:term":[{"taxonomy":"product_brand","embeddable":true,"href":"https:\/\/mekulo.com\/se\/wp-json\/wp\/v2\/product_brand?post=20993"},{"taxonomy":"product_cat","embeddable":true,"href":"https:\/\/mekulo.com\/se\/wp-json\/wp\/v2\/product_cat?post=20993"},{"taxonomy":"product_tag","embeddable":true,"href":"https:\/\/mekulo.com\/se\/wp-json\/wp\/v2\/product_tag?post=20993"}],"curies":[{"name":"wp","href":"https:\/\/api.w.org\/{rel}","templated":true}]}}