{"id":20978,"date":"2026-02-03T15:57:32","date_gmt":"2026-02-03T13:57:32","guid":{"rendered":"https:\/\/mekulo.com\/se\/produkt\/kabelband-av-metall\/"},"modified":"2026-02-10T11:42:05","modified_gmt":"2026-02-10T09:42:05","slug":"kabelband-av-metall","status":"publish","type":"product","link":"https:\/\/mekulo.com\/se\/produkt\/kabelband-av-metall\/","title":{"rendered":"Kabelband av metall"},"content":{"rendered":"<p style=\"text-align: center\" data-start=\"0\" data-end=\"69\"><strong data-start=\"0\" data-end=\"69\">S\u00e4kra Kablar Permanent Med Starka, V\u00e4rmebest\u00e4ndiga Metallband. \ud83d\udd25<\/strong><\/p>\n<p data-start=\"0\" data-end=\"69\"><img fetchpriority=\"high\" decoding=\"async\" class=\"size-full wp-image-23134 aligncenter\" src=\"https:\/\/mekulo.com\/template\/wp-content\/uploads\/sites\/6\/2026\/02\/Sd107671b651c4b9b826bd7665f2e37104.jpg\" alt=\"\" width=\"1080\" height=\"1080\" \/><\/p>\n<h2 style=\"text-align: center\" data-start=\"364\" data-end=\"381\"><strong>Huvudf\u00f6rdelar \ud83d\udd12<\/strong><\/h2>\n<p data-start=\"384\" data-end=\"446\">\ud83d\udd12 Sj\u00e4lvl\u00e5sande design &#8211; Starkt grepp utan extra verktyg.<\/p>\n<p data-start=\"449\" data-end=\"506\">\ud83d\udcaa Rostfritt st\u00e5l &#8211; Byggt f\u00f6r tung anv\u00e4ndning.<\/p>\n<p data-start=\"509\" data-end=\"569\">\ud83d\udd25 V\u00e4rmebest\u00e4ndig &#8211; T\u00e5l temperaturer upp till 105 \u2103.<\/p>\n<p data-start=\"572\" data-end=\"646\">\ud83c\udf27\ufe0f Rost &amp; korrosionsbest\u00e4ndig &#8211; L\u00e4mplig f\u00f6r inomhus- och utomhusbruk.<\/p>\n<p data-start=\"649\" data-end=\"707\">\ud83c\udfed Industriell &#8211; Perfekt f\u00f6r tuffa milj\u00f6er.<\/p>\n<p data-start=\"710\" data-end=\"768\">\ud83e\uddf9 Ren organisation &#8211; H\u00e5ller kablarna snygga och s\u00e4kra.<\/p>\n<p data-start=\"710\" data-end=\"768\"><img decoding=\"async\" class=\"size-full wp-image-23132 aligncenter\" src=\"https:\/\/mekulo.com\/template\/wp-content\/uploads\/sites\/6\/2026\/02\/S40fcda5f6dff457883a69e508dca4fbcC.jpg\" alt=\"\" width=\"1080\" height=\"1080\" \/><\/p>\n<h2 style=\"text-align: center\" data-start=\"770\" data-end=\"784\"><strong>Hur Man Anv\u00e4nder \ud83d\udccc<\/strong><\/h2>\n<ol data-start=\"785\" data-end=\"979\">\n<li data-start=\"785\" data-end=\"837\">\n<p data-start=\"788\" data-end=\"837\">Linda buntbandet runt kablarna eller f\u00f6rem\u00e5let.<\/p>\n<\/li>\n<li data-start=\"838\" data-end=\"881\">\n<p data-start=\"841\" data-end=\"881\">F\u00f6r in svansen i l\u00e5shuvudet.<\/p>\n<\/li>\n<li data-start=\"882\" data-end=\"908\">\n<p data-start=\"885\" data-end=\"908\">Dra \u00e5t f\u00f6r att s\u00e4kra.<\/p>\n<\/li>\n<li data-start=\"909\" data-end=\"947\">\n<p data-start=\"912\" data-end=\"947\">Se till att l\u00e5set \u00e4r helt inkopplat.<\/p>\n<\/li>\n<li data-start=\"948\" data-end=\"979\">\n<p data-start=\"951\" data-end=\"979\">Klipp \u00f6verfl\u00f6dig l\u00e4ngd vid behov.<\/p>\n<\/li>\n<\/ol>\n<h2 style=\"text-align: center\" data-start=\"981\" data-end=\"1000\"><strong>Produktdetaljer \ud83d\udccf<\/strong><\/h2>\n<ul data-start=\"1001\" data-end=\"1212\">\n<li data-start=\"1001\" data-end=\"1041\">\n<p data-start=\"1003\" data-end=\"1041\">Material: H\u00f6gkvalitativt rostfritt st\u00e5l<\/p>\n<\/li>\n<li data-start=\"1042\" data-end=\"1080\">\n<p data-start=\"1044\" data-end=\"1080\">Typ: Sj\u00e4lvl\u00e5sande metallkabelband<\/p>\n<\/li>\n<li data-start=\"1081\" data-end=\"1112\">\n<p data-start=\"1083\" data-end=\"1112\">V\u00e4rmebest\u00e4ndighet: Upp till 105 \u2103<\/p>\n<\/li>\n<li data-start=\"1113\" data-end=\"1159\">\n<p data-start=\"1115\" data-end=\"1159\">Egenskaper: Rostbest\u00e4ndigt, korrosionsfritt<\/p>\n<\/li>\n<li data-start=\"1160\" data-end=\"1212\">\n<p data-start=\"1162\" data-end=\"1212\">Anv\u00e4ndningsomr\u00e5den: Hem, kontor, industriella milj\u00f6er<\/p>\n<\/li>\n<\/ul>\n<h2 style=\"text-align: center\" data-start=\"1214\" data-end=\"1234\"><strong>Paketet Inneh\u00e5ller \ud83d\udce6<\/strong><\/h2>\n<ul>\n<li data-start=\"1237\" data-end=\"1289\">20, 50, 100x metallkabelband.<\/li>\n<\/ul>\n","protected":false},"excerpt":{"rendered":"<p>\ud83d\udd0cDe h\u00e4r buntbanden i metall \u00e4r ett p\u00e5litligt s\u00e4tt att bunta och organisera kablar i kr\u00e4vande milj\u00f6er.<br \/>\n\ud83d\udd25De \u00e4r tillverkade av h\u00f6gkvalitativt rostfritt st\u00e5l, l\u00e5ser t\u00e4tt och motst\u00e5r v\u00e4rme, rost och korrosion f\u00f6r l\u00e5ngvarig anv\u00e4ndning.<br \/>\n\ud83c\udfe1Idealiska f\u00f6r situationer d\u00e4r plastband misslyckas och maximal styrka kr\u00e4vs.<\/p>\n","protected":false},"featured_media":20974,"comment_status":"open","ping_status":"closed","template":"","meta":{"site-sidebar-layout":"default","site-content-layout":"","ast-site-content-layout":"default","site-content-style":"default","site-sidebar-style":"default","ast-global-header-display":"","ast-banner-title-visibility":"","ast-main-header-display":"","ast-hfb-above-header-display":"","ast-hfb-below-header-display":"","ast-hfb-mobile-header-display":"","site-post-title":"","ast-breadcrumbs-content":"","ast-featured-img":"","footer-sml-layout":"","theme-transparent-header-meta":"default","adv-header-id-meta":"","stick-header-meta":"","header-above-stick-meta":"","header-main-stick-meta":"","header-below-stick-meta":"","astra-migrate-meta-layouts":"set","ast-page-background-enabled":"default","ast-page-background-meta":{"desktop":{"background-color":"var(--ast-global-color-5)","background-image":"","background-repeat":"repeat","background-position":"center center","background-size":"auto","background-attachment":"scroll","background-type":"","background-media":"","overlay-type":"","overlay-color":"","overlay-opacity":"","overlay-gradient":""},"tablet":{"background-color":"","background-image":"","background-repeat":"repeat","background-position":"center center","background-size":"auto","background-attachment":"scroll","background-type":"","background-media":"","overlay-type":"","overlay-color":"","overlay-opacity":"","overlay-gradient":""},"mobile":{"background-color":"","background-image":"","background-repeat":"repeat","background-position":"center center","background-size":"auto","background-attachment":"scroll","background-type":"","background-media":"","overlay-type":"","overlay-color":"","overlay-opacity":"","overlay-gradient":""}},"ast-content-background-meta":{"desktop":{"background-color":"var(--ast-global-color-4)","background-image":"","background-repeat":"repeat","background-position":"center center","background-size":"auto","background-attachment":"scroll","background-type":"","background-media":"","overlay-type":"","overlay-color":"","overlay-opacity":"","overlay-gradient":""},"tablet":{"background-color":"var(--ast-global-color-4)","background-image":"","background-repeat":"repeat","background-position":"center center","background-size":"auto","background-attachment":"scroll","background-type":"","background-media":"","overlay-type":"","overlay-color":"","overlay-opacity":"","overlay-gradient":""},"mobile":{"background-color":"var(--ast-global-color-4)","background-image":"","background-repeat":"repeat","background-position":"center center","background-size":"auto","background-attachment":"scroll","background-type":"","background-media":"","overlay-type":"","overlay-color":"","overlay-opacity":"","overlay-gradient":""}}},"product_brand":[],"product_cat":[15],"product_tag":[],"class_list":{"0":"post-20978","1":"product","2":"type-product","3":"status-publish","4":"has-post-thumbnail","6":"product_cat-uncategorized","7":"pa_54175_ozhsmd4p-100-st","8":"pa_54175_ozhsmd4p-20-st","9":"pa_54175_ozhsmd4p-50-st","10":"desktop-align-left","11":"tablet-align-left","12":"mobile-align-left","14":"first","15":"instock","16":"shipping-taxable","17":"purchasable","18":"product-type-variable"},"yoast_head":"<!-- This site is optimized with the Yoast SEO plugin v26.6 - https:\/\/yoast.com\/wordpress\/plugins\/seo\/ -->\n<title>Kabelband av metall - Mekulo SE<\/title>\n<meta name=\"robots\" content=\"index, follow, max-snippet:-1, max-image-preview:large, max-video-preview:-1\" \/>\n<link rel=\"canonical\" href=\"https:\/\/mekulo.com\/se\/produkt\/kabelband-av-metall\/\" \/>\n<meta property=\"og:locale\" content=\"en_US\" \/>\n<meta property=\"og:type\" content=\"article\" \/>\n<meta property=\"og:title\" content=\"Kabelband av metall - Mekulo SE\" \/>\n<meta property=\"og:description\" content=\"\ud83d\udd0cDe h\u00e4r buntbanden i metall \u00e4r ett p\u00e5litligt s\u00e4tt att bunta och organisera kablar i kr\u00e4vande milj\u00f6er. \ud83d\udd25De \u00e4r tillverkade av h\u00f6gkvalitativt rostfritt st\u00e5l, l\u00e5ser t\u00e4tt och motst\u00e5r v\u00e4rme, rost och korrosion f\u00f6r l\u00e5ngvarig anv\u00e4ndning. \ud83c\udfe1Idealiska f\u00f6r situationer d\u00e4r plastband misslyckas och maximal styrka kr\u00e4vs.\" \/>\n<meta property=\"og:url\" content=\"https:\/\/mekulo.com\/se\/produkt\/kabelband-av-metall\/\" \/>\n<meta property=\"og:site_name\" content=\"Mekulo SE\" \/>\n<meta property=\"article:modified_time\" content=\"2026-02-10T09:42:05+00:00\" \/>\n<meta property=\"og:image\" content=\"https:\/\/mekulo.com\/se\/wp-content\/uploads\/sites\/11\/2026\/02\/7kzeqs7-1.jpg\" \/>\n\t<meta property=\"og:image:width\" content=\"800\" \/>\n\t<meta property=\"og:image:height\" content=\"800\" \/>\n\t<meta property=\"og:image:type\" content=\"image\/jpeg\" \/>\n<meta name=\"twitter:card\" content=\"summary_large_image\" \/>\n<meta name=\"twitter:label1\" content=\"Est. reading time\" \/>\n\t<meta name=\"twitter:data1\" content=\"2 minutes\" \/>\n<script type=\"application\/ld+json\" class=\"yoast-schema-graph\">{\"@context\":\"https:\/\/schema.org\",\"@graph\":[{\"@type\":\"WebPage\",\"@id\":\"https:\/\/mekulo.com\/se\/produkt\/kabelband-av-metall\/\",\"url\":\"https:\/\/mekulo.com\/se\/produkt\/kabelband-av-metall\/\",\"name\":\"Kabelband av metall - Mekulo SE\",\"isPartOf\":{\"@id\":\"https:\/\/mekulo.com\/se\/#website\"},\"primaryImageOfPage\":{\"@id\":\"https:\/\/mekulo.com\/se\/produkt\/kabelband-av-metall\/#primaryimage\"},\"image\":{\"@id\":\"https:\/\/mekulo.com\/se\/produkt\/kabelband-av-metall\/#primaryimage\"},\"thumbnailUrl\":\"https:\/\/mekulo.com\/se\/wp-content\/uploads\/sites\/11\/2026\/02\/7kzeqs7-1.jpg\",\"datePublished\":\"2026-02-03T13:57:32+00:00\",\"dateModified\":\"2026-02-10T09:42:05+00:00\",\"breadcrumb\":{\"@id\":\"https:\/\/mekulo.com\/se\/produkt\/kabelband-av-metall\/#breadcrumb\"},\"inLanguage\":\"en-US\",\"potentialAction\":[{\"@type\":\"ReadAction\",\"target\":[\"https:\/\/mekulo.com\/se\/produkt\/kabelband-av-metall\/\"]}]},{\"@type\":\"ImageObject\",\"inLanguage\":\"en-US\",\"@id\":\"https:\/\/mekulo.com\/se\/produkt\/kabelband-av-metall\/#primaryimage\",\"url\":\"https:\/\/mekulo.com\/se\/wp-content\/uploads\/sites\/11\/2026\/02\/7kzeqs7-1.jpg\",\"contentUrl\":\"https:\/\/mekulo.com\/se\/wp-content\/uploads\/sites\/11\/2026\/02\/7kzeqs7-1.jpg\",\"width\":800,\"height\":800},{\"@type\":\"BreadcrumbList\",\"@id\":\"https:\/\/mekulo.com\/se\/produkt\/kabelband-av-metall\/#breadcrumb\",\"itemListElement\":[{\"@type\":\"ListItem\",\"position\":1,\"name\":\"Home\",\"item\":\"https:\/\/mekulo.com\/se\/\"},{\"@type\":\"ListItem\",\"position\":2,\"name\":\"Butik\",\"item\":\"https:\/\/mekulo.com\/se\/butik\/\"},{\"@type\":\"ListItem\",\"position\":3,\"name\":\"Kabelband av metall\"}]},{\"@type\":\"WebSite\",\"@id\":\"https:\/\/mekulo.com\/se\/#website\",\"url\":\"https:\/\/mekulo.com\/se\/\",\"name\":\"Mekulo SE\",\"description\":\"\",\"publisher\":{\"@id\":\"https:\/\/mekulo.com\/se\/#organization\"},\"potentialAction\":[{\"@type\":\"SearchAction\",\"target\":{\"@type\":\"EntryPoint\",\"urlTemplate\":\"https:\/\/mekulo.com\/se\/?s={search_term_string}\"},\"query-input\":{\"@type\":\"PropertyValueSpecification\",\"valueRequired\":true,\"valueName\":\"search_term_string\"}}],\"inLanguage\":\"en-US\"},{\"@type\":\"Organization\",\"@id\":\"https:\/\/mekulo.com\/se\/#organization\",\"name\":\"Mekulo\",\"url\":\"https:\/\/mekulo.com\/se\/\",\"logo\":{\"@type\":\"ImageObject\",\"inLanguage\":\"en-US\",\"@id\":\"https:\/\/mekulo.com\/se\/#\/schema\/logo\/image\/\",\"url\":\"https:\/\/mekulo.com\/se\/wp-content\/uploads\/sites\/11\/2025\/12\/favicon_mekulo.png\",\"contentUrl\":\"https:\/\/mekulo.com\/se\/wp-content\/uploads\/sites\/11\/2025\/12\/favicon_mekulo.png\",\"width\":50,\"height\":50,\"caption\":\"Mekulo\"},\"image\":{\"@id\":\"https:\/\/mekulo.com\/se\/#\/schema\/logo\/image\/\"}}]}<\/script>\n<!-- \/ Yoast SEO plugin. -->","yoast_head_json":{"title":"Kabelband av metall - Mekulo SE","robots":{"index":"index","follow":"follow","max-snippet":"max-snippet:-1","max-image-preview":"max-image-preview:large","max-video-preview":"max-video-preview:-1"},"canonical":"https:\/\/mekulo.com\/se\/produkt\/kabelband-av-metall\/","og_locale":"en_US","og_type":"article","og_title":"Kabelband av metall - Mekulo SE","og_description":"\ud83d\udd0cDe h\u00e4r buntbanden i metall \u00e4r ett p\u00e5litligt s\u00e4tt att bunta och organisera kablar i kr\u00e4vande milj\u00f6er. \ud83d\udd25De \u00e4r tillverkade av h\u00f6gkvalitativt rostfritt st\u00e5l, l\u00e5ser t\u00e4tt och motst\u00e5r v\u00e4rme, rost och korrosion f\u00f6r l\u00e5ngvarig anv\u00e4ndning. \ud83c\udfe1Idealiska f\u00f6r situationer d\u00e4r plastband misslyckas och maximal styrka kr\u00e4vs.","og_url":"https:\/\/mekulo.com\/se\/produkt\/kabelband-av-metall\/","og_site_name":"Mekulo SE","article_modified_time":"2026-02-10T09:42:05+00:00","og_image":[{"width":800,"height":800,"url":"https:\/\/mekulo.com\/se\/wp-content\/uploads\/sites\/11\/2026\/02\/7kzeqs7-1.jpg","type":"image\/jpeg"}],"twitter_card":"summary_large_image","twitter_misc":{"Est. reading time":"2 minutes"},"schema":{"@context":"https:\/\/schema.org","@graph":[{"@type":"WebPage","@id":"https:\/\/mekulo.com\/se\/produkt\/kabelband-av-metall\/","url":"https:\/\/mekulo.com\/se\/produkt\/kabelband-av-metall\/","name":"Kabelband av metall - Mekulo SE","isPartOf":{"@id":"https:\/\/mekulo.com\/se\/#website"},"primaryImageOfPage":{"@id":"https:\/\/mekulo.com\/se\/produkt\/kabelband-av-metall\/#primaryimage"},"image":{"@id":"https:\/\/mekulo.com\/se\/produkt\/kabelband-av-metall\/#primaryimage"},"thumbnailUrl":"https:\/\/mekulo.com\/se\/wp-content\/uploads\/sites\/11\/2026\/02\/7kzeqs7-1.jpg","datePublished":"2026-02-03T13:57:32+00:00","dateModified":"2026-02-10T09:42:05+00:00","breadcrumb":{"@id":"https:\/\/mekulo.com\/se\/produkt\/kabelband-av-metall\/#breadcrumb"},"inLanguage":"en-US","potentialAction":[{"@type":"ReadAction","target":["https:\/\/mekulo.com\/se\/produkt\/kabelband-av-metall\/"]}]},{"@type":"ImageObject","inLanguage":"en-US","@id":"https:\/\/mekulo.com\/se\/produkt\/kabelband-av-metall\/#primaryimage","url":"https:\/\/mekulo.com\/se\/wp-content\/uploads\/sites\/11\/2026\/02\/7kzeqs7-1.jpg","contentUrl":"https:\/\/mekulo.com\/se\/wp-content\/uploads\/sites\/11\/2026\/02\/7kzeqs7-1.jpg","width":800,"height":800},{"@type":"BreadcrumbList","@id":"https:\/\/mekulo.com\/se\/produkt\/kabelband-av-metall\/#breadcrumb","itemListElement":[{"@type":"ListItem","position":1,"name":"Home","item":"https:\/\/mekulo.com\/se\/"},{"@type":"ListItem","position":2,"name":"Butik","item":"https:\/\/mekulo.com\/se\/butik\/"},{"@type":"ListItem","position":3,"name":"Kabelband av metall"}]},{"@type":"WebSite","@id":"https:\/\/mekulo.com\/se\/#website","url":"https:\/\/mekulo.com\/se\/","name":"Mekulo SE","description":"","publisher":{"@id":"https:\/\/mekulo.com\/se\/#organization"},"potentialAction":[{"@type":"SearchAction","target":{"@type":"EntryPoint","urlTemplate":"https:\/\/mekulo.com\/se\/?s={search_term_string}"},"query-input":{"@type":"PropertyValueSpecification","valueRequired":true,"valueName":"search_term_string"}}],"inLanguage":"en-US"},{"@type":"Organization","@id":"https:\/\/mekulo.com\/se\/#organization","name":"Mekulo","url":"https:\/\/mekulo.com\/se\/","logo":{"@type":"ImageObject","inLanguage":"en-US","@id":"https:\/\/mekulo.com\/se\/#\/schema\/logo\/image\/","url":"https:\/\/mekulo.com\/se\/wp-content\/uploads\/sites\/11\/2025\/12\/favicon_mekulo.png","contentUrl":"https:\/\/mekulo.com\/se\/wp-content\/uploads\/sites\/11\/2025\/12\/favicon_mekulo.png","width":50,"height":50,"caption":"Mekulo"},"image":{"@id":"https:\/\/mekulo.com\/se\/#\/schema\/logo\/image\/"}}]}},"_links":{"self":[{"href":"https:\/\/mekulo.com\/se\/wp-json\/wp\/v2\/product\/20978","targetHints":{"allow":["GET"]}}],"collection":[{"href":"https:\/\/mekulo.com\/se\/wp-json\/wp\/v2\/product"}],"about":[{"href":"https:\/\/mekulo.com\/se\/wp-json\/wp\/v2\/types\/product"}],"replies":[{"embeddable":true,"href":"https:\/\/mekulo.com\/se\/wp-json\/wp\/v2\/comments?post=20978"}],"wp:featuredmedia":[{"embeddable":true,"href":"https:\/\/mekulo.com\/se\/wp-json\/wp\/v2\/media\/20974"}],"wp:attachment":[{"href":"https:\/\/mekulo.com\/se\/wp-json\/wp\/v2\/media?parent=20978"}],"wp:term":[{"taxonomy":"product_brand","embeddable":true,"href":"https:\/\/mekulo.com\/se\/wp-json\/wp\/v2\/product_brand?post=20978"},{"taxonomy":"product_cat","embeddable":true,"href":"https:\/\/mekulo.com\/se\/wp-json\/wp\/v2\/product_cat?post=20978"},{"taxonomy":"product_tag","embeddable":true,"href":"https:\/\/mekulo.com\/se\/wp-json\/wp\/v2\/product_tag?post=20978"}],"curies":[{"name":"wp","href":"https:\/\/api.w.org\/{rel}","templated":true}]}}