{"id":20922,"date":"2026-02-03T15:52:18","date_gmt":"2026-02-03T13:52:18","guid":{"rendered":"https:\/\/mekulo.com\/se\/produkt\/magnetisk-sugkrok-for-bilar-5-st\/"},"modified":"2026-02-03T15:52:25","modified_gmt":"2026-02-03T13:52:25","slug":"magnetisk-sugkrok-for-bilar-5-st","status":"publish","type":"product","link":"https:\/\/mekulo.com\/se\/produkt\/magnetisk-sugkrok-for-bilar-5-st\/","title":{"rendered":"Magnetisk sugkrok f\u00f6r bilar (5 st)"},"content":{"rendered":"<p style=\"text-align: center\" data-start=\"0\" data-end=\"62\"><strong data-start=\"0\" data-end=\"62\">S\u00e4kra din fiskekrok s\u00e4kert utan att skada ditt sp\u00f6. \ud83d\udc1f<\/strong><\/p>\n<p data-start=\"0\" data-end=\"62\"><img fetchpriority=\"high\" decoding=\"async\" class=\"size-full wp-image-23088 aligncenter\" src=\"https:\/\/mekulo.com\/template\/wp-content\/uploads\/sites\/6\/2026\/01\/35e0235997b715163e9aed694f8546a5c7bcaa32-700.jpg\" alt=\"\" width=\"1080\" height=\"1080\" \/><\/p>\n<h2 style=\"text-align: center\" data-start=\"358\" data-end=\"375\">Huvudf\u00f6rdelar \ud83c\udfa3<\/h2>\n<p data-start=\"378\" data-end=\"439\">\ud83e\uddf2 Starkt magnetiskt grepp \u2013 H\u00e5ller krokar s\u00e4kert p\u00e5 plats.<\/p>\n<p data-start=\"442\" data-end=\"500\">\ud83c\udfa3 Rod-s\u00e4ker design \u2013 Kommer inte att repa guider eller handtag.<\/p>\n<p data-start=\"503\" data-end=\"557\">\ud83e\uddf0 Enkel installation \u2013 Inga verktyg eller f\u00e4rdigheter beh\u00f6vs.<\/p>\n<p data-start=\"560\" data-end=\"615\">\ud83c\udf92 Kompakt &amp; l\u00e4ttvikt \u2013 L\u00e4tt att b\u00e4ra var som helst.<\/p>\n<p data-start=\"618\" data-end=\"687\">\ud83d\udcaa H\u00e5llbara material \u2013 Tillverkad av stark ABS, gummi och magnet.<\/p>\n<p data-start=\"690\" data-end=\"746\">\ud83c\udf81 Bra presentid\u00e9 \u2013 Perfekt f\u00f6r alla fiske\u00e4lskare.<\/p>\n<p data-start=\"690\" data-end=\"746\"><img decoding=\"async\" class=\"size-full wp-image-23089 aligncenter\" src=\"https:\/\/mekulo.com\/template\/wp-content\/uploads\/sites\/6\/2026\/01\/2e1ce28d91f5c2aa4cdd7f8a2706ef02012a21d2-700.jpg\" alt=\"\" width=\"1080\" height=\"1080\" \/><\/p>\n<h2 style=\"text-align: center\" data-start=\"748\" data-end=\"762\">Hur man anv\u00e4nder \ud83d\udccc<\/h2>\n<ol data-start=\"763\" data-end=\"970\">\n<li data-start=\"763\" data-end=\"810\">\n<p data-start=\"766\" data-end=\"810\">Placera krokh\u00e5llaren p\u00e5 ditt fiskesp\u00f6.<\/p>\n<\/li>\n<li data-start=\"811\" data-end=\"849\">\n<p data-start=\"814\" data-end=\"849\">F\u00e4st den s\u00e4kert utan verktyg.<\/p>\n<\/li>\n<li data-start=\"850\" data-end=\"896\">\n<p data-start=\"853\" data-end=\"896\">Sn\u00e4pp fast kroken p\u00e5 den magnetiska ytan.<\/p>\n<\/li>\n<li data-start=\"897\" data-end=\"933\">\n<p data-start=\"900\" data-end=\"933\">B\u00e4r eller f\u00f6rvara ditt sp\u00f6 s\u00e4kert.<\/p>\n<\/li>\n<li data-start=\"934\" data-end=\"970\">\n<p data-start=\"937\" data-end=\"970\">Ta enkelt bort n\u00e4r du \u00e4r redo att fiska.<\/p>\n<\/li>\n<\/ol>\n<h2 style=\"text-align: center\" data-start=\"972\" data-end=\"991\">Produktdetaljer \ud83d\udccf<\/h2>\n<ul data-start=\"992\" data-end=\"1148\">\n<li data-start=\"992\" data-end=\"1023\">\n<p data-start=\"994\" data-end=\"1023\">Material: Gummi och magnet<\/p>\n<\/li>\n<li data-start=\"1024\" data-end=\"1071\">\n<p data-start=\"1026\" data-end=\"1071\">Storlek: Cirka 3,8 x 1,2 cm<\/p>\n<\/li>\n<li data-start=\"1072\" data-end=\"1095\">\n<p data-start=\"1074\" data-end=\"1095\">Vikt: Cirka 8 g<\/p>\n<\/li>\n<li data-start=\"1116\" data-end=\"1148\">\n<p data-start=\"1118\" data-end=\"1148\">Anv\u00e4ndning: Krokh\u00e5llare f\u00f6r fiskesp\u00f6<\/p>\n<\/li>\n<\/ul>\n<h2 style=\"text-align: center\" data-start=\"1150\" data-end=\"1170\">Paketet inneh\u00e5ller \ud83d\udce6<\/h2>\n<ul data-start=\"1171\" data-end=\"1203\" data-is-last-node=\"\" data-is-only-node=\"\">\n<li data-start=\"1171\" data-end=\"1203\" data-is-last-node=\"\">\n<p data-start=\"1173\" data-end=\"1203\" data-is-last-node=\"\">5x magnetiska sugkrokar<\/p>\n<\/li>\n<li data-start=\"1171\" data-end=\"1203\" data-is-last-node=\"\">\n<p data-start=\"1173\" data-end=\"1203\" data-is-last-node=\"\">5x O-ringar av gummi (1,4 cm)<\/p>\n<\/li>\n<li data-start=\"1171\" data-end=\"1203\" data-is-last-node=\"\">\n<p data-start=\"1173\" data-end=\"1203\" data-is-last-node=\"\">5x O-ringar av gummi (1,9 cm).<\/p>\n<\/li>\n<\/ul>\n","protected":false},"excerpt":{"rendered":"<p>\ud83e\uddf2Den h\u00e4r magnetiska sugkroken h\u00e5ller din fiskekrok stadigt p\u00e5 plats under transport och f\u00f6rvaring.<br \/>\n\ud83c\udfa3Det starka magnetiska greppet f\u00f6rhindrar sv\u00e4ngande krokar samtidigt som det skyddar ditt sp\u00f6 fr\u00e5n repor.<br \/>\n\ud83d\udca6Ett litet men viktigt tillbeh\u00f6r som h\u00e5ller din fiskeutrustning organiserad, s\u00e4ker och redo att anv\u00e4ndas.<\/p>\n","protected":false},"featured_media":20918,"comment_status":"open","ping_status":"closed","template":"","meta":{"site-sidebar-layout":"default","site-content-layout":"","ast-site-content-layout":"default","site-content-style":"default","site-sidebar-style":"default","ast-global-header-display":"","ast-banner-title-visibility":"","ast-main-header-display":"","ast-hfb-above-header-display":"","ast-hfb-below-header-display":"","ast-hfb-mobile-header-display":"","site-post-title":"","ast-breadcrumbs-content":"","ast-featured-img":"","footer-sml-layout":"","theme-transparent-header-meta":"default","adv-header-id-meta":"","stick-header-meta":"","header-above-stick-meta":"","header-main-stick-meta":"","header-below-stick-meta":"","astra-migrate-meta-layouts":"set","ast-page-background-enabled":"default","ast-page-background-meta":{"desktop":{"background-color":"var(--ast-global-color-5)","background-image":"","background-repeat":"repeat","background-position":"center center","background-size":"auto","background-attachment":"scroll","background-type":"","background-media":"","overlay-type":"","overlay-color":"","overlay-opacity":"","overlay-gradient":""},"tablet":{"background-color":"","background-image":"","background-repeat":"repeat","background-position":"center center","background-size":"auto","background-attachment":"scroll","background-type":"","background-media":"","overlay-type":"","overlay-color":"","overlay-opacity":"","overlay-gradient":""},"mobile":{"background-color":"","background-image":"","background-repeat":"repeat","background-position":"center center","background-size":"auto","background-attachment":"scroll","background-type":"","background-media":"","overlay-type":"","overlay-color":"","overlay-opacity":"","overlay-gradient":""}},"ast-content-background-meta":{"desktop":{"background-color":"var(--ast-global-color-4)","background-image":"","background-repeat":"repeat","background-position":"center center","background-size":"auto","background-attachment":"scroll","background-type":"","background-media":"","overlay-type":"","overlay-color":"","overlay-opacity":"","overlay-gradient":""},"tablet":{"background-color":"var(--ast-global-color-4)","background-image":"","background-repeat":"repeat","background-position":"center center","background-size":"auto","background-attachment":"scroll","background-type":"","background-media":"","overlay-type":"","overlay-color":"","overlay-opacity":"","overlay-gradient":""},"mobile":{"background-color":"var(--ast-global-color-4)","background-image":"","background-repeat":"repeat","background-position":"center center","background-size":"auto","background-attachment":"scroll","background-type":"","background-media":"","overlay-type":"","overlay-color":"","overlay-opacity":"","overlay-gradient":""}}},"product_brand":[],"product_cat":[167],"product_tag":[],"class_list":{"0":"post-20922","1":"product","2":"type-product","3":"status-publish","4":"has-post-thumbnail","6":"product_cat-vandring-camping-och-fritidsartiklar","7":"pa_54143_lt4w3i49-gra","8":"pa_54143_lt4w3i49-svart","9":"desktop-align-left","10":"tablet-align-left","11":"mobile-align-left","13":"first","14":"instock","15":"shipping-taxable","16":"purchasable","17":"product-type-variable"},"yoast_head":"<!-- This site is optimized with the Yoast SEO plugin v26.6 - https:\/\/yoast.com\/wordpress\/plugins\/seo\/ -->\n<title>Magnetisk sugkrok f\u00f6r bilar (5 st) - Mekulo SE<\/title>\n<meta name=\"robots\" content=\"index, follow, max-snippet:-1, max-image-preview:large, max-video-preview:-1\" \/>\n<link rel=\"canonical\" href=\"https:\/\/mekulo.com\/se\/produkt\/magnetisk-sugkrok-for-bilar-5-st\/\" \/>\n<meta property=\"og:locale\" content=\"sv_SE\" \/>\n<meta property=\"og:type\" content=\"article\" \/>\n<meta property=\"og:title\" content=\"Magnetisk sugkrok f\u00f6r bilar (5 st) - Mekulo SE\" \/>\n<meta property=\"og:description\" content=\"\ud83e\uddf2Den h\u00e4r magnetiska sugkroken h\u00e5ller din fiskekrok stadigt p\u00e5 plats under transport och f\u00f6rvaring. \ud83c\udfa3Det starka magnetiska greppet f\u00f6rhindrar sv\u00e4ngande krokar samtidigt som det skyddar ditt sp\u00f6 fr\u00e5n repor. \ud83d\udca6Ett litet men viktigt tillbeh\u00f6r som h\u00e5ller din fiskeutrustning organiserad, s\u00e4ker och redo att anv\u00e4ndas.\" \/>\n<meta property=\"og:url\" content=\"https:\/\/mekulo.com\/se\/produkt\/magnetisk-sugkrok-for-bilar-5-st\/\" \/>\n<meta property=\"og:site_name\" content=\"Mekulo SE\" \/>\n<meta property=\"article:modified_time\" content=\"2026-02-03T13:52:25+00:00\" \/>\n<meta property=\"og:image\" content=\"https:\/\/mekulo.com\/se\/wp-content\/uploads\/sites\/11\/2026\/02\/h8q7tuf-1.jpg\" \/>\n\t<meta property=\"og:image:width\" content=\"1080\" \/>\n\t<meta property=\"og:image:height\" content=\"1080\" \/>\n\t<meta property=\"og:image:type\" content=\"image\/jpeg\" \/>\n<meta name=\"twitter:card\" content=\"summary_large_image\" \/>\n<meta name=\"twitter:label1\" content=\"Ber\u00e4knad l\u00e4stid\" \/>\n\t<meta name=\"twitter:data1\" content=\"2 minuter\" \/>\n<script type=\"application\/ld+json\" class=\"yoast-schema-graph\">{\"@context\":\"https:\/\/schema.org\",\"@graph\":[{\"@type\":\"WebPage\",\"@id\":\"https:\/\/mekulo.com\/se\/produkt\/magnetisk-sugkrok-for-bilar-5-st\/\",\"url\":\"https:\/\/mekulo.com\/se\/produkt\/magnetisk-sugkrok-for-bilar-5-st\/\",\"name\":\"Magnetisk sugkrok f\u00f6r bilar (5 st) - Mekulo SE\",\"isPartOf\":{\"@id\":\"https:\/\/mekulo.com\/se\/#website\"},\"primaryImageOfPage\":{\"@id\":\"https:\/\/mekulo.com\/se\/produkt\/magnetisk-sugkrok-for-bilar-5-st\/#primaryimage\"},\"image\":{\"@id\":\"https:\/\/mekulo.com\/se\/produkt\/magnetisk-sugkrok-for-bilar-5-st\/#primaryimage\"},\"thumbnailUrl\":\"https:\/\/mekulo.com\/se\/wp-content\/uploads\/sites\/11\/2026\/02\/h8q7tuf-1.jpg\",\"datePublished\":\"2026-02-03T13:52:18+00:00\",\"dateModified\":\"2026-02-03T13:52:25+00:00\",\"breadcrumb\":{\"@id\":\"https:\/\/mekulo.com\/se\/produkt\/magnetisk-sugkrok-for-bilar-5-st\/#breadcrumb\"},\"inLanguage\":\"sv-SE\",\"potentialAction\":[{\"@type\":\"ReadAction\",\"target\":[\"https:\/\/mekulo.com\/se\/produkt\/magnetisk-sugkrok-for-bilar-5-st\/\"]}]},{\"@type\":\"ImageObject\",\"inLanguage\":\"sv-SE\",\"@id\":\"https:\/\/mekulo.com\/se\/produkt\/magnetisk-sugkrok-for-bilar-5-st\/#primaryimage\",\"url\":\"https:\/\/mekulo.com\/se\/wp-content\/uploads\/sites\/11\/2026\/02\/h8q7tuf-1.jpg\",\"contentUrl\":\"https:\/\/mekulo.com\/se\/wp-content\/uploads\/sites\/11\/2026\/02\/h8q7tuf-1.jpg\",\"width\":1080,\"height\":1080},{\"@type\":\"BreadcrumbList\",\"@id\":\"https:\/\/mekulo.com\/se\/produkt\/magnetisk-sugkrok-for-bilar-5-st\/#breadcrumb\",\"itemListElement\":[{\"@type\":\"ListItem\",\"position\":1,\"name\":\"Home\",\"item\":\"https:\/\/mekulo.com\/se\/\"},{\"@type\":\"ListItem\",\"position\":2,\"name\":\"Butik\",\"item\":\"https:\/\/mekulo.com\/se\/butik\/\"},{\"@type\":\"ListItem\",\"position\":3,\"name\":\"Magnetisk sugkrok f\u00f6r bilar (5 st)\"}]},{\"@type\":\"WebSite\",\"@id\":\"https:\/\/mekulo.com\/se\/#website\",\"url\":\"https:\/\/mekulo.com\/se\/\",\"name\":\"Mekulo SE\",\"description\":\"\",\"publisher\":{\"@id\":\"https:\/\/mekulo.com\/se\/#organization\"},\"potentialAction\":[{\"@type\":\"SearchAction\",\"target\":{\"@type\":\"EntryPoint\",\"urlTemplate\":\"https:\/\/mekulo.com\/se\/?s={search_term_string}\"},\"query-input\":{\"@type\":\"PropertyValueSpecification\",\"valueRequired\":true,\"valueName\":\"search_term_string\"}}],\"inLanguage\":\"sv-SE\"},{\"@type\":\"Organization\",\"@id\":\"https:\/\/mekulo.com\/se\/#organization\",\"name\":\"Mekulo\",\"url\":\"https:\/\/mekulo.com\/se\/\",\"logo\":{\"@type\":\"ImageObject\",\"inLanguage\":\"sv-SE\",\"@id\":\"https:\/\/mekulo.com\/se\/#\/schema\/logo\/image\/\",\"url\":\"https:\/\/mekulo.com\/se\/wp-content\/uploads\/sites\/11\/2025\/12\/favicon_mekulo.png\",\"contentUrl\":\"https:\/\/mekulo.com\/se\/wp-content\/uploads\/sites\/11\/2025\/12\/favicon_mekulo.png\",\"width\":50,\"height\":50,\"caption\":\"Mekulo\"},\"image\":{\"@id\":\"https:\/\/mekulo.com\/se\/#\/schema\/logo\/image\/\"}}]}<\/script>\n<!-- \/ Yoast SEO plugin. -->","yoast_head_json":{"title":"Magnetisk sugkrok f\u00f6r bilar (5 st) - Mekulo SE","robots":{"index":"index","follow":"follow","max-snippet":"max-snippet:-1","max-image-preview":"max-image-preview:large","max-video-preview":"max-video-preview:-1"},"canonical":"https:\/\/mekulo.com\/se\/produkt\/magnetisk-sugkrok-for-bilar-5-st\/","og_locale":"sv_SE","og_type":"article","og_title":"Magnetisk sugkrok f\u00f6r bilar (5 st) - Mekulo SE","og_description":"\ud83e\uddf2Den h\u00e4r magnetiska sugkroken h\u00e5ller din fiskekrok stadigt p\u00e5 plats under transport och f\u00f6rvaring. \ud83c\udfa3Det starka magnetiska greppet f\u00f6rhindrar sv\u00e4ngande krokar samtidigt som det skyddar ditt sp\u00f6 fr\u00e5n repor. \ud83d\udca6Ett litet men viktigt tillbeh\u00f6r som h\u00e5ller din fiskeutrustning organiserad, s\u00e4ker och redo att anv\u00e4ndas.","og_url":"https:\/\/mekulo.com\/se\/produkt\/magnetisk-sugkrok-for-bilar-5-st\/","og_site_name":"Mekulo SE","article_modified_time":"2026-02-03T13:52:25+00:00","og_image":[{"width":1080,"height":1080,"url":"https:\/\/mekulo.com\/se\/wp-content\/uploads\/sites\/11\/2026\/02\/h8q7tuf-1.jpg","type":"image\/jpeg"}],"twitter_card":"summary_large_image","twitter_misc":{"Ber\u00e4knad l\u00e4stid":"2 minuter"},"schema":{"@context":"https:\/\/schema.org","@graph":[{"@type":"WebPage","@id":"https:\/\/mekulo.com\/se\/produkt\/magnetisk-sugkrok-for-bilar-5-st\/","url":"https:\/\/mekulo.com\/se\/produkt\/magnetisk-sugkrok-for-bilar-5-st\/","name":"Magnetisk sugkrok f\u00f6r bilar (5 st) - Mekulo SE","isPartOf":{"@id":"https:\/\/mekulo.com\/se\/#website"},"primaryImageOfPage":{"@id":"https:\/\/mekulo.com\/se\/produkt\/magnetisk-sugkrok-for-bilar-5-st\/#primaryimage"},"image":{"@id":"https:\/\/mekulo.com\/se\/produkt\/magnetisk-sugkrok-for-bilar-5-st\/#primaryimage"},"thumbnailUrl":"https:\/\/mekulo.com\/se\/wp-content\/uploads\/sites\/11\/2026\/02\/h8q7tuf-1.jpg","datePublished":"2026-02-03T13:52:18+00:00","dateModified":"2026-02-03T13:52:25+00:00","breadcrumb":{"@id":"https:\/\/mekulo.com\/se\/produkt\/magnetisk-sugkrok-for-bilar-5-st\/#breadcrumb"},"inLanguage":"sv-SE","potentialAction":[{"@type":"ReadAction","target":["https:\/\/mekulo.com\/se\/produkt\/magnetisk-sugkrok-for-bilar-5-st\/"]}]},{"@type":"ImageObject","inLanguage":"sv-SE","@id":"https:\/\/mekulo.com\/se\/produkt\/magnetisk-sugkrok-for-bilar-5-st\/#primaryimage","url":"https:\/\/mekulo.com\/se\/wp-content\/uploads\/sites\/11\/2026\/02\/h8q7tuf-1.jpg","contentUrl":"https:\/\/mekulo.com\/se\/wp-content\/uploads\/sites\/11\/2026\/02\/h8q7tuf-1.jpg","width":1080,"height":1080},{"@type":"BreadcrumbList","@id":"https:\/\/mekulo.com\/se\/produkt\/magnetisk-sugkrok-for-bilar-5-st\/#breadcrumb","itemListElement":[{"@type":"ListItem","position":1,"name":"Home","item":"https:\/\/mekulo.com\/se\/"},{"@type":"ListItem","position":2,"name":"Butik","item":"https:\/\/mekulo.com\/se\/butik\/"},{"@type":"ListItem","position":3,"name":"Magnetisk sugkrok f\u00f6r bilar (5 st)"}]},{"@type":"WebSite","@id":"https:\/\/mekulo.com\/se\/#website","url":"https:\/\/mekulo.com\/se\/","name":"Mekulo SE","description":"","publisher":{"@id":"https:\/\/mekulo.com\/se\/#organization"},"potentialAction":[{"@type":"SearchAction","target":{"@type":"EntryPoint","urlTemplate":"https:\/\/mekulo.com\/se\/?s={search_term_string}"},"query-input":{"@type":"PropertyValueSpecification","valueRequired":true,"valueName":"search_term_string"}}],"inLanguage":"sv-SE"},{"@type":"Organization","@id":"https:\/\/mekulo.com\/se\/#organization","name":"Mekulo","url":"https:\/\/mekulo.com\/se\/","logo":{"@type":"ImageObject","inLanguage":"sv-SE","@id":"https:\/\/mekulo.com\/se\/#\/schema\/logo\/image\/","url":"https:\/\/mekulo.com\/se\/wp-content\/uploads\/sites\/11\/2025\/12\/favicon_mekulo.png","contentUrl":"https:\/\/mekulo.com\/se\/wp-content\/uploads\/sites\/11\/2025\/12\/favicon_mekulo.png","width":50,"height":50,"caption":"Mekulo"},"image":{"@id":"https:\/\/mekulo.com\/se\/#\/schema\/logo\/image\/"}}]}},"_links":{"self":[{"href":"https:\/\/mekulo.com\/se\/wp-json\/wp\/v2\/product\/20922","targetHints":{"allow":["GET"]}}],"collection":[{"href":"https:\/\/mekulo.com\/se\/wp-json\/wp\/v2\/product"}],"about":[{"href":"https:\/\/mekulo.com\/se\/wp-json\/wp\/v2\/types\/product"}],"replies":[{"embeddable":true,"href":"https:\/\/mekulo.com\/se\/wp-json\/wp\/v2\/comments?post=20922"}],"wp:featuredmedia":[{"embeddable":true,"href":"https:\/\/mekulo.com\/se\/wp-json\/wp\/v2\/media\/20918"}],"wp:attachment":[{"href":"https:\/\/mekulo.com\/se\/wp-json\/wp\/v2\/media?parent=20922"}],"wp:term":[{"taxonomy":"product_brand","embeddable":true,"href":"https:\/\/mekulo.com\/se\/wp-json\/wp\/v2\/product_brand?post=20922"},{"taxonomy":"product_cat","embeddable":true,"href":"https:\/\/mekulo.com\/se\/wp-json\/wp\/v2\/product_cat?post=20922"},{"taxonomy":"product_tag","embeddable":true,"href":"https:\/\/mekulo.com\/se\/wp-json\/wp\/v2\/product_tag?post=20922"}],"curies":[{"name":"wp","href":"https:\/\/api.w.org\/{rel}","templated":true}]}}