{"id":20870,"date":"2026-02-03T15:47:36","date_gmt":"2026-02-03T13:47:36","guid":{"rendered":"https:\/\/mekulo.com\/se\/produkt\/kran-vinkelventil-utdragare\/"},"modified":"2026-02-03T15:47:47","modified_gmt":"2026-02-03T13:47:47","slug":"kran-vinkelventil-utdragare","status":"publish","type":"product","link":"https:\/\/mekulo.com\/se\/produkt\/kran-vinkelventil-utdragare\/","title":{"rendered":"Kran vinkelventil utdragare"},"content":{"rendered":"<div class=\"flex flex-col text-sm pb-25\">\n<article class=\"text-token-text-primary w-full focus:outline-none [--shadow-height:45px] has-data-writing-block:pointer-events-none has-data-writing-block:-mt-(--shadow-height) has-data-writing-block:pt-(--shadow-height) [&amp;:has([data-writing-block])&gt;*]:pointer-events-auto scroll-mt-[calc(var(--header-height)+min(200px,max(70px,20svh)))]\" dir=\"auto\" data-turn-id=\"request-69788f7d-d97c-832a-a512-ce7bdd364928-8\" data-testid=\"conversation-turn-66\" data-scroll-anchor=\"true\" data-turn=\"assistant\">\n<div class=\"text-base my-auto mx-auto pb-10 [--thread-content-margin:--spacing(4)] @w-sm\/main:[--thread-content-margin:--spacing(6)] @w-lg\/main:[--thread-content-margin:--spacing(16)] px-(--thread-content-margin)\">\n<div class=\"[--thread-content-max-width:40rem] @w-lg\/main:[--thread-content-max-width:48rem] mx-auto max-w-(--thread-content-max-width) flex-1 group\/turn-messages focus-visible:outline-hidden relative flex w-full min-w-0 flex-col agent-turn\">\n<div class=\"flex max-w-full flex-col grow\">\n<div class=\"min-h-8 text-message relative flex w-full flex-col items-end gap-2 text-start break-words whitespace-normal [.text-message+&amp;]:mt-1\" dir=\"auto\" data-message-author-role=\"assistant\" data-message-id=\"bd506e6b-b441-48ad-80c4-efe02a06900f\" data-message-model-slug=\"gpt-5-2\">\n<div class=\"flex w-full flex-col gap-1 empty:hidden first:pt-[1px]\">\n<div class=\"markdown prose dark:prose-invert w-full wrap-break-word light markdown-new-styling\">\n<p style=\"text-align: center\" data-start=\"0\" data-end=\"77\"><strong data-start=\"0\" data-end=\"77\">Ta Bort Trasiga Kranvinkelventilskruvar Snabbt Utan Skador Eller Stress. \ud83d\udca6<\/strong><\/p>\n<p data-start=\"0\" data-end=\"77\"><img fetchpriority=\"high\" decoding=\"async\" class=\"size-full wp-image-22730 aligncenter\" src=\"https:\/\/mekulo.com\/template\/wp-content\/uploads\/sites\/6\/2026\/01\/09a0d543d6267765c2d2a63d18c15de70b173f9e-700.png\" alt=\"\" width=\"700\" height=\"700\" \/><\/p>\n<h2 style=\"text-align: center\" data-start=\"365\" data-end=\"382\">Huvudf\u00f6rdelar \ud83d\udd27<\/h2>\n<p data-start=\"385\" data-end=\"450\">\ud83d\udd27 4-punkts &amp; 6-punkts design &#8211; Hanterar olika skruvtyper.<\/p>\n<p data-start=\"453\" data-end=\"517\">\ud83d\udd04 Stark greppkraft &#8211; Tar bort trasiga och fastnade skruvar.<\/p>\n<p data-start=\"520\" data-end=\"576\">\u270b L\u00e4tt att anv\u00e4nda &#8211; Enkel anv\u00e4ndning med fast kontroll.<\/p>\n<p data-start=\"579\" data-end=\"634\">\ud83d\udcaa H\u00e5llbar konstruktion &#8211; Byggd f\u00f6r l\u00e5ngvarig anv\u00e4ndning.<\/p>\n<p data-start=\"637\" data-end=\"709\">\ud83c\udfe0 Multifunktionsverktyg &#8211; Perfekt f\u00f6r VVS-, hem- och bilreparationer.<\/p>\n<p data-start=\"712\" data-end=\"773\">\u23f1\ufe0f Tidsbesparande l\u00f6sning &#8211; Ingen borrning eller skadade delar.<\/p>\n<p data-start=\"712\" data-end=\"773\"><img decoding=\"async\" class=\"size-full wp-image-22736 aligncenter\" src=\"https:\/\/mekulo.com\/template\/wp-content\/uploads\/sites\/6\/2026\/01\/Sb7fc3ce77a8d4c86bfeacb2af9f63c1aZ.jpg_960x960q75.jpg_.avif\" alt=\"\" width=\"800\" height=\"800\" \/><\/p>\n<h2 style=\"text-align: center\" data-start=\"775\" data-end=\"789\">Anv\u00e4ndning \ud83d\udccc<\/h2>\n<ol data-start=\"790\" data-end=\"1003\">\n<li data-start=\"790\" data-end=\"837\">\n<p data-start=\"793\" data-end=\"837\">Placera utdragaren \u00f6ver den trasiga skruven.<\/p>\n<\/li>\n<li data-start=\"838\" data-end=\"889\">\n<p data-start=\"841\" data-end=\"889\">S\u00e4tt i och dra \u00e5t insexnyckeln f\u00f6r att s\u00e4kra den.<\/p>\n<\/li>\n<li data-start=\"890\" data-end=\"932\">\n<p data-start=\"893\" data-end=\"932\">Vrid utdragaren moturs.<\/p>\n<\/li>\n<li data-start=\"933\" data-end=\"964\">\n<p data-start=\"936\" data-end=\"964\">Ta bort skruven smidigt.<\/p>\n<\/li>\n<li data-start=\"965\" data-end=\"1003\">\n<p data-start=\"968\" data-end=\"1003\">Reng\u00f6r och f\u00f6rvara verktyget efter anv\u00e4ndning.<\/p>\n<\/li>\n<\/ol>\n<h2 style=\"text-align: center\" data-start=\"1005\" data-end=\"1024\">Produktdetaljer \ud83d\udccf<\/h2>\n<ul data-start=\"1025\" data-end=\"1231\">\n<li data-start=\"1025\" data-end=\"1062\">\n<p data-start=\"1027\" data-end=\"1062\">Verktygstyp: Skruvdragare<\/p>\n<\/li>\n<li data-start=\"1063\" data-end=\"1099\">\n<p data-start=\"1065\" data-end=\"1099\">Design: 4-punkts- och 6-punktsgrepp<\/p>\n<\/li>\n<li data-start=\"1100\" data-end=\"1130\">\n<p data-start=\"1102\" data-end=\"1130\">Operation: Manuell rotation<\/p>\n<\/li>\n<li data-start=\"1131\" data-end=\"1171\">\n<p data-start=\"1133\" data-end=\"1171\">Material: H\u00f6gkvalitativ h\u00e5llbar metall<\/p>\n<\/li>\n<li data-start=\"1172\" data-end=\"1231\">\n<p data-start=\"1174\" data-end=\"1231\">Applikation: Vinkelventiler f\u00f6r kranar, VVS, DIY-reparationer<\/p>\n<\/li>\n<li data-start=\"1172\" data-end=\"1231\">Storlek: 60 x 13 mm, 55 x 24 mm<\/li>\n<\/ul>\n<h2 style=\"text-align: center\" data-start=\"1233\" data-end=\"1253\">Paketet Inneh\u00e5ller \ud83d\udce6<\/h2>\n<ul>\n<li>2, 4, 6x monteringsplattor\/adaptrar i metall (med flera h\u00e5l)<\/li>\n<li>2, 4, 6x skruvar\/bultar<\/li>\n<li data-start=\"107\" data-end=\"128\">\n<p data-start=\"109\" data-end=\"128\">1, 2, 3x L-formad sexkantnyckel (allen).<\/p>\n<\/li>\n<\/ul>\n<\/div>\n<\/div>\n<\/div>\n<\/div>\n<\/div>\n<\/div>\n<\/article>\n<\/div>\n","protected":false},"excerpt":{"rendered":"<p>\ud83e\ude9bDen h\u00e4r kranvinkelventilutdragaren hj\u00e4lper dig att enkelt ta bort trasiga, rostiga eller glidande skruvar.<br \/>\n\ud83d\udd29Den smarta flerpunktsdesignen griper fast och vrider ut envisa skruvar smidigt.<br \/>\n\ud83d\udc68\u200d\ud83d\udd27An viktigt reparationsverktyg som sparar tid, anstr\u00e4ngning och kostsamma utbyten under VVS- eller DIY-arbete.<\/p>\n","protected":false},"featured_media":20866,"comment_status":"open","ping_status":"closed","template":"","meta":{"site-sidebar-layout":"default","site-content-layout":"","ast-site-content-layout":"default","site-content-style":"default","site-sidebar-style":"default","ast-global-header-display":"","ast-banner-title-visibility":"","ast-main-header-display":"","ast-hfb-above-header-display":"","ast-hfb-below-header-display":"","ast-hfb-mobile-header-display":"","site-post-title":"","ast-breadcrumbs-content":"","ast-featured-img":"","footer-sml-layout":"","theme-transparent-header-meta":"default","adv-header-id-meta":"","stick-header-meta":"","header-above-stick-meta":"","header-main-stick-meta":"","header-below-stick-meta":"","astra-migrate-meta-layouts":"set","ast-page-background-enabled":"default","ast-page-background-meta":{"desktop":{"background-color":"var(--ast-global-color-5)","background-image":"","background-repeat":"repeat","background-position":"center center","background-size":"auto","background-attachment":"scroll","background-type":"","background-media":"","overlay-type":"","overlay-color":"","overlay-opacity":"","overlay-gradient":""},"tablet":{"background-color":"","background-image":"","background-repeat":"repeat","background-position":"center center","background-size":"auto","background-attachment":"scroll","background-type":"","background-media":"","overlay-type":"","overlay-color":"","overlay-opacity":"","overlay-gradient":""},"mobile":{"background-color":"","background-image":"","background-repeat":"repeat","background-position":"center center","background-size":"auto","background-attachment":"scroll","background-type":"","background-media":"","overlay-type":"","overlay-color":"","overlay-opacity":"","overlay-gradient":""}},"ast-content-background-meta":{"desktop":{"background-color":"var(--ast-global-color-4)","background-image":"","background-repeat":"repeat","background-position":"center center","background-size":"auto","background-attachment":"scroll","background-type":"","background-media":"","overlay-type":"","overlay-color":"","overlay-opacity":"","overlay-gradient":""},"tablet":{"background-color":"var(--ast-global-color-4)","background-image":"","background-repeat":"repeat","background-position":"center center","background-size":"auto","background-attachment":"scroll","background-type":"","background-media":"","overlay-type":"","overlay-color":"","overlay-opacity":"","overlay-gradient":""},"mobile":{"background-color":"var(--ast-global-color-4)","background-image":"","background-repeat":"repeat","background-position":"center center","background-size":"auto","background-attachment":"scroll","background-type":"","background-media":"","overlay-type":"","overlay-color":"","overlay-opacity":"","overlay-gradient":""}}},"product_brand":[],"product_cat":[171],"product_tag":[],"class_list":{"0":"post-20870","1":"product","2":"type-product","3":"status-publish","4":"has-post-thumbnail","6":"product_cat-verktyg","7":"pa_54106_f0idiyjc-1-st","8":"pa_54106_f0idiyjc-2-st","9":"pa_54106_f0idiyjc-3-st","10":"desktop-align-left","11":"tablet-align-left","12":"mobile-align-left","14":"first","15":"instock","16":"shipping-taxable","17":"purchasable","18":"product-type-variable"},"yoast_head":"<!-- This site is optimized with the Yoast SEO plugin v26.6 - https:\/\/yoast.com\/wordpress\/plugins\/seo\/ -->\n<title>Kran vinkelventil utdragare - Mekulo SE<\/title>\n<meta name=\"robots\" content=\"index, follow, max-snippet:-1, max-image-preview:large, max-video-preview:-1\" \/>\n<link rel=\"canonical\" href=\"https:\/\/mekulo.com\/se\/produkt\/kran-vinkelventil-utdragare\/\" \/>\n<meta property=\"og:locale\" content=\"sv_SE\" \/>\n<meta property=\"og:type\" content=\"article\" \/>\n<meta property=\"og:title\" content=\"Kran vinkelventil utdragare - Mekulo SE\" \/>\n<meta property=\"og:description\" content=\"\ud83e\ude9bDen h\u00e4r kranvinkelventilutdragaren hj\u00e4lper dig att enkelt ta bort trasiga, rostiga eller glidande skruvar. \ud83d\udd29Den smarta flerpunktsdesignen griper fast och vrider ut envisa skruvar smidigt. \ud83d\udc68\u200d\ud83d\udd27An viktigt reparationsverktyg som sparar tid, anstr\u00e4ngning och kostsamma utbyten under VVS- eller DIY-arbete.\" \/>\n<meta property=\"og:url\" content=\"https:\/\/mekulo.com\/se\/produkt\/kran-vinkelventil-utdragare\/\" \/>\n<meta property=\"og:site_name\" content=\"Mekulo SE\" \/>\n<meta property=\"article:modified_time\" content=\"2026-02-03T13:47:47+00:00\" \/>\n<meta property=\"og:image\" content=\"https:\/\/mekulo.com\/se\/wp-content\/uploads\/sites\/11\/2026\/02\/t4rneuy-1.jpg\" \/>\n\t<meta property=\"og:image:width\" content=\"800\" \/>\n\t<meta property=\"og:image:height\" content=\"800\" \/>\n\t<meta property=\"og:image:type\" content=\"image\/jpeg\" \/>\n<meta name=\"twitter:card\" content=\"summary_large_image\" \/>\n<meta name=\"twitter:label1\" content=\"Ber\u00e4knad l\u00e4stid\" \/>\n\t<meta name=\"twitter:data1\" content=\"2 minuter\" \/>\n<script type=\"application\/ld+json\" class=\"yoast-schema-graph\">{\"@context\":\"https:\/\/schema.org\",\"@graph\":[{\"@type\":\"WebPage\",\"@id\":\"https:\/\/mekulo.com\/se\/produkt\/kran-vinkelventil-utdragare\/\",\"url\":\"https:\/\/mekulo.com\/se\/produkt\/kran-vinkelventil-utdragare\/\",\"name\":\"Kran vinkelventil utdragare - Mekulo SE\",\"isPartOf\":{\"@id\":\"https:\/\/mekulo.com\/se\/#website\"},\"primaryImageOfPage\":{\"@id\":\"https:\/\/mekulo.com\/se\/produkt\/kran-vinkelventil-utdragare\/#primaryimage\"},\"image\":{\"@id\":\"https:\/\/mekulo.com\/se\/produkt\/kran-vinkelventil-utdragare\/#primaryimage\"},\"thumbnailUrl\":\"https:\/\/mekulo.com\/se\/wp-content\/uploads\/sites\/11\/2026\/02\/t4rneuy-1.jpg\",\"datePublished\":\"2026-02-03T13:47:36+00:00\",\"dateModified\":\"2026-02-03T13:47:47+00:00\",\"breadcrumb\":{\"@id\":\"https:\/\/mekulo.com\/se\/produkt\/kran-vinkelventil-utdragare\/#breadcrumb\"},\"inLanguage\":\"sv-SE\",\"potentialAction\":[{\"@type\":\"ReadAction\",\"target\":[\"https:\/\/mekulo.com\/se\/produkt\/kran-vinkelventil-utdragare\/\"]}]},{\"@type\":\"ImageObject\",\"inLanguage\":\"sv-SE\",\"@id\":\"https:\/\/mekulo.com\/se\/produkt\/kran-vinkelventil-utdragare\/#primaryimage\",\"url\":\"https:\/\/mekulo.com\/se\/wp-content\/uploads\/sites\/11\/2026\/02\/t4rneuy-1.jpg\",\"contentUrl\":\"https:\/\/mekulo.com\/se\/wp-content\/uploads\/sites\/11\/2026\/02\/t4rneuy-1.jpg\",\"width\":800,\"height\":800},{\"@type\":\"BreadcrumbList\",\"@id\":\"https:\/\/mekulo.com\/se\/produkt\/kran-vinkelventil-utdragare\/#breadcrumb\",\"itemListElement\":[{\"@type\":\"ListItem\",\"position\":1,\"name\":\"Home\",\"item\":\"https:\/\/mekulo.com\/se\/\"},{\"@type\":\"ListItem\",\"position\":2,\"name\":\"Butik\",\"item\":\"https:\/\/mekulo.com\/se\/butik\/\"},{\"@type\":\"ListItem\",\"position\":3,\"name\":\"Kran vinkelventil utdragare\"}]},{\"@type\":\"WebSite\",\"@id\":\"https:\/\/mekulo.com\/se\/#website\",\"url\":\"https:\/\/mekulo.com\/se\/\",\"name\":\"Mekulo SE\",\"description\":\"\",\"publisher\":{\"@id\":\"https:\/\/mekulo.com\/se\/#organization\"},\"potentialAction\":[{\"@type\":\"SearchAction\",\"target\":{\"@type\":\"EntryPoint\",\"urlTemplate\":\"https:\/\/mekulo.com\/se\/?s={search_term_string}\"},\"query-input\":{\"@type\":\"PropertyValueSpecification\",\"valueRequired\":true,\"valueName\":\"search_term_string\"}}],\"inLanguage\":\"sv-SE\"},{\"@type\":\"Organization\",\"@id\":\"https:\/\/mekulo.com\/se\/#organization\",\"name\":\"Mekulo\",\"url\":\"https:\/\/mekulo.com\/se\/\",\"logo\":{\"@type\":\"ImageObject\",\"inLanguage\":\"sv-SE\",\"@id\":\"https:\/\/mekulo.com\/se\/#\/schema\/logo\/image\/\",\"url\":\"https:\/\/mekulo.com\/se\/wp-content\/uploads\/sites\/11\/2025\/12\/favicon_mekulo.png\",\"contentUrl\":\"https:\/\/mekulo.com\/se\/wp-content\/uploads\/sites\/11\/2025\/12\/favicon_mekulo.png\",\"width\":50,\"height\":50,\"caption\":\"Mekulo\"},\"image\":{\"@id\":\"https:\/\/mekulo.com\/se\/#\/schema\/logo\/image\/\"}}]}<\/script>\n<!-- \/ Yoast SEO plugin. -->","yoast_head_json":{"title":"Kran vinkelventil utdragare - Mekulo SE","robots":{"index":"index","follow":"follow","max-snippet":"max-snippet:-1","max-image-preview":"max-image-preview:large","max-video-preview":"max-video-preview:-1"},"canonical":"https:\/\/mekulo.com\/se\/produkt\/kran-vinkelventil-utdragare\/","og_locale":"sv_SE","og_type":"article","og_title":"Kran vinkelventil utdragare - Mekulo SE","og_description":"\ud83e\ude9bDen h\u00e4r kranvinkelventilutdragaren hj\u00e4lper dig att enkelt ta bort trasiga, rostiga eller glidande skruvar. \ud83d\udd29Den smarta flerpunktsdesignen griper fast och vrider ut envisa skruvar smidigt. \ud83d\udc68\u200d\ud83d\udd27An viktigt reparationsverktyg som sparar tid, anstr\u00e4ngning och kostsamma utbyten under VVS- eller DIY-arbete.","og_url":"https:\/\/mekulo.com\/se\/produkt\/kran-vinkelventil-utdragare\/","og_site_name":"Mekulo SE","article_modified_time":"2026-02-03T13:47:47+00:00","og_image":[{"width":800,"height":800,"url":"https:\/\/mekulo.com\/se\/wp-content\/uploads\/sites\/11\/2026\/02\/t4rneuy-1.jpg","type":"image\/jpeg"}],"twitter_card":"summary_large_image","twitter_misc":{"Ber\u00e4knad l\u00e4stid":"2 minuter"},"schema":{"@context":"https:\/\/schema.org","@graph":[{"@type":"WebPage","@id":"https:\/\/mekulo.com\/se\/produkt\/kran-vinkelventil-utdragare\/","url":"https:\/\/mekulo.com\/se\/produkt\/kran-vinkelventil-utdragare\/","name":"Kran vinkelventil utdragare - Mekulo SE","isPartOf":{"@id":"https:\/\/mekulo.com\/se\/#website"},"primaryImageOfPage":{"@id":"https:\/\/mekulo.com\/se\/produkt\/kran-vinkelventil-utdragare\/#primaryimage"},"image":{"@id":"https:\/\/mekulo.com\/se\/produkt\/kran-vinkelventil-utdragare\/#primaryimage"},"thumbnailUrl":"https:\/\/mekulo.com\/se\/wp-content\/uploads\/sites\/11\/2026\/02\/t4rneuy-1.jpg","datePublished":"2026-02-03T13:47:36+00:00","dateModified":"2026-02-03T13:47:47+00:00","breadcrumb":{"@id":"https:\/\/mekulo.com\/se\/produkt\/kran-vinkelventil-utdragare\/#breadcrumb"},"inLanguage":"sv-SE","potentialAction":[{"@type":"ReadAction","target":["https:\/\/mekulo.com\/se\/produkt\/kran-vinkelventil-utdragare\/"]}]},{"@type":"ImageObject","inLanguage":"sv-SE","@id":"https:\/\/mekulo.com\/se\/produkt\/kran-vinkelventil-utdragare\/#primaryimage","url":"https:\/\/mekulo.com\/se\/wp-content\/uploads\/sites\/11\/2026\/02\/t4rneuy-1.jpg","contentUrl":"https:\/\/mekulo.com\/se\/wp-content\/uploads\/sites\/11\/2026\/02\/t4rneuy-1.jpg","width":800,"height":800},{"@type":"BreadcrumbList","@id":"https:\/\/mekulo.com\/se\/produkt\/kran-vinkelventil-utdragare\/#breadcrumb","itemListElement":[{"@type":"ListItem","position":1,"name":"Home","item":"https:\/\/mekulo.com\/se\/"},{"@type":"ListItem","position":2,"name":"Butik","item":"https:\/\/mekulo.com\/se\/butik\/"},{"@type":"ListItem","position":3,"name":"Kran vinkelventil utdragare"}]},{"@type":"WebSite","@id":"https:\/\/mekulo.com\/se\/#website","url":"https:\/\/mekulo.com\/se\/","name":"Mekulo SE","description":"","publisher":{"@id":"https:\/\/mekulo.com\/se\/#organization"},"potentialAction":[{"@type":"SearchAction","target":{"@type":"EntryPoint","urlTemplate":"https:\/\/mekulo.com\/se\/?s={search_term_string}"},"query-input":{"@type":"PropertyValueSpecification","valueRequired":true,"valueName":"search_term_string"}}],"inLanguage":"sv-SE"},{"@type":"Organization","@id":"https:\/\/mekulo.com\/se\/#organization","name":"Mekulo","url":"https:\/\/mekulo.com\/se\/","logo":{"@type":"ImageObject","inLanguage":"sv-SE","@id":"https:\/\/mekulo.com\/se\/#\/schema\/logo\/image\/","url":"https:\/\/mekulo.com\/se\/wp-content\/uploads\/sites\/11\/2025\/12\/favicon_mekulo.png","contentUrl":"https:\/\/mekulo.com\/se\/wp-content\/uploads\/sites\/11\/2025\/12\/favicon_mekulo.png","width":50,"height":50,"caption":"Mekulo"},"image":{"@id":"https:\/\/mekulo.com\/se\/#\/schema\/logo\/image\/"}}]}},"_links":{"self":[{"href":"https:\/\/mekulo.com\/se\/wp-json\/wp\/v2\/product\/20870","targetHints":{"allow":["GET"]}}],"collection":[{"href":"https:\/\/mekulo.com\/se\/wp-json\/wp\/v2\/product"}],"about":[{"href":"https:\/\/mekulo.com\/se\/wp-json\/wp\/v2\/types\/product"}],"replies":[{"embeddable":true,"href":"https:\/\/mekulo.com\/se\/wp-json\/wp\/v2\/comments?post=20870"}],"wp:featuredmedia":[{"embeddable":true,"href":"https:\/\/mekulo.com\/se\/wp-json\/wp\/v2\/media\/20866"}],"wp:attachment":[{"href":"https:\/\/mekulo.com\/se\/wp-json\/wp\/v2\/media?parent=20870"}],"wp:term":[{"taxonomy":"product_brand","embeddable":true,"href":"https:\/\/mekulo.com\/se\/wp-json\/wp\/v2\/product_brand?post=20870"},{"taxonomy":"product_cat","embeddable":true,"href":"https:\/\/mekulo.com\/se\/wp-json\/wp\/v2\/product_cat?post=20870"},{"taxonomy":"product_tag","embeddable":true,"href":"https:\/\/mekulo.com\/se\/wp-json\/wp\/v2\/product_tag?post=20870"}],"curies":[{"name":"wp","href":"https:\/\/api.w.org\/{rel}","templated":true}]}}