{"id":20852,"date":"2026-02-03T15:46:04","date_gmt":"2026-02-03T13:46:04","guid":{"rendered":"https:\/\/mekulo.com\/se\/produkt\/dansande-blackfiskleksak\/"},"modified":"2026-02-03T15:46:14","modified_gmt":"2026-02-03T13:46:14","slug":"dansande-blackfiskleksak","status":"publish","type":"product","link":"https:\/\/mekulo.com\/se\/produkt\/dansande-blackfiskleksak\/","title":{"rendered":"Dansande bl\u00e4ckfiskleksak"},"content":{"rendered":"<p style=\"text-align: center\" data-start=\"0\" data-end=\"62\"><strong data-start=\"0\" data-end=\"62\">F\u00f6r in oavbruten r\u00f6relse, musik och skratt i lekstunden. \ud83d\udc19<\/strong><\/p>\n<p data-start=\"0\" data-end=\"62\"><img decoding=\"async\" class=\"size-full wp-image-22704 aligncenter\" src=\"https:\/\/mekulo.com\/template\/wp-content\/uploads\/sites\/6\/2026\/01\/d70965cee68d3b0e4f3e753d7e13ae93340cbdd2-700.avif\" alt=\"\" \/><\/p>\n<h2 style=\"text-align: center\" data-start=\"394\" data-end=\"411\"><strong>Huvudf\u00f6rdelar \ud83d\udc67<\/strong><\/h2>\n<p data-start=\"414\" data-end=\"488\">\ud83d\udc19 Interaktiv dans &#8211; Vickar, snurrar och r\u00f6r sig p\u00e5 egen hand.<\/p>\n<p data-start=\"491\" data-end=\"552\">\ud83d\udca1 F\u00e4rgglada LED-lampor &#8211; F\u00f6rst\u00e4rker visuell och sensorisk lek.<\/p>\n<p data-start=\"555\" data-end=\"622\">\ud83e\udde0 Smart undvikande av hinder &#8211; \u00c4ndrar riktning automatiskt.<\/p>\n<p data-start=\"625\" data-end=\"688\">\ud83c\udfc3 Uppmuntrar till aktiv lek &#8211; Fr\u00e4mjar krypning och g\u00e5ng.<\/p>\n<p data-start=\"691\" data-end=\"751\">\ud83e\uddf8 S\u00e4ker och h\u00e5llbar &#8211; BPA-fri plast med sl\u00e4ta kanter.<\/p>\n<p data-start=\"754\" data-end=\"810\">\ud83c\udf81 Perfekt present &#8211; Perfekt f\u00f6r f\u00f6delsedagar och h\u00f6gtider.<\/p>\n<p data-start=\"754\" data-end=\"810\"><img fetchpriority=\"high\" decoding=\"async\" class=\"size-full wp-image-22703 aligncenter\" src=\"https:\/\/mekulo.com\/template\/wp-content\/uploads\/sites\/6\/2026\/01\/4e93a3e7-cbe5-4970-b289-bfbf04ffac5a.jpg\" alt=\"\" width=\"1080\" height=\"1080\" \/><\/p>\n<h2 style=\"text-align: center\" data-start=\"812\" data-end=\"826\"><strong>Anv\u00e4ndning \ud83d\udccc<\/strong><\/h2>\n<ol data-start=\"827\" data-end=\"1047\">\n<li data-start=\"827\" data-end=\"878\">\n<p data-start=\"830\" data-end=\"878\">Ladda leksaken helt med den medf\u00f6ljande kabeln.<\/p>\n<\/li>\n<li data-start=\"879\" data-end=\"909\">\n<p data-start=\"882\" data-end=\"909\">Sl\u00e5 p\u00e5 str\u00f6mbrytaren.<\/p>\n<\/li>\n<li data-start=\"910\" data-end=\"946\">\n<p data-start=\"913\" data-end=\"946\">Placera bl\u00e4ckfisken p\u00e5 golvet.<\/p>\n<\/li>\n<li data-start=\"947\" data-end=\"994\">\n<p data-start=\"950\" data-end=\"994\">Se den dansa, r\u00f6ra sig och undvika hinder.<\/p>\n<\/li>\n<li data-start=\"995\" data-end=\"1047\">\n<p data-start=\"998\" data-end=\"1047\">St\u00e4ng av efter lek och ladda vid behov.<\/p>\n<\/li>\n<\/ol>\n<h2 style=\"text-align: center\" data-start=\"1049\" data-end=\"1068\"><strong>Produktdetaljer \ud83d\udccf<\/strong><\/h2>\n<ul data-start=\"1069\" data-end=\"1263\">\n<li data-start=\"1069\" data-end=\"1103\">\n<p data-start=\"1071\" data-end=\"1103\">Material: BPA-fri ABS-plast<\/p>\n<\/li>\n<li data-start=\"1104\" data-end=\"1133\">\n<p data-start=\"1106\" data-end=\"1133\">Rekommenderad \u00e5lder: 3+ \u00e5r<\/p>\n<\/li>\n<li data-start=\"1134\" data-end=\"1162\">\n<p data-start=\"1136\" data-end=\"1162\">Laddningstid: 2-3 timmar<\/p>\n<\/li>\n<li data-start=\"1163\" data-end=\"1188\">\n<p data-start=\"1165\" data-end=\"1188\">Anv\u00e4ndningstid: 2-3 timmar<\/p>\n<\/li>\n<li data-start=\"1189\" data-end=\"1240\">\n<p data-start=\"1191\" data-end=\"1240\">Funktioner: LED-ljus, musik, undvikande av hinder<\/p>\n<\/li>\n<li data-start=\"1189\" data-end=\"1240\">Storlek: 20,5 x 18,5 x 12,5 cm<\/li>\n<\/ul>\n<h2 style=\"text-align: center\" data-start=\"1265\" data-end=\"1285\"><strong>Paketet inneh\u00e5ller \ud83d\udce6<\/strong><\/h2>\n<ul data-start=\"1286\" data-end=\"1354\" data-is-last-node=\"\" data-is-only-node=\"\">\n<li data-start=\"1286\" data-end=\"1313\">\n<p data-start=\"1288\" data-end=\"1313\">1x dansande bl\u00e4ckfiskleksak<\/p>\n<\/li>\n<li data-start=\"1314\" data-end=\"1333\">\n<p data-start=\"1316\" data-end=\"1333\">1x fiskesp\u00f6<\/p>\n<\/li>\n<li data-start=\"1334\" data-end=\"1354\" data-is-last-node=\"\">\n<p data-start=\"1336\" data-end=\"1354\" data-is-last-node=\"\">1x laddningskabel.<\/p>\n<\/li>\n<\/ul>\n","protected":false},"excerpt":{"rendered":"<p>\ud83d\udc19Den h\u00e4r dansande bl\u00e4ckfisken vickar, snurrar och lyser upp f\u00f6r att underh\u00e5lla barn samtidigt som den h\u00e5ller dem aktiva och engagerade.<br \/>\n\ud83d\udea5Med smart hinderundvikande och f\u00e4rgglada LED-effekter r\u00f6r den sig p\u00e5 egen hand och h\u00e5ller ig\u00e5ng det roliga utan att stanna.<br \/>\n\ud83d\udc76En lekfull och pedagogisk leksak som f\u00f6rvandlar alla rum till ett sp\u00e4nnande dansgolv f\u00f6r sm\u00e5 barn.<\/p>\n","protected":false},"featured_media":20848,"comment_status":"open","ping_status":"closed","template":"","meta":{"site-sidebar-layout":"default","site-content-layout":"","ast-site-content-layout":"default","site-content-style":"default","site-sidebar-style":"default","ast-global-header-display":"","ast-banner-title-visibility":"","ast-main-header-display":"","ast-hfb-above-header-display":"","ast-hfb-below-header-display":"","ast-hfb-mobile-header-display":"","site-post-title":"","ast-breadcrumbs-content":"","ast-featured-img":"","footer-sml-layout":"","theme-transparent-header-meta":"default","adv-header-id-meta":"","stick-header-meta":"","header-above-stick-meta":"","header-main-stick-meta":"","header-below-stick-meta":"","astra-migrate-meta-layouts":"set","ast-page-background-enabled":"default","ast-page-background-meta":{"desktop":{"background-color":"var(--ast-global-color-5)","background-image":"","background-repeat":"repeat","background-position":"center center","background-size":"auto","background-attachment":"scroll","background-type":"","background-media":"","overlay-type":"","overlay-color":"","overlay-opacity":"","overlay-gradient":""},"tablet":{"background-color":"","background-image":"","background-repeat":"repeat","background-position":"center center","background-size":"auto","background-attachment":"scroll","background-type":"","background-media":"","overlay-type":"","overlay-color":"","overlay-opacity":"","overlay-gradient":""},"mobile":{"background-color":"","background-image":"","background-repeat":"repeat","background-position":"center center","background-size":"auto","background-attachment":"scroll","background-type":"","background-media":"","overlay-type":"","overlay-color":"","overlay-opacity":"","overlay-gradient":""}},"ast-content-background-meta":{"desktop":{"background-color":"var(--ast-global-color-4)","background-image":"","background-repeat":"repeat","background-position":"center center","background-size":"auto","background-attachment":"scroll","background-type":"","background-media":"","overlay-type":"","overlay-color":"","overlay-opacity":"","overlay-gradient":""},"tablet":{"background-color":"var(--ast-global-color-4)","background-image":"","background-repeat":"repeat","background-position":"center center","background-size":"auto","background-attachment":"scroll","background-type":"","background-media":"","overlay-type":"","overlay-color":"","overlay-opacity":"","overlay-gradient":""},"mobile":{"background-color":"var(--ast-global-color-4)","background-image":"","background-repeat":"repeat","background-position":"center center","background-size":"auto","background-attachment":"scroll","background-type":"","background-media":"","overlay-type":"","overlay-color":"","overlay-opacity":"","overlay-gradient":""}}},"product_brand":[],"product_cat":[172],"product_tag":[],"class_list":{"0":"post-20852","1":"product","2":"type-product","3":"status-publish","4":"has-post-thumbnail","6":"product_cat-leksaker-barn-och-babyprodukter","7":"pa_54089_v08sn6pv-gron","8":"pa_54089_v08sn6pv-gul","9":"pa_54089_v08sn6pv-rosa","10":"desktop-align-left","11":"tablet-align-left","12":"mobile-align-left","14":"first","15":"instock","16":"shipping-taxable","17":"purchasable","18":"product-type-variable"},"yoast_head":"<!-- This site is optimized with the Yoast SEO plugin v26.6 - https:\/\/yoast.com\/wordpress\/plugins\/seo\/ -->\n<title>Dansande bl\u00e4ckfiskleksak - Mekulo SE<\/title>\n<meta name=\"robots\" content=\"index, follow, max-snippet:-1, max-image-preview:large, max-video-preview:-1\" \/>\n<link rel=\"canonical\" href=\"https:\/\/mekulo.com\/se\/produkt\/dansande-blackfiskleksak\/\" \/>\n<meta property=\"og:locale\" content=\"sv_SE\" \/>\n<meta property=\"og:type\" content=\"article\" \/>\n<meta property=\"og:title\" content=\"Dansande bl\u00e4ckfiskleksak - Mekulo SE\" \/>\n<meta property=\"og:description\" content=\"\ud83d\udc19Den h\u00e4r dansande bl\u00e4ckfisken vickar, snurrar och lyser upp f\u00f6r att underh\u00e5lla barn samtidigt som den h\u00e5ller dem aktiva och engagerade. \ud83d\udea5Med smart hinderundvikande och f\u00e4rgglada LED-effekter r\u00f6r den sig p\u00e5 egen hand och h\u00e5ller ig\u00e5ng det roliga utan att stanna. \ud83d\udc76En lekfull och pedagogisk leksak som f\u00f6rvandlar alla rum till ett sp\u00e4nnande dansgolv f\u00f6r sm\u00e5 barn.\" \/>\n<meta property=\"og:url\" content=\"https:\/\/mekulo.com\/se\/produkt\/dansande-blackfiskleksak\/\" \/>\n<meta property=\"og:site_name\" content=\"Mekulo SE\" \/>\n<meta property=\"article:modified_time\" content=\"2026-02-03T13:46:14+00:00\" \/>\n<meta property=\"og:image\" content=\"https:\/\/mekulo.com\/se\/wp-content\/uploads\/sites\/11\/2026\/02\/ox949lm-1.jpg\" \/>\n\t<meta property=\"og:image:width\" content=\"700\" \/>\n\t<meta property=\"og:image:height\" content=\"700\" \/>\n\t<meta property=\"og:image:type\" content=\"image\/jpeg\" \/>\n<meta name=\"twitter:card\" content=\"summary_large_image\" \/>\n<meta name=\"twitter:label1\" content=\"Ber\u00e4knad l\u00e4stid\" \/>\n\t<meta name=\"twitter:data1\" content=\"2 minuter\" \/>\n<script type=\"application\/ld+json\" class=\"yoast-schema-graph\">{\"@context\":\"https:\/\/schema.org\",\"@graph\":[{\"@type\":\"WebPage\",\"@id\":\"https:\/\/mekulo.com\/se\/produkt\/dansande-blackfiskleksak\/\",\"url\":\"https:\/\/mekulo.com\/se\/produkt\/dansande-blackfiskleksak\/\",\"name\":\"Dansande bl\u00e4ckfiskleksak - Mekulo SE\",\"isPartOf\":{\"@id\":\"https:\/\/mekulo.com\/se\/#website\"},\"primaryImageOfPage\":{\"@id\":\"https:\/\/mekulo.com\/se\/produkt\/dansande-blackfiskleksak\/#primaryimage\"},\"image\":{\"@id\":\"https:\/\/mekulo.com\/se\/produkt\/dansande-blackfiskleksak\/#primaryimage\"},\"thumbnailUrl\":\"https:\/\/mekulo.com\/se\/wp-content\/uploads\/sites\/11\/2026\/02\/ox949lm-1.jpg\",\"datePublished\":\"2026-02-03T13:46:04+00:00\",\"dateModified\":\"2026-02-03T13:46:14+00:00\",\"breadcrumb\":{\"@id\":\"https:\/\/mekulo.com\/se\/produkt\/dansande-blackfiskleksak\/#breadcrumb\"},\"inLanguage\":\"sv-SE\",\"potentialAction\":[{\"@type\":\"ReadAction\",\"target\":[\"https:\/\/mekulo.com\/se\/produkt\/dansande-blackfiskleksak\/\"]}]},{\"@type\":\"ImageObject\",\"inLanguage\":\"sv-SE\",\"@id\":\"https:\/\/mekulo.com\/se\/produkt\/dansande-blackfiskleksak\/#primaryimage\",\"url\":\"https:\/\/mekulo.com\/se\/wp-content\/uploads\/sites\/11\/2026\/02\/ox949lm-1.jpg\",\"contentUrl\":\"https:\/\/mekulo.com\/se\/wp-content\/uploads\/sites\/11\/2026\/02\/ox949lm-1.jpg\",\"width\":700,\"height\":700},{\"@type\":\"BreadcrumbList\",\"@id\":\"https:\/\/mekulo.com\/se\/produkt\/dansande-blackfiskleksak\/#breadcrumb\",\"itemListElement\":[{\"@type\":\"ListItem\",\"position\":1,\"name\":\"Home\",\"item\":\"https:\/\/mekulo.com\/se\/\"},{\"@type\":\"ListItem\",\"position\":2,\"name\":\"Butik\",\"item\":\"https:\/\/mekulo.com\/se\/butik\/\"},{\"@type\":\"ListItem\",\"position\":3,\"name\":\"Dansande bl\u00e4ckfiskleksak\"}]},{\"@type\":\"WebSite\",\"@id\":\"https:\/\/mekulo.com\/se\/#website\",\"url\":\"https:\/\/mekulo.com\/se\/\",\"name\":\"Mekulo SE\",\"description\":\"\",\"publisher\":{\"@id\":\"https:\/\/mekulo.com\/se\/#organization\"},\"potentialAction\":[{\"@type\":\"SearchAction\",\"target\":{\"@type\":\"EntryPoint\",\"urlTemplate\":\"https:\/\/mekulo.com\/se\/?s={search_term_string}\"},\"query-input\":{\"@type\":\"PropertyValueSpecification\",\"valueRequired\":true,\"valueName\":\"search_term_string\"}}],\"inLanguage\":\"sv-SE\"},{\"@type\":\"Organization\",\"@id\":\"https:\/\/mekulo.com\/se\/#organization\",\"name\":\"Mekulo\",\"url\":\"https:\/\/mekulo.com\/se\/\",\"logo\":{\"@type\":\"ImageObject\",\"inLanguage\":\"sv-SE\",\"@id\":\"https:\/\/mekulo.com\/se\/#\/schema\/logo\/image\/\",\"url\":\"https:\/\/mekulo.com\/se\/wp-content\/uploads\/sites\/11\/2025\/12\/favicon_mekulo.png\",\"contentUrl\":\"https:\/\/mekulo.com\/se\/wp-content\/uploads\/sites\/11\/2025\/12\/favicon_mekulo.png\",\"width\":50,\"height\":50,\"caption\":\"Mekulo\"},\"image\":{\"@id\":\"https:\/\/mekulo.com\/se\/#\/schema\/logo\/image\/\"}}]}<\/script>\n<!-- \/ Yoast SEO plugin. -->","yoast_head_json":{"title":"Dansande bl\u00e4ckfiskleksak - Mekulo SE","robots":{"index":"index","follow":"follow","max-snippet":"max-snippet:-1","max-image-preview":"max-image-preview:large","max-video-preview":"max-video-preview:-1"},"canonical":"https:\/\/mekulo.com\/se\/produkt\/dansande-blackfiskleksak\/","og_locale":"sv_SE","og_type":"article","og_title":"Dansande bl\u00e4ckfiskleksak - Mekulo SE","og_description":"\ud83d\udc19Den h\u00e4r dansande bl\u00e4ckfisken vickar, snurrar och lyser upp f\u00f6r att underh\u00e5lla barn samtidigt som den h\u00e5ller dem aktiva och engagerade. \ud83d\udea5Med smart hinderundvikande och f\u00e4rgglada LED-effekter r\u00f6r den sig p\u00e5 egen hand och h\u00e5ller ig\u00e5ng det roliga utan att stanna. \ud83d\udc76En lekfull och pedagogisk leksak som f\u00f6rvandlar alla rum till ett sp\u00e4nnande dansgolv f\u00f6r sm\u00e5 barn.","og_url":"https:\/\/mekulo.com\/se\/produkt\/dansande-blackfiskleksak\/","og_site_name":"Mekulo SE","article_modified_time":"2026-02-03T13:46:14+00:00","og_image":[{"width":700,"height":700,"url":"https:\/\/mekulo.com\/se\/wp-content\/uploads\/sites\/11\/2026\/02\/ox949lm-1.jpg","type":"image\/jpeg"}],"twitter_card":"summary_large_image","twitter_misc":{"Ber\u00e4knad l\u00e4stid":"2 minuter"},"schema":{"@context":"https:\/\/schema.org","@graph":[{"@type":"WebPage","@id":"https:\/\/mekulo.com\/se\/produkt\/dansande-blackfiskleksak\/","url":"https:\/\/mekulo.com\/se\/produkt\/dansande-blackfiskleksak\/","name":"Dansande bl\u00e4ckfiskleksak - Mekulo SE","isPartOf":{"@id":"https:\/\/mekulo.com\/se\/#website"},"primaryImageOfPage":{"@id":"https:\/\/mekulo.com\/se\/produkt\/dansande-blackfiskleksak\/#primaryimage"},"image":{"@id":"https:\/\/mekulo.com\/se\/produkt\/dansande-blackfiskleksak\/#primaryimage"},"thumbnailUrl":"https:\/\/mekulo.com\/se\/wp-content\/uploads\/sites\/11\/2026\/02\/ox949lm-1.jpg","datePublished":"2026-02-03T13:46:04+00:00","dateModified":"2026-02-03T13:46:14+00:00","breadcrumb":{"@id":"https:\/\/mekulo.com\/se\/produkt\/dansande-blackfiskleksak\/#breadcrumb"},"inLanguage":"sv-SE","potentialAction":[{"@type":"ReadAction","target":["https:\/\/mekulo.com\/se\/produkt\/dansande-blackfiskleksak\/"]}]},{"@type":"ImageObject","inLanguage":"sv-SE","@id":"https:\/\/mekulo.com\/se\/produkt\/dansande-blackfiskleksak\/#primaryimage","url":"https:\/\/mekulo.com\/se\/wp-content\/uploads\/sites\/11\/2026\/02\/ox949lm-1.jpg","contentUrl":"https:\/\/mekulo.com\/se\/wp-content\/uploads\/sites\/11\/2026\/02\/ox949lm-1.jpg","width":700,"height":700},{"@type":"BreadcrumbList","@id":"https:\/\/mekulo.com\/se\/produkt\/dansande-blackfiskleksak\/#breadcrumb","itemListElement":[{"@type":"ListItem","position":1,"name":"Home","item":"https:\/\/mekulo.com\/se\/"},{"@type":"ListItem","position":2,"name":"Butik","item":"https:\/\/mekulo.com\/se\/butik\/"},{"@type":"ListItem","position":3,"name":"Dansande bl\u00e4ckfiskleksak"}]},{"@type":"WebSite","@id":"https:\/\/mekulo.com\/se\/#website","url":"https:\/\/mekulo.com\/se\/","name":"Mekulo SE","description":"","publisher":{"@id":"https:\/\/mekulo.com\/se\/#organization"},"potentialAction":[{"@type":"SearchAction","target":{"@type":"EntryPoint","urlTemplate":"https:\/\/mekulo.com\/se\/?s={search_term_string}"},"query-input":{"@type":"PropertyValueSpecification","valueRequired":true,"valueName":"search_term_string"}}],"inLanguage":"sv-SE"},{"@type":"Organization","@id":"https:\/\/mekulo.com\/se\/#organization","name":"Mekulo","url":"https:\/\/mekulo.com\/se\/","logo":{"@type":"ImageObject","inLanguage":"sv-SE","@id":"https:\/\/mekulo.com\/se\/#\/schema\/logo\/image\/","url":"https:\/\/mekulo.com\/se\/wp-content\/uploads\/sites\/11\/2025\/12\/favicon_mekulo.png","contentUrl":"https:\/\/mekulo.com\/se\/wp-content\/uploads\/sites\/11\/2025\/12\/favicon_mekulo.png","width":50,"height":50,"caption":"Mekulo"},"image":{"@id":"https:\/\/mekulo.com\/se\/#\/schema\/logo\/image\/"}}]}},"_links":{"self":[{"href":"https:\/\/mekulo.com\/se\/wp-json\/wp\/v2\/product\/20852","targetHints":{"allow":["GET"]}}],"collection":[{"href":"https:\/\/mekulo.com\/se\/wp-json\/wp\/v2\/product"}],"about":[{"href":"https:\/\/mekulo.com\/se\/wp-json\/wp\/v2\/types\/product"}],"replies":[{"embeddable":true,"href":"https:\/\/mekulo.com\/se\/wp-json\/wp\/v2\/comments?post=20852"}],"wp:featuredmedia":[{"embeddable":true,"href":"https:\/\/mekulo.com\/se\/wp-json\/wp\/v2\/media\/20848"}],"wp:attachment":[{"href":"https:\/\/mekulo.com\/se\/wp-json\/wp\/v2\/media?parent=20852"}],"wp:term":[{"taxonomy":"product_brand","embeddable":true,"href":"https:\/\/mekulo.com\/se\/wp-json\/wp\/v2\/product_brand?post=20852"},{"taxonomy":"product_cat","embeddable":true,"href":"https:\/\/mekulo.com\/se\/wp-json\/wp\/v2\/product_cat?post=20852"},{"taxonomy":"product_tag","embeddable":true,"href":"https:\/\/mekulo.com\/se\/wp-json\/wp\/v2\/product_tag?post=20852"}],"curies":[{"name":"wp","href":"https:\/\/api.w.org\/{rel}","templated":true}]}}