{"id":20820,"date":"2026-02-03T15:43:11","date_gmt":"2026-02-03T13:43:11","guid":{"rendered":"https:\/\/mekulo.com\/se\/produkt\/innehavare-av-dieseltillsatser\/"},"modified":"2026-02-03T15:43:25","modified_gmt":"2026-02-03T13:43:25","slug":"innehavare-av-dieseltillsatser","status":"publish","type":"product","link":"https:\/\/mekulo.com\/se\/produkt\/innehavare-av-dieseltillsatser\/","title":{"rendered":"Innehavare av dieseltillsatser"},"content":{"rendered":"<p style=\"text-align: center\" data-start=\"0\" data-end=\"69\"><strong data-start=\"0\" data-end=\"69\">H\u00e5ll Dieseltillsatserna Organiserade, S\u00e4kra Och Alltid Inom R\u00e4ckh\u00e5ll. \ud83d\ude98<\/strong><\/p>\n<p data-start=\"0\" data-end=\"69\"><img fetchpriority=\"high\" decoding=\"async\" class=\"size-full wp-image-23219 aligncenter\" src=\"https:\/\/mekulo.com\/template\/wp-content\/uploads\/sites\/6\/2026\/02\/5.jpeg\" alt=\"\" width=\"1601\" height=\"1601\" \/><\/p>\n<h2 style=\"text-align: center\" data-start=\"401\" data-end=\"418\">Huvudf\u00f6rdelar \ud83e\uddf2<\/h2>\n<p data-start=\"421\" data-end=\"485\">\ud83e\uddf2 Magnetisk montering &#8211; F\u00e4ster s\u00e4kert p\u00e5 metallytor.<\/p>\n<p data-start=\"488\" data-end=\"551\">\ud83e\uddf0 Alternativ med flera h\u00e5l &#8211; V\u00e4lj 2, 3, 4 eller 5 flaskplatser.<\/p>\n<p data-start=\"554\" data-end=\"616\">\ud83d\udce6 Platsbesparande design &#8211; H\u00e5ller tillsatserna prydligt ordnade.<\/p>\n<p data-start=\"619\" data-end=\"679\">\ud83d\udcaa H\u00e5llbart PLA+ material &#8211; Starkt och slagt\u00e5ligt.<\/p>\n<p data-start=\"682\" data-end=\"740\">\ud83d\udd27 Enkel installation &#8211; Inga verktyg eller borrning kr\u00e4vs.<\/p>\n<p data-start=\"743\" data-end=\"808\">\ud83d\ude9b Design med fokus p\u00e5 diesel &#8211; Gjord f\u00f6r tillsatser till dieselmotorer.<\/p>\n<p data-start=\"743\" data-end=\"808\"><img decoding=\"async\" class=\"size-full wp-image-23220 aligncenter\" src=\"https:\/\/mekulo.com\/template\/wp-content\/uploads\/sites\/6\/2026\/02\/6-1.jpeg\" alt=\"\" width=\"1601\" height=\"1601\" \/><\/p>\n<h2 style=\"text-align: center\" data-start=\"810\" data-end=\"824\">Anv\u00e4ndning \ud83d\udccc<\/h2>\n<ol data-start=\"825\" data-end=\"1103\">\n<li data-start=\"825\" data-end=\"887\">\n<p data-start=\"828\" data-end=\"887\">V\u00e4lj en ren metallyta i ditt fordon eller din verkstad.<\/p>\n<\/li>\n<li data-start=\"888\" data-end=\"961\">\n<p data-start=\"891\" data-end=\"961\">Placera h\u00e5llaren mot ytan f\u00f6r att aktivera magnetf\u00e4stet.<\/p>\n<\/li>\n<li data-start=\"962\" data-end=\"1013\">\n<p data-start=\"965\" data-end=\"1013\">F\u00f6r in flaskor med dieseltillsatser i sp\u00e5ren.<\/p>\n<\/li>\n<li data-start=\"1014\" data-end=\"1053\">\n<p data-start=\"1017\" data-end=\"1053\">Ta bort flaskorna enkelt n\u00e4r det beh\u00f6vs.<\/p>\n<\/li>\n<li data-start=\"1054\" data-end=\"1103\">\n<p data-start=\"1057\" data-end=\"1103\">Flytta h\u00e5llaren n\u00e4r som helst f\u00f6r bekv\u00e4mlighet.<\/p>\n<\/li>\n<\/ol>\n<h2 style=\"text-align: center\" data-start=\"1105\" data-end=\"1124\">Produktdetaljer \ud83d\udccf<\/h2>\n<ul data-start=\"1125\" data-end=\"1403\">\n<li data-start=\"1125\" data-end=\"1143\">\n<p data-start=\"1127\" data-end=\"1143\">Material: PLA+<\/p>\n<\/li>\n<li data-start=\"1144\" data-end=\"1183\">\n<p data-start=\"1146\" data-end=\"1183\">Installationsmetod: Magnetisk fixering<\/p>\n<\/li>\n<li data-start=\"1184\" data-end=\"1221\">\n<p data-start=\"1186\" data-end=\"1221\">H\u00e5lalternativ: 2 \/ 3 \/ 4 \/ 5 h\u00e5l<\/p>\n<\/li>\n<li data-start=\"1222\" data-end=\"1353\">\n<p data-start=\"1224\" data-end=\"1237\">Dimensioner:<\/p>\n<ul data-start=\"1240\" data-end=\"1353\">\n<li data-start=\"1240\" data-end=\"1266\">\n<p data-start=\"1242\" data-end=\"1266\">2 h\u00e5l: 10 x 6 x 5 cm<\/p>\n<\/li>\n<li data-start=\"1269\" data-end=\"1295\">\n<p data-start=\"1271\" data-end=\"1295\">3 h\u00e5l: 11 x 7 x 6 cm<\/p>\n<\/li>\n<li data-start=\"1298\" data-end=\"1324\">\n<p data-start=\"1300\" data-end=\"1324\">4 h\u00e5l: 12 x 8 x 7 cm<\/p>\n<\/li>\n<li data-start=\"1327\" data-end=\"1353\">\n<p data-start=\"1329\" data-end=\"1353\">5 h\u00e5l: 13 x 9 x 8 cm<\/p>\n<\/li>\n<\/ul>\n<\/li>\n<li data-start=\"1354\" data-end=\"1403\">\n<p data-start=\"1356\" data-end=\"1403\">Anv\u00e4ndning: F\u00f6rvaring och organisering av dieseltillsatser<\/p>\n<\/li>\n<\/ul>\n<h2 style=\"text-align: center\" data-start=\"1405\" data-end=\"1425\">Paketet Inneh\u00e5ller \ud83d\udce6<\/h2>\n<ul data-start=\"1426\" data-end=\"1454\" data-is-last-node=\"\" data-is-only-node=\"\">\n<li data-start=\"1426\" data-end=\"1454\" data-is-last-node=\"\">\n<p data-start=\"1428\" data-end=\"1454\" data-is-last-node=\"\">1x dieseltillsatsh\u00e5llare<\/p>\n<\/li>\n<li data-start=\"1426\" data-end=\"1454\" data-is-last-node=\"\">\n<p data-start=\"1428\" data-end=\"1454\" data-is-last-node=\"\">2, 3, 4, 5x magnetknappar.<\/p>\n<\/li>\n<\/ul>\n","protected":false},"excerpt":{"rendered":"<p>\u26fdDessa dieseltillsatsh\u00e5llare f\u00f6rvarar dina br\u00e4nsletillsatser prydligt p\u00e5 ett st\u00e4lle, vilket g\u00f6r fordonsunderh\u00e5llet snabbare och effektivare.<br \/>\n\ud83e\uddf2Det starka magnetf\u00e4stet h\u00e5ller flaskorna uppr\u00e4tt och l\u00e4tt\u00e5tkomliga under service.<br \/>\n\ud83d\ude99Den h\u00e4r enkla organisat\u00f6ren minskar r\u00f6ran och hj\u00e4lper dig att arbeta smidigare varje g\u00e5ng du underh\u00e5ller din dieselmotor.<\/p>\n","protected":false},"featured_media":20816,"comment_status":"open","ping_status":"closed","template":"","meta":{"site-sidebar-layout":"default","site-content-layout":"","ast-site-content-layout":"default","site-content-style":"default","site-sidebar-style":"default","ast-global-header-display":"","ast-banner-title-visibility":"","ast-main-header-display":"","ast-hfb-above-header-display":"","ast-hfb-below-header-display":"","ast-hfb-mobile-header-display":"","site-post-title":"","ast-breadcrumbs-content":"","ast-featured-img":"","footer-sml-layout":"","theme-transparent-header-meta":"default","adv-header-id-meta":"","stick-header-meta":"","header-above-stick-meta":"","header-main-stick-meta":"","header-below-stick-meta":"","astra-migrate-meta-layouts":"set","ast-page-background-enabled":"default","ast-page-background-meta":{"desktop":{"background-color":"var(--ast-global-color-5)","background-image":"","background-repeat":"repeat","background-position":"center center","background-size":"auto","background-attachment":"scroll","background-type":"","background-media":"","overlay-type":"","overlay-color":"","overlay-opacity":"","overlay-gradient":""},"tablet":{"background-color":"","background-image":"","background-repeat":"repeat","background-position":"center center","background-size":"auto","background-attachment":"scroll","background-type":"","background-media":"","overlay-type":"","overlay-color":"","overlay-opacity":"","overlay-gradient":""},"mobile":{"background-color":"","background-image":"","background-repeat":"repeat","background-position":"center center","background-size":"auto","background-attachment":"scroll","background-type":"","background-media":"","overlay-type":"","overlay-color":"","overlay-opacity":"","overlay-gradient":""}},"ast-content-background-meta":{"desktop":{"background-color":"var(--ast-global-color-4)","background-image":"","background-repeat":"repeat","background-position":"center center","background-size":"auto","background-attachment":"scroll","background-type":"","background-media":"","overlay-type":"","overlay-color":"","overlay-opacity":"","overlay-gradient":""},"tablet":{"background-color":"var(--ast-global-color-4)","background-image":"","background-repeat":"repeat","background-position":"center center","background-size":"auto","background-attachment":"scroll","background-type":"","background-media":"","overlay-type":"","overlay-color":"","overlay-opacity":"","overlay-gradient":""},"mobile":{"background-color":"var(--ast-global-color-4)","background-image":"","background-repeat":"repeat","background-position":"center center","background-size":"auto","background-attachment":"scroll","background-type":"","background-media":"","overlay-type":"","overlay-color":"","overlay-opacity":"","overlay-gradient":""}}},"product_brand":[],"product_cat":[161],"product_tag":[],"class_list":{"0":"post-20820","1":"product","2":"type-product","3":"status-publish","4":"has-post-thumbnail","6":"product_cat-bilprodukter","7":"pa_54023_uxfzw3v3-2-hal","8":"pa_54023_uxfzw3v3-3-hal","9":"pa_54023_uxfzw3v3-4-hal","10":"pa_54023_uxfzw3v3-5-hal","11":"desktop-align-left","12":"tablet-align-left","13":"mobile-align-left","15":"first","16":"instock","17":"shipping-taxable","18":"purchasable","19":"product-type-variable"},"yoast_head":"<!-- This site is optimized with the Yoast SEO plugin v26.6 - https:\/\/yoast.com\/wordpress\/plugins\/seo\/ -->\n<title>Innehavare av dieseltillsatser - Mekulo SE<\/title>\n<meta name=\"robots\" content=\"index, follow, max-snippet:-1, max-image-preview:large, max-video-preview:-1\" \/>\n<link rel=\"canonical\" href=\"https:\/\/mekulo.com\/se\/produkt\/innehavare-av-dieseltillsatser\/\" \/>\n<meta property=\"og:locale\" content=\"sv_SE\" \/>\n<meta property=\"og:type\" content=\"article\" \/>\n<meta property=\"og:title\" content=\"Innehavare av dieseltillsatser - Mekulo SE\" \/>\n<meta property=\"og:description\" content=\"\u26fdDessa dieseltillsatsh\u00e5llare f\u00f6rvarar dina br\u00e4nsletillsatser prydligt p\u00e5 ett st\u00e4lle, vilket g\u00f6r fordonsunderh\u00e5llet snabbare och effektivare. \ud83e\uddf2Det starka magnetf\u00e4stet h\u00e5ller flaskorna uppr\u00e4tt och l\u00e4tt\u00e5tkomliga under service. \ud83d\ude99Den h\u00e4r enkla organisat\u00f6ren minskar r\u00f6ran och hj\u00e4lper dig att arbeta smidigare varje g\u00e5ng du underh\u00e5ller din dieselmotor.\" \/>\n<meta property=\"og:url\" content=\"https:\/\/mekulo.com\/se\/produkt\/innehavare-av-dieseltillsatser\/\" \/>\n<meta property=\"og:site_name\" content=\"Mekulo SE\" \/>\n<meta property=\"article:modified_time\" content=\"2026-02-03T13:43:25+00:00\" \/>\n<meta property=\"og:image\" content=\"https:\/\/mekulo.com\/se\/wp-content\/uploads\/sites\/11\/2026\/02\/lfy94f3-1.jpeg\" \/>\n\t<meta property=\"og:image:width\" content=\"1601\" \/>\n\t<meta property=\"og:image:height\" content=\"1601\" \/>\n\t<meta property=\"og:image:type\" content=\"image\/jpeg\" \/>\n<meta name=\"twitter:card\" content=\"summary_large_image\" \/>\n<meta name=\"twitter:label1\" content=\"Ber\u00e4knad l\u00e4stid\" \/>\n\t<meta name=\"twitter:data1\" content=\"2 minuter\" \/>\n<script type=\"application\/ld+json\" class=\"yoast-schema-graph\">{\"@context\":\"https:\/\/schema.org\",\"@graph\":[{\"@type\":\"WebPage\",\"@id\":\"https:\/\/mekulo.com\/se\/produkt\/innehavare-av-dieseltillsatser\/\",\"url\":\"https:\/\/mekulo.com\/se\/produkt\/innehavare-av-dieseltillsatser\/\",\"name\":\"Innehavare av dieseltillsatser - Mekulo SE\",\"isPartOf\":{\"@id\":\"https:\/\/mekulo.com\/se\/#website\"},\"primaryImageOfPage\":{\"@id\":\"https:\/\/mekulo.com\/se\/produkt\/innehavare-av-dieseltillsatser\/#primaryimage\"},\"image\":{\"@id\":\"https:\/\/mekulo.com\/se\/produkt\/innehavare-av-dieseltillsatser\/#primaryimage\"},\"thumbnailUrl\":\"https:\/\/mekulo.com\/se\/wp-content\/uploads\/sites\/11\/2026\/02\/lfy94f3-1.jpeg\",\"datePublished\":\"2026-02-03T13:43:11+00:00\",\"dateModified\":\"2026-02-03T13:43:25+00:00\",\"breadcrumb\":{\"@id\":\"https:\/\/mekulo.com\/se\/produkt\/innehavare-av-dieseltillsatser\/#breadcrumb\"},\"inLanguage\":\"sv-SE\",\"potentialAction\":[{\"@type\":\"ReadAction\",\"target\":[\"https:\/\/mekulo.com\/se\/produkt\/innehavare-av-dieseltillsatser\/\"]}]},{\"@type\":\"ImageObject\",\"inLanguage\":\"sv-SE\",\"@id\":\"https:\/\/mekulo.com\/se\/produkt\/innehavare-av-dieseltillsatser\/#primaryimage\",\"url\":\"https:\/\/mekulo.com\/se\/wp-content\/uploads\/sites\/11\/2026\/02\/lfy94f3-1.jpeg\",\"contentUrl\":\"https:\/\/mekulo.com\/se\/wp-content\/uploads\/sites\/11\/2026\/02\/lfy94f3-1.jpeg\",\"width\":1601,\"height\":1601},{\"@type\":\"BreadcrumbList\",\"@id\":\"https:\/\/mekulo.com\/se\/produkt\/innehavare-av-dieseltillsatser\/#breadcrumb\",\"itemListElement\":[{\"@type\":\"ListItem\",\"position\":1,\"name\":\"Home\",\"item\":\"https:\/\/mekulo.com\/se\/\"},{\"@type\":\"ListItem\",\"position\":2,\"name\":\"Butik\",\"item\":\"https:\/\/mekulo.com\/se\/butik\/\"},{\"@type\":\"ListItem\",\"position\":3,\"name\":\"Innehavare av dieseltillsatser\"}]},{\"@type\":\"WebSite\",\"@id\":\"https:\/\/mekulo.com\/se\/#website\",\"url\":\"https:\/\/mekulo.com\/se\/\",\"name\":\"Mekulo SE\",\"description\":\"\",\"publisher\":{\"@id\":\"https:\/\/mekulo.com\/se\/#organization\"},\"potentialAction\":[{\"@type\":\"SearchAction\",\"target\":{\"@type\":\"EntryPoint\",\"urlTemplate\":\"https:\/\/mekulo.com\/se\/?s={search_term_string}\"},\"query-input\":{\"@type\":\"PropertyValueSpecification\",\"valueRequired\":true,\"valueName\":\"search_term_string\"}}],\"inLanguage\":\"sv-SE\"},{\"@type\":\"Organization\",\"@id\":\"https:\/\/mekulo.com\/se\/#organization\",\"name\":\"Mekulo\",\"url\":\"https:\/\/mekulo.com\/se\/\",\"logo\":{\"@type\":\"ImageObject\",\"inLanguage\":\"sv-SE\",\"@id\":\"https:\/\/mekulo.com\/se\/#\/schema\/logo\/image\/\",\"url\":\"https:\/\/mekulo.com\/se\/wp-content\/uploads\/sites\/11\/2025\/12\/favicon_mekulo.png\",\"contentUrl\":\"https:\/\/mekulo.com\/se\/wp-content\/uploads\/sites\/11\/2025\/12\/favicon_mekulo.png\",\"width\":50,\"height\":50,\"caption\":\"Mekulo\"},\"image\":{\"@id\":\"https:\/\/mekulo.com\/se\/#\/schema\/logo\/image\/\"}}]}<\/script>\n<!-- \/ Yoast SEO plugin. -->","yoast_head_json":{"title":"Innehavare av dieseltillsatser - Mekulo SE","robots":{"index":"index","follow":"follow","max-snippet":"max-snippet:-1","max-image-preview":"max-image-preview:large","max-video-preview":"max-video-preview:-1"},"canonical":"https:\/\/mekulo.com\/se\/produkt\/innehavare-av-dieseltillsatser\/","og_locale":"sv_SE","og_type":"article","og_title":"Innehavare av dieseltillsatser - Mekulo SE","og_description":"\u26fdDessa dieseltillsatsh\u00e5llare f\u00f6rvarar dina br\u00e4nsletillsatser prydligt p\u00e5 ett st\u00e4lle, vilket g\u00f6r fordonsunderh\u00e5llet snabbare och effektivare. \ud83e\uddf2Det starka magnetf\u00e4stet h\u00e5ller flaskorna uppr\u00e4tt och l\u00e4tt\u00e5tkomliga under service. \ud83d\ude99Den h\u00e4r enkla organisat\u00f6ren minskar r\u00f6ran och hj\u00e4lper dig att arbeta smidigare varje g\u00e5ng du underh\u00e5ller din dieselmotor.","og_url":"https:\/\/mekulo.com\/se\/produkt\/innehavare-av-dieseltillsatser\/","og_site_name":"Mekulo SE","article_modified_time":"2026-02-03T13:43:25+00:00","og_image":[{"width":1601,"height":1601,"url":"https:\/\/mekulo.com\/se\/wp-content\/uploads\/sites\/11\/2026\/02\/lfy94f3-1.jpeg","type":"image\/jpeg"}],"twitter_card":"summary_large_image","twitter_misc":{"Ber\u00e4knad l\u00e4stid":"2 minuter"},"schema":{"@context":"https:\/\/schema.org","@graph":[{"@type":"WebPage","@id":"https:\/\/mekulo.com\/se\/produkt\/innehavare-av-dieseltillsatser\/","url":"https:\/\/mekulo.com\/se\/produkt\/innehavare-av-dieseltillsatser\/","name":"Innehavare av dieseltillsatser - Mekulo SE","isPartOf":{"@id":"https:\/\/mekulo.com\/se\/#website"},"primaryImageOfPage":{"@id":"https:\/\/mekulo.com\/se\/produkt\/innehavare-av-dieseltillsatser\/#primaryimage"},"image":{"@id":"https:\/\/mekulo.com\/se\/produkt\/innehavare-av-dieseltillsatser\/#primaryimage"},"thumbnailUrl":"https:\/\/mekulo.com\/se\/wp-content\/uploads\/sites\/11\/2026\/02\/lfy94f3-1.jpeg","datePublished":"2026-02-03T13:43:11+00:00","dateModified":"2026-02-03T13:43:25+00:00","breadcrumb":{"@id":"https:\/\/mekulo.com\/se\/produkt\/innehavare-av-dieseltillsatser\/#breadcrumb"},"inLanguage":"sv-SE","potentialAction":[{"@type":"ReadAction","target":["https:\/\/mekulo.com\/se\/produkt\/innehavare-av-dieseltillsatser\/"]}]},{"@type":"ImageObject","inLanguage":"sv-SE","@id":"https:\/\/mekulo.com\/se\/produkt\/innehavare-av-dieseltillsatser\/#primaryimage","url":"https:\/\/mekulo.com\/se\/wp-content\/uploads\/sites\/11\/2026\/02\/lfy94f3-1.jpeg","contentUrl":"https:\/\/mekulo.com\/se\/wp-content\/uploads\/sites\/11\/2026\/02\/lfy94f3-1.jpeg","width":1601,"height":1601},{"@type":"BreadcrumbList","@id":"https:\/\/mekulo.com\/se\/produkt\/innehavare-av-dieseltillsatser\/#breadcrumb","itemListElement":[{"@type":"ListItem","position":1,"name":"Home","item":"https:\/\/mekulo.com\/se\/"},{"@type":"ListItem","position":2,"name":"Butik","item":"https:\/\/mekulo.com\/se\/butik\/"},{"@type":"ListItem","position":3,"name":"Innehavare av dieseltillsatser"}]},{"@type":"WebSite","@id":"https:\/\/mekulo.com\/se\/#website","url":"https:\/\/mekulo.com\/se\/","name":"Mekulo SE","description":"","publisher":{"@id":"https:\/\/mekulo.com\/se\/#organization"},"potentialAction":[{"@type":"SearchAction","target":{"@type":"EntryPoint","urlTemplate":"https:\/\/mekulo.com\/se\/?s={search_term_string}"},"query-input":{"@type":"PropertyValueSpecification","valueRequired":true,"valueName":"search_term_string"}}],"inLanguage":"sv-SE"},{"@type":"Organization","@id":"https:\/\/mekulo.com\/se\/#organization","name":"Mekulo","url":"https:\/\/mekulo.com\/se\/","logo":{"@type":"ImageObject","inLanguage":"sv-SE","@id":"https:\/\/mekulo.com\/se\/#\/schema\/logo\/image\/","url":"https:\/\/mekulo.com\/se\/wp-content\/uploads\/sites\/11\/2025\/12\/favicon_mekulo.png","contentUrl":"https:\/\/mekulo.com\/se\/wp-content\/uploads\/sites\/11\/2025\/12\/favicon_mekulo.png","width":50,"height":50,"caption":"Mekulo"},"image":{"@id":"https:\/\/mekulo.com\/se\/#\/schema\/logo\/image\/"}}]}},"_links":{"self":[{"href":"https:\/\/mekulo.com\/se\/wp-json\/wp\/v2\/product\/20820","targetHints":{"allow":["GET"]}}],"collection":[{"href":"https:\/\/mekulo.com\/se\/wp-json\/wp\/v2\/product"}],"about":[{"href":"https:\/\/mekulo.com\/se\/wp-json\/wp\/v2\/types\/product"}],"replies":[{"embeddable":true,"href":"https:\/\/mekulo.com\/se\/wp-json\/wp\/v2\/comments?post=20820"}],"wp:featuredmedia":[{"embeddable":true,"href":"https:\/\/mekulo.com\/se\/wp-json\/wp\/v2\/media\/20816"}],"wp:attachment":[{"href":"https:\/\/mekulo.com\/se\/wp-json\/wp\/v2\/media?parent=20820"}],"wp:term":[{"taxonomy":"product_brand","embeddable":true,"href":"https:\/\/mekulo.com\/se\/wp-json\/wp\/v2\/product_brand?post=20820"},{"taxonomy":"product_cat","embeddable":true,"href":"https:\/\/mekulo.com\/se\/wp-json\/wp\/v2\/product_cat?post=20820"},{"taxonomy":"product_tag","embeddable":true,"href":"https:\/\/mekulo.com\/se\/wp-json\/wp\/v2\/product_tag?post=20820"}],"curies":[{"name":"wp","href":"https:\/\/api.w.org\/{rel}","templated":true}]}}