{"id":20578,"date":"2026-02-03T15:30:37","date_gmt":"2026-02-03T13:30:37","guid":{"rendered":"https:\/\/mekulo.com\/se\/produkt\/upprullningsbart-dubbelkoppel-for-hundar-med-led-lampa\/"},"modified":"2026-02-03T15:30:49","modified_gmt":"2026-02-03T13:30:49","slug":"upprullningsbart-dubbelkoppel-for-hundar-med-led-lampa","status":"publish","type":"product","link":"https:\/\/mekulo.com\/se\/produkt\/upprullningsbart-dubbelkoppel-for-hundar-med-led-lampa\/","title":{"rendered":"Upprullningsbart dubbelkoppel f\u00f6r hundar med LED-lampa"},"content":{"rendered":"<p style=\"text-align: center\" data-start=\"0\" data-end=\"68\"><strong data-start=\"0\" data-end=\"68\">Promenera tv\u00e5 hundar s\u00e4kert och bekv\u00e4mt med ett trasselfritt koppel. \ud83d\udc15\u200d\ud83e\uddba<\/strong><\/p>\n<p data-start=\"0\" data-end=\"68\"><img decoding=\"async\" class=\"size-full wp-image-22678 aligncenter\" src=\"https:\/\/mekulo.com\/template\/wp-content\/uploads\/sites\/6\/2026\/01\/5f96ccbea0352ca7e40126be24cefcc310b85c2f.avif\" alt=\"\" \/><\/p>\n<h2 style=\"text-align: center\" data-start=\"365\" data-end=\"382\"><strong>Main F\u00f6rdelar \ud83d\udc36<\/strong><\/h2>\n<p data-start=\"385\" data-end=\"450\">\ud83d\udd04 360\u00b0 antitrasseldesign &#8211; j\u00e4mn rotation f\u00f6rhindrar knutar.<\/p>\n<p data-start=\"453\" data-end=\"517\">\ud83d\udc15\ud83d\udc15 Dubbla inf\u00e4llbara koppel &#8211; 3 m f\u00f6rl\u00e4ngning f\u00f6r varje hund.<\/p>\n<p data-start=\"520\" data-end=\"574\">\ud83d\udd26 Inbyggt LED-ljus &#8211; s\u00e4krare promenader i svagt ljus.<\/p>\n<p data-start=\"577\" data-end=\"633\">\ud83d\uded1 Omedelbart l\u00e5ssystem &#8211; snabb bromsning vid behov.<\/p>\n<p data-start=\"636\" data-end=\"696\">\ud83d\udcaa Stark och h\u00e5llbar &#8211; f\u00f6rst\u00e4rkta delar i nylon och legering.<\/p>\n<p data-start=\"699\" data-end=\"755\">\u270b Komfortgrepphandtag &#8211; Halkfritt och l\u00e4tt p\u00e5 h\u00e4nderna.<\/p>\n<p data-start=\"699\" data-end=\"755\"><img fetchpriority=\"high\" decoding=\"async\" class=\"size-full wp-image-22679 aligncenter\" src=\"https:\/\/mekulo.com\/template\/wp-content\/uploads\/sites\/6\/2026\/01\/S7a863709d38d47d7bde9f254ddfc93647.webp\" alt=\"\" width=\"970\" height=\"600\" \/><\/p>\n<h2 style=\"text-align: center\" data-start=\"757\" data-end=\"771\"><strong>Hur Man Anv\u00e4nder \ud83d\udccc<\/strong><\/h2>\n<ol data-start=\"772\" data-end=\"1043\">\n<li data-start=\"772\" data-end=\"829\">\n<p data-start=\"775\" data-end=\"829\">F\u00e4st varje kl\u00e4mma p\u00e5 dina hundars halsband eller sele.<\/p>\n<\/li>\n<li data-start=\"830\" data-end=\"874\">\n<p data-start=\"833\" data-end=\"874\">Justera varje koppell\u00e4ngd oberoende.<\/p>\n<\/li>\n<li data-start=\"875\" data-end=\"930\">\n<p data-start=\"878\" data-end=\"930\">Anv\u00e4nd bromsknappen f\u00f6r att l\u00e5sa eller sl\u00e4ppa efter behov.<\/p>\n<\/li>\n<li data-start=\"931\" data-end=\"991\">\n<p data-start=\"934\" data-end=\"991\">Sl\u00e5 p\u00e5 LED-lampan f\u00f6r natt- eller tidig morgonpromenader.<\/p>\n<\/li>\n<li data-start=\"992\" data-end=\"1043\">\n<p data-start=\"995\" data-end=\"1043\">Njut av en smidig, trasselfri promenad med b\u00e5da hundarna.<\/p>\n<\/li>\n<\/ol>\n<h2 style=\"text-align: center\" data-start=\"1045\" data-end=\"1064\"><strong>Produktdetaljer \ud83d\udccf<\/strong><\/h2>\n<ul data-start=\"1065\" data-end=\"1307\">\n<li data-start=\"1065\" data-end=\"1103\">\n<p data-start=\"1067\" data-end=\"1103\">Koppell\u00e4ngd: 3 m x 2<\/p>\n<\/li>\n<li data-start=\"1104\" data-end=\"1141\">\n<p data-start=\"1106\" data-end=\"1141\">Rotation: 360\u00b0 dubbelt sv\u00e4ngbart system<\/p>\n<\/li>\n<li data-start=\"1142\" data-end=\"1200\">\n<p data-start=\"1144\" data-end=\"1200\">Material: F\u00f6rst\u00e4rkt nylon + korrosionsbest\u00e4ndig legering<\/p>\n<\/li>\n<li data-start=\"1201\" data-end=\"1237\">\n<p data-start=\"1203\" data-end=\"1237\">Handtag: Ergonomiskt, halkfritt grepp<\/p>\n<\/li>\n<li data-start=\"1238\" data-end=\"1276\">\n<p data-start=\"1240\" data-end=\"1276\">LED-l\u00e4gen: Steady \/ Flash \/ Strobe<\/p>\n<\/li>\n<li data-start=\"1277\" data-end=\"1307\">\n<p data-start=\"1279\" data-end=\"1307\">Lastkapacitet: Upp till 25 kg<\/p>\n<\/li>\n<\/ul>\n<h2 style=\"text-align: center\" data-start=\"1309\" data-end=\"1329\"><strong>Paketet Inneh\u00e5ller \ud83d\udce6<\/strong><\/h2>\n<ul data-start=\"1330\" data-end=\"1377\" data-is-last-node=\"\" data-is-only-node=\"\">\n<li data-start=\"1330\" data-end=\"1377\" data-is-last-node=\"\">\n<p data-start=\"1332\" data-end=\"1377\" data-is-last-node=\"\">1x inf\u00e4llbart dubbelkoppel f\u00f6r hund med LED-lampa.<\/p>\n<\/li>\n<\/ul>\n","protected":false},"excerpt":{"rendered":"<p>\ud83d\udc15Med det h\u00e4r inf\u00e4llbara dubbelkopplet med LED-lampa kan du kontrollera tv\u00e5 hundar samtidigt utan knutar eller stress.<br \/>\n\ud83d\udd26Vardera kopplet str\u00e4cker sig oberoende av varandra medan den inbyggda LED-lampan h\u00e5ller dig synlig under nattpromenader.<br \/>\n\ud83d\udeb6Perfekt f\u00f6r dagliga promenader, ger b\u00e5da hundarna frihet samtidigt som du har full kontroll.<\/p>\n","protected":false},"featured_media":20574,"comment_status":"open","ping_status":"closed","template":"","meta":{"site-sidebar-layout":"default","site-content-layout":"","ast-site-content-layout":"default","site-content-style":"default","site-sidebar-style":"default","ast-global-header-display":"","ast-banner-title-visibility":"","ast-main-header-display":"","ast-hfb-above-header-display":"","ast-hfb-below-header-display":"","ast-hfb-mobile-header-display":"","site-post-title":"","ast-breadcrumbs-content":"","ast-featured-img":"","footer-sml-layout":"","theme-transparent-header-meta":"default","adv-header-id-meta":"","stick-header-meta":"","header-above-stick-meta":"","header-main-stick-meta":"","header-below-stick-meta":"","astra-migrate-meta-layouts":"set","ast-page-background-enabled":"default","ast-page-background-meta":{"desktop":{"background-color":"var(--ast-global-color-5)","background-image":"","background-repeat":"repeat","background-position":"center center","background-size":"auto","background-attachment":"scroll","background-type":"","background-media":"","overlay-type":"","overlay-color":"","overlay-opacity":"","overlay-gradient":""},"tablet":{"background-color":"","background-image":"","background-repeat":"repeat","background-position":"center center","background-size":"auto","background-attachment":"scroll","background-type":"","background-media":"","overlay-type":"","overlay-color":"","overlay-opacity":"","overlay-gradient":""},"mobile":{"background-color":"","background-image":"","background-repeat":"repeat","background-position":"center center","background-size":"auto","background-attachment":"scroll","background-type":"","background-media":"","overlay-type":"","overlay-color":"","overlay-opacity":"","overlay-gradient":""}},"ast-content-background-meta":{"desktop":{"background-color":"var(--ast-global-color-4)","background-image":"","background-repeat":"repeat","background-position":"center center","background-size":"auto","background-attachment":"scroll","background-type":"","background-media":"","overlay-type":"","overlay-color":"","overlay-opacity":"","overlay-gradient":""},"tablet":{"background-color":"var(--ast-global-color-4)","background-image":"","background-repeat":"repeat","background-position":"center center","background-size":"auto","background-attachment":"scroll","background-type":"","background-media":"","overlay-type":"","overlay-color":"","overlay-opacity":"","overlay-gradient":""},"mobile":{"background-color":"var(--ast-global-color-4)","background-image":"","background-repeat":"repeat","background-position":"center center","background-size":"auto","background-attachment":"scroll","background-type":"","background-media":"","overlay-type":"","overlay-color":"","overlay-opacity":"","overlay-gradient":""}}},"product_brand":[],"product_cat":[169],"product_tag":[],"class_list":{"0":"post-20578","1":"product","2":"type-product","3":"status-publish","4":"has-post-thumbnail","6":"product_cat-husdjursprodukter","7":"pa_52546_z7n6l6mx-bla","8":"pa_52546_z7n6l6mx-rod","9":"pa_52546_z7n6l6mx-svart","10":"desktop-align-left","11":"tablet-align-left","12":"mobile-align-left","14":"first","15":"instock","16":"shipping-taxable","17":"purchasable","18":"product-type-variable"},"yoast_head":"<!-- This site is optimized with the Yoast SEO plugin v26.6 - https:\/\/yoast.com\/wordpress\/plugins\/seo\/ -->\n<title>Upprullningsbart dubbelkoppel f\u00f6r hundar med LED-lampa - Mekulo SE<\/title>\n<meta name=\"robots\" content=\"index, follow, max-snippet:-1, max-image-preview:large, max-video-preview:-1\" \/>\n<link rel=\"canonical\" href=\"https:\/\/mekulo.com\/se\/produkt\/upprullningsbart-dubbelkoppel-for-hundar-med-led-lampa\/\" \/>\n<meta property=\"og:locale\" content=\"sv_SE\" \/>\n<meta property=\"og:type\" content=\"article\" \/>\n<meta property=\"og:title\" content=\"Upprullningsbart dubbelkoppel f\u00f6r hundar med LED-lampa - Mekulo SE\" \/>\n<meta property=\"og:description\" content=\"\ud83d\udc15Med det h\u00e4r inf\u00e4llbara dubbelkopplet med LED-lampa kan du kontrollera tv\u00e5 hundar samtidigt utan knutar eller stress. \ud83d\udd26Vardera kopplet str\u00e4cker sig oberoende av varandra medan den inbyggda LED-lampan h\u00e5ller dig synlig under nattpromenader. \ud83d\udeb6Perfekt f\u00f6r dagliga promenader, ger b\u00e5da hundarna frihet samtidigt som du har full kontroll.\" \/>\n<meta property=\"og:url\" content=\"https:\/\/mekulo.com\/se\/produkt\/upprullningsbart-dubbelkoppel-for-hundar-med-led-lampa\/\" \/>\n<meta property=\"og:site_name\" content=\"Mekulo SE\" \/>\n<meta property=\"article:modified_time\" content=\"2026-02-03T13:30:49+00:00\" \/>\n<meta property=\"og:image\" content=\"https:\/\/mekulo.com\/se\/wp-content\/uploads\/sites\/11\/2026\/02\/h68rr67-1.jpg\" \/>\n\t<meta property=\"og:image:width\" content=\"1080\" \/>\n\t<meta property=\"og:image:height\" content=\"1080\" \/>\n\t<meta property=\"og:image:type\" content=\"image\/jpeg\" \/>\n<meta name=\"twitter:card\" content=\"summary_large_image\" \/>\n<meta name=\"twitter:label1\" content=\"Ber\u00e4knad l\u00e4stid\" \/>\n\t<meta name=\"twitter:data1\" content=\"2 minuter\" \/>\n<script type=\"application\/ld+json\" class=\"yoast-schema-graph\">{\"@context\":\"https:\/\/schema.org\",\"@graph\":[{\"@type\":\"WebPage\",\"@id\":\"https:\/\/mekulo.com\/se\/produkt\/upprullningsbart-dubbelkoppel-for-hundar-med-led-lampa\/\",\"url\":\"https:\/\/mekulo.com\/se\/produkt\/upprullningsbart-dubbelkoppel-for-hundar-med-led-lampa\/\",\"name\":\"Upprullningsbart dubbelkoppel f\u00f6r hundar med LED-lampa - Mekulo SE\",\"isPartOf\":{\"@id\":\"https:\/\/mekulo.com\/se\/#website\"},\"primaryImageOfPage\":{\"@id\":\"https:\/\/mekulo.com\/se\/produkt\/upprullningsbart-dubbelkoppel-for-hundar-med-led-lampa\/#primaryimage\"},\"image\":{\"@id\":\"https:\/\/mekulo.com\/se\/produkt\/upprullningsbart-dubbelkoppel-for-hundar-med-led-lampa\/#primaryimage\"},\"thumbnailUrl\":\"https:\/\/mekulo.com\/se\/wp-content\/uploads\/sites\/11\/2026\/02\/h68rr67-1.jpg\",\"datePublished\":\"2026-02-03T13:30:37+00:00\",\"dateModified\":\"2026-02-03T13:30:49+00:00\",\"breadcrumb\":{\"@id\":\"https:\/\/mekulo.com\/se\/produkt\/upprullningsbart-dubbelkoppel-for-hundar-med-led-lampa\/#breadcrumb\"},\"inLanguage\":\"sv-SE\",\"potentialAction\":[{\"@type\":\"ReadAction\",\"target\":[\"https:\/\/mekulo.com\/se\/produkt\/upprullningsbart-dubbelkoppel-for-hundar-med-led-lampa\/\"]}]},{\"@type\":\"ImageObject\",\"inLanguage\":\"sv-SE\",\"@id\":\"https:\/\/mekulo.com\/se\/produkt\/upprullningsbart-dubbelkoppel-for-hundar-med-led-lampa\/#primaryimage\",\"url\":\"https:\/\/mekulo.com\/se\/wp-content\/uploads\/sites\/11\/2026\/02\/h68rr67-1.jpg\",\"contentUrl\":\"https:\/\/mekulo.com\/se\/wp-content\/uploads\/sites\/11\/2026\/02\/h68rr67-1.jpg\",\"width\":1080,\"height\":1080},{\"@type\":\"BreadcrumbList\",\"@id\":\"https:\/\/mekulo.com\/se\/produkt\/upprullningsbart-dubbelkoppel-for-hundar-med-led-lampa\/#breadcrumb\",\"itemListElement\":[{\"@type\":\"ListItem\",\"position\":1,\"name\":\"Home\",\"item\":\"https:\/\/mekulo.com\/se\/\"},{\"@type\":\"ListItem\",\"position\":2,\"name\":\"Butik\",\"item\":\"https:\/\/mekulo.com\/se\/butik\/\"},{\"@type\":\"ListItem\",\"position\":3,\"name\":\"Upprullningsbart dubbelkoppel f\u00f6r hundar med LED-lampa\"}]},{\"@type\":\"WebSite\",\"@id\":\"https:\/\/mekulo.com\/se\/#website\",\"url\":\"https:\/\/mekulo.com\/se\/\",\"name\":\"Mekulo SE\",\"description\":\"\",\"publisher\":{\"@id\":\"https:\/\/mekulo.com\/se\/#organization\"},\"potentialAction\":[{\"@type\":\"SearchAction\",\"target\":{\"@type\":\"EntryPoint\",\"urlTemplate\":\"https:\/\/mekulo.com\/se\/?s={search_term_string}\"},\"query-input\":{\"@type\":\"PropertyValueSpecification\",\"valueRequired\":true,\"valueName\":\"search_term_string\"}}],\"inLanguage\":\"sv-SE\"},{\"@type\":\"Organization\",\"@id\":\"https:\/\/mekulo.com\/se\/#organization\",\"name\":\"Mekulo\",\"url\":\"https:\/\/mekulo.com\/se\/\",\"logo\":{\"@type\":\"ImageObject\",\"inLanguage\":\"sv-SE\",\"@id\":\"https:\/\/mekulo.com\/se\/#\/schema\/logo\/image\/\",\"url\":\"https:\/\/mekulo.com\/se\/wp-content\/uploads\/sites\/11\/2025\/12\/favicon_mekulo.png\",\"contentUrl\":\"https:\/\/mekulo.com\/se\/wp-content\/uploads\/sites\/11\/2025\/12\/favicon_mekulo.png\",\"width\":50,\"height\":50,\"caption\":\"Mekulo\"},\"image\":{\"@id\":\"https:\/\/mekulo.com\/se\/#\/schema\/logo\/image\/\"}}]}<\/script>\n<!-- \/ Yoast SEO plugin. -->","yoast_head_json":{"title":"Upprullningsbart dubbelkoppel f\u00f6r hundar med LED-lampa - Mekulo SE","robots":{"index":"index","follow":"follow","max-snippet":"max-snippet:-1","max-image-preview":"max-image-preview:large","max-video-preview":"max-video-preview:-1"},"canonical":"https:\/\/mekulo.com\/se\/produkt\/upprullningsbart-dubbelkoppel-for-hundar-med-led-lampa\/","og_locale":"sv_SE","og_type":"article","og_title":"Upprullningsbart dubbelkoppel f\u00f6r hundar med LED-lampa - Mekulo SE","og_description":"\ud83d\udc15Med det h\u00e4r inf\u00e4llbara dubbelkopplet med LED-lampa kan du kontrollera tv\u00e5 hundar samtidigt utan knutar eller stress. \ud83d\udd26Vardera kopplet str\u00e4cker sig oberoende av varandra medan den inbyggda LED-lampan h\u00e5ller dig synlig under nattpromenader. \ud83d\udeb6Perfekt f\u00f6r dagliga promenader, ger b\u00e5da hundarna frihet samtidigt som du har full kontroll.","og_url":"https:\/\/mekulo.com\/se\/produkt\/upprullningsbart-dubbelkoppel-for-hundar-med-led-lampa\/","og_site_name":"Mekulo SE","article_modified_time":"2026-02-03T13:30:49+00:00","og_image":[{"width":1080,"height":1080,"url":"https:\/\/mekulo.com\/se\/wp-content\/uploads\/sites\/11\/2026\/02\/h68rr67-1.jpg","type":"image\/jpeg"}],"twitter_card":"summary_large_image","twitter_misc":{"Ber\u00e4knad l\u00e4stid":"2 minuter"},"schema":{"@context":"https:\/\/schema.org","@graph":[{"@type":"WebPage","@id":"https:\/\/mekulo.com\/se\/produkt\/upprullningsbart-dubbelkoppel-for-hundar-med-led-lampa\/","url":"https:\/\/mekulo.com\/se\/produkt\/upprullningsbart-dubbelkoppel-for-hundar-med-led-lampa\/","name":"Upprullningsbart dubbelkoppel f\u00f6r hundar med LED-lampa - Mekulo SE","isPartOf":{"@id":"https:\/\/mekulo.com\/se\/#website"},"primaryImageOfPage":{"@id":"https:\/\/mekulo.com\/se\/produkt\/upprullningsbart-dubbelkoppel-for-hundar-med-led-lampa\/#primaryimage"},"image":{"@id":"https:\/\/mekulo.com\/se\/produkt\/upprullningsbart-dubbelkoppel-for-hundar-med-led-lampa\/#primaryimage"},"thumbnailUrl":"https:\/\/mekulo.com\/se\/wp-content\/uploads\/sites\/11\/2026\/02\/h68rr67-1.jpg","datePublished":"2026-02-03T13:30:37+00:00","dateModified":"2026-02-03T13:30:49+00:00","breadcrumb":{"@id":"https:\/\/mekulo.com\/se\/produkt\/upprullningsbart-dubbelkoppel-for-hundar-med-led-lampa\/#breadcrumb"},"inLanguage":"sv-SE","potentialAction":[{"@type":"ReadAction","target":["https:\/\/mekulo.com\/se\/produkt\/upprullningsbart-dubbelkoppel-for-hundar-med-led-lampa\/"]}]},{"@type":"ImageObject","inLanguage":"sv-SE","@id":"https:\/\/mekulo.com\/se\/produkt\/upprullningsbart-dubbelkoppel-for-hundar-med-led-lampa\/#primaryimage","url":"https:\/\/mekulo.com\/se\/wp-content\/uploads\/sites\/11\/2026\/02\/h68rr67-1.jpg","contentUrl":"https:\/\/mekulo.com\/se\/wp-content\/uploads\/sites\/11\/2026\/02\/h68rr67-1.jpg","width":1080,"height":1080},{"@type":"BreadcrumbList","@id":"https:\/\/mekulo.com\/se\/produkt\/upprullningsbart-dubbelkoppel-for-hundar-med-led-lampa\/#breadcrumb","itemListElement":[{"@type":"ListItem","position":1,"name":"Home","item":"https:\/\/mekulo.com\/se\/"},{"@type":"ListItem","position":2,"name":"Butik","item":"https:\/\/mekulo.com\/se\/butik\/"},{"@type":"ListItem","position":3,"name":"Upprullningsbart dubbelkoppel f\u00f6r hundar med LED-lampa"}]},{"@type":"WebSite","@id":"https:\/\/mekulo.com\/se\/#website","url":"https:\/\/mekulo.com\/se\/","name":"Mekulo SE","description":"","publisher":{"@id":"https:\/\/mekulo.com\/se\/#organization"},"potentialAction":[{"@type":"SearchAction","target":{"@type":"EntryPoint","urlTemplate":"https:\/\/mekulo.com\/se\/?s={search_term_string}"},"query-input":{"@type":"PropertyValueSpecification","valueRequired":true,"valueName":"search_term_string"}}],"inLanguage":"sv-SE"},{"@type":"Organization","@id":"https:\/\/mekulo.com\/se\/#organization","name":"Mekulo","url":"https:\/\/mekulo.com\/se\/","logo":{"@type":"ImageObject","inLanguage":"sv-SE","@id":"https:\/\/mekulo.com\/se\/#\/schema\/logo\/image\/","url":"https:\/\/mekulo.com\/se\/wp-content\/uploads\/sites\/11\/2025\/12\/favicon_mekulo.png","contentUrl":"https:\/\/mekulo.com\/se\/wp-content\/uploads\/sites\/11\/2025\/12\/favicon_mekulo.png","width":50,"height":50,"caption":"Mekulo"},"image":{"@id":"https:\/\/mekulo.com\/se\/#\/schema\/logo\/image\/"}}]}},"_links":{"self":[{"href":"https:\/\/mekulo.com\/se\/wp-json\/wp\/v2\/product\/20578","targetHints":{"allow":["GET"]}}],"collection":[{"href":"https:\/\/mekulo.com\/se\/wp-json\/wp\/v2\/product"}],"about":[{"href":"https:\/\/mekulo.com\/se\/wp-json\/wp\/v2\/types\/product"}],"replies":[{"embeddable":true,"href":"https:\/\/mekulo.com\/se\/wp-json\/wp\/v2\/comments?post=20578"}],"wp:featuredmedia":[{"embeddable":true,"href":"https:\/\/mekulo.com\/se\/wp-json\/wp\/v2\/media\/20574"}],"wp:attachment":[{"href":"https:\/\/mekulo.com\/se\/wp-json\/wp\/v2\/media?parent=20578"}],"wp:term":[{"taxonomy":"product_brand","embeddable":true,"href":"https:\/\/mekulo.com\/se\/wp-json\/wp\/v2\/product_brand?post=20578"},{"taxonomy":"product_cat","embeddable":true,"href":"https:\/\/mekulo.com\/se\/wp-json\/wp\/v2\/product_cat?post=20578"},{"taxonomy":"product_tag","embeddable":true,"href":"https:\/\/mekulo.com\/se\/wp-json\/wp\/v2\/product_tag?post=20578"}],"curies":[{"name":"wp","href":"https:\/\/api.w.org\/{rel}","templated":true}]}}