{"id":20382,"date":"2026-01-30T07:53:53","date_gmt":"2026-01-30T05:53:53","guid":{"rendered":"https:\/\/mekulo.com\/se\/produkt\/snabbvaxlande-adapter-for-sexkantsskaft\/"},"modified":"2026-02-10T11:11:11","modified_gmt":"2026-02-10T09:11:11","slug":"snabbvaxlande-adapter-for-sexkantsskaft","status":"publish","type":"product","link":"https:\/\/mekulo.com\/se\/produkt\/snabbvaxlande-adapter-for-sexkantsskaft\/","title":{"rendered":"Snabbv\u00e4xlande adapter f\u00f6r sexkantsskaft"},"content":{"rendered":"<p style=\"text-align: center\" data-start=\"0\" data-end=\"69\"><strong data-start=\"0\" data-end=\"69\">Byt borr- och skruvmejselbitar direkt med ett snabbt klick. \ud83d\udd12<\/strong><\/p>\n<p data-start=\"0\" data-end=\"69\"><img fetchpriority=\"high\" decoding=\"async\" class=\"size-full wp-image-22662 aligncenter\" src=\"https:\/\/mekulo.com\/template\/wp-content\/uploads\/sites\/6\/2026\/01\/S6bd367478ee9423d9f3e4fa3f96f4d27Z.jpg_960x960q75.jpg_.avif\" alt=\"\" width=\"800\" height=\"800\" \/><\/p>\n<h2 style=\"text-align: center\" data-start=\"337\" data-end=\"354\"><strong>Huvudsakliga f\u00f6rdelar \u26a1<\/strong><\/h2>\n<p data-start=\"357\" data-end=\"408\">\u26a1 Snabba bitsbyten &#8211; Byt bits p\u00e5 en sekund.<\/p>\n<p data-start=\"411\" data-end=\"470\">\ud83d\udd12 S\u00e4kert l\u00e5ssystem &#8211; H\u00e5ller bitsen stadigt p\u00e5 plats.<\/p>\n<p data-start=\"473\" data-end=\"526\">\ud83d\udcaa Kraftigt st\u00e5l &#8211; Starkt och slitstarkt.<\/p>\n<p data-start=\"529\" data-end=\"589\">\u270b Enhandsman\u00f6vrering &#8211; Enkel tryck-och-sl\u00e4pp-design.<\/p>\n<p data-start=\"592\" data-end=\"653\">\ud83c\udfaf Stabil prestanda &#8211; H\u00f6g koncentricitet f\u00f6r noggrannhet.<\/p>\n<p data-start=\"656\" data-end=\"701\">\ud83d\udd27 Bred kompatibilitet &#8211; passar m\u00e5nga verktyg.<\/p>\n<p data-start=\"656\" data-end=\"701\"><img decoding=\"async\" class=\"size-full wp-image-22658 aligncenter\" src=\"https:\/\/mekulo.com\/template\/wp-content\/uploads\/sites\/6\/2026\/01\/27ced5c5760c4485c148c82e53319ed196c08be4-800.avif\" alt=\"\" \/><\/p>\n<h2 style=\"text-align: center\" data-start=\"703\" data-end=\"717\"><strong>Hur Man Anv\u00e4nder \ud83d\udccc<\/strong><\/h2>\n<ol data-start=\"718\" data-end=\"938\">\n<li data-start=\"718\" data-end=\"768\">\n<p data-start=\"721\" data-end=\"768\">F\u00f6r in adaptern i din borr eller drivdon.<\/p>\n<\/li>\n<li data-start=\"769\" data-end=\"818\">\n<p data-start=\"772\" data-end=\"818\">Tryck in borrkronan i h\u00e5llaren tills den l\u00e5ses.<\/p>\n<\/li>\n<li data-start=\"819\" data-end=\"847\">\n<p data-start=\"822\" data-end=\"847\">Anv\u00e4nd verktyget som vanligt.<\/p>\n<\/li>\n<li data-start=\"848\" data-end=\"896\">\n<p data-start=\"851\" data-end=\"896\">Tryck p\u00e5 frig\u00f6ringshylsan f\u00f6r att ta bort borrkronan.<\/p>\n<\/li>\n<li data-start=\"897\" data-end=\"938\">\n<p data-start=\"900\" data-end=\"938\">S\u00e4tt i en ny borrkrona och forts\u00e4tt arbeta.<\/p>\n<\/li>\n<\/ol>\n<h2 style=\"text-align: center\" data-start=\"940\" data-end=\"959\"><strong>Produktdetaljer \ud83d\udccf<\/strong><\/h2>\n<ul data-start=\"960\" data-end=\"1167\">\n<li data-start=\"960\" data-end=\"1001\">\n<p data-start=\"962\" data-end=\"1001\">Material: Kromvanadiumlegerat st\u00e5l<\/p>\n<\/li>\n<li data-start=\"1002\" data-end=\"1030\">\n<p data-start=\"1004\" data-end=\"1030\">Skafttyp: 0,6 cm sexkant<\/p>\n<\/li>\n<li data-start=\"1031\" data-end=\"1078\">\n<p data-start=\"1033\" data-end=\"1078\">L\u00e5sningssystem: Fj\u00e4derbelastad snabbkoppling<\/p>\n<\/li>\n<li data-start=\"1079\" data-end=\"1106\">\n<p data-start=\"1081\" data-end=\"1106\">Magnetism: Icke-magnetisk<\/p>\n<\/li>\n<li data-start=\"1107\" data-end=\"1167\">\n<p data-start=\"1109\" data-end=\"1167\">Kompatibilitet: Borrmaskiner, slagskruvdragare, handskruvmejslar<\/p>\n<\/li>\n<li data-start=\"1107\" data-end=\"1167\">Storlek: 60 x 24 x 6,3 mm<\/li>\n<\/ul>\n<h2 style=\"text-align: center\" data-start=\"1169\" data-end=\"1189\"><strong>Paketet Inneh\u00e5ller \ud83d\udce6<\/strong><\/h2>\n<ul data-start=\"1190\" data-end=\"1226\">\n<li data-start=\"1190\" data-end=\"1226\">\n<p data-start=\"1192\" data-end=\"1226\">1, 2, 4x snabbv\u00e4xlande sexkantsadapter.<\/p>\n<\/li>\n<\/ul>\n","protected":false},"excerpt":{"rendered":"<p>\u2699\ufe0fThis snabbv\u00e4xlande adapter f\u00f6r sexkantsskaft g\u00f6r att du kan byta bits snabbt med en hand och spara tid p\u00e5 varje uppgift.<br \/>\n\ud83e\udeb5 Tillverkad av starkt kromvanadiumst\u00e5l, h\u00e5ller bitsen stadigt och f\u00f6rb\u00e4ttrar arbetseffektiviteten.<br \/>\n\ud83d\udee0\ufe0fA m\u00e5ste-ha-verktyg f\u00f6r snabbare, smidigare borrnings- och f\u00e4stjobb.<\/p>\n","protected":false},"featured_media":20378,"comment_status":"open","ping_status":"closed","template":"","meta":{"site-sidebar-layout":"default","site-content-layout":"","ast-site-content-layout":"default","site-content-style":"default","site-sidebar-style":"default","ast-global-header-display":"","ast-banner-title-visibility":"","ast-main-header-display":"","ast-hfb-above-header-display":"","ast-hfb-below-header-display":"","ast-hfb-mobile-header-display":"","site-post-title":"","ast-breadcrumbs-content":"","ast-featured-img":"","footer-sml-layout":"","theme-transparent-header-meta":"default","adv-header-id-meta":"","stick-header-meta":"","header-above-stick-meta":"","header-main-stick-meta":"","header-below-stick-meta":"","astra-migrate-meta-layouts":"set","ast-page-background-enabled":"default","ast-page-background-meta":{"desktop":{"background-color":"var(--ast-global-color-5)","background-image":"","background-repeat":"repeat","background-position":"center center","background-size":"auto","background-attachment":"scroll","background-type":"","background-media":"","overlay-type":"","overlay-color":"","overlay-opacity":"","overlay-gradient":""},"tablet":{"background-color":"","background-image":"","background-repeat":"repeat","background-position":"center center","background-size":"auto","background-attachment":"scroll","background-type":"","background-media":"","overlay-type":"","overlay-color":"","overlay-opacity":"","overlay-gradient":""},"mobile":{"background-color":"","background-image":"","background-repeat":"repeat","background-position":"center center","background-size":"auto","background-attachment":"scroll","background-type":"","background-media":"","overlay-type":"","overlay-color":"","overlay-opacity":"","overlay-gradient":""}},"ast-content-background-meta":{"desktop":{"background-color":"var(--ast-global-color-4)","background-image":"","background-repeat":"repeat","background-position":"center center","background-size":"auto","background-attachment":"scroll","background-type":"","background-media":"","overlay-type":"","overlay-color":"","overlay-opacity":"","overlay-gradient":""},"tablet":{"background-color":"var(--ast-global-color-4)","background-image":"","background-repeat":"repeat","background-position":"center center","background-size":"auto","background-attachment":"scroll","background-type":"","background-media":"","overlay-type":"","overlay-color":"","overlay-opacity":"","overlay-gradient":""},"mobile":{"background-color":"var(--ast-global-color-4)","background-image":"","background-repeat":"repeat","background-position":"center center","background-size":"auto","background-attachment":"scroll","background-type":"","background-media":"","overlay-type":"","overlay-color":"","overlay-opacity":"","overlay-gradient":""}}},"product_brand":[],"product_cat":[171],"product_tag":[],"class_list":{"0":"post-20382","1":"product","2":"type-product","3":"status-publish","4":"has-post-thumbnail","6":"product_cat-verktyg","7":"pa_53480_lp59a1ot-1-st","8":"pa_53480_lp59a1ot-2-st","9":"pa_53480_lp59a1ot-4-st","10":"desktop-align-left","11":"tablet-align-left","12":"mobile-align-left","14":"first","15":"instock","16":"shipping-taxable","17":"purchasable","18":"product-type-variable"},"yoast_head":"<!-- This site is optimized with the Yoast SEO plugin v26.6 - https:\/\/yoast.com\/wordpress\/plugins\/seo\/ -->\n<title>Snabbv\u00e4xlande adapter f\u00f6r sexkantsskaft - Mekulo SE<\/title>\n<meta name=\"robots\" content=\"index, follow, max-snippet:-1, max-image-preview:large, max-video-preview:-1\" \/>\n<link rel=\"canonical\" href=\"https:\/\/mekulo.com\/se\/produkt\/snabbvaxlande-adapter-for-sexkantsskaft\/\" \/>\n<meta property=\"og:locale\" content=\"sv_SE\" \/>\n<meta property=\"og:type\" content=\"article\" \/>\n<meta property=\"og:title\" content=\"Snabbv\u00e4xlande adapter f\u00f6r sexkantsskaft - Mekulo SE\" \/>\n<meta property=\"og:description\" content=\"\u2699\ufe0fThis snabbv\u00e4xlande adapter f\u00f6r sexkantsskaft g\u00f6r att du kan byta bits snabbt med en hand och spara tid p\u00e5 varje uppgift. \ud83e\udeb5 Tillverkad av starkt kromvanadiumst\u00e5l, h\u00e5ller bitsen stadigt och f\u00f6rb\u00e4ttrar arbetseffektiviteten. \ud83d\udee0\ufe0fA m\u00e5ste-ha-verktyg f\u00f6r snabbare, smidigare borrnings- och f\u00e4stjobb.\" \/>\n<meta property=\"og:url\" content=\"https:\/\/mekulo.com\/se\/produkt\/snabbvaxlande-adapter-for-sexkantsskaft\/\" \/>\n<meta property=\"og:site_name\" content=\"Mekulo SE\" \/>\n<meta property=\"article:modified_time\" content=\"2026-02-10T09:11:11+00:00\" \/>\n<meta property=\"og:image\" content=\"https:\/\/mekulo.com\/se\/wp-content\/uploads\/sites\/11\/2026\/01\/ejkl2jc-1.jpg\" \/>\n\t<meta property=\"og:image:width\" content=\"800\" \/>\n\t<meta property=\"og:image:height\" content=\"800\" \/>\n\t<meta property=\"og:image:type\" content=\"image\/jpeg\" \/>\n<meta name=\"twitter:card\" content=\"summary_large_image\" \/>\n<meta name=\"twitter:label1\" content=\"Ber\u00e4knad l\u00e4stid\" \/>\n\t<meta name=\"twitter:data1\" content=\"2 minuter\" \/>\n<script type=\"application\/ld+json\" class=\"yoast-schema-graph\">{\"@context\":\"https:\/\/schema.org\",\"@graph\":[{\"@type\":\"WebPage\",\"@id\":\"https:\/\/mekulo.com\/se\/produkt\/snabbvaxlande-adapter-for-sexkantsskaft\/\",\"url\":\"https:\/\/mekulo.com\/se\/produkt\/snabbvaxlande-adapter-for-sexkantsskaft\/\",\"name\":\"Snabbv\u00e4xlande adapter f\u00f6r sexkantsskaft - Mekulo SE\",\"isPartOf\":{\"@id\":\"https:\/\/mekulo.com\/se\/#website\"},\"primaryImageOfPage\":{\"@id\":\"https:\/\/mekulo.com\/se\/produkt\/snabbvaxlande-adapter-for-sexkantsskaft\/#primaryimage\"},\"image\":{\"@id\":\"https:\/\/mekulo.com\/se\/produkt\/snabbvaxlande-adapter-for-sexkantsskaft\/#primaryimage\"},\"thumbnailUrl\":\"https:\/\/mekulo.com\/se\/wp-content\/uploads\/sites\/11\/2026\/01\/ejkl2jc-1.jpg\",\"datePublished\":\"2026-01-30T05:53:53+00:00\",\"dateModified\":\"2026-02-10T09:11:11+00:00\",\"breadcrumb\":{\"@id\":\"https:\/\/mekulo.com\/se\/produkt\/snabbvaxlande-adapter-for-sexkantsskaft\/#breadcrumb\"},\"inLanguage\":\"sv-SE\",\"potentialAction\":[{\"@type\":\"ReadAction\",\"target\":[\"https:\/\/mekulo.com\/se\/produkt\/snabbvaxlande-adapter-for-sexkantsskaft\/\"]}]},{\"@type\":\"ImageObject\",\"inLanguage\":\"sv-SE\",\"@id\":\"https:\/\/mekulo.com\/se\/produkt\/snabbvaxlande-adapter-for-sexkantsskaft\/#primaryimage\",\"url\":\"https:\/\/mekulo.com\/se\/wp-content\/uploads\/sites\/11\/2026\/01\/ejkl2jc-1.jpg\",\"contentUrl\":\"https:\/\/mekulo.com\/se\/wp-content\/uploads\/sites\/11\/2026\/01\/ejkl2jc-1.jpg\",\"width\":800,\"height\":800},{\"@type\":\"BreadcrumbList\",\"@id\":\"https:\/\/mekulo.com\/se\/produkt\/snabbvaxlande-adapter-for-sexkantsskaft\/#breadcrumb\",\"itemListElement\":[{\"@type\":\"ListItem\",\"position\":1,\"name\":\"Home\",\"item\":\"https:\/\/mekulo.com\/se\/\"},{\"@type\":\"ListItem\",\"position\":2,\"name\":\"Butik\",\"item\":\"https:\/\/mekulo.com\/se\/butik\/\"},{\"@type\":\"ListItem\",\"position\":3,\"name\":\"Snabbv\u00e4xlande adapter f\u00f6r sexkantsskaft\"}]},{\"@type\":\"WebSite\",\"@id\":\"https:\/\/mekulo.com\/se\/#website\",\"url\":\"https:\/\/mekulo.com\/se\/\",\"name\":\"Mekulo SE\",\"description\":\"\",\"publisher\":{\"@id\":\"https:\/\/mekulo.com\/se\/#organization\"},\"potentialAction\":[{\"@type\":\"SearchAction\",\"target\":{\"@type\":\"EntryPoint\",\"urlTemplate\":\"https:\/\/mekulo.com\/se\/?s={search_term_string}\"},\"query-input\":{\"@type\":\"PropertyValueSpecification\",\"valueRequired\":true,\"valueName\":\"search_term_string\"}}],\"inLanguage\":\"sv-SE\"},{\"@type\":\"Organization\",\"@id\":\"https:\/\/mekulo.com\/se\/#organization\",\"name\":\"Mekulo\",\"url\":\"https:\/\/mekulo.com\/se\/\",\"logo\":{\"@type\":\"ImageObject\",\"inLanguage\":\"sv-SE\",\"@id\":\"https:\/\/mekulo.com\/se\/#\/schema\/logo\/image\/\",\"url\":\"https:\/\/mekulo.com\/se\/wp-content\/uploads\/sites\/11\/2025\/12\/favicon_mekulo.png\",\"contentUrl\":\"https:\/\/mekulo.com\/se\/wp-content\/uploads\/sites\/11\/2025\/12\/favicon_mekulo.png\",\"width\":50,\"height\":50,\"caption\":\"Mekulo\"},\"image\":{\"@id\":\"https:\/\/mekulo.com\/se\/#\/schema\/logo\/image\/\"}}]}<\/script>\n<!-- \/ Yoast SEO plugin. -->","yoast_head_json":{"title":"Snabbv\u00e4xlande adapter f\u00f6r sexkantsskaft - Mekulo SE","robots":{"index":"index","follow":"follow","max-snippet":"max-snippet:-1","max-image-preview":"max-image-preview:large","max-video-preview":"max-video-preview:-1"},"canonical":"https:\/\/mekulo.com\/se\/produkt\/snabbvaxlande-adapter-for-sexkantsskaft\/","og_locale":"sv_SE","og_type":"article","og_title":"Snabbv\u00e4xlande adapter f\u00f6r sexkantsskaft - Mekulo SE","og_description":"\u2699\ufe0fThis snabbv\u00e4xlande adapter f\u00f6r sexkantsskaft g\u00f6r att du kan byta bits snabbt med en hand och spara tid p\u00e5 varje uppgift. \ud83e\udeb5 Tillverkad av starkt kromvanadiumst\u00e5l, h\u00e5ller bitsen stadigt och f\u00f6rb\u00e4ttrar arbetseffektiviteten. \ud83d\udee0\ufe0fA m\u00e5ste-ha-verktyg f\u00f6r snabbare, smidigare borrnings- och f\u00e4stjobb.","og_url":"https:\/\/mekulo.com\/se\/produkt\/snabbvaxlande-adapter-for-sexkantsskaft\/","og_site_name":"Mekulo SE","article_modified_time":"2026-02-10T09:11:11+00:00","og_image":[{"width":800,"height":800,"url":"https:\/\/mekulo.com\/se\/wp-content\/uploads\/sites\/11\/2026\/01\/ejkl2jc-1.jpg","type":"image\/jpeg"}],"twitter_card":"summary_large_image","twitter_misc":{"Ber\u00e4knad l\u00e4stid":"2 minuter"},"schema":{"@context":"https:\/\/schema.org","@graph":[{"@type":"WebPage","@id":"https:\/\/mekulo.com\/se\/produkt\/snabbvaxlande-adapter-for-sexkantsskaft\/","url":"https:\/\/mekulo.com\/se\/produkt\/snabbvaxlande-adapter-for-sexkantsskaft\/","name":"Snabbv\u00e4xlande adapter f\u00f6r sexkantsskaft - Mekulo SE","isPartOf":{"@id":"https:\/\/mekulo.com\/se\/#website"},"primaryImageOfPage":{"@id":"https:\/\/mekulo.com\/se\/produkt\/snabbvaxlande-adapter-for-sexkantsskaft\/#primaryimage"},"image":{"@id":"https:\/\/mekulo.com\/se\/produkt\/snabbvaxlande-adapter-for-sexkantsskaft\/#primaryimage"},"thumbnailUrl":"https:\/\/mekulo.com\/se\/wp-content\/uploads\/sites\/11\/2026\/01\/ejkl2jc-1.jpg","datePublished":"2026-01-30T05:53:53+00:00","dateModified":"2026-02-10T09:11:11+00:00","breadcrumb":{"@id":"https:\/\/mekulo.com\/se\/produkt\/snabbvaxlande-adapter-for-sexkantsskaft\/#breadcrumb"},"inLanguage":"sv-SE","potentialAction":[{"@type":"ReadAction","target":["https:\/\/mekulo.com\/se\/produkt\/snabbvaxlande-adapter-for-sexkantsskaft\/"]}]},{"@type":"ImageObject","inLanguage":"sv-SE","@id":"https:\/\/mekulo.com\/se\/produkt\/snabbvaxlande-adapter-for-sexkantsskaft\/#primaryimage","url":"https:\/\/mekulo.com\/se\/wp-content\/uploads\/sites\/11\/2026\/01\/ejkl2jc-1.jpg","contentUrl":"https:\/\/mekulo.com\/se\/wp-content\/uploads\/sites\/11\/2026\/01\/ejkl2jc-1.jpg","width":800,"height":800},{"@type":"BreadcrumbList","@id":"https:\/\/mekulo.com\/se\/produkt\/snabbvaxlande-adapter-for-sexkantsskaft\/#breadcrumb","itemListElement":[{"@type":"ListItem","position":1,"name":"Home","item":"https:\/\/mekulo.com\/se\/"},{"@type":"ListItem","position":2,"name":"Butik","item":"https:\/\/mekulo.com\/se\/butik\/"},{"@type":"ListItem","position":3,"name":"Snabbv\u00e4xlande adapter f\u00f6r sexkantsskaft"}]},{"@type":"WebSite","@id":"https:\/\/mekulo.com\/se\/#website","url":"https:\/\/mekulo.com\/se\/","name":"Mekulo SE","description":"","publisher":{"@id":"https:\/\/mekulo.com\/se\/#organization"},"potentialAction":[{"@type":"SearchAction","target":{"@type":"EntryPoint","urlTemplate":"https:\/\/mekulo.com\/se\/?s={search_term_string}"},"query-input":{"@type":"PropertyValueSpecification","valueRequired":true,"valueName":"search_term_string"}}],"inLanguage":"sv-SE"},{"@type":"Organization","@id":"https:\/\/mekulo.com\/se\/#organization","name":"Mekulo","url":"https:\/\/mekulo.com\/se\/","logo":{"@type":"ImageObject","inLanguage":"sv-SE","@id":"https:\/\/mekulo.com\/se\/#\/schema\/logo\/image\/","url":"https:\/\/mekulo.com\/se\/wp-content\/uploads\/sites\/11\/2025\/12\/favicon_mekulo.png","contentUrl":"https:\/\/mekulo.com\/se\/wp-content\/uploads\/sites\/11\/2025\/12\/favicon_mekulo.png","width":50,"height":50,"caption":"Mekulo"},"image":{"@id":"https:\/\/mekulo.com\/se\/#\/schema\/logo\/image\/"}}]}},"_links":{"self":[{"href":"https:\/\/mekulo.com\/se\/wp-json\/wp\/v2\/product\/20382","targetHints":{"allow":["GET"]}}],"collection":[{"href":"https:\/\/mekulo.com\/se\/wp-json\/wp\/v2\/product"}],"about":[{"href":"https:\/\/mekulo.com\/se\/wp-json\/wp\/v2\/types\/product"}],"replies":[{"embeddable":true,"href":"https:\/\/mekulo.com\/se\/wp-json\/wp\/v2\/comments?post=20382"}],"wp:featuredmedia":[{"embeddable":true,"href":"https:\/\/mekulo.com\/se\/wp-json\/wp\/v2\/media\/20378"}],"wp:attachment":[{"href":"https:\/\/mekulo.com\/se\/wp-json\/wp\/v2\/media?parent=20382"}],"wp:term":[{"taxonomy":"product_brand","embeddable":true,"href":"https:\/\/mekulo.com\/se\/wp-json\/wp\/v2\/product_brand?post=20382"},{"taxonomy":"product_cat","embeddable":true,"href":"https:\/\/mekulo.com\/se\/wp-json\/wp\/v2\/product_cat?post=20382"},{"taxonomy":"product_tag","embeddable":true,"href":"https:\/\/mekulo.com\/se\/wp-json\/wp\/v2\/product_tag?post=20382"}],"curies":[{"name":"wp","href":"https:\/\/api.w.org\/{rel}","templated":true}]}}