{"id":20371,"date":"2026-01-30T07:52:37","date_gmt":"2026-01-30T05:52:37","guid":{"rendered":"https:\/\/mekulo.com\/se\/produkt\/adapter-for-vinkelslip-till-rakslip\/"},"modified":"2026-02-10T11:09:35","modified_gmt":"2026-02-10T09:09:35","slug":"adapter-for-vinkelslip-till-rakslip","status":"publish","type":"product","link":"https:\/\/mekulo.com\/se\/produkt\/adapter-for-vinkelslip-till-rakslip\/","title":{"rendered":"Adapter f\u00f6r vinkelslip till rakslip"},"content":{"rendered":"<p style=\"text-align: center\" data-start=\"0\" data-end=\"69\"><strong data-start=\"0\" data-end=\"69\">F\u00f6rvandla din vinkelslip till en rakslip f\u00f6r exakt arbete. \ud83d\udcd0<\/strong><\/p>\n<p data-start=\"0\" data-end=\"69\"><img fetchpriority=\"high\" decoding=\"async\" class=\"size-full wp-image-22650 aligncenter\" src=\"https:\/\/mekulo.com\/template\/wp-content\/uploads\/sites\/6\/2026\/01\/83b951b38a45523524a24cf40ffdeaf48998ac65-800.jpg\" alt=\"\" width=\"1080\" height=\"1080\" \/><\/p>\n<h2 style=\"text-align: center\" data-start=\"412\" data-end=\"429\"><strong>Huvudf\u00f6rdelar \ud83d\udee0\ufe0f<\/strong><\/h2>\n<p data-start=\"432\" data-end=\"505\">\ud83d\udd04 Verktygskonvertering &#8211; F\u00f6rvandlar en vinkelslip till en rakslip.<\/p>\n<p data-start=\"508\" data-end=\"578\">\u2699\ufe0f Bred bits-kompatibilitet &#8211; St\u00f6der 3 mm och 6 mm slipbitar.<\/p>\n<p data-start=\"581\" data-end=\"635\">\ud83d\udee0\ufe0f Enkel installation &#8211; Passar slipmaskiner med M10-g\u00e4nga.<\/p>\n<p data-start=\"638\" data-end=\"692\">\ud83d\udcaa Stark metallkonstruktion &#8211; H\u00e5llbar och l\u00e5ngvarig.<\/p>\n<p data-start=\"695\" data-end=\"750\">\u270b L\u00e4ttviktsdesign &#8211; Bekv\u00e4m f\u00f6r l\u00e4ngre anv\u00e4ndning.<\/p>\n<p data-start=\"753\" data-end=\"806\">\ud83c\udfaf F\u00f6rb\u00e4ttrad precision &#8211; Perfekt f\u00f6r detaljarbete.<\/p>\n<p data-start=\"753\" data-end=\"806\"><img decoding=\"async\" class=\"size-full wp-image-22655 aligncenter\" src=\"https:\/\/mekulo.com\/template\/wp-content\/uploads\/sites\/6\/2026\/01\/5dcbbfe0631e3748be768f0c50d3cab0881061cb-800.avif\" alt=\"\" \/><\/p>\n<h2 style=\"text-align: center\" data-start=\"808\" data-end=\"822\"><strong>Anv\u00e4ndning \ud83d\udccc<\/strong><\/h2>\n<ol data-start=\"823\" data-end=\"1096\">\n<li data-start=\"823\" data-end=\"875\">\n<p data-start=\"826\" data-end=\"875\">Se till att din vinkelslip har en M10-g\u00e4nga.<\/p>\n<\/li>\n<li data-start=\"876\" data-end=\"922\">\n<p data-start=\"879\" data-end=\"922\">S\u00e4tt fast adaptern ordentligt p\u00e5 slipmaskinen.<\/p>\n<\/li>\n<li data-start=\"923\" data-end=\"967\">\n<p data-start=\"926\" data-end=\"967\">S\u00e4tt i slipbiten i chucken.<\/p>\n<\/li>\n<li data-start=\"968\" data-end=\"1000\">\n<p data-start=\"971\" data-end=\"1000\">Dra \u00e5t chucken ordentligt.<\/p>\n<\/li>\n<li data-start=\"1001\" data-end=\"1044\">\n<p data-start=\"1004\" data-end=\"1044\">K\u00f6r ett tomg\u00e5ngstest innan du b\u00f6rjar arbeta.<\/p>\n<\/li>\n<li data-start=\"1045\" data-end=\"1096\">\n<p data-start=\"1048\" data-end=\"1096\">B\u00f6rja slipa, polera eller slipa efter behov.<\/p>\n<\/li>\n<\/ol>\n<h2 style=\"text-align: center\" data-start=\"1098\" data-end=\"1117\"><strong>Produktdetaljer \ud83d\udccf<\/strong><\/h2>\n<ul data-start=\"1118\" data-end=\"1302\">\n<li data-start=\"1118\" data-end=\"1137\">\n<p data-start=\"1120\" data-end=\"1137\">Material: Metall<\/p>\n<\/li>\n<li data-start=\"1155\" data-end=\"1181\">\n<p data-start=\"1157\" data-end=\"1181\">Typ av g\u00e4nga: M10 x 1,5<\/p>\n<\/li>\n<li data-start=\"1182\" data-end=\"1210\">\n<p data-start=\"1184\" data-end=\"1210\">Chuckstorlekar: 3 mm \/ 6 mm<\/p>\n<\/li>\n<li data-start=\"1211\" data-end=\"1234\">\n<p data-start=\"1213\" data-end=\"1234\">Produktstorlek: 50 mm<\/p>\n<\/li>\n<li data-start=\"1235\" data-end=\"1255\">\n<p data-start=\"1237\" data-end=\"1255\">Nettovikt: 66 g<\/p>\n<\/li>\n<li data-start=\"1256\" data-end=\"1302\">\n<p data-start=\"1258\" data-end=\"1302\">Kompatibel slipmaskin: Vinkelslip av 100-typ<\/p>\n<\/li>\n<\/ul>\n<h2 style=\"text-align: center\" data-start=\"1304\" data-end=\"1324\"><strong>Paketet inneh\u00e5ller \ud83d\udce6<\/strong><\/h2>\n<ul data-start=\"1325\" data-end=\"1372\">\n<li data-start=\"1325\" data-end=\"1372\">\n<p data-start=\"1327\" data-end=\"1372\">1x konverteringshuvud (adapterkropp)<\/p>\n<\/li>\n<li data-start=\"1325\" data-end=\"1372\">\n<p data-start=\"1327\" data-end=\"1372\">1x mutter<\/p>\n<\/li>\n<li data-start=\"1325\" data-end=\"1372\">\n<p data-start=\"1327\" data-end=\"1372\">1x 6mm chuck<\/p>\n<\/li>\n<li data-start=\"1325\" data-end=\"1372\">1x 3mm chuck.<\/li>\n<\/ul>\n","protected":false},"excerpt":{"rendered":"<p>\ud83d\udcd0Med denna adapter f\u00f6r vinkelslip till rakslip kan du anv\u00e4nda din vinkelslip f\u00f6r detaljerad slipning, polering, slipning och kapning.<br \/>\n\u2699\ufe0fIt installeras snabbt och h\u00e5ller olika slipbitar s\u00e4kert p\u00e5 plats, vilket ger dig mer kontroll och flexibilitet.<br \/>\n\ud83d\udee0\ufe0fA smart till\u00e4gg som ut\u00f6kar vad ditt befintliga verktyg kan g\u00f6ra utan att du beh\u00f6ver k\u00f6pa en ny maskin.<\/p>\n","protected":false},"featured_media":20367,"comment_status":"open","ping_status":"closed","template":"","meta":{"site-sidebar-layout":"default","site-content-layout":"","ast-site-content-layout":"default","site-content-style":"default","site-sidebar-style":"default","ast-global-header-display":"","ast-banner-title-visibility":"","ast-main-header-display":"","ast-hfb-above-header-display":"","ast-hfb-below-header-display":"","ast-hfb-mobile-header-display":"","site-post-title":"","ast-breadcrumbs-content":"","ast-featured-img":"","footer-sml-layout":"","theme-transparent-header-meta":"default","adv-header-id-meta":"","stick-header-meta":"","header-above-stick-meta":"","header-main-stick-meta":"","header-below-stick-meta":"","astra-migrate-meta-layouts":"set","ast-page-background-enabled":"default","ast-page-background-meta":{"desktop":{"background-color":"var(--ast-global-color-5)","background-image":"","background-repeat":"repeat","background-position":"center center","background-size":"auto","background-attachment":"scroll","background-type":"","background-media":"","overlay-type":"","overlay-color":"","overlay-opacity":"","overlay-gradient":""},"tablet":{"background-color":"","background-image":"","background-repeat":"repeat","background-position":"center center","background-size":"auto","background-attachment":"scroll","background-type":"","background-media":"","overlay-type":"","overlay-color":"","overlay-opacity":"","overlay-gradient":""},"mobile":{"background-color":"","background-image":"","background-repeat":"repeat","background-position":"center center","background-size":"auto","background-attachment":"scroll","background-type":"","background-media":"","overlay-type":"","overlay-color":"","overlay-opacity":"","overlay-gradient":""}},"ast-content-background-meta":{"desktop":{"background-color":"var(--ast-global-color-4)","background-image":"","background-repeat":"repeat","background-position":"center center","background-size":"auto","background-attachment":"scroll","background-type":"","background-media":"","overlay-type":"","overlay-color":"","overlay-opacity":"","overlay-gradient":""},"tablet":{"background-color":"var(--ast-global-color-4)","background-image":"","background-repeat":"repeat","background-position":"center center","background-size":"auto","background-attachment":"scroll","background-type":"","background-media":"","overlay-type":"","overlay-color":"","overlay-opacity":"","overlay-gradient":""},"mobile":{"background-color":"var(--ast-global-color-4)","background-image":"","background-repeat":"repeat","background-position":"center center","background-size":"auto","background-attachment":"scroll","background-type":"","background-media":"","overlay-type":"","overlay-color":"","overlay-opacity":"","overlay-gradient":""}}},"product_brand":[],"product_cat":[171],"product_tag":[],"class_list":{"0":"post-20371","1":"product","2":"type-product","3":"status-publish","4":"has-post-thumbnail","6":"product_cat-verktyg","7":"desktop-align-left","8":"tablet-align-left","9":"mobile-align-left","11":"first","12":"instock","13":"shipping-taxable","14":"purchasable","15":"product-type-simple"},"yoast_head":"<!-- This site is optimized with the Yoast SEO plugin v26.6 - https:\/\/yoast.com\/wordpress\/plugins\/seo\/ -->\n<title>Adapter f\u00f6r vinkelslip till rakslip - Mekulo SE<\/title>\n<meta name=\"robots\" content=\"index, follow, max-snippet:-1, max-image-preview:large, max-video-preview:-1\" \/>\n<link rel=\"canonical\" href=\"https:\/\/mekulo.com\/se\/produkt\/adapter-for-vinkelslip-till-rakslip\/\" \/>\n<meta property=\"og:locale\" content=\"en_US\" \/>\n<meta property=\"og:type\" content=\"article\" \/>\n<meta property=\"og:title\" content=\"Adapter f\u00f6r vinkelslip till rakslip - Mekulo SE\" \/>\n<meta property=\"og:description\" content=\"\ud83d\udcd0Med denna adapter f\u00f6r vinkelslip till rakslip kan du anv\u00e4nda din vinkelslip f\u00f6r detaljerad slipning, polering, slipning och kapning. \u2699\ufe0fIt installeras snabbt och h\u00e5ller olika slipbitar s\u00e4kert p\u00e5 plats, vilket ger dig mer kontroll och flexibilitet. \ud83d\udee0\ufe0fA smart till\u00e4gg som ut\u00f6kar vad ditt befintliga verktyg kan g\u00f6ra utan att du beh\u00f6ver k\u00f6pa en ny maskin.\" \/>\n<meta property=\"og:url\" content=\"https:\/\/mekulo.com\/se\/produkt\/adapter-for-vinkelslip-till-rakslip\/\" \/>\n<meta property=\"og:site_name\" content=\"Mekulo SE\" \/>\n<meta property=\"article:modified_time\" content=\"2026-02-10T09:09:35+00:00\" \/>\n<meta property=\"og:image\" content=\"https:\/\/mekulo.com\/se\/wp-content\/uploads\/sites\/11\/2026\/01\/jj4ubsm-1.jpg\" \/>\n\t<meta property=\"og:image:width\" content=\"900\" \/>\n\t<meta property=\"og:image:height\" content=\"852\" \/>\n\t<meta property=\"og:image:type\" content=\"image\/jpeg\" \/>\n<meta name=\"twitter:card\" content=\"summary_large_image\" \/>\n<meta name=\"twitter:label1\" content=\"Est. reading time\" \/>\n\t<meta name=\"twitter:data1\" content=\"2 minutes\" \/>\n<script type=\"application\/ld+json\" class=\"yoast-schema-graph\">{\"@context\":\"https:\/\/schema.org\",\"@graph\":[{\"@type\":\"WebPage\",\"@id\":\"https:\/\/mekulo.com\/se\/produkt\/adapter-for-vinkelslip-till-rakslip\/\",\"url\":\"https:\/\/mekulo.com\/se\/produkt\/adapter-for-vinkelslip-till-rakslip\/\",\"name\":\"Adapter f\u00f6r vinkelslip till rakslip - Mekulo SE\",\"isPartOf\":{\"@id\":\"https:\/\/mekulo.com\/se\/#website\"},\"primaryImageOfPage\":{\"@id\":\"https:\/\/mekulo.com\/se\/produkt\/adapter-for-vinkelslip-till-rakslip\/#primaryimage\"},\"image\":{\"@id\":\"https:\/\/mekulo.com\/se\/produkt\/adapter-for-vinkelslip-till-rakslip\/#primaryimage\"},\"thumbnailUrl\":\"https:\/\/mekulo.com\/se\/wp-content\/uploads\/sites\/11\/2026\/01\/jj4ubsm-1.jpg\",\"datePublished\":\"2026-01-30T05:52:37+00:00\",\"dateModified\":\"2026-02-10T09:09:35+00:00\",\"breadcrumb\":{\"@id\":\"https:\/\/mekulo.com\/se\/produkt\/adapter-for-vinkelslip-till-rakslip\/#breadcrumb\"},\"inLanguage\":\"en-US\",\"potentialAction\":[{\"@type\":\"ReadAction\",\"target\":[\"https:\/\/mekulo.com\/se\/produkt\/adapter-for-vinkelslip-till-rakslip\/\"]}]},{\"@type\":\"ImageObject\",\"inLanguage\":\"en-US\",\"@id\":\"https:\/\/mekulo.com\/se\/produkt\/adapter-for-vinkelslip-till-rakslip\/#primaryimage\",\"url\":\"https:\/\/mekulo.com\/se\/wp-content\/uploads\/sites\/11\/2026\/01\/jj4ubsm-1.jpg\",\"contentUrl\":\"https:\/\/mekulo.com\/se\/wp-content\/uploads\/sites\/11\/2026\/01\/jj4ubsm-1.jpg\",\"width\":900,\"height\":852},{\"@type\":\"BreadcrumbList\",\"@id\":\"https:\/\/mekulo.com\/se\/produkt\/adapter-for-vinkelslip-till-rakslip\/#breadcrumb\",\"itemListElement\":[{\"@type\":\"ListItem\",\"position\":1,\"name\":\"Home\",\"item\":\"https:\/\/mekulo.com\/se\/\"},{\"@type\":\"ListItem\",\"position\":2,\"name\":\"Butik\",\"item\":\"https:\/\/mekulo.com\/se\/butik\/\"},{\"@type\":\"ListItem\",\"position\":3,\"name\":\"Adapter f\u00f6r vinkelslip till rakslip\"}]},{\"@type\":\"WebSite\",\"@id\":\"https:\/\/mekulo.com\/se\/#website\",\"url\":\"https:\/\/mekulo.com\/se\/\",\"name\":\"Mekulo SE\",\"description\":\"\",\"publisher\":{\"@id\":\"https:\/\/mekulo.com\/se\/#organization\"},\"potentialAction\":[{\"@type\":\"SearchAction\",\"target\":{\"@type\":\"EntryPoint\",\"urlTemplate\":\"https:\/\/mekulo.com\/se\/?s={search_term_string}\"},\"query-input\":{\"@type\":\"PropertyValueSpecification\",\"valueRequired\":true,\"valueName\":\"search_term_string\"}}],\"inLanguage\":\"en-US\"},{\"@type\":\"Organization\",\"@id\":\"https:\/\/mekulo.com\/se\/#organization\",\"name\":\"Mekulo\",\"url\":\"https:\/\/mekulo.com\/se\/\",\"logo\":{\"@type\":\"ImageObject\",\"inLanguage\":\"en-US\",\"@id\":\"https:\/\/mekulo.com\/se\/#\/schema\/logo\/image\/\",\"url\":\"https:\/\/mekulo.com\/se\/wp-content\/uploads\/sites\/11\/2025\/12\/favicon_mekulo.png\",\"contentUrl\":\"https:\/\/mekulo.com\/se\/wp-content\/uploads\/sites\/11\/2025\/12\/favicon_mekulo.png\",\"width\":50,\"height\":50,\"caption\":\"Mekulo\"},\"image\":{\"@id\":\"https:\/\/mekulo.com\/se\/#\/schema\/logo\/image\/\"}}]}<\/script>\n<!-- \/ Yoast SEO plugin. -->","yoast_head_json":{"title":"Adapter f\u00f6r vinkelslip till rakslip - Mekulo SE","robots":{"index":"index","follow":"follow","max-snippet":"max-snippet:-1","max-image-preview":"max-image-preview:large","max-video-preview":"max-video-preview:-1"},"canonical":"https:\/\/mekulo.com\/se\/produkt\/adapter-for-vinkelslip-till-rakslip\/","og_locale":"en_US","og_type":"article","og_title":"Adapter f\u00f6r vinkelslip till rakslip - Mekulo SE","og_description":"\ud83d\udcd0Med denna adapter f\u00f6r vinkelslip till rakslip kan du anv\u00e4nda din vinkelslip f\u00f6r detaljerad slipning, polering, slipning och kapning. \u2699\ufe0fIt installeras snabbt och h\u00e5ller olika slipbitar s\u00e4kert p\u00e5 plats, vilket ger dig mer kontroll och flexibilitet. \ud83d\udee0\ufe0fA smart till\u00e4gg som ut\u00f6kar vad ditt befintliga verktyg kan g\u00f6ra utan att du beh\u00f6ver k\u00f6pa en ny maskin.","og_url":"https:\/\/mekulo.com\/se\/produkt\/adapter-for-vinkelslip-till-rakslip\/","og_site_name":"Mekulo SE","article_modified_time":"2026-02-10T09:09:35+00:00","og_image":[{"width":900,"height":852,"url":"https:\/\/mekulo.com\/se\/wp-content\/uploads\/sites\/11\/2026\/01\/jj4ubsm-1.jpg","type":"image\/jpeg"}],"twitter_card":"summary_large_image","twitter_misc":{"Est. reading time":"2 minutes"},"schema":{"@context":"https:\/\/schema.org","@graph":[{"@type":"WebPage","@id":"https:\/\/mekulo.com\/se\/produkt\/adapter-for-vinkelslip-till-rakslip\/","url":"https:\/\/mekulo.com\/se\/produkt\/adapter-for-vinkelslip-till-rakslip\/","name":"Adapter f\u00f6r vinkelslip till rakslip - Mekulo SE","isPartOf":{"@id":"https:\/\/mekulo.com\/se\/#website"},"primaryImageOfPage":{"@id":"https:\/\/mekulo.com\/se\/produkt\/adapter-for-vinkelslip-till-rakslip\/#primaryimage"},"image":{"@id":"https:\/\/mekulo.com\/se\/produkt\/adapter-for-vinkelslip-till-rakslip\/#primaryimage"},"thumbnailUrl":"https:\/\/mekulo.com\/se\/wp-content\/uploads\/sites\/11\/2026\/01\/jj4ubsm-1.jpg","datePublished":"2026-01-30T05:52:37+00:00","dateModified":"2026-02-10T09:09:35+00:00","breadcrumb":{"@id":"https:\/\/mekulo.com\/se\/produkt\/adapter-for-vinkelslip-till-rakslip\/#breadcrumb"},"inLanguage":"en-US","potentialAction":[{"@type":"ReadAction","target":["https:\/\/mekulo.com\/se\/produkt\/adapter-for-vinkelslip-till-rakslip\/"]}]},{"@type":"ImageObject","inLanguage":"en-US","@id":"https:\/\/mekulo.com\/se\/produkt\/adapter-for-vinkelslip-till-rakslip\/#primaryimage","url":"https:\/\/mekulo.com\/se\/wp-content\/uploads\/sites\/11\/2026\/01\/jj4ubsm-1.jpg","contentUrl":"https:\/\/mekulo.com\/se\/wp-content\/uploads\/sites\/11\/2026\/01\/jj4ubsm-1.jpg","width":900,"height":852},{"@type":"BreadcrumbList","@id":"https:\/\/mekulo.com\/se\/produkt\/adapter-for-vinkelslip-till-rakslip\/#breadcrumb","itemListElement":[{"@type":"ListItem","position":1,"name":"Home","item":"https:\/\/mekulo.com\/se\/"},{"@type":"ListItem","position":2,"name":"Butik","item":"https:\/\/mekulo.com\/se\/butik\/"},{"@type":"ListItem","position":3,"name":"Adapter f\u00f6r vinkelslip till rakslip"}]},{"@type":"WebSite","@id":"https:\/\/mekulo.com\/se\/#website","url":"https:\/\/mekulo.com\/se\/","name":"Mekulo SE","description":"","publisher":{"@id":"https:\/\/mekulo.com\/se\/#organization"},"potentialAction":[{"@type":"SearchAction","target":{"@type":"EntryPoint","urlTemplate":"https:\/\/mekulo.com\/se\/?s={search_term_string}"},"query-input":{"@type":"PropertyValueSpecification","valueRequired":true,"valueName":"search_term_string"}}],"inLanguage":"en-US"},{"@type":"Organization","@id":"https:\/\/mekulo.com\/se\/#organization","name":"Mekulo","url":"https:\/\/mekulo.com\/se\/","logo":{"@type":"ImageObject","inLanguage":"en-US","@id":"https:\/\/mekulo.com\/se\/#\/schema\/logo\/image\/","url":"https:\/\/mekulo.com\/se\/wp-content\/uploads\/sites\/11\/2025\/12\/favicon_mekulo.png","contentUrl":"https:\/\/mekulo.com\/se\/wp-content\/uploads\/sites\/11\/2025\/12\/favicon_mekulo.png","width":50,"height":50,"caption":"Mekulo"},"image":{"@id":"https:\/\/mekulo.com\/se\/#\/schema\/logo\/image\/"}}]}},"_links":{"self":[{"href":"https:\/\/mekulo.com\/se\/wp-json\/wp\/v2\/product\/20371","targetHints":{"allow":["GET"]}}],"collection":[{"href":"https:\/\/mekulo.com\/se\/wp-json\/wp\/v2\/product"}],"about":[{"href":"https:\/\/mekulo.com\/se\/wp-json\/wp\/v2\/types\/product"}],"replies":[{"embeddable":true,"href":"https:\/\/mekulo.com\/se\/wp-json\/wp\/v2\/comments?post=20371"}],"wp:featuredmedia":[{"embeddable":true,"href":"https:\/\/mekulo.com\/se\/wp-json\/wp\/v2\/media\/20367"}],"wp:attachment":[{"href":"https:\/\/mekulo.com\/se\/wp-json\/wp\/v2\/media?parent=20371"}],"wp:term":[{"taxonomy":"product_brand","embeddable":true,"href":"https:\/\/mekulo.com\/se\/wp-json\/wp\/v2\/product_brand?post=20371"},{"taxonomy":"product_cat","embeddable":true,"href":"https:\/\/mekulo.com\/se\/wp-json\/wp\/v2\/product_cat?post=20371"},{"taxonomy":"product_tag","embeddable":true,"href":"https:\/\/mekulo.com\/se\/wp-json\/wp\/v2\/product_tag?post=20371"}],"curies":[{"name":"wp","href":"https:\/\/api.w.org\/{rel}","templated":true}]}}