{"id":20335,"date":"2026-01-30T07:50:39","date_gmt":"2026-01-30T05:50:39","guid":{"rendered":"https:\/\/mekulo.com\/se\/produkt\/magnetisk-ogonfransapplikator\/"},"modified":"2026-01-30T07:51:25","modified_gmt":"2026-01-30T05:51:25","slug":"magnetisk-ogonfransapplikator","status":"publish","type":"product","link":"https:\/\/mekulo.com\/se\/produkt\/magnetisk-ogonfransapplikator\/","title":{"rendered":"Magnetisk \u00f6gonfransapplikator"},"content":{"rendered":"<p style=\"text-align: center\" data-start=\"0\" data-end=\"69\"><strong data-start=\"0\" data-end=\"69\">Applicera magnetiska \u00f6gonfransar perfekt p\u00e5 n\u00e5gra sekunder med ett enkelt verktyg. \ud83d\udc40<\/strong><\/p>\n<p data-start=\"0\" data-end=\"69\"><img fetchpriority=\"high\" decoding=\"async\" class=\"size-full wp-image-22623 aligncenter\" src=\"https:\/\/mekulo.com\/template\/wp-content\/uploads\/sites\/6\/2026\/01\/H9d8ba488f2b042658c1f73ea4a3c45bbQ.webp\" alt=\"\" width=\"800\" height=\"800\" \/><\/p>\n<h2 style=\"text-align: center\" data-start=\"383\" data-end=\"400\"><strong>Huvudf\u00f6rdelar \ud83e\uddf2<\/strong><\/h2>\n<p data-start=\"403\" data-end=\"461\">\ud83e\uddf2 Starkt magnetiskt grepp &#8211; F\u00e4ster fransarna automatiskt.<\/p>\n<p data-start=\"464\" data-end=\"512\">\u2728 2-i-1-design &#8211; Applicerar och b\u00f6jer fransarna.<\/p>\n<p data-start=\"515\" data-end=\"568\">\u23f1\ufe0f Snabb applicering &#8211; F\u00e4st, klipp och sl\u00e4pp.<\/p>\n<p data-start=\"571\" data-end=\"631\">\ud83d\udc41\ufe0f S\u00e4ker f\u00f6r \u00f6gonen &#8211; Mjuka magnetremsor skyddar fransarna.<\/p>\n<p data-start=\"634\" data-end=\"692\">\ud83d\udd04 Universell passform &#8211; Fungerar med alla magnetiska \u00f6gonfransar.<\/p>\n<p data-start=\"695\" data-end=\"752\">\ud83d\udca7 H\u00e5llbar konstruktion &#8211; Vattent\u00e4t rostfritt st\u00e5llegering.<\/p>\n<p data-start=\"695\" data-end=\"752\"><img decoding=\"async\" class=\"size-full wp-image-22624 aligncenter\" src=\"https:\/\/mekulo.com\/template\/wp-content\/uploads\/sites\/6\/2026\/01\/Sffcf0a80423348c4af59fb325d2356e0J.jpg_960x960q75.jpg_.avif\" alt=\"\" width=\"800\" height=\"800\" \/><\/p>\n<h2 style=\"text-align: center\" data-start=\"754\" data-end=\"768\"><strong>Hur Man Anv\u00e4nder \ud83d\udccc<\/strong><\/h2>\n<ol data-start=\"769\" data-end=\"1026\">\n<li data-start=\"769\" data-end=\"824\">\n<p data-start=\"772\" data-end=\"824\">Placera magnetiska fransar p\u00e5 applikatormagneterna.<\/p>\n<\/li>\n<li data-start=\"825\" data-end=\"876\">\n<p data-start=\"828\" data-end=\"876\">Se till att magnetremsorna \u00e4r v\u00e4nda mot varandra.<\/p>\n<\/li>\n<li data-start=\"877\" data-end=\"942\">\n<p data-start=\"880\" data-end=\"942\">Placera applikatorn ovanf\u00f6r och under dina naturliga fransar.<\/p>\n<\/li>\n<li data-start=\"943\" data-end=\"988\">\n<p data-start=\"946\" data-end=\"988\">St\u00e4ng f\u00f6rsiktigt applikatorn och sl\u00e4pp.<\/p>\n<\/li>\n<li data-start=\"989\" data-end=\"1026\">\n<p data-start=\"992\" data-end=\"1026\">Justera n\u00e5got f\u00f6r en perfekt passform.<\/p>\n<\/li>\n<\/ol>\n<h2 style=\"text-align: center\" data-start=\"1028\" data-end=\"1047\"><strong>Produktdetaljer \ud83d\udccf<\/strong><\/h2>\n<ul data-start=\"1048\" data-end=\"1244\">\n<li data-start=\"1048\" data-end=\"1083\">\n<p data-start=\"1050\" data-end=\"1083\">Material: Rostfri st\u00e5llegering<\/p>\n<\/li>\n<li data-start=\"1084\" data-end=\"1123\">\n<p data-start=\"1086\" data-end=\"1123\">Magnetisk typ: Mjuka magnetremsor<\/p>\n<\/li>\n<li data-start=\"1124\" data-end=\"1166\">\n<p data-start=\"1126\" data-end=\"1166\">Funktion: Applicering och b\u00f6jning av fransar<\/p>\n<\/li>\n<li data-start=\"1167\" data-end=\"1208\">\n<p data-start=\"1169\" data-end=\"1208\">Kompatibilitet: Alla magnetiska \u00f6gonfransar<\/p>\n<\/li>\n<li data-start=\"1209\" data-end=\"1244\">\n<p data-start=\"1211\" data-end=\"1244\">Design: B\u00f6jd, ergonomisk form<\/p>\n<\/li>\n<li data-start=\"1209\" data-end=\"1244\">Storlek: 10,2 x 6,7 cm<\/li>\n<\/ul>\n<h2 style=\"text-align: center\" data-start=\"1246\" data-end=\"1266\"><strong>Paketet Inneh\u00e5ller \ud83d\udce6<\/strong><\/h2>\n<ul data-start=\"1267\" data-end=\"1300\">\n<li data-start=\"1267\" data-end=\"1300\">\n<p data-start=\"1269\" data-end=\"1300\">1x magnetisk \u00f6gonfransapplikator<\/p>\n<\/li>\n<li data-start=\"1267\" data-end=\"1300\">4x magnetiska fransar.<\/li>\n<\/ul>\n","protected":false},"excerpt":{"rendered":"<p>\ud83d\udc41\ufe0fThis magnetisk \u00f6gonfransapplikator hj\u00e4lper dig att f\u00e4sta magnetiska fransar snabbt och exakt utan lim eller kladd.<br \/>\n\ud83d\udc69Det starka magnetiska greppet positionerar fransarna korrekt medan den b\u00f6jda designen ocks\u00e5 lyfter och b\u00f6jer dina naturliga fransar.<br \/>\n\u231bEtt enkelt sk\u00f6nhetsverktyg som sparar tid och ger dig felfria fransar varje g\u00e5ng.<\/p>\n","protected":false},"featured_media":20331,"comment_status":"open","ping_status":"closed","template":"","meta":{"site-sidebar-layout":"default","site-content-layout":"","ast-site-content-layout":"default","site-content-style":"default","site-sidebar-style":"default","ast-global-header-display":"","ast-banner-title-visibility":"","ast-main-header-display":"","ast-hfb-above-header-display":"","ast-hfb-below-header-display":"","ast-hfb-mobile-header-display":"","site-post-title":"","ast-breadcrumbs-content":"","ast-featured-img":"","footer-sml-layout":"","theme-transparent-header-meta":"default","adv-header-id-meta":"","stick-header-meta":"","header-above-stick-meta":"","header-main-stick-meta":"","header-below-stick-meta":"","astra-migrate-meta-layouts":"set","ast-page-background-enabled":"default","ast-page-background-meta":{"desktop":{"background-color":"var(--ast-global-color-5)","background-image":"","background-repeat":"repeat","background-position":"center center","background-size":"auto","background-attachment":"scroll","background-type":"","background-media":"","overlay-type":"","overlay-color":"","overlay-opacity":"","overlay-gradient":""},"tablet":{"background-color":"","background-image":"","background-repeat":"repeat","background-position":"center center","background-size":"auto","background-attachment":"scroll","background-type":"","background-media":"","overlay-type":"","overlay-color":"","overlay-opacity":"","overlay-gradient":""},"mobile":{"background-color":"","background-image":"","background-repeat":"repeat","background-position":"center center","background-size":"auto","background-attachment":"scroll","background-type":"","background-media":"","overlay-type":"","overlay-color":"","overlay-opacity":"","overlay-gradient":""}},"ast-content-background-meta":{"desktop":{"background-color":"var(--ast-global-color-4)","background-image":"","background-repeat":"repeat","background-position":"center center","background-size":"auto","background-attachment":"scroll","background-type":"","background-media":"","overlay-type":"","overlay-color":"","overlay-opacity":"","overlay-gradient":""},"tablet":{"background-color":"var(--ast-global-color-4)","background-image":"","background-repeat":"repeat","background-position":"center center","background-size":"auto","background-attachment":"scroll","background-type":"","background-media":"","overlay-type":"","overlay-color":"","overlay-opacity":"","overlay-gradient":""},"mobile":{"background-color":"var(--ast-global-color-4)","background-image":"","background-repeat":"repeat","background-position":"center center","background-size":"auto","background-attachment":"scroll","background-type":"","background-media":"","overlay-type":"","overlay-color":"","overlay-opacity":"","overlay-gradient":""}}},"product_brand":[],"product_cat":[162],"product_tag":[],"class_list":{"0":"post-20335","1":"product","2":"type-product","3":"status-publish","4":"has-post-thumbnail","6":"product_cat-skonhets-och-hygienprodukter","7":"pa_53123_jl8hemda-a","8":"pa_53123_jl8hemda-b","9":"pa_53123_jl8hemda-c","10":"pa_53123_jl8hemda-d","11":"pa_53123_jl8hemda-e","12":"pa_53123_jl8hemda-f","13":"pa_53123_kx89nzhj-guld","14":"pa_53123_kx89nzhj-silver","15":"desktop-align-left","16":"tablet-align-left","17":"mobile-align-left","19":"first","20":"instock","21":"shipping-taxable","22":"purchasable","23":"product-type-variable","24":"has-default-attributes"},"yoast_head":"<!-- This site is optimized with the Yoast SEO plugin v26.6 - https:\/\/yoast.com\/wordpress\/plugins\/seo\/ -->\n<title>Magnetisk \u00f6gonfransapplikator - Mekulo SE<\/title>\n<meta name=\"robots\" content=\"index, follow, max-snippet:-1, max-image-preview:large, max-video-preview:-1\" \/>\n<link rel=\"canonical\" href=\"https:\/\/mekulo.com\/se\/produkt\/magnetisk-ogonfransapplikator\/\" \/>\n<meta property=\"og:locale\" content=\"sv_SE\" \/>\n<meta property=\"og:type\" content=\"article\" \/>\n<meta property=\"og:title\" content=\"Magnetisk \u00f6gonfransapplikator - Mekulo SE\" \/>\n<meta property=\"og:description\" content=\"\ud83d\udc41\ufe0fThis magnetisk \u00f6gonfransapplikator hj\u00e4lper dig att f\u00e4sta magnetiska fransar snabbt och exakt utan lim eller kladd. \ud83d\udc69Det starka magnetiska greppet positionerar fransarna korrekt medan den b\u00f6jda designen ocks\u00e5 lyfter och b\u00f6jer dina naturliga fransar. \u231bEtt enkelt sk\u00f6nhetsverktyg som sparar tid och ger dig felfria fransar varje g\u00e5ng.\" \/>\n<meta property=\"og:url\" content=\"https:\/\/mekulo.com\/se\/produkt\/magnetisk-ogonfransapplikator\/\" \/>\n<meta property=\"og:site_name\" content=\"Mekulo SE\" \/>\n<meta property=\"article:modified_time\" content=\"2026-01-30T05:51:25+00:00\" \/>\n<meta property=\"og:image\" content=\"https:\/\/mekulo.com\/se\/wp-content\/uploads\/sites\/11\/2026\/01\/r2x31o0-1.jpg\" \/>\n\t<meta property=\"og:image:width\" content=\"1080\" \/>\n\t<meta property=\"og:image:height\" content=\"1080\" \/>\n\t<meta property=\"og:image:type\" content=\"image\/jpeg\" \/>\n<meta name=\"twitter:card\" content=\"summary_large_image\" \/>\n<meta name=\"twitter:label1\" content=\"Ber\u00e4knad l\u00e4stid\" \/>\n\t<meta name=\"twitter:data1\" content=\"2 minuter\" \/>\n<script type=\"application\/ld+json\" class=\"yoast-schema-graph\">{\"@context\":\"https:\/\/schema.org\",\"@graph\":[{\"@type\":\"WebPage\",\"@id\":\"https:\/\/mekulo.com\/se\/produkt\/magnetisk-ogonfransapplikator\/\",\"url\":\"https:\/\/mekulo.com\/se\/produkt\/magnetisk-ogonfransapplikator\/\",\"name\":\"Magnetisk \u00f6gonfransapplikator - Mekulo SE\",\"isPartOf\":{\"@id\":\"https:\/\/mekulo.com\/se\/#website\"},\"primaryImageOfPage\":{\"@id\":\"https:\/\/mekulo.com\/se\/produkt\/magnetisk-ogonfransapplikator\/#primaryimage\"},\"image\":{\"@id\":\"https:\/\/mekulo.com\/se\/produkt\/magnetisk-ogonfransapplikator\/#primaryimage\"},\"thumbnailUrl\":\"https:\/\/mekulo.com\/se\/wp-content\/uploads\/sites\/11\/2026\/01\/r2x31o0-1.jpg\",\"datePublished\":\"2026-01-30T05:50:39+00:00\",\"dateModified\":\"2026-01-30T05:51:25+00:00\",\"breadcrumb\":{\"@id\":\"https:\/\/mekulo.com\/se\/produkt\/magnetisk-ogonfransapplikator\/#breadcrumb\"},\"inLanguage\":\"sv-SE\",\"potentialAction\":[{\"@type\":\"ReadAction\",\"target\":[\"https:\/\/mekulo.com\/se\/produkt\/magnetisk-ogonfransapplikator\/\"]}]},{\"@type\":\"ImageObject\",\"inLanguage\":\"sv-SE\",\"@id\":\"https:\/\/mekulo.com\/se\/produkt\/magnetisk-ogonfransapplikator\/#primaryimage\",\"url\":\"https:\/\/mekulo.com\/se\/wp-content\/uploads\/sites\/11\/2026\/01\/r2x31o0-1.jpg\",\"contentUrl\":\"https:\/\/mekulo.com\/se\/wp-content\/uploads\/sites\/11\/2026\/01\/r2x31o0-1.jpg\",\"width\":1080,\"height\":1080},{\"@type\":\"BreadcrumbList\",\"@id\":\"https:\/\/mekulo.com\/se\/produkt\/magnetisk-ogonfransapplikator\/#breadcrumb\",\"itemListElement\":[{\"@type\":\"ListItem\",\"position\":1,\"name\":\"Home\",\"item\":\"https:\/\/mekulo.com\/se\/\"},{\"@type\":\"ListItem\",\"position\":2,\"name\":\"Butik\",\"item\":\"https:\/\/mekulo.com\/se\/butik\/\"},{\"@type\":\"ListItem\",\"position\":3,\"name\":\"Magnetisk \u00f6gonfransapplikator\"}]},{\"@type\":\"WebSite\",\"@id\":\"https:\/\/mekulo.com\/se\/#website\",\"url\":\"https:\/\/mekulo.com\/se\/\",\"name\":\"Mekulo SE\",\"description\":\"\",\"publisher\":{\"@id\":\"https:\/\/mekulo.com\/se\/#organization\"},\"potentialAction\":[{\"@type\":\"SearchAction\",\"target\":{\"@type\":\"EntryPoint\",\"urlTemplate\":\"https:\/\/mekulo.com\/se\/?s={search_term_string}\"},\"query-input\":{\"@type\":\"PropertyValueSpecification\",\"valueRequired\":true,\"valueName\":\"search_term_string\"}}],\"inLanguage\":\"sv-SE\"},{\"@type\":\"Organization\",\"@id\":\"https:\/\/mekulo.com\/se\/#organization\",\"name\":\"Mekulo\",\"url\":\"https:\/\/mekulo.com\/se\/\",\"logo\":{\"@type\":\"ImageObject\",\"inLanguage\":\"sv-SE\",\"@id\":\"https:\/\/mekulo.com\/se\/#\/schema\/logo\/image\/\",\"url\":\"https:\/\/mekulo.com\/se\/wp-content\/uploads\/sites\/11\/2025\/12\/favicon_mekulo.png\",\"contentUrl\":\"https:\/\/mekulo.com\/se\/wp-content\/uploads\/sites\/11\/2025\/12\/favicon_mekulo.png\",\"width\":50,\"height\":50,\"caption\":\"Mekulo\"},\"image\":{\"@id\":\"https:\/\/mekulo.com\/se\/#\/schema\/logo\/image\/\"}}]}<\/script>\n<!-- \/ Yoast SEO plugin. -->","yoast_head_json":{"title":"Magnetisk \u00f6gonfransapplikator - Mekulo SE","robots":{"index":"index","follow":"follow","max-snippet":"max-snippet:-1","max-image-preview":"max-image-preview:large","max-video-preview":"max-video-preview:-1"},"canonical":"https:\/\/mekulo.com\/se\/produkt\/magnetisk-ogonfransapplikator\/","og_locale":"sv_SE","og_type":"article","og_title":"Magnetisk \u00f6gonfransapplikator - Mekulo SE","og_description":"\ud83d\udc41\ufe0fThis magnetisk \u00f6gonfransapplikator hj\u00e4lper dig att f\u00e4sta magnetiska fransar snabbt och exakt utan lim eller kladd. \ud83d\udc69Det starka magnetiska greppet positionerar fransarna korrekt medan den b\u00f6jda designen ocks\u00e5 lyfter och b\u00f6jer dina naturliga fransar. \u231bEtt enkelt sk\u00f6nhetsverktyg som sparar tid och ger dig felfria fransar varje g\u00e5ng.","og_url":"https:\/\/mekulo.com\/se\/produkt\/magnetisk-ogonfransapplikator\/","og_site_name":"Mekulo SE","article_modified_time":"2026-01-30T05:51:25+00:00","og_image":[{"width":1080,"height":1080,"url":"https:\/\/mekulo.com\/se\/wp-content\/uploads\/sites\/11\/2026\/01\/r2x31o0-1.jpg","type":"image\/jpeg"}],"twitter_card":"summary_large_image","twitter_misc":{"Ber\u00e4knad l\u00e4stid":"2 minuter"},"schema":{"@context":"https:\/\/schema.org","@graph":[{"@type":"WebPage","@id":"https:\/\/mekulo.com\/se\/produkt\/magnetisk-ogonfransapplikator\/","url":"https:\/\/mekulo.com\/se\/produkt\/magnetisk-ogonfransapplikator\/","name":"Magnetisk \u00f6gonfransapplikator - Mekulo SE","isPartOf":{"@id":"https:\/\/mekulo.com\/se\/#website"},"primaryImageOfPage":{"@id":"https:\/\/mekulo.com\/se\/produkt\/magnetisk-ogonfransapplikator\/#primaryimage"},"image":{"@id":"https:\/\/mekulo.com\/se\/produkt\/magnetisk-ogonfransapplikator\/#primaryimage"},"thumbnailUrl":"https:\/\/mekulo.com\/se\/wp-content\/uploads\/sites\/11\/2026\/01\/r2x31o0-1.jpg","datePublished":"2026-01-30T05:50:39+00:00","dateModified":"2026-01-30T05:51:25+00:00","breadcrumb":{"@id":"https:\/\/mekulo.com\/se\/produkt\/magnetisk-ogonfransapplikator\/#breadcrumb"},"inLanguage":"sv-SE","potentialAction":[{"@type":"ReadAction","target":["https:\/\/mekulo.com\/se\/produkt\/magnetisk-ogonfransapplikator\/"]}]},{"@type":"ImageObject","inLanguage":"sv-SE","@id":"https:\/\/mekulo.com\/se\/produkt\/magnetisk-ogonfransapplikator\/#primaryimage","url":"https:\/\/mekulo.com\/se\/wp-content\/uploads\/sites\/11\/2026\/01\/r2x31o0-1.jpg","contentUrl":"https:\/\/mekulo.com\/se\/wp-content\/uploads\/sites\/11\/2026\/01\/r2x31o0-1.jpg","width":1080,"height":1080},{"@type":"BreadcrumbList","@id":"https:\/\/mekulo.com\/se\/produkt\/magnetisk-ogonfransapplikator\/#breadcrumb","itemListElement":[{"@type":"ListItem","position":1,"name":"Home","item":"https:\/\/mekulo.com\/se\/"},{"@type":"ListItem","position":2,"name":"Butik","item":"https:\/\/mekulo.com\/se\/butik\/"},{"@type":"ListItem","position":3,"name":"Magnetisk \u00f6gonfransapplikator"}]},{"@type":"WebSite","@id":"https:\/\/mekulo.com\/se\/#website","url":"https:\/\/mekulo.com\/se\/","name":"Mekulo SE","description":"","publisher":{"@id":"https:\/\/mekulo.com\/se\/#organization"},"potentialAction":[{"@type":"SearchAction","target":{"@type":"EntryPoint","urlTemplate":"https:\/\/mekulo.com\/se\/?s={search_term_string}"},"query-input":{"@type":"PropertyValueSpecification","valueRequired":true,"valueName":"search_term_string"}}],"inLanguage":"sv-SE"},{"@type":"Organization","@id":"https:\/\/mekulo.com\/se\/#organization","name":"Mekulo","url":"https:\/\/mekulo.com\/se\/","logo":{"@type":"ImageObject","inLanguage":"sv-SE","@id":"https:\/\/mekulo.com\/se\/#\/schema\/logo\/image\/","url":"https:\/\/mekulo.com\/se\/wp-content\/uploads\/sites\/11\/2025\/12\/favicon_mekulo.png","contentUrl":"https:\/\/mekulo.com\/se\/wp-content\/uploads\/sites\/11\/2025\/12\/favicon_mekulo.png","width":50,"height":50,"caption":"Mekulo"},"image":{"@id":"https:\/\/mekulo.com\/se\/#\/schema\/logo\/image\/"}}]}},"_links":{"self":[{"href":"https:\/\/mekulo.com\/se\/wp-json\/wp\/v2\/product\/20335","targetHints":{"allow":["GET"]}}],"collection":[{"href":"https:\/\/mekulo.com\/se\/wp-json\/wp\/v2\/product"}],"about":[{"href":"https:\/\/mekulo.com\/se\/wp-json\/wp\/v2\/types\/product"}],"replies":[{"embeddable":true,"href":"https:\/\/mekulo.com\/se\/wp-json\/wp\/v2\/comments?post=20335"}],"wp:featuredmedia":[{"embeddable":true,"href":"https:\/\/mekulo.com\/se\/wp-json\/wp\/v2\/media\/20331"}],"wp:attachment":[{"href":"https:\/\/mekulo.com\/se\/wp-json\/wp\/v2\/media?parent=20335"}],"wp:term":[{"taxonomy":"product_brand","embeddable":true,"href":"https:\/\/mekulo.com\/se\/wp-json\/wp\/v2\/product_brand?post=20335"},{"taxonomy":"product_cat","embeddable":true,"href":"https:\/\/mekulo.com\/se\/wp-json\/wp\/v2\/product_cat?post=20335"},{"taxonomy":"product_tag","embeddable":true,"href":"https:\/\/mekulo.com\/se\/wp-json\/wp\/v2\/product_tag?post=20335"}],"curies":[{"name":"wp","href":"https:\/\/api.w.org\/{rel}","templated":true}]}}