{"id":20294,"date":"2026-01-30T07:47:06","date_gmt":"2026-01-30T05:47:06","guid":{"rendered":"https:\/\/mekulo.com\/se\/produkt\/armband-och-ring-med-anglavingar\/"},"modified":"2026-01-30T07:47:15","modified_gmt":"2026-01-30T05:47:15","slug":"armband-och-ring-med-anglavingar","status":"publish","type":"product","link":"https:\/\/mekulo.com\/se\/produkt\/armband-och-ring-med-anglavingar\/","title":{"rendered":"Armband och ring med \u00e4nglavingar"},"content":{"rendered":"<p style=\"text-align: center\" data-start=\"0\" data-end=\"79\"><strong data-start=\"0\" data-end=\"79\">L\u00e4gg till elegans och mening till din look med ett vackert armband med \u00e4nglavingar. \ud83d\udc7c<\/strong><\/p>\n<p data-start=\"0\" data-end=\"79\"><img decoding=\"async\" class=\"size-full wp-image-22564 aligncenter\" src=\"https:\/\/mekulo.com\/template\/wp-content\/uploads\/sites\/6\/2026\/01\/13c560b5920bfa633f9ef80fa40901d2eff31226.avif\" alt=\"\" \/><\/p>\n<h2 style=\"text-align: center\" data-start=\"448\" data-end=\"465\"><strong>Huvudf\u00f6rdelar \ud83e\udebd<\/strong><\/h2>\n<p data-start=\"468\" data-end=\"529\">\ud83e\udebd \u00c4nglavingsdesign &#8211; Symbol f\u00f6r skydd och frihet.<\/p>\n<p data-start=\"532\" data-end=\"597\">\u2728 Gnistrande stenar &#8211; Cubic zirkonia som skiner vackert.<\/p>\n<p data-start=\"600\" data-end=\"658\">\ud83d\udc8d Elegant stil &#8211; Matchar avslappnade och formella outfits.<\/p>\n<p data-start=\"661\" data-end=\"712\">\ud83e\udeb6 L\u00e4tt komfort &#8211; L\u00e4tt att b\u00e4ra hela dagen.<\/p>\n<p data-start=\"715\" data-end=\"762\">\ud83d\udd04 Justerbar passform &#8211; Passar de flesta handleds- och fingerstorlekar.<\/p>\n<p data-start=\"765\" data-end=\"831\">\ud83c\udf81 Perfekt present &#8211; Idealisk f\u00f6r n\u00e4ra och k\u00e4ra och speciella tillf\u00e4llen.<\/p>\n<p data-start=\"765\" data-end=\"831\"><img fetchpriority=\"high\" decoding=\"async\" class=\"size-full wp-image-22565 aligncenter\" src=\"https:\/\/mekulo.com\/template\/wp-content\/uploads\/sites\/6\/2026\/01\/S4ff31dc905924b9597b668ed4b6608bb2.webp\" alt=\"\" width=\"1000\" height=\"1000\" \/><\/p>\n<h2 style=\"text-align: center\" data-start=\"833\" data-end=\"847\"><strong>Hur Man Anv\u00e4nder \ud83d\udccc<\/strong><\/h2>\n<ol data-start=\"848\" data-end=\"1053\">\n<li data-start=\"848\" data-end=\"897\">\n<p data-start=\"851\" data-end=\"897\">\u00d6ppna f\u00f6rsiktigt armbandet eller ringen f\u00f6r att justera storleken.<\/p>\n<\/li>\n<li data-start=\"898\" data-end=\"942\">\n<p data-start=\"901\" data-end=\"942\">Placera det bekv\u00e4mt runt handleden eller fingret.<\/p>\n<\/li>\n<li data-start=\"943\" data-end=\"981\">\n<p data-start=\"946\" data-end=\"981\">Justera n\u00e5got f\u00f6r en s\u00e4ker passform.<\/p>\n<\/li>\n<li data-start=\"982\" data-end=\"1020\">\n<p data-start=\"985\" data-end=\"1020\">B\u00e4r dagligen eller f\u00f6r speciella evenemang.<\/p>\n<\/li>\n<li data-start=\"1021\" data-end=\"1053\">\n<p data-start=\"1024\" data-end=\"1053\">F\u00f6rvara s\u00e4kert n\u00e4r det inte anv\u00e4nds.<\/p>\n<\/li>\n<\/ol>\n<h2 style=\"text-align: center\" data-start=\"1055\" data-end=\"1074\"><strong>Produktdetaljer \ud83d\udccf<\/strong><\/h2>\n<ul data-start=\"1075\" data-end=\"1256\">\n<li data-start=\"1075\" data-end=\"1103\">\n<p data-start=\"1077\" data-end=\"1103\">Armbandsmaterial: Legering<\/p>\n<\/li>\n<li data-start=\"1104\" data-end=\"1129\">\n<p data-start=\"1106\" data-end=\"1129\">Ringmaterial: Koppar<\/p>\n<\/li>\n<li data-start=\"1130\" data-end=\"1159\">\n<p data-start=\"1132\" data-end=\"1159\">Designstil: \u00c4nglavingar<\/p>\n<\/li>\n<li data-start=\"1160\" data-end=\"1188\">\n<p data-start=\"1162\" data-end=\"1188\">Storlek: Justerbar \u00f6ppning<\/p>\n<\/li>\n<li data-start=\"1189\" data-end=\"1215\">\n<p data-start=\"1191\" data-end=\"1215\">Stj\u00e4rnor: Kubisk zirkonia<\/p>\n<\/li>\n<li data-start=\"1216\" data-end=\"1256\">\n<p data-start=\"1218\" data-end=\"1256\">B\u00e4rstil: Till vardags eller vid olika tillf\u00e4llen<\/p>\n<\/li>\n<\/ul>\n<h2 style=\"text-align: center\" data-start=\"1258\" data-end=\"1278\"><strong>Paketet Inneh\u00e5ller \ud83d\udce6<\/strong><\/h2>\n<ul data-start=\"1279\" data-end=\"1338\">\n<li data-start=\"1279\" data-end=\"1338\">\n<p data-start=\"1281\" data-end=\"1338\">1x set med armband och ring med \u00e4nglavingar.<\/p>\n<\/li>\n<\/ul>\n","protected":false},"excerpt":{"rendered":"<p>\ud83e\udebdDetta armband och ring med \u00e4nglavingar har en graci\u00f6s vingdesign som symboliserar skydd och frihet samtidigt som den ger en mjuk gnista till din outfit.<br \/>\n\u2728Tillverkad av h\u00e5llbar metall och dekorerad med gl\u00e4nsande cubic zirconia, \u00e4r den bekv\u00e4m nog f\u00f6r daglig anv\u00e4ndning och elegant nog f\u00f6r speciella tillf\u00e4llen.<br \/>\n\ud83d\udc8dEn tidl\u00f6s accessoar som ger k\u00e4nslom\u00e4ssigt v\u00e4rde och stil till varje \u00f6gonblick.<\/p>\n","protected":false},"featured_media":20290,"comment_status":"open","ping_status":"closed","template":"","meta":{"site-sidebar-layout":"default","site-content-layout":"","ast-site-content-layout":"default","site-content-style":"default","site-sidebar-style":"default","ast-global-header-display":"","ast-banner-title-visibility":"","ast-main-header-display":"","ast-hfb-above-header-display":"","ast-hfb-below-header-display":"","ast-hfb-mobile-header-display":"","site-post-title":"","ast-breadcrumbs-content":"","ast-featured-img":"","footer-sml-layout":"","theme-transparent-header-meta":"default","adv-header-id-meta":"","stick-header-meta":"","header-above-stick-meta":"","header-main-stick-meta":"","header-below-stick-meta":"","astra-migrate-meta-layouts":"set","ast-page-background-enabled":"default","ast-page-background-meta":{"desktop":{"background-color":"var(--ast-global-color-5)","background-image":"","background-repeat":"repeat","background-position":"center center","background-size":"auto","background-attachment":"scroll","background-type":"","background-media":"","overlay-type":"","overlay-color":"","overlay-opacity":"","overlay-gradient":""},"tablet":{"background-color":"","background-image":"","background-repeat":"repeat","background-position":"center center","background-size":"auto","background-attachment":"scroll","background-type":"","background-media":"","overlay-type":"","overlay-color":"","overlay-opacity":"","overlay-gradient":""},"mobile":{"background-color":"","background-image":"","background-repeat":"repeat","background-position":"center center","background-size":"auto","background-attachment":"scroll","background-type":"","background-media":"","overlay-type":"","overlay-color":"","overlay-opacity":"","overlay-gradient":""}},"ast-content-background-meta":{"desktop":{"background-color":"var(--ast-global-color-4)","background-image":"","background-repeat":"repeat","background-position":"center center","background-size":"auto","background-attachment":"scroll","background-type":"","background-media":"","overlay-type":"","overlay-color":"","overlay-opacity":"","overlay-gradient":""},"tablet":{"background-color":"var(--ast-global-color-4)","background-image":"","background-repeat":"repeat","background-position":"center center","background-size":"auto","background-attachment":"scroll","background-type":"","background-media":"","overlay-type":"","overlay-color":"","overlay-opacity":"","overlay-gradient":""},"mobile":{"background-color":"var(--ast-global-color-4)","background-image":"","background-repeat":"repeat","background-position":"center center","background-size":"auto","background-attachment":"scroll","background-type":"","background-media":"","overlay-type":"","overlay-color":"","overlay-opacity":"","overlay-gradient":""}}},"product_brand":[],"product_cat":[165],"product_tag":[],"class_list":{"0":"post-20294","1":"product","2":"type-product","3":"status-publish","4":"has-post-thumbnail","6":"product_cat-skor-accessoarer","7":"pa_53120_gvmt6oxz-guld","8":"pa_53120_gvmt6oxz-roseguld","9":"pa_53120_gvmt6oxz-silver","10":"desktop-align-left","11":"tablet-align-left","12":"mobile-align-left","14":"first","15":"instock","16":"shipping-taxable","17":"purchasable","18":"product-type-variable"},"yoast_head":"<!-- This site is optimized with the Yoast SEO plugin v26.6 - https:\/\/yoast.com\/wordpress\/plugins\/seo\/ -->\n<title>Armband och ring med \u00e4nglavingar - Mekulo SE<\/title>\n<meta name=\"robots\" content=\"index, follow, max-snippet:-1, max-image-preview:large, max-video-preview:-1\" \/>\n<link rel=\"canonical\" href=\"https:\/\/mekulo.com\/se\/produkt\/armband-och-ring-med-anglavingar\/\" \/>\n<meta property=\"og:locale\" content=\"sv_SE\" \/>\n<meta property=\"og:type\" content=\"article\" \/>\n<meta property=\"og:title\" content=\"Armband och ring med \u00e4nglavingar - Mekulo SE\" \/>\n<meta property=\"og:description\" content=\"\ud83e\udebdDetta armband och ring med \u00e4nglavingar har en graci\u00f6s vingdesign som symboliserar skydd och frihet samtidigt som den ger en mjuk gnista till din outfit. \u2728Tillverkad av h\u00e5llbar metall och dekorerad med gl\u00e4nsande cubic zirconia, \u00e4r den bekv\u00e4m nog f\u00f6r daglig anv\u00e4ndning och elegant nog f\u00f6r speciella tillf\u00e4llen. \ud83d\udc8dEn tidl\u00f6s accessoar som ger k\u00e4nslom\u00e4ssigt v\u00e4rde och stil till varje \u00f6gonblick.\" \/>\n<meta property=\"og:url\" content=\"https:\/\/mekulo.com\/se\/produkt\/armband-och-ring-med-anglavingar\/\" \/>\n<meta property=\"og:site_name\" content=\"Mekulo SE\" \/>\n<meta property=\"article:modified_time\" content=\"2026-01-30T05:47:15+00:00\" \/>\n<meta property=\"og:image\" content=\"https:\/\/mekulo.com\/se\/wp-content\/uploads\/sites\/11\/2026\/01\/dab5mp4-1.jpg\" \/>\n\t<meta property=\"og:image:width\" content=\"960\" \/>\n\t<meta property=\"og:image:height\" content=\"960\" \/>\n\t<meta property=\"og:image:type\" content=\"image\/jpeg\" \/>\n<meta name=\"twitter:card\" content=\"summary_large_image\" \/>\n<meta name=\"twitter:label1\" content=\"Ber\u00e4knad l\u00e4stid\" \/>\n\t<meta name=\"twitter:data1\" content=\"2 minuter\" \/>\n<script type=\"application\/ld+json\" class=\"yoast-schema-graph\">{\"@context\":\"https:\/\/schema.org\",\"@graph\":[{\"@type\":\"WebPage\",\"@id\":\"https:\/\/mekulo.com\/se\/produkt\/armband-och-ring-med-anglavingar\/\",\"url\":\"https:\/\/mekulo.com\/se\/produkt\/armband-och-ring-med-anglavingar\/\",\"name\":\"Armband och ring med \u00e4nglavingar - Mekulo SE\",\"isPartOf\":{\"@id\":\"https:\/\/mekulo.com\/se\/#website\"},\"primaryImageOfPage\":{\"@id\":\"https:\/\/mekulo.com\/se\/produkt\/armband-och-ring-med-anglavingar\/#primaryimage\"},\"image\":{\"@id\":\"https:\/\/mekulo.com\/se\/produkt\/armband-och-ring-med-anglavingar\/#primaryimage\"},\"thumbnailUrl\":\"https:\/\/mekulo.com\/se\/wp-content\/uploads\/sites\/11\/2026\/01\/dab5mp4-1.jpg\",\"datePublished\":\"2026-01-30T05:47:06+00:00\",\"dateModified\":\"2026-01-30T05:47:15+00:00\",\"breadcrumb\":{\"@id\":\"https:\/\/mekulo.com\/se\/produkt\/armband-och-ring-med-anglavingar\/#breadcrumb\"},\"inLanguage\":\"sv-SE\",\"potentialAction\":[{\"@type\":\"ReadAction\",\"target\":[\"https:\/\/mekulo.com\/se\/produkt\/armband-och-ring-med-anglavingar\/\"]}]},{\"@type\":\"ImageObject\",\"inLanguage\":\"sv-SE\",\"@id\":\"https:\/\/mekulo.com\/se\/produkt\/armband-och-ring-med-anglavingar\/#primaryimage\",\"url\":\"https:\/\/mekulo.com\/se\/wp-content\/uploads\/sites\/11\/2026\/01\/dab5mp4-1.jpg\",\"contentUrl\":\"https:\/\/mekulo.com\/se\/wp-content\/uploads\/sites\/11\/2026\/01\/dab5mp4-1.jpg\",\"width\":960,\"height\":960},{\"@type\":\"BreadcrumbList\",\"@id\":\"https:\/\/mekulo.com\/se\/produkt\/armband-och-ring-med-anglavingar\/#breadcrumb\",\"itemListElement\":[{\"@type\":\"ListItem\",\"position\":1,\"name\":\"Home\",\"item\":\"https:\/\/mekulo.com\/se\/\"},{\"@type\":\"ListItem\",\"position\":2,\"name\":\"Butik\",\"item\":\"https:\/\/mekulo.com\/se\/butik\/\"},{\"@type\":\"ListItem\",\"position\":3,\"name\":\"Armband och ring med \u00e4nglavingar\"}]},{\"@type\":\"WebSite\",\"@id\":\"https:\/\/mekulo.com\/se\/#website\",\"url\":\"https:\/\/mekulo.com\/se\/\",\"name\":\"Mekulo SE\",\"description\":\"\",\"publisher\":{\"@id\":\"https:\/\/mekulo.com\/se\/#organization\"},\"potentialAction\":[{\"@type\":\"SearchAction\",\"target\":{\"@type\":\"EntryPoint\",\"urlTemplate\":\"https:\/\/mekulo.com\/se\/?s={search_term_string}\"},\"query-input\":{\"@type\":\"PropertyValueSpecification\",\"valueRequired\":true,\"valueName\":\"search_term_string\"}}],\"inLanguage\":\"sv-SE\"},{\"@type\":\"Organization\",\"@id\":\"https:\/\/mekulo.com\/se\/#organization\",\"name\":\"Mekulo\",\"url\":\"https:\/\/mekulo.com\/se\/\",\"logo\":{\"@type\":\"ImageObject\",\"inLanguage\":\"sv-SE\",\"@id\":\"https:\/\/mekulo.com\/se\/#\/schema\/logo\/image\/\",\"url\":\"https:\/\/mekulo.com\/se\/wp-content\/uploads\/sites\/11\/2025\/12\/favicon_mekulo.png\",\"contentUrl\":\"https:\/\/mekulo.com\/se\/wp-content\/uploads\/sites\/11\/2025\/12\/favicon_mekulo.png\",\"width\":50,\"height\":50,\"caption\":\"Mekulo\"},\"image\":{\"@id\":\"https:\/\/mekulo.com\/se\/#\/schema\/logo\/image\/\"}}]}<\/script>\n<!-- \/ Yoast SEO plugin. -->","yoast_head_json":{"title":"Armband och ring med \u00e4nglavingar - Mekulo SE","robots":{"index":"index","follow":"follow","max-snippet":"max-snippet:-1","max-image-preview":"max-image-preview:large","max-video-preview":"max-video-preview:-1"},"canonical":"https:\/\/mekulo.com\/se\/produkt\/armband-och-ring-med-anglavingar\/","og_locale":"sv_SE","og_type":"article","og_title":"Armband och ring med \u00e4nglavingar - Mekulo SE","og_description":"\ud83e\udebdDetta armband och ring med \u00e4nglavingar har en graci\u00f6s vingdesign som symboliserar skydd och frihet samtidigt som den ger en mjuk gnista till din outfit. \u2728Tillverkad av h\u00e5llbar metall och dekorerad med gl\u00e4nsande cubic zirconia, \u00e4r den bekv\u00e4m nog f\u00f6r daglig anv\u00e4ndning och elegant nog f\u00f6r speciella tillf\u00e4llen. \ud83d\udc8dEn tidl\u00f6s accessoar som ger k\u00e4nslom\u00e4ssigt v\u00e4rde och stil till varje \u00f6gonblick.","og_url":"https:\/\/mekulo.com\/se\/produkt\/armband-och-ring-med-anglavingar\/","og_site_name":"Mekulo SE","article_modified_time":"2026-01-30T05:47:15+00:00","og_image":[{"width":960,"height":960,"url":"https:\/\/mekulo.com\/se\/wp-content\/uploads\/sites\/11\/2026\/01\/dab5mp4-1.jpg","type":"image\/jpeg"}],"twitter_card":"summary_large_image","twitter_misc":{"Ber\u00e4knad l\u00e4stid":"2 minuter"},"schema":{"@context":"https:\/\/schema.org","@graph":[{"@type":"WebPage","@id":"https:\/\/mekulo.com\/se\/produkt\/armband-och-ring-med-anglavingar\/","url":"https:\/\/mekulo.com\/se\/produkt\/armband-och-ring-med-anglavingar\/","name":"Armband och ring med \u00e4nglavingar - Mekulo SE","isPartOf":{"@id":"https:\/\/mekulo.com\/se\/#website"},"primaryImageOfPage":{"@id":"https:\/\/mekulo.com\/se\/produkt\/armband-och-ring-med-anglavingar\/#primaryimage"},"image":{"@id":"https:\/\/mekulo.com\/se\/produkt\/armband-och-ring-med-anglavingar\/#primaryimage"},"thumbnailUrl":"https:\/\/mekulo.com\/se\/wp-content\/uploads\/sites\/11\/2026\/01\/dab5mp4-1.jpg","datePublished":"2026-01-30T05:47:06+00:00","dateModified":"2026-01-30T05:47:15+00:00","breadcrumb":{"@id":"https:\/\/mekulo.com\/se\/produkt\/armband-och-ring-med-anglavingar\/#breadcrumb"},"inLanguage":"sv-SE","potentialAction":[{"@type":"ReadAction","target":["https:\/\/mekulo.com\/se\/produkt\/armband-och-ring-med-anglavingar\/"]}]},{"@type":"ImageObject","inLanguage":"sv-SE","@id":"https:\/\/mekulo.com\/se\/produkt\/armband-och-ring-med-anglavingar\/#primaryimage","url":"https:\/\/mekulo.com\/se\/wp-content\/uploads\/sites\/11\/2026\/01\/dab5mp4-1.jpg","contentUrl":"https:\/\/mekulo.com\/se\/wp-content\/uploads\/sites\/11\/2026\/01\/dab5mp4-1.jpg","width":960,"height":960},{"@type":"BreadcrumbList","@id":"https:\/\/mekulo.com\/se\/produkt\/armband-och-ring-med-anglavingar\/#breadcrumb","itemListElement":[{"@type":"ListItem","position":1,"name":"Home","item":"https:\/\/mekulo.com\/se\/"},{"@type":"ListItem","position":2,"name":"Butik","item":"https:\/\/mekulo.com\/se\/butik\/"},{"@type":"ListItem","position":3,"name":"Armband och ring med \u00e4nglavingar"}]},{"@type":"WebSite","@id":"https:\/\/mekulo.com\/se\/#website","url":"https:\/\/mekulo.com\/se\/","name":"Mekulo SE","description":"","publisher":{"@id":"https:\/\/mekulo.com\/se\/#organization"},"potentialAction":[{"@type":"SearchAction","target":{"@type":"EntryPoint","urlTemplate":"https:\/\/mekulo.com\/se\/?s={search_term_string}"},"query-input":{"@type":"PropertyValueSpecification","valueRequired":true,"valueName":"search_term_string"}}],"inLanguage":"sv-SE"},{"@type":"Organization","@id":"https:\/\/mekulo.com\/se\/#organization","name":"Mekulo","url":"https:\/\/mekulo.com\/se\/","logo":{"@type":"ImageObject","inLanguage":"sv-SE","@id":"https:\/\/mekulo.com\/se\/#\/schema\/logo\/image\/","url":"https:\/\/mekulo.com\/se\/wp-content\/uploads\/sites\/11\/2025\/12\/favicon_mekulo.png","contentUrl":"https:\/\/mekulo.com\/se\/wp-content\/uploads\/sites\/11\/2025\/12\/favicon_mekulo.png","width":50,"height":50,"caption":"Mekulo"},"image":{"@id":"https:\/\/mekulo.com\/se\/#\/schema\/logo\/image\/"}}]}},"_links":{"self":[{"href":"https:\/\/mekulo.com\/se\/wp-json\/wp\/v2\/product\/20294","targetHints":{"allow":["GET"]}}],"collection":[{"href":"https:\/\/mekulo.com\/se\/wp-json\/wp\/v2\/product"}],"about":[{"href":"https:\/\/mekulo.com\/se\/wp-json\/wp\/v2\/types\/product"}],"replies":[{"embeddable":true,"href":"https:\/\/mekulo.com\/se\/wp-json\/wp\/v2\/comments?post=20294"}],"wp:featuredmedia":[{"embeddable":true,"href":"https:\/\/mekulo.com\/se\/wp-json\/wp\/v2\/media\/20290"}],"wp:attachment":[{"href":"https:\/\/mekulo.com\/se\/wp-json\/wp\/v2\/media?parent=20294"}],"wp:term":[{"taxonomy":"product_brand","embeddable":true,"href":"https:\/\/mekulo.com\/se\/wp-json\/wp\/v2\/product_brand?post=20294"},{"taxonomy":"product_cat","embeddable":true,"href":"https:\/\/mekulo.com\/se\/wp-json\/wp\/v2\/product_cat?post=20294"},{"taxonomy":"product_tag","embeddable":true,"href":"https:\/\/mekulo.com\/se\/wp-json\/wp\/v2\/product_tag?post=20294"}],"curies":[{"name":"wp","href":"https:\/\/api.w.org\/{rel}","templated":true}]}}