{"id":20275,"date":"2026-01-30T07:45:45","date_gmt":"2026-01-30T05:45:45","guid":{"rendered":"https:\/\/mekulo.com\/se\/produkt\/stang-boxspelet\/"},"modified":"2026-02-10T11:10:44","modified_gmt":"2026-02-10T09:10:44","slug":"stang-boxspelet","status":"publish","type":"product","link":"https:\/\/mekulo.com\/se\/produkt\/stang-boxspelet\/","title":{"rendered":"St\u00e4ng boxspelet"},"content":{"rendered":"<p style=\"text-align: center\" data-start=\"0\" data-end=\"80\"><strong data-start=\"0\" data-end=\"80\">Njut av ett klassiskt t\u00e4rningsspel som \u00e4r roligt, enkelt och perfekt f\u00f6r alla sammankomster. \ud83d\udc68\u200d\ud83d\udc69\u200d\ud83d\udc67\u200d\ud83d\udc66<\/strong><\/p>\n<p data-start=\"0\" data-end=\"80\"><img fetchpriority=\"high\" decoding=\"async\" class=\"size-full wp-image-22551 aligncenter\" src=\"https:\/\/mekulo.com\/template\/wp-content\/uploads\/sites\/6\/2026\/01\/3fb3f7868ea8ba3fa87aaab41b6605e5cdb1f0d0.jpg\" alt=\"\" width=\"1080\" height=\"1080\" \/><\/p>\n<h2 style=\"text-align: center\" data-start=\"379\" data-end=\"396\"><strong>Huvudsakliga f\u00f6rdelar \ud83c\udfb2<\/strong><\/h2>\n<p data-start=\"399\" data-end=\"452\">\ud83c\udfb2 Enkelt spel &#8211; L\u00e4tt att l\u00e4ra sig f\u00f6r alla \u00e5ldrar.<\/p>\n<p data-start=\"455\" data-end=\"520\">\ud83d\udc68\u200d\ud83d\udc69\u200d\ud83d\udc67\u200d\ud83d\udc66 2-4 spelare kul &#8211; Perfekt f\u00f6r familj och v\u00e4nner.<\/p>\n<p data-start=\"523\" data-end=\"577\">\ud83e\udde0 Pedagogiskt v\u00e4rde &#8211; L\u00e4r ut grundl\u00e4ggande matematiska f\u00e4rdigheter.<\/p>\n<p data-start=\"580\" data-end=\"642\">\ud83c\udf7b Partyfavorit &#8211; Perfekt f\u00f6r barer, pubar och sammankomster.<\/p>\n<p data-start=\"645\" data-end=\"700\">\ud83c\udf32 Massivt tr\u00e4 &#8211; H\u00e5llbar och premiumkvalitet.<\/p>\n<p data-start=\"703\" data-end=\"751\">\ud83c\udf81 Bra presentid\u00e9 &#8211; Kul f\u00f6r alla tillf\u00e4llen.<\/p>\n<p data-start=\"703\" data-end=\"751\"><img decoding=\"async\" class=\"size-full wp-image-22547 aligncenter\" src=\"https:\/\/mekulo.com\/template\/wp-content\/uploads\/sites\/6\/2026\/01\/S2668b151df0c488489de228b038ef336k-1.webp\" alt=\"\" width=\"1000\" height=\"1000\" \/><\/p>\n<h2 style=\"text-align: center\" data-start=\"753\" data-end=\"767\"><strong>Hur Man Anv\u00e4nder \ud83d\udccc<\/strong><\/h2>\n<ol data-start=\"768\" data-end=\"1071\">\n<li data-start=\"768\" data-end=\"808\">\n<p data-start=\"771\" data-end=\"808\">\u00d6ppna alla nummerbrickor p\u00e5 br\u00e4det.<\/p>\n<\/li>\n<li data-start=\"809\" data-end=\"847\">\n<p data-start=\"812\" data-end=\"847\">Kasta t\u00e4rningarna f\u00f6r att starta din tur.<\/p>\n<\/li>\n<li data-start=\"848\" data-end=\"883\">\n<p data-start=\"851\" data-end=\"883\">L\u00e4gg t\u00e4rningsnumren tillsammans.<\/p>\n<\/li>\n<li data-start=\"884\" data-end=\"939\">\n<p data-start=\"887\" data-end=\"939\">St\u00e4ng alla brickkombinationer som matchar summan.<\/p>\n<\/li>\n<li data-start=\"940\" data-end=\"978\">\n<p data-start=\"943\" data-end=\"978\">Forts\u00e4tt tills inga drag finns kvar.<\/p>\n<\/li>\n<li data-start=\"979\" data-end=\"1029\">\n<p data-start=\"982\" data-end=\"1029\">L\u00e4gg till de \u00e5terst\u00e5ende \u00f6ppna siffrorna som din po\u00e4ng.<\/p>\n<\/li>\n<li data-start=\"1030\" data-end=\"1071\">\n<p data-start=\"1033\" data-end=\"1071\">Spelaren med l\u00e4gst po\u00e4ng vinner.<\/p>\n<\/li>\n<\/ol>\n<h2 style=\"text-align: center\" data-start=\"1073\" data-end=\"1092\"><strong>Produktdetaljer \ud83d\udccf<\/strong><\/h2>\n<ul data-start=\"1093\" data-end=\"1255\">\n<li data-start=\"1093\" data-end=\"1122\">\n<p data-start=\"1095\" data-end=\"1122\">Material: Massivt furutr\u00e4<\/p>\n<\/li>\n<li data-start=\"1123\" data-end=\"1147\">\n<p data-start=\"1125\" data-end=\"1147\">Storlek: 22,5 x 22,5 x 3 cm<\/p>\n<\/li>\n<li data-start=\"1148\" data-end=\"1172\">\n<p data-start=\"1150\" data-end=\"1172\">Spelare: 2-4 spelare<\/p>\n<\/li>\n<li data-start=\"1173\" data-end=\"1213\">\n<p data-start=\"1175\" data-end=\"1213\">Speltyp: T\u00e4rnings- och nummerplansspel<\/p>\n<\/li>\n<li data-start=\"1214\" data-end=\"1255\">\n<p data-start=\"1216\" data-end=\"1255\">Anv\u00e4ndningsomr\u00e5den: Hem, fester, barer, caf\u00e9er<\/p>\n<\/li>\n<\/ul>\n<h2 style=\"text-align: center\" data-start=\"1257\" data-end=\"1277\"><strong>F\u00f6rpackningen Inneh\u00e5ller \ud83d\udce6<\/strong><\/h2>\n<ul data-start=\"1278\" data-end=\"1347\">\n<li data-start=\"1278\" data-end=\"1314\">\n<p data-start=\"1280\" data-end=\"1314\">1x spelbr\u00e4da i tr\u00e4<\/p>\n<\/li>\n<li data-start=\"1278\" data-end=\"1314\">\n<p data-start=\"1280\" data-end=\"1314\">4x upps\u00e4ttningar numrerade tr\u00e4plattor<\/p>\n<\/li>\n<li data-start=\"1278\" data-end=\"1314\">6x t\u00e4rningar i matchande f\u00e4rger.<\/li>\n<\/ul>\n","protected":false},"excerpt":{"rendered":"<p>\ud83e\udeb5Detta st\u00e4ng l\u00e5dan-spel \u00e4r ett l\u00e4ttspelat br\u00e4dspel i tr\u00e4 som samlar v\u00e4nner och familj f\u00f6r timmar av underh\u00e5llning.<br \/>\n\ud83c\udfb2Rulla t\u00e4rningarna, v\u00e4nd nummerbrickorna och sikta p\u00e5 l\u00e4gsta po\u00e4ng eller st\u00e4ng l\u00e5dan f\u00f6r att vinna.<br \/>\n\ud83e\uddd1\u200d\ud83e\udd1d\u200d\ud83e\uddd1Great f\u00f6r fester, familjekv\u00e4llar, barer och till och med f\u00f6r att l\u00e4ra sig grundl\u00e4ggande mattekunskaper.<\/p>\n","protected":false},"featured_media":20271,"comment_status":"open","ping_status":"closed","template":"","meta":{"site-sidebar-layout":"default","site-content-layout":"","ast-site-content-layout":"default","site-content-style":"default","site-sidebar-style":"default","ast-global-header-display":"","ast-banner-title-visibility":"","ast-main-header-display":"","ast-hfb-above-header-display":"","ast-hfb-below-header-display":"","ast-hfb-mobile-header-display":"","site-post-title":"","ast-breadcrumbs-content":"","ast-featured-img":"","footer-sml-layout":"","theme-transparent-header-meta":"default","adv-header-id-meta":"","stick-header-meta":"","header-above-stick-meta":"","header-main-stick-meta":"","header-below-stick-meta":"","astra-migrate-meta-layouts":"set","ast-page-background-enabled":"default","ast-page-background-meta":{"desktop":{"background-color":"var(--ast-global-color-5)","background-image":"","background-repeat":"repeat","background-position":"center center","background-size":"auto","background-attachment":"scroll","background-type":"","background-media":"","overlay-type":"","overlay-color":"","overlay-opacity":"","overlay-gradient":""},"tablet":{"background-color":"","background-image":"","background-repeat":"repeat","background-position":"center center","background-size":"auto","background-attachment":"scroll","background-type":"","background-media":"","overlay-type":"","overlay-color":"","overlay-opacity":"","overlay-gradient":""},"mobile":{"background-color":"","background-image":"","background-repeat":"repeat","background-position":"center center","background-size":"auto","background-attachment":"scroll","background-type":"","background-media":"","overlay-type":"","overlay-color":"","overlay-opacity":"","overlay-gradient":""}},"ast-content-background-meta":{"desktop":{"background-color":"var(--ast-global-color-4)","background-image":"","background-repeat":"repeat","background-position":"center center","background-size":"auto","background-attachment":"scroll","background-type":"","background-media":"","overlay-type":"","overlay-color":"","overlay-opacity":"","overlay-gradient":""},"tablet":{"background-color":"var(--ast-global-color-4)","background-image":"","background-repeat":"repeat","background-position":"center center","background-size":"auto","background-attachment":"scroll","background-type":"","background-media":"","overlay-type":"","overlay-color":"","overlay-opacity":"","overlay-gradient":""},"mobile":{"background-color":"var(--ast-global-color-4)","background-image":"","background-repeat":"repeat","background-position":"center center","background-size":"auto","background-attachment":"scroll","background-type":"","background-media":"","overlay-type":"","overlay-color":"","overlay-opacity":"","overlay-gradient":""}}},"product_brand":[],"product_cat":[15],"product_tag":[],"class_list":{"0":"post-20275","1":"product","2":"type-product","3":"status-publish","4":"has-post-thumbnail","6":"product_cat-uncategorized","7":"pa_53017_6tit6yw7-a","8":"pa_53017_6tit6yw7-b","9":"pa_53017_6tit6yw7-c","10":"desktop-align-left","11":"tablet-align-left","12":"mobile-align-left","14":"first","15":"instock","16":"shipping-taxable","17":"purchasable","18":"product-type-variable"},"yoast_head":"<!-- This site is optimized with the Yoast SEO plugin v26.6 - https:\/\/yoast.com\/wordpress\/plugins\/seo\/ -->\n<title>St\u00e4ng boxspelet - Mekulo SE<\/title>\n<meta name=\"robots\" content=\"index, follow, max-snippet:-1, max-image-preview:large, max-video-preview:-1\" \/>\n<link rel=\"canonical\" href=\"https:\/\/mekulo.com\/se\/produkt\/stang-boxspelet\/\" \/>\n<meta property=\"og:locale\" content=\"sv_SE\" \/>\n<meta property=\"og:type\" content=\"article\" \/>\n<meta property=\"og:title\" content=\"St\u00e4ng boxspelet - Mekulo SE\" \/>\n<meta property=\"og:description\" content=\"\ud83e\udeb5Detta st\u00e4ng l\u00e5dan-spel \u00e4r ett l\u00e4ttspelat br\u00e4dspel i tr\u00e4 som samlar v\u00e4nner och familj f\u00f6r timmar av underh\u00e5llning. \ud83c\udfb2Rulla t\u00e4rningarna, v\u00e4nd nummerbrickorna och sikta p\u00e5 l\u00e4gsta po\u00e4ng eller st\u00e4ng l\u00e5dan f\u00f6r att vinna. \ud83e\uddd1\u200d\ud83e\udd1d\u200d\ud83e\uddd1Great f\u00f6r fester, familjekv\u00e4llar, barer och till och med f\u00f6r att l\u00e4ra sig grundl\u00e4ggande mattekunskaper.\" \/>\n<meta property=\"og:url\" content=\"https:\/\/mekulo.com\/se\/produkt\/stang-boxspelet\/\" \/>\n<meta property=\"og:site_name\" content=\"Mekulo SE\" \/>\n<meta property=\"article:modified_time\" content=\"2026-02-10T09:10:44+00:00\" \/>\n<meta property=\"og:image\" content=\"https:\/\/mekulo.com\/se\/wp-content\/uploads\/sites\/11\/2026\/01\/x6en52p-1.jpg\" \/>\n\t<meta property=\"og:image:width\" content=\"800\" \/>\n\t<meta property=\"og:image:height\" content=\"800\" \/>\n\t<meta property=\"og:image:type\" content=\"image\/jpeg\" \/>\n<meta name=\"twitter:card\" content=\"summary_large_image\" \/>\n<meta name=\"twitter:label1\" content=\"Ber\u00e4knad l\u00e4stid\" \/>\n\t<meta name=\"twitter:data1\" content=\"2 minuter\" \/>\n<script type=\"application\/ld+json\" class=\"yoast-schema-graph\">{\"@context\":\"https:\/\/schema.org\",\"@graph\":[{\"@type\":\"WebPage\",\"@id\":\"https:\/\/mekulo.com\/se\/produkt\/stang-boxspelet\/\",\"url\":\"https:\/\/mekulo.com\/se\/produkt\/stang-boxspelet\/\",\"name\":\"St\u00e4ng boxspelet - Mekulo SE\",\"isPartOf\":{\"@id\":\"https:\/\/mekulo.com\/se\/#website\"},\"primaryImageOfPage\":{\"@id\":\"https:\/\/mekulo.com\/se\/produkt\/stang-boxspelet\/#primaryimage\"},\"image\":{\"@id\":\"https:\/\/mekulo.com\/se\/produkt\/stang-boxspelet\/#primaryimage\"},\"thumbnailUrl\":\"https:\/\/mekulo.com\/se\/wp-content\/uploads\/sites\/11\/2026\/01\/x6en52p-1.jpg\",\"datePublished\":\"2026-01-30T05:45:45+00:00\",\"dateModified\":\"2026-02-10T09:10:44+00:00\",\"breadcrumb\":{\"@id\":\"https:\/\/mekulo.com\/se\/produkt\/stang-boxspelet\/#breadcrumb\"},\"inLanguage\":\"sv-SE\",\"potentialAction\":[{\"@type\":\"ReadAction\",\"target\":[\"https:\/\/mekulo.com\/se\/produkt\/stang-boxspelet\/\"]}]},{\"@type\":\"ImageObject\",\"inLanguage\":\"sv-SE\",\"@id\":\"https:\/\/mekulo.com\/se\/produkt\/stang-boxspelet\/#primaryimage\",\"url\":\"https:\/\/mekulo.com\/se\/wp-content\/uploads\/sites\/11\/2026\/01\/x6en52p-1.jpg\",\"contentUrl\":\"https:\/\/mekulo.com\/se\/wp-content\/uploads\/sites\/11\/2026\/01\/x6en52p-1.jpg\",\"width\":800,\"height\":800},{\"@type\":\"BreadcrumbList\",\"@id\":\"https:\/\/mekulo.com\/se\/produkt\/stang-boxspelet\/#breadcrumb\",\"itemListElement\":[{\"@type\":\"ListItem\",\"position\":1,\"name\":\"Home\",\"item\":\"https:\/\/mekulo.com\/se\/\"},{\"@type\":\"ListItem\",\"position\":2,\"name\":\"Butik\",\"item\":\"https:\/\/mekulo.com\/se\/butik\/\"},{\"@type\":\"ListItem\",\"position\":3,\"name\":\"St\u00e4ng boxspelet\"}]},{\"@type\":\"WebSite\",\"@id\":\"https:\/\/mekulo.com\/se\/#website\",\"url\":\"https:\/\/mekulo.com\/se\/\",\"name\":\"Mekulo SE\",\"description\":\"\",\"publisher\":{\"@id\":\"https:\/\/mekulo.com\/se\/#organization\"},\"potentialAction\":[{\"@type\":\"SearchAction\",\"target\":{\"@type\":\"EntryPoint\",\"urlTemplate\":\"https:\/\/mekulo.com\/se\/?s={search_term_string}\"},\"query-input\":{\"@type\":\"PropertyValueSpecification\",\"valueRequired\":true,\"valueName\":\"search_term_string\"}}],\"inLanguage\":\"sv-SE\"},{\"@type\":\"Organization\",\"@id\":\"https:\/\/mekulo.com\/se\/#organization\",\"name\":\"Mekulo\",\"url\":\"https:\/\/mekulo.com\/se\/\",\"logo\":{\"@type\":\"ImageObject\",\"inLanguage\":\"sv-SE\",\"@id\":\"https:\/\/mekulo.com\/se\/#\/schema\/logo\/image\/\",\"url\":\"https:\/\/mekulo.com\/se\/wp-content\/uploads\/sites\/11\/2025\/12\/favicon_mekulo.png\",\"contentUrl\":\"https:\/\/mekulo.com\/se\/wp-content\/uploads\/sites\/11\/2025\/12\/favicon_mekulo.png\",\"width\":50,\"height\":50,\"caption\":\"Mekulo\"},\"image\":{\"@id\":\"https:\/\/mekulo.com\/se\/#\/schema\/logo\/image\/\"}}]}<\/script>\n<!-- \/ Yoast SEO plugin. -->","yoast_head_json":{"title":"St\u00e4ng boxspelet - Mekulo SE","robots":{"index":"index","follow":"follow","max-snippet":"max-snippet:-1","max-image-preview":"max-image-preview:large","max-video-preview":"max-video-preview:-1"},"canonical":"https:\/\/mekulo.com\/se\/produkt\/stang-boxspelet\/","og_locale":"sv_SE","og_type":"article","og_title":"St\u00e4ng boxspelet - Mekulo SE","og_description":"\ud83e\udeb5Detta st\u00e4ng l\u00e5dan-spel \u00e4r ett l\u00e4ttspelat br\u00e4dspel i tr\u00e4 som samlar v\u00e4nner och familj f\u00f6r timmar av underh\u00e5llning. \ud83c\udfb2Rulla t\u00e4rningarna, v\u00e4nd nummerbrickorna och sikta p\u00e5 l\u00e4gsta po\u00e4ng eller st\u00e4ng l\u00e5dan f\u00f6r att vinna. \ud83e\uddd1\u200d\ud83e\udd1d\u200d\ud83e\uddd1Great f\u00f6r fester, familjekv\u00e4llar, barer och till och med f\u00f6r att l\u00e4ra sig grundl\u00e4ggande mattekunskaper.","og_url":"https:\/\/mekulo.com\/se\/produkt\/stang-boxspelet\/","og_site_name":"Mekulo SE","article_modified_time":"2026-02-10T09:10:44+00:00","og_image":[{"width":800,"height":800,"url":"https:\/\/mekulo.com\/se\/wp-content\/uploads\/sites\/11\/2026\/01\/x6en52p-1.jpg","type":"image\/jpeg"}],"twitter_card":"summary_large_image","twitter_misc":{"Ber\u00e4knad l\u00e4stid":"2 minuter"},"schema":{"@context":"https:\/\/schema.org","@graph":[{"@type":"WebPage","@id":"https:\/\/mekulo.com\/se\/produkt\/stang-boxspelet\/","url":"https:\/\/mekulo.com\/se\/produkt\/stang-boxspelet\/","name":"St\u00e4ng boxspelet - Mekulo SE","isPartOf":{"@id":"https:\/\/mekulo.com\/se\/#website"},"primaryImageOfPage":{"@id":"https:\/\/mekulo.com\/se\/produkt\/stang-boxspelet\/#primaryimage"},"image":{"@id":"https:\/\/mekulo.com\/se\/produkt\/stang-boxspelet\/#primaryimage"},"thumbnailUrl":"https:\/\/mekulo.com\/se\/wp-content\/uploads\/sites\/11\/2026\/01\/x6en52p-1.jpg","datePublished":"2026-01-30T05:45:45+00:00","dateModified":"2026-02-10T09:10:44+00:00","breadcrumb":{"@id":"https:\/\/mekulo.com\/se\/produkt\/stang-boxspelet\/#breadcrumb"},"inLanguage":"sv-SE","potentialAction":[{"@type":"ReadAction","target":["https:\/\/mekulo.com\/se\/produkt\/stang-boxspelet\/"]}]},{"@type":"ImageObject","inLanguage":"sv-SE","@id":"https:\/\/mekulo.com\/se\/produkt\/stang-boxspelet\/#primaryimage","url":"https:\/\/mekulo.com\/se\/wp-content\/uploads\/sites\/11\/2026\/01\/x6en52p-1.jpg","contentUrl":"https:\/\/mekulo.com\/se\/wp-content\/uploads\/sites\/11\/2026\/01\/x6en52p-1.jpg","width":800,"height":800},{"@type":"BreadcrumbList","@id":"https:\/\/mekulo.com\/se\/produkt\/stang-boxspelet\/#breadcrumb","itemListElement":[{"@type":"ListItem","position":1,"name":"Home","item":"https:\/\/mekulo.com\/se\/"},{"@type":"ListItem","position":2,"name":"Butik","item":"https:\/\/mekulo.com\/se\/butik\/"},{"@type":"ListItem","position":3,"name":"St\u00e4ng boxspelet"}]},{"@type":"WebSite","@id":"https:\/\/mekulo.com\/se\/#website","url":"https:\/\/mekulo.com\/se\/","name":"Mekulo SE","description":"","publisher":{"@id":"https:\/\/mekulo.com\/se\/#organization"},"potentialAction":[{"@type":"SearchAction","target":{"@type":"EntryPoint","urlTemplate":"https:\/\/mekulo.com\/se\/?s={search_term_string}"},"query-input":{"@type":"PropertyValueSpecification","valueRequired":true,"valueName":"search_term_string"}}],"inLanguage":"sv-SE"},{"@type":"Organization","@id":"https:\/\/mekulo.com\/se\/#organization","name":"Mekulo","url":"https:\/\/mekulo.com\/se\/","logo":{"@type":"ImageObject","inLanguage":"sv-SE","@id":"https:\/\/mekulo.com\/se\/#\/schema\/logo\/image\/","url":"https:\/\/mekulo.com\/se\/wp-content\/uploads\/sites\/11\/2025\/12\/favicon_mekulo.png","contentUrl":"https:\/\/mekulo.com\/se\/wp-content\/uploads\/sites\/11\/2025\/12\/favicon_mekulo.png","width":50,"height":50,"caption":"Mekulo"},"image":{"@id":"https:\/\/mekulo.com\/se\/#\/schema\/logo\/image\/"}}]}},"_links":{"self":[{"href":"https:\/\/mekulo.com\/se\/wp-json\/wp\/v2\/product\/20275","targetHints":{"allow":["GET"]}}],"collection":[{"href":"https:\/\/mekulo.com\/se\/wp-json\/wp\/v2\/product"}],"about":[{"href":"https:\/\/mekulo.com\/se\/wp-json\/wp\/v2\/types\/product"}],"replies":[{"embeddable":true,"href":"https:\/\/mekulo.com\/se\/wp-json\/wp\/v2\/comments?post=20275"}],"wp:featuredmedia":[{"embeddable":true,"href":"https:\/\/mekulo.com\/se\/wp-json\/wp\/v2\/media\/20271"}],"wp:attachment":[{"href":"https:\/\/mekulo.com\/se\/wp-json\/wp\/v2\/media?parent=20275"}],"wp:term":[{"taxonomy":"product_brand","embeddable":true,"href":"https:\/\/mekulo.com\/se\/wp-json\/wp\/v2\/product_brand?post=20275"},{"taxonomy":"product_cat","embeddable":true,"href":"https:\/\/mekulo.com\/se\/wp-json\/wp\/v2\/product_cat?post=20275"},{"taxonomy":"product_tag","embeddable":true,"href":"https:\/\/mekulo.com\/se\/wp-json\/wp\/v2\/product_tag?post=20275"}],"curies":[{"name":"wp","href":"https:\/\/api.w.org\/{rel}","templated":true}]}}