{"id":20265,"date":"2026-01-30T07:44:31","date_gmt":"2026-01-30T05:44:31","guid":{"rendered":"https:\/\/mekulo.com\/se\/produkt\/aggknackare\/"},"modified":"2026-01-30T07:44:31","modified_gmt":"2026-01-30T05:44:31","slug":"aggknackare","status":"publish","type":"product","link":"https:\/\/mekulo.com\/se\/produkt\/aggknackare\/","title":{"rendered":"\u00c4ggkn\u00e4ckare"},"content":{"rendered":"<div class=\"flex max-w-full flex-col grow\">\n<div class=\"min-h-8 text-message relative flex w-full flex-col items-end gap-2 text-start break-words whitespace-normal [.text-message+&amp;]:mt-1\" dir=\"auto\" data-message-author-role=\"assistant\" data-message-id=\"731b6c4d-8c67-4b9d-b83c-ab0ff94cd207\" data-message-model-slug=\"gpt-5-2\">\n<div class=\"flex w-full flex-col gap-1 empty:hidden first:pt-[1px]\">\n<div class=\"markdown prose dark:prose-invert w-full wrap-break-word light markdown-new-styling\">\n<p style=\"text-align: center\" data-start=\"0\" data-end=\"59\"><strong data-start=\"0\" data-end=\"59\">Kn\u00e4ck \u00c4gg Rent Och Enkelt Utan Skalrester. \ud83d\udc23<\/strong><\/p>\n<p data-start=\"0\" data-end=\"59\"><img decoding=\"async\" class=\"size-full wp-image-22541 aligncenter\" src=\"https:\/\/mekulo.com\/template\/wp-content\/uploads\/sites\/6\/2026\/01\/131e97f8341df49aea1943953d905067a812b2c6-800.avif\" alt=\"\" \/><\/p>\n<h2 style=\"text-align: center\" data-start=\"333\" data-end=\"350\">Huvudf\u00f6rdelar \ud83e\udd5a<\/h2>\n<p data-start=\"353\" data-end=\"411\">\ud83e\udd5a Ren \u00e4ggkn\u00e4ckning &#8211; inga skalbitar i maten.<\/p>\n<p data-start=\"414\" data-end=\"473\">\ud83c\udf20 Gravitationsdriven design &#8211; enkel och smidig anv\u00e4ndning.<\/p>\n<p data-start=\"476\" data-end=\"551\">\ud83c\udf73 Kompatibel med flera \u00e4gg &#8211; fungerar med kyckling-, anka- och g\u00e5s\u00e4gg.<\/p>\n<p data-start=\"554\" data-end=\"613\">\ud83e\uddfd L\u00e4tt att reng\u00f6ra &#8211; t\u00e5l maskindisk och \u00e4r rostfri.<\/p>\n<p data-start=\"616\" data-end=\"675\">\u270b Bekv\u00e4mt grepp &#8211; robust handtag f\u00f6r smidig kontroll.<\/p>\n<p data-start=\"678\" data-end=\"729\">\ud83d\udc76 S\u00e4ker design &#8211; sl\u00e4ta kanter, barnv\u00e4nligt.<\/p>\n<p data-start=\"678\" data-end=\"729\"><img fetchpriority=\"high\" decoding=\"async\" class=\" wp-image-22543 aligncenter\" src=\"https:\/\/mekulo.com\/template\/wp-content\/uploads\/sites\/6\/2026\/01\/ec3835ec4b16e0cf091368500677881c66181056-800.avif\" alt=\"\" width=\"715\" height=\"715\" \/><\/p>\n<h2 style=\"text-align: center\" data-start=\"731\" data-end=\"745\">Anv\u00e4ndning \ud83d\udccc<\/h2>\n<ol data-start=\"746\" data-end=\"961\">\n<li data-start=\"746\" data-end=\"793\">\n<p data-start=\"749\" data-end=\"793\">Placera \u00e4gget p\u00e5 en plan yta eller h\u00e5llare.<\/p>\n<\/li>\n<li data-start=\"794\" data-end=\"842\">\n<p data-start=\"797\" data-end=\"842\">Placera \u00e4ggkn\u00e4ckaren ovanp\u00e5 \u00e4gget.<\/p>\n<\/li>\n<li data-start=\"843\" data-end=\"884\">\n<p data-start=\"846\" data-end=\"884\">Lyft st\u00e5lkulan och l\u00e5t den falla.<\/p>\n<\/li>\n<li data-start=\"885\" data-end=\"922\">\n<p data-start=\"888\" data-end=\"922\">Ta bort det spruckna skalet snyggt.<\/p>\n<\/li>\n<li data-start=\"923\" data-end=\"961\">\n<p data-start=\"926\" data-end=\"961\">Anv\u00e4nd \u00e4gget f\u00f6r matlagning eller servering.<\/p>\n<\/li>\n<\/ol>\n<h2 style=\"text-align: center\" data-start=\"963\" data-end=\"982\">Produktdetaljer \ud83d\udccf<\/h2>\n<ul data-start=\"983\" data-end=\"1143\">\n<li data-start=\"983\" data-end=\"1012\">\n<p data-start=\"985\" data-end=\"1012\">Material: Rostfritt st\u00e5l<\/p>\n<\/li>\n<li data-start=\"1013\" data-end=\"1051\">\n<p data-start=\"1015\" data-end=\"1051\">Storlek: 24 x 3,7 cm<\/p>\n<\/li>\n<li data-start=\"1052\" data-end=\"1089\">\n<p data-start=\"1054\" data-end=\"1089\">Operation: Gravitationsbaserad sprickbildning<\/p>\n<\/li>\n<li data-start=\"1090\" data-end=\"1143\">\n<p data-start=\"1092\" data-end=\"1143\">Anv\u00e4ndningstyper: R\u00e5a, mjukkokta och h\u00e5rdkokta \u00e4gg<\/p>\n<\/li>\n<\/ul>\n<h2 style=\"text-align: center\" data-start=\"1145\" data-end=\"1165\">Paketet Inneh\u00e5ller \ud83d\udce6<\/h2>\n<ul data-start=\"1166\" data-end=\"1183\">\n<li data-start=\"1166\" data-end=\"1183\">\n<p data-start=\"1168\" data-end=\"1183\">1x \u00e4ggkn\u00e4ckare.<\/p>\n<\/li>\n<\/ul>\n<\/div>\n<\/div>\n<\/div>\n<\/div>\n","protected":false},"excerpt":{"rendered":"<p>\ud83e\udd5aDen h\u00e4r \u00e4ggkn\u00e4ckaren anv\u00e4nder gravitationen f\u00f6r att kn\u00e4cka \u00e4gg snyggt med en enkel r\u00f6relse.<br \/>\n\ud83c\udf73Lyft och sl\u00e4pp bara den rostfria st\u00e5lkulan f\u00f6r att kn\u00e4cka skalet rent, vilket g\u00f6r matlagningen snabbare och roligare.<br \/>\n\ud83e\udd6fPerfekt f\u00f6r vardagsfrukostar, bakning och matlagning utan den vanliga r\u00f6ran.<\/p>\n","protected":false},"featured_media":20261,"comment_status":"open","ping_status":"closed","template":"","meta":{"site-sidebar-layout":"default","site-content-layout":"","ast-site-content-layout":"default","site-content-style":"default","site-sidebar-style":"default","ast-global-header-display":"","ast-banner-title-visibility":"","ast-main-header-display":"","ast-hfb-above-header-display":"","ast-hfb-below-header-display":"","ast-hfb-mobile-header-display":"","site-post-title":"","ast-breadcrumbs-content":"","ast-featured-img":"","footer-sml-layout":"","theme-transparent-header-meta":"default","adv-header-id-meta":"","stick-header-meta":"","header-above-stick-meta":"","header-main-stick-meta":"","header-below-stick-meta":"","astra-migrate-meta-layouts":"set","ast-page-background-enabled":"default","ast-page-background-meta":{"desktop":{"background-color":"var(--ast-global-color-5)","background-image":"","background-repeat":"repeat","background-position":"center center","background-size":"auto","background-attachment":"scroll","background-type":"","background-media":"","overlay-type":"","overlay-color":"","overlay-opacity":"","overlay-gradient":""},"tablet":{"background-color":"","background-image":"","background-repeat":"repeat","background-position":"center center","background-size":"auto","background-attachment":"scroll","background-type":"","background-media":"","overlay-type":"","overlay-color":"","overlay-opacity":"","overlay-gradient":""},"mobile":{"background-color":"","background-image":"","background-repeat":"repeat","background-position":"center center","background-size":"auto","background-attachment":"scroll","background-type":"","background-media":"","overlay-type":"","overlay-color":"","overlay-opacity":"","overlay-gradient":""}},"ast-content-background-meta":{"desktop":{"background-color":"var(--ast-global-color-4)","background-image":"","background-repeat":"repeat","background-position":"center center","background-size":"auto","background-attachment":"scroll","background-type":"","background-media":"","overlay-type":"","overlay-color":"","overlay-opacity":"","overlay-gradient":""},"tablet":{"background-color":"var(--ast-global-color-4)","background-image":"","background-repeat":"repeat","background-position":"center center","background-size":"auto","background-attachment":"scroll","background-type":"","background-media":"","overlay-type":"","overlay-color":"","overlay-opacity":"","overlay-gradient":""},"mobile":{"background-color":"var(--ast-global-color-4)","background-image":"","background-repeat":"repeat","background-position":"center center","background-size":"auto","background-attachment":"scroll","background-type":"","background-media":"","overlay-type":"","overlay-color":"","overlay-opacity":"","overlay-gradient":""}}},"product_brand":[],"product_cat":[168],"product_tag":[],"class_list":{"0":"post-20265","1":"product","2":"type-product","3":"status-publish","4":"has-post-thumbnail","6":"product_cat-hushallsartiklar","7":"desktop-align-left","8":"tablet-align-left","9":"mobile-align-left","11":"first","12":"instock","13":"shipping-taxable","14":"purchasable","15":"product-type-simple"},"yoast_head":"<!-- This site is optimized with the Yoast SEO plugin v26.6 - https:\/\/yoast.com\/wordpress\/plugins\/seo\/ -->\n<title>\u00c4ggkn\u00e4ckare - Mekulo SE<\/title>\n<meta name=\"robots\" content=\"index, follow, max-snippet:-1, max-image-preview:large, max-video-preview:-1\" \/>\n<link rel=\"canonical\" href=\"https:\/\/mekulo.com\/se\/produkt\/aggknackare\/\" \/>\n<meta property=\"og:locale\" content=\"sv_SE\" \/>\n<meta property=\"og:type\" content=\"article\" \/>\n<meta property=\"og:title\" content=\"\u00c4ggkn\u00e4ckare - Mekulo SE\" \/>\n<meta property=\"og:description\" content=\"\ud83e\udd5aDen h\u00e4r \u00e4ggkn\u00e4ckaren anv\u00e4nder gravitationen f\u00f6r att kn\u00e4cka \u00e4gg snyggt med en enkel r\u00f6relse. \ud83c\udf73Lyft och sl\u00e4pp bara den rostfria st\u00e5lkulan f\u00f6r att kn\u00e4cka skalet rent, vilket g\u00f6r matlagningen snabbare och roligare. \ud83e\udd6fPerfekt f\u00f6r vardagsfrukostar, bakning och matlagning utan den vanliga r\u00f6ran.\" \/>\n<meta property=\"og:url\" content=\"https:\/\/mekulo.com\/se\/produkt\/aggknackare\/\" \/>\n<meta property=\"og:site_name\" content=\"Mekulo SE\" \/>\n<meta property=\"og:image\" content=\"https:\/\/mekulo.com\/se\/wp-content\/uploads\/sites\/11\/2026\/01\/u22fndy-1.jpg\" \/>\n\t<meta property=\"og:image:width\" content=\"960\" \/>\n\t<meta property=\"og:image:height\" content=\"960\" \/>\n\t<meta property=\"og:image:type\" content=\"image\/jpeg\" \/>\n<meta name=\"twitter:card\" content=\"summary_large_image\" \/>\n<meta name=\"twitter:label1\" content=\"Ber\u00e4knad l\u00e4stid\" \/>\n\t<meta name=\"twitter:data1\" content=\"2 minuter\" \/>\n<script type=\"application\/ld+json\" class=\"yoast-schema-graph\">{\"@context\":\"https:\/\/schema.org\",\"@graph\":[{\"@type\":\"WebPage\",\"@id\":\"https:\/\/mekulo.com\/se\/produkt\/aggknackare\/\",\"url\":\"https:\/\/mekulo.com\/se\/produkt\/aggknackare\/\",\"name\":\"\u00c4ggkn\u00e4ckare - Mekulo SE\",\"isPartOf\":{\"@id\":\"https:\/\/mekulo.com\/se\/#website\"},\"primaryImageOfPage\":{\"@id\":\"https:\/\/mekulo.com\/se\/produkt\/aggknackare\/#primaryimage\"},\"image\":{\"@id\":\"https:\/\/mekulo.com\/se\/produkt\/aggknackare\/#primaryimage\"},\"thumbnailUrl\":\"https:\/\/mekulo.com\/se\/wp-content\/uploads\/sites\/11\/2026\/01\/u22fndy-1.jpg\",\"datePublished\":\"2026-01-30T05:44:31+00:00\",\"breadcrumb\":{\"@id\":\"https:\/\/mekulo.com\/se\/produkt\/aggknackare\/#breadcrumb\"},\"inLanguage\":\"sv-SE\",\"potentialAction\":[{\"@type\":\"ReadAction\",\"target\":[\"https:\/\/mekulo.com\/se\/produkt\/aggknackare\/\"]}]},{\"@type\":\"ImageObject\",\"inLanguage\":\"sv-SE\",\"@id\":\"https:\/\/mekulo.com\/se\/produkt\/aggknackare\/#primaryimage\",\"url\":\"https:\/\/mekulo.com\/se\/wp-content\/uploads\/sites\/11\/2026\/01\/u22fndy-1.jpg\",\"contentUrl\":\"https:\/\/mekulo.com\/se\/wp-content\/uploads\/sites\/11\/2026\/01\/u22fndy-1.jpg\",\"width\":960,\"height\":960},{\"@type\":\"BreadcrumbList\",\"@id\":\"https:\/\/mekulo.com\/se\/produkt\/aggknackare\/#breadcrumb\",\"itemListElement\":[{\"@type\":\"ListItem\",\"position\":1,\"name\":\"Home\",\"item\":\"https:\/\/mekulo.com\/se\/\"},{\"@type\":\"ListItem\",\"position\":2,\"name\":\"Butik\",\"item\":\"https:\/\/mekulo.com\/se\/butik\/\"},{\"@type\":\"ListItem\",\"position\":3,\"name\":\"\u00c4ggkn\u00e4ckare\"}]},{\"@type\":\"WebSite\",\"@id\":\"https:\/\/mekulo.com\/se\/#website\",\"url\":\"https:\/\/mekulo.com\/se\/\",\"name\":\"Mekulo SE\",\"description\":\"\",\"publisher\":{\"@id\":\"https:\/\/mekulo.com\/se\/#organization\"},\"potentialAction\":[{\"@type\":\"SearchAction\",\"target\":{\"@type\":\"EntryPoint\",\"urlTemplate\":\"https:\/\/mekulo.com\/se\/?s={search_term_string}\"},\"query-input\":{\"@type\":\"PropertyValueSpecification\",\"valueRequired\":true,\"valueName\":\"search_term_string\"}}],\"inLanguage\":\"sv-SE\"},{\"@type\":\"Organization\",\"@id\":\"https:\/\/mekulo.com\/se\/#organization\",\"name\":\"Mekulo\",\"url\":\"https:\/\/mekulo.com\/se\/\",\"logo\":{\"@type\":\"ImageObject\",\"inLanguage\":\"sv-SE\",\"@id\":\"https:\/\/mekulo.com\/se\/#\/schema\/logo\/image\/\",\"url\":\"https:\/\/mekulo.com\/se\/wp-content\/uploads\/sites\/11\/2025\/12\/favicon_mekulo.png\",\"contentUrl\":\"https:\/\/mekulo.com\/se\/wp-content\/uploads\/sites\/11\/2025\/12\/favicon_mekulo.png\",\"width\":50,\"height\":50,\"caption\":\"Mekulo\"},\"image\":{\"@id\":\"https:\/\/mekulo.com\/se\/#\/schema\/logo\/image\/\"}}]}<\/script>\n<!-- \/ Yoast SEO plugin. -->","yoast_head_json":{"title":"\u00c4ggkn\u00e4ckare - Mekulo SE","robots":{"index":"index","follow":"follow","max-snippet":"max-snippet:-1","max-image-preview":"max-image-preview:large","max-video-preview":"max-video-preview:-1"},"canonical":"https:\/\/mekulo.com\/se\/produkt\/aggknackare\/","og_locale":"sv_SE","og_type":"article","og_title":"\u00c4ggkn\u00e4ckare - Mekulo SE","og_description":"\ud83e\udd5aDen h\u00e4r \u00e4ggkn\u00e4ckaren anv\u00e4nder gravitationen f\u00f6r att kn\u00e4cka \u00e4gg snyggt med en enkel r\u00f6relse. \ud83c\udf73Lyft och sl\u00e4pp bara den rostfria st\u00e5lkulan f\u00f6r att kn\u00e4cka skalet rent, vilket g\u00f6r matlagningen snabbare och roligare. \ud83e\udd6fPerfekt f\u00f6r vardagsfrukostar, bakning och matlagning utan den vanliga r\u00f6ran.","og_url":"https:\/\/mekulo.com\/se\/produkt\/aggknackare\/","og_site_name":"Mekulo SE","og_image":[{"width":960,"height":960,"url":"https:\/\/mekulo.com\/se\/wp-content\/uploads\/sites\/11\/2026\/01\/u22fndy-1.jpg","type":"image\/jpeg"}],"twitter_card":"summary_large_image","twitter_misc":{"Ber\u00e4knad l\u00e4stid":"2 minuter"},"schema":{"@context":"https:\/\/schema.org","@graph":[{"@type":"WebPage","@id":"https:\/\/mekulo.com\/se\/produkt\/aggknackare\/","url":"https:\/\/mekulo.com\/se\/produkt\/aggknackare\/","name":"\u00c4ggkn\u00e4ckare - Mekulo SE","isPartOf":{"@id":"https:\/\/mekulo.com\/se\/#website"},"primaryImageOfPage":{"@id":"https:\/\/mekulo.com\/se\/produkt\/aggknackare\/#primaryimage"},"image":{"@id":"https:\/\/mekulo.com\/se\/produkt\/aggknackare\/#primaryimage"},"thumbnailUrl":"https:\/\/mekulo.com\/se\/wp-content\/uploads\/sites\/11\/2026\/01\/u22fndy-1.jpg","datePublished":"2026-01-30T05:44:31+00:00","breadcrumb":{"@id":"https:\/\/mekulo.com\/se\/produkt\/aggknackare\/#breadcrumb"},"inLanguage":"sv-SE","potentialAction":[{"@type":"ReadAction","target":["https:\/\/mekulo.com\/se\/produkt\/aggknackare\/"]}]},{"@type":"ImageObject","inLanguage":"sv-SE","@id":"https:\/\/mekulo.com\/se\/produkt\/aggknackare\/#primaryimage","url":"https:\/\/mekulo.com\/se\/wp-content\/uploads\/sites\/11\/2026\/01\/u22fndy-1.jpg","contentUrl":"https:\/\/mekulo.com\/se\/wp-content\/uploads\/sites\/11\/2026\/01\/u22fndy-1.jpg","width":960,"height":960},{"@type":"BreadcrumbList","@id":"https:\/\/mekulo.com\/se\/produkt\/aggknackare\/#breadcrumb","itemListElement":[{"@type":"ListItem","position":1,"name":"Home","item":"https:\/\/mekulo.com\/se\/"},{"@type":"ListItem","position":2,"name":"Butik","item":"https:\/\/mekulo.com\/se\/butik\/"},{"@type":"ListItem","position":3,"name":"\u00c4ggkn\u00e4ckare"}]},{"@type":"WebSite","@id":"https:\/\/mekulo.com\/se\/#website","url":"https:\/\/mekulo.com\/se\/","name":"Mekulo SE","description":"","publisher":{"@id":"https:\/\/mekulo.com\/se\/#organization"},"potentialAction":[{"@type":"SearchAction","target":{"@type":"EntryPoint","urlTemplate":"https:\/\/mekulo.com\/se\/?s={search_term_string}"},"query-input":{"@type":"PropertyValueSpecification","valueRequired":true,"valueName":"search_term_string"}}],"inLanguage":"sv-SE"},{"@type":"Organization","@id":"https:\/\/mekulo.com\/se\/#organization","name":"Mekulo","url":"https:\/\/mekulo.com\/se\/","logo":{"@type":"ImageObject","inLanguage":"sv-SE","@id":"https:\/\/mekulo.com\/se\/#\/schema\/logo\/image\/","url":"https:\/\/mekulo.com\/se\/wp-content\/uploads\/sites\/11\/2025\/12\/favicon_mekulo.png","contentUrl":"https:\/\/mekulo.com\/se\/wp-content\/uploads\/sites\/11\/2025\/12\/favicon_mekulo.png","width":50,"height":50,"caption":"Mekulo"},"image":{"@id":"https:\/\/mekulo.com\/se\/#\/schema\/logo\/image\/"}}]}},"_links":{"self":[{"href":"https:\/\/mekulo.com\/se\/wp-json\/wp\/v2\/product\/20265","targetHints":{"allow":["GET"]}}],"collection":[{"href":"https:\/\/mekulo.com\/se\/wp-json\/wp\/v2\/product"}],"about":[{"href":"https:\/\/mekulo.com\/se\/wp-json\/wp\/v2\/types\/product"}],"replies":[{"embeddable":true,"href":"https:\/\/mekulo.com\/se\/wp-json\/wp\/v2\/comments?post=20265"}],"wp:featuredmedia":[{"embeddable":true,"href":"https:\/\/mekulo.com\/se\/wp-json\/wp\/v2\/media\/20261"}],"wp:attachment":[{"href":"https:\/\/mekulo.com\/se\/wp-json\/wp\/v2\/media?parent=20265"}],"wp:term":[{"taxonomy":"product_brand","embeddable":true,"href":"https:\/\/mekulo.com\/se\/wp-json\/wp\/v2\/product_brand?post=20265"},{"taxonomy":"product_cat","embeddable":true,"href":"https:\/\/mekulo.com\/se\/wp-json\/wp\/v2\/product_cat?post=20265"},{"taxonomy":"product_tag","embeddable":true,"href":"https:\/\/mekulo.com\/se\/wp-json\/wp\/v2\/product_tag?post=20265"}],"curies":[{"name":"wp","href":"https:\/\/api.w.org\/{rel}","templated":true}]}}