{"id":20170,"date":"2026-01-30T07:36:48","date_gmt":"2026-01-30T05:36:48","guid":{"rendered":"https:\/\/mekulo.com\/se\/produkt\/verktyg-for-fjader-till-trumbroms\/"},"modified":"2026-02-10T11:10:13","modified_gmt":"2026-02-10T09:10:13","slug":"verktyg-for-fjader-till-trumbroms","status":"publish","type":"product","link":"https:\/\/mekulo.com\/se\/produkt\/verktyg-for-fjader-till-trumbroms\/","title":{"rendered":"Verktyg f\u00f6r fj\u00e4der till trumbroms"},"content":{"rendered":"<p style=\"text-align: center\" data-start=\"0\" data-end=\"80\"><strong data-start=\"0\" data-end=\"80\">Ta bort och installera trumbromsfj\u00e4drar snabbt, s\u00e4kert och med mindre anstr\u00e4ngning. \u2699\ufe0f<\/strong><\/p>\n<p data-start=\"0\" data-end=\"80\"><img fetchpriority=\"high\" decoding=\"async\" class=\"size-full wp-image-22466 aligncenter\" src=\"https:\/\/mekulo.com\/template\/wp-content\/uploads\/sites\/6\/2026\/01\/S2b7499955f134dc8ad0d74012f0448d9h.webp\" alt=\"\" width=\"1001\" height=\"1001\" \/><\/p>\n<h2 style=\"text-align: center\" data-start=\"379\" data-end=\"396\"><strong>Huvudsakliga f\u00f6rdelar \ud83d\udd27<\/strong><\/h2>\n<p data-start=\"399\" data-end=\"468\">\ud83d\udd27 Enkel fj\u00e4derborttagning &#8211; Utformad f\u00f6r returfj\u00e4drar f\u00f6r trumbroms.<\/p>\n<p data-start=\"471\" data-end=\"533\">\ud83d\udd01 \u00c4ndar med dubbla funktioner &#8211; Ta bort och installera med ett verktyg.<\/p>\n<p data-start=\"536\" data-end=\"600\">\ud83d\udcaa Kraftigt st\u00e5l &#8211; Byggt f\u00f6r styrka och l\u00e5ngvarig anv\u00e4ndning.<\/p>\n<p data-start=\"603\" data-end=\"665\">\ud83d\udee0\ufe0f Arbetsbesparande design &#8211; Minskar anstr\u00e4ngning och handbelastning.<\/p>\n<p data-start=\"668\" data-end=\"729\">\ud83e\uddf0 Verkstadsklar &#8211; Perfekt f\u00f6r garage och proffs.<\/p>\n<p data-start=\"732\" data-end=\"792\">\ud83d\udee1\ufe0f S\u00e4krare drift &#8211; B\u00e4ttre kontroll under bromsarbete.<\/p>\n<p data-start=\"732\" data-end=\"792\"><img decoding=\"async\" class=\"size-full wp-image-22464 aligncenter\" src=\"https:\/\/mekulo.com\/template\/wp-content\/uploads\/sites\/6\/2026\/01\/5-13.jpeg\" alt=\"\" width=\"960\" height=\"960\" \/><\/p>\n<h2 style=\"text-align: center\" data-start=\"794\" data-end=\"808\"><strong>Hur Man Anv\u00e4nder \ud83d\udccc<\/strong><\/h2>\n<ol data-start=\"809\" data-end=\"1075\">\n<li data-start=\"809\" data-end=\"873\">\n<p data-start=\"812\" data-end=\"873\">Anv\u00e4nd plugg\u00e4nden f\u00f6r att ta bort fj\u00e4dern fr\u00e5n ankarbulten.<\/p>\n<\/li>\n<li data-start=\"874\" data-end=\"940\">\n<p data-start=\"877\" data-end=\"940\">Placera den sk\u00e5rade \u00e4nden f\u00f6r att installera fj\u00e4dern p\u00e5 plats.<\/p>\n<\/li>\n<li data-start=\"941\" data-end=\"992\">\n<p data-start=\"944\" data-end=\"992\">Applicera stadigt tryck f\u00f6r kontrollerad r\u00f6relse.<\/p>\n<\/li>\n<li data-start=\"993\" data-end=\"1039\">\n<p data-start=\"996\" data-end=\"1039\">Upprepa f\u00f6r andra bromsfj\u00e4drar efter behov.<\/p>\n<\/li>\n<li data-start=\"1040\" data-end=\"1075\">\n<p data-start=\"1043\" data-end=\"1075\">F\u00f6rvara verktyget s\u00e4kert efter anv\u00e4ndning.<\/p>\n<\/li>\n<\/ol>\n<h2 style=\"text-align: center\" data-start=\"1077\" data-end=\"1096\"><strong>Produktdetaljer \ud83d\udccf<\/strong><\/h2>\n<ul data-start=\"1097\" data-end=\"1268\">\n<li data-start=\"1126\" data-end=\"1159\">\n<p data-start=\"1128\" data-end=\"1159\">Material: F\u00f6rkromat st\u00e5l<\/p>\n<\/li>\n<li data-start=\"1160\" data-end=\"1177\">\n<p data-start=\"1162\" data-end=\"1177\">F\u00e4rg: Silver<\/p>\n<\/li>\n<li data-start=\"1178\" data-end=\"1216\">\n<p data-start=\"1180\" data-end=\"1216\">Passform: Universal f\u00f6r trumbromsar<\/p>\n<\/li>\n<li data-start=\"1217\" data-end=\"1268\">\n<p data-start=\"1219\" data-end=\"1268\">Applikation: Sko\u00e5terg\u00e5ngsfj\u00e4drar p\u00e5 trumbromsar<\/p>\n<\/li>\n<li data-start=\"1217\" data-end=\"1268\">L\u00e4ngd: 330 mm<\/li>\n<\/ul>\n<h2 style=\"text-align: center\" data-start=\"1270\" data-end=\"1290\"><strong>Paketet Inneh\u00e5ller \ud83d\udce6<\/strong><\/h2>\n<ul data-start=\"1291\" data-end=\"1319\" data-is-last-node=\"\" data-is-only-node=\"\">\n<li data-start=\"1291\" data-end=\"1319\" data-is-last-node=\"\">\n<p data-start=\"1293\" data-end=\"1319\" data-is-last-node=\"\">1, 2x trumbromsfj\u00e4derverktyg\/s.<\/p>\n<\/li>\n<\/ul>\n","protected":false},"excerpt":{"rendered":"<p>\ud83d\udd27Detta trumbromsfj\u00e4derverktyg \u00e4r utformat f\u00f6r att g\u00f6ra borttagning och montering av bromsfj\u00e4drar enkel och kontrollerad.<br \/>\n\ud83d\udcaaDen starka st\u00e5lkonstruktionen och designen med dubbla \u00e4ndar hj\u00e4lper dig att arbeta snabbare samtidigt som du minskar belastningen p\u00e5 h\u00e4nderna och riskerna.<br \/>\n\ud83d\udc68\u200d\ud83c\udfedAn oumb\u00e4rligt verktyg f\u00f6r alla som utf\u00f6r underh\u00e5ll av trumbromsar i ett garage eller en verkstad.<\/p>\n","protected":false},"featured_media":20166,"comment_status":"open","ping_status":"closed","template":"","meta":{"site-sidebar-layout":"default","site-content-layout":"","ast-site-content-layout":"default","site-content-style":"default","site-sidebar-style":"default","ast-global-header-display":"","ast-banner-title-visibility":"","ast-main-header-display":"","ast-hfb-above-header-display":"","ast-hfb-below-header-display":"","ast-hfb-mobile-header-display":"","site-post-title":"","ast-breadcrumbs-content":"","ast-featured-img":"","footer-sml-layout":"","theme-transparent-header-meta":"default","adv-header-id-meta":"","stick-header-meta":"","header-above-stick-meta":"","header-main-stick-meta":"","header-below-stick-meta":"","astra-migrate-meta-layouts":"set","ast-page-background-enabled":"default","ast-page-background-meta":{"desktop":{"background-color":"var(--ast-global-color-5)","background-image":"","background-repeat":"repeat","background-position":"center center","background-size":"auto","background-attachment":"scroll","background-type":"","background-media":"","overlay-type":"","overlay-color":"","overlay-opacity":"","overlay-gradient":""},"tablet":{"background-color":"","background-image":"","background-repeat":"repeat","background-position":"center center","background-size":"auto","background-attachment":"scroll","background-type":"","background-media":"","overlay-type":"","overlay-color":"","overlay-opacity":"","overlay-gradient":""},"mobile":{"background-color":"","background-image":"","background-repeat":"repeat","background-position":"center center","background-size":"auto","background-attachment":"scroll","background-type":"","background-media":"","overlay-type":"","overlay-color":"","overlay-opacity":"","overlay-gradient":""}},"ast-content-background-meta":{"desktop":{"background-color":"var(--ast-global-color-4)","background-image":"","background-repeat":"repeat","background-position":"center center","background-size":"auto","background-attachment":"scroll","background-type":"","background-media":"","overlay-type":"","overlay-color":"","overlay-opacity":"","overlay-gradient":""},"tablet":{"background-color":"var(--ast-global-color-4)","background-image":"","background-repeat":"repeat","background-position":"center center","background-size":"auto","background-attachment":"scroll","background-type":"","background-media":"","overlay-type":"","overlay-color":"","overlay-opacity":"","overlay-gradient":""},"mobile":{"background-color":"var(--ast-global-color-4)","background-image":"","background-repeat":"repeat","background-position":"center center","background-size":"auto","background-attachment":"scroll","background-type":"","background-media":"","overlay-type":"","overlay-color":"","overlay-opacity":"","overlay-gradient":""}}},"product_brand":[],"product_cat":[171],"product_tag":[],"class_list":{"0":"post-20170","1":"product","2":"type-product","3":"status-publish","4":"has-post-thumbnail","6":"product_cat-verktyg","7":"pa_52859_b6vzbern-1-st","8":"pa_52859_b6vzbern-2-st","9":"desktop-align-left","10":"tablet-align-left","11":"mobile-align-left","13":"first","14":"instock","15":"shipping-taxable","16":"purchasable","17":"product-type-variable"},"yoast_head":"<!-- This site is optimized with the Yoast SEO plugin v26.6 - https:\/\/yoast.com\/wordpress\/plugins\/seo\/ -->\n<title>Verktyg f\u00f6r fj\u00e4der till trumbroms - Mekulo SE<\/title>\n<meta name=\"robots\" content=\"index, follow, max-snippet:-1, max-image-preview:large, max-video-preview:-1\" \/>\n<link rel=\"canonical\" href=\"https:\/\/mekulo.com\/se\/produkt\/verktyg-for-fjader-till-trumbroms\/\" \/>\n<meta property=\"og:locale\" content=\"sv_SE\" \/>\n<meta property=\"og:type\" content=\"article\" \/>\n<meta property=\"og:title\" content=\"Verktyg f\u00f6r fj\u00e4der till trumbroms - Mekulo SE\" \/>\n<meta property=\"og:description\" content=\"\ud83d\udd27Detta trumbromsfj\u00e4derverktyg \u00e4r utformat f\u00f6r att g\u00f6ra borttagning och montering av bromsfj\u00e4drar enkel och kontrollerad. \ud83d\udcaaDen starka st\u00e5lkonstruktionen och designen med dubbla \u00e4ndar hj\u00e4lper dig att arbeta snabbare samtidigt som du minskar belastningen p\u00e5 h\u00e4nderna och riskerna. \ud83d\udc68\u200d\ud83c\udfedAn oumb\u00e4rligt verktyg f\u00f6r alla som utf\u00f6r underh\u00e5ll av trumbromsar i ett garage eller en verkstad.\" \/>\n<meta property=\"og:url\" content=\"https:\/\/mekulo.com\/se\/produkt\/verktyg-for-fjader-till-trumbroms\/\" \/>\n<meta property=\"og:site_name\" content=\"Mekulo SE\" \/>\n<meta property=\"article:modified_time\" content=\"2026-02-10T09:10:13+00:00\" \/>\n<meta property=\"og:image\" content=\"https:\/\/mekulo.com\/se\/wp-content\/uploads\/sites\/11\/2026\/01\/bf63g1j-1.jpeg\" \/>\n\t<meta property=\"og:image:width\" content=\"960\" \/>\n\t<meta property=\"og:image:height\" content=\"960\" \/>\n\t<meta property=\"og:image:type\" content=\"image\/jpeg\" \/>\n<meta name=\"twitter:card\" content=\"summary_large_image\" \/>\n<meta name=\"twitter:label1\" content=\"Ber\u00e4knad l\u00e4stid\" \/>\n\t<meta name=\"twitter:data1\" content=\"2 minuter\" \/>\n<script type=\"application\/ld+json\" class=\"yoast-schema-graph\">{\"@context\":\"https:\/\/schema.org\",\"@graph\":[{\"@type\":\"WebPage\",\"@id\":\"https:\/\/mekulo.com\/se\/produkt\/verktyg-for-fjader-till-trumbroms\/\",\"url\":\"https:\/\/mekulo.com\/se\/produkt\/verktyg-for-fjader-till-trumbroms\/\",\"name\":\"Verktyg f\u00f6r fj\u00e4der till trumbroms - Mekulo SE\",\"isPartOf\":{\"@id\":\"https:\/\/mekulo.com\/se\/#website\"},\"primaryImageOfPage\":{\"@id\":\"https:\/\/mekulo.com\/se\/produkt\/verktyg-for-fjader-till-trumbroms\/#primaryimage\"},\"image\":{\"@id\":\"https:\/\/mekulo.com\/se\/produkt\/verktyg-for-fjader-till-trumbroms\/#primaryimage\"},\"thumbnailUrl\":\"https:\/\/mekulo.com\/se\/wp-content\/uploads\/sites\/11\/2026\/01\/bf63g1j-1.jpeg\",\"datePublished\":\"2026-01-30T05:36:48+00:00\",\"dateModified\":\"2026-02-10T09:10:13+00:00\",\"breadcrumb\":{\"@id\":\"https:\/\/mekulo.com\/se\/produkt\/verktyg-for-fjader-till-trumbroms\/#breadcrumb\"},\"inLanguage\":\"sv-SE\",\"potentialAction\":[{\"@type\":\"ReadAction\",\"target\":[\"https:\/\/mekulo.com\/se\/produkt\/verktyg-for-fjader-till-trumbroms\/\"]}]},{\"@type\":\"ImageObject\",\"inLanguage\":\"sv-SE\",\"@id\":\"https:\/\/mekulo.com\/se\/produkt\/verktyg-for-fjader-till-trumbroms\/#primaryimage\",\"url\":\"https:\/\/mekulo.com\/se\/wp-content\/uploads\/sites\/11\/2026\/01\/bf63g1j-1.jpeg\",\"contentUrl\":\"https:\/\/mekulo.com\/se\/wp-content\/uploads\/sites\/11\/2026\/01\/bf63g1j-1.jpeg\",\"width\":960,\"height\":960},{\"@type\":\"BreadcrumbList\",\"@id\":\"https:\/\/mekulo.com\/se\/produkt\/verktyg-for-fjader-till-trumbroms\/#breadcrumb\",\"itemListElement\":[{\"@type\":\"ListItem\",\"position\":1,\"name\":\"Home\",\"item\":\"https:\/\/mekulo.com\/se\/\"},{\"@type\":\"ListItem\",\"position\":2,\"name\":\"Butik\",\"item\":\"https:\/\/mekulo.com\/se\/butik\/\"},{\"@type\":\"ListItem\",\"position\":3,\"name\":\"Verktyg f\u00f6r fj\u00e4der till trumbroms\"}]},{\"@type\":\"WebSite\",\"@id\":\"https:\/\/mekulo.com\/se\/#website\",\"url\":\"https:\/\/mekulo.com\/se\/\",\"name\":\"Mekulo SE\",\"description\":\"\",\"publisher\":{\"@id\":\"https:\/\/mekulo.com\/se\/#organization\"},\"potentialAction\":[{\"@type\":\"SearchAction\",\"target\":{\"@type\":\"EntryPoint\",\"urlTemplate\":\"https:\/\/mekulo.com\/se\/?s={search_term_string}\"},\"query-input\":{\"@type\":\"PropertyValueSpecification\",\"valueRequired\":true,\"valueName\":\"search_term_string\"}}],\"inLanguage\":\"sv-SE\"},{\"@type\":\"Organization\",\"@id\":\"https:\/\/mekulo.com\/se\/#organization\",\"name\":\"Mekulo\",\"url\":\"https:\/\/mekulo.com\/se\/\",\"logo\":{\"@type\":\"ImageObject\",\"inLanguage\":\"sv-SE\",\"@id\":\"https:\/\/mekulo.com\/se\/#\/schema\/logo\/image\/\",\"url\":\"https:\/\/mekulo.com\/se\/wp-content\/uploads\/sites\/11\/2025\/12\/favicon_mekulo.png\",\"contentUrl\":\"https:\/\/mekulo.com\/se\/wp-content\/uploads\/sites\/11\/2025\/12\/favicon_mekulo.png\",\"width\":50,\"height\":50,\"caption\":\"Mekulo\"},\"image\":{\"@id\":\"https:\/\/mekulo.com\/se\/#\/schema\/logo\/image\/\"}}]}<\/script>\n<!-- \/ Yoast SEO plugin. -->","yoast_head_json":{"title":"Verktyg f\u00f6r fj\u00e4der till trumbroms - Mekulo SE","robots":{"index":"index","follow":"follow","max-snippet":"max-snippet:-1","max-image-preview":"max-image-preview:large","max-video-preview":"max-video-preview:-1"},"canonical":"https:\/\/mekulo.com\/se\/produkt\/verktyg-for-fjader-till-trumbroms\/","og_locale":"sv_SE","og_type":"article","og_title":"Verktyg f\u00f6r fj\u00e4der till trumbroms - Mekulo SE","og_description":"\ud83d\udd27Detta trumbromsfj\u00e4derverktyg \u00e4r utformat f\u00f6r att g\u00f6ra borttagning och montering av bromsfj\u00e4drar enkel och kontrollerad. \ud83d\udcaaDen starka st\u00e5lkonstruktionen och designen med dubbla \u00e4ndar hj\u00e4lper dig att arbeta snabbare samtidigt som du minskar belastningen p\u00e5 h\u00e4nderna och riskerna. \ud83d\udc68\u200d\ud83c\udfedAn oumb\u00e4rligt verktyg f\u00f6r alla som utf\u00f6r underh\u00e5ll av trumbromsar i ett garage eller en verkstad.","og_url":"https:\/\/mekulo.com\/se\/produkt\/verktyg-for-fjader-till-trumbroms\/","og_site_name":"Mekulo SE","article_modified_time":"2026-02-10T09:10:13+00:00","og_image":[{"width":960,"height":960,"url":"https:\/\/mekulo.com\/se\/wp-content\/uploads\/sites\/11\/2026\/01\/bf63g1j-1.jpeg","type":"image\/jpeg"}],"twitter_card":"summary_large_image","twitter_misc":{"Ber\u00e4knad l\u00e4stid":"2 minuter"},"schema":{"@context":"https:\/\/schema.org","@graph":[{"@type":"WebPage","@id":"https:\/\/mekulo.com\/se\/produkt\/verktyg-for-fjader-till-trumbroms\/","url":"https:\/\/mekulo.com\/se\/produkt\/verktyg-for-fjader-till-trumbroms\/","name":"Verktyg f\u00f6r fj\u00e4der till trumbroms - Mekulo SE","isPartOf":{"@id":"https:\/\/mekulo.com\/se\/#website"},"primaryImageOfPage":{"@id":"https:\/\/mekulo.com\/se\/produkt\/verktyg-for-fjader-till-trumbroms\/#primaryimage"},"image":{"@id":"https:\/\/mekulo.com\/se\/produkt\/verktyg-for-fjader-till-trumbroms\/#primaryimage"},"thumbnailUrl":"https:\/\/mekulo.com\/se\/wp-content\/uploads\/sites\/11\/2026\/01\/bf63g1j-1.jpeg","datePublished":"2026-01-30T05:36:48+00:00","dateModified":"2026-02-10T09:10:13+00:00","breadcrumb":{"@id":"https:\/\/mekulo.com\/se\/produkt\/verktyg-for-fjader-till-trumbroms\/#breadcrumb"},"inLanguage":"sv-SE","potentialAction":[{"@type":"ReadAction","target":["https:\/\/mekulo.com\/se\/produkt\/verktyg-for-fjader-till-trumbroms\/"]}]},{"@type":"ImageObject","inLanguage":"sv-SE","@id":"https:\/\/mekulo.com\/se\/produkt\/verktyg-for-fjader-till-trumbroms\/#primaryimage","url":"https:\/\/mekulo.com\/se\/wp-content\/uploads\/sites\/11\/2026\/01\/bf63g1j-1.jpeg","contentUrl":"https:\/\/mekulo.com\/se\/wp-content\/uploads\/sites\/11\/2026\/01\/bf63g1j-1.jpeg","width":960,"height":960},{"@type":"BreadcrumbList","@id":"https:\/\/mekulo.com\/se\/produkt\/verktyg-for-fjader-till-trumbroms\/#breadcrumb","itemListElement":[{"@type":"ListItem","position":1,"name":"Home","item":"https:\/\/mekulo.com\/se\/"},{"@type":"ListItem","position":2,"name":"Butik","item":"https:\/\/mekulo.com\/se\/butik\/"},{"@type":"ListItem","position":3,"name":"Verktyg f\u00f6r fj\u00e4der till trumbroms"}]},{"@type":"WebSite","@id":"https:\/\/mekulo.com\/se\/#website","url":"https:\/\/mekulo.com\/se\/","name":"Mekulo SE","description":"","publisher":{"@id":"https:\/\/mekulo.com\/se\/#organization"},"potentialAction":[{"@type":"SearchAction","target":{"@type":"EntryPoint","urlTemplate":"https:\/\/mekulo.com\/se\/?s={search_term_string}"},"query-input":{"@type":"PropertyValueSpecification","valueRequired":true,"valueName":"search_term_string"}}],"inLanguage":"sv-SE"},{"@type":"Organization","@id":"https:\/\/mekulo.com\/se\/#organization","name":"Mekulo","url":"https:\/\/mekulo.com\/se\/","logo":{"@type":"ImageObject","inLanguage":"sv-SE","@id":"https:\/\/mekulo.com\/se\/#\/schema\/logo\/image\/","url":"https:\/\/mekulo.com\/se\/wp-content\/uploads\/sites\/11\/2025\/12\/favicon_mekulo.png","contentUrl":"https:\/\/mekulo.com\/se\/wp-content\/uploads\/sites\/11\/2025\/12\/favicon_mekulo.png","width":50,"height":50,"caption":"Mekulo"},"image":{"@id":"https:\/\/mekulo.com\/se\/#\/schema\/logo\/image\/"}}]}},"_links":{"self":[{"href":"https:\/\/mekulo.com\/se\/wp-json\/wp\/v2\/product\/20170","targetHints":{"allow":["GET"]}}],"collection":[{"href":"https:\/\/mekulo.com\/se\/wp-json\/wp\/v2\/product"}],"about":[{"href":"https:\/\/mekulo.com\/se\/wp-json\/wp\/v2\/types\/product"}],"replies":[{"embeddable":true,"href":"https:\/\/mekulo.com\/se\/wp-json\/wp\/v2\/comments?post=20170"}],"wp:featuredmedia":[{"embeddable":true,"href":"https:\/\/mekulo.com\/se\/wp-json\/wp\/v2\/media\/20166"}],"wp:attachment":[{"href":"https:\/\/mekulo.com\/se\/wp-json\/wp\/v2\/media?parent=20170"}],"wp:term":[{"taxonomy":"product_brand","embeddable":true,"href":"https:\/\/mekulo.com\/se\/wp-json\/wp\/v2\/product_brand?post=20170"},{"taxonomy":"product_cat","embeddable":true,"href":"https:\/\/mekulo.com\/se\/wp-json\/wp\/v2\/product_cat?post=20170"},{"taxonomy":"product_tag","embeddable":true,"href":"https:\/\/mekulo.com\/se\/wp-json\/wp\/v2\/product_tag?post=20170"}],"curies":[{"name":"wp","href":"https:\/\/api.w.org\/{rel}","templated":true}]}}