{"id":20076,"date":"2026-01-28T19:56:06","date_gmt":"2026-01-28T17:56:06","guid":{"rendered":"https:\/\/mekulo.com\/se\/produkt\/2-i-1-magnetiskt-pickup-verktyg-med-led-lampa\/"},"modified":"2026-01-29T19:27:05","modified_gmt":"2026-01-29T17:27:05","slug":"2-i-1-magnetiskt-pickup-verktyg-med-led-lampa","status":"publish","type":"product","link":"https:\/\/mekulo.com\/se\/produkt\/2-i-1-magnetiskt-pickup-verktyg-med-led-lampa\/","title":{"rendered":"2-i-1 magnetiskt pickup-verktyg med LED-lampa"},"content":{"rendered":"<div class=\"flex flex-col text-sm pb-25\">\n<article class=\"text-token-text-primary w-full focus:outline-none [--shadow-height:45px] has-data-writing-block:pointer-events-none has-data-writing-block:-mt-(--shadow-height) has-data-writing-block:pt-(--shadow-height) [&amp;:has([data-writing-block])&gt;*]:pointer-events-auto scroll-mt-[calc(var(--header-height)+min(200px,max(70px,20svh)))]\" dir=\"auto\" data-turn-id=\"dd77b76c-3113-4213-9192-dc72c97a415e\" data-testid=\"conversation-turn-22\" data-scroll-anchor=\"true\" data-turn=\"assistant\">\n<div class=\"text-base my-auto mx-auto pb-10 [--thread-content-margin:--spacing(4)] @w-sm\/main:[--thread-content-margin:--spacing(6)] @w-lg\/main:[--thread-content-margin:--spacing(16)] px-(--thread-content-margin)\">\n<div class=\"[--thread-content-max-width:40rem] @w-lg\/main:[--thread-content-max-width:48rem] mx-auto max-w-(--thread-content-max-width) flex-1 group\/turn-messages focus-visible:outline-hidden relative flex w-full min-w-0 flex-col agent-turn\">\n<div class=\"flex max-w-full flex-col grow\">\n<div class=\"min-h-8 text-message relative flex w-full flex-col items-end gap-2 text-start break-words whitespace-normal [.text-message+&amp;]:mt-1\" dir=\"auto\" data-message-author-role=\"assistant\" data-message-id=\"664dacce-0b63-4445-b816-25fa05f25174\" data-message-model-slug=\"gpt-5-2\">\n<div class=\"flex w-full flex-col gap-1 empty:hidden first:pt-[1px]\">\n<div class=\"markdown prose dark:prose-invert w-full wrap-break-word light markdown-new-styling\">\n<p style=\"text-align: center;\" data-start=\"0\" data-end=\"67\"><strong data-start=\"0\" data-end=\"67\">Plocka Enkelt Upp F\u00f6rlorade Metallf\u00f6rem\u00e5l, \u00c4ven I M\u00f6rka Och Tr\u00e5nga Utrymmen. \ud83c\udf11<\/strong><\/p>\n<p data-start=\"0\" data-end=\"67\"><img fetchpriority=\"high\" decoding=\"async\" class=\"size-full wp-image-22390 aligncenter\" src=\"https:\/\/mekulo.com\/template\/wp-content\/uploads\/sites\/6\/2026\/01\/S4b99d23816dd44f7a6ec3d37ead78218q.webp\" alt=\"\" width=\"1601\" height=\"1601\" \/><\/p>\n<h2 style=\"text-align: center;\" data-start=\"419\" data-end=\"436\">Huvudsakliga f\u00f6rdelar\ud83d\udd26<\/h2>\n<p data-start=\"439\" data-end=\"511\">\ud83e\uddf2 Starkt magnetgrepp \u2013 plockar enkelt upp skruvar, bultar och spikar.<\/p>\n<p data-start=\"514\" data-end=\"571\">\ud83d\udd26 Inbyggda LED-lampor \u2013 ser tydligt i m\u00f6rka utrymmen.<\/p>\n<p data-start=\"574\" data-end=\"624\">\ud83d\udccf Teleskopisk design \u2013 str\u00e4cker sig upp till 57,5 cm.<\/p>\n<p data-start=\"627\" data-end=\"678\">\ud83d\udd04 Flexibel hals \u2013 b\u00f6jer sig 360\u00b0 f\u00f6r tr\u00e5nga utrymmen.<\/p>\n<p data-start=\"681\" data-end=\"744\">\u270b Handsfree-anv\u00e4ndning \u2013 magnetisk bas f\u00e4ster p\u00e5 metallytor.<\/p>\n<p data-start=\"747\" data-end=\"816\">\ud83e\uddf0 Multifunktionsverktyg \u2013 Perfekt f\u00f6r reparationer, DIY och utomhusbruk.<\/p>\n<p data-start=\"747\" data-end=\"816\"><img decoding=\"async\" class=\"size-full wp-image-22391 aligncenter\" src=\"https:\/\/mekulo.com\/template\/wp-content\/uploads\/sites\/6\/2026\/01\/Sb2b791cbf6a44233b527bdc36dc7552f3.webp\" alt=\"\" width=\"1601\" height=\"1601\" \/><\/p>\n<h2 style=\"text-align: center;\" data-start=\"818\" data-end=\"832\">Anv\u00e4ndning \ud83d\udccc<\/h2>\n<ol data-start=\"833\" data-end=\"1081\">\n<li data-start=\"833\" data-end=\"876\">\n<p data-start=\"836\" data-end=\"876\">F\u00f6rl\u00e4ng verktyget till \u00f6nskad l\u00e4ngd.<\/p>\n<\/li>\n<li data-start=\"877\" data-end=\"926\">\n<p data-start=\"880\" data-end=\"926\">Sl\u00e5 p\u00e5 LED-lampan f\u00f6r b\u00e4ttre synlighet.<\/p>\n<\/li>\n<li data-start=\"927\" data-end=\"977\">\n<p data-start=\"930\" data-end=\"977\">Styr den magnetiska spetsen mot metallf\u00f6rem\u00e5let.<\/p>\n<\/li>\n<li data-start=\"978\" data-end=\"1027\">\n<p data-start=\"981\" data-end=\"1027\">Plocka upp f\u00f6rem\u00e5let s\u00e4kert med magneten.<\/p>\n<\/li>\n<li data-start=\"1028\" data-end=\"1081\">\n<p data-start=\"1031\" data-end=\"1081\">Dra tillbaka verktyget och st\u00e4ng av lampan efter anv\u00e4ndning.<\/p>\n<\/li>\n<\/ol>\n<h2 style=\"text-align: center;\" data-start=\"1083\" data-end=\"1102\">Produktdetaljer \ud83d\udccf<\/h2>\n<ul data-start=\"1103\" data-end=\"1337\">\n<li data-start=\"1103\" data-end=\"1131\">\n<p data-start=\"1105\" data-end=\"1131\">Material: Aluminiumlegering<\/p>\n<\/li>\n<li data-start=\"1132\" data-end=\"1184\">\n<p data-start=\"1134\" data-end=\"1184\">L\u00e4ngd: 17,5 cm (ihopdragen), 57,5 cm (utdragen)<\/p>\n<\/li>\n<li data-start=\"1185\" data-end=\"1210\">\n<p data-start=\"1187\" data-end=\"1210\">Vikt: Cirka 100 g<\/p>\n<\/li>\n<li data-start=\"1211\" data-end=\"1244\">\n<p data-start=\"1213\" data-end=\"1244\">Belysning: 3 starka LED-lampor<\/p>\n<\/li>\n<li data-start=\"1245\" data-end=\"1299\">\n<p data-start=\"1247\" data-end=\"1299\">Str\u00f6mf\u00f6rs\u00f6rjning: 4x LR44 knappbatterier (ing\u00e5r)<\/p>\n<\/li>\n<li data-start=\"1300\" data-end=\"1337\">\n<p data-start=\"1302\" data-end=\"1337\">Flexibilitet: 360\u00b0 justerbar hals<\/p>\n<\/li>\n<\/ul>\n<h2 style=\"text-align: center;\" data-start=\"1339\" data-end=\"1359\">Paketet inneh\u00e5ller \ud83d\udce6<\/h2>\n<ul data-start=\"1360\" data-end=\"1461\" data-is-last-node=\"\" data-is-only-node=\"\">\n<li data-start=\"1360\" data-end=\"1410\">\n<p data-start=\"1362\" data-end=\"1410\">1, 2 x 2-i-1 magnetiskt pickupverktyg med LED-lampa<\/p>\n<\/li>\n<li data-start=\"1411\" data-end=\"1438\">\n<p data-start=\"1413\" data-end=\"1438\">4, 8 x LR44 knappbatterier.<\/p>\n<\/li>\n<\/ul>\n<\/div>\n<\/div>\n<\/div>\n<\/div>\n<\/div>\n<\/div>\n<\/article>\n<\/div>\n","protected":false},"excerpt":{"rendered":"<p>\ud83d\udd26Detta 2-i-1 magnetiska pickup-verktyg med LED-lampa hj\u00e4lper dig att h\u00e4mta skruvar, bultar och sm\u00e5 metalldelar utan att b\u00f6ja eller k\u00e4mpa.<br \/>\n\ud83d\udccfDen teleskopiska och flexibla designen n\u00e5r sv\u00e5r\u00e5tkomliga omr\u00e5den, medan de starka LED-lamporna f\u00f6rb\u00e4ttrar synligheten.<br \/>\n\ud83e\uddf0Ett praktiskt vardagsverktyg som sparar tid, anstr\u00e4ngning och frustration hemma, p\u00e5 jobbet eller utomhus.<\/p>\n","protected":false},"featured_media":20072,"comment_status":"open","ping_status":"closed","template":"","meta":{"site-sidebar-layout":"default","site-content-layout":"","ast-site-content-layout":"default","site-content-style":"default","site-sidebar-style":"default","ast-global-header-display":"","ast-banner-title-visibility":"","ast-main-header-display":"","ast-hfb-above-header-display":"","ast-hfb-below-header-display":"","ast-hfb-mobile-header-display":"","site-post-title":"","ast-breadcrumbs-content":"","ast-featured-img":"","footer-sml-layout":"","theme-transparent-header-meta":"default","adv-header-id-meta":"","stick-header-meta":"","header-above-stick-meta":"","header-main-stick-meta":"","header-below-stick-meta":"","astra-migrate-meta-layouts":"set","ast-page-background-enabled":"default","ast-page-background-meta":{"desktop":{"background-color":"var(--ast-global-color-5)","background-image":"","background-repeat":"repeat","background-position":"center center","background-size":"auto","background-attachment":"scroll","background-type":"","background-media":"","overlay-type":"","overlay-color":"","overlay-opacity":"","overlay-gradient":""},"tablet":{"background-color":"","background-image":"","background-repeat":"repeat","background-position":"center center","background-size":"auto","background-attachment":"scroll","background-type":"","background-media":"","overlay-type":"","overlay-color":"","overlay-opacity":"","overlay-gradient":""},"mobile":{"background-color":"","background-image":"","background-repeat":"repeat","background-position":"center center","background-size":"auto","background-attachment":"scroll","background-type":"","background-media":"","overlay-type":"","overlay-color":"","overlay-opacity":"","overlay-gradient":""}},"ast-content-background-meta":{"desktop":{"background-color":"var(--ast-global-color-4)","background-image":"","background-repeat":"repeat","background-position":"center center","background-size":"auto","background-attachment":"scroll","background-type":"","background-media":"","overlay-type":"","overlay-color":"","overlay-opacity":"","overlay-gradient":""},"tablet":{"background-color":"var(--ast-global-color-4)","background-image":"","background-repeat":"repeat","background-position":"center center","background-size":"auto","background-attachment":"scroll","background-type":"","background-media":"","overlay-type":"","overlay-color":"","overlay-opacity":"","overlay-gradient":""},"mobile":{"background-color":"var(--ast-global-color-4)","background-image":"","background-repeat":"repeat","background-position":"center center","background-size":"auto","background-attachment":"scroll","background-type":"","background-media":"","overlay-type":"","overlay-color":"","overlay-opacity":"","overlay-gradient":""}}},"product_brand":[],"product_cat":[171],"product_tag":[],"class_list":{"0":"post-20076","1":"product","2":"type-product","3":"status-publish","4":"has-post-thumbnail","6":"product_cat-verktyg","7":"pa_52671_uftrrmzk-1-st","8":"pa_52671_uftrrmzk-2-st","9":"desktop-align-left","10":"tablet-align-left","11":"mobile-align-left","13":"first","14":"instock","15":"shipping-taxable","16":"purchasable","17":"product-type-variable"},"yoast_head":"<!-- This site is optimized with the Yoast SEO plugin v26.6 - https:\/\/yoast.com\/wordpress\/plugins\/seo\/ -->\n<title>2-i-1 magnetiskt pickup-verktyg med LED-lampa - Mekulo SE<\/title>\n<meta name=\"robots\" content=\"index, follow, max-snippet:-1, max-image-preview:large, max-video-preview:-1\" \/>\n<link rel=\"canonical\" href=\"https:\/\/mekulo.com\/se\/produkt\/2-i-1-magnetiskt-pickup-verktyg-med-led-lampa\/\" \/>\n<meta property=\"og:locale\" content=\"sv_SE\" \/>\n<meta property=\"og:type\" content=\"article\" \/>\n<meta property=\"og:title\" content=\"2-i-1 magnetiskt pickup-verktyg med LED-lampa - Mekulo SE\" \/>\n<meta property=\"og:description\" content=\"\ud83d\udd26Detta 2-i-1 magnetiska pickup-verktyg med LED-lampa hj\u00e4lper dig att h\u00e4mta skruvar, bultar och sm\u00e5 metalldelar utan att b\u00f6ja eller k\u00e4mpa. \ud83d\udccfDen teleskopiska och flexibla designen n\u00e5r sv\u00e5r\u00e5tkomliga omr\u00e5den, medan de starka LED-lamporna f\u00f6rb\u00e4ttrar synligheten. \ud83e\uddf0Ett praktiskt vardagsverktyg som sparar tid, anstr\u00e4ngning och frustration hemma, p\u00e5 jobbet eller utomhus.\" \/>\n<meta property=\"og:url\" content=\"https:\/\/mekulo.com\/se\/produkt\/2-i-1-magnetiskt-pickup-verktyg-med-led-lampa\/\" \/>\n<meta property=\"og:site_name\" content=\"Mekulo SE\" \/>\n<meta property=\"article:modified_time\" content=\"2026-01-29T17:27:05+00:00\" \/>\n<meta property=\"og:image\" content=\"https:\/\/mekulo.com\/se\/wp-content\/uploads\/sites\/11\/2026\/01\/u1fyfvz-1.jpg\" \/>\n\t<meta property=\"og:image:width\" content=\"1080\" \/>\n\t<meta property=\"og:image:height\" content=\"1080\" \/>\n\t<meta property=\"og:image:type\" content=\"image\/jpeg\" \/>\n<meta name=\"twitter:card\" content=\"summary_large_image\" \/>\n<meta name=\"twitter:label1\" content=\"Ber\u00e4knad l\u00e4stid\" \/>\n\t<meta name=\"twitter:data1\" content=\"2 minuter\" \/>\n<script type=\"application\/ld+json\" class=\"yoast-schema-graph\">{\"@context\":\"https:\/\/schema.org\",\"@graph\":[{\"@type\":\"WebPage\",\"@id\":\"https:\/\/mekulo.com\/se\/produkt\/2-i-1-magnetiskt-pickup-verktyg-med-led-lampa\/\",\"url\":\"https:\/\/mekulo.com\/se\/produkt\/2-i-1-magnetiskt-pickup-verktyg-med-led-lampa\/\",\"name\":\"2-i-1 magnetiskt pickup-verktyg med LED-lampa - Mekulo SE\",\"isPartOf\":{\"@id\":\"https:\/\/mekulo.com\/se\/#website\"},\"primaryImageOfPage\":{\"@id\":\"https:\/\/mekulo.com\/se\/produkt\/2-i-1-magnetiskt-pickup-verktyg-med-led-lampa\/#primaryimage\"},\"image\":{\"@id\":\"https:\/\/mekulo.com\/se\/produkt\/2-i-1-magnetiskt-pickup-verktyg-med-led-lampa\/#primaryimage\"},\"thumbnailUrl\":\"https:\/\/mekulo.com\/se\/wp-content\/uploads\/sites\/11\/2026\/01\/u1fyfvz-1.jpg\",\"datePublished\":\"2026-01-28T17:56:06+00:00\",\"dateModified\":\"2026-01-29T17:27:05+00:00\",\"breadcrumb\":{\"@id\":\"https:\/\/mekulo.com\/se\/produkt\/2-i-1-magnetiskt-pickup-verktyg-med-led-lampa\/#breadcrumb\"},\"inLanguage\":\"sv-SE\",\"potentialAction\":[{\"@type\":\"ReadAction\",\"target\":[\"https:\/\/mekulo.com\/se\/produkt\/2-i-1-magnetiskt-pickup-verktyg-med-led-lampa\/\"]}]},{\"@type\":\"ImageObject\",\"inLanguage\":\"sv-SE\",\"@id\":\"https:\/\/mekulo.com\/se\/produkt\/2-i-1-magnetiskt-pickup-verktyg-med-led-lampa\/#primaryimage\",\"url\":\"https:\/\/mekulo.com\/se\/wp-content\/uploads\/sites\/11\/2026\/01\/u1fyfvz-1.jpg\",\"contentUrl\":\"https:\/\/mekulo.com\/se\/wp-content\/uploads\/sites\/11\/2026\/01\/u1fyfvz-1.jpg\",\"width\":1080,\"height\":1080},{\"@type\":\"BreadcrumbList\",\"@id\":\"https:\/\/mekulo.com\/se\/produkt\/2-i-1-magnetiskt-pickup-verktyg-med-led-lampa\/#breadcrumb\",\"itemListElement\":[{\"@type\":\"ListItem\",\"position\":1,\"name\":\"Home\",\"item\":\"https:\/\/mekulo.com\/se\/\"},{\"@type\":\"ListItem\",\"position\":2,\"name\":\"Butik\",\"item\":\"https:\/\/mekulo.com\/se\/butik\/\"},{\"@type\":\"ListItem\",\"position\":3,\"name\":\"2-i-1 magnetiskt pickup-verktyg med LED-lampa\"}]},{\"@type\":\"WebSite\",\"@id\":\"https:\/\/mekulo.com\/se\/#website\",\"url\":\"https:\/\/mekulo.com\/se\/\",\"name\":\"Mekulo SE\",\"description\":\"\",\"publisher\":{\"@id\":\"https:\/\/mekulo.com\/se\/#organization\"},\"potentialAction\":[{\"@type\":\"SearchAction\",\"target\":{\"@type\":\"EntryPoint\",\"urlTemplate\":\"https:\/\/mekulo.com\/se\/?s={search_term_string}\"},\"query-input\":{\"@type\":\"PropertyValueSpecification\",\"valueRequired\":true,\"valueName\":\"search_term_string\"}}],\"inLanguage\":\"sv-SE\"},{\"@type\":\"Organization\",\"@id\":\"https:\/\/mekulo.com\/se\/#organization\",\"name\":\"Mekulo\",\"url\":\"https:\/\/mekulo.com\/se\/\",\"logo\":{\"@type\":\"ImageObject\",\"inLanguage\":\"sv-SE\",\"@id\":\"https:\/\/mekulo.com\/se\/#\/schema\/logo\/image\/\",\"url\":\"https:\/\/mekulo.com\/se\/wp-content\/uploads\/sites\/11\/2025\/12\/favicon_mekulo.png\",\"contentUrl\":\"https:\/\/mekulo.com\/se\/wp-content\/uploads\/sites\/11\/2025\/12\/favicon_mekulo.png\",\"width\":50,\"height\":50,\"caption\":\"Mekulo\"},\"image\":{\"@id\":\"https:\/\/mekulo.com\/se\/#\/schema\/logo\/image\/\"}}]}<\/script>\n<!-- \/ Yoast SEO plugin. -->","yoast_head_json":{"title":"2-i-1 magnetiskt pickup-verktyg med LED-lampa - Mekulo SE","robots":{"index":"index","follow":"follow","max-snippet":"max-snippet:-1","max-image-preview":"max-image-preview:large","max-video-preview":"max-video-preview:-1"},"canonical":"https:\/\/mekulo.com\/se\/produkt\/2-i-1-magnetiskt-pickup-verktyg-med-led-lampa\/","og_locale":"sv_SE","og_type":"article","og_title":"2-i-1 magnetiskt pickup-verktyg med LED-lampa - Mekulo SE","og_description":"\ud83d\udd26Detta 2-i-1 magnetiska pickup-verktyg med LED-lampa hj\u00e4lper dig att h\u00e4mta skruvar, bultar och sm\u00e5 metalldelar utan att b\u00f6ja eller k\u00e4mpa. \ud83d\udccfDen teleskopiska och flexibla designen n\u00e5r sv\u00e5r\u00e5tkomliga omr\u00e5den, medan de starka LED-lamporna f\u00f6rb\u00e4ttrar synligheten. \ud83e\uddf0Ett praktiskt vardagsverktyg som sparar tid, anstr\u00e4ngning och frustration hemma, p\u00e5 jobbet eller utomhus.","og_url":"https:\/\/mekulo.com\/se\/produkt\/2-i-1-magnetiskt-pickup-verktyg-med-led-lampa\/","og_site_name":"Mekulo SE","article_modified_time":"2026-01-29T17:27:05+00:00","og_image":[{"width":1080,"height":1080,"url":"https:\/\/mekulo.com\/se\/wp-content\/uploads\/sites\/11\/2026\/01\/u1fyfvz-1.jpg","type":"image\/jpeg"}],"twitter_card":"summary_large_image","twitter_misc":{"Ber\u00e4knad l\u00e4stid":"2 minuter"},"schema":{"@context":"https:\/\/schema.org","@graph":[{"@type":"WebPage","@id":"https:\/\/mekulo.com\/se\/produkt\/2-i-1-magnetiskt-pickup-verktyg-med-led-lampa\/","url":"https:\/\/mekulo.com\/se\/produkt\/2-i-1-magnetiskt-pickup-verktyg-med-led-lampa\/","name":"2-i-1 magnetiskt pickup-verktyg med LED-lampa - Mekulo SE","isPartOf":{"@id":"https:\/\/mekulo.com\/se\/#website"},"primaryImageOfPage":{"@id":"https:\/\/mekulo.com\/se\/produkt\/2-i-1-magnetiskt-pickup-verktyg-med-led-lampa\/#primaryimage"},"image":{"@id":"https:\/\/mekulo.com\/se\/produkt\/2-i-1-magnetiskt-pickup-verktyg-med-led-lampa\/#primaryimage"},"thumbnailUrl":"https:\/\/mekulo.com\/se\/wp-content\/uploads\/sites\/11\/2026\/01\/u1fyfvz-1.jpg","datePublished":"2026-01-28T17:56:06+00:00","dateModified":"2026-01-29T17:27:05+00:00","breadcrumb":{"@id":"https:\/\/mekulo.com\/se\/produkt\/2-i-1-magnetiskt-pickup-verktyg-med-led-lampa\/#breadcrumb"},"inLanguage":"sv-SE","potentialAction":[{"@type":"ReadAction","target":["https:\/\/mekulo.com\/se\/produkt\/2-i-1-magnetiskt-pickup-verktyg-med-led-lampa\/"]}]},{"@type":"ImageObject","inLanguage":"sv-SE","@id":"https:\/\/mekulo.com\/se\/produkt\/2-i-1-magnetiskt-pickup-verktyg-med-led-lampa\/#primaryimage","url":"https:\/\/mekulo.com\/se\/wp-content\/uploads\/sites\/11\/2026\/01\/u1fyfvz-1.jpg","contentUrl":"https:\/\/mekulo.com\/se\/wp-content\/uploads\/sites\/11\/2026\/01\/u1fyfvz-1.jpg","width":1080,"height":1080},{"@type":"BreadcrumbList","@id":"https:\/\/mekulo.com\/se\/produkt\/2-i-1-magnetiskt-pickup-verktyg-med-led-lampa\/#breadcrumb","itemListElement":[{"@type":"ListItem","position":1,"name":"Home","item":"https:\/\/mekulo.com\/se\/"},{"@type":"ListItem","position":2,"name":"Butik","item":"https:\/\/mekulo.com\/se\/butik\/"},{"@type":"ListItem","position":3,"name":"2-i-1 magnetiskt pickup-verktyg med LED-lampa"}]},{"@type":"WebSite","@id":"https:\/\/mekulo.com\/se\/#website","url":"https:\/\/mekulo.com\/se\/","name":"Mekulo SE","description":"","publisher":{"@id":"https:\/\/mekulo.com\/se\/#organization"},"potentialAction":[{"@type":"SearchAction","target":{"@type":"EntryPoint","urlTemplate":"https:\/\/mekulo.com\/se\/?s={search_term_string}"},"query-input":{"@type":"PropertyValueSpecification","valueRequired":true,"valueName":"search_term_string"}}],"inLanguage":"sv-SE"},{"@type":"Organization","@id":"https:\/\/mekulo.com\/se\/#organization","name":"Mekulo","url":"https:\/\/mekulo.com\/se\/","logo":{"@type":"ImageObject","inLanguage":"sv-SE","@id":"https:\/\/mekulo.com\/se\/#\/schema\/logo\/image\/","url":"https:\/\/mekulo.com\/se\/wp-content\/uploads\/sites\/11\/2025\/12\/favicon_mekulo.png","contentUrl":"https:\/\/mekulo.com\/se\/wp-content\/uploads\/sites\/11\/2025\/12\/favicon_mekulo.png","width":50,"height":50,"caption":"Mekulo"},"image":{"@id":"https:\/\/mekulo.com\/se\/#\/schema\/logo\/image\/"}}]}},"_links":{"self":[{"href":"https:\/\/mekulo.com\/se\/wp-json\/wp\/v2\/product\/20076","targetHints":{"allow":["GET"]}}],"collection":[{"href":"https:\/\/mekulo.com\/se\/wp-json\/wp\/v2\/product"}],"about":[{"href":"https:\/\/mekulo.com\/se\/wp-json\/wp\/v2\/types\/product"}],"replies":[{"embeddable":true,"href":"https:\/\/mekulo.com\/se\/wp-json\/wp\/v2\/comments?post=20076"}],"wp:featuredmedia":[{"embeddable":true,"href":"https:\/\/mekulo.com\/se\/wp-json\/wp\/v2\/media\/20072"}],"wp:attachment":[{"href":"https:\/\/mekulo.com\/se\/wp-json\/wp\/v2\/media?parent=20076"}],"wp:term":[{"taxonomy":"product_brand","embeddable":true,"href":"https:\/\/mekulo.com\/se\/wp-json\/wp\/v2\/product_brand?post=20076"},{"taxonomy":"product_cat","embeddable":true,"href":"https:\/\/mekulo.com\/se\/wp-json\/wp\/v2\/product_cat?post=20076"},{"taxonomy":"product_tag","embeddable":true,"href":"https:\/\/mekulo.com\/se\/wp-json\/wp\/v2\/product_tag?post=20076"}],"curies":[{"name":"wp","href":"https:\/\/api.w.org\/{rel}","templated":true}]}}