{"id":20010,"date":"2026-01-28T17:17:18","date_gmt":"2026-01-28T15:17:18","guid":{"rendered":"https:\/\/mekulo.com\/se\/produkt\/langfinger-overraskningsagg\/"},"modified":"2026-02-03T17:13:54","modified_gmt":"2026-02-03T15:13:54","slug":"langfinger-overraskningsagg","status":"publish","type":"product","link":"https:\/\/mekulo.com\/se\/produkt\/langfinger-overraskningsagg\/","title":{"rendered":"L\u00e5ngfinger \u00f6verrasknings\u00e4gg"},"content":{"rendered":"<p style=\"text-align: center;\" data-start=\"0\" data-end=\"70\"><strong data-start=\"0\" data-end=\"70\">L\u00e4gg till ett chockerande skratt till varje firande med ett roligt \u00f6verrasknings\u00e4gg. \ud83d\udc23<\/strong><\/p>\n<p data-start=\"0\" data-end=\"70\"><img fetchpriority=\"high\" decoding=\"async\" class=\"size-full wp-image-22411 aligncenter\" src=\"https:\/\/mekulo.com\/template\/wp-content\/uploads\/sites\/6\/2026\/01\/S93894e2d19504cc8a7cb1b297cc746734.webp\" alt=\"\" width=\"800\" height=\"800\" \/><\/p>\n<h2 style=\"text-align: center;\" data-start=\"405\" data-end=\"422\">Huvudsakliga f\u00f6rdelar \ud83e\udd5a<\/h2>\n<p data-start=\"425\" data-end=\"486\">\ud83d\ude02 Rolig prankdesign &#8211; Ov\u00e4ntat l\u00e5ngfinger avsl\u00f6jar.<\/p>\n<p data-start=\"489\" data-end=\"550\">\ud83e\udd5a Unikt 3D-utseende &#8211; Kreativ och i\u00f6gonfallande \u00e4ggform.<\/p>\n<p data-start=\"553\" data-end=\"615\">\ud83c\udf89 Perfekt sk\u00e4mtg\u00e5va &#8211; Perfekt f\u00f6r fester och gag-\u00f6gonblick.<\/p>\n<p data-start=\"618\" data-end=\"676\">\ud83c\udfe0 M\u00e5ngsidig dekor &#8211; Skrivbord, hylla eller semestervisning.<\/p>\n<p data-start=\"679\" data-end=\"734\">\ud83d\udcaa H\u00e5llbar plast &#8211; L\u00e4tt och l\u00e5ngvarig.<\/p>\n<p data-start=\"737\" data-end=\"800\">\ud83c\udf81 Konversationsstartare &#8211; Garanterade reaktioner och skratt.<\/p>\n<p data-start=\"737\" data-end=\"800\"><img decoding=\"async\" class=\"size-full wp-image-22416 aligncenter\" src=\"https:\/\/mekulo.com\/template\/wp-content\/uploads\/sites\/6\/2026\/01\/4d2c25684d66274b81e8edca392ff648ba606797.jpg\" alt=\"\" width=\"1080\" height=\"442\" \/><\/p>\n<h2 style=\"text-align: center;\" data-start=\"802\" data-end=\"816\">Hur Man Anv\u00e4nder \ud83d\udccc<\/h2>\n<ol data-start=\"817\" data-end=\"1008\">\n<li data-start=\"817\" data-end=\"874\">\n<p data-start=\"820\" data-end=\"874\">Placera \u00e4gget som dekoration eller i en presentkorg.<\/p>\n<\/li>\n<li data-start=\"875\" data-end=\"916\">\n<p data-start=\"878\" data-end=\"916\">L\u00e5t n\u00e5gon \u00f6ppna eller inspektera \u00e4gget.<\/p>\n<\/li>\n<li data-start=\"917\" data-end=\"954\">\n<p data-start=\"920\" data-end=\"954\">Njut av \u00f6verraskningen och skrattet.<\/p>\n<\/li>\n<li data-start=\"955\" data-end=\"1008\">\n<p data-start=\"958\" data-end=\"1008\">\u00c5teranv\u00e4nd det f\u00f6r framtida uppt\u00e5g eller visa det som dekor.<\/p>\n<\/li>\n<\/ol>\n<h2 style=\"text-align: center;\" data-start=\"1010\" data-end=\"1029\">Produktdetaljer \ud83d\udccf<\/h2>\n<ul data-start=\"1030\" data-end=\"1239\">\n<li data-start=\"1030\" data-end=\"1072\">\n<p data-start=\"1032\" data-end=\"1072\">Material: H\u00f6gkvalitativ h\u00e5llbar plast<\/p>\n<\/li>\n<li data-start=\"1114\" data-end=\"1137\">\n<p data-start=\"1116\" data-end=\"1137\">Vikt: L\u00e4ttvikt<\/p>\n<\/li>\n<li data-start=\"1114\" data-end=\"1137\">\n<p data-start=\"1116\" data-end=\"1137\">Yta: Sl\u00e4t yta<\/p>\n<\/li>\n<li data-start=\"1165\" data-end=\"1192\">\n<p data-start=\"1167\" data-end=\"1192\">Stil: Novelty figurine<\/p>\n<\/li>\n<li data-start=\"1193\" data-end=\"1239\">\n<p data-start=\"1195\" data-end=\"1239\">Passande f\u00f6r: Vuxna med humor<\/p>\n<\/li>\n<li data-start=\"1193\" data-end=\"1239\">Storlek: 7,8 x 5,6 cm<\/li>\n<\/ul>\n<h2 style=\"text-align: center;\" data-start=\"1241\" data-end=\"1261\">Paketet inneh\u00e5ller \ud83d\udce6<\/h2>\n<ul data-start=\"1262\" data-end=\"1294\" data-is-last-node=\"\" data-is-only-node=\"\">\n<li data-start=\"1262\" data-end=\"1294\" data-is-last-node=\"\">\n<p data-start=\"1264\" data-end=\"1294\" data-is-last-node=\"\">1, 2x l\u00e5ngfinger \u00f6verrasknings\u00e4gg\/s.<\/p>\n<\/li>\n<\/ul>\n","protected":false},"excerpt":{"rendered":"<p>\ud83e\udd5aDetta l\u00e5ngfinger\u00f6verrasknings\u00e4gg ser oskyldigt ut f\u00f6rst, men levererar sedan en dj\u00e4rv och rolig \u00f6verraskning n\u00e4r det \u00f6ppnas.<br \/>\n\ud83d\ude02Det \u00e4r l\u00e4tt, h\u00e5llbart och utformat f\u00f6r att vara en perfekt prank eller sk\u00e4mtg\u00e5va f\u00f6r vuxna med humor.<br \/>\n\ud83c\udf89Ideal f\u00f6r att bryta isen, f\u00e5 skratt och skapa of\u00f6rgl\u00f6mliga reaktioner p\u00e5 fester eller helgdagar.<\/p>\n","protected":false},"featured_media":20006,"comment_status":"open","ping_status":"closed","template":"","meta":{"site-sidebar-layout":"default","site-content-layout":"","ast-site-content-layout":"default","site-content-style":"default","site-sidebar-style":"default","ast-global-header-display":"","ast-banner-title-visibility":"","ast-main-header-display":"","ast-hfb-above-header-display":"","ast-hfb-below-header-display":"","ast-hfb-mobile-header-display":"","site-post-title":"","ast-breadcrumbs-content":"","ast-featured-img":"","footer-sml-layout":"","theme-transparent-header-meta":"default","adv-header-id-meta":"","stick-header-meta":"","header-above-stick-meta":"","header-main-stick-meta":"","header-below-stick-meta":"","astra-migrate-meta-layouts":"set","ast-page-background-enabled":"default","ast-page-background-meta":{"desktop":{"background-color":"var(--ast-global-color-5)","background-image":"","background-repeat":"repeat","background-position":"center center","background-size":"auto","background-attachment":"scroll","background-type":"","background-media":"","overlay-type":"","overlay-color":"","overlay-opacity":"","overlay-gradient":""},"tablet":{"background-color":"","background-image":"","background-repeat":"repeat","background-position":"center center","background-size":"auto","background-attachment":"scroll","background-type":"","background-media":"","overlay-type":"","overlay-color":"","overlay-opacity":"","overlay-gradient":""},"mobile":{"background-color":"","background-image":"","background-repeat":"repeat","background-position":"center center","background-size":"auto","background-attachment":"scroll","background-type":"","background-media":"","overlay-type":"","overlay-color":"","overlay-opacity":"","overlay-gradient":""}},"ast-content-background-meta":{"desktop":{"background-color":"var(--ast-global-color-4)","background-image":"","background-repeat":"repeat","background-position":"center center","background-size":"auto","background-attachment":"scroll","background-type":"","background-media":"","overlay-type":"","overlay-color":"","overlay-opacity":"","overlay-gradient":""},"tablet":{"background-color":"var(--ast-global-color-4)","background-image":"","background-repeat":"repeat","background-position":"center center","background-size":"auto","background-attachment":"scroll","background-type":"","background-media":"","overlay-type":"","overlay-color":"","overlay-opacity":"","overlay-gradient":""},"mobile":{"background-color":"var(--ast-global-color-4)","background-image":"","background-repeat":"repeat","background-position":"center center","background-size":"auto","background-attachment":"scroll","background-type":"","background-media":"","overlay-type":"","overlay-color":"","overlay-opacity":"","overlay-gradient":""}}},"product_brand":[],"product_cat":[172],"product_tag":[],"class_list":{"0":"post-20010","1":"product","2":"type-product","3":"status-publish","4":"has-post-thumbnail","6":"product_cat-leksaker-barn-och-babyprodukter","7":"pa_52856_21ru8j2x-bla-gron","8":"pa_52856_21ru8j2x-bla-rod","9":"pa_52856_21ru8j2x-guld","10":"pa_52856_21ru8j2x-multicolor","11":"pa_52856_21ru8j2x-rod-guld","12":"pa_52856_x1gyrym0-1-st","13":"pa_52856_x1gyrym0-2-st","14":"desktop-align-left","15":"tablet-align-left","16":"mobile-align-left","18":"first","19":"instock","20":"shipping-taxable","21":"purchasable","22":"product-type-variable","23":"has-default-attributes"},"yoast_head":"<!-- This site is optimized with the Yoast SEO plugin v26.6 - https:\/\/yoast.com\/wordpress\/plugins\/seo\/ -->\n<title>L\u00e5ngfinger \u00f6verrasknings\u00e4gg - Mekulo SE<\/title>\n<meta name=\"robots\" content=\"index, follow, max-snippet:-1, max-image-preview:large, max-video-preview:-1\" \/>\n<link rel=\"canonical\" href=\"https:\/\/mekulo.com\/se\/produkt\/langfinger-overraskningsagg\/\" \/>\n<meta property=\"og:locale\" content=\"sv_SE\" \/>\n<meta property=\"og:type\" content=\"article\" \/>\n<meta property=\"og:title\" content=\"L\u00e5ngfinger \u00f6verrasknings\u00e4gg - Mekulo SE\" \/>\n<meta property=\"og:description\" content=\"\ud83e\udd5aDetta l\u00e5ngfinger\u00f6verrasknings\u00e4gg ser oskyldigt ut f\u00f6rst, men levererar sedan en dj\u00e4rv och rolig \u00f6verraskning n\u00e4r det \u00f6ppnas. \ud83d\ude02Det \u00e4r l\u00e4tt, h\u00e5llbart och utformat f\u00f6r att vara en perfekt prank eller sk\u00e4mtg\u00e5va f\u00f6r vuxna med humor. \ud83c\udf89Ideal f\u00f6r att bryta isen, f\u00e5 skratt och skapa of\u00f6rgl\u00f6mliga reaktioner p\u00e5 fester eller helgdagar.\" \/>\n<meta property=\"og:url\" content=\"https:\/\/mekulo.com\/se\/produkt\/langfinger-overraskningsagg\/\" \/>\n<meta property=\"og:site_name\" content=\"Mekulo SE\" \/>\n<meta property=\"article:modified_time\" content=\"2026-02-03T15:13:54+00:00\" \/>\n<meta property=\"og:image\" content=\"https:\/\/mekulo.com\/se\/wp-content\/uploads\/sites\/11\/2026\/01\/qc81c20-1.webp\" \/>\n\t<meta property=\"og:image:width\" content=\"800\" \/>\n\t<meta property=\"og:image:height\" content=\"800\" \/>\n\t<meta property=\"og:image:type\" content=\"image\/webp\" \/>\n<meta name=\"twitter:card\" content=\"summary_large_image\" \/>\n<meta name=\"twitter:label1\" content=\"Ber\u00e4knad l\u00e4stid\" \/>\n\t<meta name=\"twitter:data1\" content=\"2 minuter\" \/>\n<script type=\"application\/ld+json\" class=\"yoast-schema-graph\">{\"@context\":\"https:\/\/schema.org\",\"@graph\":[{\"@type\":\"WebPage\",\"@id\":\"https:\/\/mekulo.com\/se\/produkt\/langfinger-overraskningsagg\/\",\"url\":\"https:\/\/mekulo.com\/se\/produkt\/langfinger-overraskningsagg\/\",\"name\":\"L\u00e5ngfinger \u00f6verrasknings\u00e4gg - Mekulo SE\",\"isPartOf\":{\"@id\":\"https:\/\/mekulo.com\/se\/#website\"},\"primaryImageOfPage\":{\"@id\":\"https:\/\/mekulo.com\/se\/produkt\/langfinger-overraskningsagg\/#primaryimage\"},\"image\":{\"@id\":\"https:\/\/mekulo.com\/se\/produkt\/langfinger-overraskningsagg\/#primaryimage\"},\"thumbnailUrl\":\"https:\/\/mekulo.com\/se\/wp-content\/uploads\/sites\/11\/2026\/01\/qc81c20-1.webp\",\"datePublished\":\"2026-01-28T15:17:18+00:00\",\"dateModified\":\"2026-02-03T15:13:54+00:00\",\"breadcrumb\":{\"@id\":\"https:\/\/mekulo.com\/se\/produkt\/langfinger-overraskningsagg\/#breadcrumb\"},\"inLanguage\":\"sv-SE\",\"potentialAction\":[{\"@type\":\"ReadAction\",\"target\":[\"https:\/\/mekulo.com\/se\/produkt\/langfinger-overraskningsagg\/\"]}]},{\"@type\":\"ImageObject\",\"inLanguage\":\"sv-SE\",\"@id\":\"https:\/\/mekulo.com\/se\/produkt\/langfinger-overraskningsagg\/#primaryimage\",\"url\":\"https:\/\/mekulo.com\/se\/wp-content\/uploads\/sites\/11\/2026\/01\/qc81c20-1.webp\",\"contentUrl\":\"https:\/\/mekulo.com\/se\/wp-content\/uploads\/sites\/11\/2026\/01\/qc81c20-1.webp\",\"width\":800,\"height\":800},{\"@type\":\"BreadcrumbList\",\"@id\":\"https:\/\/mekulo.com\/se\/produkt\/langfinger-overraskningsagg\/#breadcrumb\",\"itemListElement\":[{\"@type\":\"ListItem\",\"position\":1,\"name\":\"Home\",\"item\":\"https:\/\/mekulo.com\/se\/\"},{\"@type\":\"ListItem\",\"position\":2,\"name\":\"Butik\",\"item\":\"https:\/\/mekulo.com\/se\/butik\/\"},{\"@type\":\"ListItem\",\"position\":3,\"name\":\"L\u00e5ngfinger \u00f6verrasknings\u00e4gg\"}]},{\"@type\":\"WebSite\",\"@id\":\"https:\/\/mekulo.com\/se\/#website\",\"url\":\"https:\/\/mekulo.com\/se\/\",\"name\":\"Mekulo SE\",\"description\":\"\",\"publisher\":{\"@id\":\"https:\/\/mekulo.com\/se\/#organization\"},\"potentialAction\":[{\"@type\":\"SearchAction\",\"target\":{\"@type\":\"EntryPoint\",\"urlTemplate\":\"https:\/\/mekulo.com\/se\/?s={search_term_string}\"},\"query-input\":{\"@type\":\"PropertyValueSpecification\",\"valueRequired\":true,\"valueName\":\"search_term_string\"}}],\"inLanguage\":\"sv-SE\"},{\"@type\":\"Organization\",\"@id\":\"https:\/\/mekulo.com\/se\/#organization\",\"name\":\"Mekulo\",\"url\":\"https:\/\/mekulo.com\/se\/\",\"logo\":{\"@type\":\"ImageObject\",\"inLanguage\":\"sv-SE\",\"@id\":\"https:\/\/mekulo.com\/se\/#\/schema\/logo\/image\/\",\"url\":\"https:\/\/mekulo.com\/se\/wp-content\/uploads\/sites\/11\/2025\/12\/favicon_mekulo.png\",\"contentUrl\":\"https:\/\/mekulo.com\/se\/wp-content\/uploads\/sites\/11\/2025\/12\/favicon_mekulo.png\",\"width\":50,\"height\":50,\"caption\":\"Mekulo\"},\"image\":{\"@id\":\"https:\/\/mekulo.com\/se\/#\/schema\/logo\/image\/\"}}]}<\/script>\n<!-- \/ Yoast SEO plugin. -->","yoast_head_json":{"title":"L\u00e5ngfinger \u00f6verrasknings\u00e4gg - Mekulo SE","robots":{"index":"index","follow":"follow","max-snippet":"max-snippet:-1","max-image-preview":"max-image-preview:large","max-video-preview":"max-video-preview:-1"},"canonical":"https:\/\/mekulo.com\/se\/produkt\/langfinger-overraskningsagg\/","og_locale":"sv_SE","og_type":"article","og_title":"L\u00e5ngfinger \u00f6verrasknings\u00e4gg - Mekulo SE","og_description":"\ud83e\udd5aDetta l\u00e5ngfinger\u00f6verrasknings\u00e4gg ser oskyldigt ut f\u00f6rst, men levererar sedan en dj\u00e4rv och rolig \u00f6verraskning n\u00e4r det \u00f6ppnas. \ud83d\ude02Det \u00e4r l\u00e4tt, h\u00e5llbart och utformat f\u00f6r att vara en perfekt prank eller sk\u00e4mtg\u00e5va f\u00f6r vuxna med humor. \ud83c\udf89Ideal f\u00f6r att bryta isen, f\u00e5 skratt och skapa of\u00f6rgl\u00f6mliga reaktioner p\u00e5 fester eller helgdagar.","og_url":"https:\/\/mekulo.com\/se\/produkt\/langfinger-overraskningsagg\/","og_site_name":"Mekulo SE","article_modified_time":"2026-02-03T15:13:54+00:00","og_image":[{"width":800,"height":800,"url":"https:\/\/mekulo.com\/se\/wp-content\/uploads\/sites\/11\/2026\/01\/qc81c20-1.webp","type":"image\/webp"}],"twitter_card":"summary_large_image","twitter_misc":{"Ber\u00e4knad l\u00e4stid":"2 minuter"},"schema":{"@context":"https:\/\/schema.org","@graph":[{"@type":"WebPage","@id":"https:\/\/mekulo.com\/se\/produkt\/langfinger-overraskningsagg\/","url":"https:\/\/mekulo.com\/se\/produkt\/langfinger-overraskningsagg\/","name":"L\u00e5ngfinger \u00f6verrasknings\u00e4gg - Mekulo SE","isPartOf":{"@id":"https:\/\/mekulo.com\/se\/#website"},"primaryImageOfPage":{"@id":"https:\/\/mekulo.com\/se\/produkt\/langfinger-overraskningsagg\/#primaryimage"},"image":{"@id":"https:\/\/mekulo.com\/se\/produkt\/langfinger-overraskningsagg\/#primaryimage"},"thumbnailUrl":"https:\/\/mekulo.com\/se\/wp-content\/uploads\/sites\/11\/2026\/01\/qc81c20-1.webp","datePublished":"2026-01-28T15:17:18+00:00","dateModified":"2026-02-03T15:13:54+00:00","breadcrumb":{"@id":"https:\/\/mekulo.com\/se\/produkt\/langfinger-overraskningsagg\/#breadcrumb"},"inLanguage":"sv-SE","potentialAction":[{"@type":"ReadAction","target":["https:\/\/mekulo.com\/se\/produkt\/langfinger-overraskningsagg\/"]}]},{"@type":"ImageObject","inLanguage":"sv-SE","@id":"https:\/\/mekulo.com\/se\/produkt\/langfinger-overraskningsagg\/#primaryimage","url":"https:\/\/mekulo.com\/se\/wp-content\/uploads\/sites\/11\/2026\/01\/qc81c20-1.webp","contentUrl":"https:\/\/mekulo.com\/se\/wp-content\/uploads\/sites\/11\/2026\/01\/qc81c20-1.webp","width":800,"height":800},{"@type":"BreadcrumbList","@id":"https:\/\/mekulo.com\/se\/produkt\/langfinger-overraskningsagg\/#breadcrumb","itemListElement":[{"@type":"ListItem","position":1,"name":"Home","item":"https:\/\/mekulo.com\/se\/"},{"@type":"ListItem","position":2,"name":"Butik","item":"https:\/\/mekulo.com\/se\/butik\/"},{"@type":"ListItem","position":3,"name":"L\u00e5ngfinger \u00f6verrasknings\u00e4gg"}]},{"@type":"WebSite","@id":"https:\/\/mekulo.com\/se\/#website","url":"https:\/\/mekulo.com\/se\/","name":"Mekulo SE","description":"","publisher":{"@id":"https:\/\/mekulo.com\/se\/#organization"},"potentialAction":[{"@type":"SearchAction","target":{"@type":"EntryPoint","urlTemplate":"https:\/\/mekulo.com\/se\/?s={search_term_string}"},"query-input":{"@type":"PropertyValueSpecification","valueRequired":true,"valueName":"search_term_string"}}],"inLanguage":"sv-SE"},{"@type":"Organization","@id":"https:\/\/mekulo.com\/se\/#organization","name":"Mekulo","url":"https:\/\/mekulo.com\/se\/","logo":{"@type":"ImageObject","inLanguage":"sv-SE","@id":"https:\/\/mekulo.com\/se\/#\/schema\/logo\/image\/","url":"https:\/\/mekulo.com\/se\/wp-content\/uploads\/sites\/11\/2025\/12\/favicon_mekulo.png","contentUrl":"https:\/\/mekulo.com\/se\/wp-content\/uploads\/sites\/11\/2025\/12\/favicon_mekulo.png","width":50,"height":50,"caption":"Mekulo"},"image":{"@id":"https:\/\/mekulo.com\/se\/#\/schema\/logo\/image\/"}}]}},"_links":{"self":[{"href":"https:\/\/mekulo.com\/se\/wp-json\/wp\/v2\/product\/20010","targetHints":{"allow":["GET"]}}],"collection":[{"href":"https:\/\/mekulo.com\/se\/wp-json\/wp\/v2\/product"}],"about":[{"href":"https:\/\/mekulo.com\/se\/wp-json\/wp\/v2\/types\/product"}],"replies":[{"embeddable":true,"href":"https:\/\/mekulo.com\/se\/wp-json\/wp\/v2\/comments?post=20010"}],"wp:featuredmedia":[{"embeddable":true,"href":"https:\/\/mekulo.com\/se\/wp-json\/wp\/v2\/media\/20006"}],"wp:attachment":[{"href":"https:\/\/mekulo.com\/se\/wp-json\/wp\/v2\/media?parent=20010"}],"wp:term":[{"taxonomy":"product_brand","embeddable":true,"href":"https:\/\/mekulo.com\/se\/wp-json\/wp\/v2\/product_brand?post=20010"},{"taxonomy":"product_cat","embeddable":true,"href":"https:\/\/mekulo.com\/se\/wp-json\/wp\/v2\/product_cat?post=20010"},{"taxonomy":"product_tag","embeddable":true,"href":"https:\/\/mekulo.com\/se\/wp-json\/wp\/v2\/product_tag?post=20010"}],"curies":[{"name":"wp","href":"https:\/\/api.w.org\/{rel}","templated":true}]}}