{"id":19990,"date":"2026-01-28T17:15:54","date_gmt":"2026-01-28T15:15:54","guid":{"rendered":"https:\/\/mekulo.com\/se\/produkt\/toalettborste-med-triangulart-huvud-2-st\/"},"modified":"2026-02-03T17:13:46","modified_gmt":"2026-02-03T15:13:46","slug":"toalettborste-med-triangulart-huvud-2-st","status":"publish","type":"product","link":"https:\/\/mekulo.com\/se\/produkt\/toalettborste-med-triangulart-huvud-2-st\/","title":{"rendered":"Toalettborste med triangul\u00e4rt huvud (2 st)"},"content":{"rendered":"<div class=\"flex max-w-full flex-col grow\">\n<div class=\"min-h-8 text-message relative flex w-full flex-col items-end gap-2 text-start break-words whitespace-normal [.text-message+&amp;]:mt-1\" dir=\"auto\" data-message-author-role=\"assistant\" data-message-id=\"5e9b3abb-5633-4144-ab1b-9b326cf60cd9\" data-message-model-slug=\"gpt-5-2\">\n<div class=\"flex w-full flex-col gap-1 empty:hidden first:pt-[1px]\">\n<div class=\"markdown prose dark:prose-invert w-full wrap-break-word light markdown-new-styling\">\n<p style=\"text-align: center;\" data-start=\"0\" data-end=\"67\"><strong data-start=\"0\" data-end=\"67\">Reng\u00f6r Varje H\u00f6rn Av Din Toalett Enkelt Utan Smuts Eller Lukt. \ud83d\udebd<\/strong><\/p>\n<p data-start=\"0\" data-end=\"67\"><img fetchpriority=\"high\" decoding=\"async\" class=\"size-full wp-image-22447 aligncenter\" src=\"https:\/\/mekulo.com\/template\/wp-content\/uploads\/sites\/6\/2026\/01\/cce7374a8a2653df8a6b130846cb616500e5b2dc-800.jpg\" alt=\"\" width=\"1080\" height=\"1080\" \/><\/p>\n<h2 style=\"text-align: center;\" data-start=\"361\" data-end=\"378\"><strong>Huvudsakliga f\u00f6rdelar \ud83e\uddfc<\/strong><\/h2>\n<p data-start=\"381\" data-end=\"449\">\ud83d\udd3a Triangul\u00e4rt borsthuvud &#8211; Reng\u00f6r h\u00f6rn och kanter noggrant.<\/p>\n<p data-start=\"452\" data-end=\"508\">\ud83d\udebf L\u00e4tt att sk\u00f6lja rent &#8211; Smuts tv\u00e4ttas bort direkt.<\/p>\n<p data-start=\"511\" data-end=\"574\">\ud83e\uddfc Inget h\u00e5rtrassel &#8211; Smidiga TPR-borst f\u00f6rhindrar uppbyggnad.<\/p>\n<p data-start=\"577\" data-end=\"636\">\ud83d\udebd Skonsam mot ytor &#8211; Repar inte keramiska toaletter.<\/p>\n<p data-start=\"639\" data-end=\"700\">\ud83e\uddf2 V\u00e4ggmonterad f\u00f6rvaring &#8211; H\u00e5ller borsten borta fr\u00e5n golvet.<\/p>\n<p data-start=\"703\" data-end=\"763\">\ud83d\udee0\ufe0f Installation utan borrning &#8211; starkt sj\u00e4lvh\u00e4ftande, inga skador.<\/p>\n<p data-start=\"703\" data-end=\"763\"><img decoding=\"async\" class=\"size-full wp-image-22444 aligncenter\" src=\"https:\/\/mekulo.com\/template\/wp-content\/uploads\/sites\/6\/2026\/01\/98cc23be62cce1eb69f38211940d539b28ed71bc-800.jpg\" alt=\"\" width=\"1080\" height=\"1075\" \/><\/p>\n<h2 style=\"text-align: center;\" data-start=\"765\" data-end=\"779\"><strong>Hur man anv\u00e4nder \ud83d\udccc<\/strong><\/h2>\n<ol data-start=\"780\" data-end=\"1026\">\n<li data-start=\"780\" data-end=\"842\">\n<p data-start=\"783\" data-end=\"842\">F\u00e4st h\u00e5llaren p\u00e5 v\u00e4ggen med klisterm\u00e4rket.<\/p>\n<\/li>\n<li data-start=\"843\" data-end=\"877\">\n<p data-start=\"846\" data-end=\"877\">L\u00e5t den sitta ordentligt innan anv\u00e4ndning.<\/p>\n<\/li>\n<li data-start=\"878\" data-end=\"938\">\n<p data-start=\"881\" data-end=\"938\">Skrubba toalettstolen med fokus p\u00e5 h\u00f6rn och sp\u00e5r.<\/p>\n<\/li>\n<li data-start=\"939\" data-end=\"982\">\n<p data-start=\"942\" data-end=\"982\">Sk\u00f6lj borsten under vatten efter anv\u00e4ndning.<\/p>\n<\/li>\n<li data-start=\"983\" data-end=\"1026\">\n<p data-start=\"986\" data-end=\"1026\">Placera den tillbaka i v\u00e4ggh\u00e5llaren f\u00f6r att torka.<\/p>\n<\/li>\n<\/ol>\n<h2 style=\"text-align: center;\" data-start=\"1028\" data-end=\"1047\"><strong>Produktinformation \ud83d\udccf<\/strong><\/h2>\n<ul data-start=\"1048\" data-end=\"1245\">\n<li data-start=\"1048\" data-end=\"1080\">\n<p data-start=\"1050\" data-end=\"1080\">Borstens huvudform: Triangul\u00e4rt<\/p>\n<\/li>\n<li data-start=\"1081\" data-end=\"1119\">\n<p data-start=\"1083\" data-end=\"1119\">Borstmaterial: H\u00f6gkvalitativ TPR<\/p>\n<\/li>\n<li data-start=\"1120\" data-end=\"1163\">\n<p data-start=\"1122\" data-end=\"1163\">Installation: V\u00e4ggmonterad, ingen borrning<\/p>\n<\/li>\n<li data-start=\"1164\" data-end=\"1205\">\n<p data-start=\"1166\" data-end=\"1205\">Anv\u00e4ndningsomr\u00e5de: Toalettsk\u00e5l och innerkanter<\/p>\n<\/li>\n<li data-start=\"1206\" data-end=\"1245\">\n<p data-start=\"1208\" data-end=\"1245\">Reng\u00f6ring: Sk\u00f6lj rent, utan rester<\/p>\n<\/li>\n<li data-start=\"1206\" data-end=\"1245\">Storlek: 40 x 7,2 x 5 cm<\/li>\n<\/ul>\n<h2 style=\"text-align: center;\" data-start=\"1247\" data-end=\"1267\"><strong>Paketet inneh\u00e5ller \ud83d\udce6<\/strong><\/h2>\n<ul data-start=\"1268\" data-end=\"1365\" data-is-last-node=\"\" data-is-only-node=\"\">\n<li data-start=\"1268\" data-end=\"1309\">\n<p data-start=\"1270\" data-end=\"1309\">2x toalettborstar med triangul\u00e4rt huvud<\/p>\n<\/li>\n<li data-start=\"1338\" data-end=\"1365\" data-is-last-node=\"\">\n<p data-start=\"1340\" data-end=\"1365\" data-is-last-node=\"\">2x sj\u00e4lvh\u00e4ftande monteringsband.<\/p>\n<\/li>\n<\/ul>\n<\/div>\n<\/div>\n<\/div>\n<\/div>\n","protected":false},"excerpt":{"rendered":"<p>\ud83e\udea0Den h\u00e4r toalettborsten med triangul\u00e4rt huvud n\u00e5r djupa h\u00f6rn och sv\u00e5rrengjorda sk\u00e5ror som vanliga borstar missar.<br \/>\n\ud83d\udd3aDe mjuka TPR-borststr\u00e5na f\u00e5ngar inte upp h\u00e5r och sk\u00f6ljer rent direkt, vilket h\u00e5ller ditt badrum hygieniskt.<br \/>\n\ud83e\udee7En modern, l\u00e4ttsk\u00f6tt borste som g\u00f6r toalettreng\u00f6ringen snabbare och stressfri.<\/p>\n","protected":false},"featured_media":19986,"comment_status":"open","ping_status":"closed","template":"","meta":{"site-sidebar-layout":"default","site-content-layout":"","ast-site-content-layout":"default","site-content-style":"default","site-sidebar-style":"default","ast-global-header-display":"","ast-banner-title-visibility":"","ast-main-header-display":"","ast-hfb-above-header-display":"","ast-hfb-below-header-display":"","ast-hfb-mobile-header-display":"","site-post-title":"","ast-breadcrumbs-content":"","ast-featured-img":"","footer-sml-layout":"","theme-transparent-header-meta":"default","adv-header-id-meta":"","stick-header-meta":"","header-above-stick-meta":"","header-main-stick-meta":"","header-below-stick-meta":"","astra-migrate-meta-layouts":"set","ast-page-background-enabled":"default","ast-page-background-meta":{"desktop":{"background-color":"var(--ast-global-color-5)","background-image":"","background-repeat":"repeat","background-position":"center center","background-size":"auto","background-attachment":"scroll","background-type":"","background-media":"","overlay-type":"","overlay-color":"","overlay-opacity":"","overlay-gradient":""},"tablet":{"background-color":"","background-image":"","background-repeat":"repeat","background-position":"center center","background-size":"auto","background-attachment":"scroll","background-type":"","background-media":"","overlay-type":"","overlay-color":"","overlay-opacity":"","overlay-gradient":""},"mobile":{"background-color":"","background-image":"","background-repeat":"repeat","background-position":"center center","background-size":"auto","background-attachment":"scroll","background-type":"","background-media":"","overlay-type":"","overlay-color":"","overlay-opacity":"","overlay-gradient":""}},"ast-content-background-meta":{"desktop":{"background-color":"var(--ast-global-color-4)","background-image":"","background-repeat":"repeat","background-position":"center center","background-size":"auto","background-attachment":"scroll","background-type":"","background-media":"","overlay-type":"","overlay-color":"","overlay-opacity":"","overlay-gradient":""},"tablet":{"background-color":"var(--ast-global-color-4)","background-image":"","background-repeat":"repeat","background-position":"center center","background-size":"auto","background-attachment":"scroll","background-type":"","background-media":"","overlay-type":"","overlay-color":"","overlay-opacity":"","overlay-gradient":""},"mobile":{"background-color":"var(--ast-global-color-4)","background-image":"","background-repeat":"repeat","background-position":"center center","background-size":"auto","background-attachment":"scroll","background-type":"","background-media":"","overlay-type":"","overlay-color":"","overlay-opacity":"","overlay-gradient":""}}},"product_brand":[],"product_cat":[168],"product_tag":[],"class_list":{"0":"post-19990","1":"product","2":"type-product","3":"status-publish","4":"has-post-thumbnail","6":"product_cat-hushallsartiklar","7":"pa_52813_5x4lhips-bla","8":"pa_52813_5x4lhips-gron","9":"pa_52813_5x4lhips-svart","10":"pa_52813_5x4lhips-vit","11":"desktop-align-left","12":"tablet-align-left","13":"mobile-align-left","15":"first","16":"instock","17":"shipping-taxable","18":"purchasable","19":"product-type-variable"},"yoast_head":"<!-- This site is optimized with the Yoast SEO plugin v26.6 - https:\/\/yoast.com\/wordpress\/plugins\/seo\/ -->\n<title>Toalettborste med triangul\u00e4rt huvud (2 st) - Mekulo SE<\/title>\n<meta name=\"robots\" content=\"index, follow, max-snippet:-1, max-image-preview:large, max-video-preview:-1\" \/>\n<link rel=\"canonical\" href=\"https:\/\/mekulo.com\/se\/produkt\/toalettborste-med-triangulart-huvud-2-st\/\" \/>\n<meta property=\"og:locale\" content=\"sv_SE\" \/>\n<meta property=\"og:type\" content=\"article\" \/>\n<meta property=\"og:title\" content=\"Toalettborste med triangul\u00e4rt huvud (2 st) - Mekulo SE\" \/>\n<meta property=\"og:description\" content=\"\ud83e\udea0Den h\u00e4r toalettborsten med triangul\u00e4rt huvud n\u00e5r djupa h\u00f6rn och sv\u00e5rrengjorda sk\u00e5ror som vanliga borstar missar. \ud83d\udd3aDe mjuka TPR-borststr\u00e5na f\u00e5ngar inte upp h\u00e5r och sk\u00f6ljer rent direkt, vilket h\u00e5ller ditt badrum hygieniskt. \ud83e\udee7En modern, l\u00e4ttsk\u00f6tt borste som g\u00f6r toalettreng\u00f6ringen snabbare och stressfri.\" \/>\n<meta property=\"og:url\" content=\"https:\/\/mekulo.com\/se\/produkt\/toalettborste-med-triangulart-huvud-2-st\/\" \/>\n<meta property=\"og:site_name\" content=\"Mekulo SE\" \/>\n<meta property=\"article:modified_time\" content=\"2026-02-03T15:13:46+00:00\" \/>\n<meta property=\"og:image\" content=\"https:\/\/mekulo.com\/se\/wp-content\/uploads\/sites\/11\/2026\/01\/58ng7ii-1.jpg\" \/>\n\t<meta property=\"og:image:width\" content=\"1080\" \/>\n\t<meta property=\"og:image:height\" content=\"1080\" \/>\n\t<meta property=\"og:image:type\" content=\"image\/jpeg\" \/>\n<meta name=\"twitter:card\" content=\"summary_large_image\" \/>\n<meta name=\"twitter:label1\" content=\"Ber\u00e4knad l\u00e4stid\" \/>\n\t<meta name=\"twitter:data1\" content=\"2 minuter\" \/>\n<script type=\"application\/ld+json\" class=\"yoast-schema-graph\">{\"@context\":\"https:\/\/schema.org\",\"@graph\":[{\"@type\":\"WebPage\",\"@id\":\"https:\/\/mekulo.com\/se\/produkt\/toalettborste-med-triangulart-huvud-2-st\/\",\"url\":\"https:\/\/mekulo.com\/se\/produkt\/toalettborste-med-triangulart-huvud-2-st\/\",\"name\":\"Toalettborste med triangul\u00e4rt huvud (2 st) - Mekulo SE\",\"isPartOf\":{\"@id\":\"https:\/\/mekulo.com\/se\/#website\"},\"primaryImageOfPage\":{\"@id\":\"https:\/\/mekulo.com\/se\/produkt\/toalettborste-med-triangulart-huvud-2-st\/#primaryimage\"},\"image\":{\"@id\":\"https:\/\/mekulo.com\/se\/produkt\/toalettborste-med-triangulart-huvud-2-st\/#primaryimage\"},\"thumbnailUrl\":\"https:\/\/mekulo.com\/se\/wp-content\/uploads\/sites\/11\/2026\/01\/58ng7ii-1.jpg\",\"datePublished\":\"2026-01-28T15:15:54+00:00\",\"dateModified\":\"2026-02-03T15:13:46+00:00\",\"breadcrumb\":{\"@id\":\"https:\/\/mekulo.com\/se\/produkt\/toalettborste-med-triangulart-huvud-2-st\/#breadcrumb\"},\"inLanguage\":\"sv-SE\",\"potentialAction\":[{\"@type\":\"ReadAction\",\"target\":[\"https:\/\/mekulo.com\/se\/produkt\/toalettborste-med-triangulart-huvud-2-st\/\"]}]},{\"@type\":\"ImageObject\",\"inLanguage\":\"sv-SE\",\"@id\":\"https:\/\/mekulo.com\/se\/produkt\/toalettborste-med-triangulart-huvud-2-st\/#primaryimage\",\"url\":\"https:\/\/mekulo.com\/se\/wp-content\/uploads\/sites\/11\/2026\/01\/58ng7ii-1.jpg\",\"contentUrl\":\"https:\/\/mekulo.com\/se\/wp-content\/uploads\/sites\/11\/2026\/01\/58ng7ii-1.jpg\",\"width\":1080,\"height\":1080},{\"@type\":\"BreadcrumbList\",\"@id\":\"https:\/\/mekulo.com\/se\/produkt\/toalettborste-med-triangulart-huvud-2-st\/#breadcrumb\",\"itemListElement\":[{\"@type\":\"ListItem\",\"position\":1,\"name\":\"Home\",\"item\":\"https:\/\/mekulo.com\/se\/\"},{\"@type\":\"ListItem\",\"position\":2,\"name\":\"Butik\",\"item\":\"https:\/\/mekulo.com\/se\/butik\/\"},{\"@type\":\"ListItem\",\"position\":3,\"name\":\"Toalettborste med triangul\u00e4rt huvud (2 st)\"}]},{\"@type\":\"WebSite\",\"@id\":\"https:\/\/mekulo.com\/se\/#website\",\"url\":\"https:\/\/mekulo.com\/se\/\",\"name\":\"Mekulo SE\",\"description\":\"\",\"publisher\":{\"@id\":\"https:\/\/mekulo.com\/se\/#organization\"},\"potentialAction\":[{\"@type\":\"SearchAction\",\"target\":{\"@type\":\"EntryPoint\",\"urlTemplate\":\"https:\/\/mekulo.com\/se\/?s={search_term_string}\"},\"query-input\":{\"@type\":\"PropertyValueSpecification\",\"valueRequired\":true,\"valueName\":\"search_term_string\"}}],\"inLanguage\":\"sv-SE\"},{\"@type\":\"Organization\",\"@id\":\"https:\/\/mekulo.com\/se\/#organization\",\"name\":\"Mekulo\",\"url\":\"https:\/\/mekulo.com\/se\/\",\"logo\":{\"@type\":\"ImageObject\",\"inLanguage\":\"sv-SE\",\"@id\":\"https:\/\/mekulo.com\/se\/#\/schema\/logo\/image\/\",\"url\":\"https:\/\/mekulo.com\/se\/wp-content\/uploads\/sites\/11\/2025\/12\/favicon_mekulo.png\",\"contentUrl\":\"https:\/\/mekulo.com\/se\/wp-content\/uploads\/sites\/11\/2025\/12\/favicon_mekulo.png\",\"width\":50,\"height\":50,\"caption\":\"Mekulo\"},\"image\":{\"@id\":\"https:\/\/mekulo.com\/se\/#\/schema\/logo\/image\/\"}}]}<\/script>\n<!-- \/ Yoast SEO plugin. -->","yoast_head_json":{"title":"Toalettborste med triangul\u00e4rt huvud (2 st) - Mekulo SE","robots":{"index":"index","follow":"follow","max-snippet":"max-snippet:-1","max-image-preview":"max-image-preview:large","max-video-preview":"max-video-preview:-1"},"canonical":"https:\/\/mekulo.com\/se\/produkt\/toalettborste-med-triangulart-huvud-2-st\/","og_locale":"sv_SE","og_type":"article","og_title":"Toalettborste med triangul\u00e4rt huvud (2 st) - Mekulo SE","og_description":"\ud83e\udea0Den h\u00e4r toalettborsten med triangul\u00e4rt huvud n\u00e5r djupa h\u00f6rn och sv\u00e5rrengjorda sk\u00e5ror som vanliga borstar missar. \ud83d\udd3aDe mjuka TPR-borststr\u00e5na f\u00e5ngar inte upp h\u00e5r och sk\u00f6ljer rent direkt, vilket h\u00e5ller ditt badrum hygieniskt. \ud83e\udee7En modern, l\u00e4ttsk\u00f6tt borste som g\u00f6r toalettreng\u00f6ringen snabbare och stressfri.","og_url":"https:\/\/mekulo.com\/se\/produkt\/toalettborste-med-triangulart-huvud-2-st\/","og_site_name":"Mekulo SE","article_modified_time":"2026-02-03T15:13:46+00:00","og_image":[{"width":1080,"height":1080,"url":"https:\/\/mekulo.com\/se\/wp-content\/uploads\/sites\/11\/2026\/01\/58ng7ii-1.jpg","type":"image\/jpeg"}],"twitter_card":"summary_large_image","twitter_misc":{"Ber\u00e4knad l\u00e4stid":"2 minuter"},"schema":{"@context":"https:\/\/schema.org","@graph":[{"@type":"WebPage","@id":"https:\/\/mekulo.com\/se\/produkt\/toalettborste-med-triangulart-huvud-2-st\/","url":"https:\/\/mekulo.com\/se\/produkt\/toalettborste-med-triangulart-huvud-2-st\/","name":"Toalettborste med triangul\u00e4rt huvud (2 st) - Mekulo SE","isPartOf":{"@id":"https:\/\/mekulo.com\/se\/#website"},"primaryImageOfPage":{"@id":"https:\/\/mekulo.com\/se\/produkt\/toalettborste-med-triangulart-huvud-2-st\/#primaryimage"},"image":{"@id":"https:\/\/mekulo.com\/se\/produkt\/toalettborste-med-triangulart-huvud-2-st\/#primaryimage"},"thumbnailUrl":"https:\/\/mekulo.com\/se\/wp-content\/uploads\/sites\/11\/2026\/01\/58ng7ii-1.jpg","datePublished":"2026-01-28T15:15:54+00:00","dateModified":"2026-02-03T15:13:46+00:00","breadcrumb":{"@id":"https:\/\/mekulo.com\/se\/produkt\/toalettborste-med-triangulart-huvud-2-st\/#breadcrumb"},"inLanguage":"sv-SE","potentialAction":[{"@type":"ReadAction","target":["https:\/\/mekulo.com\/se\/produkt\/toalettborste-med-triangulart-huvud-2-st\/"]}]},{"@type":"ImageObject","inLanguage":"sv-SE","@id":"https:\/\/mekulo.com\/se\/produkt\/toalettborste-med-triangulart-huvud-2-st\/#primaryimage","url":"https:\/\/mekulo.com\/se\/wp-content\/uploads\/sites\/11\/2026\/01\/58ng7ii-1.jpg","contentUrl":"https:\/\/mekulo.com\/se\/wp-content\/uploads\/sites\/11\/2026\/01\/58ng7ii-1.jpg","width":1080,"height":1080},{"@type":"BreadcrumbList","@id":"https:\/\/mekulo.com\/se\/produkt\/toalettborste-med-triangulart-huvud-2-st\/#breadcrumb","itemListElement":[{"@type":"ListItem","position":1,"name":"Home","item":"https:\/\/mekulo.com\/se\/"},{"@type":"ListItem","position":2,"name":"Butik","item":"https:\/\/mekulo.com\/se\/butik\/"},{"@type":"ListItem","position":3,"name":"Toalettborste med triangul\u00e4rt huvud (2 st)"}]},{"@type":"WebSite","@id":"https:\/\/mekulo.com\/se\/#website","url":"https:\/\/mekulo.com\/se\/","name":"Mekulo SE","description":"","publisher":{"@id":"https:\/\/mekulo.com\/se\/#organization"},"potentialAction":[{"@type":"SearchAction","target":{"@type":"EntryPoint","urlTemplate":"https:\/\/mekulo.com\/se\/?s={search_term_string}"},"query-input":{"@type":"PropertyValueSpecification","valueRequired":true,"valueName":"search_term_string"}}],"inLanguage":"sv-SE"},{"@type":"Organization","@id":"https:\/\/mekulo.com\/se\/#organization","name":"Mekulo","url":"https:\/\/mekulo.com\/se\/","logo":{"@type":"ImageObject","inLanguage":"sv-SE","@id":"https:\/\/mekulo.com\/se\/#\/schema\/logo\/image\/","url":"https:\/\/mekulo.com\/se\/wp-content\/uploads\/sites\/11\/2025\/12\/favicon_mekulo.png","contentUrl":"https:\/\/mekulo.com\/se\/wp-content\/uploads\/sites\/11\/2025\/12\/favicon_mekulo.png","width":50,"height":50,"caption":"Mekulo"},"image":{"@id":"https:\/\/mekulo.com\/se\/#\/schema\/logo\/image\/"}}]}},"_links":{"self":[{"href":"https:\/\/mekulo.com\/se\/wp-json\/wp\/v2\/product\/19990","targetHints":{"allow":["GET"]}}],"collection":[{"href":"https:\/\/mekulo.com\/se\/wp-json\/wp\/v2\/product"}],"about":[{"href":"https:\/\/mekulo.com\/se\/wp-json\/wp\/v2\/types\/product"}],"replies":[{"embeddable":true,"href":"https:\/\/mekulo.com\/se\/wp-json\/wp\/v2\/comments?post=19990"}],"wp:featuredmedia":[{"embeddable":true,"href":"https:\/\/mekulo.com\/se\/wp-json\/wp\/v2\/media\/19986"}],"wp:attachment":[{"href":"https:\/\/mekulo.com\/se\/wp-json\/wp\/v2\/media?parent=19990"}],"wp:term":[{"taxonomy":"product_brand","embeddable":true,"href":"https:\/\/mekulo.com\/se\/wp-json\/wp\/v2\/product_brand?post=19990"},{"taxonomy":"product_cat","embeddable":true,"href":"https:\/\/mekulo.com\/se\/wp-json\/wp\/v2\/product_cat?post=19990"},{"taxonomy":"product_tag","embeddable":true,"href":"https:\/\/mekulo.com\/se\/wp-json\/wp\/v2\/product_tag?post=19990"}],"curies":[{"name":"wp","href":"https:\/\/api.w.org\/{rel}","templated":true}]}}