{"id":19980,"date":"2026-01-28T17:11:55","date_gmt":"2026-01-28T15:11:55","guid":{"rendered":"https:\/\/mekulo.com\/se\/produkt\/koppling-for-fettspruta\/"},"modified":"2026-02-03T17:13:24","modified_gmt":"2026-02-03T15:13:24","slug":"koppling-for-fettspruta","status":"publish","type":"product","link":"https:\/\/mekulo.com\/se\/produkt\/koppling-for-fettspruta\/","title":{"rendered":"Koppling f\u00f6r fettspruta"},"content":{"rendered":"<p style=\"text-align: center;\" data-start=\"0\" data-end=\"72\"><strong data-start=\"0\" data-end=\"72\">L\u00e5s fast p\u00e5 fettkopplingar s\u00e4kert och sm\u00f6rj utan l\u00e4ckage eller r\u00f6ra. \ud83d\udca8<\/strong><\/p>\n<p data-start=\"74\" data-end=\"382\"><img fetchpriority=\"high\" decoding=\"async\" class=\"size-full wp-image-22378 aligncenter\" src=\"https:\/\/mekulo.com\/template\/wp-content\/uploads\/sites\/6\/2026\/01\/77fe2a188c104734663aacc7ef5427ab37cad129-900.jpg\" alt=\"\" width=\"1080\" height=\"1080\" \/><\/p>\n<h2 style=\"text-align: center;\" data-start=\"384\" data-end=\"401\"><strong>Huvudsakliga f\u00f6rdelar\ud83d\udd12<\/strong><\/h2>\n<p data-start=\"404\" data-end=\"466\">\ud83d\udd12 Stark l\u00e5st\u00e4tning &#8211; H\u00e5lls fast utan att glida.<\/p>\n<p data-start=\"469\" data-end=\"524\">\ud83d\udca7 L\u00e4ckagefri prestanda &#8211; Fungerar upp till 12 000 PSI.<\/p>\n<p data-start=\"527\" data-end=\"586\">\u270b Enhandsman\u00f6vrering &#8211; Halkfritt handtag f\u00f6r enkel anv\u00e4ndning.<\/p>\n<p data-start=\"589\" data-end=\"651\">\ud83e\uddf0 Kraftig konstruktion &#8211; Tjockt st\u00e5l och f\u00f6rst\u00e4rkta fj\u00e4drar.<\/p>\n<p data-start=\"654\" data-end=\"704\">\ud83d\udcb8 Sparar fett och pengar &#8211; Inget avfall eller r\u00f6ra.<\/p>\n<p data-start=\"707\" data-end=\"766\">\ud83d\udd27 Bred kompatibilitet &#8211; Passar vanliga fettpistolspetsar.<\/p>\n<p data-start=\"707\" data-end=\"766\"><img decoding=\"async\" class=\"size-full wp-image-22377 aligncenter\" src=\"https:\/\/mekulo.com\/template\/wp-content\/uploads\/sites\/6\/2026\/01\/8839133fa986bf25caf51d584c4700480421eb38-900.jpg\" alt=\"\" width=\"1080\" height=\"1080\" \/><\/p>\n<h2 style=\"text-align: center;\" data-start=\"768\" data-end=\"782\"><strong>Hur Man Anv\u00e4nder \ud83d\udccc<\/strong><\/h2>\n<ol data-start=\"783\" data-end=\"998\">\n<li data-start=\"783\" data-end=\"823\">\n<p data-start=\"786\" data-end=\"823\">Ta bort din gamla fettpistolskoppling.<\/p>\n<\/li>\n<li data-start=\"824\" data-end=\"871\">\n<p data-start=\"827\" data-end=\"871\">F\u00e4st fettpistolskopplingen p\u00e5 pistolen.<\/p>\n<\/li>\n<li data-start=\"872\" data-end=\"919\">\n<p data-start=\"875\" data-end=\"919\">Tryck kopplingen p\u00e5 fettkopplingen.<\/p>\n<\/li>\n<li data-start=\"920\" data-end=\"956\">\n<p data-start=\"923\" data-end=\"956\">L\u00e5s den p\u00e5 plats med en hand.<\/p>\n<\/li>\n<li data-start=\"957\" data-end=\"998\">\n<p data-start=\"960\" data-end=\"998\">Pumpa fett och sl\u00e4pp n\u00e4r du \u00e4r klar.<\/p>\n<\/li>\n<\/ol>\n<h2 style=\"text-align: center;\" data-start=\"1000\" data-end=\"1019\"><strong>Produktdetaljer \ud83d\udccf<\/strong><\/h2>\n<ul data-start=\"1020\" data-end=\"1271\">\n<li data-start=\"1020\" data-end=\"1056\">\n<p data-start=\"1022\" data-end=\"1056\">Material: Galvaniserat legerat st\u00e5l<\/p>\n<\/li>\n<li data-start=\"1057\" data-end=\"1094\">\n<p data-start=\"1059\" data-end=\"1094\">Tryckklassning: Upp till 12.000 PSI<\/p>\n<\/li>\n<li data-start=\"1095\" data-end=\"1141\">\n<p data-start=\"1097\" data-end=\"1141\">Design: 6-punkts l\u00e5s- och t\u00e4tningssystem<\/p>\n<\/li>\n<li data-start=\"1142\" data-end=\"1176\">\n<p data-start=\"1144\" data-end=\"1176\">Grepp: F\u00f6rl\u00e4ngt halkfritt handtag<\/p>\n<\/li>\n<li data-start=\"1177\" data-end=\"1210\">\n<p data-start=\"1179\" data-end=\"1210\">Tr\u00e5dtyp: 1\/8 NPT standard<\/p>\n<\/li>\n<li data-start=\"1211\" data-end=\"1271\">\n<p data-start=\"1213\" data-end=\"1271\">Anv\u00e4ndningsomr\u00e5den: Verkstad, garage, byggnation, g\u00e5rd, fabrik<\/p>\n<\/li>\n<\/ul>\n<h2 style=\"text-align: center;\" data-start=\"1273\" data-end=\"1293\"><strong>Paketet inneh\u00e5ller \ud83d\udce6<\/strong><\/h2>\n<ul data-start=\"1294\" data-end=\"1319\" data-is-last-node=\"\" data-is-only-node=\"\">\n<li data-start=\"1294\" data-end=\"1319\" data-is-last-node=\"\">\n<p data-start=\"1296\" data-end=\"1319\" data-is-last-node=\"\">1x fettpistolkoppling<\/p>\n<\/li>\n<li data-start=\"1294\" data-end=\"1319\" data-is-last-node=\"\">\n<p data-start=\"1296\" data-end=\"1319\" data-is-last-node=\"\">1x flexibel fettslang<\/p>\n<\/li>\n<li data-start=\"1294\" data-end=\"1319\" data-is-last-node=\"\">4x sm\u00f6rjkopplingar \/ munstycken.<\/li>\n<\/ul>\n","protected":false},"excerpt":{"rendered":"<p>\ud83d\udca8Den h\u00e4r fettpistolkopplingen ansluter stadigt till sm\u00f6rjnipplar och f\u00f6rblir t\u00e4t \u00e4ven under extremt tryck.<br \/>\n\ud83d\udd90\ufe0fDen l\u00e5ser p\u00e5 plats, f\u00f6rhindrar l\u00e4ckage och l\u00e5ter dig sm\u00f6rja med en hand, vilket sparar tid och minskar sl\u00f6seri med fett.<br \/>\n\ud83e\uddfcEn p\u00e5litlig uppgradering som g\u00f6r sm\u00f6rjningen snabbare, renare och effektivare varje g\u00e5ng.<\/p>\n","protected":false},"featured_media":19976,"comment_status":"open","ping_status":"closed","template":"","meta":{"site-sidebar-layout":"default","site-content-layout":"","ast-site-content-layout":"default","site-content-style":"default","site-sidebar-style":"default","ast-global-header-display":"","ast-banner-title-visibility":"","ast-main-header-display":"","ast-hfb-above-header-display":"","ast-hfb-below-header-display":"","ast-hfb-mobile-header-display":"","site-post-title":"","ast-breadcrumbs-content":"","ast-featured-img":"","footer-sml-layout":"","theme-transparent-header-meta":"default","adv-header-id-meta":"","stick-header-meta":"","header-above-stick-meta":"","header-main-stick-meta":"","header-below-stick-meta":"","astra-migrate-meta-layouts":"set","ast-page-background-enabled":"default","ast-page-background-meta":{"desktop":{"background-color":"var(--ast-global-color-5)","background-image":"","background-repeat":"repeat","background-position":"center center","background-size":"auto","background-attachment":"scroll","background-type":"","background-media":"","overlay-type":"","overlay-color":"","overlay-opacity":"","overlay-gradient":""},"tablet":{"background-color":"","background-image":"","background-repeat":"repeat","background-position":"center center","background-size":"auto","background-attachment":"scroll","background-type":"","background-media":"","overlay-type":"","overlay-color":"","overlay-opacity":"","overlay-gradient":""},"mobile":{"background-color":"","background-image":"","background-repeat":"repeat","background-position":"center center","background-size":"auto","background-attachment":"scroll","background-type":"","background-media":"","overlay-type":"","overlay-color":"","overlay-opacity":"","overlay-gradient":""}},"ast-content-background-meta":{"desktop":{"background-color":"var(--ast-global-color-4)","background-image":"","background-repeat":"repeat","background-position":"center center","background-size":"auto","background-attachment":"scroll","background-type":"","background-media":"","overlay-type":"","overlay-color":"","overlay-opacity":"","overlay-gradient":""},"tablet":{"background-color":"var(--ast-global-color-4)","background-image":"","background-repeat":"repeat","background-position":"center center","background-size":"auto","background-attachment":"scroll","background-type":"","background-media":"","overlay-type":"","overlay-color":"","overlay-opacity":"","overlay-gradient":""},"mobile":{"background-color":"var(--ast-global-color-4)","background-image":"","background-repeat":"repeat","background-position":"center center","background-size":"auto","background-attachment":"scroll","background-type":"","background-media":"","overlay-type":"","overlay-color":"","overlay-opacity":"","overlay-gradient":""}}},"product_brand":[],"product_cat":[15],"product_tag":[],"class_list":{"0":"post-19980","1":"product","2":"type-product","3":"status-publish","4":"has-post-thumbnail","6":"product_cat-uncategorized","7":"desktop-align-left","8":"tablet-align-left","9":"mobile-align-left","11":"first","12":"instock","13":"shipping-taxable","14":"purchasable","15":"product-type-simple"},"yoast_head":"<!-- This site is optimized with the Yoast SEO plugin v26.6 - https:\/\/yoast.com\/wordpress\/plugins\/seo\/ -->\n<title>Koppling f\u00f6r fettspruta - Mekulo SE<\/title>\n<meta name=\"robots\" content=\"index, follow, max-snippet:-1, max-image-preview:large, max-video-preview:-1\" \/>\n<link rel=\"canonical\" href=\"https:\/\/mekulo.com\/se\/produkt\/koppling-for-fettspruta\/\" \/>\n<meta property=\"og:locale\" content=\"en_US\" \/>\n<meta property=\"og:type\" content=\"article\" \/>\n<meta property=\"og:title\" content=\"Koppling f\u00f6r fettspruta - Mekulo SE\" \/>\n<meta property=\"og:description\" content=\"\ud83d\udca8Den h\u00e4r fettpistolkopplingen ansluter stadigt till sm\u00f6rjnipplar och f\u00f6rblir t\u00e4t \u00e4ven under extremt tryck. \ud83d\udd90\ufe0fDen l\u00e5ser p\u00e5 plats, f\u00f6rhindrar l\u00e4ckage och l\u00e5ter dig sm\u00f6rja med en hand, vilket sparar tid och minskar sl\u00f6seri med fett. \ud83e\uddfcEn p\u00e5litlig uppgradering som g\u00f6r sm\u00f6rjningen snabbare, renare och effektivare varje g\u00e5ng.\" \/>\n<meta property=\"og:url\" content=\"https:\/\/mekulo.com\/se\/produkt\/koppling-for-fettspruta\/\" \/>\n<meta property=\"og:site_name\" content=\"Mekulo SE\" \/>\n<meta property=\"article:modified_time\" content=\"2026-02-03T15:13:24+00:00\" \/>\n<meta property=\"og:image\" content=\"https:\/\/mekulo.com\/se\/wp-content\/uploads\/sites\/11\/2026\/01\/x5tljqt-1.webp\" \/>\n\t<meta property=\"og:image:width\" content=\"800\" \/>\n\t<meta property=\"og:image:height\" content=\"800\" \/>\n\t<meta property=\"og:image:type\" content=\"image\/webp\" \/>\n<meta name=\"twitter:card\" content=\"summary_large_image\" \/>\n<meta name=\"twitter:label1\" content=\"Est. reading time\" \/>\n\t<meta name=\"twitter:data1\" content=\"2 minutes\" \/>\n<script type=\"application\/ld+json\" class=\"yoast-schema-graph\">{\"@context\":\"https:\/\/schema.org\",\"@graph\":[{\"@type\":\"WebPage\",\"@id\":\"https:\/\/mekulo.com\/se\/produkt\/koppling-for-fettspruta\/\",\"url\":\"https:\/\/mekulo.com\/se\/produkt\/koppling-for-fettspruta\/\",\"name\":\"Koppling f\u00f6r fettspruta - Mekulo SE\",\"isPartOf\":{\"@id\":\"https:\/\/mekulo.com\/se\/#website\"},\"primaryImageOfPage\":{\"@id\":\"https:\/\/mekulo.com\/se\/produkt\/koppling-for-fettspruta\/#primaryimage\"},\"image\":{\"@id\":\"https:\/\/mekulo.com\/se\/produkt\/koppling-for-fettspruta\/#primaryimage\"},\"thumbnailUrl\":\"https:\/\/mekulo.com\/se\/wp-content\/uploads\/sites\/11\/2026\/01\/x5tljqt-1.webp\",\"datePublished\":\"2026-01-28T15:11:55+00:00\",\"dateModified\":\"2026-02-03T15:13:24+00:00\",\"breadcrumb\":{\"@id\":\"https:\/\/mekulo.com\/se\/produkt\/koppling-for-fettspruta\/#breadcrumb\"},\"inLanguage\":\"en-US\",\"potentialAction\":[{\"@type\":\"ReadAction\",\"target\":[\"https:\/\/mekulo.com\/se\/produkt\/koppling-for-fettspruta\/\"]}]},{\"@type\":\"ImageObject\",\"inLanguage\":\"en-US\",\"@id\":\"https:\/\/mekulo.com\/se\/produkt\/koppling-for-fettspruta\/#primaryimage\",\"url\":\"https:\/\/mekulo.com\/se\/wp-content\/uploads\/sites\/11\/2026\/01\/x5tljqt-1.webp\",\"contentUrl\":\"https:\/\/mekulo.com\/se\/wp-content\/uploads\/sites\/11\/2026\/01\/x5tljqt-1.webp\",\"width\":800,\"height\":800},{\"@type\":\"BreadcrumbList\",\"@id\":\"https:\/\/mekulo.com\/se\/produkt\/koppling-for-fettspruta\/#breadcrumb\",\"itemListElement\":[{\"@type\":\"ListItem\",\"position\":1,\"name\":\"Home\",\"item\":\"https:\/\/mekulo.com\/se\/\"},{\"@type\":\"ListItem\",\"position\":2,\"name\":\"Butik\",\"item\":\"https:\/\/mekulo.com\/se\/butik\/\"},{\"@type\":\"ListItem\",\"position\":3,\"name\":\"Koppling f\u00f6r fettspruta\"}]},{\"@type\":\"WebSite\",\"@id\":\"https:\/\/mekulo.com\/se\/#website\",\"url\":\"https:\/\/mekulo.com\/se\/\",\"name\":\"Mekulo SE\",\"description\":\"\",\"publisher\":{\"@id\":\"https:\/\/mekulo.com\/se\/#organization\"},\"potentialAction\":[{\"@type\":\"SearchAction\",\"target\":{\"@type\":\"EntryPoint\",\"urlTemplate\":\"https:\/\/mekulo.com\/se\/?s={search_term_string}\"},\"query-input\":{\"@type\":\"PropertyValueSpecification\",\"valueRequired\":true,\"valueName\":\"search_term_string\"}}],\"inLanguage\":\"en-US\"},{\"@type\":\"Organization\",\"@id\":\"https:\/\/mekulo.com\/se\/#organization\",\"name\":\"Mekulo\",\"url\":\"https:\/\/mekulo.com\/se\/\",\"logo\":{\"@type\":\"ImageObject\",\"inLanguage\":\"en-US\",\"@id\":\"https:\/\/mekulo.com\/se\/#\/schema\/logo\/image\/\",\"url\":\"https:\/\/mekulo.com\/se\/wp-content\/uploads\/sites\/11\/2025\/12\/favicon_mekulo.png\",\"contentUrl\":\"https:\/\/mekulo.com\/se\/wp-content\/uploads\/sites\/11\/2025\/12\/favicon_mekulo.png\",\"width\":50,\"height\":50,\"caption\":\"Mekulo\"},\"image\":{\"@id\":\"https:\/\/mekulo.com\/se\/#\/schema\/logo\/image\/\"}}]}<\/script>\n<!-- \/ Yoast SEO plugin. -->","yoast_head_json":{"title":"Koppling f\u00f6r fettspruta - Mekulo SE","robots":{"index":"index","follow":"follow","max-snippet":"max-snippet:-1","max-image-preview":"max-image-preview:large","max-video-preview":"max-video-preview:-1"},"canonical":"https:\/\/mekulo.com\/se\/produkt\/koppling-for-fettspruta\/","og_locale":"en_US","og_type":"article","og_title":"Koppling f\u00f6r fettspruta - Mekulo SE","og_description":"\ud83d\udca8Den h\u00e4r fettpistolkopplingen ansluter stadigt till sm\u00f6rjnipplar och f\u00f6rblir t\u00e4t \u00e4ven under extremt tryck. \ud83d\udd90\ufe0fDen l\u00e5ser p\u00e5 plats, f\u00f6rhindrar l\u00e4ckage och l\u00e5ter dig sm\u00f6rja med en hand, vilket sparar tid och minskar sl\u00f6seri med fett. \ud83e\uddfcEn p\u00e5litlig uppgradering som g\u00f6r sm\u00f6rjningen snabbare, renare och effektivare varje g\u00e5ng.","og_url":"https:\/\/mekulo.com\/se\/produkt\/koppling-for-fettspruta\/","og_site_name":"Mekulo SE","article_modified_time":"2026-02-03T15:13:24+00:00","og_image":[{"width":800,"height":800,"url":"https:\/\/mekulo.com\/se\/wp-content\/uploads\/sites\/11\/2026\/01\/x5tljqt-1.webp","type":"image\/webp"}],"twitter_card":"summary_large_image","twitter_misc":{"Est. reading time":"2 minutes"},"schema":{"@context":"https:\/\/schema.org","@graph":[{"@type":"WebPage","@id":"https:\/\/mekulo.com\/se\/produkt\/koppling-for-fettspruta\/","url":"https:\/\/mekulo.com\/se\/produkt\/koppling-for-fettspruta\/","name":"Koppling f\u00f6r fettspruta - Mekulo SE","isPartOf":{"@id":"https:\/\/mekulo.com\/se\/#website"},"primaryImageOfPage":{"@id":"https:\/\/mekulo.com\/se\/produkt\/koppling-for-fettspruta\/#primaryimage"},"image":{"@id":"https:\/\/mekulo.com\/se\/produkt\/koppling-for-fettspruta\/#primaryimage"},"thumbnailUrl":"https:\/\/mekulo.com\/se\/wp-content\/uploads\/sites\/11\/2026\/01\/x5tljqt-1.webp","datePublished":"2026-01-28T15:11:55+00:00","dateModified":"2026-02-03T15:13:24+00:00","breadcrumb":{"@id":"https:\/\/mekulo.com\/se\/produkt\/koppling-for-fettspruta\/#breadcrumb"},"inLanguage":"en-US","potentialAction":[{"@type":"ReadAction","target":["https:\/\/mekulo.com\/se\/produkt\/koppling-for-fettspruta\/"]}]},{"@type":"ImageObject","inLanguage":"en-US","@id":"https:\/\/mekulo.com\/se\/produkt\/koppling-for-fettspruta\/#primaryimage","url":"https:\/\/mekulo.com\/se\/wp-content\/uploads\/sites\/11\/2026\/01\/x5tljqt-1.webp","contentUrl":"https:\/\/mekulo.com\/se\/wp-content\/uploads\/sites\/11\/2026\/01\/x5tljqt-1.webp","width":800,"height":800},{"@type":"BreadcrumbList","@id":"https:\/\/mekulo.com\/se\/produkt\/koppling-for-fettspruta\/#breadcrumb","itemListElement":[{"@type":"ListItem","position":1,"name":"Home","item":"https:\/\/mekulo.com\/se\/"},{"@type":"ListItem","position":2,"name":"Butik","item":"https:\/\/mekulo.com\/se\/butik\/"},{"@type":"ListItem","position":3,"name":"Koppling f\u00f6r fettspruta"}]},{"@type":"WebSite","@id":"https:\/\/mekulo.com\/se\/#website","url":"https:\/\/mekulo.com\/se\/","name":"Mekulo SE","description":"","publisher":{"@id":"https:\/\/mekulo.com\/se\/#organization"},"potentialAction":[{"@type":"SearchAction","target":{"@type":"EntryPoint","urlTemplate":"https:\/\/mekulo.com\/se\/?s={search_term_string}"},"query-input":{"@type":"PropertyValueSpecification","valueRequired":true,"valueName":"search_term_string"}}],"inLanguage":"en-US"},{"@type":"Organization","@id":"https:\/\/mekulo.com\/se\/#organization","name":"Mekulo","url":"https:\/\/mekulo.com\/se\/","logo":{"@type":"ImageObject","inLanguage":"en-US","@id":"https:\/\/mekulo.com\/se\/#\/schema\/logo\/image\/","url":"https:\/\/mekulo.com\/se\/wp-content\/uploads\/sites\/11\/2025\/12\/favicon_mekulo.png","contentUrl":"https:\/\/mekulo.com\/se\/wp-content\/uploads\/sites\/11\/2025\/12\/favicon_mekulo.png","width":50,"height":50,"caption":"Mekulo"},"image":{"@id":"https:\/\/mekulo.com\/se\/#\/schema\/logo\/image\/"}}]}},"_links":{"self":[{"href":"https:\/\/mekulo.com\/se\/wp-json\/wp\/v2\/product\/19980","targetHints":{"allow":["GET"]}}],"collection":[{"href":"https:\/\/mekulo.com\/se\/wp-json\/wp\/v2\/product"}],"about":[{"href":"https:\/\/mekulo.com\/se\/wp-json\/wp\/v2\/types\/product"}],"replies":[{"embeddable":true,"href":"https:\/\/mekulo.com\/se\/wp-json\/wp\/v2\/comments?post=19980"}],"wp:featuredmedia":[{"embeddable":true,"href":"https:\/\/mekulo.com\/se\/wp-json\/wp\/v2\/media\/19976"}],"wp:attachment":[{"href":"https:\/\/mekulo.com\/se\/wp-json\/wp\/v2\/media?parent=19980"}],"wp:term":[{"taxonomy":"product_brand","embeddable":true,"href":"https:\/\/mekulo.com\/se\/wp-json\/wp\/v2\/product_brand?post=19980"},{"taxonomy":"product_cat","embeddable":true,"href":"https:\/\/mekulo.com\/se\/wp-json\/wp\/v2\/product_cat?post=19980"},{"taxonomy":"product_tag","embeddable":true,"href":"https:\/\/mekulo.com\/se\/wp-json\/wp\/v2\/product_tag?post=19980"}],"curies":[{"name":"wp","href":"https:\/\/api.w.org\/{rel}","templated":true}]}}