{"id":19901,"date":"2026-01-28T17:05:21","date_gmt":"2026-01-28T15:05:21","guid":{"rendered":"https:\/\/mekulo.com\/se\/produkt\/forbattrat-dorrforstarkningslas\/"},"modified":"2026-01-29T19:18:48","modified_gmt":"2026-01-29T17:18:48","slug":"forbattrat-dorrforstarkningslas","status":"publish","type":"product","link":"https:\/\/mekulo.com\/se\/produkt\/forbattrat-dorrforstarkningslas\/","title":{"rendered":"F\u00f6rb\u00e4ttrat d\u00f6rrf\u00f6rst\u00e4rkningsl\u00e5s"},"content":{"rendered":"<p style=\"text-align: center;\" data-start=\"0\" data-end=\"60\"><strong data-start=\"0\" data-end=\"60\">L\u00e4gg till starkt, p\u00e5litligt skydd f\u00f6r din d\u00f6rr p\u00e5 n\u00e5gra sekunder.\ud83d\udeaa<\/strong><\/p>\n<p data-start=\"0\" data-end=\"60\"><img fetchpriority=\"high\" decoding=\"async\" class=\"size-full wp-image-22313 aligncenter\" src=\"https:\/\/mekulo.com\/template\/wp-content\/uploads\/sites\/6\/2026\/01\/3f2aede9ea10a160702f654766f3f6389db674b6-900.jpg\" alt=\"\" width=\"1080\" height=\"1060\" \/><\/p>\n<h2 style=\"text-align: center;\" data-start=\"396\" data-end=\"413\"><strong>Huvudsakliga f\u00f6rdelar\ud83c\udfe1<\/strong><\/h2>\n<p data-start=\"416\" data-end=\"485\">\ud83d\udd12 F\u00f6rst\u00e4rkningss\u00e4kerhet &#8211; St\u00e4rker d\u00f6rrar mot inbrott.<\/p>\n<p data-start=\"488\" data-end=\"554\">\ud83d\udeab St\u00f6ldskydd &#8211; Inget nyckelh\u00e5l, ingen manipulering fr\u00e5n utsidan.<\/p>\n<p data-start=\"557\" data-end=\"625\">\ud83d\udc76 Barns\u00e4ker s\u00e4kerhet &#8211; F\u00f6rhindrar barn fr\u00e5n att \u00f6ppna d\u00f6rren.<\/p>\n<p data-start=\"628\" data-end=\"692\">\ud83c\udfe0 Endast inifr\u00e5nkontroll &#8211; Kan endast man\u00f6vreras fr\u00e5n inomhus.<\/p>\n<p data-start=\"695\" data-end=\"750\">\u2699\ufe0f Enkel installation &#8211; Installeras p\u00e5 under 5 minuter.<\/p>\n<p data-start=\"753\" data-end=\"812\">\ud83e\uddf1 H\u00e5llbart material &#8211; Tillverkat av stark aluminiumlegering.<\/p>\n<p data-start=\"753\" data-end=\"812\"><img decoding=\"async\" class=\"size-full wp-image-22310 aligncenter\" src=\"https:\/\/mekulo.com\/template\/wp-content\/uploads\/sites\/6\/2026\/01\/3-1-1.jpg\" alt=\"\" width=\"1080\" height=\"1080\" \/><\/p>\n<h2 style=\"text-align: center;\" data-start=\"814\" data-end=\"828\"><strong>Hur Man Anv\u00e4nder \ud83d\udccc<\/strong><\/h2>\n<ol data-start=\"829\" data-end=\"1073\">\n<li data-start=\"829\" data-end=\"870\">\n<p data-start=\"832\" data-end=\"870\">Placera l\u00e5set p\u00e5 d\u00f6rrkarmen.<\/p>\n<\/li>\n<li data-start=\"871\" data-end=\"924\">\n<p data-start=\"874\" data-end=\"924\">F\u00e4st det med en borr eller sladdl\u00f6s skruvmejsel.<\/p>\n<\/li>\n<li data-start=\"925\" data-end=\"975\">\n<p data-start=\"928\" data-end=\"975\">St\u00e4ng d\u00f6rren och skjut l\u00e5set p\u00e5 plats.<\/p>\n<\/li>\n<li data-start=\"976\" data-end=\"1026\">\n<p data-start=\"979\" data-end=\"1026\">Lossa l\u00e5set fr\u00e5n insidan vid behov.<\/p>\n<\/li>\n<li data-start=\"1027\" data-end=\"1073\">\n<p data-start=\"1030\" data-end=\"1073\">H\u00e5ll det aktiverat f\u00f6r \u00f6kad s\u00e4kerhet hela tiden.<\/p>\n<\/li>\n<\/ol>\n<h2 style=\"text-align: center;\" data-start=\"1075\" data-end=\"1094\"><strong>Produktdetaljer \ud83d\udccf<\/strong><\/h2>\n<ul data-start=\"1095\" data-end=\"1348\">\n<li data-start=\"1095\" data-end=\"1123\">\n<p data-start=\"1097\" data-end=\"1123\">Material: Aluminiumlegering<\/p>\n<\/li>\n<li data-start=\"1124\" data-end=\"1165\">\n<p data-start=\"1126\" data-end=\"1165\">L\u00e5styp: Nyckell\u00f6st f\u00f6rst\u00e4rkningsl\u00e5s<\/p>\n<\/li>\n<li data-start=\"1166\" data-end=\"1191\">\n<p data-start=\"1168\" data-end=\"1191\">Stoppl\u00e4ngd: 7,6 cm<\/p>\n<\/li>\n<li data-start=\"1192\" data-end=\"1237\">\n<p data-start=\"1194\" data-end=\"1237\">Installation: DIY, ingen professionell beh\u00f6vs<\/p>\n<\/li>\n<li data-start=\"1238\" data-end=\"1279\">\n<p data-start=\"1240\" data-end=\"1279\">D\u00f6rrtyp: Passar in\u00e5tg\u00e5ende sv\u00e4ngd\u00f6rrar<\/p>\n<\/li>\n<li data-start=\"1280\" data-end=\"1348\">\n<p data-start=\"1282\" data-end=\"1348\">Anv\u00e4ndningsomr\u00e5den: Ytterd\u00f6rrar, sovrum, garage, k\u00e4llare, sidod\u00f6rrar<\/p>\n<\/li>\n<\/ul>\n<h2 style=\"text-align: center;\" data-start=\"1350\" data-end=\"1370\"><strong>Paketet inneh\u00e5ller \ud83d\udce6<\/strong><\/h2>\n<ul data-start=\"1371\" data-end=\"1449\" data-is-last-node=\"\" data-is-only-node=\"\">\n<li data-start=\"1371\" data-end=\"1411\">\n<p data-start=\"1373\" data-end=\"1411\">1, 2, 4x f\u00f6rst\u00e4rkt d\u00f6rrf\u00f6rst\u00e4rkningsl\u00e5s<\/p>\n<\/li>\n<li data-start=\"1412\" data-end=\"1449\" data-is-last-node=\"\">\n<p data-start=\"1414\" data-end=\"1449\" data-is-last-node=\"\">5, 10, 20x monteringsskruvar.<\/p>\n<\/li>\n<\/ul>\n","protected":false},"excerpt":{"rendered":"<p>\ud83d\udeaaDet h\u00e4r f\u00f6rb\u00e4ttrade d\u00f6rrf\u00f6rst\u00e4rkningsl\u00e5set st\u00e4rker din d\u00f6rr fr\u00e5n insidan och hj\u00e4lper till att f\u00f6rhindra intr\u00e5ng, o\u00f6nskad \u00e5tkomst och olyckor.<br \/>\n\ud83d\udd11Det \u00e4r nyckell\u00f6st, manipuleringss\u00e4kert och enkelt att installera, vilket g\u00f6r det perfekt f\u00f6r vardaglig hems\u00e4kerhet.<br \/>\n\ud83c\udfe0En smart uppgradering f\u00f6r familjer som vill ha extra sinnesro utan att \u00e4ndra sin befintliga d\u00f6rr.<\/p>\n","protected":false},"featured_media":19897,"comment_status":"open","ping_status":"closed","template":"","meta":{"site-sidebar-layout":"default","site-content-layout":"","ast-site-content-layout":"default","site-content-style":"default","site-sidebar-style":"default","ast-global-header-display":"","ast-banner-title-visibility":"","ast-main-header-display":"","ast-hfb-above-header-display":"","ast-hfb-below-header-display":"","ast-hfb-mobile-header-display":"","site-post-title":"","ast-breadcrumbs-content":"","ast-featured-img":"","footer-sml-layout":"","theme-transparent-header-meta":"default","adv-header-id-meta":"","stick-header-meta":"","header-above-stick-meta":"","header-main-stick-meta":"","header-below-stick-meta":"","astra-migrate-meta-layouts":"set","ast-page-background-enabled":"default","ast-page-background-meta":{"desktop":{"background-color":"var(--ast-global-color-5)","background-image":"","background-repeat":"repeat","background-position":"center center","background-size":"auto","background-attachment":"scroll","background-type":"","background-media":"","overlay-type":"","overlay-color":"","overlay-opacity":"","overlay-gradient":""},"tablet":{"background-color":"","background-image":"","background-repeat":"repeat","background-position":"center center","background-size":"auto","background-attachment":"scroll","background-type":"","background-media":"","overlay-type":"","overlay-color":"","overlay-opacity":"","overlay-gradient":""},"mobile":{"background-color":"","background-image":"","background-repeat":"repeat","background-position":"center center","background-size":"auto","background-attachment":"scroll","background-type":"","background-media":"","overlay-type":"","overlay-color":"","overlay-opacity":"","overlay-gradient":""}},"ast-content-background-meta":{"desktop":{"background-color":"var(--ast-global-color-4)","background-image":"","background-repeat":"repeat","background-position":"center center","background-size":"auto","background-attachment":"scroll","background-type":"","background-media":"","overlay-type":"","overlay-color":"","overlay-opacity":"","overlay-gradient":""},"tablet":{"background-color":"var(--ast-global-color-4)","background-image":"","background-repeat":"repeat","background-position":"center center","background-size":"auto","background-attachment":"scroll","background-type":"","background-media":"","overlay-type":"","overlay-color":"","overlay-opacity":"","overlay-gradient":""},"mobile":{"background-color":"var(--ast-global-color-4)","background-image":"","background-repeat":"repeat","background-position":"center center","background-size":"auto","background-attachment":"scroll","background-type":"","background-media":"","overlay-type":"","overlay-color":"","overlay-opacity":"","overlay-gradient":""}}},"product_brand":[],"product_cat":[168],"product_tag":[],"class_list":{"0":"post-19901","1":"product","2":"type-product","3":"status-publish","4":"has-post-thumbnail","6":"product_cat-hushallsartiklar","7":"pa_52536_ap98l5h6-1-st","8":"pa_52536_ap98l5h6-2-st","9":"pa_52536_ap98l5h6-4-st","10":"pa_52536_y66ubwyg-silver","11":"pa_52536_y66ubwyg-svart","12":"desktop-align-left","13":"tablet-align-left","14":"mobile-align-left","16":"first","17":"instock","18":"shipping-taxable","19":"purchasable","20":"product-type-variable","21":"has-default-attributes"},"yoast_head":"<!-- This site is optimized with the Yoast SEO plugin v26.6 - https:\/\/yoast.com\/wordpress\/plugins\/seo\/ -->\n<title>F\u00f6rb\u00e4ttrat d\u00f6rrf\u00f6rst\u00e4rkningsl\u00e5s - Mekulo SE<\/title>\n<meta name=\"robots\" content=\"index, follow, max-snippet:-1, max-image-preview:large, max-video-preview:-1\" \/>\n<link rel=\"canonical\" href=\"https:\/\/mekulo.com\/se\/produkt\/forbattrat-dorrforstarkningslas\/\" \/>\n<meta property=\"og:locale\" content=\"sv_SE\" \/>\n<meta property=\"og:type\" content=\"article\" \/>\n<meta property=\"og:title\" content=\"F\u00f6rb\u00e4ttrat d\u00f6rrf\u00f6rst\u00e4rkningsl\u00e5s - Mekulo SE\" \/>\n<meta property=\"og:description\" content=\"\ud83d\udeaaDet h\u00e4r f\u00f6rb\u00e4ttrade d\u00f6rrf\u00f6rst\u00e4rkningsl\u00e5set st\u00e4rker din d\u00f6rr fr\u00e5n insidan och hj\u00e4lper till att f\u00f6rhindra intr\u00e5ng, o\u00f6nskad \u00e5tkomst och olyckor. \ud83d\udd11Det \u00e4r nyckell\u00f6st, manipuleringss\u00e4kert och enkelt att installera, vilket g\u00f6r det perfekt f\u00f6r vardaglig hems\u00e4kerhet. \ud83c\udfe0En smart uppgradering f\u00f6r familjer som vill ha extra sinnesro utan att \u00e4ndra sin befintliga d\u00f6rr.\" \/>\n<meta property=\"og:url\" content=\"https:\/\/mekulo.com\/se\/produkt\/forbattrat-dorrforstarkningslas\/\" \/>\n<meta property=\"og:site_name\" content=\"Mekulo SE\" \/>\n<meta property=\"article:modified_time\" content=\"2026-01-29T17:18:48+00:00\" \/>\n<meta property=\"og:image\" content=\"https:\/\/mekulo.com\/se\/wp-content\/uploads\/sites\/11\/2026\/01\/wts64vs-1.jpg\" \/>\n\t<meta property=\"og:image:width\" content=\"800\" \/>\n\t<meta property=\"og:image:height\" content=\"800\" \/>\n\t<meta property=\"og:image:type\" content=\"image\/jpeg\" \/>\n<meta name=\"twitter:card\" content=\"summary_large_image\" \/>\n<meta name=\"twitter:label1\" content=\"Ber\u00e4knad l\u00e4stid\" \/>\n\t<meta name=\"twitter:data1\" content=\"2 minuter\" \/>\n<script type=\"application\/ld+json\" class=\"yoast-schema-graph\">{\"@context\":\"https:\/\/schema.org\",\"@graph\":[{\"@type\":\"WebPage\",\"@id\":\"https:\/\/mekulo.com\/se\/produkt\/forbattrat-dorrforstarkningslas\/\",\"url\":\"https:\/\/mekulo.com\/se\/produkt\/forbattrat-dorrforstarkningslas\/\",\"name\":\"F\u00f6rb\u00e4ttrat d\u00f6rrf\u00f6rst\u00e4rkningsl\u00e5s - Mekulo SE\",\"isPartOf\":{\"@id\":\"https:\/\/mekulo.com\/se\/#website\"},\"primaryImageOfPage\":{\"@id\":\"https:\/\/mekulo.com\/se\/produkt\/forbattrat-dorrforstarkningslas\/#primaryimage\"},\"image\":{\"@id\":\"https:\/\/mekulo.com\/se\/produkt\/forbattrat-dorrforstarkningslas\/#primaryimage\"},\"thumbnailUrl\":\"https:\/\/mekulo.com\/se\/wp-content\/uploads\/sites\/11\/2026\/01\/wts64vs-1.jpg\",\"datePublished\":\"2026-01-28T15:05:21+00:00\",\"dateModified\":\"2026-01-29T17:18:48+00:00\",\"breadcrumb\":{\"@id\":\"https:\/\/mekulo.com\/se\/produkt\/forbattrat-dorrforstarkningslas\/#breadcrumb\"},\"inLanguage\":\"sv-SE\",\"potentialAction\":[{\"@type\":\"ReadAction\",\"target\":[\"https:\/\/mekulo.com\/se\/produkt\/forbattrat-dorrforstarkningslas\/\"]}]},{\"@type\":\"ImageObject\",\"inLanguage\":\"sv-SE\",\"@id\":\"https:\/\/mekulo.com\/se\/produkt\/forbattrat-dorrforstarkningslas\/#primaryimage\",\"url\":\"https:\/\/mekulo.com\/se\/wp-content\/uploads\/sites\/11\/2026\/01\/wts64vs-1.jpg\",\"contentUrl\":\"https:\/\/mekulo.com\/se\/wp-content\/uploads\/sites\/11\/2026\/01\/wts64vs-1.jpg\",\"width\":800,\"height\":800},{\"@type\":\"BreadcrumbList\",\"@id\":\"https:\/\/mekulo.com\/se\/produkt\/forbattrat-dorrforstarkningslas\/#breadcrumb\",\"itemListElement\":[{\"@type\":\"ListItem\",\"position\":1,\"name\":\"Home\",\"item\":\"https:\/\/mekulo.com\/se\/\"},{\"@type\":\"ListItem\",\"position\":2,\"name\":\"Butik\",\"item\":\"https:\/\/mekulo.com\/se\/butik\/\"},{\"@type\":\"ListItem\",\"position\":3,\"name\":\"F\u00f6rb\u00e4ttrat d\u00f6rrf\u00f6rst\u00e4rkningsl\u00e5s\"}]},{\"@type\":\"WebSite\",\"@id\":\"https:\/\/mekulo.com\/se\/#website\",\"url\":\"https:\/\/mekulo.com\/se\/\",\"name\":\"Mekulo SE\",\"description\":\"\",\"publisher\":{\"@id\":\"https:\/\/mekulo.com\/se\/#organization\"},\"potentialAction\":[{\"@type\":\"SearchAction\",\"target\":{\"@type\":\"EntryPoint\",\"urlTemplate\":\"https:\/\/mekulo.com\/se\/?s={search_term_string}\"},\"query-input\":{\"@type\":\"PropertyValueSpecification\",\"valueRequired\":true,\"valueName\":\"search_term_string\"}}],\"inLanguage\":\"sv-SE\"},{\"@type\":\"Organization\",\"@id\":\"https:\/\/mekulo.com\/se\/#organization\",\"name\":\"Mekulo\",\"url\":\"https:\/\/mekulo.com\/se\/\",\"logo\":{\"@type\":\"ImageObject\",\"inLanguage\":\"sv-SE\",\"@id\":\"https:\/\/mekulo.com\/se\/#\/schema\/logo\/image\/\",\"url\":\"https:\/\/mekulo.com\/se\/wp-content\/uploads\/sites\/11\/2025\/12\/favicon_mekulo.png\",\"contentUrl\":\"https:\/\/mekulo.com\/se\/wp-content\/uploads\/sites\/11\/2025\/12\/favicon_mekulo.png\",\"width\":50,\"height\":50,\"caption\":\"Mekulo\"},\"image\":{\"@id\":\"https:\/\/mekulo.com\/se\/#\/schema\/logo\/image\/\"}}]}<\/script>\n<!-- \/ Yoast SEO plugin. -->","yoast_head_json":{"title":"F\u00f6rb\u00e4ttrat d\u00f6rrf\u00f6rst\u00e4rkningsl\u00e5s - Mekulo SE","robots":{"index":"index","follow":"follow","max-snippet":"max-snippet:-1","max-image-preview":"max-image-preview:large","max-video-preview":"max-video-preview:-1"},"canonical":"https:\/\/mekulo.com\/se\/produkt\/forbattrat-dorrforstarkningslas\/","og_locale":"sv_SE","og_type":"article","og_title":"F\u00f6rb\u00e4ttrat d\u00f6rrf\u00f6rst\u00e4rkningsl\u00e5s - Mekulo SE","og_description":"\ud83d\udeaaDet h\u00e4r f\u00f6rb\u00e4ttrade d\u00f6rrf\u00f6rst\u00e4rkningsl\u00e5set st\u00e4rker din d\u00f6rr fr\u00e5n insidan och hj\u00e4lper till att f\u00f6rhindra intr\u00e5ng, o\u00f6nskad \u00e5tkomst och olyckor. \ud83d\udd11Det \u00e4r nyckell\u00f6st, manipuleringss\u00e4kert och enkelt att installera, vilket g\u00f6r det perfekt f\u00f6r vardaglig hems\u00e4kerhet. \ud83c\udfe0En smart uppgradering f\u00f6r familjer som vill ha extra sinnesro utan att \u00e4ndra sin befintliga d\u00f6rr.","og_url":"https:\/\/mekulo.com\/se\/produkt\/forbattrat-dorrforstarkningslas\/","og_site_name":"Mekulo SE","article_modified_time":"2026-01-29T17:18:48+00:00","og_image":[{"width":800,"height":800,"url":"https:\/\/mekulo.com\/se\/wp-content\/uploads\/sites\/11\/2026\/01\/wts64vs-1.jpg","type":"image\/jpeg"}],"twitter_card":"summary_large_image","twitter_misc":{"Ber\u00e4knad l\u00e4stid":"2 minuter"},"schema":{"@context":"https:\/\/schema.org","@graph":[{"@type":"WebPage","@id":"https:\/\/mekulo.com\/se\/produkt\/forbattrat-dorrforstarkningslas\/","url":"https:\/\/mekulo.com\/se\/produkt\/forbattrat-dorrforstarkningslas\/","name":"F\u00f6rb\u00e4ttrat d\u00f6rrf\u00f6rst\u00e4rkningsl\u00e5s - Mekulo SE","isPartOf":{"@id":"https:\/\/mekulo.com\/se\/#website"},"primaryImageOfPage":{"@id":"https:\/\/mekulo.com\/se\/produkt\/forbattrat-dorrforstarkningslas\/#primaryimage"},"image":{"@id":"https:\/\/mekulo.com\/se\/produkt\/forbattrat-dorrforstarkningslas\/#primaryimage"},"thumbnailUrl":"https:\/\/mekulo.com\/se\/wp-content\/uploads\/sites\/11\/2026\/01\/wts64vs-1.jpg","datePublished":"2026-01-28T15:05:21+00:00","dateModified":"2026-01-29T17:18:48+00:00","breadcrumb":{"@id":"https:\/\/mekulo.com\/se\/produkt\/forbattrat-dorrforstarkningslas\/#breadcrumb"},"inLanguage":"sv-SE","potentialAction":[{"@type":"ReadAction","target":["https:\/\/mekulo.com\/se\/produkt\/forbattrat-dorrforstarkningslas\/"]}]},{"@type":"ImageObject","inLanguage":"sv-SE","@id":"https:\/\/mekulo.com\/se\/produkt\/forbattrat-dorrforstarkningslas\/#primaryimage","url":"https:\/\/mekulo.com\/se\/wp-content\/uploads\/sites\/11\/2026\/01\/wts64vs-1.jpg","contentUrl":"https:\/\/mekulo.com\/se\/wp-content\/uploads\/sites\/11\/2026\/01\/wts64vs-1.jpg","width":800,"height":800},{"@type":"BreadcrumbList","@id":"https:\/\/mekulo.com\/se\/produkt\/forbattrat-dorrforstarkningslas\/#breadcrumb","itemListElement":[{"@type":"ListItem","position":1,"name":"Home","item":"https:\/\/mekulo.com\/se\/"},{"@type":"ListItem","position":2,"name":"Butik","item":"https:\/\/mekulo.com\/se\/butik\/"},{"@type":"ListItem","position":3,"name":"F\u00f6rb\u00e4ttrat d\u00f6rrf\u00f6rst\u00e4rkningsl\u00e5s"}]},{"@type":"WebSite","@id":"https:\/\/mekulo.com\/se\/#website","url":"https:\/\/mekulo.com\/se\/","name":"Mekulo SE","description":"","publisher":{"@id":"https:\/\/mekulo.com\/se\/#organization"},"potentialAction":[{"@type":"SearchAction","target":{"@type":"EntryPoint","urlTemplate":"https:\/\/mekulo.com\/se\/?s={search_term_string}"},"query-input":{"@type":"PropertyValueSpecification","valueRequired":true,"valueName":"search_term_string"}}],"inLanguage":"sv-SE"},{"@type":"Organization","@id":"https:\/\/mekulo.com\/se\/#organization","name":"Mekulo","url":"https:\/\/mekulo.com\/se\/","logo":{"@type":"ImageObject","inLanguage":"sv-SE","@id":"https:\/\/mekulo.com\/se\/#\/schema\/logo\/image\/","url":"https:\/\/mekulo.com\/se\/wp-content\/uploads\/sites\/11\/2025\/12\/favicon_mekulo.png","contentUrl":"https:\/\/mekulo.com\/se\/wp-content\/uploads\/sites\/11\/2025\/12\/favicon_mekulo.png","width":50,"height":50,"caption":"Mekulo"},"image":{"@id":"https:\/\/mekulo.com\/se\/#\/schema\/logo\/image\/"}}]}},"_links":{"self":[{"href":"https:\/\/mekulo.com\/se\/wp-json\/wp\/v2\/product\/19901","targetHints":{"allow":["GET"]}}],"collection":[{"href":"https:\/\/mekulo.com\/se\/wp-json\/wp\/v2\/product"}],"about":[{"href":"https:\/\/mekulo.com\/se\/wp-json\/wp\/v2\/types\/product"}],"replies":[{"embeddable":true,"href":"https:\/\/mekulo.com\/se\/wp-json\/wp\/v2\/comments?post=19901"}],"wp:featuredmedia":[{"embeddable":true,"href":"https:\/\/mekulo.com\/se\/wp-json\/wp\/v2\/media\/19897"}],"wp:attachment":[{"href":"https:\/\/mekulo.com\/se\/wp-json\/wp\/v2\/media?parent=19901"}],"wp:term":[{"taxonomy":"product_brand","embeddable":true,"href":"https:\/\/mekulo.com\/se\/wp-json\/wp\/v2\/product_brand?post=19901"},{"taxonomy":"product_cat","embeddable":true,"href":"https:\/\/mekulo.com\/se\/wp-json\/wp\/v2\/product_cat?post=19901"},{"taxonomy":"product_tag","embeddable":true,"href":"https:\/\/mekulo.com\/se\/wp-json\/wp\/v2\/product_tag?post=19901"}],"curies":[{"name":"wp","href":"https:\/\/api.w.org\/{rel}","templated":true}]}}