{"id":19885,"date":"2026-01-28T17:02:50","date_gmt":"2026-01-28T15:02:50","guid":{"rendered":"https:\/\/mekulo.com\/se\/produkt\/led-nagelklippare-for-husdjur\/"},"modified":"2026-02-03T17:13:56","modified_gmt":"2026-02-03T15:13:56","slug":"led-nagelklippare-for-husdjur","status":"publish","type":"product","link":"https:\/\/mekulo.com\/se\/produkt\/led-nagelklippare-for-husdjur\/","title":{"rendered":"LED nagelklippare f\u00f6r husdjur"},"content":{"rendered":"<p style=\"text-align: center;\" data-start=\"0\" data-end=\"74\"><strong data-start=\"0\" data-end=\"74\">Trimma ditt husdjurs naglar p\u00e5 ett s\u00e4kert s\u00e4tt med tydlig synlighet och j\u00e4mna resultat. \ud83d\udc08<\/strong><\/p>\n<p data-start=\"0\" data-end=\"74\"><img fetchpriority=\"high\" decoding=\"async\" class=\"size-full wp-image-22300 aligncenter\" src=\"https:\/\/mekulo.com\/template\/wp-content\/uploads\/sites\/6\/2026\/01\/2-47.jpg\" alt=\"\" width=\"1080\" height=\"1080\" \/><\/p>\n<h2 style=\"text-align: center;\" data-start=\"387\" data-end=\"404\"><strong>Huvudsakliga f\u00f6rdelar \ud83d\udc15<\/strong><\/h2>\n<p data-start=\"407\" data-end=\"471\">\ud83d\udca1 LED-s\u00e4kerhetslampor &#8211; visar tydligt nagelns blodk\u00e4rl.<\/p>\n<p data-start=\"474\" data-end=\"528\">\u2702\ufe0f 2-i-1-verktyg &#8211; klipper och slipar i en session.<\/p>\n<p data-start=\"531\" data-end=\"592\">\ud83e\ude78 Skadef\u00f6rebyggande &#8211; undviker \u00f6verklippning och bl\u00f6dning.<\/p>\n<p data-start=\"595\" data-end=\"658\">\u2728 J\u00e4mna nagelkanter &#8211; slipmaskinen rundar naglarna efter trimning.<\/p>\n<p data-start=\"661\" data-end=\"725\">\ud83d\udee1\ufe0f Dammskydd &#8211; skyddar husdjurets \u00f6gon och f\u00e5ngar upp nagelrester.<\/p>\n<p data-start=\"728\" data-end=\"778\">\ud83d\udd07 Tyst motor &#8211; h\u00e5ller husdjur lugna och avslappnade.<\/p>\n<p data-start=\"728\" data-end=\"778\"><img decoding=\"async\" class=\"size-full wp-image-22296 aligncenter\" src=\"https:\/\/mekulo.com\/template\/wp-content\/uploads\/sites\/6\/2026\/01\/6-21.jpg\" alt=\"\" width=\"1080\" height=\"1080\" \/><\/p>\n<h2 style=\"text-align: center;\" data-start=\"780\" data-end=\"794\"><strong>Hur Man Anv\u00e4nder \ud83d\udccc<\/strong><\/h2>\n<ol data-start=\"795\" data-end=\"1037\">\n<li data-start=\"795\" data-end=\"847\">\n<p data-start=\"798\" data-end=\"847\">T\u00e4nd LED-lamporna f\u00f6r att se nageln tydligt.<\/p>\n<\/li>\n<li data-start=\"848\" data-end=\"891\">\n<p data-start=\"851\" data-end=\"891\">Placera klipparen runt nagelspetsen.<\/p>\n<\/li>\n<li data-start=\"892\" data-end=\"949\">\n<p data-start=\"895\" data-end=\"949\">Trimma l\u00e5ngsamt och undvik det synliga blodk\u00e4rlet.<\/p>\n<\/li>\n<li data-start=\"950\" data-end=\"1002\">\n<p data-start=\"953\" data-end=\"1002\">Anv\u00e4nd den inbyggda kvarnen f\u00f6r att j\u00e4mna ut vassa kanter.<\/p>\n<\/li>\n<li data-start=\"1003\" data-end=\"1037\">\n<p data-start=\"1006\" data-end=\"1037\">T\u00f6m dammskyddet efter anv\u00e4ndning.<\/p>\n<\/li>\n<\/ol>\n<h2 style=\"text-align: center;\" data-start=\"1039\" data-end=\"1058\"><strong>Produktdetaljer \ud83d\udccf<\/strong><\/h2>\n<ul data-start=\"1059\" data-end=\"1309\">\n<li data-start=\"1059\" data-end=\"1094\">\n<p data-start=\"1061\" data-end=\"1094\">Bladmaterial: Rostfritt st\u00e5l<\/p>\n<\/li>\n<li data-start=\"1095\" data-end=\"1135\">\n<p data-start=\"1097\" data-end=\"1135\">Funktion: Nagelklippning och slipning<\/p>\n<\/li>\n<li data-start=\"1136\" data-end=\"1172\">\n<p data-start=\"1138\" data-end=\"1172\">Belysning: Dubbla LED-s\u00e4kerhetslampor<\/p>\n<\/li>\n<li data-start=\"1173\" data-end=\"1227\">\n<p data-start=\"1175\" data-end=\"1227\">Design: Inbyggd kvarn och dammuppsamlingsskydd<\/p>\n<\/li>\n<li data-start=\"1228\" data-end=\"1260\">\n<p data-start=\"1230\" data-end=\"1260\">Bullerniv\u00e5: L\u00e5gbrusig motor<\/p>\n<\/li>\n<li data-start=\"1261\" data-end=\"1309\">\n<p data-start=\"1263\" data-end=\"1309\">L\u00e4mplig f\u00f6r: Hundar och katter i olika storlekar<\/p>\n<\/li>\n<li data-start=\"1261\" data-end=\"1309\">Storlek: 180 x 41 x 22 mm<\/li>\n<\/ul>\n<h2 style=\"text-align: center;\" data-start=\"1311\" data-end=\"1331\"><strong>Paketet inneh\u00e5ller \ud83d\udce6<\/strong><\/h2>\n<ul data-start=\"1332\" data-end=\"1358\" data-is-last-node=\"\" data-is-only-node=\"\">\n<li data-start=\"1332\" data-end=\"1358\" data-is-last-node=\"\">\n<p data-start=\"1334\" data-end=\"1358\" data-is-last-node=\"\">1x LED nagelklippare f\u00f6r husdjur<\/p>\n<\/li>\n<li data-start=\"1332\" data-end=\"1358\" data-is-last-node=\"\">1x Typ-C laddningskabel.<\/li>\n<\/ul>\n","protected":false},"excerpt":{"rendered":"<p>\ud83d\udc15Med denna LED-nagelklippare f\u00f6r husdjur kan du klippa och sl\u00e4ta ut ditt husdjurs naglar i ett enkelt steg med mindre stress och mer kontroll.<br \/>\n\ud83d\udca1Inbyggda LED-lampor visar exakt var du ska klippa, vilket hj\u00e4lper till att f\u00f6rhindra sm\u00e4rta, bl\u00f6dning och olyckor.<br \/>\n\ud83e\udec2Detta g\u00f6r nageltrimning s\u00e4krare, snabbare och bekv\u00e4mare f\u00f6r b\u00e5de dig och ditt husdjur.<\/p>\n","protected":false},"featured_media":19881,"comment_status":"open","ping_status":"closed","template":"","meta":{"site-sidebar-layout":"default","site-content-layout":"","ast-site-content-layout":"default","site-content-style":"default","site-sidebar-style":"default","ast-global-header-display":"","ast-banner-title-visibility":"","ast-main-header-display":"","ast-hfb-above-header-display":"","ast-hfb-below-header-display":"","ast-hfb-mobile-header-display":"","site-post-title":"","ast-breadcrumbs-content":"","ast-featured-img":"","footer-sml-layout":"","theme-transparent-header-meta":"default","adv-header-id-meta":"","stick-header-meta":"","header-above-stick-meta":"","header-main-stick-meta":"","header-below-stick-meta":"","astra-migrate-meta-layouts":"set","ast-page-background-enabled":"default","ast-page-background-meta":{"desktop":{"background-color":"var(--ast-global-color-5)","background-image":"","background-repeat":"repeat","background-position":"center center","background-size":"auto","background-attachment":"scroll","background-type":"","background-media":"","overlay-type":"","overlay-color":"","overlay-opacity":"","overlay-gradient":""},"tablet":{"background-color":"","background-image":"","background-repeat":"repeat","background-position":"center center","background-size":"auto","background-attachment":"scroll","background-type":"","background-media":"","overlay-type":"","overlay-color":"","overlay-opacity":"","overlay-gradient":""},"mobile":{"background-color":"","background-image":"","background-repeat":"repeat","background-position":"center center","background-size":"auto","background-attachment":"scroll","background-type":"","background-media":"","overlay-type":"","overlay-color":"","overlay-opacity":"","overlay-gradient":""}},"ast-content-background-meta":{"desktop":{"background-color":"var(--ast-global-color-4)","background-image":"","background-repeat":"repeat","background-position":"center center","background-size":"auto","background-attachment":"scroll","background-type":"","background-media":"","overlay-type":"","overlay-color":"","overlay-opacity":"","overlay-gradient":""},"tablet":{"background-color":"var(--ast-global-color-4)","background-image":"","background-repeat":"repeat","background-position":"center center","background-size":"auto","background-attachment":"scroll","background-type":"","background-media":"","overlay-type":"","overlay-color":"","overlay-opacity":"","overlay-gradient":""},"mobile":{"background-color":"var(--ast-global-color-4)","background-image":"","background-repeat":"repeat","background-position":"center center","background-size":"auto","background-attachment":"scroll","background-type":"","background-media":"","overlay-type":"","overlay-color":"","overlay-opacity":"","overlay-gradient":""}}},"product_brand":[],"product_cat":[169],"product_tag":[],"class_list":{"0":"post-19885","1":"product","2":"type-product","3":"status-publish","4":"has-post-thumbnail","6":"product_cat-husdjursprodukter","7":"pa_52501_8l822435-gron","8":"pa_52501_8l822435-rosa","9":"pa_52501_8l822435-vit","10":"desktop-align-left","11":"tablet-align-left","12":"mobile-align-left","14":"first","15":"instock","16":"shipping-taxable","17":"purchasable","18":"product-type-variable"},"yoast_head":"<!-- This site is optimized with the Yoast SEO plugin v26.6 - https:\/\/yoast.com\/wordpress\/plugins\/seo\/ -->\n<title>LED nagelklippare f\u00f6r husdjur - Mekulo SE<\/title>\n<meta name=\"robots\" content=\"index, follow, max-snippet:-1, max-image-preview:large, max-video-preview:-1\" \/>\n<link rel=\"canonical\" href=\"https:\/\/mekulo.com\/se\/produkt\/led-nagelklippare-for-husdjur\/\" \/>\n<meta property=\"og:locale\" content=\"sv_SE\" \/>\n<meta property=\"og:type\" content=\"article\" \/>\n<meta property=\"og:title\" content=\"LED nagelklippare f\u00f6r husdjur - Mekulo SE\" \/>\n<meta property=\"og:description\" content=\"\ud83d\udc15Med denna LED-nagelklippare f\u00f6r husdjur kan du klippa och sl\u00e4ta ut ditt husdjurs naglar i ett enkelt steg med mindre stress och mer kontroll. \ud83d\udca1Inbyggda LED-lampor visar exakt var du ska klippa, vilket hj\u00e4lper till att f\u00f6rhindra sm\u00e4rta, bl\u00f6dning och olyckor. \ud83e\udec2Detta g\u00f6r nageltrimning s\u00e4krare, snabbare och bekv\u00e4mare f\u00f6r b\u00e5de dig och ditt husdjur.\" \/>\n<meta property=\"og:url\" content=\"https:\/\/mekulo.com\/se\/produkt\/led-nagelklippare-for-husdjur\/\" \/>\n<meta property=\"og:site_name\" content=\"Mekulo SE\" \/>\n<meta property=\"article:modified_time\" content=\"2026-02-03T15:13:56+00:00\" \/>\n<meta property=\"og:image\" content=\"https:\/\/mekulo.com\/se\/wp-content\/uploads\/sites\/11\/2026\/01\/btwxd9d-1.jpeg\" \/>\n\t<meta property=\"og:image:width\" content=\"800\" \/>\n\t<meta property=\"og:image:height\" content=\"800\" \/>\n\t<meta property=\"og:image:type\" content=\"image\/jpeg\" \/>\n<meta name=\"twitter:card\" content=\"summary_large_image\" \/>\n<meta name=\"twitter:label1\" content=\"Ber\u00e4knad l\u00e4stid\" \/>\n\t<meta name=\"twitter:data1\" content=\"2 minuter\" \/>\n<script type=\"application\/ld+json\" class=\"yoast-schema-graph\">{\"@context\":\"https:\/\/schema.org\",\"@graph\":[{\"@type\":\"WebPage\",\"@id\":\"https:\/\/mekulo.com\/se\/produkt\/led-nagelklippare-for-husdjur\/\",\"url\":\"https:\/\/mekulo.com\/se\/produkt\/led-nagelklippare-for-husdjur\/\",\"name\":\"LED nagelklippare f\u00f6r husdjur - Mekulo SE\",\"isPartOf\":{\"@id\":\"https:\/\/mekulo.com\/se\/#website\"},\"primaryImageOfPage\":{\"@id\":\"https:\/\/mekulo.com\/se\/produkt\/led-nagelklippare-for-husdjur\/#primaryimage\"},\"image\":{\"@id\":\"https:\/\/mekulo.com\/se\/produkt\/led-nagelklippare-for-husdjur\/#primaryimage\"},\"thumbnailUrl\":\"https:\/\/mekulo.com\/se\/wp-content\/uploads\/sites\/11\/2026\/01\/btwxd9d-1.jpeg\",\"datePublished\":\"2026-01-28T15:02:50+00:00\",\"dateModified\":\"2026-02-03T15:13:56+00:00\",\"breadcrumb\":{\"@id\":\"https:\/\/mekulo.com\/se\/produkt\/led-nagelklippare-for-husdjur\/#breadcrumb\"},\"inLanguage\":\"sv-SE\",\"potentialAction\":[{\"@type\":\"ReadAction\",\"target\":[\"https:\/\/mekulo.com\/se\/produkt\/led-nagelklippare-for-husdjur\/\"]}]},{\"@type\":\"ImageObject\",\"inLanguage\":\"sv-SE\",\"@id\":\"https:\/\/mekulo.com\/se\/produkt\/led-nagelklippare-for-husdjur\/#primaryimage\",\"url\":\"https:\/\/mekulo.com\/se\/wp-content\/uploads\/sites\/11\/2026\/01\/btwxd9d-1.jpeg\",\"contentUrl\":\"https:\/\/mekulo.com\/se\/wp-content\/uploads\/sites\/11\/2026\/01\/btwxd9d-1.jpeg\",\"width\":800,\"height\":800},{\"@type\":\"BreadcrumbList\",\"@id\":\"https:\/\/mekulo.com\/se\/produkt\/led-nagelklippare-for-husdjur\/#breadcrumb\",\"itemListElement\":[{\"@type\":\"ListItem\",\"position\":1,\"name\":\"Home\",\"item\":\"https:\/\/mekulo.com\/se\/\"},{\"@type\":\"ListItem\",\"position\":2,\"name\":\"Butik\",\"item\":\"https:\/\/mekulo.com\/se\/butik\/\"},{\"@type\":\"ListItem\",\"position\":3,\"name\":\"LED nagelklippare f\u00f6r husdjur\"}]},{\"@type\":\"WebSite\",\"@id\":\"https:\/\/mekulo.com\/se\/#website\",\"url\":\"https:\/\/mekulo.com\/se\/\",\"name\":\"Mekulo SE\",\"description\":\"\",\"publisher\":{\"@id\":\"https:\/\/mekulo.com\/se\/#organization\"},\"potentialAction\":[{\"@type\":\"SearchAction\",\"target\":{\"@type\":\"EntryPoint\",\"urlTemplate\":\"https:\/\/mekulo.com\/se\/?s={search_term_string}\"},\"query-input\":{\"@type\":\"PropertyValueSpecification\",\"valueRequired\":true,\"valueName\":\"search_term_string\"}}],\"inLanguage\":\"sv-SE\"},{\"@type\":\"Organization\",\"@id\":\"https:\/\/mekulo.com\/se\/#organization\",\"name\":\"Mekulo\",\"url\":\"https:\/\/mekulo.com\/se\/\",\"logo\":{\"@type\":\"ImageObject\",\"inLanguage\":\"sv-SE\",\"@id\":\"https:\/\/mekulo.com\/se\/#\/schema\/logo\/image\/\",\"url\":\"https:\/\/mekulo.com\/se\/wp-content\/uploads\/sites\/11\/2025\/12\/favicon_mekulo.png\",\"contentUrl\":\"https:\/\/mekulo.com\/se\/wp-content\/uploads\/sites\/11\/2025\/12\/favicon_mekulo.png\",\"width\":50,\"height\":50,\"caption\":\"Mekulo\"},\"image\":{\"@id\":\"https:\/\/mekulo.com\/se\/#\/schema\/logo\/image\/\"}}]}<\/script>\n<!-- \/ Yoast SEO plugin. -->","yoast_head_json":{"title":"LED nagelklippare f\u00f6r husdjur - Mekulo SE","robots":{"index":"index","follow":"follow","max-snippet":"max-snippet:-1","max-image-preview":"max-image-preview:large","max-video-preview":"max-video-preview:-1"},"canonical":"https:\/\/mekulo.com\/se\/produkt\/led-nagelklippare-for-husdjur\/","og_locale":"sv_SE","og_type":"article","og_title":"LED nagelklippare f\u00f6r husdjur - Mekulo SE","og_description":"\ud83d\udc15Med denna LED-nagelklippare f\u00f6r husdjur kan du klippa och sl\u00e4ta ut ditt husdjurs naglar i ett enkelt steg med mindre stress och mer kontroll. \ud83d\udca1Inbyggda LED-lampor visar exakt var du ska klippa, vilket hj\u00e4lper till att f\u00f6rhindra sm\u00e4rta, bl\u00f6dning och olyckor. \ud83e\udec2Detta g\u00f6r nageltrimning s\u00e4krare, snabbare och bekv\u00e4mare f\u00f6r b\u00e5de dig och ditt husdjur.","og_url":"https:\/\/mekulo.com\/se\/produkt\/led-nagelklippare-for-husdjur\/","og_site_name":"Mekulo SE","article_modified_time":"2026-02-03T15:13:56+00:00","og_image":[{"width":800,"height":800,"url":"https:\/\/mekulo.com\/se\/wp-content\/uploads\/sites\/11\/2026\/01\/btwxd9d-1.jpeg","type":"image\/jpeg"}],"twitter_card":"summary_large_image","twitter_misc":{"Ber\u00e4knad l\u00e4stid":"2 minuter"},"schema":{"@context":"https:\/\/schema.org","@graph":[{"@type":"WebPage","@id":"https:\/\/mekulo.com\/se\/produkt\/led-nagelklippare-for-husdjur\/","url":"https:\/\/mekulo.com\/se\/produkt\/led-nagelklippare-for-husdjur\/","name":"LED nagelklippare f\u00f6r husdjur - Mekulo SE","isPartOf":{"@id":"https:\/\/mekulo.com\/se\/#website"},"primaryImageOfPage":{"@id":"https:\/\/mekulo.com\/se\/produkt\/led-nagelklippare-for-husdjur\/#primaryimage"},"image":{"@id":"https:\/\/mekulo.com\/se\/produkt\/led-nagelklippare-for-husdjur\/#primaryimage"},"thumbnailUrl":"https:\/\/mekulo.com\/se\/wp-content\/uploads\/sites\/11\/2026\/01\/btwxd9d-1.jpeg","datePublished":"2026-01-28T15:02:50+00:00","dateModified":"2026-02-03T15:13:56+00:00","breadcrumb":{"@id":"https:\/\/mekulo.com\/se\/produkt\/led-nagelklippare-for-husdjur\/#breadcrumb"},"inLanguage":"sv-SE","potentialAction":[{"@type":"ReadAction","target":["https:\/\/mekulo.com\/se\/produkt\/led-nagelklippare-for-husdjur\/"]}]},{"@type":"ImageObject","inLanguage":"sv-SE","@id":"https:\/\/mekulo.com\/se\/produkt\/led-nagelklippare-for-husdjur\/#primaryimage","url":"https:\/\/mekulo.com\/se\/wp-content\/uploads\/sites\/11\/2026\/01\/btwxd9d-1.jpeg","contentUrl":"https:\/\/mekulo.com\/se\/wp-content\/uploads\/sites\/11\/2026\/01\/btwxd9d-1.jpeg","width":800,"height":800},{"@type":"BreadcrumbList","@id":"https:\/\/mekulo.com\/se\/produkt\/led-nagelklippare-for-husdjur\/#breadcrumb","itemListElement":[{"@type":"ListItem","position":1,"name":"Home","item":"https:\/\/mekulo.com\/se\/"},{"@type":"ListItem","position":2,"name":"Butik","item":"https:\/\/mekulo.com\/se\/butik\/"},{"@type":"ListItem","position":3,"name":"LED nagelklippare f\u00f6r husdjur"}]},{"@type":"WebSite","@id":"https:\/\/mekulo.com\/se\/#website","url":"https:\/\/mekulo.com\/se\/","name":"Mekulo SE","description":"","publisher":{"@id":"https:\/\/mekulo.com\/se\/#organization"},"potentialAction":[{"@type":"SearchAction","target":{"@type":"EntryPoint","urlTemplate":"https:\/\/mekulo.com\/se\/?s={search_term_string}"},"query-input":{"@type":"PropertyValueSpecification","valueRequired":true,"valueName":"search_term_string"}}],"inLanguage":"sv-SE"},{"@type":"Organization","@id":"https:\/\/mekulo.com\/se\/#organization","name":"Mekulo","url":"https:\/\/mekulo.com\/se\/","logo":{"@type":"ImageObject","inLanguage":"sv-SE","@id":"https:\/\/mekulo.com\/se\/#\/schema\/logo\/image\/","url":"https:\/\/mekulo.com\/se\/wp-content\/uploads\/sites\/11\/2025\/12\/favicon_mekulo.png","contentUrl":"https:\/\/mekulo.com\/se\/wp-content\/uploads\/sites\/11\/2025\/12\/favicon_mekulo.png","width":50,"height":50,"caption":"Mekulo"},"image":{"@id":"https:\/\/mekulo.com\/se\/#\/schema\/logo\/image\/"}}]}},"_links":{"self":[{"href":"https:\/\/mekulo.com\/se\/wp-json\/wp\/v2\/product\/19885","targetHints":{"allow":["GET"]}}],"collection":[{"href":"https:\/\/mekulo.com\/se\/wp-json\/wp\/v2\/product"}],"about":[{"href":"https:\/\/mekulo.com\/se\/wp-json\/wp\/v2\/types\/product"}],"replies":[{"embeddable":true,"href":"https:\/\/mekulo.com\/se\/wp-json\/wp\/v2\/comments?post=19885"}],"wp:featuredmedia":[{"embeddable":true,"href":"https:\/\/mekulo.com\/se\/wp-json\/wp\/v2\/media\/19881"}],"wp:attachment":[{"href":"https:\/\/mekulo.com\/se\/wp-json\/wp\/v2\/media?parent=19885"}],"wp:term":[{"taxonomy":"product_brand","embeddable":true,"href":"https:\/\/mekulo.com\/se\/wp-json\/wp\/v2\/product_brand?post=19885"},{"taxonomy":"product_cat","embeddable":true,"href":"https:\/\/mekulo.com\/se\/wp-json\/wp\/v2\/product_cat?post=19885"},{"taxonomy":"product_tag","embeddable":true,"href":"https:\/\/mekulo.com\/se\/wp-json\/wp\/v2\/product_tag?post=19885"}],"curies":[{"name":"wp","href":"https:\/\/api.w.org\/{rel}","templated":true}]}}