{"id":19860,"date":"2026-01-28T17:00:24","date_gmt":"2026-01-28T15:00:24","guid":{"rendered":"https:\/\/mekulo.com\/se\/produkt\/osynligt-harspanne\/"},"modified":"2026-02-03T17:14:01","modified_gmt":"2026-02-03T15:14:01","slug":"osynligt-harspanne","status":"publish","type":"product","link":"https:\/\/mekulo.com\/se\/produkt\/osynligt-harspanne\/","title":{"rendered":"Osynligt h\u00e5rsp\u00e4nne"},"content":{"rendered":"<p style=\"text-align: center;\" data-start=\"0\" data-end=\"73\"><strong data-start=\"0\" data-end=\"73\">Skapa naturlig volym och lyft dina h\u00e5rr\u00f6tter utan synliga klipp. \ud83e\udeae<\/strong><\/p>\n<p data-start=\"0\" data-end=\"73\"><img fetchpriority=\"high\" decoding=\"async\" class=\"size-full wp-image-22273 aligncenter\" src=\"https:\/\/mekulo.com\/template\/wp-content\/uploads\/sites\/6\/2026\/01\/2-17.jpeg\" alt=\"\" width=\"800\" height=\"800\" \/><\/p>\n<h2 style=\"text-align: center;\" data-start=\"363\" data-end=\"380\"><strong>Huvudsakliga f\u00f6rdelar\ud83d\udc71\u200d\u2640\ufe0f<\/strong><\/h2>\n<p data-start=\"383\" data-end=\"443\">\ud83d\udca8 Naturlig volym &#8211; Lyfter h\u00e5rr\u00f6tterna f\u00f6r en fluffig look.<\/p>\n<p data-start=\"446\" data-end=\"505\">\ud83d\udc40 Osynlig design &#8211; Inga synliga m\u00e4rken efter anv\u00e4ndning.<\/p>\n<p data-start=\"508\" data-end=\"572\">\ud83d\udc86\u200d\u2640\ufe0f Ingen h\u00e5rskada &#8211; Skonsam och s\u00e4ker f\u00f6r daglig styling.<\/p>\n<p data-start=\"575\" data-end=\"635\">\ud83e\uddb7 Bred tanddesign &#8211; Hj\u00e4lper till att skapa en h\u00f6g kronform.<\/p>\n<p data-start=\"638\" data-end=\"685\">\ud83c\udf92 B\u00e4rbar storlek &#8211; L\u00e4tt att ta med sig \u00f6verallt.<\/p>\n<p data-start=\"688\" data-end=\"750\">\u23f1\ufe0f Snabb styling &#8211; Perfekt f\u00f6r nyb\u00f6rjare och upptagna m\u00e4nniskor.<\/p>\n<p data-start=\"688\" data-end=\"750\"><img decoding=\"async\" class=\"size-full wp-image-22277 aligncenter\" src=\"https:\/\/mekulo.com\/template\/wp-content\/uploads\/sites\/6\/2026\/01\/6-19.jpeg\" alt=\"\" width=\"800\" height=\"800\" \/><\/p>\n<h2 style=\"text-align: center;\" data-start=\"752\" data-end=\"766\"><strong>Hur Man Anv\u00e4nder \ud83d\udccc<\/strong><\/h2>\n<ol data-start=\"767\" data-end=\"986\">\n<li data-start=\"767\" data-end=\"817\">\n<p data-start=\"770\" data-end=\"817\">Sektioner ditt h\u00e5r d\u00e4r du vill ha mer volym.<\/p>\n<\/li>\n<li data-start=\"818\" data-end=\"862\">\n<p data-start=\"821\" data-end=\"862\">Placera kl\u00e4mman n\u00e4ra h\u00e5rr\u00f6tterna.<\/p>\n<\/li>\n<li data-start=\"863\" data-end=\"903\">\n<p data-start=\"866\" data-end=\"903\">F\u00e4st den f\u00f6rsiktigt f\u00f6r att lyfta r\u00f6tterna.<\/p>\n<\/li>\n<li data-start=\"904\" data-end=\"934\">\n<p data-start=\"907\" data-end=\"934\">Styla ditt h\u00e5r som vanligt.<\/p>\n<\/li>\n<li data-start=\"935\" data-end=\"986\">\n<p data-start=\"938\" data-end=\"986\">Ta bort n\u00e4r du \u00e4r klar f\u00f6r en naturlig, fluffig look.<\/p>\n<\/li>\n<\/ol>\n<h2 style=\"text-align: center;\" data-start=\"988\" data-end=\"1007\"><strong>Produktdetaljer \ud83d\udccf<\/strong><\/h2>\n<ul data-start=\"1008\" data-end=\"1190\">\n<li data-start=\"1008\" data-end=\"1059\">\n<p data-start=\"1010\" data-end=\"1059\">Material: H\u00f6gkvalitativt, v\u00e4rmebest\u00e4ndigt material<\/p>\n<\/li>\n<li data-start=\"1060\" data-end=\"1102\">\n<p data-start=\"1062\" data-end=\"1102\">Design: Osynligt klipp med breda t\u00e4nder<\/p>\n<\/li>\n<li data-start=\"1103\" data-end=\"1147\">\n<p data-start=\"1105\" data-end=\"1147\">Effekt: Rotlyft och volymf\u00f6rst\u00e4rkning<\/p>\n<\/li>\n<li data-start=\"1148\" data-end=\"1190\">\n<p data-start=\"1150\" data-end=\"1190\">H\u00e5rtyp: L\u00e4mplig f\u00f6r alla h\u00e5rtyper<\/p>\n<\/li>\n<li data-start=\"1148\" data-end=\"1190\">Storlekar: 14,5 x 8,5 cm och 15 x 6 cm<\/li>\n<\/ul>\n<h2 style=\"text-align: center;\" data-start=\"1192\" data-end=\"1212\"><strong>Paketet inneh\u00e5ller \ud83d\udce6<\/strong><\/h2>\n<ul data-start=\"1213\" data-end=\"1238\" data-is-last-node=\"\" data-is-only-node=\"\">\n<li data-start=\"1213\" data-end=\"1238\" data-is-last-node=\"\">\n<p data-start=\"1215\" data-end=\"1238\" data-is-last-node=\"\">1, 2 x set\/s av osynliga h\u00e5rkl\u00e4mmor (2 st, 4 st).<\/p>\n<\/li>\n<\/ul>\n","protected":false},"excerpt":{"rendered":"<p>\ud83e\udeaeDen h\u00e4r osynliga h\u00e5rkl\u00e4mman hj\u00e4lper dig att l\u00e4gga till omedelbar volym vid r\u00f6tterna samtidigt som den f\u00f6rblir helt dold i h\u00e5ret.<br \/>\n\ud83d\udc87\u200d\u2640\ufe0fDet \u00e4r l\u00e4tt att anv\u00e4nda, skonsam mot h\u00e5ret och perfekt f\u00f6r snabb styling hemma eller p\u00e5 spr\u00e5ng.<br \/>\n\ud83c\udf04Ideal f\u00f6r hektiska morgnar n\u00e4r du vill ha en fylligare frisyr p\u00e5 n\u00e5gra sekunder utan anstr\u00e4ngning.<\/p>\n","protected":false},"featured_media":19856,"comment_status":"open","ping_status":"closed","template":"","meta":{"site-sidebar-layout":"default","site-content-layout":"","ast-site-content-layout":"default","site-content-style":"default","site-sidebar-style":"default","ast-global-header-display":"","ast-banner-title-visibility":"","ast-main-header-display":"","ast-hfb-above-header-display":"","ast-hfb-below-header-display":"","ast-hfb-mobile-header-display":"","site-post-title":"","ast-breadcrumbs-content":"","ast-featured-img":"","footer-sml-layout":"","theme-transparent-header-meta":"default","adv-header-id-meta":"","stick-header-meta":"","header-above-stick-meta":"","header-main-stick-meta":"","header-below-stick-meta":"","astra-migrate-meta-layouts":"set","ast-page-background-enabled":"default","ast-page-background-meta":{"desktop":{"background-color":"var(--ast-global-color-5)","background-image":"","background-repeat":"repeat","background-position":"center center","background-size":"auto","background-attachment":"scroll","background-type":"","background-media":"","overlay-type":"","overlay-color":"","overlay-opacity":"","overlay-gradient":""},"tablet":{"background-color":"","background-image":"","background-repeat":"repeat","background-position":"center center","background-size":"auto","background-attachment":"scroll","background-type":"","background-media":"","overlay-type":"","overlay-color":"","overlay-opacity":"","overlay-gradient":""},"mobile":{"background-color":"","background-image":"","background-repeat":"repeat","background-position":"center center","background-size":"auto","background-attachment":"scroll","background-type":"","background-media":"","overlay-type":"","overlay-color":"","overlay-opacity":"","overlay-gradient":""}},"ast-content-background-meta":{"desktop":{"background-color":"var(--ast-global-color-4)","background-image":"","background-repeat":"repeat","background-position":"center center","background-size":"auto","background-attachment":"scroll","background-type":"","background-media":"","overlay-type":"","overlay-color":"","overlay-opacity":"","overlay-gradient":""},"tablet":{"background-color":"var(--ast-global-color-4)","background-image":"","background-repeat":"repeat","background-position":"center center","background-size":"auto","background-attachment":"scroll","background-type":"","background-media":"","overlay-type":"","overlay-color":"","overlay-opacity":"","overlay-gradient":""},"mobile":{"background-color":"var(--ast-global-color-4)","background-image":"","background-repeat":"repeat","background-position":"center center","background-size":"auto","background-attachment":"scroll","background-type":"","background-media":"","overlay-type":"","overlay-color":"","overlay-opacity":"","overlay-gradient":""}}},"product_brand":[],"product_cat":[165],"product_tag":[],"class_list":{"0":"post-19860","1":"product","2":"type-product","3":"status-publish","4":"has-post-thumbnail","6":"product_cat-skor-accessoarer","7":"pa_52367_6a3qzjq3-1-uppsattning","8":"pa_52367_6a3qzjq3-2-uppsattningar","9":"pa_52367_yrdzf9b0-bla","10":"pa_52367_yrdzf9b0-lila","11":"pa_52367_yrdzf9b0-rosa","12":"pa_52367_yrdzf9b0-svart","13":"desktop-align-left","14":"tablet-align-left","15":"mobile-align-left","17":"first","18":"instock","19":"shipping-taxable","20":"purchasable","21":"product-type-variable","22":"has-default-attributes"},"yoast_head":"<!-- This site is optimized with the Yoast SEO plugin v26.6 - https:\/\/yoast.com\/wordpress\/plugins\/seo\/ -->\n<title>Osynligt h\u00e5rsp\u00e4nne - Mekulo SE<\/title>\n<meta name=\"robots\" content=\"index, follow, max-snippet:-1, max-image-preview:large, max-video-preview:-1\" \/>\n<link rel=\"canonical\" href=\"https:\/\/mekulo.com\/se\/produkt\/osynligt-harspanne\/\" \/>\n<meta property=\"og:locale\" content=\"sv_SE\" \/>\n<meta property=\"og:type\" content=\"article\" \/>\n<meta property=\"og:title\" content=\"Osynligt h\u00e5rsp\u00e4nne - Mekulo SE\" \/>\n<meta property=\"og:description\" content=\"\ud83e\udeaeDen h\u00e4r osynliga h\u00e5rkl\u00e4mman hj\u00e4lper dig att l\u00e4gga till omedelbar volym vid r\u00f6tterna samtidigt som den f\u00f6rblir helt dold i h\u00e5ret. \ud83d\udc87\u200d\u2640\ufe0fDet \u00e4r l\u00e4tt att anv\u00e4nda, skonsam mot h\u00e5ret och perfekt f\u00f6r snabb styling hemma eller p\u00e5 spr\u00e5ng. \ud83c\udf04Ideal f\u00f6r hektiska morgnar n\u00e4r du vill ha en fylligare frisyr p\u00e5 n\u00e5gra sekunder utan anstr\u00e4ngning.\" \/>\n<meta property=\"og:url\" content=\"https:\/\/mekulo.com\/se\/produkt\/osynligt-harspanne\/\" \/>\n<meta property=\"og:site_name\" content=\"Mekulo SE\" \/>\n<meta property=\"article:modified_time\" content=\"2026-02-03T15:14:01+00:00\" \/>\n<meta property=\"og:image\" content=\"https:\/\/mekulo.com\/se\/wp-content\/uploads\/sites\/11\/2026\/01\/jrga2tv-1.jpeg\" \/>\n\t<meta property=\"og:image:width\" content=\"800\" \/>\n\t<meta property=\"og:image:height\" content=\"800\" \/>\n\t<meta property=\"og:image:type\" content=\"image\/jpeg\" \/>\n<meta name=\"twitter:card\" content=\"summary_large_image\" \/>\n<meta name=\"twitter:label1\" content=\"Ber\u00e4knad l\u00e4stid\" \/>\n\t<meta name=\"twitter:data1\" content=\"2 minuter\" \/>\n<script type=\"application\/ld+json\" class=\"yoast-schema-graph\">{\"@context\":\"https:\/\/schema.org\",\"@graph\":[{\"@type\":\"WebPage\",\"@id\":\"https:\/\/mekulo.com\/se\/produkt\/osynligt-harspanne\/\",\"url\":\"https:\/\/mekulo.com\/se\/produkt\/osynligt-harspanne\/\",\"name\":\"Osynligt h\u00e5rsp\u00e4nne - Mekulo SE\",\"isPartOf\":{\"@id\":\"https:\/\/mekulo.com\/se\/#website\"},\"primaryImageOfPage\":{\"@id\":\"https:\/\/mekulo.com\/se\/produkt\/osynligt-harspanne\/#primaryimage\"},\"image\":{\"@id\":\"https:\/\/mekulo.com\/se\/produkt\/osynligt-harspanne\/#primaryimage\"},\"thumbnailUrl\":\"https:\/\/mekulo.com\/se\/wp-content\/uploads\/sites\/11\/2026\/01\/jrga2tv-1.jpeg\",\"datePublished\":\"2026-01-28T15:00:24+00:00\",\"dateModified\":\"2026-02-03T15:14:01+00:00\",\"breadcrumb\":{\"@id\":\"https:\/\/mekulo.com\/se\/produkt\/osynligt-harspanne\/#breadcrumb\"},\"inLanguage\":\"sv-SE\",\"potentialAction\":[{\"@type\":\"ReadAction\",\"target\":[\"https:\/\/mekulo.com\/se\/produkt\/osynligt-harspanne\/\"]}]},{\"@type\":\"ImageObject\",\"inLanguage\":\"sv-SE\",\"@id\":\"https:\/\/mekulo.com\/se\/produkt\/osynligt-harspanne\/#primaryimage\",\"url\":\"https:\/\/mekulo.com\/se\/wp-content\/uploads\/sites\/11\/2026\/01\/jrga2tv-1.jpeg\",\"contentUrl\":\"https:\/\/mekulo.com\/se\/wp-content\/uploads\/sites\/11\/2026\/01\/jrga2tv-1.jpeg\",\"width\":800,\"height\":800},{\"@type\":\"BreadcrumbList\",\"@id\":\"https:\/\/mekulo.com\/se\/produkt\/osynligt-harspanne\/#breadcrumb\",\"itemListElement\":[{\"@type\":\"ListItem\",\"position\":1,\"name\":\"Home\",\"item\":\"https:\/\/mekulo.com\/se\/\"},{\"@type\":\"ListItem\",\"position\":2,\"name\":\"Butik\",\"item\":\"https:\/\/mekulo.com\/se\/butik\/\"},{\"@type\":\"ListItem\",\"position\":3,\"name\":\"Osynligt h\u00e5rsp\u00e4nne\"}]},{\"@type\":\"WebSite\",\"@id\":\"https:\/\/mekulo.com\/se\/#website\",\"url\":\"https:\/\/mekulo.com\/se\/\",\"name\":\"Mekulo SE\",\"description\":\"\",\"publisher\":{\"@id\":\"https:\/\/mekulo.com\/se\/#organization\"},\"potentialAction\":[{\"@type\":\"SearchAction\",\"target\":{\"@type\":\"EntryPoint\",\"urlTemplate\":\"https:\/\/mekulo.com\/se\/?s={search_term_string}\"},\"query-input\":{\"@type\":\"PropertyValueSpecification\",\"valueRequired\":true,\"valueName\":\"search_term_string\"}}],\"inLanguage\":\"sv-SE\"},{\"@type\":\"Organization\",\"@id\":\"https:\/\/mekulo.com\/se\/#organization\",\"name\":\"Mekulo\",\"url\":\"https:\/\/mekulo.com\/se\/\",\"logo\":{\"@type\":\"ImageObject\",\"inLanguage\":\"sv-SE\",\"@id\":\"https:\/\/mekulo.com\/se\/#\/schema\/logo\/image\/\",\"url\":\"https:\/\/mekulo.com\/se\/wp-content\/uploads\/sites\/11\/2025\/12\/favicon_mekulo.png\",\"contentUrl\":\"https:\/\/mekulo.com\/se\/wp-content\/uploads\/sites\/11\/2025\/12\/favicon_mekulo.png\",\"width\":50,\"height\":50,\"caption\":\"Mekulo\"},\"image\":{\"@id\":\"https:\/\/mekulo.com\/se\/#\/schema\/logo\/image\/\"}}]}<\/script>\n<!-- \/ Yoast SEO plugin. -->","yoast_head_json":{"title":"Osynligt h\u00e5rsp\u00e4nne - Mekulo SE","robots":{"index":"index","follow":"follow","max-snippet":"max-snippet:-1","max-image-preview":"max-image-preview:large","max-video-preview":"max-video-preview:-1"},"canonical":"https:\/\/mekulo.com\/se\/produkt\/osynligt-harspanne\/","og_locale":"sv_SE","og_type":"article","og_title":"Osynligt h\u00e5rsp\u00e4nne - Mekulo SE","og_description":"\ud83e\udeaeDen h\u00e4r osynliga h\u00e5rkl\u00e4mman hj\u00e4lper dig att l\u00e4gga till omedelbar volym vid r\u00f6tterna samtidigt som den f\u00f6rblir helt dold i h\u00e5ret. \ud83d\udc87\u200d\u2640\ufe0fDet \u00e4r l\u00e4tt att anv\u00e4nda, skonsam mot h\u00e5ret och perfekt f\u00f6r snabb styling hemma eller p\u00e5 spr\u00e5ng. \ud83c\udf04Ideal f\u00f6r hektiska morgnar n\u00e4r du vill ha en fylligare frisyr p\u00e5 n\u00e5gra sekunder utan anstr\u00e4ngning.","og_url":"https:\/\/mekulo.com\/se\/produkt\/osynligt-harspanne\/","og_site_name":"Mekulo SE","article_modified_time":"2026-02-03T15:14:01+00:00","og_image":[{"width":800,"height":800,"url":"https:\/\/mekulo.com\/se\/wp-content\/uploads\/sites\/11\/2026\/01\/jrga2tv-1.jpeg","type":"image\/jpeg"}],"twitter_card":"summary_large_image","twitter_misc":{"Ber\u00e4knad l\u00e4stid":"2 minuter"},"schema":{"@context":"https:\/\/schema.org","@graph":[{"@type":"WebPage","@id":"https:\/\/mekulo.com\/se\/produkt\/osynligt-harspanne\/","url":"https:\/\/mekulo.com\/se\/produkt\/osynligt-harspanne\/","name":"Osynligt h\u00e5rsp\u00e4nne - Mekulo SE","isPartOf":{"@id":"https:\/\/mekulo.com\/se\/#website"},"primaryImageOfPage":{"@id":"https:\/\/mekulo.com\/se\/produkt\/osynligt-harspanne\/#primaryimage"},"image":{"@id":"https:\/\/mekulo.com\/se\/produkt\/osynligt-harspanne\/#primaryimage"},"thumbnailUrl":"https:\/\/mekulo.com\/se\/wp-content\/uploads\/sites\/11\/2026\/01\/jrga2tv-1.jpeg","datePublished":"2026-01-28T15:00:24+00:00","dateModified":"2026-02-03T15:14:01+00:00","breadcrumb":{"@id":"https:\/\/mekulo.com\/se\/produkt\/osynligt-harspanne\/#breadcrumb"},"inLanguage":"sv-SE","potentialAction":[{"@type":"ReadAction","target":["https:\/\/mekulo.com\/se\/produkt\/osynligt-harspanne\/"]}]},{"@type":"ImageObject","inLanguage":"sv-SE","@id":"https:\/\/mekulo.com\/se\/produkt\/osynligt-harspanne\/#primaryimage","url":"https:\/\/mekulo.com\/se\/wp-content\/uploads\/sites\/11\/2026\/01\/jrga2tv-1.jpeg","contentUrl":"https:\/\/mekulo.com\/se\/wp-content\/uploads\/sites\/11\/2026\/01\/jrga2tv-1.jpeg","width":800,"height":800},{"@type":"BreadcrumbList","@id":"https:\/\/mekulo.com\/se\/produkt\/osynligt-harspanne\/#breadcrumb","itemListElement":[{"@type":"ListItem","position":1,"name":"Home","item":"https:\/\/mekulo.com\/se\/"},{"@type":"ListItem","position":2,"name":"Butik","item":"https:\/\/mekulo.com\/se\/butik\/"},{"@type":"ListItem","position":3,"name":"Osynligt h\u00e5rsp\u00e4nne"}]},{"@type":"WebSite","@id":"https:\/\/mekulo.com\/se\/#website","url":"https:\/\/mekulo.com\/se\/","name":"Mekulo SE","description":"","publisher":{"@id":"https:\/\/mekulo.com\/se\/#organization"},"potentialAction":[{"@type":"SearchAction","target":{"@type":"EntryPoint","urlTemplate":"https:\/\/mekulo.com\/se\/?s={search_term_string}"},"query-input":{"@type":"PropertyValueSpecification","valueRequired":true,"valueName":"search_term_string"}}],"inLanguage":"sv-SE"},{"@type":"Organization","@id":"https:\/\/mekulo.com\/se\/#organization","name":"Mekulo","url":"https:\/\/mekulo.com\/se\/","logo":{"@type":"ImageObject","inLanguage":"sv-SE","@id":"https:\/\/mekulo.com\/se\/#\/schema\/logo\/image\/","url":"https:\/\/mekulo.com\/se\/wp-content\/uploads\/sites\/11\/2025\/12\/favicon_mekulo.png","contentUrl":"https:\/\/mekulo.com\/se\/wp-content\/uploads\/sites\/11\/2025\/12\/favicon_mekulo.png","width":50,"height":50,"caption":"Mekulo"},"image":{"@id":"https:\/\/mekulo.com\/se\/#\/schema\/logo\/image\/"}}]}},"_links":{"self":[{"href":"https:\/\/mekulo.com\/se\/wp-json\/wp\/v2\/product\/19860","targetHints":{"allow":["GET"]}}],"collection":[{"href":"https:\/\/mekulo.com\/se\/wp-json\/wp\/v2\/product"}],"about":[{"href":"https:\/\/mekulo.com\/se\/wp-json\/wp\/v2\/types\/product"}],"replies":[{"embeddable":true,"href":"https:\/\/mekulo.com\/se\/wp-json\/wp\/v2\/comments?post=19860"}],"wp:featuredmedia":[{"embeddable":true,"href":"https:\/\/mekulo.com\/se\/wp-json\/wp\/v2\/media\/19856"}],"wp:attachment":[{"href":"https:\/\/mekulo.com\/se\/wp-json\/wp\/v2\/media?parent=19860"}],"wp:term":[{"taxonomy":"product_brand","embeddable":true,"href":"https:\/\/mekulo.com\/se\/wp-json\/wp\/v2\/product_brand?post=19860"},{"taxonomy":"product_cat","embeddable":true,"href":"https:\/\/mekulo.com\/se\/wp-json\/wp\/v2\/product_cat?post=19860"},{"taxonomy":"product_tag","embeddable":true,"href":"https:\/\/mekulo.com\/se\/wp-json\/wp\/v2\/product_tag?post=19860"}],"curies":[{"name":"wp","href":"https:\/\/api.w.org\/{rel}","templated":true}]}}