{"id":19811,"date":"2026-01-28T16:57:44","date_gmt":"2026-01-28T14:57:44","guid":{"rendered":"https:\/\/mekulo.com\/se\/produkt\/2-i-1-spillsaker-mugg-for-mellanmal-och-dryck\/"},"modified":"2026-01-29T19:12:01","modified_gmt":"2026-01-29T17:12:01","slug":"2-i-1-spillsaker-mugg-for-mellanmal-och-dryck","status":"publish","type":"product","link":"https:\/\/mekulo.com\/se\/produkt\/2-i-1-spillsaker-mugg-for-mellanmal-och-dryck\/","title":{"rendered":"2-i-1 spills\u00e4ker mugg f\u00f6r mellanm\u00e5l och dryck"},"content":{"rendered":"<p style=\"text-align: center;\" data-start=\"108\" data-end=\"178\"><strong>Njut Av Snacks Och Dryck Samtidigt Med En Spills\u00e4ker Kopp. \ud83c\udf5f<\/strong><\/p>\n<p data-start=\"180\" data-end=\"483\"><img fetchpriority=\"high\" decoding=\"async\" class=\"size-full wp-image-22224 aligncenter\" src=\"https:\/\/mekulo.com\/template\/wp-content\/uploads\/sites\/6\/2026\/01\/S468da714e83e4079b3f4d99d06d64852a.webp\" alt=\"\" width=\"1000\" height=\"1000\" \/><\/p>\n<h2 style=\"text-align: center;\" data-start=\"485\" data-end=\"502\">Huvudsakliga f\u00f6rdelar\ud83e\udd64<\/h2>\n<p data-start=\"505\" data-end=\"556\">\ud83e\udd64 2-i-1-design &#8211; Drick och \u00e4t i en mugg.<\/p>\n<p data-start=\"559\" data-end=\"621\">\ud83c\udf7f Separata fack &#8211; H\u00e5ller snacks och drycker is\u00e4r.<\/p>\n<p data-start=\"624\" data-end=\"681\">\ud83d\udeab Spills\u00e4kert lock &#8211; Hj\u00e4lper till att f\u00f6rhindra l\u00e4ckage och kladd.<\/p>\n<p data-start=\"684\" data-end=\"740\">\ud83c\udf92 L\u00e4tt att b\u00e4ra &#8211; F\u00e4st den p\u00e5 din ryggs\u00e4ck eller v\u00e4ska.<\/p>\n<p data-start=\"743\" data-end=\"792\">\ud83d\ude97 Bilv\u00e4nlig &#8211; Passar de flesta muggh\u00e5llare i bilen.<\/p>\n<p data-start=\"795\" data-end=\"858\">\ud83c\udfac Perfekt f\u00f6r alla tillf\u00e4llen &#8211; Hem, bio, spel eller resor.<\/p>\n<p data-start=\"795\" data-end=\"858\"><img decoding=\"async\" class=\"size-full wp-image-22228 aligncenter\" src=\"https:\/\/mekulo.com\/template\/wp-content\/uploads\/sites\/6\/2026\/01\/8bb9645a-1fa2-4276-b2c0-bbdca7a13823.webp\" alt=\"\" width=\"679\" height=\"679\" \/><\/p>\n<h2 style=\"text-align: center;\" data-start=\"860\" data-end=\"874\">Hur Man Anv\u00e4nder \ud83d\udccc<\/h2>\n<ol data-start=\"875\" data-end=\"1133\">\n<li data-start=\"875\" data-end=\"925\">\n<p data-start=\"878\" data-end=\"925\">\u00d6ppna det \u00f6vre facket och l\u00e4gg i dina snacks.<\/p>\n<\/li>\n<li data-start=\"926\" data-end=\"967\">\n<p data-start=\"929\" data-end=\"967\">Fyll den nedre koppen med din dryck.<\/p>\n<\/li>\n<li data-start=\"968\" data-end=\"996\">\n<p data-start=\"971\" data-end=\"996\">St\u00e4ng locket ordentligt.<\/p>\n<\/li>\n<li data-start=\"997\" data-end=\"1057\">\n<p data-start=\"1000\" data-end=\"1057\">Anv\u00e4nd sugr\u00f6ret f\u00f6r att dricka och flip-top f\u00f6r att f\u00e5 tag i snacks.<\/p>\n<\/li>\n<li data-start=\"1058\" data-end=\"1133\">\n<p data-start=\"1061\" data-end=\"1133\">B\u00e4r den i handen, f\u00e4st den p\u00e5 din ryggs\u00e4ck eller placera den i en muggh\u00e5llare.<\/p>\n<\/li>\n<\/ol>\n<h2 style=\"text-align: center;\" data-start=\"1135\" data-end=\"1154\">Produktdetaljer \ud83d\udccf<\/h2>\n<ul data-start=\"1155\" data-end=\"1323\">\n<li data-start=\"1155\" data-end=\"1172\">\n<p data-start=\"1157\" data-end=\"1172\">Material: ABS<\/p>\n<\/li>\n<li data-start=\"1173\" data-end=\"1231\">\n<p data-start=\"1175\" data-end=\"1231\">Storlek: Cirka 12 x 12 x 29 cm<\/p>\n<\/li>\n<li data-start=\"1232\" data-end=\"1277\">\n<p data-start=\"1234\" data-end=\"1277\">Design: Separat sk\u00e5l f\u00f6r mellanm\u00e5l och dryckesmugg<\/p>\n<\/li>\n<li data-start=\"1278\" data-end=\"1323\">\n<p data-start=\"1280\" data-end=\"1323\">Lock: Sugr\u00f6rs\u00f6ppning och flip-top snackslock<\/p>\n<\/li>\n<li data-start=\"1278\" data-end=\"1323\">Kapacitet: 900 ml<\/li>\n<\/ul>\n<h2 style=\"text-align: center;\" data-start=\"1325\" data-end=\"1345\">Paketet inneh\u00e5ller \ud83d\udce6<\/h2>\n<ul data-start=\"1346\" data-end=\"1392\">\n<li data-start=\"1346\" data-end=\"1392\">\n<p data-start=\"1348\" data-end=\"1392\">1, 2 x 2-i-1 spills\u00e4ker snacks- och dryckeskopp\/s.<\/p>\n<\/li>\n<\/ul>\n","protected":false},"excerpt":{"rendered":"<p>\ud83c\udf79Med den h\u00e4r spills\u00e4kra 2-i-1-muggen f\u00f6r snacks och drycker kan du sippa p\u00e5 din favoritdryck och mumsa p\u00e5 snacks med bara en hand.<br \/>\n\ud83e\udd2fDen h\u00e5ller allt p\u00e5 ett st\u00e4lle s\u00e5 att du slipper spill, r\u00f6ra och b\u00e4ra flera beh\u00e5llare.<br \/>\n\ud83d\udeb6\u200d\u27a1\ufe0fPerfect f\u00f6r hektiska stunder n\u00e4r du vill ha komfort och bekv\u00e4mlighet utan att beh\u00f6va avbryta det du g\u00f6r.<\/p>\n","protected":false},"featured_media":19807,"comment_status":"open","ping_status":"closed","template":"","meta":{"site-sidebar-layout":"default","site-content-layout":"","ast-site-content-layout":"default","site-content-style":"default","site-sidebar-style":"default","ast-global-header-display":"","ast-banner-title-visibility":"","ast-main-header-display":"","ast-hfb-above-header-display":"","ast-hfb-below-header-display":"","ast-hfb-mobile-header-display":"","site-post-title":"","ast-breadcrumbs-content":"","ast-featured-img":"","footer-sml-layout":"","theme-transparent-header-meta":"default","adv-header-id-meta":"","stick-header-meta":"","header-above-stick-meta":"","header-main-stick-meta":"","header-below-stick-meta":"","astra-migrate-meta-layouts":"set","ast-page-background-enabled":"default","ast-page-background-meta":{"desktop":{"background-color":"var(--ast-global-color-5)","background-image":"","background-repeat":"repeat","background-position":"center center","background-size":"auto","background-attachment":"scroll","background-type":"","background-media":"","overlay-type":"","overlay-color":"","overlay-opacity":"","overlay-gradient":""},"tablet":{"background-color":"","background-image":"","background-repeat":"repeat","background-position":"center center","background-size":"auto","background-attachment":"scroll","background-type":"","background-media":"","overlay-type":"","overlay-color":"","overlay-opacity":"","overlay-gradient":""},"mobile":{"background-color":"","background-image":"","background-repeat":"repeat","background-position":"center center","background-size":"auto","background-attachment":"scroll","background-type":"","background-media":"","overlay-type":"","overlay-color":"","overlay-opacity":"","overlay-gradient":""}},"ast-content-background-meta":{"desktop":{"background-color":"var(--ast-global-color-4)","background-image":"","background-repeat":"repeat","background-position":"center center","background-size":"auto","background-attachment":"scroll","background-type":"","background-media":"","overlay-type":"","overlay-color":"","overlay-opacity":"","overlay-gradient":""},"tablet":{"background-color":"var(--ast-global-color-4)","background-image":"","background-repeat":"repeat","background-position":"center center","background-size":"auto","background-attachment":"scroll","background-type":"","background-media":"","overlay-type":"","overlay-color":"","overlay-opacity":"","overlay-gradient":""},"mobile":{"background-color":"var(--ast-global-color-4)","background-image":"","background-repeat":"repeat","background-position":"center center","background-size":"auto","background-attachment":"scroll","background-type":"","background-media":"","overlay-type":"","overlay-color":"","overlay-opacity":"","overlay-gradient":""}}},"product_brand":[],"product_cat":[168,165],"product_tag":[],"class_list":{"0":"post-19811","1":"product","2":"type-product","3":"status-publish","4":"has-post-thumbnail","6":"product_cat-hushallsartiklar","7":"product_cat-skor-accessoarer","8":"pa_52107_6zm1ud1x-1-st","9":"pa_52107_6zm1ud1x-2-st","10":"pa_52107_ugiwprlw-bla","11":"pa_52107_ugiwprlw-gron","12":"pa_52107_ugiwprlw-gul","13":"pa_52107_ugiwprlw-lila","14":"pa_52107_ugiwprlw-morkbla","15":"pa_52107_ugiwprlw-orange","16":"pa_52107_ugiwprlw-rod","17":"pa_52107_ugiwprlw-rosarod","18":"pa_52107_ugiwprlw-svart","19":"pa_52107_ugiwprlw-vit","20":"desktop-align-left","21":"tablet-align-left","22":"mobile-align-left","24":"first","25":"instock","26":"shipping-taxable","27":"purchasable","28":"product-type-variable","29":"has-default-attributes"},"yoast_head":"<!-- This site is optimized with the Yoast SEO plugin v26.6 - https:\/\/yoast.com\/wordpress\/plugins\/seo\/ -->\n<title>2-i-1 spills\u00e4ker mugg f\u00f6r mellanm\u00e5l och dryck - Mekulo SE<\/title>\n<meta name=\"robots\" content=\"index, follow, max-snippet:-1, max-image-preview:large, max-video-preview:-1\" \/>\n<link rel=\"canonical\" href=\"https:\/\/mekulo.com\/se\/produkt\/2-i-1-spillsaker-mugg-for-mellanmal-och-dryck\/\" \/>\n<meta property=\"og:locale\" content=\"sv_SE\" \/>\n<meta property=\"og:type\" content=\"article\" \/>\n<meta property=\"og:title\" content=\"2-i-1 spills\u00e4ker mugg f\u00f6r mellanm\u00e5l och dryck - Mekulo SE\" \/>\n<meta property=\"og:description\" content=\"\ud83c\udf79Med den h\u00e4r spills\u00e4kra 2-i-1-muggen f\u00f6r snacks och drycker kan du sippa p\u00e5 din favoritdryck och mumsa p\u00e5 snacks med bara en hand. \ud83e\udd2fDen h\u00e5ller allt p\u00e5 ett st\u00e4lle s\u00e5 att du slipper spill, r\u00f6ra och b\u00e4ra flera beh\u00e5llare. \ud83d\udeb6\u200d\u27a1\ufe0fPerfect f\u00f6r hektiska stunder n\u00e4r du vill ha komfort och bekv\u00e4mlighet utan att beh\u00f6va avbryta det du g\u00f6r.\" \/>\n<meta property=\"og:url\" content=\"https:\/\/mekulo.com\/se\/produkt\/2-i-1-spillsaker-mugg-for-mellanmal-och-dryck\/\" \/>\n<meta property=\"og:site_name\" content=\"Mekulo SE\" \/>\n<meta property=\"article:modified_time\" content=\"2026-01-29T17:12:01+00:00\" \/>\n<meta property=\"og:image\" content=\"https:\/\/mekulo.com\/se\/wp-content\/uploads\/sites\/11\/2026\/01\/ja6xu5j-1.webp\" \/>\n\t<meta property=\"og:image:width\" content=\"1001\" \/>\n\t<meta property=\"og:image:height\" content=\"1001\" \/>\n\t<meta property=\"og:image:type\" content=\"image\/webp\" \/>\n<meta name=\"twitter:card\" content=\"summary_large_image\" \/>\n<meta name=\"twitter:label1\" content=\"Ber\u00e4knad l\u00e4stid\" \/>\n\t<meta name=\"twitter:data1\" content=\"2 minuter\" \/>\n<script type=\"application\/ld+json\" class=\"yoast-schema-graph\">{\"@context\":\"https:\/\/schema.org\",\"@graph\":[{\"@type\":\"WebPage\",\"@id\":\"https:\/\/mekulo.com\/se\/produkt\/2-i-1-spillsaker-mugg-for-mellanmal-och-dryck\/\",\"url\":\"https:\/\/mekulo.com\/se\/produkt\/2-i-1-spillsaker-mugg-for-mellanmal-och-dryck\/\",\"name\":\"2-i-1 spills\u00e4ker mugg f\u00f6r mellanm\u00e5l och dryck - Mekulo SE\",\"isPartOf\":{\"@id\":\"https:\/\/mekulo.com\/se\/#website\"},\"primaryImageOfPage\":{\"@id\":\"https:\/\/mekulo.com\/se\/produkt\/2-i-1-spillsaker-mugg-for-mellanmal-och-dryck\/#primaryimage\"},\"image\":{\"@id\":\"https:\/\/mekulo.com\/se\/produkt\/2-i-1-spillsaker-mugg-for-mellanmal-och-dryck\/#primaryimage\"},\"thumbnailUrl\":\"https:\/\/mekulo.com\/se\/wp-content\/uploads\/sites\/11\/2026\/01\/ja6xu5j-1.webp\",\"datePublished\":\"2026-01-28T14:57:44+00:00\",\"dateModified\":\"2026-01-29T17:12:01+00:00\",\"breadcrumb\":{\"@id\":\"https:\/\/mekulo.com\/se\/produkt\/2-i-1-spillsaker-mugg-for-mellanmal-och-dryck\/#breadcrumb\"},\"inLanguage\":\"sv-SE\",\"potentialAction\":[{\"@type\":\"ReadAction\",\"target\":[\"https:\/\/mekulo.com\/se\/produkt\/2-i-1-spillsaker-mugg-for-mellanmal-och-dryck\/\"]}]},{\"@type\":\"ImageObject\",\"inLanguage\":\"sv-SE\",\"@id\":\"https:\/\/mekulo.com\/se\/produkt\/2-i-1-spillsaker-mugg-for-mellanmal-och-dryck\/#primaryimage\",\"url\":\"https:\/\/mekulo.com\/se\/wp-content\/uploads\/sites\/11\/2026\/01\/ja6xu5j-1.webp\",\"contentUrl\":\"https:\/\/mekulo.com\/se\/wp-content\/uploads\/sites\/11\/2026\/01\/ja6xu5j-1.webp\",\"width\":1001,\"height\":1001},{\"@type\":\"BreadcrumbList\",\"@id\":\"https:\/\/mekulo.com\/se\/produkt\/2-i-1-spillsaker-mugg-for-mellanmal-och-dryck\/#breadcrumb\",\"itemListElement\":[{\"@type\":\"ListItem\",\"position\":1,\"name\":\"Home\",\"item\":\"https:\/\/mekulo.com\/se\/\"},{\"@type\":\"ListItem\",\"position\":2,\"name\":\"Butik\",\"item\":\"https:\/\/mekulo.com\/se\/butik\/\"},{\"@type\":\"ListItem\",\"position\":3,\"name\":\"2-i-1 spills\u00e4ker mugg f\u00f6r mellanm\u00e5l och dryck\"}]},{\"@type\":\"WebSite\",\"@id\":\"https:\/\/mekulo.com\/se\/#website\",\"url\":\"https:\/\/mekulo.com\/se\/\",\"name\":\"Mekulo SE\",\"description\":\"\",\"publisher\":{\"@id\":\"https:\/\/mekulo.com\/se\/#organization\"},\"potentialAction\":[{\"@type\":\"SearchAction\",\"target\":{\"@type\":\"EntryPoint\",\"urlTemplate\":\"https:\/\/mekulo.com\/se\/?s={search_term_string}\"},\"query-input\":{\"@type\":\"PropertyValueSpecification\",\"valueRequired\":true,\"valueName\":\"search_term_string\"}}],\"inLanguage\":\"sv-SE\"},{\"@type\":\"Organization\",\"@id\":\"https:\/\/mekulo.com\/se\/#organization\",\"name\":\"Mekulo\",\"url\":\"https:\/\/mekulo.com\/se\/\",\"logo\":{\"@type\":\"ImageObject\",\"inLanguage\":\"sv-SE\",\"@id\":\"https:\/\/mekulo.com\/se\/#\/schema\/logo\/image\/\",\"url\":\"https:\/\/mekulo.com\/se\/wp-content\/uploads\/sites\/11\/2025\/12\/favicon_mekulo.png\",\"contentUrl\":\"https:\/\/mekulo.com\/se\/wp-content\/uploads\/sites\/11\/2025\/12\/favicon_mekulo.png\",\"width\":50,\"height\":50,\"caption\":\"Mekulo\"},\"image\":{\"@id\":\"https:\/\/mekulo.com\/se\/#\/schema\/logo\/image\/\"}}]}<\/script>\n<!-- \/ Yoast SEO plugin. -->","yoast_head_json":{"title":"2-i-1 spills\u00e4ker mugg f\u00f6r mellanm\u00e5l och dryck - Mekulo SE","robots":{"index":"index","follow":"follow","max-snippet":"max-snippet:-1","max-image-preview":"max-image-preview:large","max-video-preview":"max-video-preview:-1"},"canonical":"https:\/\/mekulo.com\/se\/produkt\/2-i-1-spillsaker-mugg-for-mellanmal-och-dryck\/","og_locale":"sv_SE","og_type":"article","og_title":"2-i-1 spills\u00e4ker mugg f\u00f6r mellanm\u00e5l och dryck - Mekulo SE","og_description":"\ud83c\udf79Med den h\u00e4r spills\u00e4kra 2-i-1-muggen f\u00f6r snacks och drycker kan du sippa p\u00e5 din favoritdryck och mumsa p\u00e5 snacks med bara en hand. \ud83e\udd2fDen h\u00e5ller allt p\u00e5 ett st\u00e4lle s\u00e5 att du slipper spill, r\u00f6ra och b\u00e4ra flera beh\u00e5llare. \ud83d\udeb6\u200d\u27a1\ufe0fPerfect f\u00f6r hektiska stunder n\u00e4r du vill ha komfort och bekv\u00e4mlighet utan att beh\u00f6va avbryta det du g\u00f6r.","og_url":"https:\/\/mekulo.com\/se\/produkt\/2-i-1-spillsaker-mugg-for-mellanmal-och-dryck\/","og_site_name":"Mekulo SE","article_modified_time":"2026-01-29T17:12:01+00:00","og_image":[{"width":1001,"height":1001,"url":"https:\/\/mekulo.com\/se\/wp-content\/uploads\/sites\/11\/2026\/01\/ja6xu5j-1.webp","type":"image\/webp"}],"twitter_card":"summary_large_image","twitter_misc":{"Ber\u00e4knad l\u00e4stid":"2 minuter"},"schema":{"@context":"https:\/\/schema.org","@graph":[{"@type":"WebPage","@id":"https:\/\/mekulo.com\/se\/produkt\/2-i-1-spillsaker-mugg-for-mellanmal-och-dryck\/","url":"https:\/\/mekulo.com\/se\/produkt\/2-i-1-spillsaker-mugg-for-mellanmal-och-dryck\/","name":"2-i-1 spills\u00e4ker mugg f\u00f6r mellanm\u00e5l och dryck - Mekulo SE","isPartOf":{"@id":"https:\/\/mekulo.com\/se\/#website"},"primaryImageOfPage":{"@id":"https:\/\/mekulo.com\/se\/produkt\/2-i-1-spillsaker-mugg-for-mellanmal-och-dryck\/#primaryimage"},"image":{"@id":"https:\/\/mekulo.com\/se\/produkt\/2-i-1-spillsaker-mugg-for-mellanmal-och-dryck\/#primaryimage"},"thumbnailUrl":"https:\/\/mekulo.com\/se\/wp-content\/uploads\/sites\/11\/2026\/01\/ja6xu5j-1.webp","datePublished":"2026-01-28T14:57:44+00:00","dateModified":"2026-01-29T17:12:01+00:00","breadcrumb":{"@id":"https:\/\/mekulo.com\/se\/produkt\/2-i-1-spillsaker-mugg-for-mellanmal-och-dryck\/#breadcrumb"},"inLanguage":"sv-SE","potentialAction":[{"@type":"ReadAction","target":["https:\/\/mekulo.com\/se\/produkt\/2-i-1-spillsaker-mugg-for-mellanmal-och-dryck\/"]}]},{"@type":"ImageObject","inLanguage":"sv-SE","@id":"https:\/\/mekulo.com\/se\/produkt\/2-i-1-spillsaker-mugg-for-mellanmal-och-dryck\/#primaryimage","url":"https:\/\/mekulo.com\/se\/wp-content\/uploads\/sites\/11\/2026\/01\/ja6xu5j-1.webp","contentUrl":"https:\/\/mekulo.com\/se\/wp-content\/uploads\/sites\/11\/2026\/01\/ja6xu5j-1.webp","width":1001,"height":1001},{"@type":"BreadcrumbList","@id":"https:\/\/mekulo.com\/se\/produkt\/2-i-1-spillsaker-mugg-for-mellanmal-och-dryck\/#breadcrumb","itemListElement":[{"@type":"ListItem","position":1,"name":"Home","item":"https:\/\/mekulo.com\/se\/"},{"@type":"ListItem","position":2,"name":"Butik","item":"https:\/\/mekulo.com\/se\/butik\/"},{"@type":"ListItem","position":3,"name":"2-i-1 spills\u00e4ker mugg f\u00f6r mellanm\u00e5l och dryck"}]},{"@type":"WebSite","@id":"https:\/\/mekulo.com\/se\/#website","url":"https:\/\/mekulo.com\/se\/","name":"Mekulo SE","description":"","publisher":{"@id":"https:\/\/mekulo.com\/se\/#organization"},"potentialAction":[{"@type":"SearchAction","target":{"@type":"EntryPoint","urlTemplate":"https:\/\/mekulo.com\/se\/?s={search_term_string}"},"query-input":{"@type":"PropertyValueSpecification","valueRequired":true,"valueName":"search_term_string"}}],"inLanguage":"sv-SE"},{"@type":"Organization","@id":"https:\/\/mekulo.com\/se\/#organization","name":"Mekulo","url":"https:\/\/mekulo.com\/se\/","logo":{"@type":"ImageObject","inLanguage":"sv-SE","@id":"https:\/\/mekulo.com\/se\/#\/schema\/logo\/image\/","url":"https:\/\/mekulo.com\/se\/wp-content\/uploads\/sites\/11\/2025\/12\/favicon_mekulo.png","contentUrl":"https:\/\/mekulo.com\/se\/wp-content\/uploads\/sites\/11\/2025\/12\/favicon_mekulo.png","width":50,"height":50,"caption":"Mekulo"},"image":{"@id":"https:\/\/mekulo.com\/se\/#\/schema\/logo\/image\/"}}]}},"_links":{"self":[{"href":"https:\/\/mekulo.com\/se\/wp-json\/wp\/v2\/product\/19811","targetHints":{"allow":["GET"]}}],"collection":[{"href":"https:\/\/mekulo.com\/se\/wp-json\/wp\/v2\/product"}],"about":[{"href":"https:\/\/mekulo.com\/se\/wp-json\/wp\/v2\/types\/product"}],"replies":[{"embeddable":true,"href":"https:\/\/mekulo.com\/se\/wp-json\/wp\/v2\/comments?post=19811"}],"wp:featuredmedia":[{"embeddable":true,"href":"https:\/\/mekulo.com\/se\/wp-json\/wp\/v2\/media\/19807"}],"wp:attachment":[{"href":"https:\/\/mekulo.com\/se\/wp-json\/wp\/v2\/media?parent=19811"}],"wp:term":[{"taxonomy":"product_brand","embeddable":true,"href":"https:\/\/mekulo.com\/se\/wp-json\/wp\/v2\/product_brand?post=19811"},{"taxonomy":"product_cat","embeddable":true,"href":"https:\/\/mekulo.com\/se\/wp-json\/wp\/v2\/product_cat?post=19811"},{"taxonomy":"product_tag","embeddable":true,"href":"https:\/\/mekulo.com\/se\/wp-json\/wp\/v2\/product_tag?post=19811"}],"curies":[{"name":"wp","href":"https:\/\/api.w.org\/{rel}","templated":true}]}}