{"id":19790,"date":"2026-01-28T16:55:32","date_gmt":"2026-01-28T14:55:32","guid":{"rendered":"https:\/\/mekulo.com\/se\/produkt\/talt-for-husdjur\/"},"modified":"2026-01-29T19:10:09","modified_gmt":"2026-01-29T17:10:09","slug":"talt-for-husdjur","status":"publish","type":"product","link":"https:\/\/mekulo.com\/se\/produkt\/talt-for-husdjur\/","title":{"rendered":"T\u00e4lt f\u00f6r husdjur"},"content":{"rendered":"<p style=\"text-align: center;\" data-start=\"14\" data-end=\"82\"><strong data-start=\"14\" data-end=\"82\">Ett mysigt och s\u00e4kert g\u00f6mst\u00e4lle som h\u00e5ller ditt husdjur varmt och avslappnat. \ud83d\udc31<\/strong><\/p>\n<p data-start=\"14\" data-end=\"82\"><img decoding=\"async\" class=\"size-full wp-image-22208 aligncenter\" src=\"https:\/\/mekulo.com\/template\/wp-content\/uploads\/sites\/6\/2026\/01\/190cb0da4197b016db80445f17f9ddfdd60bbcf0.avif\" alt=\"\" \/><\/p>\n<h2 style=\"text-align: center;\" data-start=\"559\" data-end=\"576\"><strong>Huvudsakliga f\u00f6rdelar\ud83d\udc08<\/strong><\/h2>\n<p data-start=\"578\" data-end=\"669\">\ud83d\udc3e Varm och mysig interi\u00f6r &#8211; Mjuk fleece och tjock stoppning h\u00e5ller husdjur varma och bekv\u00e4ma.<\/p>\n<p data-start=\"671\" data-end=\"751\">\ud83c\udfe0 Halvsluten design &#8211; Skapar ett privat utrymme som hj\u00e4lper husdjur att k\u00e4nna sig trygga.<\/p>\n<p data-start=\"753\" data-end=\"832\">\ud83e\uddfc Avtagbar och tv\u00e4ttbar botten &#8211; Dragkedja i botten g\u00f6r det enkelt att tv\u00e4tta i maskin.<\/p>\n<p data-start=\"834\" data-end=\"915\">\ud83e\uddf2 Halkfri botten &#8211; Oxfordbotten hj\u00e4lper till att h\u00e5lla t\u00e4ltet stabilt p\u00e5 sl\u00e4ta golv.<\/p>\n<p data-start=\"917\" data-end=\"1001\">\ud83c\udf2c Andningsbar struktur &#8211; Fr\u00e4mjar luftfl\u00f6det f\u00f6r en fr\u00e4sch och behaglig milj\u00f6.<\/p>\n<p data-start=\"917\" data-end=\"1001\"><img fetchpriority=\"high\" decoding=\"async\" class=\"size-full wp-image-22210 aligncenter\" src=\"https:\/\/mekulo.com\/template\/wp-content\/uploads\/sites\/6\/2026\/01\/S72c1d91ce016483b8e59e6b97f62542c3.webp\" alt=\"\" width=\"1200\" height=\"1200\" \/><\/p>\n<h2 style=\"text-align: center;\" data-start=\"1008\" data-end=\"1022\"><strong>Hur Man Anv\u00e4nder \ud83d\udccc<\/strong><\/h2>\n<ol data-start=\"1024\" data-end=\"1235\">\n<li data-start=\"1024\" data-end=\"1073\">\n<p data-start=\"1027\" data-end=\"1073\">Placera husdjurst\u00e4ltet p\u00e5 en plan inomhusyta.<\/p>\n<\/li>\n<li data-start=\"1074\" data-end=\"1128\">\n<p data-start=\"1077\" data-end=\"1128\">L\u00e5t ditt husdjur komma in fritt genom den \u00f6ppna fronten.<\/p>\n<\/li>\n<li data-start=\"1129\" data-end=\"1180\">\n<p data-start=\"1132\" data-end=\"1180\">Ta bort bottendynan n\u00e4r reng\u00f6ring beh\u00f6vs.<\/p>\n<\/li>\n<li data-start=\"1181\" data-end=\"1235\">\n<p data-start=\"1184\" data-end=\"1235\">Maskintv\u00e4tta dynan och s\u00e4tt ihop den igen efter torkning.<\/p>\n<\/li>\n<\/ol>\n<h2 style=\"text-align: center;\" data-start=\"1242\" data-end=\"1261\"><strong>Produktdetaljer \ud83d\udccf<\/strong><\/h2>\n<ul data-start=\"1263\" data-end=\"1534\">\n<li data-start=\"1263\" data-end=\"1314\">\n<p data-start=\"1265\" data-end=\"1314\">Material: Fleece + PP-bomull + polyestertyg<\/p>\n<\/li>\n<li data-start=\"1315\" data-end=\"1348\">\n<p data-start=\"1317\" data-end=\"1348\">Botten: Halkfri Oxfordduk<\/p>\n<\/li>\n<li data-start=\"1349\" data-end=\"1400\">\n<p data-start=\"1351\" data-end=\"1400\">Design: Semi-sluten med andningsbar struktur<\/p>\n<\/li>\n<li data-start=\"1401\" data-end=\"1445\">\n<p data-start=\"1403\" data-end=\"1445\">L\u00e4mplig f\u00f6r: Inomhuskatter och sm\u00e5 hundar<\/p>\n<\/li>\n<li data-start=\"1485\" data-end=\"1534\">\n<p data-start=\"1487\" data-end=\"1534\">Reng\u00f6ring: Avtagbar och maskintv\u00e4ttbar botten<\/p>\n<\/li>\n<li data-start=\"1485\" data-end=\"1534\">Storlek: S (3 kg) (35 x 35 x 30 cm) , M (5 kg) (40 x 40 x 35 cm), L (7,5 kg) (50 x 50 x 45 cm)<\/li>\n<\/ul>\n<h2 style=\"text-align: center;\" data-start=\"1541\" data-end=\"1561\"><strong>I Paketet ing\u00e5r \ud83d\udce6<\/strong><\/h2>\n<ul data-start=\"1563\" data-end=\"1579\">\n<li data-start=\"1563\" data-end=\"1579\">\n<p data-start=\"1565\" data-end=\"1579\">1x husdjurst\u00e4lt.<\/p>\n<\/li>\n<\/ul>\n","protected":false},"excerpt":{"rendered":"<p>\ud83d\udc08\u200d\u2b1bDetta husdjurst\u00e4lt skapar ett mjukt, halvslutet utrymme d\u00e4r katter och sm\u00e5 hundar kan vila bekv\u00e4mt.<br \/>\n\u26faDet ger v\u00e4rme, avskildhet och en s\u00e4ker plats f\u00f6r ditt husdjur att sova och k\u00e4nna sig lugn inomhus.<br \/>\n\ud83d\udca4Den halvslutna designen ger husdjur en k\u00e4nsla av s\u00e4kerhet utan att k\u00e4nna sig inst\u00e4ngd. Den \u00e4r perfekt f\u00f6r dagliga tupplurar, natts\u00f6mn eller lugn avkoppling.<\/p>\n","protected":false},"featured_media":19786,"comment_status":"open","ping_status":"closed","template":"","meta":{"site-sidebar-layout":"default","site-content-layout":"","ast-site-content-layout":"default","site-content-style":"default","site-sidebar-style":"default","ast-global-header-display":"","ast-banner-title-visibility":"","ast-main-header-display":"","ast-hfb-above-header-display":"","ast-hfb-below-header-display":"","ast-hfb-mobile-header-display":"","site-post-title":"","ast-breadcrumbs-content":"","ast-featured-img":"","footer-sml-layout":"","theme-transparent-header-meta":"default","adv-header-id-meta":"","stick-header-meta":"","header-above-stick-meta":"","header-main-stick-meta":"","header-below-stick-meta":"","astra-migrate-meta-layouts":"set","ast-page-background-enabled":"default","ast-page-background-meta":{"desktop":{"background-color":"var(--ast-global-color-5)","background-image":"","background-repeat":"repeat","background-position":"center center","background-size":"auto","background-attachment":"scroll","background-type":"","background-media":"","overlay-type":"","overlay-color":"","overlay-opacity":"","overlay-gradient":""},"tablet":{"background-color":"","background-image":"","background-repeat":"repeat","background-position":"center center","background-size":"auto","background-attachment":"scroll","background-type":"","background-media":"","overlay-type":"","overlay-color":"","overlay-opacity":"","overlay-gradient":""},"mobile":{"background-color":"","background-image":"","background-repeat":"repeat","background-position":"center center","background-size":"auto","background-attachment":"scroll","background-type":"","background-media":"","overlay-type":"","overlay-color":"","overlay-opacity":"","overlay-gradient":""}},"ast-content-background-meta":{"desktop":{"background-color":"var(--ast-global-color-4)","background-image":"","background-repeat":"repeat","background-position":"center center","background-size":"auto","background-attachment":"scroll","background-type":"","background-media":"","overlay-type":"","overlay-color":"","overlay-opacity":"","overlay-gradient":""},"tablet":{"background-color":"var(--ast-global-color-4)","background-image":"","background-repeat":"repeat","background-position":"center center","background-size":"auto","background-attachment":"scroll","background-type":"","background-media":"","overlay-type":"","overlay-color":"","overlay-opacity":"","overlay-gradient":""},"mobile":{"background-color":"var(--ast-global-color-4)","background-image":"","background-repeat":"repeat","background-position":"center center","background-size":"auto","background-attachment":"scroll","background-type":"","background-media":"","overlay-type":"","overlay-color":"","overlay-opacity":"","overlay-gradient":""}}},"product_brand":[],"product_cat":[169],"product_tag":[],"class_list":{"0":"post-19790","1":"product","2":"type-product","3":"status-publish","4":"has-post-thumbnail","6":"product_cat-husdjursprodukter","7":"pa_51988_nq8jqfgi-gron","8":"pa_51988_nq8jqfgi-vit","9":"pa_51988_o8debm5w-l","10":"pa_51988_o8debm5w-m","11":"pa_51988_o8debm5w-s","12":"desktop-align-left","13":"tablet-align-left","14":"mobile-align-left","16":"first","17":"instock","18":"shipping-taxable","19":"purchasable","20":"product-type-variable","21":"has-default-attributes"},"yoast_head":"<!-- This site is optimized with the Yoast SEO plugin v26.6 - https:\/\/yoast.com\/wordpress\/plugins\/seo\/ -->\n<title>T\u00e4lt f\u00f6r husdjur - Mekulo SE<\/title>\n<meta name=\"robots\" content=\"index, follow, max-snippet:-1, max-image-preview:large, max-video-preview:-1\" \/>\n<link rel=\"canonical\" href=\"https:\/\/mekulo.com\/se\/produkt\/talt-for-husdjur\/\" \/>\n<meta property=\"og:locale\" content=\"sv_SE\" \/>\n<meta property=\"og:type\" content=\"article\" \/>\n<meta property=\"og:title\" content=\"T\u00e4lt f\u00f6r husdjur - Mekulo SE\" \/>\n<meta property=\"og:description\" content=\"\ud83d\udc08\u200d\u2b1bDetta husdjurst\u00e4lt skapar ett mjukt, halvslutet utrymme d\u00e4r katter och sm\u00e5 hundar kan vila bekv\u00e4mt. \u26faDet ger v\u00e4rme, avskildhet och en s\u00e4ker plats f\u00f6r ditt husdjur att sova och k\u00e4nna sig lugn inomhus. \ud83d\udca4Den halvslutna designen ger husdjur en k\u00e4nsla av s\u00e4kerhet utan att k\u00e4nna sig inst\u00e4ngd. Den \u00e4r perfekt f\u00f6r dagliga tupplurar, natts\u00f6mn eller lugn avkoppling.\" \/>\n<meta property=\"og:url\" content=\"https:\/\/mekulo.com\/se\/produkt\/talt-for-husdjur\/\" \/>\n<meta property=\"og:site_name\" content=\"Mekulo SE\" \/>\n<meta property=\"article:modified_time\" content=\"2026-01-29T17:10:09+00:00\" \/>\n<meta property=\"og:image\" content=\"https:\/\/mekulo.com\/se\/wp-content\/uploads\/sites\/11\/2026\/01\/fhln0bj-1.jpg\" \/>\n\t<meta property=\"og:image:width\" content=\"700\" \/>\n\t<meta property=\"og:image:height\" content=\"700\" \/>\n\t<meta property=\"og:image:type\" content=\"image\/jpeg\" \/>\n<meta name=\"twitter:card\" content=\"summary_large_image\" \/>\n<meta name=\"twitter:label1\" content=\"Ber\u00e4knad l\u00e4stid\" \/>\n\t<meta name=\"twitter:data1\" content=\"2 minuter\" \/>\n<script type=\"application\/ld+json\" class=\"yoast-schema-graph\">{\"@context\":\"https:\/\/schema.org\",\"@graph\":[{\"@type\":\"WebPage\",\"@id\":\"https:\/\/mekulo.com\/se\/produkt\/talt-for-husdjur\/\",\"url\":\"https:\/\/mekulo.com\/se\/produkt\/talt-for-husdjur\/\",\"name\":\"T\u00e4lt f\u00f6r husdjur - Mekulo SE\",\"isPartOf\":{\"@id\":\"https:\/\/mekulo.com\/se\/#website\"},\"primaryImageOfPage\":{\"@id\":\"https:\/\/mekulo.com\/se\/produkt\/talt-for-husdjur\/#primaryimage\"},\"image\":{\"@id\":\"https:\/\/mekulo.com\/se\/produkt\/talt-for-husdjur\/#primaryimage\"},\"thumbnailUrl\":\"https:\/\/mekulo.com\/se\/wp-content\/uploads\/sites\/11\/2026\/01\/fhln0bj-1.jpg\",\"datePublished\":\"2026-01-28T14:55:32+00:00\",\"dateModified\":\"2026-01-29T17:10:09+00:00\",\"breadcrumb\":{\"@id\":\"https:\/\/mekulo.com\/se\/produkt\/talt-for-husdjur\/#breadcrumb\"},\"inLanguage\":\"sv-SE\",\"potentialAction\":[{\"@type\":\"ReadAction\",\"target\":[\"https:\/\/mekulo.com\/se\/produkt\/talt-for-husdjur\/\"]}]},{\"@type\":\"ImageObject\",\"inLanguage\":\"sv-SE\",\"@id\":\"https:\/\/mekulo.com\/se\/produkt\/talt-for-husdjur\/#primaryimage\",\"url\":\"https:\/\/mekulo.com\/se\/wp-content\/uploads\/sites\/11\/2026\/01\/fhln0bj-1.jpg\",\"contentUrl\":\"https:\/\/mekulo.com\/se\/wp-content\/uploads\/sites\/11\/2026\/01\/fhln0bj-1.jpg\",\"width\":700,\"height\":700},{\"@type\":\"BreadcrumbList\",\"@id\":\"https:\/\/mekulo.com\/se\/produkt\/talt-for-husdjur\/#breadcrumb\",\"itemListElement\":[{\"@type\":\"ListItem\",\"position\":1,\"name\":\"Home\",\"item\":\"https:\/\/mekulo.com\/se\/\"},{\"@type\":\"ListItem\",\"position\":2,\"name\":\"Butik\",\"item\":\"https:\/\/mekulo.com\/se\/butik\/\"},{\"@type\":\"ListItem\",\"position\":3,\"name\":\"T\u00e4lt f\u00f6r husdjur\"}]},{\"@type\":\"WebSite\",\"@id\":\"https:\/\/mekulo.com\/se\/#website\",\"url\":\"https:\/\/mekulo.com\/se\/\",\"name\":\"Mekulo SE\",\"description\":\"\",\"publisher\":{\"@id\":\"https:\/\/mekulo.com\/se\/#organization\"},\"potentialAction\":[{\"@type\":\"SearchAction\",\"target\":{\"@type\":\"EntryPoint\",\"urlTemplate\":\"https:\/\/mekulo.com\/se\/?s={search_term_string}\"},\"query-input\":{\"@type\":\"PropertyValueSpecification\",\"valueRequired\":true,\"valueName\":\"search_term_string\"}}],\"inLanguage\":\"sv-SE\"},{\"@type\":\"Organization\",\"@id\":\"https:\/\/mekulo.com\/se\/#organization\",\"name\":\"Mekulo\",\"url\":\"https:\/\/mekulo.com\/se\/\",\"logo\":{\"@type\":\"ImageObject\",\"inLanguage\":\"sv-SE\",\"@id\":\"https:\/\/mekulo.com\/se\/#\/schema\/logo\/image\/\",\"url\":\"https:\/\/mekulo.com\/se\/wp-content\/uploads\/sites\/11\/2025\/12\/favicon_mekulo.png\",\"contentUrl\":\"https:\/\/mekulo.com\/se\/wp-content\/uploads\/sites\/11\/2025\/12\/favicon_mekulo.png\",\"width\":50,\"height\":50,\"caption\":\"Mekulo\"},\"image\":{\"@id\":\"https:\/\/mekulo.com\/se\/#\/schema\/logo\/image\/\"}}]}<\/script>\n<!-- \/ Yoast SEO plugin. -->","yoast_head_json":{"title":"T\u00e4lt f\u00f6r husdjur - Mekulo SE","robots":{"index":"index","follow":"follow","max-snippet":"max-snippet:-1","max-image-preview":"max-image-preview:large","max-video-preview":"max-video-preview:-1"},"canonical":"https:\/\/mekulo.com\/se\/produkt\/talt-for-husdjur\/","og_locale":"sv_SE","og_type":"article","og_title":"T\u00e4lt f\u00f6r husdjur - Mekulo SE","og_description":"\ud83d\udc08\u200d\u2b1bDetta husdjurst\u00e4lt skapar ett mjukt, halvslutet utrymme d\u00e4r katter och sm\u00e5 hundar kan vila bekv\u00e4mt. \u26faDet ger v\u00e4rme, avskildhet och en s\u00e4ker plats f\u00f6r ditt husdjur att sova och k\u00e4nna sig lugn inomhus. \ud83d\udca4Den halvslutna designen ger husdjur en k\u00e4nsla av s\u00e4kerhet utan att k\u00e4nna sig inst\u00e4ngd. Den \u00e4r perfekt f\u00f6r dagliga tupplurar, natts\u00f6mn eller lugn avkoppling.","og_url":"https:\/\/mekulo.com\/se\/produkt\/talt-for-husdjur\/","og_site_name":"Mekulo SE","article_modified_time":"2026-01-29T17:10:09+00:00","og_image":[{"width":700,"height":700,"url":"https:\/\/mekulo.com\/se\/wp-content\/uploads\/sites\/11\/2026\/01\/fhln0bj-1.jpg","type":"image\/jpeg"}],"twitter_card":"summary_large_image","twitter_misc":{"Ber\u00e4knad l\u00e4stid":"2 minuter"},"schema":{"@context":"https:\/\/schema.org","@graph":[{"@type":"WebPage","@id":"https:\/\/mekulo.com\/se\/produkt\/talt-for-husdjur\/","url":"https:\/\/mekulo.com\/se\/produkt\/talt-for-husdjur\/","name":"T\u00e4lt f\u00f6r husdjur - Mekulo SE","isPartOf":{"@id":"https:\/\/mekulo.com\/se\/#website"},"primaryImageOfPage":{"@id":"https:\/\/mekulo.com\/se\/produkt\/talt-for-husdjur\/#primaryimage"},"image":{"@id":"https:\/\/mekulo.com\/se\/produkt\/talt-for-husdjur\/#primaryimage"},"thumbnailUrl":"https:\/\/mekulo.com\/se\/wp-content\/uploads\/sites\/11\/2026\/01\/fhln0bj-1.jpg","datePublished":"2026-01-28T14:55:32+00:00","dateModified":"2026-01-29T17:10:09+00:00","breadcrumb":{"@id":"https:\/\/mekulo.com\/se\/produkt\/talt-for-husdjur\/#breadcrumb"},"inLanguage":"sv-SE","potentialAction":[{"@type":"ReadAction","target":["https:\/\/mekulo.com\/se\/produkt\/talt-for-husdjur\/"]}]},{"@type":"ImageObject","inLanguage":"sv-SE","@id":"https:\/\/mekulo.com\/se\/produkt\/talt-for-husdjur\/#primaryimage","url":"https:\/\/mekulo.com\/se\/wp-content\/uploads\/sites\/11\/2026\/01\/fhln0bj-1.jpg","contentUrl":"https:\/\/mekulo.com\/se\/wp-content\/uploads\/sites\/11\/2026\/01\/fhln0bj-1.jpg","width":700,"height":700},{"@type":"BreadcrumbList","@id":"https:\/\/mekulo.com\/se\/produkt\/talt-for-husdjur\/#breadcrumb","itemListElement":[{"@type":"ListItem","position":1,"name":"Home","item":"https:\/\/mekulo.com\/se\/"},{"@type":"ListItem","position":2,"name":"Butik","item":"https:\/\/mekulo.com\/se\/butik\/"},{"@type":"ListItem","position":3,"name":"T\u00e4lt f\u00f6r husdjur"}]},{"@type":"WebSite","@id":"https:\/\/mekulo.com\/se\/#website","url":"https:\/\/mekulo.com\/se\/","name":"Mekulo SE","description":"","publisher":{"@id":"https:\/\/mekulo.com\/se\/#organization"},"potentialAction":[{"@type":"SearchAction","target":{"@type":"EntryPoint","urlTemplate":"https:\/\/mekulo.com\/se\/?s={search_term_string}"},"query-input":{"@type":"PropertyValueSpecification","valueRequired":true,"valueName":"search_term_string"}}],"inLanguage":"sv-SE"},{"@type":"Organization","@id":"https:\/\/mekulo.com\/se\/#organization","name":"Mekulo","url":"https:\/\/mekulo.com\/se\/","logo":{"@type":"ImageObject","inLanguage":"sv-SE","@id":"https:\/\/mekulo.com\/se\/#\/schema\/logo\/image\/","url":"https:\/\/mekulo.com\/se\/wp-content\/uploads\/sites\/11\/2025\/12\/favicon_mekulo.png","contentUrl":"https:\/\/mekulo.com\/se\/wp-content\/uploads\/sites\/11\/2025\/12\/favicon_mekulo.png","width":50,"height":50,"caption":"Mekulo"},"image":{"@id":"https:\/\/mekulo.com\/se\/#\/schema\/logo\/image\/"}}]}},"_links":{"self":[{"href":"https:\/\/mekulo.com\/se\/wp-json\/wp\/v2\/product\/19790","targetHints":{"allow":["GET"]}}],"collection":[{"href":"https:\/\/mekulo.com\/se\/wp-json\/wp\/v2\/product"}],"about":[{"href":"https:\/\/mekulo.com\/se\/wp-json\/wp\/v2\/types\/product"}],"replies":[{"embeddable":true,"href":"https:\/\/mekulo.com\/se\/wp-json\/wp\/v2\/comments?post=19790"}],"wp:featuredmedia":[{"embeddable":true,"href":"https:\/\/mekulo.com\/se\/wp-json\/wp\/v2\/media\/19786"}],"wp:attachment":[{"href":"https:\/\/mekulo.com\/se\/wp-json\/wp\/v2\/media?parent=19790"}],"wp:term":[{"taxonomy":"product_brand","embeddable":true,"href":"https:\/\/mekulo.com\/se\/wp-json\/wp\/v2\/product_brand?post=19790"},{"taxonomy":"product_cat","embeddable":true,"href":"https:\/\/mekulo.com\/se\/wp-json\/wp\/v2\/product_cat?post=19790"},{"taxonomy":"product_tag","embeddable":true,"href":"https:\/\/mekulo.com\/se\/wp-json\/wp\/v2\/product_tag?post=19790"}],"curies":[{"name":"wp","href":"https:\/\/api.w.org\/{rel}","templated":true}]}}