{"id":19755,"date":"2026-01-28T16:53:06","date_gmt":"2026-01-28T14:53:06","guid":{"rendered":"https:\/\/mekulo.com\/se\/produkt\/stadassistent-for-kapslar\/"},"modified":"2026-01-29T19:06:49","modified_gmt":"2026-01-29T17:06:49","slug":"stadassistent-for-kapslar","status":"publish","type":"product","link":"https:\/\/mekulo.com\/se\/produkt\/stadassistent-for-kapslar\/","title":{"rendered":"St\u00e4dassistent f\u00f6r kapslar"},"content":{"rendered":"<p style=\"text-align: center;\" data-start=\"29\" data-end=\"83\"><strong data-start=\"29\" data-end=\"83\">Reng\u00f6r dina kepsar p\u00e5 ett s\u00e4kert s\u00e4tt utan att de f\u00f6rlorar sin form. \ud83e\uddfc<\/strong><\/p>\n<p data-start=\"29\" data-end=\"83\"><img fetchpriority=\"high\" decoding=\"async\" class=\"size-full wp-image-22158 aligncenter\" src=\"https:\/\/mekulo.com\/template\/wp-content\/uploads\/sites\/6\/2026\/01\/89b74173fabb51740ae72c40c7dd20dbe63f121d-700.png\" alt=\"\" width=\"679\" height=\"732\" \/><\/p>\n<h2 style=\"text-align: center;\" data-start=\"529\" data-end=\"546\"><strong>Huvudsakliga f\u00f6rdelar\ud83e\udde2<\/strong><\/h2>\n<p data-start=\"548\" data-end=\"622\">\ud83e\udde2 Formskydd &#8211; Hindrar kanter och kronor fr\u00e5n att b\u00f6jas eller krossas.<\/p>\n<p data-start=\"624\" data-end=\"688\">\ud83e\uddfa Maskintv\u00e4ttss\u00e4ker &#8211; Fungerar i tv\u00e4ttmaskiner och torktumlare.<\/p>\n<p data-start=\"690\" data-end=\"754\">\u23f1 Handsfree reng\u00f6ring &#8211; Ingen skrubbning eller handtv\u00e4tt beh\u00f6vs.<\/p>\n<p data-start=\"756\" data-end=\"829\">\ud83e\uddf3 Fleranv\u00e4ndningsdesign &#8211; Anv\u00e4nd f\u00f6r tv\u00e4tt, f\u00f6rvaring eller reseskydd.<\/p>\n<p data-start=\"831\" data-end=\"893\">\ud83d\udcaa H\u00e5llbar konstruktion &#8211; Starka material gjorda f\u00f6r upprepad anv\u00e4ndning.<\/p>\n<p data-start=\"831\" data-end=\"893\"><img decoding=\"async\" class=\"size-full wp-image-22163 aligncenter\" src=\"https:\/\/mekulo.com\/template\/wp-content\/uploads\/sites\/6\/2026\/01\/S13a824f8e9f64b8ab5a24423841434c75.jpg_960x960q75.jpg_.avif\" alt=\"\" width=\"800\" height=\"800\" \/><\/p>\n<h2 style=\"text-align: center;\" data-start=\"900\" data-end=\"914\"><strong>Hur Man Anv\u00e4nder \ud83d\udccc<\/strong><\/h2>\n<ol data-start=\"916\" data-end=\"1110\">\n<li data-start=\"916\" data-end=\"953\">\n<p data-start=\"919\" data-end=\"953\">Placera din keps inuti ramen.<\/p>\n<\/li>\n<li data-start=\"954\" data-end=\"1009\">\n<p data-start=\"957\" data-end=\"1009\">F\u00e4st den i n\u00e4th\u00e5llaren eller st\u00e4ng den med dragkedja.<\/p>\n<\/li>\n<li data-start=\"1010\" data-end=\"1066\">\n<p data-start=\"1013\" data-end=\"1066\">L\u00e4gg den i tv\u00e4ttmaskinen med vanlig tv\u00e4tt.<\/p>\n<\/li>\n<li data-start=\"1067\" data-end=\"1110\">\n<p data-start=\"1070\" data-end=\"1110\">Lufttorka eller anv\u00e4nd en torktumlare om det rekommenderas.<\/p>\n<\/li>\n<\/ol>\n<h2 style=\"text-align: center;\" data-start=\"1117\" data-end=\"1136\"><strong>Produktdetaljer \ud83d\udccf<\/strong><\/h2>\n<ul data-start=\"1138\" data-end=\"1349\">\n<li data-start=\"1138\" data-end=\"1187\">\n<p data-start=\"1140\" data-end=\"1187\">Anv\u00e4ndning: Tv\u00e4tt, torkning, f\u00f6rvaring och resor<\/p>\n<\/li>\n<li data-start=\"1188\" data-end=\"1246\">\n<p data-start=\"1190\" data-end=\"1246\">Kompatibel med: Basebollkepsar, golfhattar, sporthattar<\/p>\n<\/li>\n<li data-start=\"1247\" data-end=\"1299\">\n<p data-start=\"1249\" data-end=\"1299\">Material: H\u00e5llbar plastram med n\u00e4th\u00e5llare<\/p>\n<\/li>\n<li data-start=\"1300\" data-end=\"1349\">\n<p data-start=\"1302\" data-end=\"1349\">Design: Anti-deformationsskyddande struktur<\/p>\n<\/li>\n<li data-start=\"1300\" data-end=\"1349\">\n<p data-start=\"1302\" data-end=\"1349\">Storlek p\u00e5 kepsreng\u00f6ringsassistenten: 34 x 23 x 13 cm<\/p>\n<\/li>\n<li data-start=\"1300\" data-end=\"1349\">Storlek p\u00e5 v\u00e4skan: 35 x 24 x 14 cm<\/li>\n<\/ul>\n<h2 style=\"text-align: center;\" data-start=\"1356\" data-end=\"1376\"><strong>Paketet inneh\u00e5ller \ud83d\udce6<\/strong><\/h2>\n<ul data-start=\"1378\" data-end=\"1409\">\n<li data-start=\"1378\" data-end=\"1409\">\n<p data-start=\"1380\" data-end=\"1409\">1, 2, 3x kepsreng\u00f6ringsassistent<\/p>\n<\/li>\n<li data-start=\"1378\" data-end=\"1409\">\n<p data-start=\"1380\" data-end=\"1409\">1, 2, 3x kepsreng\u00f6ringsassistent med v\u00e4skor.<\/p>\n<\/li>\n<\/ul>\n","protected":false},"excerpt":{"rendered":"<p>\ud83e\udde2Denna reng\u00f6ringsassistent f\u00f6r kepsar skyddar dina kepsar medan du tv\u00e4ttar dem., s\u00e5 att de blir rena och perfekt formade.<br \/>\n\ud83e\uddfcInga fler b\u00f6jda kanter, krossade kronor eller handtv\u00e4ttproblem.<br \/>\n\ud83e\udee7Det h\u00e5ller dina hattar p\u00e5 plats medan vatten och tv\u00e5l kan reng\u00f6ra dem noggrant. Perfekt f\u00f6r basebollkepsar, golfhattar och sporthattar.<\/p>\n","protected":false},"featured_media":19751,"comment_status":"open","ping_status":"closed","template":"","meta":{"site-sidebar-layout":"default","site-content-layout":"","ast-site-content-layout":"default","site-content-style":"default","site-sidebar-style":"default","ast-global-header-display":"","ast-banner-title-visibility":"","ast-main-header-display":"","ast-hfb-above-header-display":"","ast-hfb-below-header-display":"","ast-hfb-mobile-header-display":"","site-post-title":"","ast-breadcrumbs-content":"","ast-featured-img":"","footer-sml-layout":"","theme-transparent-header-meta":"default","adv-header-id-meta":"","stick-header-meta":"","header-above-stick-meta":"","header-main-stick-meta":"","header-below-stick-meta":"","astra-migrate-meta-layouts":"set","ast-page-background-enabled":"default","ast-page-background-meta":{"desktop":{"background-color":"var(--ast-global-color-5)","background-image":"","background-repeat":"repeat","background-position":"center center","background-size":"auto","background-attachment":"scroll","background-type":"","background-media":"","overlay-type":"","overlay-color":"","overlay-opacity":"","overlay-gradient":""},"tablet":{"background-color":"","background-image":"","background-repeat":"repeat","background-position":"center center","background-size":"auto","background-attachment":"scroll","background-type":"","background-media":"","overlay-type":"","overlay-color":"","overlay-opacity":"","overlay-gradient":""},"mobile":{"background-color":"","background-image":"","background-repeat":"repeat","background-position":"center center","background-size":"auto","background-attachment":"scroll","background-type":"","background-media":"","overlay-type":"","overlay-color":"","overlay-opacity":"","overlay-gradient":""}},"ast-content-background-meta":{"desktop":{"background-color":"var(--ast-global-color-4)","background-image":"","background-repeat":"repeat","background-position":"center center","background-size":"auto","background-attachment":"scroll","background-type":"","background-media":"","overlay-type":"","overlay-color":"","overlay-opacity":"","overlay-gradient":""},"tablet":{"background-color":"var(--ast-global-color-4)","background-image":"","background-repeat":"repeat","background-position":"center center","background-size":"auto","background-attachment":"scroll","background-type":"","background-media":"","overlay-type":"","overlay-color":"","overlay-opacity":"","overlay-gradient":""},"mobile":{"background-color":"var(--ast-global-color-4)","background-image":"","background-repeat":"repeat","background-position":"center center","background-size":"auto","background-attachment":"scroll","background-type":"","background-media":"","overlay-type":"","overlay-color":"","overlay-opacity":"","overlay-gradient":""}}},"product_brand":[],"product_cat":[168],"product_tag":[],"class_list":{"0":"post-19755","1":"product","2":"type-product","3":"status-publish","4":"has-post-thumbnail","6":"product_cat-hushallsartiklar","7":"pa_51985_hznt2e19-svart","8":"pa_51985_hznt2e19-vit","9":"pa_51985_pcsp1104-1-st","10":"pa_51985_pcsp1104-2-st","11":"pa_51985_pcsp1104-3-st","12":"pa_51985_vvefkqbp-med-vaska","13":"pa_51985_vvefkqbp-utan-vaska","14":"desktop-align-left","15":"tablet-align-left","16":"mobile-align-left","18":"first","19":"instock","20":"shipping-taxable","21":"purchasable","22":"product-type-variable","23":"has-default-attributes"},"yoast_head":"<!-- This site is optimized with the Yoast SEO plugin v26.6 - https:\/\/yoast.com\/wordpress\/plugins\/seo\/ -->\n<title>St\u00e4dassistent f\u00f6r kapslar - Mekulo SE<\/title>\n<meta name=\"robots\" content=\"index, follow, max-snippet:-1, max-image-preview:large, max-video-preview:-1\" \/>\n<link rel=\"canonical\" href=\"https:\/\/mekulo.com\/se\/produkt\/stadassistent-for-kapslar\/\" \/>\n<meta property=\"og:locale\" content=\"sv_SE\" \/>\n<meta property=\"og:type\" content=\"article\" \/>\n<meta property=\"og:title\" content=\"St\u00e4dassistent f\u00f6r kapslar - Mekulo SE\" \/>\n<meta property=\"og:description\" content=\"\ud83e\udde2Denna reng\u00f6ringsassistent f\u00f6r kepsar skyddar dina kepsar medan du tv\u00e4ttar dem., s\u00e5 att de blir rena och perfekt formade. \ud83e\uddfcInga fler b\u00f6jda kanter, krossade kronor eller handtv\u00e4ttproblem. \ud83e\udee7Det h\u00e5ller dina hattar p\u00e5 plats medan vatten och tv\u00e5l kan reng\u00f6ra dem noggrant. Perfekt f\u00f6r basebollkepsar, golfhattar och sporthattar.\" \/>\n<meta property=\"og:url\" content=\"https:\/\/mekulo.com\/se\/produkt\/stadassistent-for-kapslar\/\" \/>\n<meta property=\"og:site_name\" content=\"Mekulo SE\" \/>\n<meta property=\"article:modified_time\" content=\"2026-01-29T17:06:49+00:00\" \/>\n<meta property=\"og:image\" content=\"https:\/\/mekulo.com\/se\/wp-content\/uploads\/sites\/11\/2026\/01\/pbbpvz9-1.jpg\" \/>\n\t<meta property=\"og:image:width\" content=\"679\" \/>\n\t<meta property=\"og:image:height\" content=\"666\" \/>\n\t<meta property=\"og:image:type\" content=\"image\/jpeg\" \/>\n<meta name=\"twitter:card\" content=\"summary_large_image\" \/>\n<meta name=\"twitter:label1\" content=\"Ber\u00e4knad l\u00e4stid\" \/>\n\t<meta name=\"twitter:data1\" content=\"2 minuter\" \/>\n<script type=\"application\/ld+json\" class=\"yoast-schema-graph\">{\"@context\":\"https:\/\/schema.org\",\"@graph\":[{\"@type\":\"WebPage\",\"@id\":\"https:\/\/mekulo.com\/se\/produkt\/stadassistent-for-kapslar\/\",\"url\":\"https:\/\/mekulo.com\/se\/produkt\/stadassistent-for-kapslar\/\",\"name\":\"St\u00e4dassistent f\u00f6r kapslar - Mekulo SE\",\"isPartOf\":{\"@id\":\"https:\/\/mekulo.com\/se\/#website\"},\"primaryImageOfPage\":{\"@id\":\"https:\/\/mekulo.com\/se\/produkt\/stadassistent-for-kapslar\/#primaryimage\"},\"image\":{\"@id\":\"https:\/\/mekulo.com\/se\/produkt\/stadassistent-for-kapslar\/#primaryimage\"},\"thumbnailUrl\":\"https:\/\/mekulo.com\/se\/wp-content\/uploads\/sites\/11\/2026\/01\/pbbpvz9-1.jpg\",\"datePublished\":\"2026-01-28T14:53:06+00:00\",\"dateModified\":\"2026-01-29T17:06:49+00:00\",\"breadcrumb\":{\"@id\":\"https:\/\/mekulo.com\/se\/produkt\/stadassistent-for-kapslar\/#breadcrumb\"},\"inLanguage\":\"sv-SE\",\"potentialAction\":[{\"@type\":\"ReadAction\",\"target\":[\"https:\/\/mekulo.com\/se\/produkt\/stadassistent-for-kapslar\/\"]}]},{\"@type\":\"ImageObject\",\"inLanguage\":\"sv-SE\",\"@id\":\"https:\/\/mekulo.com\/se\/produkt\/stadassistent-for-kapslar\/#primaryimage\",\"url\":\"https:\/\/mekulo.com\/se\/wp-content\/uploads\/sites\/11\/2026\/01\/pbbpvz9-1.jpg\",\"contentUrl\":\"https:\/\/mekulo.com\/se\/wp-content\/uploads\/sites\/11\/2026\/01\/pbbpvz9-1.jpg\",\"width\":679,\"height\":666},{\"@type\":\"BreadcrumbList\",\"@id\":\"https:\/\/mekulo.com\/se\/produkt\/stadassistent-for-kapslar\/#breadcrumb\",\"itemListElement\":[{\"@type\":\"ListItem\",\"position\":1,\"name\":\"Home\",\"item\":\"https:\/\/mekulo.com\/se\/\"},{\"@type\":\"ListItem\",\"position\":2,\"name\":\"Butik\",\"item\":\"https:\/\/mekulo.com\/se\/butik\/\"},{\"@type\":\"ListItem\",\"position\":3,\"name\":\"St\u00e4dassistent f\u00f6r kapslar\"}]},{\"@type\":\"WebSite\",\"@id\":\"https:\/\/mekulo.com\/se\/#website\",\"url\":\"https:\/\/mekulo.com\/se\/\",\"name\":\"Mekulo SE\",\"description\":\"\",\"publisher\":{\"@id\":\"https:\/\/mekulo.com\/se\/#organization\"},\"potentialAction\":[{\"@type\":\"SearchAction\",\"target\":{\"@type\":\"EntryPoint\",\"urlTemplate\":\"https:\/\/mekulo.com\/se\/?s={search_term_string}\"},\"query-input\":{\"@type\":\"PropertyValueSpecification\",\"valueRequired\":true,\"valueName\":\"search_term_string\"}}],\"inLanguage\":\"sv-SE\"},{\"@type\":\"Organization\",\"@id\":\"https:\/\/mekulo.com\/se\/#organization\",\"name\":\"Mekulo\",\"url\":\"https:\/\/mekulo.com\/se\/\",\"logo\":{\"@type\":\"ImageObject\",\"inLanguage\":\"sv-SE\",\"@id\":\"https:\/\/mekulo.com\/se\/#\/schema\/logo\/image\/\",\"url\":\"https:\/\/mekulo.com\/se\/wp-content\/uploads\/sites\/11\/2025\/12\/favicon_mekulo.png\",\"contentUrl\":\"https:\/\/mekulo.com\/se\/wp-content\/uploads\/sites\/11\/2025\/12\/favicon_mekulo.png\",\"width\":50,\"height\":50,\"caption\":\"Mekulo\"},\"image\":{\"@id\":\"https:\/\/mekulo.com\/se\/#\/schema\/logo\/image\/\"}}]}<\/script>\n<!-- \/ Yoast SEO plugin. -->","yoast_head_json":{"title":"St\u00e4dassistent f\u00f6r kapslar - Mekulo SE","robots":{"index":"index","follow":"follow","max-snippet":"max-snippet:-1","max-image-preview":"max-image-preview:large","max-video-preview":"max-video-preview:-1"},"canonical":"https:\/\/mekulo.com\/se\/produkt\/stadassistent-for-kapslar\/","og_locale":"sv_SE","og_type":"article","og_title":"St\u00e4dassistent f\u00f6r kapslar - Mekulo SE","og_description":"\ud83e\udde2Denna reng\u00f6ringsassistent f\u00f6r kepsar skyddar dina kepsar medan du tv\u00e4ttar dem., s\u00e5 att de blir rena och perfekt formade. \ud83e\uddfcInga fler b\u00f6jda kanter, krossade kronor eller handtv\u00e4ttproblem. \ud83e\udee7Det h\u00e5ller dina hattar p\u00e5 plats medan vatten och tv\u00e5l kan reng\u00f6ra dem noggrant. Perfekt f\u00f6r basebollkepsar, golfhattar och sporthattar.","og_url":"https:\/\/mekulo.com\/se\/produkt\/stadassistent-for-kapslar\/","og_site_name":"Mekulo SE","article_modified_time":"2026-01-29T17:06:49+00:00","og_image":[{"width":679,"height":666,"url":"https:\/\/mekulo.com\/se\/wp-content\/uploads\/sites\/11\/2026\/01\/pbbpvz9-1.jpg","type":"image\/jpeg"}],"twitter_card":"summary_large_image","twitter_misc":{"Ber\u00e4knad l\u00e4stid":"2 minuter"},"schema":{"@context":"https:\/\/schema.org","@graph":[{"@type":"WebPage","@id":"https:\/\/mekulo.com\/se\/produkt\/stadassistent-for-kapslar\/","url":"https:\/\/mekulo.com\/se\/produkt\/stadassistent-for-kapslar\/","name":"St\u00e4dassistent f\u00f6r kapslar - Mekulo SE","isPartOf":{"@id":"https:\/\/mekulo.com\/se\/#website"},"primaryImageOfPage":{"@id":"https:\/\/mekulo.com\/se\/produkt\/stadassistent-for-kapslar\/#primaryimage"},"image":{"@id":"https:\/\/mekulo.com\/se\/produkt\/stadassistent-for-kapslar\/#primaryimage"},"thumbnailUrl":"https:\/\/mekulo.com\/se\/wp-content\/uploads\/sites\/11\/2026\/01\/pbbpvz9-1.jpg","datePublished":"2026-01-28T14:53:06+00:00","dateModified":"2026-01-29T17:06:49+00:00","breadcrumb":{"@id":"https:\/\/mekulo.com\/se\/produkt\/stadassistent-for-kapslar\/#breadcrumb"},"inLanguage":"sv-SE","potentialAction":[{"@type":"ReadAction","target":["https:\/\/mekulo.com\/se\/produkt\/stadassistent-for-kapslar\/"]}]},{"@type":"ImageObject","inLanguage":"sv-SE","@id":"https:\/\/mekulo.com\/se\/produkt\/stadassistent-for-kapslar\/#primaryimage","url":"https:\/\/mekulo.com\/se\/wp-content\/uploads\/sites\/11\/2026\/01\/pbbpvz9-1.jpg","contentUrl":"https:\/\/mekulo.com\/se\/wp-content\/uploads\/sites\/11\/2026\/01\/pbbpvz9-1.jpg","width":679,"height":666},{"@type":"BreadcrumbList","@id":"https:\/\/mekulo.com\/se\/produkt\/stadassistent-for-kapslar\/#breadcrumb","itemListElement":[{"@type":"ListItem","position":1,"name":"Home","item":"https:\/\/mekulo.com\/se\/"},{"@type":"ListItem","position":2,"name":"Butik","item":"https:\/\/mekulo.com\/se\/butik\/"},{"@type":"ListItem","position":3,"name":"St\u00e4dassistent f\u00f6r kapslar"}]},{"@type":"WebSite","@id":"https:\/\/mekulo.com\/se\/#website","url":"https:\/\/mekulo.com\/se\/","name":"Mekulo SE","description":"","publisher":{"@id":"https:\/\/mekulo.com\/se\/#organization"},"potentialAction":[{"@type":"SearchAction","target":{"@type":"EntryPoint","urlTemplate":"https:\/\/mekulo.com\/se\/?s={search_term_string}"},"query-input":{"@type":"PropertyValueSpecification","valueRequired":true,"valueName":"search_term_string"}}],"inLanguage":"sv-SE"},{"@type":"Organization","@id":"https:\/\/mekulo.com\/se\/#organization","name":"Mekulo","url":"https:\/\/mekulo.com\/se\/","logo":{"@type":"ImageObject","inLanguage":"sv-SE","@id":"https:\/\/mekulo.com\/se\/#\/schema\/logo\/image\/","url":"https:\/\/mekulo.com\/se\/wp-content\/uploads\/sites\/11\/2025\/12\/favicon_mekulo.png","contentUrl":"https:\/\/mekulo.com\/se\/wp-content\/uploads\/sites\/11\/2025\/12\/favicon_mekulo.png","width":50,"height":50,"caption":"Mekulo"},"image":{"@id":"https:\/\/mekulo.com\/se\/#\/schema\/logo\/image\/"}}]}},"_links":{"self":[{"href":"https:\/\/mekulo.com\/se\/wp-json\/wp\/v2\/product\/19755","targetHints":{"allow":["GET"]}}],"collection":[{"href":"https:\/\/mekulo.com\/se\/wp-json\/wp\/v2\/product"}],"about":[{"href":"https:\/\/mekulo.com\/se\/wp-json\/wp\/v2\/types\/product"}],"replies":[{"embeddable":true,"href":"https:\/\/mekulo.com\/se\/wp-json\/wp\/v2\/comments?post=19755"}],"wp:featuredmedia":[{"embeddable":true,"href":"https:\/\/mekulo.com\/se\/wp-json\/wp\/v2\/media\/19751"}],"wp:attachment":[{"href":"https:\/\/mekulo.com\/se\/wp-json\/wp\/v2\/media?parent=19755"}],"wp:term":[{"taxonomy":"product_brand","embeddable":true,"href":"https:\/\/mekulo.com\/se\/wp-json\/wp\/v2\/product_brand?post=19755"},{"taxonomy":"product_cat","embeddable":true,"href":"https:\/\/mekulo.com\/se\/wp-json\/wp\/v2\/product_cat?post=19755"},{"taxonomy":"product_tag","embeddable":true,"href":"https:\/\/mekulo.com\/se\/wp-json\/wp\/v2\/product_tag?post=19755"}],"curies":[{"name":"wp","href":"https:\/\/api.w.org\/{rel}","templated":true}]}}