{"id":19714,"date":"2026-01-28T16:50:05","date_gmt":"2026-01-28T14:50:05","guid":{"rendered":"https:\/\/mekulo.com\/se\/produkt\/flaskoppnare-med-en-hand\/"},"modified":"2026-01-29T19:04:23","modified_gmt":"2026-01-29T17:04:23","slug":"flaskoppnare-med-en-hand","status":"publish","type":"product","link":"https:\/\/mekulo.com\/se\/produkt\/flaskoppnare-med-en-hand\/","title":{"rendered":"Flask\u00f6ppnare med en hand"},"content":{"rendered":"<p style=\"text-align: center;\" data-start=\"30\" data-end=\"79\"><strong data-start=\"30\" data-end=\"79\">\u00d6ppna Alla Flaskor Direkt Med Bara En Hand. \ud83c\udf7e<\/strong><\/p>\n<p data-start=\"30\" data-end=\"79\"><img decoding=\"async\" class=\"size-full wp-image-22126 aligncenter\" src=\"https:\/\/mekulo.com\/template\/wp-content\/uploads\/sites\/6\/2026\/01\/e3b10962ab60f96ef2035a56a3931be06e4c283d-700.avif\" alt=\"\" \/><\/p>\n<h2 style=\"text-align: center;\" data-start=\"545\" data-end=\"562\">Huvudsakliga f\u00f6rdelar\ud83c\udf7a<\/h2>\n<p data-start=\"564\" data-end=\"635\">\ud83d\udd90 Enhandsman\u00f6vrering &#8211; \u00d6ppna flaskor enkelt med en enkel tryckning.<\/p>\n<p data-start=\"637\" data-end=\"719\">\ud83c\udf92 Kompakt och b\u00e4rbar &#8211; Liten och l\u00e4tt f\u00f6r fickor, v\u00e4skor eller nyckelringar.<\/p>\n<p data-start=\"721\" data-end=\"791\">\ud83d\udee0 Stark metallkonstruktion &#8211; H\u00e5llbar, rostbest\u00e4ndig och gjord f\u00f6r att h\u00e5lla.<\/p>\n<p data-start=\"793\" data-end=\"856\">\u2728 Modern snygg design &#8211; Elegant utseende som passar alla milj\u00f6er.<\/p>\n<p data-start=\"858\" data-end=\"939\">\ud83c\udf7a Universell kompatibilitet &#8211; Fungerar med \u00f6l-, l\u00e4sk- och standardkapsyler.<\/p>\n<p data-start=\"858\" data-end=\"939\"><img fetchpriority=\"high\" decoding=\"async\" class=\"size-full wp-image-22120 aligncenter\" src=\"https:\/\/mekulo.com\/template\/wp-content\/uploads\/sites\/6\/2026\/01\/S16c0fb7dacaf48b3beae917882bb4e4fi.jpg_960x960q75.jpg_.avif\" alt=\"\" width=\"960\" height=\"960\" \/><\/p>\n<h2 style=\"text-align: center;\" data-start=\"946\" data-end=\"960\">Hur Man Anv\u00e4nder \ud83d\udccc<\/h2>\n<ol data-start=\"962\" data-end=\"1115\">\n<li data-start=\"962\" data-end=\"1004\">\n<p data-start=\"965\" data-end=\"1004\">Placera \u00f6ppnaren \u00f6ver kapsylern.<\/p>\n<\/li>\n<li data-start=\"1005\" data-end=\"1042\">\n<p data-start=\"1008\" data-end=\"1042\">Tryck ner ordentligt med en hand.<\/p>\n<\/li>\n<li data-start=\"1043\" data-end=\"1084\">\n<p data-start=\"1046\" data-end=\"1084\">Lyft \u00f6ppnaren n\u00e4r kapsylern hoppar av.<\/p>\n<\/li>\n<li data-start=\"1085\" data-end=\"1115\">\n<p data-start=\"1088\" data-end=\"1115\">Njut av din dryck direkt.<\/p>\n<\/li>\n<\/ol>\n<h2 style=\"text-align: center;\" data-start=\"1122\" data-end=\"1141\">Produktdetaljer \ud83d\udccf<\/h2>\n<ul data-start=\"1143\" data-end=\"1275\">\n<li data-start=\"1143\" data-end=\"1161\">\n<p data-start=\"1145\" data-end=\"1161\">Material: J\u00e4rn<\/p>\n<\/li>\n<li data-start=\"1162\" data-end=\"1211\">\n<p data-start=\"1164\" data-end=\"1211\">Storlek: 8,8 x 4 x 1,2 cm<\/p>\n<\/li>\n<li data-start=\"1212\" data-end=\"1244\">\n<p data-start=\"1214\" data-end=\"1244\">Ytbehandling: Rostbest\u00e4ndig metall<\/p>\n<\/li>\n<li data-start=\"1245\" data-end=\"1275\">\n<p data-start=\"1247\" data-end=\"1275\">Anv\u00e4ndning: \u00d6l- och l\u00e4skflaskor<\/p>\n<\/li>\n<\/ul>\n<h2 style=\"text-align: center;\" data-start=\"1282\" data-end=\"1302\">Paketet inneh\u00e5ller \ud83d\udce6<\/h2>\n<ul data-start=\"1304\" data-end=\"1336\">\n<li data-start=\"1304\" data-end=\"1336\">\n<p data-start=\"1306\" data-end=\"1336\">1, 2, 3x flask\u00f6ppnare med en hand.<\/p>\n<\/li>\n<\/ul>\n","protected":false},"excerpt":{"rendered":"<p>\ud83d\udd90\ufe0fDenna flask\u00f6ppnare med en hand g\u00f6r att du kan \u00f6ppna kapsyler med ett enkelt tryck, \u00e4ven n\u00e4r din andra hand \u00e4r upptagen.<br \/>\n\ud83c\udf89Den \u00e4r perfekt f\u00f6r daglig anv\u00e4ndning, fester, utomhusresor eller f\u00f6r alla som vill ha ett snabbare och enklare s\u00e4tt att \u00f6ppna drycker.<br \/>\n\ud83c\udf7eDen kompakta storleken g\u00f6r den l\u00e4tt att ta med sig \u00f6verallt. Stark metallkonstruktion garanterar tillf\u00f6rlitlig prestanda varje g\u00e5ng.<\/p>\n","protected":false},"featured_media":19710,"comment_status":"open","ping_status":"closed","template":"","meta":{"site-sidebar-layout":"default","site-content-layout":"","ast-site-content-layout":"default","site-content-style":"default","site-sidebar-style":"default","ast-global-header-display":"","ast-banner-title-visibility":"","ast-main-header-display":"","ast-hfb-above-header-display":"","ast-hfb-below-header-display":"","ast-hfb-mobile-header-display":"","site-post-title":"","ast-breadcrumbs-content":"","ast-featured-img":"","footer-sml-layout":"","theme-transparent-header-meta":"default","adv-header-id-meta":"","stick-header-meta":"","header-above-stick-meta":"","header-main-stick-meta":"","header-below-stick-meta":"","astra-migrate-meta-layouts":"set","ast-page-background-enabled":"default","ast-page-background-meta":{"desktop":{"background-color":"var(--ast-global-color-5)","background-image":"","background-repeat":"repeat","background-position":"center center","background-size":"auto","background-attachment":"scroll","background-type":"","background-media":"","overlay-type":"","overlay-color":"","overlay-opacity":"","overlay-gradient":""},"tablet":{"background-color":"","background-image":"","background-repeat":"repeat","background-position":"center center","background-size":"auto","background-attachment":"scroll","background-type":"","background-media":"","overlay-type":"","overlay-color":"","overlay-opacity":"","overlay-gradient":""},"mobile":{"background-color":"","background-image":"","background-repeat":"repeat","background-position":"center center","background-size":"auto","background-attachment":"scroll","background-type":"","background-media":"","overlay-type":"","overlay-color":"","overlay-opacity":"","overlay-gradient":""}},"ast-content-background-meta":{"desktop":{"background-color":"var(--ast-global-color-4)","background-image":"","background-repeat":"repeat","background-position":"center center","background-size":"auto","background-attachment":"scroll","background-type":"","background-media":"","overlay-type":"","overlay-color":"","overlay-opacity":"","overlay-gradient":""},"tablet":{"background-color":"var(--ast-global-color-4)","background-image":"","background-repeat":"repeat","background-position":"center center","background-size":"auto","background-attachment":"scroll","background-type":"","background-media":"","overlay-type":"","overlay-color":"","overlay-opacity":"","overlay-gradient":""},"mobile":{"background-color":"var(--ast-global-color-4)","background-image":"","background-repeat":"repeat","background-position":"center center","background-size":"auto","background-attachment":"scroll","background-type":"","background-media":"","overlay-type":"","overlay-color":"","overlay-opacity":"","overlay-gradient":""}}},"product_brand":[],"product_cat":[168,171],"product_tag":[],"class_list":{"0":"post-19714","1":"product","2":"type-product","3":"status-publish","4":"has-post-thumbnail","6":"product_cat-hushallsartiklar","7":"product_cat-verktyg","8":"pa_51945_l3sq6p5x-1-st","9":"pa_51945_l3sq6p5x-2-st","10":"pa_51945_l3sq6p5x-3-st","11":"pa_51945_rsa9behf-bla","12":"pa_51945_rsa9behf-guld","13":"pa_51945_rsa9behf-rod","14":"pa_51945_rsa9behf-silver","15":"pa_51945_rsa9behf-svart","16":"desktop-align-left","17":"tablet-align-left","18":"mobile-align-left","20":"first","21":"instock","22":"shipping-taxable","23":"purchasable","24":"product-type-variable","25":"has-default-attributes"},"yoast_head":"<!-- This site is optimized with the Yoast SEO plugin v26.6 - https:\/\/yoast.com\/wordpress\/plugins\/seo\/ -->\n<title>Flask\u00f6ppnare med en hand - Mekulo SE<\/title>\n<meta name=\"robots\" content=\"index, follow, max-snippet:-1, max-image-preview:large, max-video-preview:-1\" \/>\n<link rel=\"canonical\" href=\"https:\/\/mekulo.com\/se\/produkt\/flaskoppnare-med-en-hand\/\" \/>\n<meta property=\"og:locale\" content=\"sv_SE\" \/>\n<meta property=\"og:type\" content=\"article\" \/>\n<meta property=\"og:title\" content=\"Flask\u00f6ppnare med en hand - Mekulo SE\" \/>\n<meta property=\"og:description\" content=\"\ud83d\udd90\ufe0fDenna flask\u00f6ppnare med en hand g\u00f6r att du kan \u00f6ppna kapsyler med ett enkelt tryck, \u00e4ven n\u00e4r din andra hand \u00e4r upptagen. \ud83c\udf89Den \u00e4r perfekt f\u00f6r daglig anv\u00e4ndning, fester, utomhusresor eller f\u00f6r alla som vill ha ett snabbare och enklare s\u00e4tt att \u00f6ppna drycker. \ud83c\udf7eDen kompakta storleken g\u00f6r den l\u00e4tt att ta med sig \u00f6verallt. Stark metallkonstruktion garanterar tillf\u00f6rlitlig prestanda varje g\u00e5ng.\" \/>\n<meta property=\"og:url\" content=\"https:\/\/mekulo.com\/se\/produkt\/flaskoppnare-med-en-hand\/\" \/>\n<meta property=\"og:site_name\" content=\"Mekulo SE\" \/>\n<meta property=\"article:modified_time\" content=\"2026-01-29T17:04:23+00:00\" \/>\n<meta property=\"og:image\" content=\"https:\/\/mekulo.com\/se\/wp-content\/uploads\/sites\/11\/2026\/01\/ohb1slv-1.jpg\" \/>\n\t<meta property=\"og:image:width\" content=\"700\" \/>\n\t<meta property=\"og:image:height\" content=\"700\" \/>\n\t<meta property=\"og:image:type\" content=\"image\/jpeg\" \/>\n<meta name=\"twitter:card\" content=\"summary_large_image\" \/>\n<meta name=\"twitter:label1\" content=\"Ber\u00e4knad l\u00e4stid\" \/>\n\t<meta name=\"twitter:data1\" content=\"2 minuter\" \/>\n<script type=\"application\/ld+json\" class=\"yoast-schema-graph\">{\"@context\":\"https:\/\/schema.org\",\"@graph\":[{\"@type\":\"WebPage\",\"@id\":\"https:\/\/mekulo.com\/se\/produkt\/flaskoppnare-med-en-hand\/\",\"url\":\"https:\/\/mekulo.com\/se\/produkt\/flaskoppnare-med-en-hand\/\",\"name\":\"Flask\u00f6ppnare med en hand - Mekulo SE\",\"isPartOf\":{\"@id\":\"https:\/\/mekulo.com\/se\/#website\"},\"primaryImageOfPage\":{\"@id\":\"https:\/\/mekulo.com\/se\/produkt\/flaskoppnare-med-en-hand\/#primaryimage\"},\"image\":{\"@id\":\"https:\/\/mekulo.com\/se\/produkt\/flaskoppnare-med-en-hand\/#primaryimage\"},\"thumbnailUrl\":\"https:\/\/mekulo.com\/se\/wp-content\/uploads\/sites\/11\/2026\/01\/ohb1slv-1.jpg\",\"datePublished\":\"2026-01-28T14:50:05+00:00\",\"dateModified\":\"2026-01-29T17:04:23+00:00\",\"breadcrumb\":{\"@id\":\"https:\/\/mekulo.com\/se\/produkt\/flaskoppnare-med-en-hand\/#breadcrumb\"},\"inLanguage\":\"sv-SE\",\"potentialAction\":[{\"@type\":\"ReadAction\",\"target\":[\"https:\/\/mekulo.com\/se\/produkt\/flaskoppnare-med-en-hand\/\"]}]},{\"@type\":\"ImageObject\",\"inLanguage\":\"sv-SE\",\"@id\":\"https:\/\/mekulo.com\/se\/produkt\/flaskoppnare-med-en-hand\/#primaryimage\",\"url\":\"https:\/\/mekulo.com\/se\/wp-content\/uploads\/sites\/11\/2026\/01\/ohb1slv-1.jpg\",\"contentUrl\":\"https:\/\/mekulo.com\/se\/wp-content\/uploads\/sites\/11\/2026\/01\/ohb1slv-1.jpg\",\"width\":700,\"height\":700},{\"@type\":\"BreadcrumbList\",\"@id\":\"https:\/\/mekulo.com\/se\/produkt\/flaskoppnare-med-en-hand\/#breadcrumb\",\"itemListElement\":[{\"@type\":\"ListItem\",\"position\":1,\"name\":\"Home\",\"item\":\"https:\/\/mekulo.com\/se\/\"},{\"@type\":\"ListItem\",\"position\":2,\"name\":\"Butik\",\"item\":\"https:\/\/mekulo.com\/se\/butik\/\"},{\"@type\":\"ListItem\",\"position\":3,\"name\":\"Flask\u00f6ppnare med en hand\"}]},{\"@type\":\"WebSite\",\"@id\":\"https:\/\/mekulo.com\/se\/#website\",\"url\":\"https:\/\/mekulo.com\/se\/\",\"name\":\"Mekulo SE\",\"description\":\"\",\"publisher\":{\"@id\":\"https:\/\/mekulo.com\/se\/#organization\"},\"potentialAction\":[{\"@type\":\"SearchAction\",\"target\":{\"@type\":\"EntryPoint\",\"urlTemplate\":\"https:\/\/mekulo.com\/se\/?s={search_term_string}\"},\"query-input\":{\"@type\":\"PropertyValueSpecification\",\"valueRequired\":true,\"valueName\":\"search_term_string\"}}],\"inLanguage\":\"sv-SE\"},{\"@type\":\"Organization\",\"@id\":\"https:\/\/mekulo.com\/se\/#organization\",\"name\":\"Mekulo\",\"url\":\"https:\/\/mekulo.com\/se\/\",\"logo\":{\"@type\":\"ImageObject\",\"inLanguage\":\"sv-SE\",\"@id\":\"https:\/\/mekulo.com\/se\/#\/schema\/logo\/image\/\",\"url\":\"https:\/\/mekulo.com\/se\/wp-content\/uploads\/sites\/11\/2025\/12\/favicon_mekulo.png\",\"contentUrl\":\"https:\/\/mekulo.com\/se\/wp-content\/uploads\/sites\/11\/2025\/12\/favicon_mekulo.png\",\"width\":50,\"height\":50,\"caption\":\"Mekulo\"},\"image\":{\"@id\":\"https:\/\/mekulo.com\/se\/#\/schema\/logo\/image\/\"}}]}<\/script>\n<!-- \/ Yoast SEO plugin. -->","yoast_head_json":{"title":"Flask\u00f6ppnare med en hand - Mekulo SE","robots":{"index":"index","follow":"follow","max-snippet":"max-snippet:-1","max-image-preview":"max-image-preview:large","max-video-preview":"max-video-preview:-1"},"canonical":"https:\/\/mekulo.com\/se\/produkt\/flaskoppnare-med-en-hand\/","og_locale":"sv_SE","og_type":"article","og_title":"Flask\u00f6ppnare med en hand - Mekulo SE","og_description":"\ud83d\udd90\ufe0fDenna flask\u00f6ppnare med en hand g\u00f6r att du kan \u00f6ppna kapsyler med ett enkelt tryck, \u00e4ven n\u00e4r din andra hand \u00e4r upptagen. \ud83c\udf89Den \u00e4r perfekt f\u00f6r daglig anv\u00e4ndning, fester, utomhusresor eller f\u00f6r alla som vill ha ett snabbare och enklare s\u00e4tt att \u00f6ppna drycker. \ud83c\udf7eDen kompakta storleken g\u00f6r den l\u00e4tt att ta med sig \u00f6verallt. Stark metallkonstruktion garanterar tillf\u00f6rlitlig prestanda varje g\u00e5ng.","og_url":"https:\/\/mekulo.com\/se\/produkt\/flaskoppnare-med-en-hand\/","og_site_name":"Mekulo SE","article_modified_time":"2026-01-29T17:04:23+00:00","og_image":[{"width":700,"height":700,"url":"https:\/\/mekulo.com\/se\/wp-content\/uploads\/sites\/11\/2026\/01\/ohb1slv-1.jpg","type":"image\/jpeg"}],"twitter_card":"summary_large_image","twitter_misc":{"Ber\u00e4knad l\u00e4stid":"2 minuter"},"schema":{"@context":"https:\/\/schema.org","@graph":[{"@type":"WebPage","@id":"https:\/\/mekulo.com\/se\/produkt\/flaskoppnare-med-en-hand\/","url":"https:\/\/mekulo.com\/se\/produkt\/flaskoppnare-med-en-hand\/","name":"Flask\u00f6ppnare med en hand - Mekulo SE","isPartOf":{"@id":"https:\/\/mekulo.com\/se\/#website"},"primaryImageOfPage":{"@id":"https:\/\/mekulo.com\/se\/produkt\/flaskoppnare-med-en-hand\/#primaryimage"},"image":{"@id":"https:\/\/mekulo.com\/se\/produkt\/flaskoppnare-med-en-hand\/#primaryimage"},"thumbnailUrl":"https:\/\/mekulo.com\/se\/wp-content\/uploads\/sites\/11\/2026\/01\/ohb1slv-1.jpg","datePublished":"2026-01-28T14:50:05+00:00","dateModified":"2026-01-29T17:04:23+00:00","breadcrumb":{"@id":"https:\/\/mekulo.com\/se\/produkt\/flaskoppnare-med-en-hand\/#breadcrumb"},"inLanguage":"sv-SE","potentialAction":[{"@type":"ReadAction","target":["https:\/\/mekulo.com\/se\/produkt\/flaskoppnare-med-en-hand\/"]}]},{"@type":"ImageObject","inLanguage":"sv-SE","@id":"https:\/\/mekulo.com\/se\/produkt\/flaskoppnare-med-en-hand\/#primaryimage","url":"https:\/\/mekulo.com\/se\/wp-content\/uploads\/sites\/11\/2026\/01\/ohb1slv-1.jpg","contentUrl":"https:\/\/mekulo.com\/se\/wp-content\/uploads\/sites\/11\/2026\/01\/ohb1slv-1.jpg","width":700,"height":700},{"@type":"BreadcrumbList","@id":"https:\/\/mekulo.com\/se\/produkt\/flaskoppnare-med-en-hand\/#breadcrumb","itemListElement":[{"@type":"ListItem","position":1,"name":"Home","item":"https:\/\/mekulo.com\/se\/"},{"@type":"ListItem","position":2,"name":"Butik","item":"https:\/\/mekulo.com\/se\/butik\/"},{"@type":"ListItem","position":3,"name":"Flask\u00f6ppnare med en hand"}]},{"@type":"WebSite","@id":"https:\/\/mekulo.com\/se\/#website","url":"https:\/\/mekulo.com\/se\/","name":"Mekulo SE","description":"","publisher":{"@id":"https:\/\/mekulo.com\/se\/#organization"},"potentialAction":[{"@type":"SearchAction","target":{"@type":"EntryPoint","urlTemplate":"https:\/\/mekulo.com\/se\/?s={search_term_string}"},"query-input":{"@type":"PropertyValueSpecification","valueRequired":true,"valueName":"search_term_string"}}],"inLanguage":"sv-SE"},{"@type":"Organization","@id":"https:\/\/mekulo.com\/se\/#organization","name":"Mekulo","url":"https:\/\/mekulo.com\/se\/","logo":{"@type":"ImageObject","inLanguage":"sv-SE","@id":"https:\/\/mekulo.com\/se\/#\/schema\/logo\/image\/","url":"https:\/\/mekulo.com\/se\/wp-content\/uploads\/sites\/11\/2025\/12\/favicon_mekulo.png","contentUrl":"https:\/\/mekulo.com\/se\/wp-content\/uploads\/sites\/11\/2025\/12\/favicon_mekulo.png","width":50,"height":50,"caption":"Mekulo"},"image":{"@id":"https:\/\/mekulo.com\/se\/#\/schema\/logo\/image\/"}}]}},"_links":{"self":[{"href":"https:\/\/mekulo.com\/se\/wp-json\/wp\/v2\/product\/19714","targetHints":{"allow":["GET"]}}],"collection":[{"href":"https:\/\/mekulo.com\/se\/wp-json\/wp\/v2\/product"}],"about":[{"href":"https:\/\/mekulo.com\/se\/wp-json\/wp\/v2\/types\/product"}],"replies":[{"embeddable":true,"href":"https:\/\/mekulo.com\/se\/wp-json\/wp\/v2\/comments?post=19714"}],"wp:featuredmedia":[{"embeddable":true,"href":"https:\/\/mekulo.com\/se\/wp-json\/wp\/v2\/media\/19710"}],"wp:attachment":[{"href":"https:\/\/mekulo.com\/se\/wp-json\/wp\/v2\/media?parent=19714"}],"wp:term":[{"taxonomy":"product_brand","embeddable":true,"href":"https:\/\/mekulo.com\/se\/wp-json\/wp\/v2\/product_brand?post=19714"},{"taxonomy":"product_cat","embeddable":true,"href":"https:\/\/mekulo.com\/se\/wp-json\/wp\/v2\/product_cat?post=19714"},{"taxonomy":"product_tag","embeddable":true,"href":"https:\/\/mekulo.com\/se\/wp-json\/wp\/v2\/product_tag?post=19714"}],"curies":[{"name":"wp","href":"https:\/\/api.w.org\/{rel}","templated":true}]}}