{"id":19628,"date":"2026-01-28T16:41:33","date_gmt":"2026-01-28T14:41:33","guid":{"rendered":"https:\/\/mekulo.com\/se\/produkt\/luftrengoringspistol\/"},"modified":"2026-01-29T18:54:25","modified_gmt":"2026-01-29T16:54:25","slug":"luftrengoringspistol","status":"publish","type":"product","link":"https:\/\/mekulo.com\/se\/produkt\/luftrengoringspistol\/","title":{"rendered":"Luftreng\u00f6ringspistol"},"content":{"rendered":"<p style=\"text-align: center;\" data-start=\"22\" data-end=\"93\"><strong data-start=\"22\" data-end=\"93\">Bl\u00e5s bort damm och smuts snabbt med kraftfull, m\u00e5linriktad luftreng\u00f6ring. \ud83d\ude97<\/strong><\/p>\n<p data-start=\"22\" data-end=\"93\"><img fetchpriority=\"high\" decoding=\"async\" class=\"size-full wp-image-22046 aligncenter\" src=\"https:\/\/mekulo.com\/template\/wp-content\/uploads\/sites\/6\/2026\/01\/d03454b40dd16b0379e1342261403e2c05917ebe.jpg\" alt=\"\" width=\"1080\" height=\"1080\" \/><\/p>\n<h2 style=\"text-align: center;\" data-start=\"356\" data-end=\"373\"><strong>Huvudsakliga f\u00f6rdelar\ud83d\udca8<\/strong><\/h2>\n<p data-start=\"375\" data-end=\"446\">\ud83d\udca8 Kraftfullt luftfl\u00f6de &#8211; Bl\u00e5ser bort damm, sand och skr\u00e4p p\u00e5 n\u00e5gra sekunder.<\/p>\n<p data-start=\"448\" data-end=\"512\">\ud83d\udd90 Bekv\u00e4mt grepp &#8211; Ergonomiskt handtag minskar tr\u00f6tthet i handen.<\/p>\n<p data-start=\"514\" data-end=\"588\">\ud83d\udd18 Enknappskontroll &#8211; Enkel avtryckare med stabil lufttillf\u00f6rsel.<\/p>\n<p data-start=\"590\" data-end=\"675\">\ud83e\uddf9 Tv\u00e5 reng\u00f6ringsmunstycken &#8211; Trumpetmunstycke f\u00f6r bl\u00e5sning, borstmunstycke f\u00f6r skrubbning.<\/p>\n<p data-start=\"677\" data-end=\"743\">\ud83d\udd0c Snabb EU-kontakt &#8211; Snabb verktygsfri anslutning och borttagning.<\/p>\n<p data-start=\"745\" data-end=\"825\">\ud83c\udfe0 Brett anv\u00e4ndningsomr\u00e5de &#8211; Perfekt f\u00f6r bilar, m\u00f6bler, maskiner och apparater.<\/p>\n<p data-start=\"745\" data-end=\"825\"><img decoding=\"async\" class=\"size-full wp-image-22049 aligncenter\" src=\"https:\/\/mekulo.com\/template\/wp-content\/uploads\/sites\/6\/2026\/01\/S0f9d65c707064e109da5599f9926ea7ch.jpg_960x960q75.jpg_.jpg\" alt=\"\" width=\"1080\" height=\"1080\" \/><\/p>\n<h2 style=\"text-align: center;\" data-start=\"832\" data-end=\"846\"><strong>Hur Man Anv\u00e4nder \ud83d\udccc<\/strong><\/h2>\n<ol data-start=\"848\" data-end=\"1101\">\n<li data-start=\"848\" data-end=\"913\">\n<p data-start=\"851\" data-end=\"913\">Anslut pistolen till en luftkompressor med hj\u00e4lp av EU-kontakten.<\/p>\n<\/li>\n<li data-start=\"914\" data-end=\"961\">\n<p data-start=\"917\" data-end=\"961\">V\u00e4lj trumpetmunstycke eller borstmunstycke.<\/p>\n<\/li>\n<li data-start=\"962\" data-end=\"1003\">\n<p data-start=\"965\" data-end=\"1003\">Dra i avtryckaren f\u00f6r att styra luftfl\u00f6det.<\/p>\n<\/li>\n<li data-start=\"1004\" data-end=\"1061\">\n<p data-start=\"1007\" data-end=\"1061\">Sikta p\u00e5 damm eller smuts och reng\u00f6r med stadiga r\u00f6relser.<\/p>\n<\/li>\n<li data-start=\"1062\" data-end=\"1101\">\n<p data-start=\"1065\" data-end=\"1101\">Sl\u00e4pp avtryckaren f\u00f6r att stoppa luftfl\u00f6det.<\/p>\n<\/li>\n<\/ol>\n<h2 style=\"text-align: center;\" data-start=\"1108\" data-end=\"1127\"><strong>Produktdetaljer \ud83d\udccf<\/strong><\/h2>\n<ul data-start=\"1129\" data-end=\"1388\">\n<li data-start=\"1164\" data-end=\"1202\">\n<p data-start=\"1166\" data-end=\"1202\">Material: Aluminiumlegering + plast<\/p>\n<\/li>\n<li data-start=\"1229\" data-end=\"1277\">\n<p data-start=\"1231\" data-end=\"1277\">Storlek: 29 x 16 x 2 cm<\/p>\n<\/li>\n<li data-start=\"1278\" data-end=\"1313\">\n<p data-start=\"1280\" data-end=\"1313\">Kontrolltyp: Luftventil med avtryckare<\/p>\n<\/li>\n<li data-start=\"1314\" data-end=\"1342\">\n<p data-start=\"1316\" data-end=\"1342\">Anslutningstyp: EU-stil<\/p>\n<\/li>\n<li data-start=\"1343\" data-end=\"1388\">\n<p data-start=\"1345\" data-end=\"1388\">Anv\u00e4ndning: Reng\u00f6ring av bil, hem, verktyg, maskiner<\/p>\n<\/li>\n<\/ul>\n<h2 style=\"text-align: center;\" data-start=\"1395\" data-end=\"1415\"><strong>Paketet inneh\u00e5ller \ud83d\udce6<\/strong><\/h2>\n<ul data-start=\"1417\" data-end=\"1485\">\n<li data-start=\"1417\" data-end=\"1441\">\n<p data-start=\"1419\" data-end=\"1441\">1x luftreng\u00f6ringspistol<\/p>\n<\/li>\n<li data-start=\"1442\" data-end=\"1464\">\n<p data-start=\"1444\" data-end=\"1464\">1x trumpetmunstycke<\/p>\n<\/li>\n<li data-start=\"1465\" data-end=\"1485\">\n<p data-start=\"1467\" data-end=\"1485\">1x borstmunstycke.<\/p>\n<\/li>\n<\/ul>\n","protected":false},"excerpt":{"rendered":"<p>\ud83d\ude98Den h\u00e4r luftreng\u00f6ringspistolen g\u00f6r djupreng\u00f6ring snabb och enkel, \u00e4ven i tr\u00e5nga utrymmen och sv\u00e5r\u00e5tkomliga skrymslen.<br \/>\n\ud83d\udca8Med enkel avtryckarkontroll och utbytbara munstycken ger den ett starkt, stadigt luftfl\u00f6de f\u00f6r bilinteri\u00f6rer, verktyg och hush\u00e5llsreng\u00f6ring.<br \/>\n\ud83e\uddf9Ett p\u00e5litligt reng\u00f6ringsverktyg som sparar tid och anstr\u00e4ngning och ger resultat p\u00e5 professionell niv\u00e5 var du \u00e4n beh\u00f6ver det.<\/p>\n","protected":false},"featured_media":19624,"comment_status":"open","ping_status":"closed","template":"","meta":{"site-sidebar-layout":"default","site-content-layout":"","ast-site-content-layout":"default","site-content-style":"default","site-sidebar-style":"default","ast-global-header-display":"","ast-banner-title-visibility":"","ast-main-header-display":"","ast-hfb-above-header-display":"","ast-hfb-below-header-display":"","ast-hfb-mobile-header-display":"","site-post-title":"","ast-breadcrumbs-content":"","ast-featured-img":"","footer-sml-layout":"","theme-transparent-header-meta":"default","adv-header-id-meta":"","stick-header-meta":"","header-above-stick-meta":"","header-main-stick-meta":"","header-below-stick-meta":"","astra-migrate-meta-layouts":"set","ast-page-background-enabled":"default","ast-page-background-meta":{"desktop":{"background-color":"var(--ast-global-color-5)","background-image":"","background-repeat":"repeat","background-position":"center center","background-size":"auto","background-attachment":"scroll","background-type":"","background-media":"","overlay-type":"","overlay-color":"","overlay-opacity":"","overlay-gradient":""},"tablet":{"background-color":"","background-image":"","background-repeat":"repeat","background-position":"center center","background-size":"auto","background-attachment":"scroll","background-type":"","background-media":"","overlay-type":"","overlay-color":"","overlay-opacity":"","overlay-gradient":""},"mobile":{"background-color":"","background-image":"","background-repeat":"repeat","background-position":"center center","background-size":"auto","background-attachment":"scroll","background-type":"","background-media":"","overlay-type":"","overlay-color":"","overlay-opacity":"","overlay-gradient":""}},"ast-content-background-meta":{"desktop":{"background-color":"var(--ast-global-color-4)","background-image":"","background-repeat":"repeat","background-position":"center center","background-size":"auto","background-attachment":"scroll","background-type":"","background-media":"","overlay-type":"","overlay-color":"","overlay-opacity":"","overlay-gradient":""},"tablet":{"background-color":"var(--ast-global-color-4)","background-image":"","background-repeat":"repeat","background-position":"center center","background-size":"auto","background-attachment":"scroll","background-type":"","background-media":"","overlay-type":"","overlay-color":"","overlay-opacity":"","overlay-gradient":""},"mobile":{"background-color":"var(--ast-global-color-4)","background-image":"","background-repeat":"repeat","background-position":"center center","background-size":"auto","background-attachment":"scroll","background-type":"","background-media":"","overlay-type":"","overlay-color":"","overlay-opacity":"","overlay-gradient":""}}},"product_brand":[],"product_cat":[161,171],"product_tag":[],"class_list":{"0":"post-19628","1":"product","2":"type-product","3":"status-publish","4":"has-post-thumbnail","6":"product_cat-bilprodukter","7":"product_cat-verktyg","8":"desktop-align-left","9":"tablet-align-left","10":"mobile-align-left","12":"first","13":"instock","14":"shipping-taxable","15":"purchasable","16":"product-type-simple"},"yoast_head":"<!-- This site is optimized with the Yoast SEO plugin v26.6 - https:\/\/yoast.com\/wordpress\/plugins\/seo\/ -->\n<title>Luftreng\u00f6ringspistol - Mekulo SE<\/title>\n<meta name=\"robots\" content=\"index, follow, max-snippet:-1, max-image-preview:large, max-video-preview:-1\" \/>\n<link rel=\"canonical\" href=\"https:\/\/mekulo.com\/se\/produkt\/luftrengoringspistol\/\" \/>\n<meta property=\"og:locale\" content=\"sv_SE\" \/>\n<meta property=\"og:type\" content=\"article\" \/>\n<meta property=\"og:title\" content=\"Luftreng\u00f6ringspistol - Mekulo SE\" \/>\n<meta property=\"og:description\" content=\"\ud83d\ude98Den h\u00e4r luftreng\u00f6ringspistolen g\u00f6r djupreng\u00f6ring snabb och enkel, \u00e4ven i tr\u00e5nga utrymmen och sv\u00e5r\u00e5tkomliga skrymslen. \ud83d\udca8Med enkel avtryckarkontroll och utbytbara munstycken ger den ett starkt, stadigt luftfl\u00f6de f\u00f6r bilinteri\u00f6rer, verktyg och hush\u00e5llsreng\u00f6ring. \ud83e\uddf9Ett p\u00e5litligt reng\u00f6ringsverktyg som sparar tid och anstr\u00e4ngning och ger resultat p\u00e5 professionell niv\u00e5 var du \u00e4n beh\u00f6ver det.\" \/>\n<meta property=\"og:url\" content=\"https:\/\/mekulo.com\/se\/produkt\/luftrengoringspistol\/\" \/>\n<meta property=\"og:site_name\" content=\"Mekulo SE\" \/>\n<meta property=\"article:modified_time\" content=\"2026-01-29T16:54:25+00:00\" \/>\n<meta property=\"og:image\" content=\"https:\/\/mekulo.com\/se\/wp-content\/uploads\/sites\/11\/2026\/01\/y2nz3ln-1.jpg\" \/>\n\t<meta property=\"og:image:width\" content=\"800\" \/>\n\t<meta property=\"og:image:height\" content=\"800\" \/>\n\t<meta property=\"og:image:type\" content=\"image\/jpeg\" \/>\n<meta name=\"twitter:card\" content=\"summary_large_image\" \/>\n<meta name=\"twitter:label1\" content=\"Ber\u00e4knad l\u00e4stid\" \/>\n\t<meta name=\"twitter:data1\" content=\"2 minuter\" \/>\n<script type=\"application\/ld+json\" class=\"yoast-schema-graph\">{\"@context\":\"https:\/\/schema.org\",\"@graph\":[{\"@type\":\"WebPage\",\"@id\":\"https:\/\/mekulo.com\/se\/produkt\/luftrengoringspistol\/\",\"url\":\"https:\/\/mekulo.com\/se\/produkt\/luftrengoringspistol\/\",\"name\":\"Luftreng\u00f6ringspistol - Mekulo SE\",\"isPartOf\":{\"@id\":\"https:\/\/mekulo.com\/se\/#website\"},\"primaryImageOfPage\":{\"@id\":\"https:\/\/mekulo.com\/se\/produkt\/luftrengoringspistol\/#primaryimage\"},\"image\":{\"@id\":\"https:\/\/mekulo.com\/se\/produkt\/luftrengoringspistol\/#primaryimage\"},\"thumbnailUrl\":\"https:\/\/mekulo.com\/se\/wp-content\/uploads\/sites\/11\/2026\/01\/y2nz3ln-1.jpg\",\"datePublished\":\"2026-01-28T14:41:33+00:00\",\"dateModified\":\"2026-01-29T16:54:25+00:00\",\"breadcrumb\":{\"@id\":\"https:\/\/mekulo.com\/se\/produkt\/luftrengoringspistol\/#breadcrumb\"},\"inLanguage\":\"sv-SE\",\"potentialAction\":[{\"@type\":\"ReadAction\",\"target\":[\"https:\/\/mekulo.com\/se\/produkt\/luftrengoringspistol\/\"]}]},{\"@type\":\"ImageObject\",\"inLanguage\":\"sv-SE\",\"@id\":\"https:\/\/mekulo.com\/se\/produkt\/luftrengoringspistol\/#primaryimage\",\"url\":\"https:\/\/mekulo.com\/se\/wp-content\/uploads\/sites\/11\/2026\/01\/y2nz3ln-1.jpg\",\"contentUrl\":\"https:\/\/mekulo.com\/se\/wp-content\/uploads\/sites\/11\/2026\/01\/y2nz3ln-1.jpg\",\"width\":800,\"height\":800},{\"@type\":\"BreadcrumbList\",\"@id\":\"https:\/\/mekulo.com\/se\/produkt\/luftrengoringspistol\/#breadcrumb\",\"itemListElement\":[{\"@type\":\"ListItem\",\"position\":1,\"name\":\"Home\",\"item\":\"https:\/\/mekulo.com\/se\/\"},{\"@type\":\"ListItem\",\"position\":2,\"name\":\"Butik\",\"item\":\"https:\/\/mekulo.com\/se\/butik\/\"},{\"@type\":\"ListItem\",\"position\":3,\"name\":\"Luftreng\u00f6ringspistol\"}]},{\"@type\":\"WebSite\",\"@id\":\"https:\/\/mekulo.com\/se\/#website\",\"url\":\"https:\/\/mekulo.com\/se\/\",\"name\":\"Mekulo SE\",\"description\":\"\",\"publisher\":{\"@id\":\"https:\/\/mekulo.com\/se\/#organization\"},\"potentialAction\":[{\"@type\":\"SearchAction\",\"target\":{\"@type\":\"EntryPoint\",\"urlTemplate\":\"https:\/\/mekulo.com\/se\/?s={search_term_string}\"},\"query-input\":{\"@type\":\"PropertyValueSpecification\",\"valueRequired\":true,\"valueName\":\"search_term_string\"}}],\"inLanguage\":\"sv-SE\"},{\"@type\":\"Organization\",\"@id\":\"https:\/\/mekulo.com\/se\/#organization\",\"name\":\"Mekulo\",\"url\":\"https:\/\/mekulo.com\/se\/\",\"logo\":{\"@type\":\"ImageObject\",\"inLanguage\":\"sv-SE\",\"@id\":\"https:\/\/mekulo.com\/se\/#\/schema\/logo\/image\/\",\"url\":\"https:\/\/mekulo.com\/se\/wp-content\/uploads\/sites\/11\/2025\/12\/favicon_mekulo.png\",\"contentUrl\":\"https:\/\/mekulo.com\/se\/wp-content\/uploads\/sites\/11\/2025\/12\/favicon_mekulo.png\",\"width\":50,\"height\":50,\"caption\":\"Mekulo\"},\"image\":{\"@id\":\"https:\/\/mekulo.com\/se\/#\/schema\/logo\/image\/\"}}]}<\/script>\n<!-- \/ Yoast SEO plugin. -->","yoast_head_json":{"title":"Luftreng\u00f6ringspistol - Mekulo SE","robots":{"index":"index","follow":"follow","max-snippet":"max-snippet:-1","max-image-preview":"max-image-preview:large","max-video-preview":"max-video-preview:-1"},"canonical":"https:\/\/mekulo.com\/se\/produkt\/luftrengoringspistol\/","og_locale":"sv_SE","og_type":"article","og_title":"Luftreng\u00f6ringspistol - Mekulo SE","og_description":"\ud83d\ude98Den h\u00e4r luftreng\u00f6ringspistolen g\u00f6r djupreng\u00f6ring snabb och enkel, \u00e4ven i tr\u00e5nga utrymmen och sv\u00e5r\u00e5tkomliga skrymslen. \ud83d\udca8Med enkel avtryckarkontroll och utbytbara munstycken ger den ett starkt, stadigt luftfl\u00f6de f\u00f6r bilinteri\u00f6rer, verktyg och hush\u00e5llsreng\u00f6ring. \ud83e\uddf9Ett p\u00e5litligt reng\u00f6ringsverktyg som sparar tid och anstr\u00e4ngning och ger resultat p\u00e5 professionell niv\u00e5 var du \u00e4n beh\u00f6ver det.","og_url":"https:\/\/mekulo.com\/se\/produkt\/luftrengoringspistol\/","og_site_name":"Mekulo SE","article_modified_time":"2026-01-29T16:54:25+00:00","og_image":[{"width":800,"height":800,"url":"https:\/\/mekulo.com\/se\/wp-content\/uploads\/sites\/11\/2026\/01\/y2nz3ln-1.jpg","type":"image\/jpeg"}],"twitter_card":"summary_large_image","twitter_misc":{"Ber\u00e4knad l\u00e4stid":"2 minuter"},"schema":{"@context":"https:\/\/schema.org","@graph":[{"@type":"WebPage","@id":"https:\/\/mekulo.com\/se\/produkt\/luftrengoringspistol\/","url":"https:\/\/mekulo.com\/se\/produkt\/luftrengoringspistol\/","name":"Luftreng\u00f6ringspistol - Mekulo SE","isPartOf":{"@id":"https:\/\/mekulo.com\/se\/#website"},"primaryImageOfPage":{"@id":"https:\/\/mekulo.com\/se\/produkt\/luftrengoringspistol\/#primaryimage"},"image":{"@id":"https:\/\/mekulo.com\/se\/produkt\/luftrengoringspistol\/#primaryimage"},"thumbnailUrl":"https:\/\/mekulo.com\/se\/wp-content\/uploads\/sites\/11\/2026\/01\/y2nz3ln-1.jpg","datePublished":"2026-01-28T14:41:33+00:00","dateModified":"2026-01-29T16:54:25+00:00","breadcrumb":{"@id":"https:\/\/mekulo.com\/se\/produkt\/luftrengoringspistol\/#breadcrumb"},"inLanguage":"sv-SE","potentialAction":[{"@type":"ReadAction","target":["https:\/\/mekulo.com\/se\/produkt\/luftrengoringspistol\/"]}]},{"@type":"ImageObject","inLanguage":"sv-SE","@id":"https:\/\/mekulo.com\/se\/produkt\/luftrengoringspistol\/#primaryimage","url":"https:\/\/mekulo.com\/se\/wp-content\/uploads\/sites\/11\/2026\/01\/y2nz3ln-1.jpg","contentUrl":"https:\/\/mekulo.com\/se\/wp-content\/uploads\/sites\/11\/2026\/01\/y2nz3ln-1.jpg","width":800,"height":800},{"@type":"BreadcrumbList","@id":"https:\/\/mekulo.com\/se\/produkt\/luftrengoringspistol\/#breadcrumb","itemListElement":[{"@type":"ListItem","position":1,"name":"Home","item":"https:\/\/mekulo.com\/se\/"},{"@type":"ListItem","position":2,"name":"Butik","item":"https:\/\/mekulo.com\/se\/butik\/"},{"@type":"ListItem","position":3,"name":"Luftreng\u00f6ringspistol"}]},{"@type":"WebSite","@id":"https:\/\/mekulo.com\/se\/#website","url":"https:\/\/mekulo.com\/se\/","name":"Mekulo SE","description":"","publisher":{"@id":"https:\/\/mekulo.com\/se\/#organization"},"potentialAction":[{"@type":"SearchAction","target":{"@type":"EntryPoint","urlTemplate":"https:\/\/mekulo.com\/se\/?s={search_term_string}"},"query-input":{"@type":"PropertyValueSpecification","valueRequired":true,"valueName":"search_term_string"}}],"inLanguage":"sv-SE"},{"@type":"Organization","@id":"https:\/\/mekulo.com\/se\/#organization","name":"Mekulo","url":"https:\/\/mekulo.com\/se\/","logo":{"@type":"ImageObject","inLanguage":"sv-SE","@id":"https:\/\/mekulo.com\/se\/#\/schema\/logo\/image\/","url":"https:\/\/mekulo.com\/se\/wp-content\/uploads\/sites\/11\/2025\/12\/favicon_mekulo.png","contentUrl":"https:\/\/mekulo.com\/se\/wp-content\/uploads\/sites\/11\/2025\/12\/favicon_mekulo.png","width":50,"height":50,"caption":"Mekulo"},"image":{"@id":"https:\/\/mekulo.com\/se\/#\/schema\/logo\/image\/"}}]}},"_links":{"self":[{"href":"https:\/\/mekulo.com\/se\/wp-json\/wp\/v2\/product\/19628","targetHints":{"allow":["GET"]}}],"collection":[{"href":"https:\/\/mekulo.com\/se\/wp-json\/wp\/v2\/product"}],"about":[{"href":"https:\/\/mekulo.com\/se\/wp-json\/wp\/v2\/types\/product"}],"replies":[{"embeddable":true,"href":"https:\/\/mekulo.com\/se\/wp-json\/wp\/v2\/comments?post=19628"}],"wp:featuredmedia":[{"embeddable":true,"href":"https:\/\/mekulo.com\/se\/wp-json\/wp\/v2\/media\/19624"}],"wp:attachment":[{"href":"https:\/\/mekulo.com\/se\/wp-json\/wp\/v2\/media?parent=19628"}],"wp:term":[{"taxonomy":"product_brand","embeddable":true,"href":"https:\/\/mekulo.com\/se\/wp-json\/wp\/v2\/product_brand?post=19628"},{"taxonomy":"product_cat","embeddable":true,"href":"https:\/\/mekulo.com\/se\/wp-json\/wp\/v2\/product_cat?post=19628"},{"taxonomy":"product_tag","embeddable":true,"href":"https:\/\/mekulo.com\/se\/wp-json\/wp\/v2\/product_tag?post=19628"}],"curies":[{"name":"wp","href":"https:\/\/api.w.org\/{rel}","templated":true}]}}