{"id":19618,"date":"2026-01-28T16:39:50","date_gmt":"2026-01-28T14:39:50","guid":{"rendered":"https:\/\/mekulo.com\/se\/produkt\/360-graders-verktyg-for-bromsok\/"},"modified":"2026-02-03T17:13:53","modified_gmt":"2026-02-03T15:13:53","slug":"360-graders-verktyg-for-bromsok","status":"publish","type":"product","link":"https:\/\/mekulo.com\/se\/produkt\/360-graders-verktyg-for-bromsok\/","title":{"rendered":"360 graders verktyg f\u00f6r bromsok"},"content":{"rendered":"<p style=\"text-align: center;\" data-start=\"35\" data-end=\"119\"><strong data-start=\"35\" data-end=\"119\">Dra Enkelt Tillbaka Bromsokets Kolvar F\u00f6r Att Installera Nya Bromsbel\u00e4gg Utan Problem. \ud83d\ude9a<\/strong><\/p>\n<p data-start=\"35\" data-end=\"119\"><img decoding=\"async\" class=\"size-full wp-image-22007 aligncenter\" src=\"https:\/\/mekulo.com\/template\/wp-content\/uploads\/sites\/6\/2026\/01\/a63101529ca3f4d67992a5de084f28e2ddda2f5bb8f8653eb0ff6e0a3a13c9a5-800.avif\" alt=\"\" \/><\/p>\n<h2 style=\"text-align: center;\" data-start=\"382\" data-end=\"399\">Huvudsakliga f\u00f6rdelar\ud83d\ude98<\/h2>\n<p data-start=\"402\" data-end=\"475\">\ud83d\udd27 360\u00b0 sp\u00e4rrfunktion &#8211; Komprimera kolvarna smidigt fr\u00e5n alla vinklar.<\/p>\n<p data-start=\"478\" data-end=\"545\">\ud83d\udee0\ufe0f Starkt kolst\u00e5l &#8211; H\u00e5llbart och byggt f\u00f6r l\u00e5ngvarig anv\u00e4ndning.<\/p>\n<p data-start=\"548\" data-end=\"624\">\ud83d\ude97 Kompatibel med flera kolvar &#8211; Fungerar med enkla, dubbla och fyrdubbla kolvar.<\/p>\n<p data-start=\"627\" data-end=\"701\">\ud83c\udfaf Exakt justering &#8211; J\u00e4mnt tryck f\u00f6rhindrar skador p\u00e5 bromskomponenterna.<\/p>\n<p data-start=\"704\" data-end=\"765\">\u23f1\ufe0f Sparar tid &amp; anstr\u00e4ngning &#8211; Enklare \u00e4n C-kl\u00e4mmor eller t\u00e4nger.<\/p>\n<p data-start=\"768\" data-end=\"836\">\ud83e\uddf0 Professionell &amp; DIY-v\u00e4nlig &#8211; Enkel och p\u00e5litlig drift.<\/p>\n<p data-start=\"768\" data-end=\"836\"><img fetchpriority=\"high\" decoding=\"async\" class=\"size-full wp-image-22011 aligncenter\" src=\"https:\/\/mekulo.com\/template\/wp-content\/uploads\/sites\/6\/2026\/01\/Se589fadc73a44602813d1684d755e6c9E.jpg_960x960q75.jpg_.avif\" alt=\"\" width=\"960\" height=\"960\" \/><\/p>\n<h2 style=\"text-align: center;\" data-start=\"843\" data-end=\"857\">Hur Man Anv\u00e4nder \ud83d\udccc<\/h2>\n<ol data-start=\"858\" data-end=\"1073\">\n<li data-start=\"858\" data-end=\"912\">\n<p data-start=\"861\" data-end=\"912\">Placera kolvplattorna inuti bromsoket.<\/p>\n<\/li>\n<li data-start=\"913\" data-end=\"957\">\n<p data-start=\"916\" data-end=\"957\">Rikta in verktyget med kolvytan.<\/p>\n<\/li>\n<li data-start=\"958\" data-end=\"1017\">\n<p data-start=\"961\" data-end=\"1017\">Vrid sp\u00e4rrhandtaget f\u00f6r att komprimera kolven j\u00e4mnt.<\/p>\n<\/li>\n<li data-start=\"1018\" data-end=\"1073\">\n<p data-start=\"1021\" data-end=\"1073\">Dra tillbaka helt f\u00f6r att enkelt installera nya bromsbel\u00e4gg.<\/p>\n<\/li>\n<\/ol>\n<h2 style=\"text-align: center;\" data-start=\"1080\" data-end=\"1099\">Produktdetaljer \ud83d\udccf<\/h2>\n<ul data-start=\"1100\" data-end=\"1380\">\n<li data-start=\"1140\" data-end=\"1166\">\n<p data-start=\"1142\" data-end=\"1166\">Material: Kolst\u00e5l<\/p>\n<\/li>\n<li data-start=\"1167\" data-end=\"1213\">\n<p data-start=\"1169\" data-end=\"1213\">Funktion: Komprimering av bromsokets kolv<\/p>\n<\/li>\n<li data-start=\"1214\" data-end=\"1271\">\n<p data-start=\"1216\" data-end=\"1271\">Kompatibilitet: Enkel-, dubbel- och fyrkolvsok<\/p>\n<\/li>\n<li data-start=\"1272\" data-end=\"1337\">\n<p data-start=\"1274\" data-end=\"1337\">Applikation: Bakre bromsok, h\u00f6gerg\u00e4ngade kolvar<\/p>\n<\/li>\n<li data-start=\"1338\" data-end=\"1380\">\n<p data-start=\"1340\" data-end=\"1380\">Anv\u00e4ndningstyp: Underh\u00e5ll av fordonsbromsar<\/p>\n<\/li>\n<\/ul>\n<h2 style=\"text-align: center;\" data-start=\"1387\" data-end=\"1407\">Paketet inneh\u00e5ller \ud83d\udce6<\/h2>\n<ul data-start=\"1408\" data-end=\"1445\">\n<li data-start=\"1408\" data-end=\"1445\">\n<p data-start=\"1410\" data-end=\"1445\">1x 360 graders bromsokverktyg.<\/p>\n<\/li>\n<\/ul>\n","protected":false},"excerpt":{"rendered":"<p>\u2699\ufe0fDetta 360 graders bromsokverktyg hj\u00e4lper dig att snabbt komprimera bromskolvarna f\u00f6r att skapa tillr\u00e4ckligt med utrymme f\u00f6r tjockare, nya bromsbel\u00e4gg.<br \/>\n\ud83d\ude97Det \u00e4r perfekt f\u00f6r bromsunderh\u00e5ll, vilket g\u00f6r byte av bromsbel\u00e4gg snabbare, s\u00e4krare och mer exakt f\u00f6r b\u00e5de proffs och g\u00f6r-det-sj\u00e4lv-anv\u00e4ndare.<br \/>\n\ud83d\udd27Ett m\u00e5ste-ha-verktyg f\u00f6r s\u00e4kert, snabbt och enkelt byte av bromsbel\u00e4gg, utformat f\u00f6r att g\u00f6ra varje bromsjobb smidigare och effektivare.<\/p>\n","protected":false},"featured_media":19614,"comment_status":"open","ping_status":"closed","template":"","meta":{"site-sidebar-layout":"default","site-content-layout":"","ast-site-content-layout":"default","site-content-style":"default","site-sidebar-style":"default","ast-global-header-display":"","ast-banner-title-visibility":"","ast-main-header-display":"","ast-hfb-above-header-display":"","ast-hfb-below-header-display":"","ast-hfb-mobile-header-display":"","site-post-title":"","ast-breadcrumbs-content":"","ast-featured-img":"","footer-sml-layout":"","theme-transparent-header-meta":"default","adv-header-id-meta":"","stick-header-meta":"","header-above-stick-meta":"","header-main-stick-meta":"","header-below-stick-meta":"","astra-migrate-meta-layouts":"set","ast-page-background-enabled":"default","ast-page-background-meta":{"desktop":{"background-color":"var(--ast-global-color-5)","background-image":"","background-repeat":"repeat","background-position":"center center","background-size":"auto","background-attachment":"scroll","background-type":"","background-media":"","overlay-type":"","overlay-color":"","overlay-opacity":"","overlay-gradient":""},"tablet":{"background-color":"","background-image":"","background-repeat":"repeat","background-position":"center center","background-size":"auto","background-attachment":"scroll","background-type":"","background-media":"","overlay-type":"","overlay-color":"","overlay-opacity":"","overlay-gradient":""},"mobile":{"background-color":"","background-image":"","background-repeat":"repeat","background-position":"center center","background-size":"auto","background-attachment":"scroll","background-type":"","background-media":"","overlay-type":"","overlay-color":"","overlay-opacity":"","overlay-gradient":""}},"ast-content-background-meta":{"desktop":{"background-color":"var(--ast-global-color-4)","background-image":"","background-repeat":"repeat","background-position":"center center","background-size":"auto","background-attachment":"scroll","background-type":"","background-media":"","overlay-type":"","overlay-color":"","overlay-opacity":"","overlay-gradient":""},"tablet":{"background-color":"var(--ast-global-color-4)","background-image":"","background-repeat":"repeat","background-position":"center center","background-size":"auto","background-attachment":"scroll","background-type":"","background-media":"","overlay-type":"","overlay-color":"","overlay-opacity":"","overlay-gradient":""},"mobile":{"background-color":"var(--ast-global-color-4)","background-image":"","background-repeat":"repeat","background-position":"center center","background-size":"auto","background-attachment":"scroll","background-type":"","background-media":"","overlay-type":"","overlay-color":"","overlay-opacity":"","overlay-gradient":""}}},"product_brand":[],"product_cat":[171],"product_tag":[],"class_list":{"0":"post-19618","1":"product","2":"type-product","3":"status-publish","4":"has-post-thumbnail","6":"product_cat-verktyg","7":"desktop-align-left","8":"tablet-align-left","9":"mobile-align-left","11":"first","12":"instock","13":"shipping-taxable","14":"purchasable","15":"product-type-simple"},"yoast_head":"<!-- This site is optimized with the Yoast SEO plugin v26.6 - https:\/\/yoast.com\/wordpress\/plugins\/seo\/ -->\n<title>360 graders verktyg f\u00f6r bromsok - Mekulo SE<\/title>\n<meta name=\"robots\" content=\"index, follow, max-snippet:-1, max-image-preview:large, max-video-preview:-1\" \/>\n<link rel=\"canonical\" href=\"https:\/\/mekulo.com\/se\/produkt\/360-graders-verktyg-for-bromsok\/\" \/>\n<meta property=\"og:locale\" content=\"en_US\" \/>\n<meta property=\"og:type\" content=\"article\" \/>\n<meta property=\"og:title\" content=\"360 graders verktyg f\u00f6r bromsok - Mekulo SE\" \/>\n<meta property=\"og:description\" content=\"\u2699\ufe0fDetta 360 graders bromsokverktyg hj\u00e4lper dig att snabbt komprimera bromskolvarna f\u00f6r att skapa tillr\u00e4ckligt med utrymme f\u00f6r tjockare, nya bromsbel\u00e4gg. \ud83d\ude97Det \u00e4r perfekt f\u00f6r bromsunderh\u00e5ll, vilket g\u00f6r byte av bromsbel\u00e4gg snabbare, s\u00e4krare och mer exakt f\u00f6r b\u00e5de proffs och g\u00f6r-det-sj\u00e4lv-anv\u00e4ndare. \ud83d\udd27Ett m\u00e5ste-ha-verktyg f\u00f6r s\u00e4kert, snabbt och enkelt byte av bromsbel\u00e4gg, utformat f\u00f6r att g\u00f6ra varje bromsjobb smidigare och effektivare.\" \/>\n<meta property=\"og:url\" content=\"https:\/\/mekulo.com\/se\/produkt\/360-graders-verktyg-for-bromsok\/\" \/>\n<meta property=\"og:site_name\" content=\"Mekulo SE\" \/>\n<meta property=\"article:modified_time\" content=\"2026-02-03T15:13:53+00:00\" \/>\n<meta property=\"og:image\" content=\"https:\/\/mekulo.com\/se\/wp-content\/uploads\/sites\/11\/2026\/01\/3e2ebev-1.jpg\" \/>\n\t<meta property=\"og:image:width\" content=\"754\" \/>\n\t<meta property=\"og:image:height\" content=\"720\" \/>\n\t<meta property=\"og:image:type\" content=\"image\/jpeg\" \/>\n<meta name=\"twitter:card\" content=\"summary_large_image\" \/>\n<meta name=\"twitter:label1\" content=\"Est. reading time\" \/>\n\t<meta name=\"twitter:data1\" content=\"2 minutes\" \/>\n<script type=\"application\/ld+json\" class=\"yoast-schema-graph\">{\"@context\":\"https:\/\/schema.org\",\"@graph\":[{\"@type\":\"WebPage\",\"@id\":\"https:\/\/mekulo.com\/se\/produkt\/360-graders-verktyg-for-bromsok\/\",\"url\":\"https:\/\/mekulo.com\/se\/produkt\/360-graders-verktyg-for-bromsok\/\",\"name\":\"360 graders verktyg f\u00f6r bromsok - Mekulo SE\",\"isPartOf\":{\"@id\":\"https:\/\/mekulo.com\/se\/#website\"},\"primaryImageOfPage\":{\"@id\":\"https:\/\/mekulo.com\/se\/produkt\/360-graders-verktyg-for-bromsok\/#primaryimage\"},\"image\":{\"@id\":\"https:\/\/mekulo.com\/se\/produkt\/360-graders-verktyg-for-bromsok\/#primaryimage\"},\"thumbnailUrl\":\"https:\/\/mekulo.com\/se\/wp-content\/uploads\/sites\/11\/2026\/01\/3e2ebev-1.jpg\",\"datePublished\":\"2026-01-28T14:39:50+00:00\",\"dateModified\":\"2026-02-03T15:13:53+00:00\",\"breadcrumb\":{\"@id\":\"https:\/\/mekulo.com\/se\/produkt\/360-graders-verktyg-for-bromsok\/#breadcrumb\"},\"inLanguage\":\"en-US\",\"potentialAction\":[{\"@type\":\"ReadAction\",\"target\":[\"https:\/\/mekulo.com\/se\/produkt\/360-graders-verktyg-for-bromsok\/\"]}]},{\"@type\":\"ImageObject\",\"inLanguage\":\"en-US\",\"@id\":\"https:\/\/mekulo.com\/se\/produkt\/360-graders-verktyg-for-bromsok\/#primaryimage\",\"url\":\"https:\/\/mekulo.com\/se\/wp-content\/uploads\/sites\/11\/2026\/01\/3e2ebev-1.jpg\",\"contentUrl\":\"https:\/\/mekulo.com\/se\/wp-content\/uploads\/sites\/11\/2026\/01\/3e2ebev-1.jpg\",\"width\":754,\"height\":720},{\"@type\":\"BreadcrumbList\",\"@id\":\"https:\/\/mekulo.com\/se\/produkt\/360-graders-verktyg-for-bromsok\/#breadcrumb\",\"itemListElement\":[{\"@type\":\"ListItem\",\"position\":1,\"name\":\"Home\",\"item\":\"https:\/\/mekulo.com\/se\/\"},{\"@type\":\"ListItem\",\"position\":2,\"name\":\"Butik\",\"item\":\"https:\/\/mekulo.com\/se\/butik\/\"},{\"@type\":\"ListItem\",\"position\":3,\"name\":\"360 graders verktyg f\u00f6r bromsok\"}]},{\"@type\":\"WebSite\",\"@id\":\"https:\/\/mekulo.com\/se\/#website\",\"url\":\"https:\/\/mekulo.com\/se\/\",\"name\":\"Mekulo SE\",\"description\":\"\",\"publisher\":{\"@id\":\"https:\/\/mekulo.com\/se\/#organization\"},\"potentialAction\":[{\"@type\":\"SearchAction\",\"target\":{\"@type\":\"EntryPoint\",\"urlTemplate\":\"https:\/\/mekulo.com\/se\/?s={search_term_string}\"},\"query-input\":{\"@type\":\"PropertyValueSpecification\",\"valueRequired\":true,\"valueName\":\"search_term_string\"}}],\"inLanguage\":\"en-US\"},{\"@type\":\"Organization\",\"@id\":\"https:\/\/mekulo.com\/se\/#organization\",\"name\":\"Mekulo\",\"url\":\"https:\/\/mekulo.com\/se\/\",\"logo\":{\"@type\":\"ImageObject\",\"inLanguage\":\"en-US\",\"@id\":\"https:\/\/mekulo.com\/se\/#\/schema\/logo\/image\/\",\"url\":\"https:\/\/mekulo.com\/se\/wp-content\/uploads\/sites\/11\/2025\/12\/favicon_mekulo.png\",\"contentUrl\":\"https:\/\/mekulo.com\/se\/wp-content\/uploads\/sites\/11\/2025\/12\/favicon_mekulo.png\",\"width\":50,\"height\":50,\"caption\":\"Mekulo\"},\"image\":{\"@id\":\"https:\/\/mekulo.com\/se\/#\/schema\/logo\/image\/\"}}]}<\/script>\n<!-- \/ Yoast SEO plugin. -->","yoast_head_json":{"title":"360 graders verktyg f\u00f6r bromsok - Mekulo SE","robots":{"index":"index","follow":"follow","max-snippet":"max-snippet:-1","max-image-preview":"max-image-preview:large","max-video-preview":"max-video-preview:-1"},"canonical":"https:\/\/mekulo.com\/se\/produkt\/360-graders-verktyg-for-bromsok\/","og_locale":"en_US","og_type":"article","og_title":"360 graders verktyg f\u00f6r bromsok - Mekulo SE","og_description":"\u2699\ufe0fDetta 360 graders bromsokverktyg hj\u00e4lper dig att snabbt komprimera bromskolvarna f\u00f6r att skapa tillr\u00e4ckligt med utrymme f\u00f6r tjockare, nya bromsbel\u00e4gg. \ud83d\ude97Det \u00e4r perfekt f\u00f6r bromsunderh\u00e5ll, vilket g\u00f6r byte av bromsbel\u00e4gg snabbare, s\u00e4krare och mer exakt f\u00f6r b\u00e5de proffs och g\u00f6r-det-sj\u00e4lv-anv\u00e4ndare. \ud83d\udd27Ett m\u00e5ste-ha-verktyg f\u00f6r s\u00e4kert, snabbt och enkelt byte av bromsbel\u00e4gg, utformat f\u00f6r att g\u00f6ra varje bromsjobb smidigare och effektivare.","og_url":"https:\/\/mekulo.com\/se\/produkt\/360-graders-verktyg-for-bromsok\/","og_site_name":"Mekulo SE","article_modified_time":"2026-02-03T15:13:53+00:00","og_image":[{"width":754,"height":720,"url":"https:\/\/mekulo.com\/se\/wp-content\/uploads\/sites\/11\/2026\/01\/3e2ebev-1.jpg","type":"image\/jpeg"}],"twitter_card":"summary_large_image","twitter_misc":{"Est. reading time":"2 minutes"},"schema":{"@context":"https:\/\/schema.org","@graph":[{"@type":"WebPage","@id":"https:\/\/mekulo.com\/se\/produkt\/360-graders-verktyg-for-bromsok\/","url":"https:\/\/mekulo.com\/se\/produkt\/360-graders-verktyg-for-bromsok\/","name":"360 graders verktyg f\u00f6r bromsok - Mekulo SE","isPartOf":{"@id":"https:\/\/mekulo.com\/se\/#website"},"primaryImageOfPage":{"@id":"https:\/\/mekulo.com\/se\/produkt\/360-graders-verktyg-for-bromsok\/#primaryimage"},"image":{"@id":"https:\/\/mekulo.com\/se\/produkt\/360-graders-verktyg-for-bromsok\/#primaryimage"},"thumbnailUrl":"https:\/\/mekulo.com\/se\/wp-content\/uploads\/sites\/11\/2026\/01\/3e2ebev-1.jpg","datePublished":"2026-01-28T14:39:50+00:00","dateModified":"2026-02-03T15:13:53+00:00","breadcrumb":{"@id":"https:\/\/mekulo.com\/se\/produkt\/360-graders-verktyg-for-bromsok\/#breadcrumb"},"inLanguage":"en-US","potentialAction":[{"@type":"ReadAction","target":["https:\/\/mekulo.com\/se\/produkt\/360-graders-verktyg-for-bromsok\/"]}]},{"@type":"ImageObject","inLanguage":"en-US","@id":"https:\/\/mekulo.com\/se\/produkt\/360-graders-verktyg-for-bromsok\/#primaryimage","url":"https:\/\/mekulo.com\/se\/wp-content\/uploads\/sites\/11\/2026\/01\/3e2ebev-1.jpg","contentUrl":"https:\/\/mekulo.com\/se\/wp-content\/uploads\/sites\/11\/2026\/01\/3e2ebev-1.jpg","width":754,"height":720},{"@type":"BreadcrumbList","@id":"https:\/\/mekulo.com\/se\/produkt\/360-graders-verktyg-for-bromsok\/#breadcrumb","itemListElement":[{"@type":"ListItem","position":1,"name":"Home","item":"https:\/\/mekulo.com\/se\/"},{"@type":"ListItem","position":2,"name":"Butik","item":"https:\/\/mekulo.com\/se\/butik\/"},{"@type":"ListItem","position":3,"name":"360 graders verktyg f\u00f6r bromsok"}]},{"@type":"WebSite","@id":"https:\/\/mekulo.com\/se\/#website","url":"https:\/\/mekulo.com\/se\/","name":"Mekulo SE","description":"","publisher":{"@id":"https:\/\/mekulo.com\/se\/#organization"},"potentialAction":[{"@type":"SearchAction","target":{"@type":"EntryPoint","urlTemplate":"https:\/\/mekulo.com\/se\/?s={search_term_string}"},"query-input":{"@type":"PropertyValueSpecification","valueRequired":true,"valueName":"search_term_string"}}],"inLanguage":"en-US"},{"@type":"Organization","@id":"https:\/\/mekulo.com\/se\/#organization","name":"Mekulo","url":"https:\/\/mekulo.com\/se\/","logo":{"@type":"ImageObject","inLanguage":"en-US","@id":"https:\/\/mekulo.com\/se\/#\/schema\/logo\/image\/","url":"https:\/\/mekulo.com\/se\/wp-content\/uploads\/sites\/11\/2025\/12\/favicon_mekulo.png","contentUrl":"https:\/\/mekulo.com\/se\/wp-content\/uploads\/sites\/11\/2025\/12\/favicon_mekulo.png","width":50,"height":50,"caption":"Mekulo"},"image":{"@id":"https:\/\/mekulo.com\/se\/#\/schema\/logo\/image\/"}}]}},"_links":{"self":[{"href":"https:\/\/mekulo.com\/se\/wp-json\/wp\/v2\/product\/19618","targetHints":{"allow":["GET"]}}],"collection":[{"href":"https:\/\/mekulo.com\/se\/wp-json\/wp\/v2\/product"}],"about":[{"href":"https:\/\/mekulo.com\/se\/wp-json\/wp\/v2\/types\/product"}],"replies":[{"embeddable":true,"href":"https:\/\/mekulo.com\/se\/wp-json\/wp\/v2\/comments?post=19618"}],"wp:featuredmedia":[{"embeddable":true,"href":"https:\/\/mekulo.com\/se\/wp-json\/wp\/v2\/media\/19614"}],"wp:attachment":[{"href":"https:\/\/mekulo.com\/se\/wp-json\/wp\/v2\/media?parent=19618"}],"wp:term":[{"taxonomy":"product_brand","embeddable":true,"href":"https:\/\/mekulo.com\/se\/wp-json\/wp\/v2\/product_brand?post=19618"},{"taxonomy":"product_cat","embeddable":true,"href":"https:\/\/mekulo.com\/se\/wp-json\/wp\/v2\/product_cat?post=19618"},{"taxonomy":"product_tag","embeddable":true,"href":"https:\/\/mekulo.com\/se\/wp-json\/wp\/v2\/product_tag?post=19618"}],"curies":[{"name":"wp","href":"https:\/\/api.w.org\/{rel}","templated":true}]}}