{"id":19559,"date":"2026-01-28T16:34:49","date_gmt":"2026-01-28T14:34:49","guid":{"rendered":"https:\/\/mekulo.com\/se\/produkt\/axelkuddar-i-silikon\/"},"modified":"2026-02-03T17:13:28","modified_gmt":"2026-02-03T15:13:28","slug":"axelkuddar-i-silikon","status":"publish","type":"product","link":"https:\/\/mekulo.com\/se\/produkt\/axelkuddar-i-silikon\/","title":{"rendered":"Axelkuddar i silikon"},"content":{"rendered":"<p style=\"text-align: center;\" data-start=\"28\" data-end=\"109\"><strong data-start=\"28\" data-end=\"109\">Skapa Omedelbart Sl\u00e4ta, Balanserade Axlar F\u00f6r Ett Sj\u00e4lvs\u00e4kert Och Elegant Utseende. \ud83d\udc5a<\/strong><\/p>\n<p data-start=\"28\" data-end=\"109\"><img decoding=\"async\" class=\"size-full wp-image-22017 aligncenter\" src=\"https:\/\/mekulo.com\/template\/wp-content\/uploads\/sites\/6\/2026\/01\/b35c2489ef81a895ced602064852341bd91e61e2aa77aad9e666ab251fcf4b26-800.avif\" alt=\"\" \/><\/p>\n<h2 style=\"text-align: center;\" data-start=\"338\" data-end=\"355\">Huvudsakliga f\u00f6rdelar\ud83d\udc57<\/h2>\n<p data-start=\"357\" data-end=\"436\">\u2728 Naturlig axelform &#8211; Skapar rundade, sl\u00e4ta konturer under kl\u00e4der.<\/p>\n<p data-start=\"438\" data-end=\"512\">\ud83e\uddd8 Mjuk &amp; l\u00e4tt &#8211; Bekv\u00e4m f\u00f6r hela dagen utan tryck.<\/p>\n<p data-start=\"514\" data-end=\"594\">\ud83c\udf3f Hudv\u00e4nlig silikon &#8211; Tillverkad av v\u00e4xtbaserade, icke-irriterande material.<\/p>\n<p data-start=\"596\" data-end=\"653\">\ud83d\udd01 \u00c5teranv\u00e4ndbar &amp; tv\u00e4ttbar &#8211; L\u00e4tt att reng\u00f6ra och anv\u00e4nda igen.<\/p>\n<p data-start=\"655\" data-end=\"742\">\ud83d\udc5a Passar alla kl\u00e4dstilar &#8211; Perfekt f\u00f6r T-shirts, kl\u00e4nningar, jackor och tr\u00f6jor.<\/p>\n<p data-start=\"744\" data-end=\"824\">\ud83d\udccf Tv\u00e5 b\u00e4ralternativ &#8211; Anpassar sig till olika axelbehov och kroppstyper.<\/p>\n<p data-start=\"744\" data-end=\"824\"><img decoding=\"async\" class=\"size-full wp-image-22018 aligncenter\" src=\"https:\/\/mekulo.com\/template\/wp-content\/uploads\/sites\/6\/2026\/01\/bf0f158add69314b35d84b9d66998ac7edd48dd8ea3ee3699753bc70ef934586.avif\" alt=\"\" \/><\/p>\n<h2 style=\"text-align: center;\" data-start=\"831\" data-end=\"845\">Hur Man Anv\u00e4nder \ud83d\udccc<\/h2>\n<ol data-start=\"847\" data-end=\"1044\">\n<li data-start=\"847\" data-end=\"906\">\n<p data-start=\"850\" data-end=\"906\">V\u00e4lj horisontell placering f\u00f6r att bredda smala axlar.<\/p>\n<\/li>\n<li data-start=\"907\" data-end=\"971\">\n<p data-start=\"910\" data-end=\"971\">V\u00e4lj vertikal placering f\u00f6r att balansera h\u00f6ga eller l\u00e5ga axlar.<\/p>\n<\/li>\n<li data-start=\"972\" data-end=\"1006\">\n<p data-start=\"975\" data-end=\"1006\">F\u00e4st f\u00f6rsiktigt under kl\u00e4derna.<\/p>\n<\/li>\n<li data-start=\"1007\" data-end=\"1044\">\n<p data-start=\"1010\" data-end=\"1044\">Justera f\u00f6r ett j\u00e4mnt, naturligt utseende.<\/p>\n<\/li>\n<\/ol>\n<h2 style=\"text-align: center;\" data-start=\"1051\" data-end=\"1070\">Produktdetaljer \ud83d\udccf<\/h2>\n<ul data-start=\"1072\" data-end=\"1374\">\n<li data-start=\"1113\" data-end=\"1155\">\n<p data-start=\"1115\" data-end=\"1155\">Material: V\u00e4xtbaserat silikon + tyg<\/p>\n<\/li>\n<li data-start=\"1156\" data-end=\"1212\">\n<p data-start=\"1158\" data-end=\"1212\">Storlek: 12 x 7 x 4 cm<\/p>\n<\/li>\n<li data-start=\"1213\" data-end=\"1233\">\n<p data-start=\"1215\" data-end=\"1233\">Nettovikt: 24 g<\/p>\n<\/li>\n<li data-start=\"1261\" data-end=\"1310\">\n<p data-start=\"1263\" data-end=\"1310\">Funktioner: Mjuk, andningsbar, elastisk, \u00e5teranv\u00e4ndbar<\/p>\n<\/li>\n<li data-start=\"1311\" data-end=\"1374\">\n<p data-start=\"1313\" data-end=\"1374\">L\u00e4mplig f\u00f6r: Smala, runda, sluttande, h\u00f6ga eller l\u00e5ga axlar<\/p>\n<\/li>\n<\/ul>\n<h2 style=\"text-align: center;\" data-start=\"1381\" data-end=\"1401\">Paketet inneh\u00e5ller \ud83d\udce6<\/h2>\n<ul data-start=\"1403\" data-end=\"1438\">\n<li data-start=\"1403\" data-end=\"1438\">\n<p data-start=\"1405\" data-end=\"1438\">1, 2, 3x par silikon axelkuddar.<\/p>\n<\/li>\n<\/ul>\n","protected":false},"excerpt":{"rendered":"<p>\ud83d\udc71\u200d\u2640\ufe0fDessa axelvaddar i silikon f\u00f6rb\u00e4ttrar subtilt din axelform och hj\u00e4lper kl\u00e4der att sitta b\u00e4ttre och se mer strukturerade ut.<br \/>\n\ud83e\udeb6Mjuka, l\u00e4tta och andningsbara, de \u00e4r bekv\u00e4ma hela dagen och sm\u00e4lter naturligt in under alla kl\u00e4der.<br \/>\n\ud83e\uddd8En enkel och bekv\u00e4m l\u00f6sning f\u00f6r b\u00e4ttre h\u00e5llning, balanserade axlar och mer sj\u00e4lvs\u00e4kra kl\u00e4der varje dag.<\/p>\n","protected":false},"featured_media":19555,"comment_status":"open","ping_status":"closed","template":"","meta":{"site-sidebar-layout":"default","site-content-layout":"","ast-site-content-layout":"default","site-content-style":"default","site-sidebar-style":"default","ast-global-header-display":"","ast-banner-title-visibility":"","ast-main-header-display":"","ast-hfb-above-header-display":"","ast-hfb-below-header-display":"","ast-hfb-mobile-header-display":"","site-post-title":"","ast-breadcrumbs-content":"","ast-featured-img":"","footer-sml-layout":"","theme-transparent-header-meta":"default","adv-header-id-meta":"","stick-header-meta":"","header-above-stick-meta":"","header-main-stick-meta":"","header-below-stick-meta":"","astra-migrate-meta-layouts":"set","ast-page-background-enabled":"default","ast-page-background-meta":{"desktop":{"background-color":"var(--ast-global-color-5)","background-image":"","background-repeat":"repeat","background-position":"center center","background-size":"auto","background-attachment":"scroll","background-type":"","background-media":"","overlay-type":"","overlay-color":"","overlay-opacity":"","overlay-gradient":""},"tablet":{"background-color":"","background-image":"","background-repeat":"repeat","background-position":"center center","background-size":"auto","background-attachment":"scroll","background-type":"","background-media":"","overlay-type":"","overlay-color":"","overlay-opacity":"","overlay-gradient":""},"mobile":{"background-color":"","background-image":"","background-repeat":"repeat","background-position":"center center","background-size":"auto","background-attachment":"scroll","background-type":"","background-media":"","overlay-type":"","overlay-color":"","overlay-opacity":"","overlay-gradient":""}},"ast-content-background-meta":{"desktop":{"background-color":"var(--ast-global-color-4)","background-image":"","background-repeat":"repeat","background-position":"center center","background-size":"auto","background-attachment":"scroll","background-type":"","background-media":"","overlay-type":"","overlay-color":"","overlay-opacity":"","overlay-gradient":""},"tablet":{"background-color":"var(--ast-global-color-4)","background-image":"","background-repeat":"repeat","background-position":"center center","background-size":"auto","background-attachment":"scroll","background-type":"","background-media":"","overlay-type":"","overlay-color":"","overlay-opacity":"","overlay-gradient":""},"mobile":{"background-color":"var(--ast-global-color-4)","background-image":"","background-repeat":"repeat","background-position":"center center","background-size":"auto","background-attachment":"scroll","background-type":"","background-media":"","overlay-type":"","overlay-color":"","overlay-opacity":"","overlay-gradient":""}}},"product_brand":[],"product_cat":[162],"product_tag":[],"class_list":{"0":"post-19559","1":"product","2":"type-product","3":"status-publish","4":"has-post-thumbnail","6":"product_cat-skonhets-och-hygienprodukter","7":"pa_51766_2d98t95s-1-par","8":"pa_51766_2d98t95s-2-par","9":"pa_51766_2d98t95s-3-par","10":"pa_51766_pbevmrmr-a","11":"pa_51766_pbevmrmr-b","12":"pa_51766_pbevmrmr-c","13":"pa_51766_pbevmrmr-d","14":"desktop-align-left","15":"tablet-align-left","16":"mobile-align-left","18":"first","19":"instock","20":"shipping-taxable","21":"purchasable","22":"product-type-variable","23":"has-default-attributes"},"yoast_head":"<!-- This site is optimized with the Yoast SEO plugin v26.6 - https:\/\/yoast.com\/wordpress\/plugins\/seo\/ -->\n<title>Axelkuddar i silikon - Mekulo SE<\/title>\n<meta name=\"robots\" content=\"index, follow, max-snippet:-1, max-image-preview:large, max-video-preview:-1\" \/>\n<link rel=\"canonical\" href=\"https:\/\/mekulo.com\/se\/produkt\/axelkuddar-i-silikon\/\" \/>\n<meta property=\"og:locale\" content=\"sv_SE\" \/>\n<meta property=\"og:type\" content=\"article\" \/>\n<meta property=\"og:title\" content=\"Axelkuddar i silikon - Mekulo SE\" \/>\n<meta property=\"og:description\" content=\"\ud83d\udc71\u200d\u2640\ufe0fDessa axelvaddar i silikon f\u00f6rb\u00e4ttrar subtilt din axelform och hj\u00e4lper kl\u00e4der att sitta b\u00e4ttre och se mer strukturerade ut. \ud83e\udeb6Mjuka, l\u00e4tta och andningsbara, de \u00e4r bekv\u00e4ma hela dagen och sm\u00e4lter naturligt in under alla kl\u00e4der. \ud83e\uddd8En enkel och bekv\u00e4m l\u00f6sning f\u00f6r b\u00e4ttre h\u00e5llning, balanserade axlar och mer sj\u00e4lvs\u00e4kra kl\u00e4der varje dag.\" \/>\n<meta property=\"og:url\" content=\"https:\/\/mekulo.com\/se\/produkt\/axelkuddar-i-silikon\/\" \/>\n<meta property=\"og:site_name\" content=\"Mekulo SE\" \/>\n<meta property=\"article:modified_time\" content=\"2026-02-03T15:13:28+00:00\" \/>\n<meta property=\"og:image\" content=\"https:\/\/mekulo.com\/se\/wp-content\/uploads\/sites\/11\/2026\/01\/sapx73x-1.jpg\" \/>\n\t<meta property=\"og:image:width\" content=\"1080\" \/>\n\t<meta property=\"og:image:height\" content=\"1080\" \/>\n\t<meta property=\"og:image:type\" content=\"image\/jpeg\" \/>\n<meta name=\"twitter:card\" content=\"summary_large_image\" \/>\n<meta name=\"twitter:label1\" content=\"Ber\u00e4knad l\u00e4stid\" \/>\n\t<meta name=\"twitter:data1\" content=\"2 minuter\" \/>\n<script type=\"application\/ld+json\" class=\"yoast-schema-graph\">{\"@context\":\"https:\/\/schema.org\",\"@graph\":[{\"@type\":\"WebPage\",\"@id\":\"https:\/\/mekulo.com\/se\/produkt\/axelkuddar-i-silikon\/\",\"url\":\"https:\/\/mekulo.com\/se\/produkt\/axelkuddar-i-silikon\/\",\"name\":\"Axelkuddar i silikon - Mekulo SE\",\"isPartOf\":{\"@id\":\"https:\/\/mekulo.com\/se\/#website\"},\"primaryImageOfPage\":{\"@id\":\"https:\/\/mekulo.com\/se\/produkt\/axelkuddar-i-silikon\/#primaryimage\"},\"image\":{\"@id\":\"https:\/\/mekulo.com\/se\/produkt\/axelkuddar-i-silikon\/#primaryimage\"},\"thumbnailUrl\":\"https:\/\/mekulo.com\/se\/wp-content\/uploads\/sites\/11\/2026\/01\/sapx73x-1.jpg\",\"datePublished\":\"2026-01-28T14:34:49+00:00\",\"dateModified\":\"2026-02-03T15:13:28+00:00\",\"breadcrumb\":{\"@id\":\"https:\/\/mekulo.com\/se\/produkt\/axelkuddar-i-silikon\/#breadcrumb\"},\"inLanguage\":\"sv-SE\",\"potentialAction\":[{\"@type\":\"ReadAction\",\"target\":[\"https:\/\/mekulo.com\/se\/produkt\/axelkuddar-i-silikon\/\"]}]},{\"@type\":\"ImageObject\",\"inLanguage\":\"sv-SE\",\"@id\":\"https:\/\/mekulo.com\/se\/produkt\/axelkuddar-i-silikon\/#primaryimage\",\"url\":\"https:\/\/mekulo.com\/se\/wp-content\/uploads\/sites\/11\/2026\/01\/sapx73x-1.jpg\",\"contentUrl\":\"https:\/\/mekulo.com\/se\/wp-content\/uploads\/sites\/11\/2026\/01\/sapx73x-1.jpg\",\"width\":1080,\"height\":1080},{\"@type\":\"BreadcrumbList\",\"@id\":\"https:\/\/mekulo.com\/se\/produkt\/axelkuddar-i-silikon\/#breadcrumb\",\"itemListElement\":[{\"@type\":\"ListItem\",\"position\":1,\"name\":\"Home\",\"item\":\"https:\/\/mekulo.com\/se\/\"},{\"@type\":\"ListItem\",\"position\":2,\"name\":\"Butik\",\"item\":\"https:\/\/mekulo.com\/se\/butik\/\"},{\"@type\":\"ListItem\",\"position\":3,\"name\":\"Axelkuddar i silikon\"}]},{\"@type\":\"WebSite\",\"@id\":\"https:\/\/mekulo.com\/se\/#website\",\"url\":\"https:\/\/mekulo.com\/se\/\",\"name\":\"Mekulo SE\",\"description\":\"\",\"publisher\":{\"@id\":\"https:\/\/mekulo.com\/se\/#organization\"},\"potentialAction\":[{\"@type\":\"SearchAction\",\"target\":{\"@type\":\"EntryPoint\",\"urlTemplate\":\"https:\/\/mekulo.com\/se\/?s={search_term_string}\"},\"query-input\":{\"@type\":\"PropertyValueSpecification\",\"valueRequired\":true,\"valueName\":\"search_term_string\"}}],\"inLanguage\":\"sv-SE\"},{\"@type\":\"Organization\",\"@id\":\"https:\/\/mekulo.com\/se\/#organization\",\"name\":\"Mekulo\",\"url\":\"https:\/\/mekulo.com\/se\/\",\"logo\":{\"@type\":\"ImageObject\",\"inLanguage\":\"sv-SE\",\"@id\":\"https:\/\/mekulo.com\/se\/#\/schema\/logo\/image\/\",\"url\":\"https:\/\/mekulo.com\/se\/wp-content\/uploads\/sites\/11\/2025\/12\/favicon_mekulo.png\",\"contentUrl\":\"https:\/\/mekulo.com\/se\/wp-content\/uploads\/sites\/11\/2025\/12\/favicon_mekulo.png\",\"width\":50,\"height\":50,\"caption\":\"Mekulo\"},\"image\":{\"@id\":\"https:\/\/mekulo.com\/se\/#\/schema\/logo\/image\/\"}}]}<\/script>\n<!-- \/ Yoast SEO plugin. -->","yoast_head_json":{"title":"Axelkuddar i silikon - Mekulo SE","robots":{"index":"index","follow":"follow","max-snippet":"max-snippet:-1","max-image-preview":"max-image-preview:large","max-video-preview":"max-video-preview:-1"},"canonical":"https:\/\/mekulo.com\/se\/produkt\/axelkuddar-i-silikon\/","og_locale":"sv_SE","og_type":"article","og_title":"Axelkuddar i silikon - Mekulo SE","og_description":"\ud83d\udc71\u200d\u2640\ufe0fDessa axelvaddar i silikon f\u00f6rb\u00e4ttrar subtilt din axelform och hj\u00e4lper kl\u00e4der att sitta b\u00e4ttre och se mer strukturerade ut. \ud83e\udeb6Mjuka, l\u00e4tta och andningsbara, de \u00e4r bekv\u00e4ma hela dagen och sm\u00e4lter naturligt in under alla kl\u00e4der. \ud83e\uddd8En enkel och bekv\u00e4m l\u00f6sning f\u00f6r b\u00e4ttre h\u00e5llning, balanserade axlar och mer sj\u00e4lvs\u00e4kra kl\u00e4der varje dag.","og_url":"https:\/\/mekulo.com\/se\/produkt\/axelkuddar-i-silikon\/","og_site_name":"Mekulo SE","article_modified_time":"2026-02-03T15:13:28+00:00","og_image":[{"width":1080,"height":1080,"url":"https:\/\/mekulo.com\/se\/wp-content\/uploads\/sites\/11\/2026\/01\/sapx73x-1.jpg","type":"image\/jpeg"}],"twitter_card":"summary_large_image","twitter_misc":{"Ber\u00e4knad l\u00e4stid":"2 minuter"},"schema":{"@context":"https:\/\/schema.org","@graph":[{"@type":"WebPage","@id":"https:\/\/mekulo.com\/se\/produkt\/axelkuddar-i-silikon\/","url":"https:\/\/mekulo.com\/se\/produkt\/axelkuddar-i-silikon\/","name":"Axelkuddar i silikon - Mekulo SE","isPartOf":{"@id":"https:\/\/mekulo.com\/se\/#website"},"primaryImageOfPage":{"@id":"https:\/\/mekulo.com\/se\/produkt\/axelkuddar-i-silikon\/#primaryimage"},"image":{"@id":"https:\/\/mekulo.com\/se\/produkt\/axelkuddar-i-silikon\/#primaryimage"},"thumbnailUrl":"https:\/\/mekulo.com\/se\/wp-content\/uploads\/sites\/11\/2026\/01\/sapx73x-1.jpg","datePublished":"2026-01-28T14:34:49+00:00","dateModified":"2026-02-03T15:13:28+00:00","breadcrumb":{"@id":"https:\/\/mekulo.com\/se\/produkt\/axelkuddar-i-silikon\/#breadcrumb"},"inLanguage":"sv-SE","potentialAction":[{"@type":"ReadAction","target":["https:\/\/mekulo.com\/se\/produkt\/axelkuddar-i-silikon\/"]}]},{"@type":"ImageObject","inLanguage":"sv-SE","@id":"https:\/\/mekulo.com\/se\/produkt\/axelkuddar-i-silikon\/#primaryimage","url":"https:\/\/mekulo.com\/se\/wp-content\/uploads\/sites\/11\/2026\/01\/sapx73x-1.jpg","contentUrl":"https:\/\/mekulo.com\/se\/wp-content\/uploads\/sites\/11\/2026\/01\/sapx73x-1.jpg","width":1080,"height":1080},{"@type":"BreadcrumbList","@id":"https:\/\/mekulo.com\/se\/produkt\/axelkuddar-i-silikon\/#breadcrumb","itemListElement":[{"@type":"ListItem","position":1,"name":"Home","item":"https:\/\/mekulo.com\/se\/"},{"@type":"ListItem","position":2,"name":"Butik","item":"https:\/\/mekulo.com\/se\/butik\/"},{"@type":"ListItem","position":3,"name":"Axelkuddar i silikon"}]},{"@type":"WebSite","@id":"https:\/\/mekulo.com\/se\/#website","url":"https:\/\/mekulo.com\/se\/","name":"Mekulo SE","description":"","publisher":{"@id":"https:\/\/mekulo.com\/se\/#organization"},"potentialAction":[{"@type":"SearchAction","target":{"@type":"EntryPoint","urlTemplate":"https:\/\/mekulo.com\/se\/?s={search_term_string}"},"query-input":{"@type":"PropertyValueSpecification","valueRequired":true,"valueName":"search_term_string"}}],"inLanguage":"sv-SE"},{"@type":"Organization","@id":"https:\/\/mekulo.com\/se\/#organization","name":"Mekulo","url":"https:\/\/mekulo.com\/se\/","logo":{"@type":"ImageObject","inLanguage":"sv-SE","@id":"https:\/\/mekulo.com\/se\/#\/schema\/logo\/image\/","url":"https:\/\/mekulo.com\/se\/wp-content\/uploads\/sites\/11\/2025\/12\/favicon_mekulo.png","contentUrl":"https:\/\/mekulo.com\/se\/wp-content\/uploads\/sites\/11\/2025\/12\/favicon_mekulo.png","width":50,"height":50,"caption":"Mekulo"},"image":{"@id":"https:\/\/mekulo.com\/se\/#\/schema\/logo\/image\/"}}]}},"_links":{"self":[{"href":"https:\/\/mekulo.com\/se\/wp-json\/wp\/v2\/product\/19559","targetHints":{"allow":["GET"]}}],"collection":[{"href":"https:\/\/mekulo.com\/se\/wp-json\/wp\/v2\/product"}],"about":[{"href":"https:\/\/mekulo.com\/se\/wp-json\/wp\/v2\/types\/product"}],"replies":[{"embeddable":true,"href":"https:\/\/mekulo.com\/se\/wp-json\/wp\/v2\/comments?post=19559"}],"wp:featuredmedia":[{"embeddable":true,"href":"https:\/\/mekulo.com\/se\/wp-json\/wp\/v2\/media\/19555"}],"wp:attachment":[{"href":"https:\/\/mekulo.com\/se\/wp-json\/wp\/v2\/media?parent=19559"}],"wp:term":[{"taxonomy":"product_brand","embeddable":true,"href":"https:\/\/mekulo.com\/se\/wp-json\/wp\/v2\/product_brand?post=19559"},{"taxonomy":"product_cat","embeddable":true,"href":"https:\/\/mekulo.com\/se\/wp-json\/wp\/v2\/product_cat?post=19559"},{"taxonomy":"product_tag","embeddable":true,"href":"https:\/\/mekulo.com\/se\/wp-json\/wp\/v2\/product_tag?post=19559"}],"curies":[{"name":"wp","href":"https:\/\/api.w.org\/{rel}","templated":true}]}}