{"id":19545,"date":"2026-01-28T16:32:49","date_gmt":"2026-01-28T14:32:49","guid":{"rendered":"https:\/\/mekulo.com\/se\/produkt\/automatisk-naltradare-2-st\/"},"modified":"2026-01-29T18:43:01","modified_gmt":"2026-01-29T16:43:01","slug":"automatisk-naltradare-2-st","status":"publish","type":"product","link":"https:\/\/mekulo.com\/se\/produkt\/automatisk-naltradare-2-st\/","title":{"rendered":"Automatisk n\u00e5ltr\u00e4dare (2 st)"},"content":{"rendered":"<p style=\"text-align: center;\" data-start=\"31\" data-end=\"86\"><strong data-start=\"31\" data-end=\"86\">Tr\u00e4 Dina N\u00e5lar P\u00e5 N\u00e5gra Sekunder Utan Frustration.<\/strong><span style=\"font-size: 16px; font-style: normal; font-weight: 400;\">\ud83e\uddf5<\/span><\/p>\n<p data-start=\"31\" data-end=\"86\"><img fetchpriority=\"high\" decoding=\"async\" class=\"size-full wp-image-21981 aligncenter\" src=\"https:\/\/mekulo.com\/template\/wp-content\/uploads\/sites\/6\/2026\/01\/6-17.jpeg\" alt=\"\" width=\"800\" height=\"800\" \/><\/p>\n<h2 style=\"text-align: center;\" data-start=\"334\" data-end=\"353\">\u2728 Huvudsakliga f\u00f6rdelar<\/h2>\n<p data-start=\"355\" data-end=\"439\">\ud83e\uddf5 Enkel tr\u00e5dning med en knapptryckning &#8211; Tr\u00e4 n\u00e5lar snabbt med en enkel knapptryckning.<\/p>\n<p data-start=\"441\" data-end=\"542\">\ud83d\udc75 Senior- och synv\u00e4nlig &#8211; Perfekt f\u00f6r \u00e4ldre anv\u00e4ndare eller andra som har sv\u00e5rt att tr\u00e4 n\u00e5lar.<\/p>\n<p data-start=\"544\" data-end=\"624\">\ud83e\udea1 Dubbelh\u00e5lsdesign &#8211; G\u00f6r det enklare och snabbare att tr\u00e4 sm\u00e5 n\u00e5l\u00f6glor.<\/p>\n<p data-start=\"626\" data-end=\"703\">\ud83e\uddf0 L\u00e4tt &amp; h\u00e5llbar &#8211; Tillverkad av stark plast f\u00f6r l\u00e5ngvarig anv\u00e4ndning.<\/p>\n<p data-start=\"705\" data-end=\"786\">\ud83c\udfa8 Bred s\u00f6mnadskompatibilitet &#8211; Fungerar med de flesta tr\u00e5dstorlekar och n\u00e5ltyper.<\/p>\n<p data-start=\"705\" data-end=\"786\"><img decoding=\"async\" class=\"size-full wp-image-21980 aligncenter\" src=\"https:\/\/mekulo.com\/template\/wp-content\/uploads\/sites\/6\/2026\/01\/4-17.jpeg\" alt=\"\" width=\"800\" height=\"800\" \/><\/p>\n<h2 style=\"text-align: center;\" data-start=\"793\" data-end=\"810\">\ud83d\udee0 Hur Man Anv\u00e4nder<\/h2>\n<ol data-start=\"812\" data-end=\"963\">\n<li data-start=\"812\" data-end=\"853\">\n<p data-start=\"815\" data-end=\"853\">S\u00e4tt in n\u00e5len i tr\u00e5daren.<\/p>\n<\/li>\n<li data-start=\"854\" data-end=\"892\">\n<p data-start=\"857\" data-end=\"892\">Placera tr\u00e5den i sp\u00e5ret.<\/p>\n<\/li>\n<li data-start=\"893\" data-end=\"922\">\n<p data-start=\"896\" data-end=\"922\">Tryck f\u00f6rsiktigt p\u00e5 knappen.<\/p>\n<\/li>\n<li data-start=\"923\" data-end=\"963\">\n<p data-start=\"926\" data-end=\"963\">Dra ut n\u00e5len och b\u00f6rja sy.<\/p>\n<\/li>\n<\/ol>\n<h2 style=\"text-align: center;\" data-start=\"970\" data-end=\"992\">\ud83d\udccc Produktdetaljer<\/h2>\n<ul data-start=\"994\" data-end=\"1229\">\n<li data-start=\"994\" data-end=\"1015\">\n<p data-start=\"996\" data-end=\"1015\">Material: Plast<\/p>\n<\/li>\n<li data-start=\"1016\" data-end=\"1058\">\n<p data-start=\"1018\" data-end=\"1058\">Design: Automatisk tr\u00e5dare med dubbla h\u00e5l<\/p>\n<\/li>\n<li data-start=\"1059\" data-end=\"1106\">\n<p data-start=\"1061\" data-end=\"1106\">Anv\u00e4ndning: Hand- och symaskinsn\u00e5lar<\/p>\n<\/li>\n<li data-start=\"1107\" data-end=\"1154\">\n<p data-start=\"1109\" data-end=\"1154\">Tr\u00e5dtyper: L\u00e4mplig f\u00f6r alla tr\u00e5dstorlekar<\/p>\n<\/li>\n<li data-start=\"1155\" data-end=\"1229\">\n<p data-start=\"1157\" data-end=\"1229\">Anv\u00e4ndningsomr\u00e5den: S\u00f6mnad, broderi, korsstygn, l\u00e4der, denim, canvas<\/p>\n<\/li>\n<li data-start=\"1155\" data-end=\"1229\">Storlek: 7,5 x 4,5 x 2,8 cm<\/li>\n<\/ul>\n<h2 style=\"text-align: center;\" data-start=\"1236\" data-end=\"1259\">\ud83d\udce6 Paketet inneh\u00e5ller<\/h2>\n<ul data-start=\"1261\" data-end=\"1294\">\n<li style=\"list-style-type: none;\">\n<ul data-start=\"1261\" data-end=\"1294\">\n<li data-start=\"1261\" data-end=\"1294\">\n<p data-start=\"1263\" data-end=\"1294\">2x automatiska n\u00e5ltr\u00e4dare.<\/p>\n<\/li>\n<\/ul>\n<\/li>\n<\/ul>\n<p>&nbsp;<\/p>\n","protected":false},"excerpt":{"rendered":"<p><span style=\"font-size: 16px; font-style: normal; font-weight: 400;\">\u2728<\/span>Den h\u00e4r automatiska n\u00e5ltr\u00e4daren g\u00f6r tr\u00e5dningen snabb och enkel f\u00f6r b\u00e5de hands\u00f6mnad och symaskiner.<br \/>\n\ud83e\udea1Den \u00e4r perfekt f\u00f6r nyb\u00f6rjare, seniorer och alla med nedsatt syn eller skakiga h\u00e4nder, och hj\u00e4lper dig att spara tid och anstr\u00e4ngning p\u00e5 varje s\u00f6mnadsuppgift.<br \/>\n\ud83e\uddf5Ett enkelt verktyg som sparar tid och g\u00f6r s\u00f6mnad roligt igen.<\/p>\n","protected":false},"featured_media":19541,"comment_status":"open","ping_status":"closed","template":"","meta":{"site-sidebar-layout":"default","site-content-layout":"","ast-site-content-layout":"default","site-content-style":"default","site-sidebar-style":"default","ast-global-header-display":"","ast-banner-title-visibility":"","ast-main-header-display":"","ast-hfb-above-header-display":"","ast-hfb-below-header-display":"","ast-hfb-mobile-header-display":"","site-post-title":"","ast-breadcrumbs-content":"","ast-featured-img":"","footer-sml-layout":"","theme-transparent-header-meta":"default","adv-header-id-meta":"","stick-header-meta":"","header-above-stick-meta":"","header-main-stick-meta":"","header-below-stick-meta":"","astra-migrate-meta-layouts":"set","ast-page-background-enabled":"default","ast-page-background-meta":{"desktop":{"background-color":"var(--ast-global-color-5)","background-image":"","background-repeat":"repeat","background-position":"center center","background-size":"auto","background-attachment":"scroll","background-type":"","background-media":"","overlay-type":"","overlay-color":"","overlay-opacity":"","overlay-gradient":""},"tablet":{"background-color":"","background-image":"","background-repeat":"repeat","background-position":"center center","background-size":"auto","background-attachment":"scroll","background-type":"","background-media":"","overlay-type":"","overlay-color":"","overlay-opacity":"","overlay-gradient":""},"mobile":{"background-color":"","background-image":"","background-repeat":"repeat","background-position":"center center","background-size":"auto","background-attachment":"scroll","background-type":"","background-media":"","overlay-type":"","overlay-color":"","overlay-opacity":"","overlay-gradient":""}},"ast-content-background-meta":{"desktop":{"background-color":"var(--ast-global-color-4)","background-image":"","background-repeat":"repeat","background-position":"center center","background-size":"auto","background-attachment":"scroll","background-type":"","background-media":"","overlay-type":"","overlay-color":"","overlay-opacity":"","overlay-gradient":""},"tablet":{"background-color":"var(--ast-global-color-4)","background-image":"","background-repeat":"repeat","background-position":"center center","background-size":"auto","background-attachment":"scroll","background-type":"","background-media":"","overlay-type":"","overlay-color":"","overlay-opacity":"","overlay-gradient":""},"mobile":{"background-color":"var(--ast-global-color-4)","background-image":"","background-repeat":"repeat","background-position":"center center","background-size":"auto","background-attachment":"scroll","background-type":"","background-media":"","overlay-type":"","overlay-color":"","overlay-opacity":"","overlay-gradient":""}}},"product_brand":[],"product_cat":[168,171],"product_tag":[],"class_list":{"0":"post-19545","1":"product","2":"type-product","3":"status-publish","4":"has-post-thumbnail","6":"product_cat-hushallsartiklar","7":"product_cat-verktyg","8":"pa_51716_jbgl9d7s-gron","9":"pa_51716_jbgl9d7s-rod","10":"desktop-align-left","11":"tablet-align-left","12":"mobile-align-left","14":"first","15":"instock","16":"shipping-taxable","17":"purchasable","18":"product-type-variable"},"yoast_head":"<!-- This site is optimized with the Yoast SEO plugin v26.6 - https:\/\/yoast.com\/wordpress\/plugins\/seo\/ -->\n<title>Automatisk n\u00e5ltr\u00e4dare (2 st) - Mekulo SE<\/title>\n<meta name=\"robots\" content=\"index, follow, max-snippet:-1, max-image-preview:large, max-video-preview:-1\" \/>\n<link rel=\"canonical\" href=\"https:\/\/mekulo.com\/se\/produkt\/automatisk-naltradare-2-st\/\" \/>\n<meta property=\"og:locale\" content=\"en_US\" \/>\n<meta property=\"og:type\" content=\"article\" \/>\n<meta property=\"og:title\" content=\"Automatisk n\u00e5ltr\u00e4dare (2 st) - Mekulo SE\" \/>\n<meta property=\"og:description\" content=\"\u2728Den h\u00e4r automatiska n\u00e5ltr\u00e4daren g\u00f6r tr\u00e5dningen snabb och enkel f\u00f6r b\u00e5de hands\u00f6mnad och symaskiner. \ud83e\udea1Den \u00e4r perfekt f\u00f6r nyb\u00f6rjare, seniorer och alla med nedsatt syn eller skakiga h\u00e4nder, och hj\u00e4lper dig att spara tid och anstr\u00e4ngning p\u00e5 varje s\u00f6mnadsuppgift. \ud83e\uddf5Ett enkelt verktyg som sparar tid och g\u00f6r s\u00f6mnad roligt igen.\" \/>\n<meta property=\"og:url\" content=\"https:\/\/mekulo.com\/se\/produkt\/automatisk-naltradare-2-st\/\" \/>\n<meta property=\"og:site_name\" content=\"Mekulo SE\" \/>\n<meta property=\"article:modified_time\" content=\"2026-01-29T16:43:01+00:00\" \/>\n<meta property=\"og:image\" content=\"https:\/\/mekulo.com\/se\/wp-content\/uploads\/sites\/11\/2026\/01\/s3n2j9i-1.jpg\" \/>\n\t<meta property=\"og:image:width\" content=\"679\" \/>\n\t<meta property=\"og:image:height\" content=\"657\" \/>\n\t<meta property=\"og:image:type\" content=\"image\/jpeg\" \/>\n<meta name=\"twitter:card\" content=\"summary_large_image\" \/>\n<meta name=\"twitter:label1\" content=\"Est. reading time\" \/>\n\t<meta name=\"twitter:data1\" content=\"2 minutes\" \/>\n<script type=\"application\/ld+json\" class=\"yoast-schema-graph\">{\"@context\":\"https:\/\/schema.org\",\"@graph\":[{\"@type\":\"WebPage\",\"@id\":\"https:\/\/mekulo.com\/se\/produkt\/automatisk-naltradare-2-st\/\",\"url\":\"https:\/\/mekulo.com\/se\/produkt\/automatisk-naltradare-2-st\/\",\"name\":\"Automatisk n\u00e5ltr\u00e4dare (2 st) - Mekulo SE\",\"isPartOf\":{\"@id\":\"https:\/\/mekulo.com\/se\/#website\"},\"primaryImageOfPage\":{\"@id\":\"https:\/\/mekulo.com\/se\/produkt\/automatisk-naltradare-2-st\/#primaryimage\"},\"image\":{\"@id\":\"https:\/\/mekulo.com\/se\/produkt\/automatisk-naltradare-2-st\/#primaryimage\"},\"thumbnailUrl\":\"https:\/\/mekulo.com\/se\/wp-content\/uploads\/sites\/11\/2026\/01\/s3n2j9i-1.jpg\",\"datePublished\":\"2026-01-28T14:32:49+00:00\",\"dateModified\":\"2026-01-29T16:43:01+00:00\",\"breadcrumb\":{\"@id\":\"https:\/\/mekulo.com\/se\/produkt\/automatisk-naltradare-2-st\/#breadcrumb\"},\"inLanguage\":\"en-US\",\"potentialAction\":[{\"@type\":\"ReadAction\",\"target\":[\"https:\/\/mekulo.com\/se\/produkt\/automatisk-naltradare-2-st\/\"]}]},{\"@type\":\"ImageObject\",\"inLanguage\":\"en-US\",\"@id\":\"https:\/\/mekulo.com\/se\/produkt\/automatisk-naltradare-2-st\/#primaryimage\",\"url\":\"https:\/\/mekulo.com\/se\/wp-content\/uploads\/sites\/11\/2026\/01\/s3n2j9i-1.jpg\",\"contentUrl\":\"https:\/\/mekulo.com\/se\/wp-content\/uploads\/sites\/11\/2026\/01\/s3n2j9i-1.jpg\",\"width\":679,\"height\":657},{\"@type\":\"BreadcrumbList\",\"@id\":\"https:\/\/mekulo.com\/se\/produkt\/automatisk-naltradare-2-st\/#breadcrumb\",\"itemListElement\":[{\"@type\":\"ListItem\",\"position\":1,\"name\":\"Home\",\"item\":\"https:\/\/mekulo.com\/se\/\"},{\"@type\":\"ListItem\",\"position\":2,\"name\":\"Butik\",\"item\":\"https:\/\/mekulo.com\/se\/butik\/\"},{\"@type\":\"ListItem\",\"position\":3,\"name\":\"Automatisk n\u00e5ltr\u00e4dare (2 st)\"}]},{\"@type\":\"WebSite\",\"@id\":\"https:\/\/mekulo.com\/se\/#website\",\"url\":\"https:\/\/mekulo.com\/se\/\",\"name\":\"Mekulo SE\",\"description\":\"\",\"publisher\":{\"@id\":\"https:\/\/mekulo.com\/se\/#organization\"},\"potentialAction\":[{\"@type\":\"SearchAction\",\"target\":{\"@type\":\"EntryPoint\",\"urlTemplate\":\"https:\/\/mekulo.com\/se\/?s={search_term_string}\"},\"query-input\":{\"@type\":\"PropertyValueSpecification\",\"valueRequired\":true,\"valueName\":\"search_term_string\"}}],\"inLanguage\":\"en-US\"},{\"@type\":\"Organization\",\"@id\":\"https:\/\/mekulo.com\/se\/#organization\",\"name\":\"Mekulo\",\"url\":\"https:\/\/mekulo.com\/se\/\",\"logo\":{\"@type\":\"ImageObject\",\"inLanguage\":\"en-US\",\"@id\":\"https:\/\/mekulo.com\/se\/#\/schema\/logo\/image\/\",\"url\":\"https:\/\/mekulo.com\/se\/wp-content\/uploads\/sites\/11\/2025\/12\/favicon_mekulo.png\",\"contentUrl\":\"https:\/\/mekulo.com\/se\/wp-content\/uploads\/sites\/11\/2025\/12\/favicon_mekulo.png\",\"width\":50,\"height\":50,\"caption\":\"Mekulo\"},\"image\":{\"@id\":\"https:\/\/mekulo.com\/se\/#\/schema\/logo\/image\/\"}}]}<\/script>\n<!-- \/ Yoast SEO plugin. -->","yoast_head_json":{"title":"Automatisk n\u00e5ltr\u00e4dare (2 st) - Mekulo SE","robots":{"index":"index","follow":"follow","max-snippet":"max-snippet:-1","max-image-preview":"max-image-preview:large","max-video-preview":"max-video-preview:-1"},"canonical":"https:\/\/mekulo.com\/se\/produkt\/automatisk-naltradare-2-st\/","og_locale":"en_US","og_type":"article","og_title":"Automatisk n\u00e5ltr\u00e4dare (2 st) - Mekulo SE","og_description":"\u2728Den h\u00e4r automatiska n\u00e5ltr\u00e4daren g\u00f6r tr\u00e5dningen snabb och enkel f\u00f6r b\u00e5de hands\u00f6mnad och symaskiner. \ud83e\udea1Den \u00e4r perfekt f\u00f6r nyb\u00f6rjare, seniorer och alla med nedsatt syn eller skakiga h\u00e4nder, och hj\u00e4lper dig att spara tid och anstr\u00e4ngning p\u00e5 varje s\u00f6mnadsuppgift. \ud83e\uddf5Ett enkelt verktyg som sparar tid och g\u00f6r s\u00f6mnad roligt igen.","og_url":"https:\/\/mekulo.com\/se\/produkt\/automatisk-naltradare-2-st\/","og_site_name":"Mekulo SE","article_modified_time":"2026-01-29T16:43:01+00:00","og_image":[{"width":679,"height":657,"url":"https:\/\/mekulo.com\/se\/wp-content\/uploads\/sites\/11\/2026\/01\/s3n2j9i-1.jpg","type":"image\/jpeg"}],"twitter_card":"summary_large_image","twitter_misc":{"Est. reading time":"2 minutes"},"schema":{"@context":"https:\/\/schema.org","@graph":[{"@type":"WebPage","@id":"https:\/\/mekulo.com\/se\/produkt\/automatisk-naltradare-2-st\/","url":"https:\/\/mekulo.com\/se\/produkt\/automatisk-naltradare-2-st\/","name":"Automatisk n\u00e5ltr\u00e4dare (2 st) - Mekulo SE","isPartOf":{"@id":"https:\/\/mekulo.com\/se\/#website"},"primaryImageOfPage":{"@id":"https:\/\/mekulo.com\/se\/produkt\/automatisk-naltradare-2-st\/#primaryimage"},"image":{"@id":"https:\/\/mekulo.com\/se\/produkt\/automatisk-naltradare-2-st\/#primaryimage"},"thumbnailUrl":"https:\/\/mekulo.com\/se\/wp-content\/uploads\/sites\/11\/2026\/01\/s3n2j9i-1.jpg","datePublished":"2026-01-28T14:32:49+00:00","dateModified":"2026-01-29T16:43:01+00:00","breadcrumb":{"@id":"https:\/\/mekulo.com\/se\/produkt\/automatisk-naltradare-2-st\/#breadcrumb"},"inLanguage":"en-US","potentialAction":[{"@type":"ReadAction","target":["https:\/\/mekulo.com\/se\/produkt\/automatisk-naltradare-2-st\/"]}]},{"@type":"ImageObject","inLanguage":"en-US","@id":"https:\/\/mekulo.com\/se\/produkt\/automatisk-naltradare-2-st\/#primaryimage","url":"https:\/\/mekulo.com\/se\/wp-content\/uploads\/sites\/11\/2026\/01\/s3n2j9i-1.jpg","contentUrl":"https:\/\/mekulo.com\/se\/wp-content\/uploads\/sites\/11\/2026\/01\/s3n2j9i-1.jpg","width":679,"height":657},{"@type":"BreadcrumbList","@id":"https:\/\/mekulo.com\/se\/produkt\/automatisk-naltradare-2-st\/#breadcrumb","itemListElement":[{"@type":"ListItem","position":1,"name":"Home","item":"https:\/\/mekulo.com\/se\/"},{"@type":"ListItem","position":2,"name":"Butik","item":"https:\/\/mekulo.com\/se\/butik\/"},{"@type":"ListItem","position":3,"name":"Automatisk n\u00e5ltr\u00e4dare (2 st)"}]},{"@type":"WebSite","@id":"https:\/\/mekulo.com\/se\/#website","url":"https:\/\/mekulo.com\/se\/","name":"Mekulo SE","description":"","publisher":{"@id":"https:\/\/mekulo.com\/se\/#organization"},"potentialAction":[{"@type":"SearchAction","target":{"@type":"EntryPoint","urlTemplate":"https:\/\/mekulo.com\/se\/?s={search_term_string}"},"query-input":{"@type":"PropertyValueSpecification","valueRequired":true,"valueName":"search_term_string"}}],"inLanguage":"en-US"},{"@type":"Organization","@id":"https:\/\/mekulo.com\/se\/#organization","name":"Mekulo","url":"https:\/\/mekulo.com\/se\/","logo":{"@type":"ImageObject","inLanguage":"en-US","@id":"https:\/\/mekulo.com\/se\/#\/schema\/logo\/image\/","url":"https:\/\/mekulo.com\/se\/wp-content\/uploads\/sites\/11\/2025\/12\/favicon_mekulo.png","contentUrl":"https:\/\/mekulo.com\/se\/wp-content\/uploads\/sites\/11\/2025\/12\/favicon_mekulo.png","width":50,"height":50,"caption":"Mekulo"},"image":{"@id":"https:\/\/mekulo.com\/se\/#\/schema\/logo\/image\/"}}]}},"_links":{"self":[{"href":"https:\/\/mekulo.com\/se\/wp-json\/wp\/v2\/product\/19545","targetHints":{"allow":["GET"]}}],"collection":[{"href":"https:\/\/mekulo.com\/se\/wp-json\/wp\/v2\/product"}],"about":[{"href":"https:\/\/mekulo.com\/se\/wp-json\/wp\/v2\/types\/product"}],"replies":[{"embeddable":true,"href":"https:\/\/mekulo.com\/se\/wp-json\/wp\/v2\/comments?post=19545"}],"wp:featuredmedia":[{"embeddable":true,"href":"https:\/\/mekulo.com\/se\/wp-json\/wp\/v2\/media\/19541"}],"wp:attachment":[{"href":"https:\/\/mekulo.com\/se\/wp-json\/wp\/v2\/media?parent=19545"}],"wp:term":[{"taxonomy":"product_brand","embeddable":true,"href":"https:\/\/mekulo.com\/se\/wp-json\/wp\/v2\/product_brand?post=19545"},{"taxonomy":"product_cat","embeddable":true,"href":"https:\/\/mekulo.com\/se\/wp-json\/wp\/v2\/product_cat?post=19545"},{"taxonomy":"product_tag","embeddable":true,"href":"https:\/\/mekulo.com\/se\/wp-json\/wp\/v2\/product_tag?post=19545"}],"curies":[{"name":"wp","href":"https:\/\/api.w.org\/{rel}","templated":true}]}}