{"id":19493,"date":"2026-01-28T16:28:36","date_gmt":"2026-01-28T14:28:36","guid":{"rendered":"https:\/\/mekulo.com\/se\/produkt\/lufttat-forvaringsbehallare-for-livsmedel\/"},"modified":"2026-01-29T18:38:29","modified_gmt":"2026-01-29T16:38:29","slug":"lufttat-forvaringsbehallare-for-livsmedel","status":"publish","type":"product","link":"https:\/\/mekulo.com\/se\/produkt\/lufttat-forvaringsbehallare-for-livsmedel\/","title":{"rendered":"Luftt\u00e4t f\u00f6rvaringsbeh\u00e5llare f\u00f6r livsmedel"},"content":{"rendered":"<p style=\"text-align: center;\" data-start=\"37\" data-end=\"110\"><strong data-start=\"37\" data-end=\"110\">H\u00e5ll din mat fr\u00e4sch, torr och skyddad med en stark luftt\u00e4t f\u00f6rsegling. \ud83c\udf5a<\/strong><\/p>\n<p data-start=\"37\" data-end=\"110\"><img fetchpriority=\"high\" decoding=\"async\" class=\"size-full wp-image-21929 aligncenter\" src=\"https:\/\/mekulo.com\/template\/wp-content\/uploads\/sites\/6\/2026\/01\/86d50d24ccdd066428bf429148dc3b6418f4113e.jpg\" alt=\"\" width=\"1080\" height=\"1080\" \/><\/p>\n<h2 style=\"text-align: center;\" data-start=\"361\" data-end=\"381\">Huvudsakliga f\u00f6rdelar<\/h2>\n<p data-start=\"383\" data-end=\"465\">\ud83d\udd12 Luftt\u00e4tt f\u00f6rseglingsskydd &#8211; Silikonring och sidol\u00e5s l\u00e5ser in f\u00e4rskheten.<\/p>\n<p data-start=\"467\" data-end=\"547\">\ud83d\udc40 Klar &amp; l\u00e4tt att se &#8211; Den transparenta kroppen g\u00f6r att du kan se inneh\u00e5llet direkt.<\/p>\n<p data-start=\"549\" data-end=\"634\">\ud83c\udf5a F\u00f6rvaring med stor kapacitet &#8211; Perfekt f\u00f6r ris, spannm\u00e5l, mj\u00f6l, socker och djurfoder.<\/p>\n<p data-start=\"636\" data-end=\"705\">\ud83d\udce6 Stapelbar design &#8211; Sparar utrymme i sk\u00e5p, kylsk\u00e5p eller skafferi.<\/p>\n<p data-start=\"707\" data-end=\"774\">\ud83d\udd90 F\u00f6rsegling med en hand &#8211; Tryck p\u00e5 locket f\u00f6r att f\u00f6rsegla, lyft f\u00f6r att \u00f6ppna.<\/p>\n<p data-start=\"776\" data-end=\"835\">\ud83d\udee1 Livsmedelsgodk\u00e4nd &amp; BPA-fri &#8211; S\u00e4ker f\u00f6r daglig matf\u00f6rvaring.<\/p>\n<p data-start=\"776\" data-end=\"835\"><img decoding=\"async\" class=\"size-full wp-image-21928 aligncenter\" src=\"https:\/\/mekulo.com\/template\/wp-content\/uploads\/sites\/6\/2026\/01\/b11dd32b58b3213b920f49d21deb85688c5c1ea6-700.jpg\" alt=\"\" width=\"1080\" height=\"1080\" \/><\/p>\n<h2 style=\"text-align: center;\" data-start=\"842\" data-end=\"859\"><strong>Hur man anv\u00e4nder<\/strong><\/h2>\n<ol data-start=\"861\" data-end=\"1053\">\n<li data-start=\"861\" data-end=\"899\">\n<p data-start=\"864\" data-end=\"899\">Fyll beh\u00e5llaren med torrfoder.<\/p>\n<\/li>\n<li data-start=\"900\" data-end=\"964\">\n<p data-start=\"903\" data-end=\"964\">St\u00e4ng locket och tryck ner f\u00f6r att aktivera den luftt\u00e4ta f\u00f6rseglingen.<\/p>\n<\/li>\n<li data-start=\"965\" data-end=\"1011\">\n<p data-start=\"968\" data-end=\"1011\">F\u00f6rvara i ditt skafferi, kylsk\u00e5p eller sk\u00e5p.<\/p>\n<\/li>\n<li data-start=\"1012\" data-end=\"1053\">\n<p data-start=\"1015\" data-end=\"1053\">Lyft p\u00e5 lockringen f\u00f6r att \u00f6ppna vid behov.<\/p>\n<\/li>\n<\/ol>\n<h2 style=\"text-align: center;\" data-start=\"1060\" data-end=\"1082\"><strong>Produktdetaljer<\/strong><\/h2>\n<ul data-start=\"1084\" data-end=\"1303\">\n<li data-start=\"1084\" data-end=\"1107\">\n<p data-start=\"1086\" data-end=\"1107\">Material: PET + ABS<\/p>\n<\/li>\n<li data-start=\"1108\" data-end=\"1153\">\n<p data-start=\"1110\" data-end=\"1153\">Sf\u00f6rseglingstyp: Silikonring med sidosp\u00e4nnen<\/p>\n<\/li>\n<li data-start=\"1154\" data-end=\"1194\">\n<p data-start=\"1156\" data-end=\"1194\">Design: Klar, bred mynning, stapelbar<\/p>\n<\/li>\n<li data-start=\"1195\" data-end=\"1253\">\n<p data-start=\"1197\" data-end=\"1215\">Kapacitet tillg\u00e4nglig: <span style=\"font-size: 16px;\">700 ml, <\/span><span style=\"font-size: 16px;\">1500 ml, <\/span><span style=\"font-size: 16px;\">1900 ml<\/span><\/p>\n<\/li>\n<li data-start=\"1254\" data-end=\"1303\">\n<p data-start=\"1256\" data-end=\"1303\">Anv\u00e4ndning: Torr mat, spannm\u00e5l, bakverk, djurmat<\/p>\n<\/li>\n<\/ul>\n<h2 style=\"text-align: center;\" data-start=\"1310\" data-end=\"1333\"><strong>Paketet inneh\u00e5ller<\/strong><\/h2>\n<ul data-start=\"1335\" data-end=\"1374\">\n<li data-start=\"1335\" data-end=\"1374\">\n<p data-start=\"1337\" data-end=\"1374\">1, 2, 3x luftt\u00e4ta matf\u00f6rvaringsbeh\u00e5llare.<\/p>\n<\/li>\n<\/ul>\n","protected":false},"excerpt":{"rendered":"<p><span style=\"font-size: 16px; font-style: normal; font-weight: 400;\">\ud83c\udf53<\/span>Den h\u00e4r luftt\u00e4ta matf\u00f6rvaringsbeh\u00e5llaren st\u00e4nger ute luft, fukt och insekter f\u00f6r att h\u00e5lla torra livsmedel f\u00e4rska l\u00e4ngre.<br \/>\n\ud83d\udc69\u200d\ud83c\udf73Den genomskinlig kropp och bred \u00f6ppning g\u00f6r det enkelt att se, skopa och organisera allt fr\u00e5n spannm\u00e5l till snacks i ditt k\u00f6k eller skafferi.<br \/>\n\ud83c\udf47Ett enkelt och p\u00e5litligt s\u00e4tt att h\u00e5lla maten f\u00e4rsk och k\u00f6ket organiserat.<\/p>\n","protected":false},"featured_media":19489,"comment_status":"open","ping_status":"closed","template":"","meta":{"site-sidebar-layout":"default","site-content-layout":"","ast-site-content-layout":"default","site-content-style":"default","site-sidebar-style":"default","ast-global-header-display":"","ast-banner-title-visibility":"","ast-main-header-display":"","ast-hfb-above-header-display":"","ast-hfb-below-header-display":"","ast-hfb-mobile-header-display":"","site-post-title":"","ast-breadcrumbs-content":"","ast-featured-img":"","footer-sml-layout":"","theme-transparent-header-meta":"default","adv-header-id-meta":"","stick-header-meta":"","header-above-stick-meta":"","header-main-stick-meta":"","header-below-stick-meta":"","astra-migrate-meta-layouts":"set","ast-page-background-enabled":"default","ast-page-background-meta":{"desktop":{"background-color":"var(--ast-global-color-5)","background-image":"","background-repeat":"repeat","background-position":"center center","background-size":"auto","background-attachment":"scroll","background-type":"","background-media":"","overlay-type":"","overlay-color":"","overlay-opacity":"","overlay-gradient":""},"tablet":{"background-color":"","background-image":"","background-repeat":"repeat","background-position":"center center","background-size":"auto","background-attachment":"scroll","background-type":"","background-media":"","overlay-type":"","overlay-color":"","overlay-opacity":"","overlay-gradient":""},"mobile":{"background-color":"","background-image":"","background-repeat":"repeat","background-position":"center center","background-size":"auto","background-attachment":"scroll","background-type":"","background-media":"","overlay-type":"","overlay-color":"","overlay-opacity":"","overlay-gradient":""}},"ast-content-background-meta":{"desktop":{"background-color":"var(--ast-global-color-4)","background-image":"","background-repeat":"repeat","background-position":"center center","background-size":"auto","background-attachment":"scroll","background-type":"","background-media":"","overlay-type":"","overlay-color":"","overlay-opacity":"","overlay-gradient":""},"tablet":{"background-color":"var(--ast-global-color-4)","background-image":"","background-repeat":"repeat","background-position":"center center","background-size":"auto","background-attachment":"scroll","background-type":"","background-media":"","overlay-type":"","overlay-color":"","overlay-opacity":"","overlay-gradient":""},"mobile":{"background-color":"var(--ast-global-color-4)","background-image":"","background-repeat":"repeat","background-position":"center center","background-size":"auto","background-attachment":"scroll","background-type":"","background-media":"","overlay-type":"","overlay-color":"","overlay-opacity":"","overlay-gradient":""}}},"product_brand":[],"product_cat":[168],"product_tag":[],"class_list":{"0":"post-19493","1":"product","2":"type-product","3":"status-publish","4":"has-post-thumbnail","6":"product_cat-hushallsartiklar","7":"pa_51710_3uugd3or-1500-ml","8":"pa_51710_3uugd3or-1900-ml","9":"pa_51710_3uugd3or-700-ml","10":"pa_51710_v8bhi5h1-1-st","11":"pa_51710_v8bhi5h1-2-st","12":"pa_51710_v8bhi5h1-3-st","13":"desktop-align-left","14":"tablet-align-left","15":"mobile-align-left","17":"first","18":"instock","19":"shipping-taxable","20":"purchasable","21":"product-type-variable","22":"has-default-attributes"},"yoast_head":"<!-- This site is optimized with the Yoast SEO plugin v26.6 - https:\/\/yoast.com\/wordpress\/plugins\/seo\/ -->\n<title>Luftt\u00e4t f\u00f6rvaringsbeh\u00e5llare f\u00f6r livsmedel - Mekulo SE<\/title>\n<meta name=\"robots\" content=\"index, follow, max-snippet:-1, max-image-preview:large, max-video-preview:-1\" \/>\n<link rel=\"canonical\" href=\"https:\/\/mekulo.com\/se\/produkt\/lufttat-forvaringsbehallare-for-livsmedel\/\" \/>\n<meta property=\"og:locale\" content=\"en_US\" \/>\n<meta property=\"og:type\" content=\"article\" \/>\n<meta property=\"og:title\" content=\"Luftt\u00e4t f\u00f6rvaringsbeh\u00e5llare f\u00f6r livsmedel - Mekulo SE\" \/>\n<meta property=\"og:description\" content=\"\ud83c\udf53Den h\u00e4r luftt\u00e4ta matf\u00f6rvaringsbeh\u00e5llaren st\u00e4nger ute luft, fukt och insekter f\u00f6r att h\u00e5lla torra livsmedel f\u00e4rska l\u00e4ngre. \ud83d\udc69\u200d\ud83c\udf73Den genomskinlig kropp och bred \u00f6ppning g\u00f6r det enkelt att se, skopa och organisera allt fr\u00e5n spannm\u00e5l till snacks i ditt k\u00f6k eller skafferi. \ud83c\udf47Ett enkelt och p\u00e5litligt s\u00e4tt att h\u00e5lla maten f\u00e4rsk och k\u00f6ket organiserat.\" \/>\n<meta property=\"og:url\" content=\"https:\/\/mekulo.com\/se\/produkt\/lufttat-forvaringsbehallare-for-livsmedel\/\" \/>\n<meta property=\"og:site_name\" content=\"Mekulo SE\" \/>\n<meta property=\"article:modified_time\" content=\"2026-01-29T16:38:29+00:00\" \/>\n<meta property=\"og:image\" content=\"https:\/\/mekulo.com\/se\/wp-content\/uploads\/sites\/11\/2026\/01\/7xf82mk-1.jpg\" \/>\n\t<meta property=\"og:image:width\" content=\"790\" \/>\n\t<meta property=\"og:image:height\" content=\"790\" \/>\n\t<meta property=\"og:image:type\" content=\"image\/jpeg\" \/>\n<meta name=\"twitter:card\" content=\"summary_large_image\" \/>\n<meta name=\"twitter:label1\" content=\"Est. reading time\" \/>\n\t<meta name=\"twitter:data1\" content=\"2 minutes\" \/>\n<script type=\"application\/ld+json\" class=\"yoast-schema-graph\">{\"@context\":\"https:\/\/schema.org\",\"@graph\":[{\"@type\":\"WebPage\",\"@id\":\"https:\/\/mekulo.com\/se\/produkt\/lufttat-forvaringsbehallare-for-livsmedel\/\",\"url\":\"https:\/\/mekulo.com\/se\/produkt\/lufttat-forvaringsbehallare-for-livsmedel\/\",\"name\":\"Luftt\u00e4t f\u00f6rvaringsbeh\u00e5llare f\u00f6r livsmedel - Mekulo SE\",\"isPartOf\":{\"@id\":\"https:\/\/mekulo.com\/se\/#website\"},\"primaryImageOfPage\":{\"@id\":\"https:\/\/mekulo.com\/se\/produkt\/lufttat-forvaringsbehallare-for-livsmedel\/#primaryimage\"},\"image\":{\"@id\":\"https:\/\/mekulo.com\/se\/produkt\/lufttat-forvaringsbehallare-for-livsmedel\/#primaryimage\"},\"thumbnailUrl\":\"https:\/\/mekulo.com\/se\/wp-content\/uploads\/sites\/11\/2026\/01\/7xf82mk-1.jpg\",\"datePublished\":\"2026-01-28T14:28:36+00:00\",\"dateModified\":\"2026-01-29T16:38:29+00:00\",\"breadcrumb\":{\"@id\":\"https:\/\/mekulo.com\/se\/produkt\/lufttat-forvaringsbehallare-for-livsmedel\/#breadcrumb\"},\"inLanguage\":\"en-US\",\"potentialAction\":[{\"@type\":\"ReadAction\",\"target\":[\"https:\/\/mekulo.com\/se\/produkt\/lufttat-forvaringsbehallare-for-livsmedel\/\"]}]},{\"@type\":\"ImageObject\",\"inLanguage\":\"en-US\",\"@id\":\"https:\/\/mekulo.com\/se\/produkt\/lufttat-forvaringsbehallare-for-livsmedel\/#primaryimage\",\"url\":\"https:\/\/mekulo.com\/se\/wp-content\/uploads\/sites\/11\/2026\/01\/7xf82mk-1.jpg\",\"contentUrl\":\"https:\/\/mekulo.com\/se\/wp-content\/uploads\/sites\/11\/2026\/01\/7xf82mk-1.jpg\",\"width\":790,\"height\":790},{\"@type\":\"BreadcrumbList\",\"@id\":\"https:\/\/mekulo.com\/se\/produkt\/lufttat-forvaringsbehallare-for-livsmedel\/#breadcrumb\",\"itemListElement\":[{\"@type\":\"ListItem\",\"position\":1,\"name\":\"Home\",\"item\":\"https:\/\/mekulo.com\/se\/\"},{\"@type\":\"ListItem\",\"position\":2,\"name\":\"Butik\",\"item\":\"https:\/\/mekulo.com\/se\/butik\/\"},{\"@type\":\"ListItem\",\"position\":3,\"name\":\"Luftt\u00e4t f\u00f6rvaringsbeh\u00e5llare f\u00f6r livsmedel\"}]},{\"@type\":\"WebSite\",\"@id\":\"https:\/\/mekulo.com\/se\/#website\",\"url\":\"https:\/\/mekulo.com\/se\/\",\"name\":\"Mekulo SE\",\"description\":\"\",\"publisher\":{\"@id\":\"https:\/\/mekulo.com\/se\/#organization\"},\"potentialAction\":[{\"@type\":\"SearchAction\",\"target\":{\"@type\":\"EntryPoint\",\"urlTemplate\":\"https:\/\/mekulo.com\/se\/?s={search_term_string}\"},\"query-input\":{\"@type\":\"PropertyValueSpecification\",\"valueRequired\":true,\"valueName\":\"search_term_string\"}}],\"inLanguage\":\"en-US\"},{\"@type\":\"Organization\",\"@id\":\"https:\/\/mekulo.com\/se\/#organization\",\"name\":\"Mekulo\",\"url\":\"https:\/\/mekulo.com\/se\/\",\"logo\":{\"@type\":\"ImageObject\",\"inLanguage\":\"en-US\",\"@id\":\"https:\/\/mekulo.com\/se\/#\/schema\/logo\/image\/\",\"url\":\"https:\/\/mekulo.com\/se\/wp-content\/uploads\/sites\/11\/2025\/12\/favicon_mekulo.png\",\"contentUrl\":\"https:\/\/mekulo.com\/se\/wp-content\/uploads\/sites\/11\/2025\/12\/favicon_mekulo.png\",\"width\":50,\"height\":50,\"caption\":\"Mekulo\"},\"image\":{\"@id\":\"https:\/\/mekulo.com\/se\/#\/schema\/logo\/image\/\"}}]}<\/script>\n<!-- \/ Yoast SEO plugin. -->","yoast_head_json":{"title":"Luftt\u00e4t f\u00f6rvaringsbeh\u00e5llare f\u00f6r livsmedel - Mekulo SE","robots":{"index":"index","follow":"follow","max-snippet":"max-snippet:-1","max-image-preview":"max-image-preview:large","max-video-preview":"max-video-preview:-1"},"canonical":"https:\/\/mekulo.com\/se\/produkt\/lufttat-forvaringsbehallare-for-livsmedel\/","og_locale":"en_US","og_type":"article","og_title":"Luftt\u00e4t f\u00f6rvaringsbeh\u00e5llare f\u00f6r livsmedel - Mekulo SE","og_description":"\ud83c\udf53Den h\u00e4r luftt\u00e4ta matf\u00f6rvaringsbeh\u00e5llaren st\u00e4nger ute luft, fukt och insekter f\u00f6r att h\u00e5lla torra livsmedel f\u00e4rska l\u00e4ngre. \ud83d\udc69\u200d\ud83c\udf73Den genomskinlig kropp och bred \u00f6ppning g\u00f6r det enkelt att se, skopa och organisera allt fr\u00e5n spannm\u00e5l till snacks i ditt k\u00f6k eller skafferi. \ud83c\udf47Ett enkelt och p\u00e5litligt s\u00e4tt att h\u00e5lla maten f\u00e4rsk och k\u00f6ket organiserat.","og_url":"https:\/\/mekulo.com\/se\/produkt\/lufttat-forvaringsbehallare-for-livsmedel\/","og_site_name":"Mekulo SE","article_modified_time":"2026-01-29T16:38:29+00:00","og_image":[{"width":790,"height":790,"url":"https:\/\/mekulo.com\/se\/wp-content\/uploads\/sites\/11\/2026\/01\/7xf82mk-1.jpg","type":"image\/jpeg"}],"twitter_card":"summary_large_image","twitter_misc":{"Est. reading time":"2 minutes"},"schema":{"@context":"https:\/\/schema.org","@graph":[{"@type":"WebPage","@id":"https:\/\/mekulo.com\/se\/produkt\/lufttat-forvaringsbehallare-for-livsmedel\/","url":"https:\/\/mekulo.com\/se\/produkt\/lufttat-forvaringsbehallare-for-livsmedel\/","name":"Luftt\u00e4t f\u00f6rvaringsbeh\u00e5llare f\u00f6r livsmedel - Mekulo SE","isPartOf":{"@id":"https:\/\/mekulo.com\/se\/#website"},"primaryImageOfPage":{"@id":"https:\/\/mekulo.com\/se\/produkt\/lufttat-forvaringsbehallare-for-livsmedel\/#primaryimage"},"image":{"@id":"https:\/\/mekulo.com\/se\/produkt\/lufttat-forvaringsbehallare-for-livsmedel\/#primaryimage"},"thumbnailUrl":"https:\/\/mekulo.com\/se\/wp-content\/uploads\/sites\/11\/2026\/01\/7xf82mk-1.jpg","datePublished":"2026-01-28T14:28:36+00:00","dateModified":"2026-01-29T16:38:29+00:00","breadcrumb":{"@id":"https:\/\/mekulo.com\/se\/produkt\/lufttat-forvaringsbehallare-for-livsmedel\/#breadcrumb"},"inLanguage":"en-US","potentialAction":[{"@type":"ReadAction","target":["https:\/\/mekulo.com\/se\/produkt\/lufttat-forvaringsbehallare-for-livsmedel\/"]}]},{"@type":"ImageObject","inLanguage":"en-US","@id":"https:\/\/mekulo.com\/se\/produkt\/lufttat-forvaringsbehallare-for-livsmedel\/#primaryimage","url":"https:\/\/mekulo.com\/se\/wp-content\/uploads\/sites\/11\/2026\/01\/7xf82mk-1.jpg","contentUrl":"https:\/\/mekulo.com\/se\/wp-content\/uploads\/sites\/11\/2026\/01\/7xf82mk-1.jpg","width":790,"height":790},{"@type":"BreadcrumbList","@id":"https:\/\/mekulo.com\/se\/produkt\/lufttat-forvaringsbehallare-for-livsmedel\/#breadcrumb","itemListElement":[{"@type":"ListItem","position":1,"name":"Home","item":"https:\/\/mekulo.com\/se\/"},{"@type":"ListItem","position":2,"name":"Butik","item":"https:\/\/mekulo.com\/se\/butik\/"},{"@type":"ListItem","position":3,"name":"Luftt\u00e4t f\u00f6rvaringsbeh\u00e5llare f\u00f6r livsmedel"}]},{"@type":"WebSite","@id":"https:\/\/mekulo.com\/se\/#website","url":"https:\/\/mekulo.com\/se\/","name":"Mekulo SE","description":"","publisher":{"@id":"https:\/\/mekulo.com\/se\/#organization"},"potentialAction":[{"@type":"SearchAction","target":{"@type":"EntryPoint","urlTemplate":"https:\/\/mekulo.com\/se\/?s={search_term_string}"},"query-input":{"@type":"PropertyValueSpecification","valueRequired":true,"valueName":"search_term_string"}}],"inLanguage":"en-US"},{"@type":"Organization","@id":"https:\/\/mekulo.com\/se\/#organization","name":"Mekulo","url":"https:\/\/mekulo.com\/se\/","logo":{"@type":"ImageObject","inLanguage":"en-US","@id":"https:\/\/mekulo.com\/se\/#\/schema\/logo\/image\/","url":"https:\/\/mekulo.com\/se\/wp-content\/uploads\/sites\/11\/2025\/12\/favicon_mekulo.png","contentUrl":"https:\/\/mekulo.com\/se\/wp-content\/uploads\/sites\/11\/2025\/12\/favicon_mekulo.png","width":50,"height":50,"caption":"Mekulo"},"image":{"@id":"https:\/\/mekulo.com\/se\/#\/schema\/logo\/image\/"}}]}},"_links":{"self":[{"href":"https:\/\/mekulo.com\/se\/wp-json\/wp\/v2\/product\/19493","targetHints":{"allow":["GET"]}}],"collection":[{"href":"https:\/\/mekulo.com\/se\/wp-json\/wp\/v2\/product"}],"about":[{"href":"https:\/\/mekulo.com\/se\/wp-json\/wp\/v2\/types\/product"}],"replies":[{"embeddable":true,"href":"https:\/\/mekulo.com\/se\/wp-json\/wp\/v2\/comments?post=19493"}],"wp:featuredmedia":[{"embeddable":true,"href":"https:\/\/mekulo.com\/se\/wp-json\/wp\/v2\/media\/19489"}],"wp:attachment":[{"href":"https:\/\/mekulo.com\/se\/wp-json\/wp\/v2\/media?parent=19493"}],"wp:term":[{"taxonomy":"product_brand","embeddable":true,"href":"https:\/\/mekulo.com\/se\/wp-json\/wp\/v2\/product_brand?post=19493"},{"taxonomy":"product_cat","embeddable":true,"href":"https:\/\/mekulo.com\/se\/wp-json\/wp\/v2\/product_cat?post=19493"},{"taxonomy":"product_tag","embeddable":true,"href":"https:\/\/mekulo.com\/se\/wp-json\/wp\/v2\/product_tag?post=19493"}],"curies":[{"name":"wp","href":"https:\/\/api.w.org\/{rel}","templated":true}]}}