{"id":19417,"date":"2026-01-28T16:21:54","date_gmt":"2026-01-28T14:21:54","guid":{"rendered":"https:\/\/mekulo.com\/se\/produkt\/kabelanslutningar-for-lagspanningslandskapsledningar\/"},"modified":"2026-02-10T11:09:06","modified_gmt":"2026-02-10T09:09:06","slug":"kabelanslutningar-for-lagspanningslandskapsledningar","status":"publish","type":"product","link":"https:\/\/mekulo.com\/se\/produkt\/kabelanslutningar-for-lagspanningslandskapsledningar\/","title":{"rendered":"Kabelanslutningar f\u00f6r l\u00e5gsp\u00e4nningslandskapsledningar"},"content":{"rendered":"<p style=\"text-align: center;\" data-start=\"43\" data-end=\"119\"><strong data-start=\"43\" data-end=\"119\">Anslut dina landskapsbelysningar snabbt och s\u00e4kert utan att n\u00e5gra verktyg beh\u00f6vs. \ud83d\udea8<\/strong><\/p>\n<p data-start=\"43\" data-end=\"119\"><img fetchpriority=\"high\" decoding=\"async\" class=\"size-full wp-image-21862 aligncenter\" src=\"https:\/\/mekulo.com\/template\/wp-content\/uploads\/sites\/6\/2026\/01\/7f4fb52c180074576adeaef1b0fd3405fc37332c-700.jpg\" alt=\"\" width=\"1080\" height=\"1038\" \/><\/p>\n<h2 style=\"text-align: center;\" data-start=\"393\" data-end=\"412\">Huvudsakliga f\u00f6rdelar<\/h2>\n<p data-start=\"414\" data-end=\"490\">\ud83d\udd27 Verktygsfri installation &#8211; Ingen kapning, strippning eller krympning kr\u00e4vs.<\/p>\n<p data-start=\"492\" data-end=\"575\">\ud83d\udcaa Fastlock-skruvdesign &#8211; Vridfast lock s\u00e4kerst\u00e4ller en s\u00e4ker, stabil anslutning.<\/p>\n<p data-start=\"577\" data-end=\"662\">\ud83c\udf27 IP65 vattent\u00e4tt skydd &#8211; Fungerar s\u00e4kert i regn, sn\u00f6 och frostv\u00e4der.<\/p>\n<p data-start=\"664\" data-end=\"759\">\ud83d\udd0c Stark &amp; p\u00e5litlig anslutning &#8211; Nylonskal med m\u00e4ssingselektropl\u00e4terade stift f\u00f6r h\u00e5llbarhet.<\/p>\n<p data-start=\"761\" data-end=\"836\">\ud83c\udfe1 Bred kompatibilitet &#8211; Passar de flesta l\u00e5gsp\u00e4nningsledningar f\u00f6r landskapsbelysning.<\/p>\n<p data-start=\"761\" data-end=\"836\"><img decoding=\"async\" class=\"size-full wp-image-21867 aligncenter\" src=\"https:\/\/mekulo.com\/template\/wp-content\/uploads\/sites\/6\/2026\/01\/S6a3f938de1e44cf882e3a5aa900d16c9i.jpg_960x960q75.jpg_.avif\" alt=\"\" width=\"960\" height=\"960\" \/><\/p>\n<h2 style=\"text-align: center;\" data-start=\"843\" data-end=\"860\"><strong>Hur man anv\u00e4nder<\/strong><\/h2>\n<ol data-start=\"862\" data-end=\"1057\">\n<li data-start=\"862\" data-end=\"902\">\n<p data-start=\"865\" data-end=\"902\">S\u00e4tt in ledningen i kontakten.<\/p>\n<\/li>\n<li data-start=\"903\" data-end=\"964\">\n<p data-start=\"906\" data-end=\"964\">Vrid locket f\u00f6r att dra \u00e5t och genomborra ledningsisoleringen.<\/p>\n<\/li>\n<li data-start=\"965\" data-end=\"1004\">\n<p data-start=\"968\" data-end=\"1004\">Se till att locket \u00e4r helt \u00e5tdraget.<\/p>\n<\/li>\n<li data-start=\"1005\" data-end=\"1057\">\n<p data-start=\"1008\" data-end=\"1057\">Sl\u00e5 p\u00e5 dina lampor och njut av en solid anslutning.<\/p>\n<\/li>\n<\/ol>\n<h2 style=\"text-align: center;\" data-start=\"1064\" data-end=\"1086\"><strong>Produktdetaljer<\/strong><\/h2>\n<ul data-start=\"1088\" data-end=\"1368\">\n<li data-start=\"1088\" data-end=\"1148\">\n<p data-start=\"1090\" data-end=\"1148\">Material: Nylonplastskal + galvaniserade m\u00e4ssingsstift<\/p>\n<\/li>\n<li data-start=\"1149\" data-end=\"1200\">\n<p data-start=\"1151\" data-end=\"1200\">Design: Fastlock skruvt\u00e4t piercingkontakt<\/p>\n<\/li>\n<li data-start=\"1201\" data-end=\"1228\">\n<p data-start=\"1203\" data-end=\"1228\">Vattent\u00e4thetsklassning: IP65<\/p>\n<\/li>\n<li data-start=\"1292\" data-end=\"1327\">\n<p data-start=\"1294\" data-end=\"1327\">Effektanv\u00e4ndning: L\u00e5gsp\u00e4nningsbelysning<\/p>\n<\/li>\n<li data-start=\"1328\" data-end=\"1368\">\n<p data-start=\"1330\" data-end=\"1368\">L\u00e4mplig f\u00f6r: Inomhus- och utomhusbruk<\/p>\n<\/li>\n<li data-start=\"1328\" data-end=\"1368\">\n<p data-start=\"1330\" data-end=\"1368\">Storlek: 37 x 12,5 x 9,5 mm<\/p>\n<\/li>\n<li data-start=\"1328\" data-end=\"1368\">Kompatibel kabelarea: Ljussladd 14\/16\/18\/20 AWG<\/li>\n<\/ul>\n<h2 style=\"text-align: center;\" data-start=\"1375\" data-end=\"1398\"><strong>F\u00f6rpackningen inneh\u00e5ller<\/strong><\/h2>\n<ul data-start=\"1400\" data-end=\"1435\">\n<li data-start=\"1400\" data-end=\"1435\">\n<p data-start=\"1402\" data-end=\"1435\">6, 10, 20, 40x kabelanslutningar f\u00f6r l\u00e5gsp\u00e4nningslandskap.<\/p>\n<\/li>\n<\/ul>\n","protected":false},"excerpt":{"rendered":"<p><span style=\"font-size: 16px; font-style: normal; font-weight: 400;\">\u26a1<\/span>De h\u00e4r l\u00e5gsp\u00e4nningsanslutningarna f\u00f6r landskapsbelysning g\u00f6r kabeldragningen enkel och tillf\u00f6rlitlig f\u00f6r b\u00e5de inomhus- och utomhusbelysningsprojekt.<br \/>\n\ud83d\udd27Med en skruvt\u00e4t fastl\u00e5sdesign och genomtr\u00e4ngande stift skapar de en stark elektrisk anslutning utan att kapa, avisolera eller krympa ledningar.<br \/>\n\ud83d\udca6En snabb, v\u00e4derbest\u00e4ndig och problemfri l\u00f6sning f\u00f6r anslutning av din landskapsbelysning.<\/p>\n","protected":false},"featured_media":19413,"comment_status":"open","ping_status":"closed","template":"","meta":{"site-sidebar-layout":"default","site-content-layout":"","ast-site-content-layout":"default","site-content-style":"default","site-sidebar-style":"default","ast-global-header-display":"","ast-banner-title-visibility":"","ast-main-header-display":"","ast-hfb-above-header-display":"","ast-hfb-below-header-display":"","ast-hfb-mobile-header-display":"","site-post-title":"","ast-breadcrumbs-content":"","ast-featured-img":"","footer-sml-layout":"","theme-transparent-header-meta":"default","adv-header-id-meta":"","stick-header-meta":"","header-above-stick-meta":"","header-main-stick-meta":"","header-below-stick-meta":"","astra-migrate-meta-layouts":"set","ast-page-background-enabled":"default","ast-page-background-meta":{"desktop":{"background-color":"var(--ast-global-color-5)","background-image":"","background-repeat":"repeat","background-position":"center center","background-size":"auto","background-attachment":"scroll","background-type":"","background-media":"","overlay-type":"","overlay-color":"","overlay-opacity":"","overlay-gradient":""},"tablet":{"background-color":"","background-image":"","background-repeat":"repeat","background-position":"center center","background-size":"auto","background-attachment":"scroll","background-type":"","background-media":"","overlay-type":"","overlay-color":"","overlay-opacity":"","overlay-gradient":""},"mobile":{"background-color":"","background-image":"","background-repeat":"repeat","background-position":"center center","background-size":"auto","background-attachment":"scroll","background-type":"","background-media":"","overlay-type":"","overlay-color":"","overlay-opacity":"","overlay-gradient":""}},"ast-content-background-meta":{"desktop":{"background-color":"var(--ast-global-color-4)","background-image":"","background-repeat":"repeat","background-position":"center center","background-size":"auto","background-attachment":"scroll","background-type":"","background-media":"","overlay-type":"","overlay-color":"","overlay-opacity":"","overlay-gradient":""},"tablet":{"background-color":"var(--ast-global-color-4)","background-image":"","background-repeat":"repeat","background-position":"center center","background-size":"auto","background-attachment":"scroll","background-type":"","background-media":"","overlay-type":"","overlay-color":"","overlay-opacity":"","overlay-gradient":""},"mobile":{"background-color":"var(--ast-global-color-4)","background-image":"","background-repeat":"repeat","background-position":"center center","background-size":"auto","background-attachment":"scroll","background-type":"","background-media":"","overlay-type":"","overlay-color":"","overlay-opacity":"","overlay-gradient":""}}},"product_brand":[],"product_cat":[171],"product_tag":[],"class_list":{"0":"post-19417","1":"product","2":"type-product","3":"status-publish","4":"has-post-thumbnail","6":"product_cat-verktyg","7":"pa_51679_6xrvzcii-10-st","8":"pa_51679_6xrvzcii-20-st","9":"pa_51679_6xrvzcii-40-st","10":"pa_51679_6xrvzcii-6-st","11":"pa_51679_pw3nzmu2-bla","12":"pa_51679_pw3nzmu2-gul","13":"pa_51679_pw3nzmu2-rod","14":"pa_51679_pw3nzmu2-svart","15":"desktop-align-left","16":"tablet-align-left","17":"mobile-align-left","19":"first","20":"instock","21":"shipping-taxable","22":"purchasable","23":"product-type-variable","24":"has-default-attributes"},"yoast_head":"<!-- This site is optimized with the Yoast SEO plugin v26.6 - https:\/\/yoast.com\/wordpress\/plugins\/seo\/ -->\n<title>Kabelanslutningar f\u00f6r l\u00e5gsp\u00e4nningslandskapsledningar - Mekulo SE<\/title>\n<meta name=\"robots\" content=\"index, follow, max-snippet:-1, max-image-preview:large, max-video-preview:-1\" \/>\n<link rel=\"canonical\" href=\"https:\/\/mekulo.com\/se\/produkt\/kabelanslutningar-for-lagspanningslandskapsledningar\/\" \/>\n<meta property=\"og:locale\" content=\"sv_SE\" \/>\n<meta property=\"og:type\" content=\"article\" \/>\n<meta property=\"og:title\" content=\"Kabelanslutningar f\u00f6r l\u00e5gsp\u00e4nningslandskapsledningar - Mekulo SE\" \/>\n<meta property=\"og:description\" content=\"\u26a1De h\u00e4r l\u00e5gsp\u00e4nningsanslutningarna f\u00f6r landskapsbelysning g\u00f6r kabeldragningen enkel och tillf\u00f6rlitlig f\u00f6r b\u00e5de inomhus- och utomhusbelysningsprojekt. \ud83d\udd27Med en skruvt\u00e4t fastl\u00e5sdesign och genomtr\u00e4ngande stift skapar de en stark elektrisk anslutning utan att kapa, avisolera eller krympa ledningar. \ud83d\udca6En snabb, v\u00e4derbest\u00e4ndig och problemfri l\u00f6sning f\u00f6r anslutning av din landskapsbelysning.\" \/>\n<meta property=\"og:url\" content=\"https:\/\/mekulo.com\/se\/produkt\/kabelanslutningar-for-lagspanningslandskapsledningar\/\" \/>\n<meta property=\"og:site_name\" content=\"Mekulo SE\" \/>\n<meta property=\"article:modified_time\" content=\"2026-02-10T09:09:06+00:00\" \/>\n<meta property=\"og:image\" content=\"https:\/\/mekulo.com\/se\/wp-content\/uploads\/sites\/11\/2026\/01\/xyo8kwr-1.jpg\" \/>\n\t<meta property=\"og:image:width\" content=\"960\" \/>\n\t<meta property=\"og:image:height\" content=\"960\" \/>\n\t<meta property=\"og:image:type\" content=\"image\/jpeg\" \/>\n<meta name=\"twitter:card\" content=\"summary_large_image\" \/>\n<meta name=\"twitter:label1\" content=\"Ber\u00e4knad l\u00e4stid\" \/>\n\t<meta name=\"twitter:data1\" content=\"2 minuter\" \/>\n<script type=\"application\/ld+json\" class=\"yoast-schema-graph\">{\"@context\":\"https:\/\/schema.org\",\"@graph\":[{\"@type\":\"WebPage\",\"@id\":\"https:\/\/mekulo.com\/se\/produkt\/kabelanslutningar-for-lagspanningslandskapsledningar\/\",\"url\":\"https:\/\/mekulo.com\/se\/produkt\/kabelanslutningar-for-lagspanningslandskapsledningar\/\",\"name\":\"Kabelanslutningar f\u00f6r l\u00e5gsp\u00e4nningslandskapsledningar - Mekulo SE\",\"isPartOf\":{\"@id\":\"https:\/\/mekulo.com\/se\/#website\"},\"primaryImageOfPage\":{\"@id\":\"https:\/\/mekulo.com\/se\/produkt\/kabelanslutningar-for-lagspanningslandskapsledningar\/#primaryimage\"},\"image\":{\"@id\":\"https:\/\/mekulo.com\/se\/produkt\/kabelanslutningar-for-lagspanningslandskapsledningar\/#primaryimage\"},\"thumbnailUrl\":\"https:\/\/mekulo.com\/se\/wp-content\/uploads\/sites\/11\/2026\/01\/xyo8kwr-1.jpg\",\"datePublished\":\"2026-01-28T14:21:54+00:00\",\"dateModified\":\"2026-02-10T09:09:06+00:00\",\"breadcrumb\":{\"@id\":\"https:\/\/mekulo.com\/se\/produkt\/kabelanslutningar-for-lagspanningslandskapsledningar\/#breadcrumb\"},\"inLanguage\":\"sv-SE\",\"potentialAction\":[{\"@type\":\"ReadAction\",\"target\":[\"https:\/\/mekulo.com\/se\/produkt\/kabelanslutningar-for-lagspanningslandskapsledningar\/\"]}]},{\"@type\":\"ImageObject\",\"inLanguage\":\"sv-SE\",\"@id\":\"https:\/\/mekulo.com\/se\/produkt\/kabelanslutningar-for-lagspanningslandskapsledningar\/#primaryimage\",\"url\":\"https:\/\/mekulo.com\/se\/wp-content\/uploads\/sites\/11\/2026\/01\/xyo8kwr-1.jpg\",\"contentUrl\":\"https:\/\/mekulo.com\/se\/wp-content\/uploads\/sites\/11\/2026\/01\/xyo8kwr-1.jpg\",\"width\":960,\"height\":960},{\"@type\":\"BreadcrumbList\",\"@id\":\"https:\/\/mekulo.com\/se\/produkt\/kabelanslutningar-for-lagspanningslandskapsledningar\/#breadcrumb\",\"itemListElement\":[{\"@type\":\"ListItem\",\"position\":1,\"name\":\"Home\",\"item\":\"https:\/\/mekulo.com\/se\/\"},{\"@type\":\"ListItem\",\"position\":2,\"name\":\"Butik\",\"item\":\"https:\/\/mekulo.com\/se\/butik\/\"},{\"@type\":\"ListItem\",\"position\":3,\"name\":\"Kabelanslutningar f\u00f6r l\u00e5gsp\u00e4nningslandskapsledningar\"}]},{\"@type\":\"WebSite\",\"@id\":\"https:\/\/mekulo.com\/se\/#website\",\"url\":\"https:\/\/mekulo.com\/se\/\",\"name\":\"Mekulo SE\",\"description\":\"\",\"publisher\":{\"@id\":\"https:\/\/mekulo.com\/se\/#organization\"},\"potentialAction\":[{\"@type\":\"SearchAction\",\"target\":{\"@type\":\"EntryPoint\",\"urlTemplate\":\"https:\/\/mekulo.com\/se\/?s={search_term_string}\"},\"query-input\":{\"@type\":\"PropertyValueSpecification\",\"valueRequired\":true,\"valueName\":\"search_term_string\"}}],\"inLanguage\":\"sv-SE\"},{\"@type\":\"Organization\",\"@id\":\"https:\/\/mekulo.com\/se\/#organization\",\"name\":\"Mekulo\",\"url\":\"https:\/\/mekulo.com\/se\/\",\"logo\":{\"@type\":\"ImageObject\",\"inLanguage\":\"sv-SE\",\"@id\":\"https:\/\/mekulo.com\/se\/#\/schema\/logo\/image\/\",\"url\":\"https:\/\/mekulo.com\/se\/wp-content\/uploads\/sites\/11\/2025\/12\/favicon_mekulo.png\",\"contentUrl\":\"https:\/\/mekulo.com\/se\/wp-content\/uploads\/sites\/11\/2025\/12\/favicon_mekulo.png\",\"width\":50,\"height\":50,\"caption\":\"Mekulo\"},\"image\":{\"@id\":\"https:\/\/mekulo.com\/se\/#\/schema\/logo\/image\/\"}}]}<\/script>\n<!-- \/ Yoast SEO plugin. -->","yoast_head_json":{"title":"Kabelanslutningar f\u00f6r l\u00e5gsp\u00e4nningslandskapsledningar - Mekulo SE","robots":{"index":"index","follow":"follow","max-snippet":"max-snippet:-1","max-image-preview":"max-image-preview:large","max-video-preview":"max-video-preview:-1"},"canonical":"https:\/\/mekulo.com\/se\/produkt\/kabelanslutningar-for-lagspanningslandskapsledningar\/","og_locale":"sv_SE","og_type":"article","og_title":"Kabelanslutningar f\u00f6r l\u00e5gsp\u00e4nningslandskapsledningar - Mekulo SE","og_description":"\u26a1De h\u00e4r l\u00e5gsp\u00e4nningsanslutningarna f\u00f6r landskapsbelysning g\u00f6r kabeldragningen enkel och tillf\u00f6rlitlig f\u00f6r b\u00e5de inomhus- och utomhusbelysningsprojekt. \ud83d\udd27Med en skruvt\u00e4t fastl\u00e5sdesign och genomtr\u00e4ngande stift skapar de en stark elektrisk anslutning utan att kapa, avisolera eller krympa ledningar. \ud83d\udca6En snabb, v\u00e4derbest\u00e4ndig och problemfri l\u00f6sning f\u00f6r anslutning av din landskapsbelysning.","og_url":"https:\/\/mekulo.com\/se\/produkt\/kabelanslutningar-for-lagspanningslandskapsledningar\/","og_site_name":"Mekulo SE","article_modified_time":"2026-02-10T09:09:06+00:00","og_image":[{"width":960,"height":960,"url":"https:\/\/mekulo.com\/se\/wp-content\/uploads\/sites\/11\/2026\/01\/xyo8kwr-1.jpg","type":"image\/jpeg"}],"twitter_card":"summary_large_image","twitter_misc":{"Ber\u00e4knad l\u00e4stid":"2 minuter"},"schema":{"@context":"https:\/\/schema.org","@graph":[{"@type":"WebPage","@id":"https:\/\/mekulo.com\/se\/produkt\/kabelanslutningar-for-lagspanningslandskapsledningar\/","url":"https:\/\/mekulo.com\/se\/produkt\/kabelanslutningar-for-lagspanningslandskapsledningar\/","name":"Kabelanslutningar f\u00f6r l\u00e5gsp\u00e4nningslandskapsledningar - Mekulo SE","isPartOf":{"@id":"https:\/\/mekulo.com\/se\/#website"},"primaryImageOfPage":{"@id":"https:\/\/mekulo.com\/se\/produkt\/kabelanslutningar-for-lagspanningslandskapsledningar\/#primaryimage"},"image":{"@id":"https:\/\/mekulo.com\/se\/produkt\/kabelanslutningar-for-lagspanningslandskapsledningar\/#primaryimage"},"thumbnailUrl":"https:\/\/mekulo.com\/se\/wp-content\/uploads\/sites\/11\/2026\/01\/xyo8kwr-1.jpg","datePublished":"2026-01-28T14:21:54+00:00","dateModified":"2026-02-10T09:09:06+00:00","breadcrumb":{"@id":"https:\/\/mekulo.com\/se\/produkt\/kabelanslutningar-for-lagspanningslandskapsledningar\/#breadcrumb"},"inLanguage":"sv-SE","potentialAction":[{"@type":"ReadAction","target":["https:\/\/mekulo.com\/se\/produkt\/kabelanslutningar-for-lagspanningslandskapsledningar\/"]}]},{"@type":"ImageObject","inLanguage":"sv-SE","@id":"https:\/\/mekulo.com\/se\/produkt\/kabelanslutningar-for-lagspanningslandskapsledningar\/#primaryimage","url":"https:\/\/mekulo.com\/se\/wp-content\/uploads\/sites\/11\/2026\/01\/xyo8kwr-1.jpg","contentUrl":"https:\/\/mekulo.com\/se\/wp-content\/uploads\/sites\/11\/2026\/01\/xyo8kwr-1.jpg","width":960,"height":960},{"@type":"BreadcrumbList","@id":"https:\/\/mekulo.com\/se\/produkt\/kabelanslutningar-for-lagspanningslandskapsledningar\/#breadcrumb","itemListElement":[{"@type":"ListItem","position":1,"name":"Home","item":"https:\/\/mekulo.com\/se\/"},{"@type":"ListItem","position":2,"name":"Butik","item":"https:\/\/mekulo.com\/se\/butik\/"},{"@type":"ListItem","position":3,"name":"Kabelanslutningar f\u00f6r l\u00e5gsp\u00e4nningslandskapsledningar"}]},{"@type":"WebSite","@id":"https:\/\/mekulo.com\/se\/#website","url":"https:\/\/mekulo.com\/se\/","name":"Mekulo SE","description":"","publisher":{"@id":"https:\/\/mekulo.com\/se\/#organization"},"potentialAction":[{"@type":"SearchAction","target":{"@type":"EntryPoint","urlTemplate":"https:\/\/mekulo.com\/se\/?s={search_term_string}"},"query-input":{"@type":"PropertyValueSpecification","valueRequired":true,"valueName":"search_term_string"}}],"inLanguage":"sv-SE"},{"@type":"Organization","@id":"https:\/\/mekulo.com\/se\/#organization","name":"Mekulo","url":"https:\/\/mekulo.com\/se\/","logo":{"@type":"ImageObject","inLanguage":"sv-SE","@id":"https:\/\/mekulo.com\/se\/#\/schema\/logo\/image\/","url":"https:\/\/mekulo.com\/se\/wp-content\/uploads\/sites\/11\/2025\/12\/favicon_mekulo.png","contentUrl":"https:\/\/mekulo.com\/se\/wp-content\/uploads\/sites\/11\/2025\/12\/favicon_mekulo.png","width":50,"height":50,"caption":"Mekulo"},"image":{"@id":"https:\/\/mekulo.com\/se\/#\/schema\/logo\/image\/"}}]}},"_links":{"self":[{"href":"https:\/\/mekulo.com\/se\/wp-json\/wp\/v2\/product\/19417","targetHints":{"allow":["GET"]}}],"collection":[{"href":"https:\/\/mekulo.com\/se\/wp-json\/wp\/v2\/product"}],"about":[{"href":"https:\/\/mekulo.com\/se\/wp-json\/wp\/v2\/types\/product"}],"replies":[{"embeddable":true,"href":"https:\/\/mekulo.com\/se\/wp-json\/wp\/v2\/comments?post=19417"}],"wp:featuredmedia":[{"embeddable":true,"href":"https:\/\/mekulo.com\/se\/wp-json\/wp\/v2\/media\/19413"}],"wp:attachment":[{"href":"https:\/\/mekulo.com\/se\/wp-json\/wp\/v2\/media?parent=19417"}],"wp:term":[{"taxonomy":"product_brand","embeddable":true,"href":"https:\/\/mekulo.com\/se\/wp-json\/wp\/v2\/product_brand?post=19417"},{"taxonomy":"product_cat","embeddable":true,"href":"https:\/\/mekulo.com\/se\/wp-json\/wp\/v2\/product_cat?post=19417"},{"taxonomy":"product_tag","embeddable":true,"href":"https:\/\/mekulo.com\/se\/wp-json\/wp\/v2\/product_tag?post=19417"}],"curies":[{"name":"wp","href":"https:\/\/api.w.org\/{rel}","templated":true}]}}